{"id":24608,"date":"2014-04-08T15:29:09","date_gmt":"2014-04-08T13:29:09","guid":{"rendered":"http:\/\/www.serbia.com\/?page_id=24608"},"modified":"2024-10-20T19:58:12","modified_gmt":"2024-10-20T17:58:12","slug":"vrnjacka-banja","status":"publish","type":"page","link":"https:\/\/serbia.com\/srpski\/posetite-srbiju\/prirodne-lepote\/banje\/vrnjacka-banja\/","title":{"rendered":"Vrnja\u010dka Banja"},"content":{"rendered":"<h4>Poznata od davnina kao steci\u0161te aristokratije, Vrnja\u010dka banja je le\u010dili\u0161te u srcu Srbije i danas omiljeno zbog svojih lekovitih izvora.<\/h4>\n<p>Sada\u0161nje ime Vrnja\u010dka banja je dobila po imenu sela Vrnjci, u \u010dijem su ataru otkriveni mineralni izvori. Nalazi se u centralnom delu Srbije, 200 kilometara ju\u017eno od <a title=\"Beograd\" href=\"http:\/\/www.serbia.com\/srpski\/posetite-srbiju\/gradovi\/beograd\/\" target=\"_blank\" rel=\"noopener\">Beograda<\/a>, na \u0161umovitim obroncima planine <a href=\"http:\/\/www.serbia.com\/srpski\/37789\/\" target=\"_blank\" rel=\"noopener\">Go\u010d<\/a> i u dolinama Vrnja\u010dke i Lipova\u010dke reke.<\/p>\n<p>Karakteri\u0161e je umereno-kontinentalna klima, a raspola\u017ee sa sedam mineralnih izvora, od kojih se \u010detiri koriste za balneolo\u0161ku terapiju.<\/p>\n<p><a title=\"Istorija\" href=\"http:\/\/www.serbia.com\/srpski\/o-srbiji\/istorija\/\">Istorija<\/a> ka\u017ee da su vrnja\u010dki mineralni izvori otkriveni jo\u0161 u dalekoj pro\u0161losti kad su ove prostore naseljavali keltski Skordisci.<\/p>\n<p>Na osnovu prona\u0111enih arheolo\u0161kih materijala, vrnja\u010dke mineralne vode kori\u0161\u0107ene jo\u0161 u anti\u010dkom dobu a na vrnja\u010dkom toplom mineralnom izvoru Rimljani su na izgradili le\u010dili\u0161te Aquae Orcinae, koje su pose\u0107ivali legionari i aristokratija. Do danas su o\u010duvani ostaci bazena i termi iz anti\u010dkog perioda.<\/p>\n<p>Legenda ka\u017ee da je Vrnja\u010dka banja kao lekovita bila poznata i u vreme turske vladavine, jer su spahije ovde dolazile tra\u017ee\u0107i da ih raja hrani i slu\u017ei. Da bi izbegao slu\u017eenje agama i begovima, narod je izvore zatrpavao.<\/p>\n<p>Moderna istorija banje po\u010dinje tek 1868. godine kada Pavle Mutavd\u017ei\u0107, tada\u0161nji okru\u017eni na\u010delnik u <a href=\"http:\/\/www.serbia.com\/srpski\/posetite-srbiju\/gradovi\/krusevac-grad-kneza-lazara-okruzen-drevnim-manastirima\/\" target=\"_blank\" rel=\"noopener\">Kru\u0161evcu<\/a>, sa nekoliko vi\u0111enijih ljudi formira \u201cOsnovatelno fundatorsko dru\u0161tvo kiselo-vru\u0107e vode u Vrnjcima\u201d.<\/p>\n<p>Otkupljeno je zemlji\u0161te, izvr\u0161ena kapta\u017ea terena, izgra\u0111en bazen za kupanje, postavljene su \u010desme tople i hladne vode.<\/p>\n<p>Vrnja\u010dka banja je 1883. godine progla\u0161ena dr\u017eavnom, a prvu zvani\u010dnu sezonu je otvorio srpski knez Mihailo (1867) kada banja postaje elitno letovali\u0161te.<\/p>\n<p><strong>Topli i hladni mineralni izvori, u sprezi sa savremenom medicinom<\/strong>, le\u010de obolenja organa za varenje, \u0161e\u0107ernu bolest, obolenja bubrega i mokra\u0107nih puteva, kardio-vaskularne bolesti\u2026<\/p>\n<p>Zbog svojih blagotvornih dejstava mineralne vode, Vrnja\u010dka banja i njeni izvori preporu\u010duju se i zdravim osobama radi vitalnosti i zdravog na\u010dina \u017eivota.<\/p>\n<p>Ovde se nalaze najpose\u0107enija banjska le\u010dili\u0161ta u Srbiji, a osim njih banja raspola\u017ee i brojnim sportsko-rekreativnim objektima i terenima.<\/p>\n<p>Manifestacija koje se u Vrnja\u010dkoj banji ne sme propustiti je svakako <a href=\"http:\/\/www.serbia.com\/srpski\/posetite-srbiju\/kulturne-atrakcije\/festivali-i-manifestacije\/vrnjacki-karneval\/\" target=\"_blank\" rel=\"noopener\">Vrnja\u010dki karneval<\/a>, a organizuju se i Festival filmskog scenarija, Letnji filmski maraton i Veliki poetski susret.<\/p>\n<p>Vrnja\u010dki karneval se odr\u017eava u julu, kada se tokom nedelju dana organizuju brojni maskenbali, izlo\u017ebe, koncerti i pozori\u0161ne predstave.<\/p>\n<p>Poseta banji mo\u017ee se upotpuniti obilaskom nekog od <strong><a href=\"http:\/\/www.serbia.com\/srpski\/posetite-srbiju\/kulturne-atrakcije\/manastiri-i-crkve\/\" target=\"_blank\" rel=\"noopener\">srednjovekovnih manastira<\/a> u okolini<\/strong>. Du\u017e Ibarske kotline nalaze se manastiri <a href=\"http:\/\/www.serbia.com\/srpski\/posetite-srbiju\/kulturne-atrakcije\/manastiri-i-crkve\/studenica-manastir-dragocenih-fresaka\/\" target=\"_blank\" rel=\"noopener\">Studenica<\/a>, <a href=\"http:\/\/www.serbia.com\/srpski\/manastir-zica-pet-dobrih-razloga-zbog-kojih-je-treba-posetiti\/\" target=\"_blank\" rel=\"noopener\">\u017di\u010da<\/a>, Gradac, <a href=\"http:\/\/www.serbia.com\/srpski\/posetite-srbiju\/kulturne-atrakcije\/manastiri-i-crkve\/manastir-durdevi-stupovi\/\" target=\"_blank\" rel=\"noopener\">\u0110ur\u0111evi Stupovi<\/a> i <a href=\"http:\/\/www.serbia.com\/srpski\/posetite-srbiju\/kulturne-atrakcije\/manastiri-i-crkve\/manastir-sopocani\/\" target=\"_blank\" rel=\"noopener\">Sopo\u0107ani<\/a>.<\/p>\n<p>Tako\u0111e, poseta srednjovekovnim utvr\u0111enjima Ras, <a href=\"https:\/\/serbia.com\/srpski\/posetite-srbiju\/kulturne-atrakcije\/dvorci-i-tvrdave\/tvrdava-maglic-misteriozni-vremeplov-iz-13-veka\/\">Magli\u010d<\/a> i Koznik predstavlja nezaboravno iskustvo. Sama Vrnja\u010dka banja u sebi skriva veli\u010danstvenu<strong> palatu Belimarkovi\u0107<\/strong> u kojoj se nalazi <strong>Zavi\u010dajni muzej Vrnja\u010dke Banje<\/strong> i okoline.<\/p>\n<h4>Gde je Vrnja\u010dka banja i kako do nje sti\u0107i?<\/h4>\n<p>Ukoliko idete automobilom iz pravca Beograda, do Vrnja\u010dke Banje mo\u017eete do\u0107i magistralnim putem <a href=\"http:\/\/www.serbia.com\/srpski\/posetite-srbiju\/gradovi\/beograd\/\" target=\"_blank\" rel=\"noopener\">Beograd<\/a>-Kraljevo i autoputem Beograd-<a href=\"http:\/\/www.serbia.com\/srpski\/posetite-srbiju\/gradovi\/nis\/\" target=\"_blank\" rel=\"noopener\">Ni\u0161<\/a>-Skoplje, preko Pojata. Du\u017eina puta je oko 200 km.<\/p>\n<p>Ukoliko dolazite autobusom, iz svih ve\u0107ih gradova Srbije, postoje polasci ka Vrnja\u010dkoj Banji. Tako\u0111e, mo\u017eete do\u0107i do <a href=\"http:\/\/www.serbia.com\/srpski\/posetite-srbiju\/gradovi\/kraljevo-grad-sedam-kraljeva\/\" target=\"_blank\" rel=\"noopener\">Kraljeva<\/a>, pa uzeti lokalni autobus do Banje, a razdaljina je 30 km.<\/p>\n","protected":false},"excerpt":{"rendered":"<p>Poznata od davnina kao steci\u0161te aristokratije, Vrnja\u010dka banja je le\u010dili\u0161te u srcu Srbije i danas omiljeno zbog svojih lekovitih izvora. Sada\u0161nje ime Vrnja\u010dka banja je dobila po imenu sela Vrnjci, [&hellip;]<\/p>\n","protected":false},"author":17,"featured_media":30235,"parent":20468,"menu_order":0,"comment_status":"closed","ping_status":"closed","template":"","meta":{"_acf_changed":false,"inline_featured_image":false,"_monsterinsights_skip_tracking":false,"_monsterinsights_sitenote_active":false,"_monsterinsights_sitenote_note":"","_monsterinsights_sitenote_category":0,"footnotes":""},"categories":[1657],"tags":[],"class_list":["post-24608","page","type-page","status-publish","has-post-thumbnail","hentry","category-banje"],"acf":[],"yoast_head":"<!-- This site is optimized with the Yoast SEO plugin v23.8 - https:\/\/yoast.com\/wordpress\/plugins\/seo\/ -->\n<title>Vrnja\u010dka Banja Serbia<\/title>\n<meta name=\"robots\" content=\"index, follow, max-snippet:-1, max-image-preview:large, max-video-preview:-1\" \/>\n<link rel=\"canonical\" href=\"https:\/\/serbia.com\/srpski\/posetite-srbiju\/prirodne-lepote\/banje\/vrnjacka-banja\/\" \/>\n<meta property=\"og:locale\" content=\"en_US\" \/>\n<meta property=\"og:type\" content=\"article\" \/>\n<meta property=\"og:title\" content=\"Vrnja\u010dka Banja Serbia\" \/>\n<meta property=\"og:description\" content=\"Poznata od davnina kao steci\u0161te aristokratije, Vrnja\u010dka banja je le\u010dili\u0161te u srcu Srbije i danas omiljeno zbog svojih lekovitih izvora. Sada\u0161nje ime Vrnja\u010dka banja je dobila po imenu sela Vrnjci, [&hellip;]\" \/>\n<meta property=\"og:url\" content=\"https:\/\/serbia.com\/srpski\/posetite-srbiju\/prirodne-lepote\/banje\/vrnjacka-banja\/\" \/>\n<meta property=\"og:site_name\" content=\"Serbia.com\" \/>\n<meta property=\"article:modified_time\" content=\"2024-10-20T17:58:12+00:00\" \/>\n<meta property=\"og:image\" content=\"https:\/\/serbia.com\/wp-content\/uploads\/2014\/04\/spomenik-foto-Djordje-Petrovic-Richiserbia.jpg\" \/>\n\t<meta property=\"og:image:width\" content=\"1600\" \/>\n\t<meta property=\"og:image:height\" content=\"674\" \/>\n\t<meta property=\"og:image:type\" content=\"image\/jpeg\" \/>\n<meta name=\"twitter:label1\" content=\"Est. reading time\" \/>\n\t<meta name=\"twitter:data1\" content=\"3 minutes\" \/>\n<script type=\"application\/ld+json\" class=\"yoast-schema-graph\">{\"@context\":\"https:\/\/schema.org\",\"@graph\":[{\"@type\":\"WebPage\",\"@id\":\"https:\/\/serbia.com\/srpski\/posetite-srbiju\/prirodne-lepote\/banje\/vrnjacka-banja\/\",\"url\":\"https:\/\/serbia.com\/srpski\/posetite-srbiju\/prirodne-lepote\/banje\/vrnjacka-banja\/\",\"name\":\"Vrnja\u010dka Banja Serbia\",\"isPartOf\":{\"@id\":\"https:\/\/serbia.com\/#website\"},\"primaryImageOfPage\":{\"@id\":\"https:\/\/serbia.com\/srpski\/posetite-srbiju\/prirodne-lepote\/banje\/vrnjacka-banja\/#primaryimage\"},\"image\":{\"@id\":\"https:\/\/serbia.com\/srpski\/posetite-srbiju\/prirodne-lepote\/banje\/vrnjacka-banja\/#primaryimage\"},\"thumbnailUrl\":\"https:\/\/serbia.com\/wp-content\/uploads\/2014\/04\/spomenik-foto-Djordje-Petrovic-Richiserbia.jpg\",\"datePublished\":\"2014-04-08T13:29:09+00:00\",\"dateModified\":\"2024-10-20T17:58:12+00:00\",\"breadcrumb\":{\"@id\":\"https:\/\/serbia.com\/srpski\/posetite-srbiju\/prirodne-lepote\/banje\/vrnjacka-banja\/#breadcrumb\"},\"inLanguage\":\"srpski\",\"potentialAction\":[{\"@type\":\"ReadAction\",\"target\":[\"https:\/\/serbia.com\/srpski\/posetite-srbiju\/prirodne-lepote\/banje\/vrnjacka-banja\/\"]}]},{\"@type\":\"ImageObject\",\"inLanguage\":\"srpski\",\"@id\":\"https:\/\/serbia.com\/srpski\/posetite-srbiju\/prirodne-lepote\/banje\/vrnjacka-banja\/#primaryimage\",\"url\":\"https:\/\/serbia.com\/wp-content\/uploads\/2014\/04\/spomenik-foto-Djordje-Petrovic-Richiserbia.jpg\",\"contentUrl\":\"https:\/\/serbia.com\/wp-content\/uploads\/2014\/04\/spomenik-foto-Djordje-Petrovic-Richiserbia.jpg\",\"width\":1600,\"height\":674},{\"@type\":\"BreadcrumbList\",\"@id\":\"https:\/\/serbia.com\/srpski\/posetite-srbiju\/prirodne-lepote\/banje\/vrnjacka-banja\/#breadcrumb\",\"itemListElement\":[{\"@type\":\"ListItem\",\"position\":1,\"name\":\"Home\",\"item\":\"https:\/\/serbia.com\/srpski\/\"},{\"@type\":\"ListItem\",\"position\":2,\"name\":\"Poseti Srbiju\",\"item\":\"https:\/\/serbia.com\/srpski\/posetite-srbiju\/\"},{\"@type\":\"ListItem\",\"position\":3,\"name\":\"Prirodne lepote\",\"item\":\"https:\/\/serbia.com\/srpski\/posetite-srbiju\/prirodne-lepote\/\"},{\"@type\":\"ListItem\",\"position\":4,\"name\":\"Banje\",\"item\":\"https:\/\/serbia.com\/srpski\/posetite-srbiju\/prirodne-lepote\/banje\/\"},{\"@type\":\"ListItem\",\"position\":5,\"name\":\"Vrnja\u010dka Banja\"}]},{\"@type\":\"WebSite\",\"@id\":\"https:\/\/serbia.com\/#website\",\"url\":\"https:\/\/serbia.com\/\",\"name\":\"Serbia.com\",\"description\":\"Your Gateway to Serbia\",\"potentialAction\":[{\"@type\":\"SearchAction\",\"target\":{\"@type\":\"EntryPoint\",\"urlTemplate\":\"https:\/\/serbia.com\/?s={search_term_string}\"},\"query-input\":{\"@type\":\"PropertyValueSpecification\",\"valueRequired\":true,\"valueName\":\"search_term_string\"}}],\"inLanguage\":\"srpski\"}]}<\/script>\n<!-- \/ Yoast SEO plugin. -->","yoast_head_json":{"title":"Vrnja\u010dka Banja Serbia","robots":{"index":"index","follow":"follow","max-snippet":"max-snippet:-1","max-image-preview":"max-image-preview:large","max-video-preview":"max-video-preview:-1"},"canonical":"https:\/\/serbia.com\/srpski\/posetite-srbiju\/prirodne-lepote\/banje\/vrnjacka-banja\/","og_locale":"en_US","og_type":"article","og_title":"Vrnja\u010dka Banja Serbia","og_description":"Poznata od davnina kao steci\u0161te aristokratije, Vrnja\u010dka banja je le\u010dili\u0161te u srcu Srbije i danas omiljeno zbog svojih lekovitih izvora. Sada\u0161nje ime Vrnja\u010dka banja je dobila po imenu sela Vrnjci, [&hellip;]","og_url":"https:\/\/serbia.com\/srpski\/posetite-srbiju\/prirodne-lepote\/banje\/vrnjacka-banja\/","og_site_name":"Serbia.com","article_modified_time":"2024-10-20T17:58:12+00:00","og_image":[{"width":1600,"height":674,"url":"https:\/\/serbia.com\/wp-content\/uploads\/2014\/04\/spomenik-foto-Djordje-Petrovic-Richiserbia.jpg","type":"image\/jpeg"}],"twitter_misc":{"Est. reading time":"3 minutes"},"schema":{"@context":"https:\/\/schema.org","@graph":[{"@type":"WebPage","@id":"https:\/\/serbia.com\/srpski\/posetite-srbiju\/prirodne-lepote\/banje\/vrnjacka-banja\/","url":"https:\/\/serbia.com\/srpski\/posetite-srbiju\/prirodne-lepote\/banje\/vrnjacka-banja\/","name":"Vrnja\u010dka Banja Serbia","isPartOf":{"@id":"https:\/\/serbia.com\/#website"},"primaryImageOfPage":{"@id":"https:\/\/serbia.com\/srpski\/posetite-srbiju\/prirodne-lepote\/banje\/vrnjacka-banja\/#primaryimage"},"image":{"@id":"https:\/\/serbia.com\/srpski\/posetite-srbiju\/prirodne-lepote\/banje\/vrnjacka-banja\/#primaryimage"},"thumbnailUrl":"https:\/\/serbia.com\/wp-content\/uploads\/2014\/04\/spomenik-foto-Djordje-Petrovic-Richiserbia.jpg","datePublished":"2014-04-08T13:29:09+00:00","dateModified":"2024-10-20T17:58:12+00:00","breadcrumb":{"@id":"https:\/\/serbia.com\/srpski\/posetite-srbiju\/prirodne-lepote\/banje\/vrnjacka-banja\/#breadcrumb"},"inLanguage":"srpski","potentialAction":[{"@type":"ReadAction","target":["https:\/\/serbia.com\/srpski\/posetite-srbiju\/prirodne-lepote\/banje\/vrnjacka-banja\/"]}]},{"@type":"ImageObject","inLanguage":"srpski","@id":"https:\/\/serbia.com\/srpski\/posetite-srbiju\/prirodne-lepote\/banje\/vrnjacka-banja\/#primaryimage","url":"https:\/\/serbia.com\/wp-content\/uploads\/2014\/04\/spomenik-foto-Djordje-Petrovic-Richiserbia.jpg","contentUrl":"https:\/\/serbia.com\/wp-content\/uploads\/2014\/04\/spomenik-foto-Djordje-Petrovic-Richiserbia.jpg","width":1600,"height":674},{"@type":"BreadcrumbList","@id":"https:\/\/serbia.com\/srpski\/posetite-srbiju\/prirodne-lepote\/banje\/vrnjacka-banja\/#breadcrumb","itemListElement":[{"@type":"ListItem","position":1,"name":"Home","item":"https:\/\/serbia.com\/srpski\/"},{"@type":"ListItem","position":2,"name":"Poseti Srbiju","item":"https:\/\/serbia.com\/srpski\/posetite-srbiju\/"},{"@type":"ListItem","position":3,"name":"Prirodne lepote","item":"https:\/\/serbia.com\/srpski\/posetite-srbiju\/prirodne-lepote\/"},{"@type":"ListItem","position":4,"name":"Banje","item":"https:\/\/serbia.com\/srpski\/posetite-srbiju\/prirodne-lepote\/banje\/"},{"@type":"ListItem","position":5,"name":"Vrnja\u010dka Banja"}]},{"@type":"WebSite","@id":"https:\/\/serbia.com\/#website","url":"https:\/\/serbia.com\/","name":"Serbia.com","description":"Your Gateway to Serbia","potentialAction":[{"@type":"SearchAction","target":{"@type":"EntryPoint","urlTemplate":"https:\/\/serbia.com\/?s={search_term_string}"},"query-input":{"@type":"PropertyValueSpecification","valueRequired":true,"valueName":"search_term_string"}}],"inLanguage":"srpski"}]}},"_links":{"self":[{"href":"https:\/\/serbia.com\/srpski\/wp-json\/wp\/v2\/pages\/24608"}],"collection":[{"href":"https:\/\/serbia.com\/srpski\/wp-json\/wp\/v2\/pages"}],"about":[{"href":"https:\/\/serbia.com\/srpski\/wp-json\/wp\/v2\/types\/page"}],"author":[{"embeddable":true,"href":"https:\/\/serbia.com\/srpski\/wp-json\/wp\/v2\/users\/17"}],"replies":[{"embeddable":true,"href":"https:\/\/serbia.com\/srpski\/wp-json\/wp\/v2\/comments?post=24608"}],"version-history":[{"count":1,"href":"https:\/\/serbia.com\/srpski\/wp-json\/wp\/v2\/pages\/24608\/revisions"}],"predecessor-version":[{"id":55741,"href":"https:\/\/serbia.com\/srpski\/wp-json\/wp\/v2\/pages\/24608\/revisions\/55741"}],"up":[{"embeddable":true,"href":"https:\/\/serbia.com\/srpski\/wp-json\/wp\/v2\/pages\/20468"}],"wp:featuredmedia":[{"embeddable":true,"href":"https:\/\/serbia.com\/srpski\/wp-json\/wp\/v2\/media\/30235"}],"wp:attachment":[{"href":"https:\/\/serbia.com\/srpski\/wp-json\/wp\/v2\/media?parent=24608"}],"wp:term":[{"taxonomy":"category","embeddable":true,"href":"https:\/\/serbia.com\/srpski\/wp-json\/wp\/v2\/categories?post=24608"},{"taxonomy":"post_tag","embeddable":true,"href":"https:\/\/serbia.com\/srpski\/wp-json\/wp\/v2\/tags?post=24608"}],"curies":[{"name":"wp","href":"https:\/\/api.w.org\/{rel}","templated":true}]}}