{"id":22545,"date":"2014-03-16T02:58:23","date_gmt":"2014-03-16T01:58:23","guid":{"rendered":"http:\/\/www.serbia.com\/?page_id=22545"},"modified":"2024-10-20T20:20:45","modified_gmt":"2024-10-20T18:20:45","slug":"provedi-se","status":"publish","type":"page","link":"https:\/\/serbia.com\/srpski\/posetite-srbiju\/provedi-se\/","title":{"rendered":"Provedi se"},"content":{"rendered":"<p>Uzbudljiv <a href=\"http:\/\/www.serbia.com\/srpski\/posetite-srbiju\/provedi-se\/ekstremni-sport\/rafting-spust-niz-divlje-reke\/\" target=\"_blank\" rel=\"noopener\">rafting<\/a> divljim rekama, vo\u017enja <a href=\"http:\/\/www.serbia.com\/srpski\/posetite-srbiju\/provedi-se\/rekreacija\/biciklizam-mali-napor-za-veliki-uzitak\/\" target=\"_blank\" rel=\"noopener\">bicikla<\/a> po \u017eivopisnim krajolicima netaknute prirode, <a href=\"http:\/\/www.serbia.com\/srpski\/posetite-srbiju\/provedi-se\/soping\/\" target=\"_blank\" rel=\"noopener\">\u0161opin<\/a>g, degustacija najkvalitenijih <a href=\"http:\/\/www.serbia.com\/srpski\/posetite-srbiju\/provedi-se\/vinski-putevi\/\" target=\"_blank\" rel=\"noopener\">vina<\/a> ili lud provod do ranih jutarnjih \u010dasova? Srbija vam nudi najraznovrsnije mogu\u0107nosti za nezaboravan provod i putovanje koje \u0107ete dugo pamtiti!<\/p>\n<p>Na\u0161a zemlja poznata je kao \u201esportska nacija\u201c ili dr\u017eava sa velikim brojem sportskih uspeha. Ovde \u0107ete imati priliku da se oprobate u raznim sportskim aktivnostima i atrakcijama. Samo se na poznatom beogradskom moru \u2013 <a href=\"http:\/\/www.serbia.com\/srpski\/posetite-srbiju\/prirodne-lepote\/reke-i-jezera\/ada-ciganlija-beogradsko-more\/\" target=\"_blank\" rel=\"noopener\">Adi Ciganliji<\/a>, nalazi preko pedeset sportskih terena, a \u0161irom Srbije popularni su razli\u010diti ekstremni i rekreativni sportovi. Ukoliko niste imali \u0161ansu da u\u017eivate u <a href=\"http:\/\/www.serbia.com\/srpski\/posetite-srbiju\/provedi-se\/rekreacija\/planinarenje-i-pesacenje\/\" target=\"_blank\" rel=\"noopener\">planinarenju<\/a>, <a href=\"http:\/\/www.serbia.com\/srpski\/posetite-srbiju\/provedi-se\/ekstremni-sport\/paraglajding-tako-blizu-sna-o-letenju\/\" target=\"_blank\" rel=\"noopener\">paraglajdingu<\/a>, skijanju, raftingu, <a href=\"http:\/\/www.serbia.com\/srpski\/posetite-srbiju\/provedi-se\/ekstremni-sport\/padobranstvo-bezbednije-od-svakodnevnice\/\" target=\"_blank\" rel=\"noopener\">padobranstvu<\/a> ili biciklizmu, onda je sada pravo vreme da to i u\u010dinite!<\/p>\n<p>Za sve one koji su ljubitelji \u0161opinga, obilazaka restorana i degustacije kvalitetnih vina, Srbija tako\u0111e ima dosta toga da ponudi. Tr\u017eni centri sa raznovrsnom ponudom doma\u0107ih i svetskih brendova, ali i mnogobrojni butici na popularnim destinacijama za \u0161oping, pravi su raj za sve kupoholi\u010dare! Tu su i brojni <a href=\"http:\/\/www.serbia.com\/srpski\/posetite-srbiju\/provedi-se\/restorani-i-barovi\/\" target=\"_blank\" rel=\"noopener\">restorani i barovi<\/a>, po kojima su prestonica, ali i gradovi \u0161irom Srbije nadaleko poznati. Od tradicionalne i internacionalne <a href=\"http:\/\/www.serbia.com\/srpski\/o-srbiji\/tradicionalna-kuhinja\/\" target=\"_blank\" rel=\"noopener\">kuhinje<\/a>, preko etno i modernog ambijenta, ova mesta nikako ne smete propustiti da obi\u0111ete. Isto va\u017ei i za devet <a href=\"http:\/\/www.serbia.com\/srpski\/posetite-srbiju\/provedi-se\/vinski-putevi\/\" target=\"_blank\" rel=\"noopener\">vinskih puteva<\/a>, koji kriju preko 700 vrsta najkvalitetnijih vina. Od krajnjeg severa pa sve do juga Srbije, nalaze se vinarije i vinski podrumi sa interesantnim ambijentom, gostoprimljivim doma\u0107inima i vinima od najsla\u0111eg gro\u017e\u0111a koje jednostavno morate da probate!<\/p>\n<p>Ono \u0161to razlikuje Srbiju, a posebno njen glavni grad od drugih evropskih mesta za no\u0107ne izlaske, jeste nezaboravan provod. U <a href=\"http:\/\/www.serbia.com\/srpski\/posetite-srbiju\/gradovi\/beograd\/\" target=\"_blank\" rel=\"noopener\">Beogradu<\/a>, gradu koji nikada ne spava, o\u010dekuje vas sjajna atmosfera, \u0111uskanje do zore i mnogo dobre <a href=\"http:\/\/www.serbia.com\/srpski\/o-srbiji\/kultura\/muzika\/\" target=\"_blank\" rel=\"noopener\">muzike<\/a>. Od <a href=\"http:\/\/www.serbia.com\/srpski\/posetite-srbiju\/provedi-se\/nocni-zivot\/nocni-klubovi\/\" target=\"_blank\" rel=\"noopener\">klubova<\/a>, preko <a href=\"http:\/\/www.serbia.com\/srpski\/posetite-srbiju\/provedi-se\/nocni-zivot\/splavovi-epicentri-dobrog-provoda\/\" target=\"_blank\" rel=\"noopener\">splavova<\/a> do <a href=\"http:\/\/www.serbia.com\/srpski\/posetite-srbiju\/provedi-se\/nocni-zivot\/kafana-centar-zivota-u-srbiji\/\" target=\"_blank\" rel=\"noopener\">kafana<\/a>, u prestonici ali i drugim gradovima Srbije, sigurno vam ne\u0107e biti dosadno!<\/p>\n<p>U\u017eivajte!<\/p>\n","protected":false},"excerpt":{"rendered":"<p>Uzbudljiv rafting divljim rekama, vo\u017enja bicikla po \u017eivopisnim krajolicima netaknute prirode, \u0161oping, degustacija najkvalitenijih vina ili lud provod do ranih jutarnjih \u010dasova? Srbija vam nudi najraznovrsnije mogu\u0107nosti za nezaboravan provod [&hellip;]<\/p>\n","protected":false},"author":17,"featured_media":37561,"parent":20391,"menu_order":0,"comment_status":"closed","ping_status":"closed","template":"","meta":{"_acf_changed":false,"inline_featured_image":false,"_monsterinsights_skip_tracking":false,"_monsterinsights_sitenote_active":false,"_monsterinsights_sitenote_note":"","_monsterinsights_sitenote_category":0,"footnotes":""},"categories":[2844],"tags":[],"class_list":["post-22545","page","type-page","status-publish","has-post-thumbnail","hentry","category-provedi-se"],"acf":[],"yoast_head":"<!-- This site is optimized with the Yoast SEO plugin v27.4 - https:\/\/yoast.com\/product\/yoast-seo-wordpress\/ -->\n<title>Provedi se - Serbia.com<\/title>\n<meta name=\"robots\" content=\"index, follow, max-snippet:-1, max-image-preview:large, max-video-preview:-1\" \/>\n<link rel=\"canonical\" href=\"https:\/\/serbia.com\/srpski\/posetite-srbiju\/provedi-se\/\" \/>\n<meta property=\"og:locale\" content=\"en_US\" \/>\n<meta property=\"og:type\" content=\"article\" \/>\n<meta property=\"og:title\" content=\"Provedi se - Serbia.com\" \/>\n<meta property=\"og:description\" content=\"Uzbudljiv rafting divljim rekama, vo\u017enja bicikla po \u017eivopisnim krajolicima netaknute prirode, \u0161oping, degustacija najkvalitenijih vina ili lud provod do ranih jutarnjih \u010dasova? Srbija vam nudi najraznovrsnije mogu\u0107nosti za nezaboravan provod [&hellip;]\" \/>\n<meta property=\"og:url\" content=\"https:\/\/serbia.com\/srpski\/posetite-srbiju\/provedi-se\/\" \/>\n<meta property=\"og:site_name\" content=\"Serbia.com\" \/>\n<meta property=\"article:modified_time\" content=\"2024-10-20T18:20:45+00:00\" \/>\n<meta property=\"og:image\" content=\"https:\/\/serbia.com\/wp-content\/uploads\/2015\/11\/wines1.jpg\" \/>\n\t<meta property=\"og:image:width\" content=\"1600\" \/>\n\t<meta property=\"og:image:height\" content=\"724\" \/>\n\t<meta property=\"og:image:type\" content=\"image\/jpeg\" \/>\n<meta name=\"twitter:label1\" content=\"Est. reading time\" \/>\n\t<meta name=\"twitter:data1\" content=\"2 minutes\" \/>\n<script type=\"application\/ld+json\" class=\"yoast-schema-graph\">{\"@context\":\"https:\\\/\\\/schema.org\",\"@graph\":[{\"@type\":\"WebPage\",\"@id\":\"https:\\\/\\\/serbia.com\\\/srpski\\\/posetite-srbiju\\\/provedi-se\\\/\",\"url\":\"https:\\\/\\\/serbia.com\\\/srpski\\\/posetite-srbiju\\\/provedi-se\\\/\",\"name\":\"Provedi se - Serbia.com\",\"isPartOf\":{\"@id\":\"https:\\\/\\\/serbia.com\\\/#website\"},\"primaryImageOfPage\":{\"@id\":\"https:\\\/\\\/serbia.com\\\/srpski\\\/posetite-srbiju\\\/provedi-se\\\/#primaryimage\"},\"image\":{\"@id\":\"https:\\\/\\\/serbia.com\\\/srpski\\\/posetite-srbiju\\\/provedi-se\\\/#primaryimage\"},\"thumbnailUrl\":\"https:\\\/\\\/serbia.com\\\/wp-content\\\/uploads\\\/2015\\\/11\\\/wines1.jpg\",\"datePublished\":\"2014-03-16T01:58:23+00:00\",\"dateModified\":\"2024-10-20T18:20:45+00:00\",\"breadcrumb\":{\"@id\":\"https:\\\/\\\/serbia.com\\\/srpski\\\/posetite-srbiju\\\/provedi-se\\\/#breadcrumb\"},\"inLanguage\":\"srpski\",\"potentialAction\":[{\"@type\":\"ReadAction\",\"target\":[\"https:\\\/\\\/serbia.com\\\/srpski\\\/posetite-srbiju\\\/provedi-se\\\/\"]}]},{\"@type\":\"ImageObject\",\"inLanguage\":\"srpski\",\"@id\":\"https:\\\/\\\/serbia.com\\\/srpski\\\/posetite-srbiju\\\/provedi-se\\\/#primaryimage\",\"url\":\"https:\\\/\\\/serbia.com\\\/wp-content\\\/uploads\\\/2015\\\/11\\\/wines1.jpg\",\"contentUrl\":\"https:\\\/\\\/serbia.com\\\/wp-content\\\/uploads\\\/2015\\\/11\\\/wines1.jpg\",\"width\":1600,\"height\":724},{\"@type\":\"BreadcrumbList\",\"@id\":\"https:\\\/\\\/serbia.com\\\/srpski\\\/posetite-srbiju\\\/provedi-se\\\/#breadcrumb\",\"itemListElement\":[{\"@type\":\"ListItem\",\"position\":1,\"name\":\"Home\",\"item\":\"https:\\\/\\\/serbia.com\\\/srpski\\\/srbija\\\/\"},{\"@type\":\"ListItem\",\"position\":2,\"name\":\"Poseti Srbiju\",\"item\":\"https:\\\/\\\/serbia.com\\\/srpski\\\/posetite-srbiju\\\/\"},{\"@type\":\"ListItem\",\"position\":3,\"name\":\"Provedi se\"}]},{\"@type\":\"WebSite\",\"@id\":\"https:\\\/\\\/serbia.com\\\/#website\",\"url\":\"https:\\\/\\\/serbia.com\\\/\",\"name\":\"Serbia.com\",\"description\":\"Your Gateway to Serbia\",\"potentialAction\":[{\"@type\":\"SearchAction\",\"target\":{\"@type\":\"EntryPoint\",\"urlTemplate\":\"https:\\\/\\\/serbia.com\\\/?s={search_term_string}\"},\"query-input\":{\"@type\":\"PropertyValueSpecification\",\"valueRequired\":true,\"valueName\":\"search_term_string\"}}],\"inLanguage\":\"srpski\"}]}<\/script>\n<!-- \/ Yoast SEO plugin. -->","yoast_head_json":{"title":"Provedi se - Serbia.com","robots":{"index":"index","follow":"follow","max-snippet":"max-snippet:-1","max-image-preview":"max-image-preview:large","max-video-preview":"max-video-preview:-1"},"canonical":"https:\/\/serbia.com\/srpski\/posetite-srbiju\/provedi-se\/","og_locale":"en_US","og_type":"article","og_title":"Provedi se - Serbia.com","og_description":"Uzbudljiv rafting divljim rekama, vo\u017enja bicikla po \u017eivopisnim krajolicima netaknute prirode, \u0161oping, degustacija najkvalitenijih vina ili lud provod do ranih jutarnjih \u010dasova? Srbija vam nudi najraznovrsnije mogu\u0107nosti za nezaboravan provod [&hellip;]","og_url":"https:\/\/serbia.com\/srpski\/posetite-srbiju\/provedi-se\/","og_site_name":"Serbia.com","article_modified_time":"2024-10-20T18:20:45+00:00","og_image":[{"width":1600,"height":724,"url":"https:\/\/serbia.com\/wp-content\/uploads\/2015\/11\/wines1.jpg","type":"image\/jpeg"}],"twitter_misc":{"Est. reading time":"2 minutes"},"schema":{"@context":"https:\/\/schema.org","@graph":[{"@type":"WebPage","@id":"https:\/\/serbia.com\/srpski\/posetite-srbiju\/provedi-se\/","url":"https:\/\/serbia.com\/srpski\/posetite-srbiju\/provedi-se\/","name":"Provedi se - Serbia.com","isPartOf":{"@id":"https:\/\/serbia.com\/#website"},"primaryImageOfPage":{"@id":"https:\/\/serbia.com\/srpski\/posetite-srbiju\/provedi-se\/#primaryimage"},"image":{"@id":"https:\/\/serbia.com\/srpski\/posetite-srbiju\/provedi-se\/#primaryimage"},"thumbnailUrl":"https:\/\/serbia.com\/wp-content\/uploads\/2015\/11\/wines1.jpg","datePublished":"2014-03-16T01:58:23+00:00","dateModified":"2024-10-20T18:20:45+00:00","breadcrumb":{"@id":"https:\/\/serbia.com\/srpski\/posetite-srbiju\/provedi-se\/#breadcrumb"},"inLanguage":"srpski","potentialAction":[{"@type":"ReadAction","target":["https:\/\/serbia.com\/srpski\/posetite-srbiju\/provedi-se\/"]}]},{"@type":"ImageObject","inLanguage":"srpski","@id":"https:\/\/serbia.com\/srpski\/posetite-srbiju\/provedi-se\/#primaryimage","url":"https:\/\/serbia.com\/wp-content\/uploads\/2015\/11\/wines1.jpg","contentUrl":"https:\/\/serbia.com\/wp-content\/uploads\/2015\/11\/wines1.jpg","width":1600,"height":724},{"@type":"BreadcrumbList","@id":"https:\/\/serbia.com\/srpski\/posetite-srbiju\/provedi-se\/#breadcrumb","itemListElement":[{"@type":"ListItem","position":1,"name":"Home","item":"https:\/\/serbia.com\/srpski\/srbija\/"},{"@type":"ListItem","position":2,"name":"Poseti Srbiju","item":"https:\/\/serbia.com\/srpski\/posetite-srbiju\/"},{"@type":"ListItem","position":3,"name":"Provedi se"}]},{"@type":"WebSite","@id":"https:\/\/serbia.com\/#website","url":"https:\/\/serbia.com\/","name":"Serbia.com","description":"Your Gateway to Serbia","potentialAction":[{"@type":"SearchAction","target":{"@type":"EntryPoint","urlTemplate":"https:\/\/serbia.com\/?s={search_term_string}"},"query-input":{"@type":"PropertyValueSpecification","valueRequired":true,"valueName":"search_term_string"}}],"inLanguage":"srpski"}]}},"brizy_media":[],"_links":{"self":[{"href":"https:\/\/serbia.com\/srpski\/wp-json\/wp\/v2\/pages\/22545","targetHints":{"allow":["GET"]}}],"collection":[{"href":"https:\/\/serbia.com\/srpski\/wp-json\/wp\/v2\/pages"}],"about":[{"href":"https:\/\/serbia.com\/srpski\/wp-json\/wp\/v2\/types\/page"}],"author":[{"embeddable":true,"href":"https:\/\/serbia.com\/srpski\/wp-json\/wp\/v2\/users\/17"}],"replies":[{"embeddable":true,"href":"https:\/\/serbia.com\/srpski\/wp-json\/wp\/v2\/comments?post=22545"}],"version-history":[{"count":1,"href":"https:\/\/serbia.com\/srpski\/wp-json\/wp\/v2\/pages\/22545\/revisions"}],"predecessor-version":[{"id":55765,"href":"https:\/\/serbia.com\/srpski\/wp-json\/wp\/v2\/pages\/22545\/revisions\/55765"}],"up":[{"embeddable":true,"href":"https:\/\/serbia.com\/srpski\/wp-json\/wp\/v2\/pages\/20391"}],"wp:featuredmedia":[{"embeddable":true,"href":"https:\/\/serbia.com\/srpski\/wp-json\/wp\/v2\/media\/37561"}],"wp:attachment":[{"href":"https:\/\/serbia.com\/srpski\/wp-json\/wp\/v2\/media?parent=22545"}],"wp:term":[{"taxonomy":"category","embeddable":true,"href":"https:\/\/serbia.com\/srpski\/wp-json\/wp\/v2\/categories?post=22545"},{"taxonomy":"post_tag","embeddable":true,"href":"https:\/\/serbia.com\/srpski\/wp-json\/wp\/v2\/tags?post=22545"}],"curies":[{"name":"wp","href":"https:\/\/api.w.org\/{rel}","templated":true}]}}