{"id":21045,"date":"2014-02-27T02:34:55","date_gmt":"2014-02-27T01:34:55","guid":{"rendered":"http:\/\/www.serbia.com\/?page_id=21045"},"modified":"2015-04-15T16:30:03","modified_gmt":"2015-04-15T14:30:03","slug":"istorijske-licnosti","status":"publish","type":"page","link":"https:\/\/serbia.com\/srpski\/o-srbiji\/poznati-srbi\/istorijske-licnosti\/","title":{"rendered":"Istorijske li\u010dnosti"},"content":{"rendered":"<p>Srbija je zemlja burne istorije, sme\u0161tena na raskr\u0161\u0107u va\u017enih puteva na kojima su se preplitali interesi mnogih velikih sila tokom <a href=\"http:\/\/www.serbia.com\/srpski\/o-srbiji\/istorija\/\" target=\"_blank\">istorije<\/a>, a samim tim i prostor na kome se puno ratovalo. U takvoj Srbiji herojstvo je \u010desto bilo pitanje \u010dasti, ljubavi prema zemlji i odraz borbe za njen opstanak.<\/p>\n<p>Pod ovakvim okolnostima u svakom razdoblju, po\u010dev od stvaranja srednjovekovne srpske dr\u017eave do dana\u0161njih dana, izdvajali su se ljudi koji su svojom hrabro\u0161\u0107u odu\u0161evljavali \u010dak i neprijatelje protiv kojih su se borili. Heroji i heroine Srbije zaslu\u017eili su ve\u010dnu slavu svojom nesebi\u010dnom \u017ertvom i humano\u0161\u0107u koju ni razli\u010dite politike ni prohujali vekovi nisu mogli da izbri\u0161u. Njihova dela \u0107e ih zauvek \u010diniti posebnim i vrednim pomena.<\/p>\n<p>Mnoge istorijske li\u010dnosti zadu\u017eile su srpski narod i bez ma\u010da i pu\u0161ke. Svojom energijom i mudro\u0161\u0107u kr\u010dili su put ka obrazovanju, prosve\u0107enju, veri, \u010dine\u0107i diplomatijom ono \u0161to se ratom nikada ne bi postiglo. Mnogi od njih bili su, na neki na\u010din, duhovne vo\u0111e naroda \u010dine\u0107i ga hrabrim u najte\u017eima danima ratova, bede i bolesti.<\/p>\n<p>Stoga je ova rubrika posve\u0107ena svim srpskim herojima i zna\u010dajnim istorijskim li\u010dnostima koji su svojim herojskim delima ostavili veliki trag u istoriji zemlje.[ultimate_spacer height=&#8221;30&#8243;][dt_fancy_title title=&#8221;Povezani \u010dlanci&#8221; title_align=&#8221;left&#8221; title_size=&#8221;normal&#8221; title_color=&#8221;accent&#8221; el_width=&#8221;100&#8243; title_bg=&#8221;disabled&#8221; separator_color=&#8221;default&#8221;][ultimate_spacer height=&#8221;30&#8243;]<\/p>\n","protected":false},"excerpt":{"rendered":"<p>Srbija je zemlja burne istorije, sme\u0161tena na raskr\u0161\u0107u va\u017enih puteva na kojima su se preplitali interesi mnogih velikih sila tokom istorije, a samim tim i prostor na kome se puno [&hellip;]<\/p>\n","protected":false},"author":9,"featured_media":34844,"parent":20282,"menu_order":0,"comment_status":"closed","ping_status":"open","template":"","meta":{"_acf_changed":false,"inline_featured_image":false,"_monsterinsights_skip_tracking":false,"_monsterinsights_sitenote_active":false,"_monsterinsights_sitenote_note":"","_monsterinsights_sitenote_category":0,"footnotes":""},"categories":[1639,2815],"tags":[],"class_list":["post-21045","page","type-page","status-publish","has-post-thumbnail","hentry","category-istorija-kultura-otkrijte-srbiju","category-istorijske-licnosti"],"acf":[],"yoast_head":"<!-- This site is optimized with the Yoast SEO plugin v27.4 - https:\/\/yoast.com\/product\/yoast-seo-wordpress\/ -->\n<title>Istorijske li\u010dnosti - Serbia.com<\/title>\n<meta name=\"robots\" content=\"index, follow, max-snippet:-1, max-image-preview:large, max-video-preview:-1\" \/>\n<link rel=\"canonical\" href=\"https:\/\/serbia.com\/srpski\/o-srbiji\/poznati-srbi\/istorijske-licnosti\/\" \/>\n<meta property=\"og:locale\" content=\"en_US\" \/>\n<meta property=\"og:type\" content=\"article\" \/>\n<meta property=\"og:title\" content=\"Istorijske li\u010dnosti - Serbia.com\" \/>\n<meta property=\"og:description\" content=\"Srbija je zemlja burne istorije, sme\u0161tena na raskr\u0161\u0107u va\u017enih puteva na kojima su se preplitali interesi mnogih velikih sila tokom istorije, a samim tim i prostor na kome se puno [&hellip;]\" \/>\n<meta property=\"og:url\" content=\"https:\/\/serbia.com\/srpski\/o-srbiji\/poznati-srbi\/istorijske-licnosti\/\" \/>\n<meta property=\"og:site_name\" content=\"Serbia.com\" \/>\n<meta property=\"article:modified_time\" content=\"2015-04-15T14:30:03+00:00\" \/>\n<meta property=\"og:image\" content=\"https:\/\/serbia.com\/wp-content\/uploads\/2015\/07\/prvi-svetski-rat222.jpg\" \/>\n\t<meta property=\"og:image:width\" content=\"1394\" \/>\n\t<meta property=\"og:image:height\" content=\"639\" \/>\n\t<meta property=\"og:image:type\" content=\"image\/jpeg\" \/>\n<meta name=\"twitter:label1\" content=\"Est. reading time\" \/>\n\t<meta name=\"twitter:data1\" content=\"1 minute\" \/>\n<script type=\"application\/ld+json\" class=\"yoast-schema-graph\">{\"@context\":\"https:\\\/\\\/schema.org\",\"@graph\":[{\"@type\":\"WebPage\",\"@id\":\"https:\\\/\\\/serbia.com\\\/srpski\\\/o-srbiji\\\/poznati-srbi\\\/istorijske-licnosti\\\/\",\"url\":\"https:\\\/\\\/serbia.com\\\/srpski\\\/o-srbiji\\\/poznati-srbi\\\/istorijske-licnosti\\\/\",\"name\":\"Istorijske li\u010dnosti - Serbia.com\",\"isPartOf\":{\"@id\":\"https:\\\/\\\/serbia.com\\\/#website\"},\"primaryImageOfPage\":{\"@id\":\"https:\\\/\\\/serbia.com\\\/srpski\\\/o-srbiji\\\/poznati-srbi\\\/istorijske-licnosti\\\/#primaryimage\"},\"image\":{\"@id\":\"https:\\\/\\\/serbia.com\\\/srpski\\\/o-srbiji\\\/poznati-srbi\\\/istorijske-licnosti\\\/#primaryimage\"},\"thumbnailUrl\":\"https:\\\/\\\/serbia.com\\\/wp-content\\\/uploads\\\/2015\\\/07\\\/prvi-svetski-rat222.jpg\",\"datePublished\":\"2014-02-27T01:34:55+00:00\",\"dateModified\":\"2015-04-15T14:30:03+00:00\",\"breadcrumb\":{\"@id\":\"https:\\\/\\\/serbia.com\\\/srpski\\\/o-srbiji\\\/poznati-srbi\\\/istorijske-licnosti\\\/#breadcrumb\"},\"inLanguage\":\"srpski\",\"potentialAction\":[{\"@type\":\"ReadAction\",\"target\":[\"https:\\\/\\\/serbia.com\\\/srpski\\\/o-srbiji\\\/poznati-srbi\\\/istorijske-licnosti\\\/\"]}]},{\"@type\":\"ImageObject\",\"inLanguage\":\"srpski\",\"@id\":\"https:\\\/\\\/serbia.com\\\/srpski\\\/o-srbiji\\\/poznati-srbi\\\/istorijske-licnosti\\\/#primaryimage\",\"url\":\"https:\\\/\\\/serbia.com\\\/wp-content\\\/uploads\\\/2015\\\/07\\\/prvi-svetski-rat222.jpg\",\"contentUrl\":\"https:\\\/\\\/serbia.com\\\/wp-content\\\/uploads\\\/2015\\\/07\\\/prvi-svetski-rat222.jpg\",\"width\":1394,\"height\":639},{\"@type\":\"BreadcrumbList\",\"@id\":\"https:\\\/\\\/serbia.com\\\/srpski\\\/o-srbiji\\\/poznati-srbi\\\/istorijske-licnosti\\\/#breadcrumb\",\"itemListElement\":[{\"@type\":\"ListItem\",\"position\":1,\"name\":\"Home\",\"item\":\"https:\\\/\\\/serbia.com\\\/srpski\\\/\"},{\"@type\":\"ListItem\",\"position\":2,\"name\":\"O Srbiji\",\"item\":\"https:\\\/\\\/serbia.com\\\/srpski\\\/o-srbiji\\\/\"},{\"@type\":\"ListItem\",\"position\":3,\"name\":\"Poznati Srbi\",\"item\":\"https:\\\/\\\/serbia.com\\\/srpski\\\/o-srbiji\\\/poznati-srbi\\\/\"},{\"@type\":\"ListItem\",\"position\":4,\"name\":\"Istorijske li\u010dnosti\"}]},{\"@type\":\"WebSite\",\"@id\":\"https:\\\/\\\/serbia.com\\\/#website\",\"url\":\"https:\\\/\\\/serbia.com\\\/\",\"name\":\"Serbia.com\",\"description\":\"Your Gateway to Serbia\",\"potentialAction\":[{\"@type\":\"SearchAction\",\"target\":{\"@type\":\"EntryPoint\",\"urlTemplate\":\"https:\\\/\\\/serbia.com\\\/?s={search_term_string}\"},\"query-input\":{\"@type\":\"PropertyValueSpecification\",\"valueRequired\":true,\"valueName\":\"search_term_string\"}}],\"inLanguage\":\"srpski\"}]}<\/script>\n<!-- \/ Yoast SEO plugin. -->","yoast_head_json":{"title":"Istorijske li\u010dnosti - Serbia.com","robots":{"index":"index","follow":"follow","max-snippet":"max-snippet:-1","max-image-preview":"max-image-preview:large","max-video-preview":"max-video-preview:-1"},"canonical":"https:\/\/serbia.com\/srpski\/o-srbiji\/poznati-srbi\/istorijske-licnosti\/","og_locale":"en_US","og_type":"article","og_title":"Istorijske li\u010dnosti - Serbia.com","og_description":"Srbija je zemlja burne istorije, sme\u0161tena na raskr\u0161\u0107u va\u017enih puteva na kojima su se preplitali interesi mnogih velikih sila tokom istorije, a samim tim i prostor na kome se puno [&hellip;]","og_url":"https:\/\/serbia.com\/srpski\/o-srbiji\/poznati-srbi\/istorijske-licnosti\/","og_site_name":"Serbia.com","article_modified_time":"2015-04-15T14:30:03+00:00","og_image":[{"width":1394,"height":639,"url":"https:\/\/serbia.com\/wp-content\/uploads\/2015\/07\/prvi-svetski-rat222.jpg","type":"image\/jpeg"}],"twitter_misc":{"Est. reading time":"1 minute"},"schema":{"@context":"https:\/\/schema.org","@graph":[{"@type":"WebPage","@id":"https:\/\/serbia.com\/srpski\/o-srbiji\/poznati-srbi\/istorijske-licnosti\/","url":"https:\/\/serbia.com\/srpski\/o-srbiji\/poznati-srbi\/istorijske-licnosti\/","name":"Istorijske li\u010dnosti - Serbia.com","isPartOf":{"@id":"https:\/\/serbia.com\/#website"},"primaryImageOfPage":{"@id":"https:\/\/serbia.com\/srpski\/o-srbiji\/poznati-srbi\/istorijske-licnosti\/#primaryimage"},"image":{"@id":"https:\/\/serbia.com\/srpski\/o-srbiji\/poznati-srbi\/istorijske-licnosti\/#primaryimage"},"thumbnailUrl":"https:\/\/serbia.com\/wp-content\/uploads\/2015\/07\/prvi-svetski-rat222.jpg","datePublished":"2014-02-27T01:34:55+00:00","dateModified":"2015-04-15T14:30:03+00:00","breadcrumb":{"@id":"https:\/\/serbia.com\/srpski\/o-srbiji\/poznati-srbi\/istorijske-licnosti\/#breadcrumb"},"inLanguage":"srpski","potentialAction":[{"@type":"ReadAction","target":["https:\/\/serbia.com\/srpski\/o-srbiji\/poznati-srbi\/istorijske-licnosti\/"]}]},{"@type":"ImageObject","inLanguage":"srpski","@id":"https:\/\/serbia.com\/srpski\/o-srbiji\/poznati-srbi\/istorijske-licnosti\/#primaryimage","url":"https:\/\/serbia.com\/wp-content\/uploads\/2015\/07\/prvi-svetski-rat222.jpg","contentUrl":"https:\/\/serbia.com\/wp-content\/uploads\/2015\/07\/prvi-svetski-rat222.jpg","width":1394,"height":639},{"@type":"BreadcrumbList","@id":"https:\/\/serbia.com\/srpski\/o-srbiji\/poznati-srbi\/istorijske-licnosti\/#breadcrumb","itemListElement":[{"@type":"ListItem","position":1,"name":"Home","item":"https:\/\/serbia.com\/srpski\/"},{"@type":"ListItem","position":2,"name":"O Srbiji","item":"https:\/\/serbia.com\/srpski\/o-srbiji\/"},{"@type":"ListItem","position":3,"name":"Poznati Srbi","item":"https:\/\/serbia.com\/srpski\/o-srbiji\/poznati-srbi\/"},{"@type":"ListItem","position":4,"name":"Istorijske li\u010dnosti"}]},{"@type":"WebSite","@id":"https:\/\/serbia.com\/#website","url":"https:\/\/serbia.com\/","name":"Serbia.com","description":"Your Gateway to Serbia","potentialAction":[{"@type":"SearchAction","target":{"@type":"EntryPoint","urlTemplate":"https:\/\/serbia.com\/?s={search_term_string}"},"query-input":{"@type":"PropertyValueSpecification","valueRequired":true,"valueName":"search_term_string"}}],"inLanguage":"srpski"}]}},"brizy_media":[],"_links":{"self":[{"href":"https:\/\/serbia.com\/srpski\/wp-json\/wp\/v2\/pages\/21045","targetHints":{"allow":["GET"]}}],"collection":[{"href":"https:\/\/serbia.com\/srpski\/wp-json\/wp\/v2\/pages"}],"about":[{"href":"https:\/\/serbia.com\/srpski\/wp-json\/wp\/v2\/types\/page"}],"author":[{"embeddable":true,"href":"https:\/\/serbia.com\/srpski\/wp-json\/wp\/v2\/users\/9"}],"replies":[{"embeddable":true,"href":"https:\/\/serbia.com\/srpski\/wp-json\/wp\/v2\/comments?post=21045"}],"version-history":[{"count":0,"href":"https:\/\/serbia.com\/srpski\/wp-json\/wp\/v2\/pages\/21045\/revisions"}],"up":[{"embeddable":true,"href":"https:\/\/serbia.com\/srpski\/wp-json\/wp\/v2\/pages\/20282"}],"wp:featuredmedia":[{"embeddable":true,"href":"https:\/\/serbia.com\/srpski\/wp-json\/wp\/v2\/media\/34844"}],"wp:attachment":[{"href":"https:\/\/serbia.com\/srpski\/wp-json\/wp\/v2\/media?parent=21045"}],"wp:term":[{"taxonomy":"category","embeddable":true,"href":"https:\/\/serbia.com\/srpski\/wp-json\/wp\/v2\/categories?post=21045"},{"taxonomy":"post_tag","embeddable":true,"href":"https:\/\/serbia.com\/srpski\/wp-json\/wp\/v2\/tags?post=21045"}],"curies":[{"name":"wp","href":"https:\/\/api.w.org\/{rel}","templated":true}]}}