{"id":21034,"date":"2014-02-27T02:19:54","date_gmt":"2014-02-27T01:19:54","guid":{"rendered":"http:\/\/www.serbia.com\/?page_id=21034"},"modified":"2014-05-22T17:06:45","modified_gmt":"2014-05-22T15:06:45","slug":"transport","status":"publish","type":"page","link":"https:\/\/serbia.com\/srpski\/posetite-srbiju\/gradovi\/beograd\/transport\/","title":{"rendered":"Transport"},"content":{"rendered":"<p>Ova strana \u0107e vam pru\u017eiti mno\u0161tvo korisnih informacija o transportu do Beograda, transferu sa i do aerodroma, taksi slu\u017ebama i javnom prevozu.<\/p>\n<p><strong>Avio prevoz<\/strong><\/p>\n<p>U Beogradu se nalazi najve\u0107i aerodrom u Srbiji sa kojeg lete 24 avio kompanije iz celog sveta. Beogradski aerodrom \u201cNikola Tesla\u201d nalazi se u Sur\u010dinu, 18 km od centra grada i opremljen je za letove u svim vremenskim uslovima. Sve informacije o polascima i dolascima mo\u017eete dobiti na tel. +381 (0)11 209-4444 ili na portalu www.beg.aero.<\/p>\n<p>Transfer sa i do aerodroma<\/p>\n<p>Do i od aerodroma \u201cNikola Tesla\u201d iz centra grada (Trg Slavija stajali\u0161te ispred hotela \u201cSlavija\u201d) na svakih 20 minuta saobra\u0107a autobuska linija A1. Cena karte je <strong>300,00<\/strong> dinara (oko 2.5 evra), a raspored vo\u017enje mo\u017eete prona\u0107i OVDE.<\/p>\n<p>Aerodrom je tako\u0111e povezan sa centrom grada redovnom linijom GSP-a broj 72 (aerodrom Nikola Tesla \u2013 Zeleni venac) I cena karte iznosi <strong>73,00<\/strong> dinara (oko 65 centi).<\/p>\n<p>Ako \u017eelite taksi revoz koji \u0107e vas odvesti ta\u010dno na va\u0161e odredi\u0161te, najbolje je da pozovete taksi. Neki od brojeva taksija su: 19803 (Pink taxi), 19801 (Beogradski taksi), 19806 (Gold taksi). Ukoliko niste u mogu\u0107nosti, na aerodromu postoji taksi stanica, gde mo\u017eete uzeti taksi, a cena vo\u017enje do centra grada ne bi trebalo da pre\u0111e <strong>2000,00<\/strong> dinara (oko 18 evra).<\/p>\n<p><strong>Javni prevoz<\/strong><\/p>\n<p>U okviru javnog prevoza u Beogradu saobra\u0107aju autobusi, tramvaji i trolejbusi u kojima funkcioni\u0161e BusPlus sistem naplate karata. Ovaj sistem funkcioni\u0161e tako \u0161to na svakoj trafici ili Corner shop-u mo\u017eete kupiti kartonsku BusPlus karticu koja ko\u0161ta 40 dinara (oko 35 centi), a koju \u0107ete na istom mestu dopuniti kreditom. Na ulazu u prevozno sredstvo nalaze se BusPlus aparati na koje se prisloni kartica kako bi se otkucala karta. Cena jedne vo\u017enje iznosi 75 dinara (oko 65 centi).<\/p>\n<p>U Beogradu funkcioni\u0161e i Beovoz, sistem prigradske \u017eeleznice. Trenutno je u nadle\u017enosti <a href=\"http:\/\/www.zeleznicesrbije.com\/active\/en\/home.html\" target=\"_blank\"><strong>\u017deleznice Srbije<\/strong><\/a>. Koristi za povezivanje prigradskih naselja i gradova iz u\u017ee okoline Beograda, poput Pan\u010deva i In\u0111ije sa centralnim gradskim zonama.<\/p>\n<p><strong>Rent a car<\/strong><\/p>\n<p>U Beogradu mo\u017eete iznajmiti auto jo\u0161 na samom aerodromu, ali i na mnogim mestima u gradu. Slede\u0107i LINK \u0107e vas odvesti na Serbia.com poslovni direktorijum koji \u0107e vam pomo\u0107i pri odabiru Rent a car agencije i informisati vas o cenama iznajmljivanja automobila<\/p>\n<p>&nbsp;<\/p>\n","protected":false},"excerpt":{"rendered":"<p>Ova strana \u0107e vam pru\u017eiti mno\u0161tvo korisnih informacija o transportu do Beograda, transferu sa i do aerodroma, taksi slu\u017ebama i javnom prevozu. Avio prevoz U Beogradu se nalazi najve\u0107i aerodrom [&hellip;]<\/p>\n","protected":false},"author":9,"featured_media":52598,"parent":20438,"menu_order":0,"comment_status":"closed","ping_status":"open","template":"","meta":{"_acf_changed":false,"inline_featured_image":false,"_monsterinsights_skip_tracking":false,"_monsterinsights_sitenote_active":false,"_monsterinsights_sitenote_note":"","_monsterinsights_sitenote_category":0,"footnotes":""},"categories":[2818,930],"tags":[],"class_list":["post-21034","page","type-page","status-publish","has-post-thumbnail","hentry","category-poseti-srbiju","category-transport-beograd"],"acf":[],"yoast_head":"<!-- This site is optimized with the Yoast SEO plugin v23.8 - https:\/\/yoast.com\/wordpress\/plugins\/seo\/ -->\n<title>Transport - Serbia.com<\/title>\n<meta name=\"robots\" content=\"index, follow, max-snippet:-1, max-image-preview:large, max-video-preview:-1\" \/>\n<link rel=\"canonical\" href=\"https:\/\/serbia.com\/srpski\/posetite-srbiju\/gradovi\/beograd\/transport\/\" \/>\n<meta property=\"og:locale\" content=\"en_US\" \/>\n<meta property=\"og:type\" content=\"article\" \/>\n<meta property=\"og:title\" content=\"Transport - Serbia.com\" \/>\n<meta property=\"og:description\" content=\"Ova strana \u0107e vam pru\u017eiti mno\u0161tvo korisnih informacija o transportu do Beograda, transferu sa i do aerodroma, taksi slu\u017ebama i javnom prevozu. Avio prevoz U Beogradu se nalazi najve\u0107i aerodrom [&hellip;]\" \/>\n<meta property=\"og:url\" content=\"https:\/\/serbia.com\/srpski\/posetite-srbiju\/gradovi\/beograd\/transport\/\" \/>\n<meta property=\"og:site_name\" content=\"Serbia.com\" \/>\n<meta property=\"article:modified_time\" content=\"2014-05-22T15:06:45+00:00\" \/>\n<meta property=\"og:image\" content=\"https:\/\/serbia.com\/wp-content\/uploads\/2024\/05\/7d38f09f77e64dc4e332fb5c10cf508f1031672e.jpeg\" \/>\n\t<meta property=\"og:image:width\" content=\"640\" \/>\n\t<meta property=\"og:image:height\" content=\"360\" \/>\n\t<meta property=\"og:image:type\" content=\"image\/jpeg\" \/>\n<meta name=\"twitter:label1\" content=\"Est. reading time\" \/>\n\t<meta name=\"twitter:data1\" content=\"2 minutes\" \/>\n<script type=\"application\/ld+json\" class=\"yoast-schema-graph\">{\"@context\":\"https:\/\/schema.org\",\"@graph\":[{\"@type\":\"WebPage\",\"@id\":\"https:\/\/serbia.com\/srpski\/posetite-srbiju\/gradovi\/beograd\/transport\/\",\"url\":\"https:\/\/serbia.com\/srpski\/posetite-srbiju\/gradovi\/beograd\/transport\/\",\"name\":\"Transport - Serbia.com\",\"isPartOf\":{\"@id\":\"https:\/\/serbia.com\/#website\"},\"primaryImageOfPage\":{\"@id\":\"https:\/\/serbia.com\/srpski\/posetite-srbiju\/gradovi\/beograd\/transport\/#primaryimage\"},\"image\":{\"@id\":\"https:\/\/serbia.com\/srpski\/posetite-srbiju\/gradovi\/beograd\/transport\/#primaryimage\"},\"thumbnailUrl\":\"https:\/\/serbia.com\/wp-content\/uploads\/2024\/05\/7d38f09f77e64dc4e332fb5c10cf508f1031672e.jpeg\",\"datePublished\":\"2014-02-27T01:19:54+00:00\",\"dateModified\":\"2014-05-22T15:06:45+00:00\",\"breadcrumb\":{\"@id\":\"https:\/\/serbia.com\/srpski\/posetite-srbiju\/gradovi\/beograd\/transport\/#breadcrumb\"},\"inLanguage\":\"srpski\",\"potentialAction\":[{\"@type\":\"ReadAction\",\"target\":[\"https:\/\/serbia.com\/srpski\/posetite-srbiju\/gradovi\/beograd\/transport\/\"]}]},{\"@type\":\"ImageObject\",\"inLanguage\":\"srpski\",\"@id\":\"https:\/\/serbia.com\/srpski\/posetite-srbiju\/gradovi\/beograd\/transport\/#primaryimage\",\"url\":\"https:\/\/serbia.com\/wp-content\/uploads\/2024\/05\/7d38f09f77e64dc4e332fb5c10cf508f1031672e.jpeg\",\"contentUrl\":\"https:\/\/serbia.com\/wp-content\/uploads\/2024\/05\/7d38f09f77e64dc4e332fb5c10cf508f1031672e.jpeg\",\"width\":640,\"height\":360},{\"@type\":\"BreadcrumbList\",\"@id\":\"https:\/\/serbia.com\/srpski\/posetite-srbiju\/gradovi\/beograd\/transport\/#breadcrumb\",\"itemListElement\":[{\"@type\":\"ListItem\",\"position\":1,\"name\":\"Home\",\"item\":\"https:\/\/serbia.com\/srpski\/\"},{\"@type\":\"ListItem\",\"position\":2,\"name\":\"Poseti Srbiju\",\"item\":\"https:\/\/serbia.com\/srpski\/posetite-srbiju\/\"},{\"@type\":\"ListItem\",\"position\":3,\"name\":\"Gradovi\",\"item\":\"https:\/\/serbia.com\/srpski\/posetite-srbiju\/gradovi\/\"},{\"@type\":\"ListItem\",\"position\":4,\"name\":\"Beograd\",\"item\":\"https:\/\/serbia.com\/srpski\/posetite-srbiju\/gradovi\/beograd\/\"},{\"@type\":\"ListItem\",\"position\":5,\"name\":\"Transport\"}]},{\"@type\":\"WebSite\",\"@id\":\"https:\/\/serbia.com\/#website\",\"url\":\"https:\/\/serbia.com\/\",\"name\":\"Serbia.com\",\"description\":\"Your Gateway to Serbia\",\"potentialAction\":[{\"@type\":\"SearchAction\",\"target\":{\"@type\":\"EntryPoint\",\"urlTemplate\":\"https:\/\/serbia.com\/?s={search_term_string}\"},\"query-input\":{\"@type\":\"PropertyValueSpecification\",\"valueRequired\":true,\"valueName\":\"search_term_string\"}}],\"inLanguage\":\"srpski\"}]}<\/script>\n<!-- \/ Yoast SEO plugin. -->","yoast_head_json":{"title":"Transport - Serbia.com","robots":{"index":"index","follow":"follow","max-snippet":"max-snippet:-1","max-image-preview":"max-image-preview:large","max-video-preview":"max-video-preview:-1"},"canonical":"https:\/\/serbia.com\/srpski\/posetite-srbiju\/gradovi\/beograd\/transport\/","og_locale":"en_US","og_type":"article","og_title":"Transport - Serbia.com","og_description":"Ova strana \u0107e vam pru\u017eiti mno\u0161tvo korisnih informacija o transportu do Beograda, transferu sa i do aerodroma, taksi slu\u017ebama i javnom prevozu. Avio prevoz U Beogradu se nalazi najve\u0107i aerodrom [&hellip;]","og_url":"https:\/\/serbia.com\/srpski\/posetite-srbiju\/gradovi\/beograd\/transport\/","og_site_name":"Serbia.com","article_modified_time":"2014-05-22T15:06:45+00:00","og_image":[{"width":640,"height":360,"url":"https:\/\/serbia.com\/wp-content\/uploads\/2024\/05\/7d38f09f77e64dc4e332fb5c10cf508f1031672e.jpeg","type":"image\/jpeg"}],"twitter_misc":{"Est. reading time":"2 minutes"},"schema":{"@context":"https:\/\/schema.org","@graph":[{"@type":"WebPage","@id":"https:\/\/serbia.com\/srpski\/posetite-srbiju\/gradovi\/beograd\/transport\/","url":"https:\/\/serbia.com\/srpski\/posetite-srbiju\/gradovi\/beograd\/transport\/","name":"Transport - Serbia.com","isPartOf":{"@id":"https:\/\/serbia.com\/#website"},"primaryImageOfPage":{"@id":"https:\/\/serbia.com\/srpski\/posetite-srbiju\/gradovi\/beograd\/transport\/#primaryimage"},"image":{"@id":"https:\/\/serbia.com\/srpski\/posetite-srbiju\/gradovi\/beograd\/transport\/#primaryimage"},"thumbnailUrl":"https:\/\/serbia.com\/wp-content\/uploads\/2024\/05\/7d38f09f77e64dc4e332fb5c10cf508f1031672e.jpeg","datePublished":"2014-02-27T01:19:54+00:00","dateModified":"2014-05-22T15:06:45+00:00","breadcrumb":{"@id":"https:\/\/serbia.com\/srpski\/posetite-srbiju\/gradovi\/beograd\/transport\/#breadcrumb"},"inLanguage":"srpski","potentialAction":[{"@type":"ReadAction","target":["https:\/\/serbia.com\/srpski\/posetite-srbiju\/gradovi\/beograd\/transport\/"]}]},{"@type":"ImageObject","inLanguage":"srpski","@id":"https:\/\/serbia.com\/srpski\/posetite-srbiju\/gradovi\/beograd\/transport\/#primaryimage","url":"https:\/\/serbia.com\/wp-content\/uploads\/2024\/05\/7d38f09f77e64dc4e332fb5c10cf508f1031672e.jpeg","contentUrl":"https:\/\/serbia.com\/wp-content\/uploads\/2024\/05\/7d38f09f77e64dc4e332fb5c10cf508f1031672e.jpeg","width":640,"height":360},{"@type":"BreadcrumbList","@id":"https:\/\/serbia.com\/srpski\/posetite-srbiju\/gradovi\/beograd\/transport\/#breadcrumb","itemListElement":[{"@type":"ListItem","position":1,"name":"Home","item":"https:\/\/serbia.com\/srpski\/"},{"@type":"ListItem","position":2,"name":"Poseti Srbiju","item":"https:\/\/serbia.com\/srpski\/posetite-srbiju\/"},{"@type":"ListItem","position":3,"name":"Gradovi","item":"https:\/\/serbia.com\/srpski\/posetite-srbiju\/gradovi\/"},{"@type":"ListItem","position":4,"name":"Beograd","item":"https:\/\/serbia.com\/srpski\/posetite-srbiju\/gradovi\/beograd\/"},{"@type":"ListItem","position":5,"name":"Transport"}]},{"@type":"WebSite","@id":"https:\/\/serbia.com\/#website","url":"https:\/\/serbia.com\/","name":"Serbia.com","description":"Your Gateway to Serbia","potentialAction":[{"@type":"SearchAction","target":{"@type":"EntryPoint","urlTemplate":"https:\/\/serbia.com\/?s={search_term_string}"},"query-input":{"@type":"PropertyValueSpecification","valueRequired":true,"valueName":"search_term_string"}}],"inLanguage":"srpski"}]}},"_links":{"self":[{"href":"https:\/\/serbia.com\/srpski\/wp-json\/wp\/v2\/pages\/21034"}],"collection":[{"href":"https:\/\/serbia.com\/srpski\/wp-json\/wp\/v2\/pages"}],"about":[{"href":"https:\/\/serbia.com\/srpski\/wp-json\/wp\/v2\/types\/page"}],"author":[{"embeddable":true,"href":"https:\/\/serbia.com\/srpski\/wp-json\/wp\/v2\/users\/9"}],"replies":[{"embeddable":true,"href":"https:\/\/serbia.com\/srpski\/wp-json\/wp\/v2\/comments?post=21034"}],"version-history":[{"count":0,"href":"https:\/\/serbia.com\/srpski\/wp-json\/wp\/v2\/pages\/21034\/revisions"}],"up":[{"embeddable":true,"href":"https:\/\/serbia.com\/srpski\/wp-json\/wp\/v2\/pages\/20438"}],"wp:featuredmedia":[{"embeddable":true,"href":"https:\/\/serbia.com\/srpski\/wp-json\/wp\/v2\/media\/52598"}],"wp:attachment":[{"href":"https:\/\/serbia.com\/srpski\/wp-json\/wp\/v2\/media?parent=21034"}],"wp:term":[{"taxonomy":"category","embeddable":true,"href":"https:\/\/serbia.com\/srpski\/wp-json\/wp\/v2\/categories?post=21034"},{"taxonomy":"post_tag","embeddable":true,"href":"https:\/\/serbia.com\/srpski\/wp-json\/wp\/v2\/tags?post=21034"}],"curies":[{"name":"wp","href":"https:\/\/api.w.org\/{rel}","templated":true}]}}