{"id":21028,"date":"2014-02-27T02:18:07","date_gmt":"2014-02-27T01:18:07","guid":{"rendered":"http:\/\/www.serbia.com\/?page_id=21028"},"modified":"2024-10-20T21:08:52","modified_gmt":"2024-10-20T19:08:52","slug":"ture","status":"publish","type":"page","link":"https:\/\/serbia.com\/srpski\/posetite-srbiju\/gradovi\/beograd\/ture\/","title":{"rendered":"Ture"},"content":{"rendered":"<p>Da bi se obi\u0161le sve znamenitosti Beograda potrebno je nekoliko dana. Kako ne biste propustili ne\u0161to va\u017eno i kako biste \u010duli sve zanimljive <a title=\"Beograd\" href=\"http:\/\/www.serbia.com\/srpski\/posetite-srbiju\/sta-videti\/gradovi\/beograd\/\" target=\"_blank\" rel=\"noopener\">pri\u010de Beograda<\/a>, najbolje je prepustiti se stru\u010dnjacima, turisti\u010dkim vodi\u010dima, koji \u0107e va\u0161 boravak u glavnom gradu Srbije u\u010diniti sadr\u017eajnijim i bogatijim. Po ve\u0107 unapred osmi\u0161ljenim pe\u0161a\u010dkim ili bus turama, stru\u010dni vodi\u010di \u0107e vas provesti kroz Beograd i njegovu bogatu istoriju koja \u0107e sigurno ostaviti utisak na vas.<\/p>\n<p>Zavirite u podzemlje Beograda, rezgledajte Beograd sa reka, popnite se na <a title=\"Planina Avala, pogled na Beograd iz oblaka\" href=\"http:\/\/www.serbia.com\/srpski\/planina-avala-pogled-na-beograd-iz-oblaka-3\/\" target=\"_blank\" rel=\"noopener\">Avalu<\/a>, pro\u0161etajte centrom grada, obi\u0111ite <a title=\"Kraljevski dvorski kompleks na Dedinju\" href=\"http:\/\/www.serbia.com\/srpski\/kraljevski-dvorski-kompleks-na-dedinju\/\" target=\"_blank\" rel=\"noopener\">dvorski kompleks<\/a>&#8230; Za svaku od ovih aktivnosti predvi\u0111ena je posebna tura, a na ovoj strani se mo\u017eete informisati o najpose\u0107enijim beogradskim turist\u010dkim turama.<\/p>\n<p>Pogledajte dostupne ture <a href=\"https:\/\/serbia.com\/srpski\/grupne-i-privatne-ture\/\">OVDE<\/a>.<\/p>\n","protected":false},"excerpt":{"rendered":"<p>Da bi se obi\u0161le sve znamenitosti Beograda potrebno je nekoliko dana. Kako ne biste propustili ne\u0161to va\u017eno i kako biste \u010duli sve zanimljive pri\u010de Beograda, najbolje je prepustiti se stru\u010dnjacima, [&hellip;]<\/p>\n","protected":false},"author":9,"featured_media":30165,"parent":20438,"menu_order":0,"comment_status":"closed","ping_status":"open","template":"","meta":{"_acf_changed":false,"inline_featured_image":false,"_monsterinsights_skip_tracking":false,"_monsterinsights_sitenote_active":false,"_monsterinsights_sitenote_note":"","_monsterinsights_sitenote_category":0,"footnotes":""},"categories":[],"tags":[],"class_list":["post-21028","page","type-page","status-publish","has-post-thumbnail","hentry"],"acf":[],"yoast_head":"<!-- This site is optimized with the Yoast SEO plugin v23.8 - https:\/\/yoast.com\/wordpress\/plugins\/seo\/ -->\n<title>Ture - Serbia.com<\/title>\n<meta name=\"robots\" content=\"index, follow, max-snippet:-1, max-image-preview:large, max-video-preview:-1\" \/>\n<link rel=\"canonical\" href=\"https:\/\/serbia.com\/srpski\/posetite-srbiju\/gradovi\/beograd\/ture\/\" \/>\n<meta property=\"og:locale\" content=\"en_US\" \/>\n<meta property=\"og:type\" content=\"article\" \/>\n<meta property=\"og:title\" content=\"Ture - Serbia.com\" \/>\n<meta property=\"og:description\" content=\"Da bi se obi\u0161le sve znamenitosti Beograda potrebno je nekoliko dana. Kako ne biste propustili ne\u0161to va\u017eno i kako biste \u010duli sve zanimljive pri\u010de Beograda, najbolje je prepustiti se stru\u010dnjacima, [&hellip;]\" \/>\n<meta property=\"og:url\" content=\"https:\/\/serbia.com\/srpski\/posetite-srbiju\/gradovi\/beograd\/ture\/\" \/>\n<meta property=\"og:site_name\" content=\"Serbia.com\" \/>\n<meta property=\"article:modified_time\" content=\"2024-10-20T19:08:52+00:00\" \/>\n<meta property=\"og:image\" content=\"https:\/\/serbia.com\/wp-content\/uploads\/2015\/03\/bg-e1454080984989.jpg\" \/>\n\t<meta property=\"og:image:width\" content=\"800\" \/>\n\t<meta property=\"og:image:height\" content=\"390\" \/>\n\t<meta property=\"og:image:type\" content=\"image\/jpeg\" \/>\n<meta name=\"twitter:label1\" content=\"Est. reading time\" \/>\n\t<meta name=\"twitter:data1\" content=\"1 minute\" \/>\n<script type=\"application\/ld+json\" class=\"yoast-schema-graph\">{\"@context\":\"https:\/\/schema.org\",\"@graph\":[{\"@type\":\"WebPage\",\"@id\":\"https:\/\/serbia.com\/srpski\/posetite-srbiju\/gradovi\/beograd\/ture\/\",\"url\":\"https:\/\/serbia.com\/srpski\/posetite-srbiju\/gradovi\/beograd\/ture\/\",\"name\":\"Ture - Serbia.com\",\"isPartOf\":{\"@id\":\"https:\/\/serbia.com\/#website\"},\"primaryImageOfPage\":{\"@id\":\"https:\/\/serbia.com\/srpski\/posetite-srbiju\/gradovi\/beograd\/ture\/#primaryimage\"},\"image\":{\"@id\":\"https:\/\/serbia.com\/srpski\/posetite-srbiju\/gradovi\/beograd\/ture\/#primaryimage\"},\"thumbnailUrl\":\"https:\/\/serbia.com\/wp-content\/uploads\/2015\/03\/bg-e1454080984989.jpg\",\"datePublished\":\"2014-02-27T01:18:07+00:00\",\"dateModified\":\"2024-10-20T19:08:52+00:00\",\"breadcrumb\":{\"@id\":\"https:\/\/serbia.com\/srpski\/posetite-srbiju\/gradovi\/beograd\/ture\/#breadcrumb\"},\"inLanguage\":\"srpski\",\"potentialAction\":[{\"@type\":\"ReadAction\",\"target\":[\"https:\/\/serbia.com\/srpski\/posetite-srbiju\/gradovi\/beograd\/ture\/\"]}]},{\"@type\":\"ImageObject\",\"inLanguage\":\"srpski\",\"@id\":\"https:\/\/serbia.com\/srpski\/posetite-srbiju\/gradovi\/beograd\/ture\/#primaryimage\",\"url\":\"https:\/\/serbia.com\/wp-content\/uploads\/2015\/03\/bg-e1454080984989.jpg\",\"contentUrl\":\"https:\/\/serbia.com\/wp-content\/uploads\/2015\/03\/bg-e1454080984989.jpg\",\"width\":800,\"height\":390},{\"@type\":\"BreadcrumbList\",\"@id\":\"https:\/\/serbia.com\/srpski\/posetite-srbiju\/gradovi\/beograd\/ture\/#breadcrumb\",\"itemListElement\":[{\"@type\":\"ListItem\",\"position\":1,\"name\":\"Home\",\"item\":\"https:\/\/serbia.com\/srpski\/\"},{\"@type\":\"ListItem\",\"position\":2,\"name\":\"Poseti Srbiju\",\"item\":\"https:\/\/serbia.com\/srpski\/posetite-srbiju\/\"},{\"@type\":\"ListItem\",\"position\":3,\"name\":\"Gradovi\",\"item\":\"https:\/\/serbia.com\/srpski\/posetite-srbiju\/gradovi\/\"},{\"@type\":\"ListItem\",\"position\":4,\"name\":\"Beograd\",\"item\":\"https:\/\/serbia.com\/srpski\/posetite-srbiju\/gradovi\/beograd\/\"},{\"@type\":\"ListItem\",\"position\":5,\"name\":\"Ture\"}]},{\"@type\":\"WebSite\",\"@id\":\"https:\/\/serbia.com\/#website\",\"url\":\"https:\/\/serbia.com\/\",\"name\":\"Serbia.com\",\"description\":\"Your Gateway to Serbia\",\"potentialAction\":[{\"@type\":\"SearchAction\",\"target\":{\"@type\":\"EntryPoint\",\"urlTemplate\":\"https:\/\/serbia.com\/?s={search_term_string}\"},\"query-input\":{\"@type\":\"PropertyValueSpecification\",\"valueRequired\":true,\"valueName\":\"search_term_string\"}}],\"inLanguage\":\"srpski\"}]}<\/script>\n<!-- \/ Yoast SEO plugin. -->","yoast_head_json":{"title":"Ture - Serbia.com","robots":{"index":"index","follow":"follow","max-snippet":"max-snippet:-1","max-image-preview":"max-image-preview:large","max-video-preview":"max-video-preview:-1"},"canonical":"https:\/\/serbia.com\/srpski\/posetite-srbiju\/gradovi\/beograd\/ture\/","og_locale":"en_US","og_type":"article","og_title":"Ture - Serbia.com","og_description":"Da bi se obi\u0161le sve znamenitosti Beograda potrebno je nekoliko dana. Kako ne biste propustili ne\u0161to va\u017eno i kako biste \u010duli sve zanimljive pri\u010de Beograda, najbolje je prepustiti se stru\u010dnjacima, [&hellip;]","og_url":"https:\/\/serbia.com\/srpski\/posetite-srbiju\/gradovi\/beograd\/ture\/","og_site_name":"Serbia.com","article_modified_time":"2024-10-20T19:08:52+00:00","og_image":[{"width":800,"height":390,"url":"https:\/\/serbia.com\/wp-content\/uploads\/2015\/03\/bg-e1454080984989.jpg","type":"image\/jpeg"}],"twitter_misc":{"Est. reading time":"1 minute"},"schema":{"@context":"https:\/\/schema.org","@graph":[{"@type":"WebPage","@id":"https:\/\/serbia.com\/srpski\/posetite-srbiju\/gradovi\/beograd\/ture\/","url":"https:\/\/serbia.com\/srpski\/posetite-srbiju\/gradovi\/beograd\/ture\/","name":"Ture - Serbia.com","isPartOf":{"@id":"https:\/\/serbia.com\/#website"},"primaryImageOfPage":{"@id":"https:\/\/serbia.com\/srpski\/posetite-srbiju\/gradovi\/beograd\/ture\/#primaryimage"},"image":{"@id":"https:\/\/serbia.com\/srpski\/posetite-srbiju\/gradovi\/beograd\/ture\/#primaryimage"},"thumbnailUrl":"https:\/\/serbia.com\/wp-content\/uploads\/2015\/03\/bg-e1454080984989.jpg","datePublished":"2014-02-27T01:18:07+00:00","dateModified":"2024-10-20T19:08:52+00:00","breadcrumb":{"@id":"https:\/\/serbia.com\/srpski\/posetite-srbiju\/gradovi\/beograd\/ture\/#breadcrumb"},"inLanguage":"srpski","potentialAction":[{"@type":"ReadAction","target":["https:\/\/serbia.com\/srpski\/posetite-srbiju\/gradovi\/beograd\/ture\/"]}]},{"@type":"ImageObject","inLanguage":"srpski","@id":"https:\/\/serbia.com\/srpski\/posetite-srbiju\/gradovi\/beograd\/ture\/#primaryimage","url":"https:\/\/serbia.com\/wp-content\/uploads\/2015\/03\/bg-e1454080984989.jpg","contentUrl":"https:\/\/serbia.com\/wp-content\/uploads\/2015\/03\/bg-e1454080984989.jpg","width":800,"height":390},{"@type":"BreadcrumbList","@id":"https:\/\/serbia.com\/srpski\/posetite-srbiju\/gradovi\/beograd\/ture\/#breadcrumb","itemListElement":[{"@type":"ListItem","position":1,"name":"Home","item":"https:\/\/serbia.com\/srpski\/"},{"@type":"ListItem","position":2,"name":"Poseti Srbiju","item":"https:\/\/serbia.com\/srpski\/posetite-srbiju\/"},{"@type":"ListItem","position":3,"name":"Gradovi","item":"https:\/\/serbia.com\/srpski\/posetite-srbiju\/gradovi\/"},{"@type":"ListItem","position":4,"name":"Beograd","item":"https:\/\/serbia.com\/srpski\/posetite-srbiju\/gradovi\/beograd\/"},{"@type":"ListItem","position":5,"name":"Ture"}]},{"@type":"WebSite","@id":"https:\/\/serbia.com\/#website","url":"https:\/\/serbia.com\/","name":"Serbia.com","description":"Your Gateway to Serbia","potentialAction":[{"@type":"SearchAction","target":{"@type":"EntryPoint","urlTemplate":"https:\/\/serbia.com\/?s={search_term_string}"},"query-input":{"@type":"PropertyValueSpecification","valueRequired":true,"valueName":"search_term_string"}}],"inLanguage":"srpski"}]}},"_links":{"self":[{"href":"https:\/\/serbia.com\/srpski\/wp-json\/wp\/v2\/pages\/21028"}],"collection":[{"href":"https:\/\/serbia.com\/srpski\/wp-json\/wp\/v2\/pages"}],"about":[{"href":"https:\/\/serbia.com\/srpski\/wp-json\/wp\/v2\/types\/page"}],"author":[{"embeddable":true,"href":"https:\/\/serbia.com\/srpski\/wp-json\/wp\/v2\/users\/9"}],"replies":[{"embeddable":true,"href":"https:\/\/serbia.com\/srpski\/wp-json\/wp\/v2\/comments?post=21028"}],"version-history":[{"count":1,"href":"https:\/\/serbia.com\/srpski\/wp-json\/wp\/v2\/pages\/21028\/revisions"}],"predecessor-version":[{"id":55796,"href":"https:\/\/serbia.com\/srpski\/wp-json\/wp\/v2\/pages\/21028\/revisions\/55796"}],"up":[{"embeddable":true,"href":"https:\/\/serbia.com\/srpski\/wp-json\/wp\/v2\/pages\/20438"}],"wp:featuredmedia":[{"embeddable":true,"href":"https:\/\/serbia.com\/srpski\/wp-json\/wp\/v2\/media\/30165"}],"wp:attachment":[{"href":"https:\/\/serbia.com\/srpski\/wp-json\/wp\/v2\/media?parent=21028"}],"wp:term":[{"taxonomy":"category","embeddable":true,"href":"https:\/\/serbia.com\/srpski\/wp-json\/wp\/v2\/categories?post=21028"},{"taxonomy":"post_tag","embeddable":true,"href":"https:\/\/serbia.com\/srpski\/wp-json\/wp\/v2\/tags?post=21028"}],"curies":[{"name":"wp","href":"https:\/\/api.w.org\/{rel}","templated":true}]}}