{"id":21022,"date":"2014-02-27T02:16:02","date_gmt":"2014-02-27T01:16:02","guid":{"rendered":"http:\/\/www.serbia.com\/?page_id=21022"},"modified":"2014-05-27T10:34:59","modified_gmt":"2014-05-27T08:34:59","slug":"nocni-zivot","status":"publish","type":"page","link":"https:\/\/serbia.com\/srpski\/posetite-srbiju\/gradovi\/beograd\/nocni-zivot\/","title":{"rendered":"No\u0107ni \u017eivot"},"content":{"rendered":"<p><a href=\"http:\/\/www.serbia.com\/wp-content\/uploads\/2014\/02\/belgrade-nightlife.jpg\"><img loading=\"lazy\" decoding=\"async\" class=\"aligncenter wp-image-28736 size-full\" src=\"http:\/\/www.serbia.com\/wp-content\/uploads\/2014\/02\/belgrade-nightlife.jpg\" alt=\"belgrade-nightlife\" width=\"998\" height=\"409\" srcset=\"https:\/\/serbia.com\/wp-content\/uploads\/2014\/02\/belgrade-nightlife.jpg 998w, https:\/\/serbia.com\/wp-content\/uploads\/2014\/02\/belgrade-nightlife-300x122.jpg 300w\" sizes=\"(max-width: 998px) 100vw, 998px\" \/><\/a><\/p>\n<p>Beograd je najbolji grad za no\u0107ni \u017eivot, tvrdi najpoznatiji izdava\u010d turisti\u010dkih vodi\u010da \u201eLonely planet\u201c. Ono \u0161to ne mo\u017eete na\u0107i u drugim evropskim prestonicama u Beogradu sigurno ho\u0107ete, jer je to grad koji, poput Njujorka, nikada ne spava.<\/p>\n<p>Svake ve\u010deri mnogobrojni klubovi bude uspavani duh Beograda kojem je te\u0161ko odoleti. Ovde nema posebnog dana za izlaske ve\u0107 se u dobru zabavu kre\u0107e uvek \u2013 va\u0161a je svaka no\u0107 bilo da je ponedeljak, sreda ili petak, dok vikendom ceo grad pulsira u ritmu dobrog provoda.<\/p>\n<p>Beogradski no\u0107ni \u017eivot je na tronu prestoni\u010dkih provoda bio jo\u0161 pre vi\u0161e od 40 godina kada je prva diskoteka na potezu od Trsta do Vladivostoka otvorena u ulici Lole Ribara. Te daleke 1967. godine, u Evropi su diskoteke postojale samo u Parizu, Londonu, Milanu i, naravno, u Beogradu.<\/p>\n<p>Tako\u0111e, kulturolo\u0161ki fenomen poznat samo na ovim prostorima su popularni <a title=\"Splavovi, epicentri dobrog provoda\" href=\"http:\/\/www.serbia.com\/srpski\/splavovi-epicentri-dobrog-provoda\/\" target=\"_blank\">splavovi<\/a>, koji su od prostora za opu\u0161tanje i odmor prerasli u atrakciju poznatu \u0161irom sveta i postali jedna od obaveznih destinacija svima koji pose\u0107uju Srbiju. Ove \u201ediskoteke na vodi\u201c postale su toliko poznate da je i sama re\u010d \u201esplav\u201c dobila me\u0111unarodni karater i vi\u0161e se ne prevodi u mnogim jezicima sveta.<\/p>\n<p>Poslednjih godina <a title=\"Kafana, centar \u017eivota u Srbiji\" href=\"http:\/\/www.serbia.com\/srpski\/kafana-centar-zivota-u-srbiji\/\" target=\"_blank\">kafane<\/a> su postale sve popularnije me\u0111u omladinom kao varijanta za ve\u010dernji izlazak. U njima se slu\u0161a starogradska muzika uz tamburice. Najspecifi\u010dnije kafane mo\u017eete prona\u0107i na Garo\u0161u u <a title=\"Zemun\" href=\"http:\/\/www.serbia.com\/srpski\/zemun-2\/\" target=\"_blank\">Zemunu<\/a> i u staroj boemskoj \u010detvrti Skadarliji.<\/p>\n<p>Mi predla\u017eemo da u svoj beogradski provod uklopite i tradicionalno i moderno, a sigurni smo da \u0107ete iz glavnog grada Srbije oti\u0107i prepuni utisaka.<\/p>\n<p>Ova strana vam predstavlja najbolje beogradske klubove, kafane i splavove.<\/p>\n<p>&nbsp;<\/p>\n","protected":false},"excerpt":{"rendered":"<p>Beograd je najbolji grad za no\u0107ni \u017eivot, tvrdi najpoznatiji izdava\u010d turisti\u010dkih vodi\u010da \u201eLonely planet\u201c. Ono \u0161to ne mo\u017eete na\u0107i u drugim evropskim prestonicama u Beogradu sigurno ho\u0107ete, jer je to [&hellip;]<\/p>\n","protected":false},"author":9,"featured_media":52593,"parent":20438,"menu_order":0,"comment_status":"closed","ping_status":"open","template":"","meta":{"_acf_changed":false,"inline_featured_image":false,"_monsterinsights_skip_tracking":false,"_monsterinsights_sitenote_active":false,"_monsterinsights_sitenote_note":"","_monsterinsights_sitenote_category":0,"footnotes":""},"categories":[2497,2828],"tags":[],"class_list":["post-21022","page","type-page","status-publish","has-post-thumbnail","hentry","category-beograd-gradovi","category-nocni-zivot-beograd"],"acf":[],"yoast_head":"<!-- This site is optimized with the Yoast SEO plugin v23.8 - https:\/\/yoast.com\/wordpress\/plugins\/seo\/ -->\n<title>No\u0107ni \u017eivot - Serbia.com<\/title>\n<meta name=\"robots\" content=\"index, follow, max-snippet:-1, max-image-preview:large, max-video-preview:-1\" \/>\n<link rel=\"canonical\" href=\"https:\/\/serbia.com\/srpski\/posetite-srbiju\/gradovi\/beograd\/nocni-zivot\/\" \/>\n<meta property=\"og:locale\" content=\"en_US\" \/>\n<meta property=\"og:type\" content=\"article\" \/>\n<meta property=\"og:title\" content=\"No\u0107ni \u017eivot - Serbia.com\" \/>\n<meta property=\"og:description\" content=\"Beograd je najbolji grad za no\u0107ni \u017eivot, tvrdi najpoznatiji izdava\u010d turisti\u010dkih vodi\u010da \u201eLonely planet\u201c. Ono \u0161to ne mo\u017eete na\u0107i u drugim evropskim prestonicama u Beogradu sigurno ho\u0107ete, jer je to [&hellip;]\" \/>\n<meta property=\"og:url\" content=\"https:\/\/serbia.com\/srpski\/posetite-srbiju\/gradovi\/beograd\/nocni-zivot\/\" \/>\n<meta property=\"og:site_name\" content=\"Serbia.com\" \/>\n<meta property=\"article:modified_time\" content=\"2014-05-27T08:34:59+00:00\" \/>\n<meta property=\"og:image\" content=\"https:\/\/serbia.com\/wp-content\/uploads\/2024\/05\/pexels-borishamer-16967441-scaled.jpg\" \/>\n\t<meta property=\"og:image:width\" content=\"2560\" \/>\n\t<meta property=\"og:image:height\" content=\"1707\" \/>\n\t<meta property=\"og:image:type\" content=\"image\/jpeg\" \/>\n<meta name=\"twitter:label1\" content=\"Est. reading time\" \/>\n\t<meta name=\"twitter:data1\" content=\"1 minute\" \/>\n<script type=\"application\/ld+json\" class=\"yoast-schema-graph\">{\"@context\":\"https:\/\/schema.org\",\"@graph\":[{\"@type\":\"WebPage\",\"@id\":\"https:\/\/serbia.com\/srpski\/posetite-srbiju\/gradovi\/beograd\/nocni-zivot\/\",\"url\":\"https:\/\/serbia.com\/srpski\/posetite-srbiju\/gradovi\/beograd\/nocni-zivot\/\",\"name\":\"No\u0107ni \u017eivot - Serbia.com\",\"isPartOf\":{\"@id\":\"https:\/\/serbia.com\/#website\"},\"primaryImageOfPage\":{\"@id\":\"https:\/\/serbia.com\/srpski\/posetite-srbiju\/gradovi\/beograd\/nocni-zivot\/#primaryimage\"},\"image\":{\"@id\":\"https:\/\/serbia.com\/srpski\/posetite-srbiju\/gradovi\/beograd\/nocni-zivot\/#primaryimage\"},\"thumbnailUrl\":\"https:\/\/serbia.com\/wp-content\/uploads\/2024\/05\/pexels-borishamer-16967441-scaled.jpg\",\"datePublished\":\"2014-02-27T01:16:02+00:00\",\"dateModified\":\"2014-05-27T08:34:59+00:00\",\"breadcrumb\":{\"@id\":\"https:\/\/serbia.com\/srpski\/posetite-srbiju\/gradovi\/beograd\/nocni-zivot\/#breadcrumb\"},\"inLanguage\":\"srpski\",\"potentialAction\":[{\"@type\":\"ReadAction\",\"target\":[\"https:\/\/serbia.com\/srpski\/posetite-srbiju\/gradovi\/beograd\/nocni-zivot\/\"]}]},{\"@type\":\"ImageObject\",\"inLanguage\":\"srpski\",\"@id\":\"https:\/\/serbia.com\/srpski\/posetite-srbiju\/gradovi\/beograd\/nocni-zivot\/#primaryimage\",\"url\":\"https:\/\/serbia.com\/wp-content\/uploads\/2024\/05\/pexels-borishamer-16967441-scaled.jpg\",\"contentUrl\":\"https:\/\/serbia.com\/wp-content\/uploads\/2024\/05\/pexels-borishamer-16967441-scaled.jpg\",\"width\":2560,\"height\":1707},{\"@type\":\"BreadcrumbList\",\"@id\":\"https:\/\/serbia.com\/srpski\/posetite-srbiju\/gradovi\/beograd\/nocni-zivot\/#breadcrumb\",\"itemListElement\":[{\"@type\":\"ListItem\",\"position\":1,\"name\":\"Home\",\"item\":\"https:\/\/serbia.com\/srpski\/\"},{\"@type\":\"ListItem\",\"position\":2,\"name\":\"Poseti Srbiju\",\"item\":\"https:\/\/serbia.com\/srpski\/posetite-srbiju\/\"},{\"@type\":\"ListItem\",\"position\":3,\"name\":\"Gradovi\",\"item\":\"https:\/\/serbia.com\/srpski\/posetite-srbiju\/gradovi\/\"},{\"@type\":\"ListItem\",\"position\":4,\"name\":\"Beograd\",\"item\":\"https:\/\/serbia.com\/srpski\/posetite-srbiju\/gradovi\/beograd\/\"},{\"@type\":\"ListItem\",\"position\":5,\"name\":\"No\u0107ni \u017eivot\"}]},{\"@type\":\"WebSite\",\"@id\":\"https:\/\/serbia.com\/#website\",\"url\":\"https:\/\/serbia.com\/\",\"name\":\"Serbia.com\",\"description\":\"Your Gateway to Serbia\",\"potentialAction\":[{\"@type\":\"SearchAction\",\"target\":{\"@type\":\"EntryPoint\",\"urlTemplate\":\"https:\/\/serbia.com\/?s={search_term_string}\"},\"query-input\":{\"@type\":\"PropertyValueSpecification\",\"valueRequired\":true,\"valueName\":\"search_term_string\"}}],\"inLanguage\":\"srpski\"}]}<\/script>\n<!-- \/ Yoast SEO plugin. -->","yoast_head_json":{"title":"No\u0107ni \u017eivot - Serbia.com","robots":{"index":"index","follow":"follow","max-snippet":"max-snippet:-1","max-image-preview":"max-image-preview:large","max-video-preview":"max-video-preview:-1"},"canonical":"https:\/\/serbia.com\/srpski\/posetite-srbiju\/gradovi\/beograd\/nocni-zivot\/","og_locale":"en_US","og_type":"article","og_title":"No\u0107ni \u017eivot - Serbia.com","og_description":"Beograd je najbolji grad za no\u0107ni \u017eivot, tvrdi najpoznatiji izdava\u010d turisti\u010dkih vodi\u010da \u201eLonely planet\u201c. Ono \u0161to ne mo\u017eete na\u0107i u drugim evropskim prestonicama u Beogradu sigurno ho\u0107ete, jer je to [&hellip;]","og_url":"https:\/\/serbia.com\/srpski\/posetite-srbiju\/gradovi\/beograd\/nocni-zivot\/","og_site_name":"Serbia.com","article_modified_time":"2014-05-27T08:34:59+00:00","og_image":[{"width":2560,"height":1707,"url":"https:\/\/serbia.com\/wp-content\/uploads\/2024\/05\/pexels-borishamer-16967441-scaled.jpg","type":"image\/jpeg"}],"twitter_misc":{"Est. reading time":"1 minute"},"schema":{"@context":"https:\/\/schema.org","@graph":[{"@type":"WebPage","@id":"https:\/\/serbia.com\/srpski\/posetite-srbiju\/gradovi\/beograd\/nocni-zivot\/","url":"https:\/\/serbia.com\/srpski\/posetite-srbiju\/gradovi\/beograd\/nocni-zivot\/","name":"No\u0107ni \u017eivot - Serbia.com","isPartOf":{"@id":"https:\/\/serbia.com\/#website"},"primaryImageOfPage":{"@id":"https:\/\/serbia.com\/srpski\/posetite-srbiju\/gradovi\/beograd\/nocni-zivot\/#primaryimage"},"image":{"@id":"https:\/\/serbia.com\/srpski\/posetite-srbiju\/gradovi\/beograd\/nocni-zivot\/#primaryimage"},"thumbnailUrl":"https:\/\/serbia.com\/wp-content\/uploads\/2024\/05\/pexels-borishamer-16967441-scaled.jpg","datePublished":"2014-02-27T01:16:02+00:00","dateModified":"2014-05-27T08:34:59+00:00","breadcrumb":{"@id":"https:\/\/serbia.com\/srpski\/posetite-srbiju\/gradovi\/beograd\/nocni-zivot\/#breadcrumb"},"inLanguage":"srpski","potentialAction":[{"@type":"ReadAction","target":["https:\/\/serbia.com\/srpski\/posetite-srbiju\/gradovi\/beograd\/nocni-zivot\/"]}]},{"@type":"ImageObject","inLanguage":"srpski","@id":"https:\/\/serbia.com\/srpski\/posetite-srbiju\/gradovi\/beograd\/nocni-zivot\/#primaryimage","url":"https:\/\/serbia.com\/wp-content\/uploads\/2024\/05\/pexels-borishamer-16967441-scaled.jpg","contentUrl":"https:\/\/serbia.com\/wp-content\/uploads\/2024\/05\/pexels-borishamer-16967441-scaled.jpg","width":2560,"height":1707},{"@type":"BreadcrumbList","@id":"https:\/\/serbia.com\/srpski\/posetite-srbiju\/gradovi\/beograd\/nocni-zivot\/#breadcrumb","itemListElement":[{"@type":"ListItem","position":1,"name":"Home","item":"https:\/\/serbia.com\/srpski\/"},{"@type":"ListItem","position":2,"name":"Poseti Srbiju","item":"https:\/\/serbia.com\/srpski\/posetite-srbiju\/"},{"@type":"ListItem","position":3,"name":"Gradovi","item":"https:\/\/serbia.com\/srpski\/posetite-srbiju\/gradovi\/"},{"@type":"ListItem","position":4,"name":"Beograd","item":"https:\/\/serbia.com\/srpski\/posetite-srbiju\/gradovi\/beograd\/"},{"@type":"ListItem","position":5,"name":"No\u0107ni \u017eivot"}]},{"@type":"WebSite","@id":"https:\/\/serbia.com\/#website","url":"https:\/\/serbia.com\/","name":"Serbia.com","description":"Your Gateway to Serbia","potentialAction":[{"@type":"SearchAction","target":{"@type":"EntryPoint","urlTemplate":"https:\/\/serbia.com\/?s={search_term_string}"},"query-input":{"@type":"PropertyValueSpecification","valueRequired":true,"valueName":"search_term_string"}}],"inLanguage":"srpski"}]}},"_links":{"self":[{"href":"https:\/\/serbia.com\/srpski\/wp-json\/wp\/v2\/pages\/21022"}],"collection":[{"href":"https:\/\/serbia.com\/srpski\/wp-json\/wp\/v2\/pages"}],"about":[{"href":"https:\/\/serbia.com\/srpski\/wp-json\/wp\/v2\/types\/page"}],"author":[{"embeddable":true,"href":"https:\/\/serbia.com\/srpski\/wp-json\/wp\/v2\/users\/9"}],"replies":[{"embeddable":true,"href":"https:\/\/serbia.com\/srpski\/wp-json\/wp\/v2\/comments?post=21022"}],"version-history":[{"count":0,"href":"https:\/\/serbia.com\/srpski\/wp-json\/wp\/v2\/pages\/21022\/revisions"}],"up":[{"embeddable":true,"href":"https:\/\/serbia.com\/srpski\/wp-json\/wp\/v2\/pages\/20438"}],"wp:featuredmedia":[{"embeddable":true,"href":"https:\/\/serbia.com\/srpski\/wp-json\/wp\/v2\/media\/52593"}],"wp:attachment":[{"href":"https:\/\/serbia.com\/srpski\/wp-json\/wp\/v2\/media?parent=21022"}],"wp:term":[{"taxonomy":"category","embeddable":true,"href":"https:\/\/serbia.com\/srpski\/wp-json\/wp\/v2\/categories?post=21022"},{"taxonomy":"post_tag","embeddable":true,"href":"https:\/\/serbia.com\/srpski\/wp-json\/wp\/v2\/tags?post=21022"}],"curies":[{"name":"wp","href":"https:\/\/api.w.org\/{rel}","templated":true}]}}