{"id":21012,"date":"2014-02-27T02:12:56","date_gmt":"2014-02-27T01:12:56","guid":{"rendered":"http:\/\/www.serbia.com\/?page_id=21012"},"modified":"2016-03-03T13:29:15","modified_gmt":"2016-03-03T12:29:15","slug":"smestaj","status":"publish","type":"page","link":"https:\/\/serbia.com\/srpski\/posetite-srbiju\/putovanje\/smestaj\/","title":{"rendered":"Sme\u0161taj"},"content":{"rendered":"<p><a href=\"http:\/\/www.serbia.com\/srpski\/novi-i-obnovljeni-hoteli-beograda\/\" target=\"_blank\">Hoteli u Beogradu<\/a> \u010dine najve\u0107i deo sme\u0161tajnih kapaciteta u Srbiji. U poslednjoj deceniji <strong><a href=\"http:\/\/directory.serbia.com\/sr\/cat\/smestaj\/\" target=\"_blank\">sme\u0161tajna ponuda<\/a><\/strong> je oboga\u0107ena velikim brojem hostela, a svoja vrata za turiste sve \u010de\u0161\u0107e otvaraju i luksuzni apartmani.<\/p>\n<p>U zavisnosti od va\u0161ih potreba i mogu\u0107nosti, Beograd \u0107e vam u svako doba godine ponuditi odli\u010dan sme\u0161taj u svakom delu grada.<\/p>\n<p>Klikom na slede\u0107i <a href=\"http:\/\/directory.serbia.com\/sr\/cat\/smestaj\/\" target=\"_blank\">LINK<\/a> izlista\u0107e vam se najbolji hosteli, apartmani i hoteli u Beogradu \u0161to \u0107e vam pomo\u0107i da u moru bogate ponude prona\u0111ete upravo onaj sme\u0161taj koji vama najvi\u0161e odgovara.<\/p>\n<p>[ultimate_spacer height=&#8221;30&#8243;][dt_fancy_title title=&#8221;Povezani \u010dlanci&#8221; title_align=&#8221;left&#8221; title_size=&#8221;normal&#8221; title_color=&#8221;accent&#8221; el_width=&#8221;100&#8243; title_bg=&#8221;disabled&#8221; separator_color=&#8221;default&#8221;][ultimate_spacer height=&#8221;30&#8243; height_on_tabs=&#8221;&#8221; height_on_tabs_portrait=&#8221;&#8221; height_on_mob_landscape=&#8221;&#8221; height_on_mob=&#8221;&#8221;]<\/p>\n","protected":false},"excerpt":{"rendered":"<p>Hoteli u Beogradu \u010dine najve\u0107i deo sme\u0161tajnih kapaciteta u Srbiji. U poslednjoj deceniji sme\u0161tajna ponuda je oboga\u0107ena velikim brojem hostela, a svoja vrata za turiste sve \u010de\u0161\u0107e otvaraju i luksuzni [&hellip;]<\/p>\n","protected":false},"author":9,"featured_media":30979,"parent":20398,"menu_order":0,"comment_status":"closed","ping_status":"open","template":"","meta":{"_acf_changed":false,"inline_featured_image":false,"_monsterinsights_skip_tracking":false,"_monsterinsights_sitenote_active":false,"_monsterinsights_sitenote_note":"","_monsterinsights_sitenote_category":0,"footnotes":""},"categories":[1250],"tags":[],"class_list":["post-21012","page","type-page","status-publish","has-post-thumbnail","hentry","category-putovanje-srbija"],"acf":[],"yoast_head":"<!-- This site is optimized with the Yoast SEO plugin v23.8 - https:\/\/yoast.com\/wordpress\/plugins\/seo\/ -->\n<title>Sme\u0161taj - Serbia.com<\/title>\n<meta name=\"robots\" content=\"index, follow, max-snippet:-1, max-image-preview:large, max-video-preview:-1\" \/>\n<link rel=\"canonical\" href=\"https:\/\/serbia.com\/srpski\/posetite-srbiju\/putovanje\/smestaj\/\" \/>\n<meta property=\"og:locale\" content=\"en_US\" \/>\n<meta property=\"og:type\" content=\"article\" \/>\n<meta property=\"og:title\" content=\"Sme\u0161taj - Serbia.com\" \/>\n<meta property=\"og:description\" content=\"Hoteli u Beogradu \u010dine najve\u0107i deo sme\u0161tajnih kapaciteta u Srbiji. U poslednjoj deceniji sme\u0161tajna ponuda je oboga\u0107ena velikim brojem hostela, a svoja vrata za turiste sve \u010de\u0161\u0107e otvaraju i luksuzni [&hellip;]\" \/>\n<meta property=\"og:url\" content=\"https:\/\/serbia.com\/srpski\/posetite-srbiju\/putovanje\/smestaj\/\" \/>\n<meta property=\"og:site_name\" content=\"Serbia.com\" \/>\n<meta property=\"article:modified_time\" content=\"2016-03-03T12:29:15+00:00\" \/>\n<meta property=\"og:image\" content=\"https:\/\/serbia.com\/wp-content\/uploads\/2015\/04\/moskva.jpg\" \/>\n\t<meta property=\"og:image:width\" content=\"1200\" \/>\n\t<meta property=\"og:image:height\" content=\"674\" \/>\n\t<meta property=\"og:image:type\" content=\"image\/jpeg\" \/>\n<meta name=\"twitter:label1\" content=\"Est. reading time\" \/>\n\t<meta name=\"twitter:data1\" content=\"1 minute\" \/>\n<script type=\"application\/ld+json\" class=\"yoast-schema-graph\">{\"@context\":\"https:\/\/schema.org\",\"@graph\":[{\"@type\":\"WebPage\",\"@id\":\"https:\/\/serbia.com\/srpski\/posetite-srbiju\/putovanje\/smestaj\/\",\"url\":\"https:\/\/serbia.com\/srpski\/posetite-srbiju\/putovanje\/smestaj\/\",\"name\":\"Sme\u0161taj - Serbia.com\",\"isPartOf\":{\"@id\":\"https:\/\/serbia.com\/#website\"},\"primaryImageOfPage\":{\"@id\":\"https:\/\/serbia.com\/srpski\/posetite-srbiju\/putovanje\/smestaj\/#primaryimage\"},\"image\":{\"@id\":\"https:\/\/serbia.com\/srpski\/posetite-srbiju\/putovanje\/smestaj\/#primaryimage\"},\"thumbnailUrl\":\"https:\/\/serbia.com\/wp-content\/uploads\/2015\/04\/moskva.jpg\",\"datePublished\":\"2014-02-27T01:12:56+00:00\",\"dateModified\":\"2016-03-03T12:29:15+00:00\",\"breadcrumb\":{\"@id\":\"https:\/\/serbia.com\/srpski\/posetite-srbiju\/putovanje\/smestaj\/#breadcrumb\"},\"inLanguage\":\"srpski\",\"potentialAction\":[{\"@type\":\"ReadAction\",\"target\":[\"https:\/\/serbia.com\/srpski\/posetite-srbiju\/putovanje\/smestaj\/\"]}]},{\"@type\":\"ImageObject\",\"inLanguage\":\"srpski\",\"@id\":\"https:\/\/serbia.com\/srpski\/posetite-srbiju\/putovanje\/smestaj\/#primaryimage\",\"url\":\"https:\/\/serbia.com\/wp-content\/uploads\/2015\/04\/moskva.jpg\",\"contentUrl\":\"https:\/\/serbia.com\/wp-content\/uploads\/2015\/04\/moskva.jpg\",\"width\":1200,\"height\":674},{\"@type\":\"BreadcrumbList\",\"@id\":\"https:\/\/serbia.com\/srpski\/posetite-srbiju\/putovanje\/smestaj\/#breadcrumb\",\"itemListElement\":[{\"@type\":\"ListItem\",\"position\":1,\"name\":\"Home\",\"item\":\"https:\/\/serbia.com\/srpski\/\"},{\"@type\":\"ListItem\",\"position\":2,\"name\":\"Poseti Srbiju\",\"item\":\"https:\/\/serbia.com\/srpski\/posetite-srbiju\/\"},{\"@type\":\"ListItem\",\"position\":3,\"name\":\"Putovanje\",\"item\":\"https:\/\/serbia.com\/srpski\/posetite-srbiju\/putovanje\/\"},{\"@type\":\"ListItem\",\"position\":4,\"name\":\"Sme\u0161taj\"}]},{\"@type\":\"WebSite\",\"@id\":\"https:\/\/serbia.com\/#website\",\"url\":\"https:\/\/serbia.com\/\",\"name\":\"Serbia.com\",\"description\":\"Your Gateway to Serbia\",\"potentialAction\":[{\"@type\":\"SearchAction\",\"target\":{\"@type\":\"EntryPoint\",\"urlTemplate\":\"https:\/\/serbia.com\/?s={search_term_string}\"},\"query-input\":{\"@type\":\"PropertyValueSpecification\",\"valueRequired\":true,\"valueName\":\"search_term_string\"}}],\"inLanguage\":\"srpski\"}]}<\/script>\n<!-- \/ Yoast SEO plugin. -->","yoast_head_json":{"title":"Sme\u0161taj - Serbia.com","robots":{"index":"index","follow":"follow","max-snippet":"max-snippet:-1","max-image-preview":"max-image-preview:large","max-video-preview":"max-video-preview:-1"},"canonical":"https:\/\/serbia.com\/srpski\/posetite-srbiju\/putovanje\/smestaj\/","og_locale":"en_US","og_type":"article","og_title":"Sme\u0161taj - Serbia.com","og_description":"Hoteli u Beogradu \u010dine najve\u0107i deo sme\u0161tajnih kapaciteta u Srbiji. U poslednjoj deceniji sme\u0161tajna ponuda je oboga\u0107ena velikim brojem hostela, a svoja vrata za turiste sve \u010de\u0161\u0107e otvaraju i luksuzni [&hellip;]","og_url":"https:\/\/serbia.com\/srpski\/posetite-srbiju\/putovanje\/smestaj\/","og_site_name":"Serbia.com","article_modified_time":"2016-03-03T12:29:15+00:00","og_image":[{"width":1200,"height":674,"url":"https:\/\/serbia.com\/wp-content\/uploads\/2015\/04\/moskva.jpg","type":"image\/jpeg"}],"twitter_misc":{"Est. reading time":"1 minute"},"schema":{"@context":"https:\/\/schema.org","@graph":[{"@type":"WebPage","@id":"https:\/\/serbia.com\/srpski\/posetite-srbiju\/putovanje\/smestaj\/","url":"https:\/\/serbia.com\/srpski\/posetite-srbiju\/putovanje\/smestaj\/","name":"Sme\u0161taj - Serbia.com","isPartOf":{"@id":"https:\/\/serbia.com\/#website"},"primaryImageOfPage":{"@id":"https:\/\/serbia.com\/srpski\/posetite-srbiju\/putovanje\/smestaj\/#primaryimage"},"image":{"@id":"https:\/\/serbia.com\/srpski\/posetite-srbiju\/putovanje\/smestaj\/#primaryimage"},"thumbnailUrl":"https:\/\/serbia.com\/wp-content\/uploads\/2015\/04\/moskva.jpg","datePublished":"2014-02-27T01:12:56+00:00","dateModified":"2016-03-03T12:29:15+00:00","breadcrumb":{"@id":"https:\/\/serbia.com\/srpski\/posetite-srbiju\/putovanje\/smestaj\/#breadcrumb"},"inLanguage":"srpski","potentialAction":[{"@type":"ReadAction","target":["https:\/\/serbia.com\/srpski\/posetite-srbiju\/putovanje\/smestaj\/"]}]},{"@type":"ImageObject","inLanguage":"srpski","@id":"https:\/\/serbia.com\/srpski\/posetite-srbiju\/putovanje\/smestaj\/#primaryimage","url":"https:\/\/serbia.com\/wp-content\/uploads\/2015\/04\/moskva.jpg","contentUrl":"https:\/\/serbia.com\/wp-content\/uploads\/2015\/04\/moskva.jpg","width":1200,"height":674},{"@type":"BreadcrumbList","@id":"https:\/\/serbia.com\/srpski\/posetite-srbiju\/putovanje\/smestaj\/#breadcrumb","itemListElement":[{"@type":"ListItem","position":1,"name":"Home","item":"https:\/\/serbia.com\/srpski\/"},{"@type":"ListItem","position":2,"name":"Poseti Srbiju","item":"https:\/\/serbia.com\/srpski\/posetite-srbiju\/"},{"@type":"ListItem","position":3,"name":"Putovanje","item":"https:\/\/serbia.com\/srpski\/posetite-srbiju\/putovanje\/"},{"@type":"ListItem","position":4,"name":"Sme\u0161taj"}]},{"@type":"WebSite","@id":"https:\/\/serbia.com\/#website","url":"https:\/\/serbia.com\/","name":"Serbia.com","description":"Your Gateway to Serbia","potentialAction":[{"@type":"SearchAction","target":{"@type":"EntryPoint","urlTemplate":"https:\/\/serbia.com\/?s={search_term_string}"},"query-input":{"@type":"PropertyValueSpecification","valueRequired":true,"valueName":"search_term_string"}}],"inLanguage":"srpski"}]}},"_links":{"self":[{"href":"https:\/\/serbia.com\/srpski\/wp-json\/wp\/v2\/pages\/21012"}],"collection":[{"href":"https:\/\/serbia.com\/srpski\/wp-json\/wp\/v2\/pages"}],"about":[{"href":"https:\/\/serbia.com\/srpski\/wp-json\/wp\/v2\/types\/page"}],"author":[{"embeddable":true,"href":"https:\/\/serbia.com\/srpski\/wp-json\/wp\/v2\/users\/9"}],"replies":[{"embeddable":true,"href":"https:\/\/serbia.com\/srpski\/wp-json\/wp\/v2\/comments?post=21012"}],"version-history":[{"count":0,"href":"https:\/\/serbia.com\/srpski\/wp-json\/wp\/v2\/pages\/21012\/revisions"}],"up":[{"embeddable":true,"href":"https:\/\/serbia.com\/srpski\/wp-json\/wp\/v2\/pages\/20398"}],"wp:featuredmedia":[{"embeddable":true,"href":"https:\/\/serbia.com\/srpski\/wp-json\/wp\/v2\/media\/30979"}],"wp:attachment":[{"href":"https:\/\/serbia.com\/srpski\/wp-json\/wp\/v2\/media?parent=21012"}],"wp:term":[{"taxonomy":"category","embeddable":true,"href":"https:\/\/serbia.com\/srpski\/wp-json\/wp\/v2\/categories?post=21012"},{"taxonomy":"post_tag","embeddable":true,"href":"https:\/\/serbia.com\/srpski\/wp-json\/wp\/v2\/tags?post=21012"}],"curies":[{"name":"wp","href":"https:\/\/api.w.org\/{rel}","templated":true}]}}