{"id":20960,"date":"2014-02-27T02:01:24","date_gmt":"2014-02-27T01:01:24","guid":{"rendered":"http:\/\/www.serbia.com\/?page_id=20960"},"modified":"2024-10-20T21:06:21","modified_gmt":"2024-10-20T19:06:21","slug":"ture","status":"publish","type":"page","link":"https:\/\/serbia.com\/srpski\/posetite-srbiju\/putovanje\/ture\/","title":{"rendered":"Ture"},"content":{"rendered":"<p>Srbija je zemlja burne istorije i ogromnog kulturno-istorijskog nasle\u0111a iz rimskog, vizantijskog, srednjovekovnog i modernog doba. Priroda je svojom mo\u0107i ukrasila ovaj deo Balkana slikovitim pejza\u017eima i krajolicima koji oduzimaju dah, dok gostoprimljiv narod uvek otvorenog srca do\u010dekuje goste i ne dozvoljava im da odu dok ne probaju neki od ukusnih tradicionalnih specijaliteta.<\/p>\n<p>Ako ste avanturista i imate dovoljno vremena za samostalno istra\u017eivanje Srbije, sigurni smo da \u0107ete u\u017eivati i otkrivati je na sebi svojstven na\u010din. Ako, pak, nemate previ\u0161e vremena i \u017eelite da vas stru\u010dni turisti\u010dki vodi\u010di u organizovanim turama povedu u obilazak nekog dela zemlje, onda ste na pravom mestu, jer \u0107e vam ova rubrika portala Serbia.com ponuditi mno\u0161tvo raznovrsnih tematskih turisti\u010dkih tura po Srbiji.<\/p>\n<p>Bilo da \u017eelite da krenete u obilazak <a title=\"Dvorci i tvr\u0111ave\" href=\"http:\/\/www.serbia.com\/srpski\/posetite-srbiju\/kulturne-atrakcije\/dvorci-i-tvrdave\/\" target=\"_blank\" rel=\"noopener\">dvoraca<\/a> Vojvodine, <a title=\"Dvorci i tvr\u0111ave\" href=\"http:\/\/www.serbia.com\/srpski\/posetite-srbiju\/kulturne-atrakcije\/dvorci-i-tvrdave\/\" target=\"_blank\" rel=\"noopener\">tvr\u0111ava<\/a> iz rimskog doba ili pak onih iz Srednjeg veka, nekim od <a title=\"Vinski putevi\" href=\"http:\/\/www.serbia.com\/srpski\/posetite-srbiju\/provedi-se\/vinski-putevi\/\" target=\"_blank\" rel=\"noopener\">puteva vina<\/a>, u otkrivanje tajni <a title=\"Izlo\u017eba \u201cUnder\u0413\u0440\u0430\u0434\u201d \u2013 Tajne podzemnog Beograda\" href=\"http:\/\/www.serbia.com\/srpski\/izlozba-under%D0%B3%D1%80%D0%B0%D0%B4-tajne-podzemnog-beograda\/\" target=\"_blank\" rel=\"noopener\">podzemnog Beograda<\/a> ili u <a title=\"Rafting: Spust niz divlje reke\" href=\"http:\/\/www.serbia.com\/srpski\/posetite-srbiju\/provedi-se\/ekstremni-sport\/rafting-spust-niz-divlje-reke\/\" target=\"_blank\" rel=\"noopener\">rafting<\/a> niz divlje reke, uz stru\u010dne vodi\u010de \u0107ete mo\u0107i da saznate mnogo vi\u0161e i otkrijete neka skrivena mesta koja ina\u010de ne biste.<\/p>\n<p><strong>Izaberite svoju srpsku turu <a href=\"https:\/\/serbia.com\/srpski\/grupne-i-privatne-ture\/\">OVDE<\/a> i u\u017eivajte u putovanju!<\/strong><\/p>\n","protected":false},"excerpt":{"rendered":"<p>Srbija je zemlja burne istorije i ogromnog kulturno-istorijskog nasle\u0111a iz rimskog, vizantijskog, srednjovekovnog i modernog doba. Priroda je svojom mo\u0107i ukrasila ovaj deo Balkana slikovitim pejza\u017eima i krajolicima koji oduzimaju [&hellip;]<\/p>\n","protected":false},"author":9,"featured_media":53104,"parent":20398,"menu_order":0,"comment_status":"closed","ping_status":"open","template":"","meta":{"_acf_changed":false,"inline_featured_image":false,"_monsterinsights_skip_tracking":false,"_monsterinsights_sitenote_active":false,"_monsterinsights_sitenote_note":"","_monsterinsights_sitenote_category":0,"footnotes":""},"categories":[2818],"tags":[],"class_list":["post-20960","page","type-page","status-publish","has-post-thumbnail","hentry","category-poseti-srbiju"],"acf":[],"yoast_head":"<!-- This site is optimized with the Yoast SEO plugin v27.4 - https:\/\/yoast.com\/product\/yoast-seo-wordpress\/ -->\n<title>Ture - Serbia.com<\/title>\n<meta name=\"robots\" content=\"index, follow, max-snippet:-1, max-image-preview:large, max-video-preview:-1\" \/>\n<link rel=\"canonical\" href=\"https:\/\/serbia.com\/srpski\/posetite-srbiju\/putovanje\/ture\/\" \/>\n<meta property=\"og:locale\" content=\"en_US\" \/>\n<meta property=\"og:type\" content=\"article\" \/>\n<meta property=\"og:title\" content=\"Ture - Serbia.com\" \/>\n<meta property=\"og:description\" content=\"Srbija je zemlja burne istorije i ogromnog kulturno-istorijskog nasle\u0111a iz rimskog, vizantijskog, srednjovekovnog i modernog doba. Priroda je svojom mo\u0107i ukrasila ovaj deo Balkana slikovitim pejza\u017eima i krajolicima koji oduzimaju [&hellip;]\" \/>\n<meta property=\"og:url\" content=\"https:\/\/serbia.com\/srpski\/posetite-srbiju\/putovanje\/ture\/\" \/>\n<meta property=\"og:site_name\" content=\"Serbia.com\" \/>\n<meta property=\"article:modified_time\" content=\"2024-10-20T19:06:21+00:00\" \/>\n<meta property=\"og:image\" content=\"https:\/\/serbia.com\/wp-content\/uploads\/2024\/05\/belgrade-888332_1920.jpg\" \/>\n\t<meta property=\"og:image:width\" content=\"1920\" \/>\n\t<meta property=\"og:image:height\" content=\"1280\" \/>\n\t<meta property=\"og:image:type\" content=\"image\/jpeg\" \/>\n<meta name=\"twitter:label1\" content=\"Est. reading time\" \/>\n\t<meta name=\"twitter:data1\" content=\"1 minute\" \/>\n<script type=\"application\/ld+json\" class=\"yoast-schema-graph\">{\"@context\":\"https:\\\/\\\/schema.org\",\"@graph\":[{\"@type\":\"WebPage\",\"@id\":\"https:\\\/\\\/serbia.com\\\/srpski\\\/posetite-srbiju\\\/putovanje\\\/ture\\\/\",\"url\":\"https:\\\/\\\/serbia.com\\\/srpski\\\/posetite-srbiju\\\/putovanje\\\/ture\\\/\",\"name\":\"Ture - Serbia.com\",\"isPartOf\":{\"@id\":\"https:\\\/\\\/serbia.com\\\/#website\"},\"primaryImageOfPage\":{\"@id\":\"https:\\\/\\\/serbia.com\\\/srpski\\\/posetite-srbiju\\\/putovanje\\\/ture\\\/#primaryimage\"},\"image\":{\"@id\":\"https:\\\/\\\/serbia.com\\\/srpski\\\/posetite-srbiju\\\/putovanje\\\/ture\\\/#primaryimage\"},\"thumbnailUrl\":\"https:\\\/\\\/serbia.com\\\/wp-content\\\/uploads\\\/2024\\\/05\\\/belgrade-888332_1920.jpg\",\"datePublished\":\"2014-02-27T01:01:24+00:00\",\"dateModified\":\"2024-10-20T19:06:21+00:00\",\"breadcrumb\":{\"@id\":\"https:\\\/\\\/serbia.com\\\/srpski\\\/posetite-srbiju\\\/putovanje\\\/ture\\\/#breadcrumb\"},\"inLanguage\":\"srpski\",\"potentialAction\":[{\"@type\":\"ReadAction\",\"target\":[\"https:\\\/\\\/serbia.com\\\/srpski\\\/posetite-srbiju\\\/putovanje\\\/ture\\\/\"]}]},{\"@type\":\"ImageObject\",\"inLanguage\":\"srpski\",\"@id\":\"https:\\\/\\\/serbia.com\\\/srpski\\\/posetite-srbiju\\\/putovanje\\\/ture\\\/#primaryimage\",\"url\":\"https:\\\/\\\/serbia.com\\\/wp-content\\\/uploads\\\/2024\\\/05\\\/belgrade-888332_1920.jpg\",\"contentUrl\":\"https:\\\/\\\/serbia.com\\\/wp-content\\\/uploads\\\/2024\\\/05\\\/belgrade-888332_1920.jpg\",\"width\":1920,\"height\":1280},{\"@type\":\"BreadcrumbList\",\"@id\":\"https:\\\/\\\/serbia.com\\\/srpski\\\/posetite-srbiju\\\/putovanje\\\/ture\\\/#breadcrumb\",\"itemListElement\":[{\"@type\":\"ListItem\",\"position\":1,\"name\":\"Home\",\"item\":\"https:\\\/\\\/serbia.com\\\/srpski\\\/\"},{\"@type\":\"ListItem\",\"position\":2,\"name\":\"Poseti Srbiju\",\"item\":\"https:\\\/\\\/serbia.com\\\/srpski\\\/posetite-srbiju\\\/\"},{\"@type\":\"ListItem\",\"position\":3,\"name\":\"Putovanje\",\"item\":\"https:\\\/\\\/serbia.com\\\/srpski\\\/posetite-srbiju\\\/putovanje\\\/\"},{\"@type\":\"ListItem\",\"position\":4,\"name\":\"Ture\"}]},{\"@type\":\"WebSite\",\"@id\":\"https:\\\/\\\/serbia.com\\\/#website\",\"url\":\"https:\\\/\\\/serbia.com\\\/\",\"name\":\"Serbia.com\",\"description\":\"Your Gateway to Serbia\",\"potentialAction\":[{\"@type\":\"SearchAction\",\"target\":{\"@type\":\"EntryPoint\",\"urlTemplate\":\"https:\\\/\\\/serbia.com\\\/?s={search_term_string}\"},\"query-input\":{\"@type\":\"PropertyValueSpecification\",\"valueRequired\":true,\"valueName\":\"search_term_string\"}}],\"inLanguage\":\"srpski\"}]}<\/script>\n<!-- \/ Yoast SEO plugin. -->","yoast_head_json":{"title":"Ture - Serbia.com","robots":{"index":"index","follow":"follow","max-snippet":"max-snippet:-1","max-image-preview":"max-image-preview:large","max-video-preview":"max-video-preview:-1"},"canonical":"https:\/\/serbia.com\/srpski\/posetite-srbiju\/putovanje\/ture\/","og_locale":"en_US","og_type":"article","og_title":"Ture - Serbia.com","og_description":"Srbija je zemlja burne istorije i ogromnog kulturno-istorijskog nasle\u0111a iz rimskog, vizantijskog, srednjovekovnog i modernog doba. Priroda je svojom mo\u0107i ukrasila ovaj deo Balkana slikovitim pejza\u017eima i krajolicima koji oduzimaju [&hellip;]","og_url":"https:\/\/serbia.com\/srpski\/posetite-srbiju\/putovanje\/ture\/","og_site_name":"Serbia.com","article_modified_time":"2024-10-20T19:06:21+00:00","og_image":[{"width":1920,"height":1280,"url":"https:\/\/serbia.com\/wp-content\/uploads\/2024\/05\/belgrade-888332_1920.jpg","type":"image\/jpeg"}],"twitter_misc":{"Est. reading time":"1 minute"},"schema":{"@context":"https:\/\/schema.org","@graph":[{"@type":"WebPage","@id":"https:\/\/serbia.com\/srpski\/posetite-srbiju\/putovanje\/ture\/","url":"https:\/\/serbia.com\/srpski\/posetite-srbiju\/putovanje\/ture\/","name":"Ture - Serbia.com","isPartOf":{"@id":"https:\/\/serbia.com\/#website"},"primaryImageOfPage":{"@id":"https:\/\/serbia.com\/srpski\/posetite-srbiju\/putovanje\/ture\/#primaryimage"},"image":{"@id":"https:\/\/serbia.com\/srpski\/posetite-srbiju\/putovanje\/ture\/#primaryimage"},"thumbnailUrl":"https:\/\/serbia.com\/wp-content\/uploads\/2024\/05\/belgrade-888332_1920.jpg","datePublished":"2014-02-27T01:01:24+00:00","dateModified":"2024-10-20T19:06:21+00:00","breadcrumb":{"@id":"https:\/\/serbia.com\/srpski\/posetite-srbiju\/putovanje\/ture\/#breadcrumb"},"inLanguage":"srpski","potentialAction":[{"@type":"ReadAction","target":["https:\/\/serbia.com\/srpski\/posetite-srbiju\/putovanje\/ture\/"]}]},{"@type":"ImageObject","inLanguage":"srpski","@id":"https:\/\/serbia.com\/srpski\/posetite-srbiju\/putovanje\/ture\/#primaryimage","url":"https:\/\/serbia.com\/wp-content\/uploads\/2024\/05\/belgrade-888332_1920.jpg","contentUrl":"https:\/\/serbia.com\/wp-content\/uploads\/2024\/05\/belgrade-888332_1920.jpg","width":1920,"height":1280},{"@type":"BreadcrumbList","@id":"https:\/\/serbia.com\/srpski\/posetite-srbiju\/putovanje\/ture\/#breadcrumb","itemListElement":[{"@type":"ListItem","position":1,"name":"Home","item":"https:\/\/serbia.com\/srpski\/"},{"@type":"ListItem","position":2,"name":"Poseti Srbiju","item":"https:\/\/serbia.com\/srpski\/posetite-srbiju\/"},{"@type":"ListItem","position":3,"name":"Putovanje","item":"https:\/\/serbia.com\/srpski\/posetite-srbiju\/putovanje\/"},{"@type":"ListItem","position":4,"name":"Ture"}]},{"@type":"WebSite","@id":"https:\/\/serbia.com\/#website","url":"https:\/\/serbia.com\/","name":"Serbia.com","description":"Your Gateway to Serbia","potentialAction":[{"@type":"SearchAction","target":{"@type":"EntryPoint","urlTemplate":"https:\/\/serbia.com\/?s={search_term_string}"},"query-input":{"@type":"PropertyValueSpecification","valueRequired":true,"valueName":"search_term_string"}}],"inLanguage":"srpski"}]}},"brizy_media":[],"_links":{"self":[{"href":"https:\/\/serbia.com\/srpski\/wp-json\/wp\/v2\/pages\/20960","targetHints":{"allow":["GET"]}}],"collection":[{"href":"https:\/\/serbia.com\/srpski\/wp-json\/wp\/v2\/pages"}],"about":[{"href":"https:\/\/serbia.com\/srpski\/wp-json\/wp\/v2\/types\/page"}],"author":[{"embeddable":true,"href":"https:\/\/serbia.com\/srpski\/wp-json\/wp\/v2\/users\/9"}],"replies":[{"embeddable":true,"href":"https:\/\/serbia.com\/srpski\/wp-json\/wp\/v2\/comments?post=20960"}],"version-history":[{"count":2,"href":"https:\/\/serbia.com\/srpski\/wp-json\/wp\/v2\/pages\/20960\/revisions"}],"predecessor-version":[{"id":55795,"href":"https:\/\/serbia.com\/srpski\/wp-json\/wp\/v2\/pages\/20960\/revisions\/55795"}],"up":[{"embeddable":true,"href":"https:\/\/serbia.com\/srpski\/wp-json\/wp\/v2\/pages\/20398"}],"wp:featuredmedia":[{"embeddable":true,"href":"https:\/\/serbia.com\/srpski\/wp-json\/wp\/v2\/media\/53104"}],"wp:attachment":[{"href":"https:\/\/serbia.com\/srpski\/wp-json\/wp\/v2\/media?parent=20960"}],"wp:term":[{"taxonomy":"category","embeddable":true,"href":"https:\/\/serbia.com\/srpski\/wp-json\/wp\/v2\/categories?post=20960"},{"taxonomy":"post_tag","embeddable":true,"href":"https:\/\/serbia.com\/srpski\/wp-json\/wp\/v2\/tags?post=20960"}],"curies":[{"name":"wp","href":"https:\/\/api.w.org\/{rel}","templated":true}]}}