{"id":20929,"date":"2014-02-27T01:56:22","date_gmt":"2014-02-27T00:56:22","guid":{"rendered":"http:\/\/www.serbia.com\/?page_id=20929"},"modified":"2024-10-20T12:46:57","modified_gmt":"2024-10-20T10:46:57","slug":"etno-sela","status":"publish","type":"page","link":"https:\/\/serbia.com\/srpski\/posetite-srbiju\/prirodne-lepote\/etno-sela\/","title":{"rendered":"Etno sela"},"content":{"rendered":"<p>Nigde ne mo\u017eete tako intenzivno osetiti tradicionalni duh Srbije, kao u etno selima rasutim po najskrovitijim i najlep\u0161im krajolicima Srbije. Ona predstavljaju moderne \u010duvare srpske tradicije koji uz srda\u010dno gostoprimstvo o\u017eivljavaju stari na\u010din \u017eivota i obi\u010daje iz davnina.<\/p>\n<p>Poslednje decenije veliki broj autenti\u010dnih etno sela i seoskih imanja u Srbiji otvorio je svoja vrata posetiocima iz zemlje i sveta. Pod terminom \u201cetno selo\u201d podrazumeva se mesto koje \u010duva nasle\u0111e jednog naroda kako u graditeljstvu, tako i u <a title=\"Tradicionalna kuhinja\" href=\"http:\/\/www.serbia.com\/srpski\/o-srbiji\/tradicionalna-kuhinja\/\">nacionalnoj kuhinji<\/a> i sadr\u017eaju aktivnosti koje su gosti u mogu\u0107nosti da obavaljaju u njima.<\/p>\n<p>U ovim malim kraljevstvima narodne tradicije utvr\u0111enim uz krivudave seoske drumove, neguje se stari, tradicionalni na\u010din \u017eivota i obi\u010daji, a celokupan utisak je da je vreme ovde stalo. Etno sela su izgra\u0111ena po ugledu na stara srpska sela. Svaka od ovih oaza tradicije otkri\u0107e vam srpsko narodno graditeljstvo, ali i brojne legende vezane za njega.<\/p>\n<p>U njima se mo\u017eete upustiti u avanturu pripreme pikantnih narodnih jela, ili pravljenje svetski poznate <a href=\"http:\/\/www.serbia.com\/srpski\/sljivovica-kraljica-srpskih-rakija\/\">\u0161ljivovice<\/a>, <a href=\"http:\/\/www.serbia.com\/srpski\/posetite-srbiju\/provedi-se\/vinski-putevi\/\" target=\"_blank\" rel=\"noopener\">vina<\/a>, meda, <a href=\"http:\/\/www.serbia.com\/srpski\/jesen-u-srbiji-radost-mirisa-ukusa-i-festivala-2\/\">zimnice<\/a>, oprobati se u starim, ve\u0107 zaboravljenim <a title=\"Stari zanati, ve\u0161tine majstora iz davnina\" href=\"http:\/\/www.serbia.com\/srpski\/stari-zanati-vestine-majstora-iz-davnina-2\/\">zanatima<\/a>, u\u017eivati u starinskim predmetima\u2026<\/p>\n<p>Kao verni \u010duvari tradicionalnog na\u010dina \u017eivota Srbije, etno sela su uglavnom okru\u017eena bujnom prirodom, ali i brojnim istorijskim znamenitostima i spomenicima kulture. Nedirnuta priroda, \u010dist vazduh, \u010dista voda i ukusna hrana, tradicionalni ambijent, ali i gostoprimstvo srpskih seljaka glavni su aduti ovakvih mesta koja nude okrepljuju\u0107i predah od brzog i stresnog urbanog \u017eivota.<\/p>\n","protected":false},"excerpt":{"rendered":"<p>Nigde ne mo\u017eete tako intenzivno osetiti tradicionalni duh Srbije, kao u etno selima rasutim po najskrovitijim i najlep\u0161im krajolicima Srbije. Ona predstavljaju moderne \u010duvare srpske tradicije koji uz srda\u010dno gostoprimstvo [&hellip;]<\/p>\n","protected":false},"author":9,"featured_media":62227,"parent":20459,"menu_order":0,"comment_status":"closed","ping_status":"open","template":"","meta":{"_acf_changed":false,"inline_featured_image":false,"_monsterinsights_skip_tracking":false,"_monsterinsights_sitenote_active":false,"_monsterinsights_sitenote_note":"","_monsterinsights_sitenote_category":0,"footnotes":""},"categories":[1673],"tags":[],"class_list":["post-20929","page","type-page","status-publish","has-post-thumbnail","hentry","category-etno-sela"],"acf":[],"yoast_head":"<!-- This site is optimized with the Yoast SEO plugin v23.8 - https:\/\/yoast.com\/wordpress\/plugins\/seo\/ -->\n<title>Etno sela - Serbia.com<\/title>\n<meta name=\"robots\" content=\"index, follow, max-snippet:-1, max-image-preview:large, max-video-preview:-1\" \/>\n<link rel=\"canonical\" href=\"https:\/\/serbia.com\/srpski\/posetite-srbiju\/prirodne-lepote\/etno-sela\/\" \/>\n<meta property=\"og:locale\" content=\"en_US\" \/>\n<meta property=\"og:type\" content=\"article\" \/>\n<meta property=\"og:title\" content=\"Etno sela - Serbia.com\" \/>\n<meta property=\"og:description\" content=\"Nigde ne mo\u017eete tako intenzivno osetiti tradicionalni duh Srbije, kao u etno selima rasutim po najskrovitijim i najlep\u0161im krajolicima Srbije. Ona predstavljaju moderne \u010duvare srpske tradicije koji uz srda\u010dno gostoprimstvo [&hellip;]\" \/>\n<meta property=\"og:url\" content=\"https:\/\/serbia.com\/srpski\/posetite-srbiju\/prirodne-lepote\/etno-sela\/\" \/>\n<meta property=\"og:site_name\" content=\"Serbia.com\" \/>\n<meta property=\"article:modified_time\" content=\"2024-10-20T10:46:57+00:00\" \/>\n<meta property=\"og:image\" content=\"https:\/\/serbia.com\/wp-content\/uploads\/2025\/09\/eastern-serbia-37.jpg\" \/>\n\t<meta property=\"og:image:width\" content=\"1366\" \/>\n\t<meta property=\"og:image:height\" content=\"768\" \/>\n\t<meta property=\"og:image:type\" content=\"image\/jpeg\" \/>\n<meta name=\"twitter:label1\" content=\"Est. reading time\" \/>\n\t<meta name=\"twitter:data1\" content=\"2 minutes\" \/>\n<script type=\"application\/ld+json\" class=\"yoast-schema-graph\">{\"@context\":\"https:\/\/schema.org\",\"@graph\":[{\"@type\":\"WebPage\",\"@id\":\"https:\/\/serbia.com\/srpski\/posetite-srbiju\/prirodne-lepote\/etno-sela\/\",\"url\":\"https:\/\/serbia.com\/srpski\/posetite-srbiju\/prirodne-lepote\/etno-sela\/\",\"name\":\"Etno sela - Serbia.com\",\"isPartOf\":{\"@id\":\"https:\/\/serbia.com\/#website\"},\"primaryImageOfPage\":{\"@id\":\"https:\/\/serbia.com\/srpski\/posetite-srbiju\/prirodne-lepote\/etno-sela\/#primaryimage\"},\"image\":{\"@id\":\"https:\/\/serbia.com\/srpski\/posetite-srbiju\/prirodne-lepote\/etno-sela\/#primaryimage\"},\"thumbnailUrl\":\"https:\/\/serbia.com\/wp-content\/uploads\/2025\/09\/eastern-serbia-37.jpg\",\"datePublished\":\"2014-02-27T00:56:22+00:00\",\"dateModified\":\"2024-10-20T10:46:57+00:00\",\"breadcrumb\":{\"@id\":\"https:\/\/serbia.com\/srpski\/posetite-srbiju\/prirodne-lepote\/etno-sela\/#breadcrumb\"},\"inLanguage\":\"srpski\",\"potentialAction\":[{\"@type\":\"ReadAction\",\"target\":[\"https:\/\/serbia.com\/srpski\/posetite-srbiju\/prirodne-lepote\/etno-sela\/\"]}]},{\"@type\":\"ImageObject\",\"inLanguage\":\"srpski\",\"@id\":\"https:\/\/serbia.com\/srpski\/posetite-srbiju\/prirodne-lepote\/etno-sela\/#primaryimage\",\"url\":\"https:\/\/serbia.com\/wp-content\/uploads\/2025\/09\/eastern-serbia-37.jpg\",\"contentUrl\":\"https:\/\/serbia.com\/wp-content\/uploads\/2025\/09\/eastern-serbia-37.jpg\",\"width\":1366,\"height\":768},{\"@type\":\"BreadcrumbList\",\"@id\":\"https:\/\/serbia.com\/srpski\/posetite-srbiju\/prirodne-lepote\/etno-sela\/#breadcrumb\",\"itemListElement\":[{\"@type\":\"ListItem\",\"position\":1,\"name\":\"Home\",\"item\":\"https:\/\/serbia.com\/srpski\/\"},{\"@type\":\"ListItem\",\"position\":2,\"name\":\"Poseti Srbiju\",\"item\":\"https:\/\/serbia.com\/srpski\/posetite-srbiju\/\"},{\"@type\":\"ListItem\",\"position\":3,\"name\":\"Prirodne lepote\",\"item\":\"https:\/\/serbia.com\/srpski\/posetite-srbiju\/prirodne-lepote\/\"},{\"@type\":\"ListItem\",\"position\":4,\"name\":\"Etno sela\"}]},{\"@type\":\"WebSite\",\"@id\":\"https:\/\/serbia.com\/#website\",\"url\":\"https:\/\/serbia.com\/\",\"name\":\"Serbia.com\",\"description\":\"Your Gateway to Serbia\",\"potentialAction\":[{\"@type\":\"SearchAction\",\"target\":{\"@type\":\"EntryPoint\",\"urlTemplate\":\"https:\/\/serbia.com\/?s={search_term_string}\"},\"query-input\":{\"@type\":\"PropertyValueSpecification\",\"valueRequired\":true,\"valueName\":\"search_term_string\"}}],\"inLanguage\":\"srpski\"}]}<\/script>\n<!-- \/ Yoast SEO plugin. -->","yoast_head_json":{"title":"Etno sela - Serbia.com","robots":{"index":"index","follow":"follow","max-snippet":"max-snippet:-1","max-image-preview":"max-image-preview:large","max-video-preview":"max-video-preview:-1"},"canonical":"https:\/\/serbia.com\/srpski\/posetite-srbiju\/prirodne-lepote\/etno-sela\/","og_locale":"en_US","og_type":"article","og_title":"Etno sela - Serbia.com","og_description":"Nigde ne mo\u017eete tako intenzivno osetiti tradicionalni duh Srbije, kao u etno selima rasutim po najskrovitijim i najlep\u0161im krajolicima Srbije. Ona predstavljaju moderne \u010duvare srpske tradicije koji uz srda\u010dno gostoprimstvo [&hellip;]","og_url":"https:\/\/serbia.com\/srpski\/posetite-srbiju\/prirodne-lepote\/etno-sela\/","og_site_name":"Serbia.com","article_modified_time":"2024-10-20T10:46:57+00:00","og_image":[{"width":1366,"height":768,"url":"https:\/\/serbia.com\/wp-content\/uploads\/2025\/09\/eastern-serbia-37.jpg","type":"image\/jpeg"}],"twitter_misc":{"Est. reading time":"2 minutes"},"schema":{"@context":"https:\/\/schema.org","@graph":[{"@type":"WebPage","@id":"https:\/\/serbia.com\/srpski\/posetite-srbiju\/prirodne-lepote\/etno-sela\/","url":"https:\/\/serbia.com\/srpski\/posetite-srbiju\/prirodne-lepote\/etno-sela\/","name":"Etno sela - Serbia.com","isPartOf":{"@id":"https:\/\/serbia.com\/#website"},"primaryImageOfPage":{"@id":"https:\/\/serbia.com\/srpski\/posetite-srbiju\/prirodne-lepote\/etno-sela\/#primaryimage"},"image":{"@id":"https:\/\/serbia.com\/srpski\/posetite-srbiju\/prirodne-lepote\/etno-sela\/#primaryimage"},"thumbnailUrl":"https:\/\/serbia.com\/wp-content\/uploads\/2025\/09\/eastern-serbia-37.jpg","datePublished":"2014-02-27T00:56:22+00:00","dateModified":"2024-10-20T10:46:57+00:00","breadcrumb":{"@id":"https:\/\/serbia.com\/srpski\/posetite-srbiju\/prirodne-lepote\/etno-sela\/#breadcrumb"},"inLanguage":"srpski","potentialAction":[{"@type":"ReadAction","target":["https:\/\/serbia.com\/srpski\/posetite-srbiju\/prirodne-lepote\/etno-sela\/"]}]},{"@type":"ImageObject","inLanguage":"srpski","@id":"https:\/\/serbia.com\/srpski\/posetite-srbiju\/prirodne-lepote\/etno-sela\/#primaryimage","url":"https:\/\/serbia.com\/wp-content\/uploads\/2025\/09\/eastern-serbia-37.jpg","contentUrl":"https:\/\/serbia.com\/wp-content\/uploads\/2025\/09\/eastern-serbia-37.jpg","width":1366,"height":768},{"@type":"BreadcrumbList","@id":"https:\/\/serbia.com\/srpski\/posetite-srbiju\/prirodne-lepote\/etno-sela\/#breadcrumb","itemListElement":[{"@type":"ListItem","position":1,"name":"Home","item":"https:\/\/serbia.com\/srpski\/"},{"@type":"ListItem","position":2,"name":"Poseti Srbiju","item":"https:\/\/serbia.com\/srpski\/posetite-srbiju\/"},{"@type":"ListItem","position":3,"name":"Prirodne lepote","item":"https:\/\/serbia.com\/srpski\/posetite-srbiju\/prirodne-lepote\/"},{"@type":"ListItem","position":4,"name":"Etno sela"}]},{"@type":"WebSite","@id":"https:\/\/serbia.com\/#website","url":"https:\/\/serbia.com\/","name":"Serbia.com","description":"Your Gateway to Serbia","potentialAction":[{"@type":"SearchAction","target":{"@type":"EntryPoint","urlTemplate":"https:\/\/serbia.com\/?s={search_term_string}"},"query-input":{"@type":"PropertyValueSpecification","valueRequired":true,"valueName":"search_term_string"}}],"inLanguage":"srpski"}]}},"_links":{"self":[{"href":"https:\/\/serbia.com\/srpski\/wp-json\/wp\/v2\/pages\/20929"}],"collection":[{"href":"https:\/\/serbia.com\/srpski\/wp-json\/wp\/v2\/pages"}],"about":[{"href":"https:\/\/serbia.com\/srpski\/wp-json\/wp\/v2\/types\/page"}],"author":[{"embeddable":true,"href":"https:\/\/serbia.com\/srpski\/wp-json\/wp\/v2\/users\/9"}],"replies":[{"embeddable":true,"href":"https:\/\/serbia.com\/srpski\/wp-json\/wp\/v2\/comments?post=20929"}],"version-history":[{"count":1,"href":"https:\/\/serbia.com\/srpski\/wp-json\/wp\/v2\/pages\/20929\/revisions"}],"predecessor-version":[{"id":55656,"href":"https:\/\/serbia.com\/srpski\/wp-json\/wp\/v2\/pages\/20929\/revisions\/55656"}],"up":[{"embeddable":true,"href":"https:\/\/serbia.com\/srpski\/wp-json\/wp\/v2\/pages\/20459"}],"wp:featuredmedia":[{"embeddable":true,"href":"https:\/\/serbia.com\/srpski\/wp-json\/wp\/v2\/media\/62227"}],"wp:attachment":[{"href":"https:\/\/serbia.com\/srpski\/wp-json\/wp\/v2\/media?parent=20929"}],"wp:term":[{"taxonomy":"category","embeddable":true,"href":"https:\/\/serbia.com\/srpski\/wp-json\/wp\/v2\/categories?post=20929"},{"taxonomy":"post_tag","embeddable":true,"href":"https:\/\/serbia.com\/srpski\/wp-json\/wp\/v2\/tags?post=20929"}],"curies":[{"name":"wp","href":"https:\/\/api.w.org\/{rel}","templated":true}]}}