{"id":20617,"date":"2014-02-27T00:24:21","date_gmt":"2014-02-26T23:24:21","guid":{"rendered":"http:\/\/www.serbia.com\/?page_id=20617"},"modified":"2014-02-27T00:24:21","modified_gmt":"2014-02-26T23:24:21","slug":"dokumenta","status":"publish","type":"page","link":"https:\/\/serbia.com\/srpski\/posetite-srbiju\/putovanje\/dokumenta\/","title":{"rendered":"Dokumenta"},"content":{"rendered":"<p>Da bi vam u Srbiji bilo lepo, da biste se dobro proveli, zabavili i upoznali na\u0161u zemlju, potrebno je da saznate odre\u0111ene turist-info, po\u0161tujete zakone i pribavite neka dokumenta za boravak u Srbiji. Ipak, ovo ne treba da vas zabrinjava \u2013 re\u010d je samo o formalnostima. Kada jednom zavr\u0161ite sa njima, mo\u017eete da se opustite i u potpunosti do\u017eivite ovu lepu zemlju.<\/p>\n<p>Sve informacije o obavezama stranaca, dokumentima koji su vam potrebni za ulazak i boravak u Srbiji mo\u017eete na\u0107i na stranici Ministarstva unutra\u0161njih poslova: www.mup.rs (odeljak \u201cInformacije za strance\u201d) Tu mo\u017eete preuzeti i sve potrebne obrasce.<\/p>\n<p>&nbsp;<\/p>\n<p><strong>Ulazak i boravak stranih dr\u017eavljana u Srbiji<\/strong><\/p>\n<p>Ulazak i boravak stranih dr\u017eavljana u Srbiji reguli\u0161e Zakon o strancima. Da biste u\u0161li u Srbiju potrebne su vam va\u017ee\u0107e putne isprave \u2013 li\u010dna karta, paso\u0161, a za gra\u0111ane nekih dr\u017eava i posebne vize.<\/p>\n<p>Uslovi za ulazak stranaca u Republiku Srbiju:<\/p>\n<p>&nbsp;<\/p>\n<p>1. va\u017ee\u0107a putna isprava;<\/p>\n<p>2. va\u017ee\u0107a viza u putnoj ispravi, ako je viza za Srbiju potrebna za dr\u017eavljane dr\u017eave \u010diju putnu ispravu putnik poseduje;<\/p>\n<p>3. dokaz o posedovanju dovoljnih finansijskih sredstava za izdr\u017eavanje tokom boravka u Republici Srbiji, tranzita kroz Republiku Srbiju i povratka u zemlju porekla \u2013 dovoljnim sredstvima se smatra iznos od 50 evra po danu boravka, a dokaz je gotovina u navedenom iznosu, izvod sa bankovnog ra\u010duna, putni\u010dki \u010dekovi, kreditne kartice, kao i garantno pismo;<\/p>\n<p>4. potvrda o vakcinisanju, odnosno potvrda da nije oboleo od zarazne bolesti, ako dolazi sa podru\u010dja zahva\u0107enih epidemijom zaraznih bolesti, koja se odre\u0111uju prema podacima Ministarstva zdravlja;<\/p>\n<p>5. ukoliko maloletna lica putuju sa jednim od roditelja, potrebno je overeno punomo\u0107je drugog roditelja odnosno, kada putuju sa tre\u0107im licem, oba roditelja ili staratelja;<\/p>\n<p>6. preporu\u010duje se posedovanje polise zdravstvenog osiguranja za period boravka u Srbiji na iznos medicinskih tro\u0161kova koji ne mo\u017ee biti manji od 20.000 EUR;<\/p>\n<p>&nbsp;<\/p>\n<p><strong>Vize<\/strong><\/p>\n<p>Ako ste dr\u017eavljanin neke od zemalja Evropske unije, \u0160vajcarske, Norve\u0161ke, Islanda, Crne Gore ili Bosne i Hercegovine, za ulazak u Srbiju vam je potrebna samo va\u017ee\u0107a li\u010dna karta. Sa ovim dokumentom u Srbiji mo\u017eete boraviti do 90 dana.<\/p>\n<p>Bez vize, a sa va\u017ee\u0107im paso\u0161em u Srbiju mogu u\u0107i gra\u0111ani slede\u0107ih dr\u017eava:<\/p>\n<p>Albanija, Andora, Argentina, Australija, Belorusija, Bolivija, \u010cile, Hrvatska, Island, Izrael, Japan, Kanada, Kipar, Kuba, Kostarika, Lihten\u0161tajn, Makedonija, Monako, Norve\u0161ka, Novi Zeland, Ruska federacija (za boravak do 30 dana), Republika Koreja, San Marino, Sej\u0161elska Ostrva, Singapur, Sjedinjene Ameri\u010dke Dr\u017eave, Tunis, Vatikan.<\/p>\n<p>Ako ste dr\u017eavljani zemlje kojima je potrebna viza za boravak u Srbiji, potrebno je da se obratite konzulatu Republike Srbije u va\u0161oj zemlji. Dokumenta koja tada treba da imate su:<\/p>\n<p>&nbsp;<\/p>\n<p>1. va\u017ee\u0107i paso\u0161,<\/p>\n<p>2. pozivno pismo za privatnu posetu (overeno od nadle\u017enog organa Srbije), ili poziv preduze\u0107a za poslovnu posetu, ili potvrda ovla\u0161\u0107ene turisti\u010dke organizacije o pla\u0107enom aran\u017emanu (vau\u010der ili druga potvrda o uplati);<\/p>\n<p>&nbsp;<\/p>\n<p><strong>Od putnika se mo\u017ee zahtevati da poka\u017ee i:<\/strong><\/p>\n<p>&nbsp;<\/p>\n<p>3. povratnu kartu za prevoz,<\/p>\n<p>4. dokaz o posedovanju finansijskih sredstava u \u010dvrstoj valuti,<\/p>\n<p>5. zdrastveno osiguranje<\/p>\n<p>&nbsp;<\/p>\n<p><strong>Prijava boravi\u0161ta stranca<\/strong><\/p>\n<p>Prijava boravi\u0161ta stranaca potrebna je za sve strane dr\u017eavljane koji borave u Srbiji. Prijavu za vas mo\u017ee izvr\u0161iti i turisti\u010dka agencija.<\/p>\n<p>Ako dolazire samostalno, du\u017eni ste da se prijavite Odeljenju unutra\u0161njih poslova (lokalnoj policijskoj stanici) na teritoriji va\u0161eg boravi\u0161ta, u roku od 24 \u010dasa od trenutka va\u0161eg dolaska u Srbiju.<\/p>\n<p>Pravna i fizi\u010dka lica koja pru\u017eaju usluge sme\u0161taja strancima uz naknadu, kao i lica kod kojih stranci dolaze u posetu, du\u017ena su da nadle\u017enom organu prijave boravak stranaca, u roku od 24 \u010dasa od \u010dasa pru\u017eanja usluge sme\u0161taja strancu, odnosno od \u010dasa dolaska stranca u posetu.<\/p>\n<p>Dan pre odlaska, potrebno je da odjavite prebivali\u0161te.<\/p>\n","protected":false},"excerpt":{"rendered":"<p>Da bi vam u Srbiji bilo lepo, da biste se dobro proveli, zabavili i upoznali na\u0161u zemlju, potrebno je da saznate odre\u0111ene turist-info, po\u0161tujete zakone i pribavite neka dokumenta za [&hellip;]<\/p>\n","protected":false},"author":9,"featured_media":53119,"parent":20398,"menu_order":0,"comment_status":"closed","ping_status":"open","template":"","meta":{"_acf_changed":false,"inline_featured_image":false,"_monsterinsights_skip_tracking":false,"_monsterinsights_sitenote_active":false,"_monsterinsights_sitenote_note":"","_monsterinsights_sitenote_category":0,"footnotes":""},"categories":[1250],"tags":[],"class_list":["post-20617","page","type-page","status-publish","has-post-thumbnail","hentry","category-putovanje-srbija"],"acf":[],"yoast_head":"<!-- This site is optimized with the Yoast SEO plugin v23.8 - https:\/\/yoast.com\/wordpress\/plugins\/seo\/ -->\n<title>Dokumenta - Serbia.com<\/title>\n<meta name=\"robots\" content=\"index, follow, max-snippet:-1, max-image-preview:large, max-video-preview:-1\" \/>\n<link rel=\"canonical\" href=\"https:\/\/serbia.com\/srpski\/posetite-srbiju\/putovanje\/dokumenta\/\" \/>\n<meta property=\"og:locale\" content=\"en_US\" \/>\n<meta property=\"og:type\" content=\"article\" \/>\n<meta property=\"og:title\" content=\"Dokumenta - Serbia.com\" \/>\n<meta property=\"og:description\" content=\"Da bi vam u Srbiji bilo lepo, da biste se dobro proveli, zabavili i upoznali na\u0161u zemlju, potrebno je da saznate odre\u0111ene turist-info, po\u0161tujete zakone i pribavite neka dokumenta za [&hellip;]\" \/>\n<meta property=\"og:url\" content=\"https:\/\/serbia.com\/srpski\/posetite-srbiju\/putovanje\/dokumenta\/\" \/>\n<meta property=\"og:site_name\" content=\"Serbia.com\" \/>\n<meta property=\"og:image\" content=\"https:\/\/serbia.com\/wp-content\/uploads\/2024\/05\/passport-3127934_1920.jpg\" \/>\n\t<meta property=\"og:image:width\" content=\"1920\" \/>\n\t<meta property=\"og:image:height\" content=\"1234\" \/>\n\t<meta property=\"og:image:type\" content=\"image\/jpeg\" \/>\n<meta name=\"twitter:label1\" content=\"Est. reading time\" \/>\n\t<meta name=\"twitter:data1\" content=\"3 minutes\" \/>\n<script type=\"application\/ld+json\" class=\"yoast-schema-graph\">{\"@context\":\"https:\/\/schema.org\",\"@graph\":[{\"@type\":\"WebPage\",\"@id\":\"https:\/\/serbia.com\/srpski\/posetite-srbiju\/putovanje\/dokumenta\/\",\"url\":\"https:\/\/serbia.com\/srpski\/posetite-srbiju\/putovanje\/dokumenta\/\",\"name\":\"Dokumenta - Serbia.com\",\"isPartOf\":{\"@id\":\"https:\/\/serbia.com\/#website\"},\"primaryImageOfPage\":{\"@id\":\"https:\/\/serbia.com\/srpski\/posetite-srbiju\/putovanje\/dokumenta\/#primaryimage\"},\"image\":{\"@id\":\"https:\/\/serbia.com\/srpski\/posetite-srbiju\/putovanje\/dokumenta\/#primaryimage\"},\"thumbnailUrl\":\"https:\/\/serbia.com\/wp-content\/uploads\/2024\/05\/passport-3127934_1920.jpg\",\"datePublished\":\"2014-02-26T23:24:21+00:00\",\"dateModified\":\"2014-02-26T23:24:21+00:00\",\"breadcrumb\":{\"@id\":\"https:\/\/serbia.com\/srpski\/posetite-srbiju\/putovanje\/dokumenta\/#breadcrumb\"},\"inLanguage\":\"srpski\",\"potentialAction\":[{\"@type\":\"ReadAction\",\"target\":[\"https:\/\/serbia.com\/srpski\/posetite-srbiju\/putovanje\/dokumenta\/\"]}]},{\"@type\":\"ImageObject\",\"inLanguage\":\"srpski\",\"@id\":\"https:\/\/serbia.com\/srpski\/posetite-srbiju\/putovanje\/dokumenta\/#primaryimage\",\"url\":\"https:\/\/serbia.com\/wp-content\/uploads\/2024\/05\/passport-3127934_1920.jpg\",\"contentUrl\":\"https:\/\/serbia.com\/wp-content\/uploads\/2024\/05\/passport-3127934_1920.jpg\",\"width\":1920,\"height\":1234},{\"@type\":\"BreadcrumbList\",\"@id\":\"https:\/\/serbia.com\/srpski\/posetite-srbiju\/putovanje\/dokumenta\/#breadcrumb\",\"itemListElement\":[{\"@type\":\"ListItem\",\"position\":1,\"name\":\"Home\",\"item\":\"https:\/\/serbia.com\/srpski\/\"},{\"@type\":\"ListItem\",\"position\":2,\"name\":\"Poseti Srbiju\",\"item\":\"https:\/\/serbia.com\/srpski\/posetite-srbiju\/\"},{\"@type\":\"ListItem\",\"position\":3,\"name\":\"Putovanje\",\"item\":\"https:\/\/serbia.com\/srpski\/posetite-srbiju\/putovanje\/\"},{\"@type\":\"ListItem\",\"position\":4,\"name\":\"Dokumenta\"}]},{\"@type\":\"WebSite\",\"@id\":\"https:\/\/serbia.com\/#website\",\"url\":\"https:\/\/serbia.com\/\",\"name\":\"Serbia.com\",\"description\":\"Your Gateway to Serbia\",\"potentialAction\":[{\"@type\":\"SearchAction\",\"target\":{\"@type\":\"EntryPoint\",\"urlTemplate\":\"https:\/\/serbia.com\/?s={search_term_string}\"},\"query-input\":{\"@type\":\"PropertyValueSpecification\",\"valueRequired\":true,\"valueName\":\"search_term_string\"}}],\"inLanguage\":\"srpski\"}]}<\/script>\n<!-- \/ Yoast SEO plugin. -->","yoast_head_json":{"title":"Dokumenta - Serbia.com","robots":{"index":"index","follow":"follow","max-snippet":"max-snippet:-1","max-image-preview":"max-image-preview:large","max-video-preview":"max-video-preview:-1"},"canonical":"https:\/\/serbia.com\/srpski\/posetite-srbiju\/putovanje\/dokumenta\/","og_locale":"en_US","og_type":"article","og_title":"Dokumenta - Serbia.com","og_description":"Da bi vam u Srbiji bilo lepo, da biste se dobro proveli, zabavili i upoznali na\u0161u zemlju, potrebno je da saznate odre\u0111ene turist-info, po\u0161tujete zakone i pribavite neka dokumenta za [&hellip;]","og_url":"https:\/\/serbia.com\/srpski\/posetite-srbiju\/putovanje\/dokumenta\/","og_site_name":"Serbia.com","og_image":[{"width":1920,"height":1234,"url":"https:\/\/serbia.com\/wp-content\/uploads\/2024\/05\/passport-3127934_1920.jpg","type":"image\/jpeg"}],"twitter_misc":{"Est. reading time":"3 minutes"},"schema":{"@context":"https:\/\/schema.org","@graph":[{"@type":"WebPage","@id":"https:\/\/serbia.com\/srpski\/posetite-srbiju\/putovanje\/dokumenta\/","url":"https:\/\/serbia.com\/srpski\/posetite-srbiju\/putovanje\/dokumenta\/","name":"Dokumenta - Serbia.com","isPartOf":{"@id":"https:\/\/serbia.com\/#website"},"primaryImageOfPage":{"@id":"https:\/\/serbia.com\/srpski\/posetite-srbiju\/putovanje\/dokumenta\/#primaryimage"},"image":{"@id":"https:\/\/serbia.com\/srpski\/posetite-srbiju\/putovanje\/dokumenta\/#primaryimage"},"thumbnailUrl":"https:\/\/serbia.com\/wp-content\/uploads\/2024\/05\/passport-3127934_1920.jpg","datePublished":"2014-02-26T23:24:21+00:00","dateModified":"2014-02-26T23:24:21+00:00","breadcrumb":{"@id":"https:\/\/serbia.com\/srpski\/posetite-srbiju\/putovanje\/dokumenta\/#breadcrumb"},"inLanguage":"srpski","potentialAction":[{"@type":"ReadAction","target":["https:\/\/serbia.com\/srpski\/posetite-srbiju\/putovanje\/dokumenta\/"]}]},{"@type":"ImageObject","inLanguage":"srpski","@id":"https:\/\/serbia.com\/srpski\/posetite-srbiju\/putovanje\/dokumenta\/#primaryimage","url":"https:\/\/serbia.com\/wp-content\/uploads\/2024\/05\/passport-3127934_1920.jpg","contentUrl":"https:\/\/serbia.com\/wp-content\/uploads\/2024\/05\/passport-3127934_1920.jpg","width":1920,"height":1234},{"@type":"BreadcrumbList","@id":"https:\/\/serbia.com\/srpski\/posetite-srbiju\/putovanje\/dokumenta\/#breadcrumb","itemListElement":[{"@type":"ListItem","position":1,"name":"Home","item":"https:\/\/serbia.com\/srpski\/"},{"@type":"ListItem","position":2,"name":"Poseti Srbiju","item":"https:\/\/serbia.com\/srpski\/posetite-srbiju\/"},{"@type":"ListItem","position":3,"name":"Putovanje","item":"https:\/\/serbia.com\/srpski\/posetite-srbiju\/putovanje\/"},{"@type":"ListItem","position":4,"name":"Dokumenta"}]},{"@type":"WebSite","@id":"https:\/\/serbia.com\/#website","url":"https:\/\/serbia.com\/","name":"Serbia.com","description":"Your Gateway to Serbia","potentialAction":[{"@type":"SearchAction","target":{"@type":"EntryPoint","urlTemplate":"https:\/\/serbia.com\/?s={search_term_string}"},"query-input":{"@type":"PropertyValueSpecification","valueRequired":true,"valueName":"search_term_string"}}],"inLanguage":"srpski"}]}},"_links":{"self":[{"href":"https:\/\/serbia.com\/srpski\/wp-json\/wp\/v2\/pages\/20617"}],"collection":[{"href":"https:\/\/serbia.com\/srpski\/wp-json\/wp\/v2\/pages"}],"about":[{"href":"https:\/\/serbia.com\/srpski\/wp-json\/wp\/v2\/types\/page"}],"author":[{"embeddable":true,"href":"https:\/\/serbia.com\/srpski\/wp-json\/wp\/v2\/users\/9"}],"replies":[{"embeddable":true,"href":"https:\/\/serbia.com\/srpski\/wp-json\/wp\/v2\/comments?post=20617"}],"version-history":[{"count":0,"href":"https:\/\/serbia.com\/srpski\/wp-json\/wp\/v2\/pages\/20617\/revisions"}],"up":[{"embeddable":true,"href":"https:\/\/serbia.com\/srpski\/wp-json\/wp\/v2\/pages\/20398"}],"wp:featuredmedia":[{"embeddable":true,"href":"https:\/\/serbia.com\/srpski\/wp-json\/wp\/v2\/media\/53119"}],"wp:attachment":[{"href":"https:\/\/serbia.com\/srpski\/wp-json\/wp\/v2\/media?parent=20617"}],"wp:term":[{"taxonomy":"category","embeddable":true,"href":"https:\/\/serbia.com\/srpski\/wp-json\/wp\/v2\/categories?post=20617"},{"taxonomy":"post_tag","embeddable":true,"href":"https:\/\/serbia.com\/srpski\/wp-json\/wp\/v2\/tags?post=20617"}],"curies":[{"name":"wp","href":"https:\/\/api.w.org\/{rel}","templated":true}]}}