{"id":20592,"date":"2014-02-27T00:12:44","date_gmt":"2014-02-26T23:12:44","guid":{"rendered":"http:\/\/www.serbia.com\/?page_id=20592"},"modified":"2014-02-27T00:13:27","modified_gmt":"2014-02-26T23:13:27","slug":"putovanje-i-transport","status":"publish","type":"page","link":"https:\/\/serbia.com\/srpski\/posetite-srbiju\/putovanje\/putovanje-i-transport\/","title":{"rendered":"Putovanje i transport"},"content":{"rendered":"<p>Putovanje u Srbiju mo\u017eete organizovati bilo kojim prevoznim sredstvom.<\/p>\n<p>&nbsp;<\/p>\n<p><strong>Putovanje avionom<\/strong><\/p>\n<p>&nbsp;<\/p>\n<p>U Srbiji postoje tri me\u0111unarodna aerodroma preko kojih je na\u0161a zemlja povezana sa svetom.<\/p>\n<p>Najve\u0107i i najzna\u010dajniji je beogradski aerodrom \u201cNikola Tesla\u201d, a postoje i aerodrom \u201cKonstantin Veliki\u201d u Ni\u0161u kao i aerodrom u Pri\u0161tini.<\/p>\n<p>Nacionalna avio kompanija je Air Serbia, ali odavde saobra\u0107aju i mnogi drugi svetski avio prevoznici.<\/p>\n<p>Aerodrom \u201cNikola Tesla\u201d Beograd nalazi se u Sur\u010dinu, 18 km od centra Beograda i opremljen je za letove u svim vremenskim uslovima. Sve informacije o polascima i dolascima mo\u017eete dobiti na:<\/p>\n<p>Aerodrom \u201cNikola Tesla\u201d Beograd<\/p>\n<p>Sur\u010din, 11180 Beograd<\/p>\n<p>tel. +381 (0)11 209-4444<\/p>\n<p>www.beg.aero<\/p>\n<p>&nbsp;<\/p>\n<p>Aerodrom je povezan sa centrom grada redovnom linijom GSP-a broj 72 (aerodrom Nikola Tesla \u2013 Zeleni venac).<\/p>\n<p>&nbsp;<\/p>\n<p>Saobra\u0107a i privatni mini bus sa oznakom A1. On vozi od aerodroma do trga Slavija u centru grada i cena karte je 250 dinara (oko 2,5 evra).<\/p>\n<p>Na aerodromu postoji i taksi stanica. Neki od mnogobrojnih taksija od aerodroma do centra Beograda vas mogu prevesti za oko 1000 dinara (oko 10 evra)<\/p>\n<p>Ako avionom ne dolazite u Beograd, kontakti drugih aerodroma u Srbiji su:<\/p>\n<p>Aerodrom \u201cKonstantin Veliki\u201d Ni\u0161<\/p>\n<p>Vazduhoplovaca 24, 18000 Ni\u0161<\/p>\n<p>Tel. +381 (0)18 585 858<\/p>\n<p>Aerodrom Pri\u0161tina<\/p>\n<p>Vrelo, 10070 Lipljan<\/p>\n<p>tel. +381 (0)38 5958-123<\/p>\n<p>&nbsp;<\/p>\n<p>Nacionalni avio prevoznik \u2013 Air Serbia<\/p>\n<p>&nbsp;<\/p>\n<p>Sve informacije vezane za letove i poslovnice nacionalne avio kompanije mo\u017eete prona\u0107i na slede\u0107oj adresi:<\/p>\n<p><a href=\"http:\/\/www.airserbia.com\/home\/main_menu\/travel_info\/prodajna_mesta\/offices_in_country.html\" target=\"_blank\">www.airserbia.com<\/a><\/p>\n<p>&nbsp;<\/p>\n<p><strong>Putovanje automobilom<\/strong><\/p>\n<p>Ako ste od onih koji vole da krenu na putovanje kolima, potrebno je da znate da je drumskim saobra\u0107ajnicama Srbija odli\u010dno povezana sa ostatkom Evrope. Ova zemlja se nalazi na panevropskom koridoru 10 i ovuda prolazi najkra\u0107i put izme\u0111u zapadnog i ju\u017enog dela Evrope.<\/p>\n<p>Beograd se nalazi na raskrsnici evropskih puteva E-70 i E-75, kod Ni\u0161a se ukr\u0161taju putevi E-75 i E-80, a u Pri\u0161tini E-80 i E-65.<\/p>\n<p>Strancima je za ulazak u Srbiju motornim vozilom potrebna me\u0111unarodna voza\u010dka dozvola, saobra\u0107ajna dozvola vozila i polisa osiguranja (zelena karta).<\/p>\n<p>Putarina se pla\u0107a na putnim pravcima E-70 Subotica \u2013 Novi Sad, E-75 Novi Sad- Beograd, E70 \u0160id \u2013 Beograd, E75 Beograd \u2013 Ni\u0161 i E-75 Ni\u0161 \u2013 Leskovac.<\/p>\n<p>Putarina zavisi od kategorije vozila, a trenutne cene mo\u017eete pogledati na sajtu Auto-moto saveza Srbije: www.amss.org.rs<\/p>\n<p>Za pomo\u0107 na putevima Srbije zadu\u017een je Auto-moto savez Srbije (AMSS) koji je de\u017euran 24 sata dnevno. Osim tehni\u010dke pomo\u0107i na putu, AMSS pru\u017ea i uslugu prevoza havarisanih vozila.<\/p>\n<p>Auto-moto savez Srbije<\/p>\n<p>Informacije i pomo\u0107 na putu (slu\u017eba radi non-stop)<\/p>\n<p>tel: 987<\/p>\n<p>e-mail: info@amss.org.rs<\/p>\n<p>Ruzveltova 18, Zvezdara, Beograd 11000<\/p>\n<p><strong>Putovanje autobusom<\/strong><\/p>\n<p>Srbija je redovnim autobuskim linijama veoma dobro povezana sa ostatkom Evrope. Najve\u0107i broj polazaka je iz Beograda, a srpska prestonica je i najbolje povezana sa unutra\u0161njo\u0161\u0107u zemlje. Sve informacije o redu vo\u017enje kako u me\u0111unarodnom, tako i u me\u0111ugradskom saobra\u0107aju mogu\u0107e je prona\u0107i na Internet adresama prevoznika, kao i pozivanjem de\u017eurnih telefona:<\/p>\n<p>Beogradska autobuska stanica<\/p>\n<p>\u017delezni\u010dka 4, centrala + 381 11 66 44 455, fax + 381 11 66 59 480<\/p>\n<p>www.bas.rs<\/p>\n<p>Prodaje karata: 00 \u2013 24\u010d<\/p>\n<p>Informacije i rezervacije:<\/p>\n<p>Doma\u0107e linije:+381 11 26 36 299, + 381 11 26 23 170<\/p>\n<p>Me\u0111unarodne linije: + 381 26 27 146, + 3811 11 26 22 526<\/p>\n<p>Autobuska stanica \u201cLasta\u201d (deo organizacije Eurolines)<\/p>\n<p>\u017delezni\u010dka 2, tel. +381 11 33 48 555 (00-24)<\/p>\n<p>www.lasta.co.rs<\/p>\n<p>Informacije za me\u0111unarodni saobra\u0107aj: +381 11 28 81 364<\/p>\n<p>&nbsp;<\/p>\n<p><strong>Putovanje brodom<\/strong><\/p>\n<p>Beograd se nalazi na u\u0161\u0107u dve reke \u2013 Save i Dunava. Zbog ovoga, glavne plovne linije vode upravo kroz srpsku prestonicu, a brojne inostrane kompanije nude i krstarenja Dunavom do Beograda.<\/p>\n<p>Luka \u201cBeograd\u201d na Dunavu va\u017ean je saobra\u0107ajni i robnotransportni centar, dok je luka \u201cBeograd\u201d na Savi putni\u010dko<\/p>\n<p>pristani\u0161te.brodom..-300&#215;200<\/p>\n<p>Lu\u010dka kapetanija Beograd<\/p>\n<p>Kara\u0111or\u0111eva 6, tel. +381 11 20 29 900, 20 29 906<\/p>\n<p>km 1170, VHF kanal 16<\/p>\n<p>Luka \u201cBeograd\u201d<\/p>\n<p>\u017dor\u017ea Klemansoa 37, tel. +381 11 27 51 255<\/p>\n<p>Savsko putni\u010dko pristani\u0161te \u2013 grani\u010dni prelaz i carina<\/p>\n<p>Kara\u0111or\u0111eva 6, km 0+350<\/p>\n<p>Re\u010dna policija, tel. +381 11 30 02 003<\/p>\n<p>&nbsp;<\/p>\n<p><strong>Taksi<\/strong><\/p>\n<p>Taksi slu\u017ebe postoje u svim ve\u0107im gradovima u Srbiji. Taksije \u0107ete poznati po znaku na krovu vozila, broju i oznaci taksi udru\u017eenja. taxi-mali-300&#215;200<\/p>\n<p>U gradovima postoje jasno obele\u017eene taksi stanice, a vozilo mo\u017eete zaustaviti i na ulici podizanjem ruke. Naravno, bilo gde da se nalazite mo\u017eete i telefonski zakazati dolazak vozila.<\/p>\n<p>&nbsp;<\/p>\n<p><strong>Rent-a-car<\/strong><\/p>\n<p>Najam automobila je u Srbiji mogu\u0107 u svim ve\u0107im gradovima, kao i na aerodromima. Ovde posluju mnoge me\u0111unarodne rent-a-car kompanije, ali i veliki broj doma\u0107ih.<\/p>\n<p>&nbsp;<\/p>\n","protected":false},"excerpt":{"rendered":"<p>Putovanje u Srbiju mo\u017eete organizovati bilo kojim prevoznim sredstvom. &nbsp; Putovanje avionom &nbsp; U Srbiji postoje tri me\u0111unarodna aerodroma preko kojih je na\u0161a zemlja povezana sa svetom. Najve\u0107i i najzna\u010dajniji [&hellip;]<\/p>\n","protected":false},"author":9,"featured_media":37850,"parent":20398,"menu_order":0,"comment_status":"closed","ping_status":"open","template":"","meta":{"_acf_changed":false,"inline_featured_image":false,"_monsterinsights_skip_tracking":false,"_monsterinsights_sitenote_active":false,"_monsterinsights_sitenote_note":"","_monsterinsights_sitenote_category":0,"footnotes":""},"categories":[1250],"tags":[],"class_list":["post-20592","page","type-page","status-publish","has-post-thumbnail","hentry","category-putovanje-srbija"],"acf":[],"yoast_head":"<!-- This site is optimized with the Yoast SEO plugin v23.8 - https:\/\/yoast.com\/wordpress\/plugins\/seo\/ -->\n<title>Putovanje i transport - Serbia.com<\/title>\n<meta name=\"robots\" content=\"index, follow, max-snippet:-1, max-image-preview:large, max-video-preview:-1\" \/>\n<link rel=\"canonical\" href=\"https:\/\/serbia.com\/srpski\/posetite-srbiju\/putovanje\/putovanje-i-transport\/\" \/>\n<meta property=\"og:locale\" content=\"en_US\" \/>\n<meta property=\"og:type\" content=\"article\" \/>\n<meta property=\"og:title\" content=\"Putovanje i transport - Serbia.com\" \/>\n<meta property=\"og:description\" content=\"Putovanje u Srbiju mo\u017eete organizovati bilo kojim prevoznim sredstvom. &nbsp; Putovanje avionom &nbsp; U Srbiji postoje tri me\u0111unarodna aerodroma preko kojih je na\u0161a zemlja povezana sa svetom. Najve\u0107i i najzna\u010dajniji [&hellip;]\" \/>\n<meta property=\"og:url\" content=\"https:\/\/serbia.com\/srpski\/posetite-srbiju\/putovanje\/putovanje-i-transport\/\" \/>\n<meta property=\"og:site_name\" content=\"Serbia.com\" \/>\n<meta property=\"article:modified_time\" content=\"2014-02-26T23:13:27+00:00\" \/>\n<meta property=\"og:image\" content=\"https:\/\/serbia.com\/wp-content\/uploads\/2015\/11\/slide-1.jpg\" \/>\n\t<meta property=\"og:image:width\" content=\"980\" \/>\n\t<meta property=\"og:image:height\" content=\"364\" \/>\n\t<meta property=\"og:image:type\" content=\"image\/jpeg\" \/>\n<meta name=\"twitter:label1\" content=\"Est. reading time\" \/>\n\t<meta name=\"twitter:data1\" content=\"4 minutes\" \/>\n<script type=\"application\/ld+json\" class=\"yoast-schema-graph\">{\"@context\":\"https:\/\/schema.org\",\"@graph\":[{\"@type\":\"WebPage\",\"@id\":\"https:\/\/serbia.com\/srpski\/posetite-srbiju\/putovanje\/putovanje-i-transport\/\",\"url\":\"https:\/\/serbia.com\/srpski\/posetite-srbiju\/putovanje\/putovanje-i-transport\/\",\"name\":\"Putovanje i transport - Serbia.com\",\"isPartOf\":{\"@id\":\"https:\/\/serbia.com\/#website\"},\"primaryImageOfPage\":{\"@id\":\"https:\/\/serbia.com\/srpski\/posetite-srbiju\/putovanje\/putovanje-i-transport\/#primaryimage\"},\"image\":{\"@id\":\"https:\/\/serbia.com\/srpski\/posetite-srbiju\/putovanje\/putovanje-i-transport\/#primaryimage\"},\"thumbnailUrl\":\"https:\/\/serbia.com\/wp-content\/uploads\/2015\/11\/slide-1.jpg\",\"datePublished\":\"2014-02-26T23:12:44+00:00\",\"dateModified\":\"2014-02-26T23:13:27+00:00\",\"breadcrumb\":{\"@id\":\"https:\/\/serbia.com\/srpski\/posetite-srbiju\/putovanje\/putovanje-i-transport\/#breadcrumb\"},\"inLanguage\":\"srpski\",\"potentialAction\":[{\"@type\":\"ReadAction\",\"target\":[\"https:\/\/serbia.com\/srpski\/posetite-srbiju\/putovanje\/putovanje-i-transport\/\"]}]},{\"@type\":\"ImageObject\",\"inLanguage\":\"srpski\",\"@id\":\"https:\/\/serbia.com\/srpski\/posetite-srbiju\/putovanje\/putovanje-i-transport\/#primaryimage\",\"url\":\"https:\/\/serbia.com\/wp-content\/uploads\/2015\/11\/slide-1.jpg\",\"contentUrl\":\"https:\/\/serbia.com\/wp-content\/uploads\/2015\/11\/slide-1.jpg\",\"width\":980,\"height\":364},{\"@type\":\"BreadcrumbList\",\"@id\":\"https:\/\/serbia.com\/srpski\/posetite-srbiju\/putovanje\/putovanje-i-transport\/#breadcrumb\",\"itemListElement\":[{\"@type\":\"ListItem\",\"position\":1,\"name\":\"Home\",\"item\":\"https:\/\/serbia.com\/srpski\/\"},{\"@type\":\"ListItem\",\"position\":2,\"name\":\"Poseti Srbiju\",\"item\":\"https:\/\/serbia.com\/srpski\/posetite-srbiju\/\"},{\"@type\":\"ListItem\",\"position\":3,\"name\":\"Putovanje\",\"item\":\"https:\/\/serbia.com\/srpski\/posetite-srbiju\/putovanje\/\"},{\"@type\":\"ListItem\",\"position\":4,\"name\":\"Putovanje i transport\"}]},{\"@type\":\"WebSite\",\"@id\":\"https:\/\/serbia.com\/#website\",\"url\":\"https:\/\/serbia.com\/\",\"name\":\"Serbia.com\",\"description\":\"Your Gateway to Serbia\",\"potentialAction\":[{\"@type\":\"SearchAction\",\"target\":{\"@type\":\"EntryPoint\",\"urlTemplate\":\"https:\/\/serbia.com\/?s={search_term_string}\"},\"query-input\":{\"@type\":\"PropertyValueSpecification\",\"valueRequired\":true,\"valueName\":\"search_term_string\"}}],\"inLanguage\":\"srpski\"}]}<\/script>\n<!-- \/ Yoast SEO plugin. -->","yoast_head_json":{"title":"Putovanje i transport - Serbia.com","robots":{"index":"index","follow":"follow","max-snippet":"max-snippet:-1","max-image-preview":"max-image-preview:large","max-video-preview":"max-video-preview:-1"},"canonical":"https:\/\/serbia.com\/srpski\/posetite-srbiju\/putovanje\/putovanje-i-transport\/","og_locale":"en_US","og_type":"article","og_title":"Putovanje i transport - Serbia.com","og_description":"Putovanje u Srbiju mo\u017eete organizovati bilo kojim prevoznim sredstvom. &nbsp; Putovanje avionom &nbsp; U Srbiji postoje tri me\u0111unarodna aerodroma preko kojih je na\u0161a zemlja povezana sa svetom. Najve\u0107i i najzna\u010dajniji [&hellip;]","og_url":"https:\/\/serbia.com\/srpski\/posetite-srbiju\/putovanje\/putovanje-i-transport\/","og_site_name":"Serbia.com","article_modified_time":"2014-02-26T23:13:27+00:00","og_image":[{"width":980,"height":364,"url":"https:\/\/serbia.com\/wp-content\/uploads\/2015\/11\/slide-1.jpg","type":"image\/jpeg"}],"twitter_misc":{"Est. reading time":"4 minutes"},"schema":{"@context":"https:\/\/schema.org","@graph":[{"@type":"WebPage","@id":"https:\/\/serbia.com\/srpski\/posetite-srbiju\/putovanje\/putovanje-i-transport\/","url":"https:\/\/serbia.com\/srpski\/posetite-srbiju\/putovanje\/putovanje-i-transport\/","name":"Putovanje i transport - Serbia.com","isPartOf":{"@id":"https:\/\/serbia.com\/#website"},"primaryImageOfPage":{"@id":"https:\/\/serbia.com\/srpski\/posetite-srbiju\/putovanje\/putovanje-i-transport\/#primaryimage"},"image":{"@id":"https:\/\/serbia.com\/srpski\/posetite-srbiju\/putovanje\/putovanje-i-transport\/#primaryimage"},"thumbnailUrl":"https:\/\/serbia.com\/wp-content\/uploads\/2015\/11\/slide-1.jpg","datePublished":"2014-02-26T23:12:44+00:00","dateModified":"2014-02-26T23:13:27+00:00","breadcrumb":{"@id":"https:\/\/serbia.com\/srpski\/posetite-srbiju\/putovanje\/putovanje-i-transport\/#breadcrumb"},"inLanguage":"srpski","potentialAction":[{"@type":"ReadAction","target":["https:\/\/serbia.com\/srpski\/posetite-srbiju\/putovanje\/putovanje-i-transport\/"]}]},{"@type":"ImageObject","inLanguage":"srpski","@id":"https:\/\/serbia.com\/srpski\/posetite-srbiju\/putovanje\/putovanje-i-transport\/#primaryimage","url":"https:\/\/serbia.com\/wp-content\/uploads\/2015\/11\/slide-1.jpg","contentUrl":"https:\/\/serbia.com\/wp-content\/uploads\/2015\/11\/slide-1.jpg","width":980,"height":364},{"@type":"BreadcrumbList","@id":"https:\/\/serbia.com\/srpski\/posetite-srbiju\/putovanje\/putovanje-i-transport\/#breadcrumb","itemListElement":[{"@type":"ListItem","position":1,"name":"Home","item":"https:\/\/serbia.com\/srpski\/"},{"@type":"ListItem","position":2,"name":"Poseti Srbiju","item":"https:\/\/serbia.com\/srpski\/posetite-srbiju\/"},{"@type":"ListItem","position":3,"name":"Putovanje","item":"https:\/\/serbia.com\/srpski\/posetite-srbiju\/putovanje\/"},{"@type":"ListItem","position":4,"name":"Putovanje i transport"}]},{"@type":"WebSite","@id":"https:\/\/serbia.com\/#website","url":"https:\/\/serbia.com\/","name":"Serbia.com","description":"Your Gateway to Serbia","potentialAction":[{"@type":"SearchAction","target":{"@type":"EntryPoint","urlTemplate":"https:\/\/serbia.com\/?s={search_term_string}"},"query-input":{"@type":"PropertyValueSpecification","valueRequired":true,"valueName":"search_term_string"}}],"inLanguage":"srpski"}]}},"_links":{"self":[{"href":"https:\/\/serbia.com\/srpski\/wp-json\/wp\/v2\/pages\/20592"}],"collection":[{"href":"https:\/\/serbia.com\/srpski\/wp-json\/wp\/v2\/pages"}],"about":[{"href":"https:\/\/serbia.com\/srpski\/wp-json\/wp\/v2\/types\/page"}],"author":[{"embeddable":true,"href":"https:\/\/serbia.com\/srpski\/wp-json\/wp\/v2\/users\/9"}],"replies":[{"embeddable":true,"href":"https:\/\/serbia.com\/srpski\/wp-json\/wp\/v2\/comments?post=20592"}],"version-history":[{"count":0,"href":"https:\/\/serbia.com\/srpski\/wp-json\/wp\/v2\/pages\/20592\/revisions"}],"up":[{"embeddable":true,"href":"https:\/\/serbia.com\/srpski\/wp-json\/wp\/v2\/pages\/20398"}],"wp:featuredmedia":[{"embeddable":true,"href":"https:\/\/serbia.com\/srpski\/wp-json\/wp\/v2\/media\/37850"}],"wp:attachment":[{"href":"https:\/\/serbia.com\/srpski\/wp-json\/wp\/v2\/media?parent=20592"}],"wp:term":[{"taxonomy":"category","embeddable":true,"href":"https:\/\/serbia.com\/srpski\/wp-json\/wp\/v2\/categories?post=20592"},{"taxonomy":"post_tag","embeddable":true,"href":"https:\/\/serbia.com\/srpski\/wp-json\/wp\/v2\/tags?post=20592"}],"curies":[{"name":"wp","href":"https:\/\/api.w.org\/{rel}","templated":true}]}}