{"id":20565,"date":"2014-02-26T23:56:04","date_gmt":"2014-02-26T22:56:04","guid":{"rendered":"http:\/\/www.serbia.com\/?page_id=20565"},"modified":"2014-02-26T23:56:04","modified_gmt":"2014-02-26T22:56:04","slug":"turist-info-pultovi","status":"publish","type":"page","link":"https:\/\/serbia.com\/srpski\/posetite-srbiju\/putovanje\/korisne-informacije\/turist-info-pultovi\/","title":{"rendered":"Turist-info pultovi"},"content":{"rendered":"<p>O svemu \u0161to vas zanima mo\u017eete se obavestiti u turist-info centrima \u0161irom Srbije. Ovde \u0107ete mo\u0107i da saznate sva trenutna de\u0161avanja u Srbiji, \u0161ta treba znati, gde treba oti\u0107i, a \u0161ta ne treba propustiti.<\/p>\n<p>Stru\u010dno i ljubazno osoblje \u0107e vam rado pomo\u0107i da isplanirate va\u0161 boravak u skladu sa interesovanjima koje imate, a ovde mo\u017eete dobiti i mape gradova, programe de\u0161avanja, kao i informacije o sme\u0161taju i ishrani.<\/p>\n<p>Turist-info centar Turisti\u010dke organizacije Srbije<\/p>\n<p>\u010cika Ljubina 8\/1, Beograd<\/p>\n<p>Tel +381 11 6557 100<\/p>\n<p>Radno vreme: ponedeljak \u2013 petak 09 \u2013 20, subota 09 \u2013 17, nedelja 10 \u2013 16<\/p>\n<p>Turist-info centri Turisti\u010dke organizacije Beograda<\/p>\n<p>\u2022 Knez Mihailova 6<\/p>\n<p>Tel +381 11 3281 859<\/p>\n<p>Radno vreme: ponedeljak \u2013 subota 09 \u2013 21, nedelja 10 \u2013 15<\/p>\n<p>Mail: bginfo.knezmihailova@tob.rs<\/p>\n<p>\u2022 \u017delezni\u010dka stanica<\/p>\n<p>Tel +381 11 3612 732<\/p>\n<p>Radno vreme: ponedeljak \u2013 petak 09 \u2013 20, subota i nedelja 10 \u2013 16.30<\/p>\n<p>Mail: bginfo.stanica@tob.rs<\/p>\n<p>\u2022 Pristani\u0161te \u2013 samo za putnike kruzera<\/p>\n<p>Tel +381 11 3288 246<\/p>\n<p>Radno vreme: mart \u00a0novembar 08 \u2013 19<\/p>\n<p>Mail: bginfo.pristaniste@tob.rs<\/p>\n<p>\u2022 Aerodrom<\/p>\n<p>Tel +381 11 2097 828<\/p>\n<p>Radno vreme: 09 \u2013 22<\/p>\n<p>Turist-info centar Zemun<\/p>\n<p>Zmaj Jovina 14<\/p>\n<p>Tel +381 11 2192 094<\/p>\n<p>&nbsp;<\/p>\n<p><strong>Turist-info centar Turisti\u010dke organizacije Smederevo<\/strong><\/p>\n<p>&nbsp;<\/p>\n<p>Kralja Petra I 8, 113000 Smederevo<\/p>\n<p>Tel +381 26 615 666<\/p>\n<p>Mail: infocentarsd@open.telekom.rs<\/p>\n<p>&nbsp;<\/p>\n<p><strong>Turisti\u010dka organizacija Novog Sada<\/strong><\/p>\n<p>\u2022 Ulica Modene 1<\/p>\n<p>&nbsp;<\/p>\n<p>Tel +381 21 6617 343<\/p>\n<p>Radno vreme: ponedeljak \u2013 petak 7.30 \u2013 20, subota 10 \u2013 15<\/p>\n<p>Mail: tons@turizamns.rs.com<\/p>\n<p>\u2022 Bulevar Mihaila Pupina 9, Novi Sad<\/p>\n<p>Tel +381 21 421 811<\/p>\n<p>Radno vreme: ponedeljak \u2013 petak 7.30 \u2013 16<\/p>\n<p>&nbsp;<\/p>\n<p><strong>Infocentar Turisti\u010dke organizacije Ni\u0161a<\/strong><\/p>\n<p>&nbsp;<\/p>\n<p>Vo\u017edova 2, Ni\u0161<\/p>\n<p>Tel +381 18 521 321<\/p>\n<p>Fax +381 18 523 118<\/p>\n<p>Radno vreme: ponedeljak \u2013 petak 08 \u2013 19, subota 09 \u2013 14<\/p>\n<p>Mail: ton2@open.telekom.rs<\/p>\n<p>&nbsp;<\/p>\n<p><strong>Turist-info centar Ni\u0161ka Banja<\/strong><\/p>\n<p>&nbsp;<\/p>\n<p>Sin\u0111eli\u0107eva 36<\/p>\n<p>Tel +381 18 4548 588<\/p>\n<p>Radno vreme: ponedeljak \u2013 petak 08 -20, subota 09 \u2013 14<\/p>\n<p>&nbsp;<\/p>\n<p><strong>Turist-info centar Ni\u0161ke tvr\u0111ave<\/strong><\/p>\n<p>&nbsp;<\/p>\n<p>Tel +381 18 250 222<\/p>\n<p>Radno vreme: ponedeljak \u2013 petak 09 \u2013 20, subota 09 \u2013 16.30, nedelja 10 \u2013 15<\/p>\n<p>Mail: ton2@open.telekom.rs<\/p>\n<p>&nbsp;<\/p>\n<p><strong>Turist-info centar Subotica<\/strong><\/p>\n<p>&nbsp;<\/p>\n<p>Trg slobode 1 (Gradska ku\u0107a), 24000 Subotica<\/p>\n<p>Tel: 024\/670-350<\/p>\n<p>E-mail: tic.subotica@eunet.rs<\/p>\n<p>web: www.visitsubotica.rs<\/p>\n<p>&nbsp;<\/p>\n<p><strong>Turist-info centar Pali\u0107<\/strong><\/p>\n<p>&nbsp;<\/p>\n<p>Kanji\u0161ki put 17a, 24413 Pali\u0107<\/p>\n<p>Tel: 024\/602-540, 753-111<\/p>\n<p>E-mail: tic.palic@eunet.rs<\/p>\n<p>&nbsp;<\/p>\n<p><strong>Turist-info centar Kragujevac<\/strong><\/p>\n<p>&nbsp;<\/p>\n<p>Dr Zorana \u0110in\u0111i\u0107a 11, Kragujevac<\/p>\n<p>Tel +381 34 335 302<\/p>\n<p>+381 34 301 306<\/p>\n<p>Mail: tic@gtokg.org.rs<\/p>\n<p>&nbsp;<\/p>\n<p><strong>Turist-info centar In\u0111ija<\/strong><\/p>\n<p>&nbsp;<\/p>\n<p>Cara Du\u0161ana 1, 22320 In\u0111ija<\/p>\n<p>Tel\/fax +381 22 510 970<\/p>\n<p>Mail: turizam@indjija.net<\/p>\n<p>&nbsp;<\/p>\n<p><strong>Turisti\u010dka organizacija Kraljeva<\/strong><\/p>\n<p>&nbsp;<\/p>\n<p>Trg srpskih ratnika 25 36000 Kraljevo<\/p>\n<p>Tel +381 36 316 000, +381 36 311 192<\/p>\n<p>Mail: jutok@tron.rs<\/p>\n<p>&nbsp;<\/p>\n<p><strong>Turisticka Organizacija Kur\u0161umlija<\/strong><\/p>\n<p>&nbsp;<\/p>\n<p>Palih Boraca 15, 18430 Kur\u0161umlija,<\/p>\n<p>Tel. \/ Fax : 027-380-963,<\/p>\n<p>&nbsp;<\/p>\n<p>Mail: to.kursumlija027@gmail.com i tokursumlija@open.telekom.rs<\/p>\n<p>Turisti\u010dka organizacija op\u0161tine Ljubovija<\/p>\n<p>Vojvode Mi\u0161i\u0107a 45, 15320 Ljubovija<\/p>\n<p>Telefon: 015\/561-050<\/p>\n<p>Mail: sgtoolj@gmail.com<\/p>\n<p>&nbsp;<\/p>\n<p><strong>Turisti\u010dka organizacija op\u0161tine Negotin<\/strong><\/p>\n<p>&nbsp;<\/p>\n<p>Vojvode Mi\u0161i\u0107a 25, 19300 Negotin<\/p>\n<p>telefon: +381 19 547 555<\/p>\n<p>Mail: toonegotin@gmail.com<\/p>\n<p>&nbsp;<\/p>\n<p><strong>Turisti\u010dka organizacija op\u0161tine Sremski Karlovci<\/strong><\/p>\n<p>&nbsp;<\/p>\n<p>Patrijarha Raja\u010di\u0107a br. 1, Sremski Karlovci<\/p>\n<p>Tel: +381 (0) 21\/882-127<\/p>\n<p>Tel\/fax.: +381 (0) 21\/883-855<\/p>\n<p>E-mail: info@karlovci.org.rs<\/p>\n<p>web adresa: www.karlovci.org.rs<\/p>\n<p>&nbsp;<\/p>\n<p><strong>Turisti\u010dka organizacija \u0160abac<\/strong><\/p>\n<p>&nbsp;<\/p>\n<p>Kara\u0111or\u0111eva 5, \u0160abac<\/p>\n<p>Tel: +381 15 347 383 I +381 15 347 384<\/p>\n<p>Mail: tossabac@gmail.com i info@sabacturizam.org<\/p>\n","protected":false},"excerpt":{"rendered":"<p>O svemu \u0161to vas zanima mo\u017eete se obavestiti u turist-info centrima \u0161irom Srbije. Ovde \u0107ete mo\u0107i da saznate sva trenutna de\u0161avanja u Srbiji, \u0161ta treba znati, gde treba oti\u0107i, a [&hellip;]<\/p>\n","protected":false},"author":9,"featured_media":53134,"parent":20401,"menu_order":0,"comment_status":"closed","ping_status":"open","template":"","meta":{"_acf_changed":false,"inline_featured_image":false,"_monsterinsights_skip_tracking":false,"_monsterinsights_sitenote_active":false,"_monsterinsights_sitenote_note":"","_monsterinsights_sitenote_category":0,"footnotes":""},"categories":[1250],"tags":[],"class_list":["post-20565","page","type-page","status-publish","has-post-thumbnail","hentry","category-putovanje-srbija"],"acf":[],"yoast_head":"<!-- This site is optimized with the Yoast SEO plugin v27.5 - https:\/\/yoast.com\/product\/yoast-seo-wordpress\/ -->\n<title>Turist-info pultovi - Serbia.com<\/title>\n<meta name=\"robots\" content=\"index, follow, max-snippet:-1, max-image-preview:large, max-video-preview:-1\" \/>\n<link rel=\"canonical\" href=\"https:\/\/serbia.com\/srpski\/posetite-srbiju\/putovanje\/korisne-informacije\/turist-info-pultovi\/\" \/>\n<meta property=\"og:locale\" content=\"en_US\" \/>\n<meta property=\"og:type\" content=\"article\" \/>\n<meta property=\"og:title\" content=\"Turist-info pultovi - Serbia.com\" \/>\n<meta property=\"og:description\" content=\"O svemu \u0161to vas zanima mo\u017eete se obavestiti u turist-info centrima \u0161irom Srbije. Ovde \u0107ete mo\u0107i da saznate sva trenutna de\u0161avanja u Srbiji, \u0161ta treba znati, gde treba oti\u0107i, a [&hellip;]\" \/>\n<meta property=\"og:url\" content=\"https:\/\/serbia.com\/srpski\/posetite-srbiju\/putovanje\/korisne-informacije\/turist-info-pultovi\/\" \/>\n<meta property=\"og:site_name\" content=\"Serbia.com\" \/>\n<meta property=\"og:image\" content=\"https:\/\/serbia.com\/wp-content\/uploads\/2024\/05\/anete-lusina-rFKBUwLg_WQ-unsplash-scaled.jpg\" \/>\n\t<meta property=\"og:image:width\" content=\"2560\" \/>\n\t<meta property=\"og:image:height\" content=\"1703\" \/>\n\t<meta property=\"og:image:type\" content=\"image\/jpeg\" \/>\n<meta name=\"twitter:label1\" content=\"Est. reading time\" \/>\n\t<meta name=\"twitter:data1\" content=\"2 minutes\" \/>\n<script type=\"application\/ld+json\" class=\"yoast-schema-graph\">{\"@context\":\"https:\\\/\\\/schema.org\",\"@graph\":[{\"@type\":\"WebPage\",\"@id\":\"https:\\\/\\\/serbia.com\\\/srpski\\\/posetite-srbiju\\\/putovanje\\\/korisne-informacije\\\/turist-info-pultovi\\\/\",\"url\":\"https:\\\/\\\/serbia.com\\\/srpski\\\/posetite-srbiju\\\/putovanje\\\/korisne-informacije\\\/turist-info-pultovi\\\/\",\"name\":\"Turist-info pultovi - Serbia.com\",\"isPartOf\":{\"@id\":\"https:\\\/\\\/serbia.com\\\/#website\"},\"primaryImageOfPage\":{\"@id\":\"https:\\\/\\\/serbia.com\\\/srpski\\\/posetite-srbiju\\\/putovanje\\\/korisne-informacije\\\/turist-info-pultovi\\\/#primaryimage\"},\"image\":{\"@id\":\"https:\\\/\\\/serbia.com\\\/srpski\\\/posetite-srbiju\\\/putovanje\\\/korisne-informacije\\\/turist-info-pultovi\\\/#primaryimage\"},\"thumbnailUrl\":\"https:\\\/\\\/serbia.com\\\/wp-content\\\/uploads\\\/2024\\\/05\\\/anete-lusina-rFKBUwLg_WQ-unsplash-scaled.jpg\",\"datePublished\":\"2014-02-26T22:56:04+00:00\",\"breadcrumb\":{\"@id\":\"https:\\\/\\\/serbia.com\\\/srpski\\\/posetite-srbiju\\\/putovanje\\\/korisne-informacije\\\/turist-info-pultovi\\\/#breadcrumb\"},\"inLanguage\":\"srpski\",\"potentialAction\":[{\"@type\":\"ReadAction\",\"target\":[\"https:\\\/\\\/serbia.com\\\/srpski\\\/posetite-srbiju\\\/putovanje\\\/korisne-informacije\\\/turist-info-pultovi\\\/\"]}]},{\"@type\":\"ImageObject\",\"inLanguage\":\"srpski\",\"@id\":\"https:\\\/\\\/serbia.com\\\/srpski\\\/posetite-srbiju\\\/putovanje\\\/korisne-informacije\\\/turist-info-pultovi\\\/#primaryimage\",\"url\":\"https:\\\/\\\/serbia.com\\\/wp-content\\\/uploads\\\/2024\\\/05\\\/anete-lusina-rFKBUwLg_WQ-unsplash-scaled.jpg\",\"contentUrl\":\"https:\\\/\\\/serbia.com\\\/wp-content\\\/uploads\\\/2024\\\/05\\\/anete-lusina-rFKBUwLg_WQ-unsplash-scaled.jpg\",\"width\":2560,\"height\":1703},{\"@type\":\"BreadcrumbList\",\"@id\":\"https:\\\/\\\/serbia.com\\\/srpski\\\/posetite-srbiju\\\/putovanje\\\/korisne-informacije\\\/turist-info-pultovi\\\/#breadcrumb\",\"itemListElement\":[{\"@type\":\"ListItem\",\"position\":1,\"name\":\"Home\",\"item\":\"https:\\\/\\\/serbia.com\\\/srpski\\\/\"},{\"@type\":\"ListItem\",\"position\":2,\"name\":\"Poseti Srbiju\",\"item\":\"https:\\\/\\\/serbia.com\\\/srpski\\\/posetite-srbiju\\\/\"},{\"@type\":\"ListItem\",\"position\":3,\"name\":\"Putovanje\",\"item\":\"https:\\\/\\\/serbia.com\\\/srpski\\\/posetite-srbiju\\\/putovanje\\\/\"},{\"@type\":\"ListItem\",\"position\":4,\"name\":\"Korisne informacije\",\"item\":\"https:\\\/\\\/serbia.com\\\/srpski\\\/posetite-srbiju\\\/putovanje\\\/korisne-informacije\\\/\"},{\"@type\":\"ListItem\",\"position\":5,\"name\":\"Turist-info pultovi\"}]},{\"@type\":\"WebSite\",\"@id\":\"https:\\\/\\\/serbia.com\\\/#website\",\"url\":\"https:\\\/\\\/serbia.com\\\/\",\"name\":\"Serbia.com\",\"description\":\"Your Gateway to Serbia\",\"potentialAction\":[{\"@type\":\"SearchAction\",\"target\":{\"@type\":\"EntryPoint\",\"urlTemplate\":\"https:\\\/\\\/serbia.com\\\/?s={search_term_string}\"},\"query-input\":{\"@type\":\"PropertyValueSpecification\",\"valueRequired\":true,\"valueName\":\"search_term_string\"}}],\"inLanguage\":\"srpski\"}]}<\/script>\n<!-- \/ Yoast SEO plugin. -->","yoast_head_json":{"title":"Turist-info pultovi - Serbia.com","robots":{"index":"index","follow":"follow","max-snippet":"max-snippet:-1","max-image-preview":"max-image-preview:large","max-video-preview":"max-video-preview:-1"},"canonical":"https:\/\/serbia.com\/srpski\/posetite-srbiju\/putovanje\/korisne-informacije\/turist-info-pultovi\/","og_locale":"en_US","og_type":"article","og_title":"Turist-info pultovi - Serbia.com","og_description":"O svemu \u0161to vas zanima mo\u017eete se obavestiti u turist-info centrima \u0161irom Srbije. Ovde \u0107ete mo\u0107i da saznate sva trenutna de\u0161avanja u Srbiji, \u0161ta treba znati, gde treba oti\u0107i, a [&hellip;]","og_url":"https:\/\/serbia.com\/srpski\/posetite-srbiju\/putovanje\/korisne-informacije\/turist-info-pultovi\/","og_site_name":"Serbia.com","og_image":[{"width":2560,"height":1703,"url":"https:\/\/serbia.com\/wp-content\/uploads\/2024\/05\/anete-lusina-rFKBUwLg_WQ-unsplash-scaled.jpg","type":"image\/jpeg"}],"twitter_misc":{"Est. reading time":"2 minutes"},"schema":{"@context":"https:\/\/schema.org","@graph":[{"@type":"WebPage","@id":"https:\/\/serbia.com\/srpski\/posetite-srbiju\/putovanje\/korisne-informacije\/turist-info-pultovi\/","url":"https:\/\/serbia.com\/srpski\/posetite-srbiju\/putovanje\/korisne-informacije\/turist-info-pultovi\/","name":"Turist-info pultovi - Serbia.com","isPartOf":{"@id":"https:\/\/serbia.com\/#website"},"primaryImageOfPage":{"@id":"https:\/\/serbia.com\/srpski\/posetite-srbiju\/putovanje\/korisne-informacije\/turist-info-pultovi\/#primaryimage"},"image":{"@id":"https:\/\/serbia.com\/srpski\/posetite-srbiju\/putovanje\/korisne-informacije\/turist-info-pultovi\/#primaryimage"},"thumbnailUrl":"https:\/\/serbia.com\/wp-content\/uploads\/2024\/05\/anete-lusina-rFKBUwLg_WQ-unsplash-scaled.jpg","datePublished":"2014-02-26T22:56:04+00:00","breadcrumb":{"@id":"https:\/\/serbia.com\/srpski\/posetite-srbiju\/putovanje\/korisne-informacije\/turist-info-pultovi\/#breadcrumb"},"inLanguage":"srpski","potentialAction":[{"@type":"ReadAction","target":["https:\/\/serbia.com\/srpski\/posetite-srbiju\/putovanje\/korisne-informacije\/turist-info-pultovi\/"]}]},{"@type":"ImageObject","inLanguage":"srpski","@id":"https:\/\/serbia.com\/srpski\/posetite-srbiju\/putovanje\/korisne-informacije\/turist-info-pultovi\/#primaryimage","url":"https:\/\/serbia.com\/wp-content\/uploads\/2024\/05\/anete-lusina-rFKBUwLg_WQ-unsplash-scaled.jpg","contentUrl":"https:\/\/serbia.com\/wp-content\/uploads\/2024\/05\/anete-lusina-rFKBUwLg_WQ-unsplash-scaled.jpg","width":2560,"height":1703},{"@type":"BreadcrumbList","@id":"https:\/\/serbia.com\/srpski\/posetite-srbiju\/putovanje\/korisne-informacije\/turist-info-pultovi\/#breadcrumb","itemListElement":[{"@type":"ListItem","position":1,"name":"Home","item":"https:\/\/serbia.com\/srpski\/"},{"@type":"ListItem","position":2,"name":"Poseti Srbiju","item":"https:\/\/serbia.com\/srpski\/posetite-srbiju\/"},{"@type":"ListItem","position":3,"name":"Putovanje","item":"https:\/\/serbia.com\/srpski\/posetite-srbiju\/putovanje\/"},{"@type":"ListItem","position":4,"name":"Korisne informacije","item":"https:\/\/serbia.com\/srpski\/posetite-srbiju\/putovanje\/korisne-informacije\/"},{"@type":"ListItem","position":5,"name":"Turist-info pultovi"}]},{"@type":"WebSite","@id":"https:\/\/serbia.com\/#website","url":"https:\/\/serbia.com\/","name":"Serbia.com","description":"Your Gateway to Serbia","potentialAction":[{"@type":"SearchAction","target":{"@type":"EntryPoint","urlTemplate":"https:\/\/serbia.com\/?s={search_term_string}"},"query-input":{"@type":"PropertyValueSpecification","valueRequired":true,"valueName":"search_term_string"}}],"inLanguage":"srpski"}]}},"brizy_media":[],"_links":{"self":[{"href":"https:\/\/serbia.com\/srpski\/wp-json\/wp\/v2\/pages\/20565","targetHints":{"allow":["GET"]}}],"collection":[{"href":"https:\/\/serbia.com\/srpski\/wp-json\/wp\/v2\/pages"}],"about":[{"href":"https:\/\/serbia.com\/srpski\/wp-json\/wp\/v2\/types\/page"}],"author":[{"embeddable":true,"href":"https:\/\/serbia.com\/srpski\/wp-json\/wp\/v2\/users\/9"}],"replies":[{"embeddable":true,"href":"https:\/\/serbia.com\/srpski\/wp-json\/wp\/v2\/comments?post=20565"}],"version-history":[{"count":0,"href":"https:\/\/serbia.com\/srpski\/wp-json\/wp\/v2\/pages\/20565\/revisions"}],"up":[{"embeddable":true,"href":"https:\/\/serbia.com\/srpski\/wp-json\/wp\/v2\/pages\/20401"}],"wp:featuredmedia":[{"embeddable":true,"href":"https:\/\/serbia.com\/srpski\/wp-json\/wp\/v2\/media\/53134"}],"wp:attachment":[{"href":"https:\/\/serbia.com\/srpski\/wp-json\/wp\/v2\/media?parent=20565"}],"wp:term":[{"taxonomy":"category","embeddable":true,"href":"https:\/\/serbia.com\/srpski\/wp-json\/wp\/v2\/categories?post=20565"},{"taxonomy":"post_tag","embeddable":true,"href":"https:\/\/serbia.com\/srpski\/wp-json\/wp\/v2\/tags?post=20565"}],"curies":[{"name":"wp","href":"https:\/\/api.w.org\/{rel}","templated":true}]}}