{"id":20530,"date":"2014-02-26T23:29:40","date_gmt":"2014-02-26T22:29:40","guid":{"rendered":"http:\/\/www.serbia.com\/?page_id=20530"},"modified":"2014-02-26T23:29:40","modified_gmt":"2014-02-26T22:29:40","slug":"cene","status":"publish","type":"page","link":"https:\/\/serbia.com\/srpski\/posetite-srbiju\/putovanje\/korisne-informacije\/cene\/","title":{"rendered":"Cene"},"content":{"rendered":"<p>Cene u Srbiji variraju u zavisnosti od toga u kom mestu se nalazte. Za najskuplji grad va\u017ei Beograd, ali ni u njemu cene ne odstupaju od proseka koji va\u017ei za ve\u0107inu evropskih gradova, dok su u ostalim mestima cene uglavnom ni\u017ee.<\/p>\n<p>Cene karata za gradski prevoz iznose oko 75din (oko 60 centi) po jednoj vo\u017enji. U Beogradu funkcioni\u0161e objedinjeni sistem GSP \u2013 BusPlus. Cena BusPlus kartice je 40din (oko 40 centi).<\/p>\n<p>Cene taksi vo\u017enje variraju od grada do grada. U Beogradu, start taksija je 170 din (oko 1,5 evra) a cena po kilometru je izme\u0111u 65 i 85 dinara (60 \u2013 70 centi ) u zavisnosti od tarife po kojoj taksista vozi.<\/p>\n<p>Cene ulaznica za muzeje se kre\u0107u u rasponu od 100 do 500 dinara (1-5 evra) Za organizovane posete karte su jeftinije.<\/p>\n<p>Srbija je poznata po velikom broju pekara i fast food-ova gde mo\u017eete \u201cna brzinu\u201d ne\u0161to pojesti i nastaviti sa obilaskom. Na ovakvu vrstu hrane nai\u0107i \u0107ete na svakom \u0107o\u0161ku, a ono \u0161to je naro\u010dito zna\u010dajno je to \u0161to mnogi od ovih objekata rade preko cele no\u0107i, pa na putu do hotela, dok se na primer, vra\u0107ate iz no\u0107nog provoda, mo\u017eete svratiti na tradicionalni srpski burek.<\/p>\n<p>Cena par\u010deta bureka se kre\u0107e oko 100 dinara (1 evro), pala\u010dinki oko 200 (2 evra), a ve\u0107ina peciva u pekarama ne prelazi 100 dinara (oko 1 evro). Toliko u proseku ko\u0161ta i par\u010de pice na kiosku, dok su ve\u0107 \u010duvena jela sa ro\u0161tilja \u2013 pljeskavice, \u0107evapi ili kobasice oko 250 dinara (2,5 evra).<\/p>\n<p>Nema dobrog provoda u Srbiji dok bar jednom ne sednete u neki od kafi\u0107a i \u201cmera\u010dki\u201d popijete kafu.<\/p>\n<p>\u201cObi\u010dna\u201d, srpska kafa, ko\u0161ta manje od 100 din (oko 1 evro). Cene ostalih kafa variraju ali obi\u010dno nisu skuplje od 300 din (3 evra).<\/p>\n<p>Doma\u0107a pi\u0107a u restoranima i barovima imaju razli\u010dite cene, ali se kre\u0107u u rasponu od 150 do 300 dinara (1,5 \u2013 3 evra) za koli\u010dinu od 0,2 do pola litra. U prodavnicama, cene ovih pi\u0107a znatno su ni\u017ee.<\/p>\n<p>Ako u Srbiju dolazite sopstvenim automobilom, gorivo mo\u017eete kupiti na benzinskim pumpama koje na glavnim saobra\u0107ajnicama i u ve\u0107im gradovima rade non-stop. Cena goriva zavisi od vrste, ali se kre\u0107e oko 150 dinara po litri (oko 1,5 evro).<\/p>\n<p>Cene no\u0107enja u hotelima variraju od grada do grada, kao i kategorizacije hotela. U nekim manjim hotelima malo dalje od centra Beograda no\u0107enje sa doru\u010dkom ko\u0161ta izme\u0111u 1000 i 2000 dinara (10-20 evra) dok su te cene u hotelima bli\u017ee centru vi\u0161e.<\/p>\n<p>Beograd raspola\u017ee i velikim brojem hostela na veoma dobrim lokacijama u samom gradu gde preno\u0107i\u0161te ko\u0161ta izme\u0111u 1000 i 2000 dinara (10 \u2013 20 evra).<\/p>\n<p>&nbsp;<\/p>\n<p><strong>Valuta<\/strong><\/p>\n<p>U Srbiji je zvani\u010dna valuta dinar (RSD). Za jedan evro mogu\u0107e je dobiti oko 113 dinara (ova vrednost varira) Zamena stranih valuta mogu\u0107a je u svim bankama, po\u0161tama, kao i ovla\u0161\u0107enim menja\u010dnicama.<\/p>\n<p>&nbsp;<\/p>\n<p><strong>U opticaju su apoeni od:<\/strong><\/p>\n<p>&#8211; kovani novac: 1,2,5,10 i 20 dinara<\/p>\n<p>&#8211; papirne nov\u010danice: 10,20,50,100,200,500,1000,2000 i 5000 dinara<\/p>\n<p>Na robu i usluge u Srbiji pla\u0107a se porez na dodatu vrednost (PDV) u iznosu od 8% ili 20% u zavisnosti od vrste robe ili usluge.<\/p>\n<p>Strani dr\u017eavljani koji kupljenu robu iznose iz zemlje imaju pravo na vra\u0107anje poreza na dodatu vrednost ako je ukupna vrednost robe ve\u0107a od 150 EUR i ako se ona iz zemlje iznosi u roku od tri meseca od dana kupovine.<\/p>\n","protected":false},"excerpt":{"rendered":"<p>Cene u Srbiji variraju u zavisnosti od toga u kom mestu se nalazte. Za najskuplji grad va\u017ei Beograd, ali ni u njemu cene ne odstupaju od proseka koji va\u017ei za [&hellip;]<\/p>\n","protected":false},"author":9,"featured_media":37960,"parent":20401,"menu_order":0,"comment_status":"closed","ping_status":"open","template":"","meta":{"_acf_changed":false,"inline_featured_image":false,"_monsterinsights_skip_tracking":false,"_monsterinsights_sitenote_active":false,"_monsterinsights_sitenote_note":"","_monsterinsights_sitenote_category":0,"footnotes":""},"categories":[1250],"tags":[],"class_list":["post-20530","page","type-page","status-publish","has-post-thumbnail","hentry","category-putovanje-srbija"],"acf":[],"yoast_head":"<!-- This site is optimized with the Yoast SEO plugin v27.4 - https:\/\/yoast.com\/product\/yoast-seo-wordpress\/ -->\n<title>Cene - Serbia.com<\/title>\n<meta name=\"robots\" content=\"index, follow, max-snippet:-1, max-image-preview:large, max-video-preview:-1\" \/>\n<link rel=\"canonical\" href=\"https:\/\/serbia.com\/srpski\/posetite-srbiju\/putovanje\/korisne-informacije\/cene\/\" \/>\n<meta property=\"og:locale\" content=\"en_US\" \/>\n<meta property=\"og:type\" content=\"article\" \/>\n<meta property=\"og:title\" content=\"Cene - Serbia.com\" \/>\n<meta property=\"og:description\" content=\"Cene u Srbiji variraju u zavisnosti od toga u kom mestu se nalazte. Za najskuplji grad va\u017ei Beograd, ali ni u njemu cene ne odstupaju od proseka koji va\u017ei za [&hellip;]\" \/>\n<meta property=\"og:url\" content=\"https:\/\/serbia.com\/srpski\/posetite-srbiju\/putovanje\/korisne-informacije\/cene\/\" \/>\n<meta property=\"og:site_name\" content=\"Serbia.com\" \/>\n<meta property=\"og:image\" content=\"https:\/\/serbia.com\/wp-content\/uploads\/2015\/11\/RSD-Dinar-Money111.jpg\" \/>\n\t<meta property=\"og:image:width\" content=\"800\" \/>\n\t<meta property=\"og:image:height\" content=\"474\" \/>\n\t<meta property=\"og:image:type\" content=\"image\/jpeg\" \/>\n<meta name=\"twitter:label1\" content=\"Est. reading time\" \/>\n\t<meta name=\"twitter:data1\" content=\"3 minutes\" \/>\n<script type=\"application\/ld+json\" class=\"yoast-schema-graph\">{\"@context\":\"https:\\\/\\\/schema.org\",\"@graph\":[{\"@type\":\"WebPage\",\"@id\":\"https:\\\/\\\/serbia.com\\\/srpski\\\/posetite-srbiju\\\/putovanje\\\/korisne-informacije\\\/cene\\\/\",\"url\":\"https:\\\/\\\/serbia.com\\\/srpski\\\/posetite-srbiju\\\/putovanje\\\/korisne-informacije\\\/cene\\\/\",\"name\":\"Cene - Serbia.com\",\"isPartOf\":{\"@id\":\"https:\\\/\\\/serbia.com\\\/#website\"},\"primaryImageOfPage\":{\"@id\":\"https:\\\/\\\/serbia.com\\\/srpski\\\/posetite-srbiju\\\/putovanje\\\/korisne-informacije\\\/cene\\\/#primaryimage\"},\"image\":{\"@id\":\"https:\\\/\\\/serbia.com\\\/srpski\\\/posetite-srbiju\\\/putovanje\\\/korisne-informacije\\\/cene\\\/#primaryimage\"},\"thumbnailUrl\":\"https:\\\/\\\/serbia.com\\\/wp-content\\\/uploads\\\/2015\\\/11\\\/RSD-Dinar-Money111.jpg\",\"datePublished\":\"2014-02-26T22:29:40+00:00\",\"breadcrumb\":{\"@id\":\"https:\\\/\\\/serbia.com\\\/srpski\\\/posetite-srbiju\\\/putovanje\\\/korisne-informacije\\\/cene\\\/#breadcrumb\"},\"inLanguage\":\"srpski\",\"potentialAction\":[{\"@type\":\"ReadAction\",\"target\":[\"https:\\\/\\\/serbia.com\\\/srpski\\\/posetite-srbiju\\\/putovanje\\\/korisne-informacije\\\/cene\\\/\"]}]},{\"@type\":\"ImageObject\",\"inLanguage\":\"srpski\",\"@id\":\"https:\\\/\\\/serbia.com\\\/srpski\\\/posetite-srbiju\\\/putovanje\\\/korisne-informacije\\\/cene\\\/#primaryimage\",\"url\":\"https:\\\/\\\/serbia.com\\\/wp-content\\\/uploads\\\/2015\\\/11\\\/RSD-Dinar-Money111.jpg\",\"contentUrl\":\"https:\\\/\\\/serbia.com\\\/wp-content\\\/uploads\\\/2015\\\/11\\\/RSD-Dinar-Money111.jpg\",\"width\":800,\"height\":474},{\"@type\":\"BreadcrumbList\",\"@id\":\"https:\\\/\\\/serbia.com\\\/srpski\\\/posetite-srbiju\\\/putovanje\\\/korisne-informacije\\\/cene\\\/#breadcrumb\",\"itemListElement\":[{\"@type\":\"ListItem\",\"position\":1,\"name\":\"Home\",\"item\":\"https:\\\/\\\/serbia.com\\\/srpski\\\/srbija\\\/\"},{\"@type\":\"ListItem\",\"position\":2,\"name\":\"Poseti Srbiju\",\"item\":\"https:\\\/\\\/serbia.com\\\/srpski\\\/posetite-srbiju\\\/\"},{\"@type\":\"ListItem\",\"position\":3,\"name\":\"Putovanje\",\"item\":\"https:\\\/\\\/serbia.com\\\/srpski\\\/posetite-srbiju\\\/putovanje\\\/\"},{\"@type\":\"ListItem\",\"position\":4,\"name\":\"Korisne informacije\",\"item\":\"https:\\\/\\\/serbia.com\\\/srpski\\\/posetite-srbiju\\\/putovanje\\\/korisne-informacije\\\/\"},{\"@type\":\"ListItem\",\"position\":5,\"name\":\"Cene\"}]},{\"@type\":\"WebSite\",\"@id\":\"https:\\\/\\\/serbia.com\\\/#website\",\"url\":\"https:\\\/\\\/serbia.com\\\/\",\"name\":\"Serbia.com\",\"description\":\"Your Gateway to Serbia\",\"potentialAction\":[{\"@type\":\"SearchAction\",\"target\":{\"@type\":\"EntryPoint\",\"urlTemplate\":\"https:\\\/\\\/serbia.com\\\/?s={search_term_string}\"},\"query-input\":{\"@type\":\"PropertyValueSpecification\",\"valueRequired\":true,\"valueName\":\"search_term_string\"}}],\"inLanguage\":\"srpski\"}]}<\/script>\n<!-- \/ Yoast SEO plugin. -->","yoast_head_json":{"title":"Cene - Serbia.com","robots":{"index":"index","follow":"follow","max-snippet":"max-snippet:-1","max-image-preview":"max-image-preview:large","max-video-preview":"max-video-preview:-1"},"canonical":"https:\/\/serbia.com\/srpski\/posetite-srbiju\/putovanje\/korisne-informacije\/cene\/","og_locale":"en_US","og_type":"article","og_title":"Cene - Serbia.com","og_description":"Cene u Srbiji variraju u zavisnosti od toga u kom mestu se nalazte. Za najskuplji grad va\u017ei Beograd, ali ni u njemu cene ne odstupaju od proseka koji va\u017ei za [&hellip;]","og_url":"https:\/\/serbia.com\/srpski\/posetite-srbiju\/putovanje\/korisne-informacije\/cene\/","og_site_name":"Serbia.com","og_image":[{"width":800,"height":474,"url":"https:\/\/serbia.com\/wp-content\/uploads\/2015\/11\/RSD-Dinar-Money111.jpg","type":"image\/jpeg"}],"twitter_misc":{"Est. reading time":"3 minutes"},"schema":{"@context":"https:\/\/schema.org","@graph":[{"@type":"WebPage","@id":"https:\/\/serbia.com\/srpski\/posetite-srbiju\/putovanje\/korisne-informacije\/cene\/","url":"https:\/\/serbia.com\/srpski\/posetite-srbiju\/putovanje\/korisne-informacije\/cene\/","name":"Cene - Serbia.com","isPartOf":{"@id":"https:\/\/serbia.com\/#website"},"primaryImageOfPage":{"@id":"https:\/\/serbia.com\/srpski\/posetite-srbiju\/putovanje\/korisne-informacije\/cene\/#primaryimage"},"image":{"@id":"https:\/\/serbia.com\/srpski\/posetite-srbiju\/putovanje\/korisne-informacije\/cene\/#primaryimage"},"thumbnailUrl":"https:\/\/serbia.com\/wp-content\/uploads\/2015\/11\/RSD-Dinar-Money111.jpg","datePublished":"2014-02-26T22:29:40+00:00","breadcrumb":{"@id":"https:\/\/serbia.com\/srpski\/posetite-srbiju\/putovanje\/korisne-informacije\/cene\/#breadcrumb"},"inLanguage":"srpski","potentialAction":[{"@type":"ReadAction","target":["https:\/\/serbia.com\/srpski\/posetite-srbiju\/putovanje\/korisne-informacije\/cene\/"]}]},{"@type":"ImageObject","inLanguage":"srpski","@id":"https:\/\/serbia.com\/srpski\/posetite-srbiju\/putovanje\/korisne-informacije\/cene\/#primaryimage","url":"https:\/\/serbia.com\/wp-content\/uploads\/2015\/11\/RSD-Dinar-Money111.jpg","contentUrl":"https:\/\/serbia.com\/wp-content\/uploads\/2015\/11\/RSD-Dinar-Money111.jpg","width":800,"height":474},{"@type":"BreadcrumbList","@id":"https:\/\/serbia.com\/srpski\/posetite-srbiju\/putovanje\/korisne-informacije\/cene\/#breadcrumb","itemListElement":[{"@type":"ListItem","position":1,"name":"Home","item":"https:\/\/serbia.com\/srpski\/srbija\/"},{"@type":"ListItem","position":2,"name":"Poseti Srbiju","item":"https:\/\/serbia.com\/srpski\/posetite-srbiju\/"},{"@type":"ListItem","position":3,"name":"Putovanje","item":"https:\/\/serbia.com\/srpski\/posetite-srbiju\/putovanje\/"},{"@type":"ListItem","position":4,"name":"Korisne informacije","item":"https:\/\/serbia.com\/srpski\/posetite-srbiju\/putovanje\/korisne-informacije\/"},{"@type":"ListItem","position":5,"name":"Cene"}]},{"@type":"WebSite","@id":"https:\/\/serbia.com\/#website","url":"https:\/\/serbia.com\/","name":"Serbia.com","description":"Your Gateway to Serbia","potentialAction":[{"@type":"SearchAction","target":{"@type":"EntryPoint","urlTemplate":"https:\/\/serbia.com\/?s={search_term_string}"},"query-input":{"@type":"PropertyValueSpecification","valueRequired":true,"valueName":"search_term_string"}}],"inLanguage":"srpski"}]}},"brizy_media":[],"_links":{"self":[{"href":"https:\/\/serbia.com\/srpski\/wp-json\/wp\/v2\/pages\/20530","targetHints":{"allow":["GET"]}}],"collection":[{"href":"https:\/\/serbia.com\/srpski\/wp-json\/wp\/v2\/pages"}],"about":[{"href":"https:\/\/serbia.com\/srpski\/wp-json\/wp\/v2\/types\/page"}],"author":[{"embeddable":true,"href":"https:\/\/serbia.com\/srpski\/wp-json\/wp\/v2\/users\/9"}],"replies":[{"embeddable":true,"href":"https:\/\/serbia.com\/srpski\/wp-json\/wp\/v2\/comments?post=20530"}],"version-history":[{"count":0,"href":"https:\/\/serbia.com\/srpski\/wp-json\/wp\/v2\/pages\/20530\/revisions"}],"up":[{"embeddable":true,"href":"https:\/\/serbia.com\/srpski\/wp-json\/wp\/v2\/pages\/20401"}],"wp:featuredmedia":[{"embeddable":true,"href":"https:\/\/serbia.com\/srpski\/wp-json\/wp\/v2\/media\/37960"}],"wp:attachment":[{"href":"https:\/\/serbia.com\/srpski\/wp-json\/wp\/v2\/media?parent=20530"}],"wp:term":[{"taxonomy":"category","embeddable":true,"href":"https:\/\/serbia.com\/srpski\/wp-json\/wp\/v2\/categories?post=20530"},{"taxonomy":"post_tag","embeddable":true,"href":"https:\/\/serbia.com\/srpski\/wp-json\/wp\/v2\/tags?post=20530"}],"curies":[{"name":"wp","href":"https:\/\/api.w.org\/{rel}","templated":true}]}}