{"id":20508,"date":"2014-02-26T23:24:00","date_gmt":"2014-02-26T22:24:00","guid":{"rendered":"http:\/\/www.serbia.com\/?page_id=20508"},"modified":"2014-02-26T23:24:00","modified_gmt":"2014-02-26T22:24:00","slug":"zdravlje","status":"publish","type":"page","link":"https:\/\/serbia.com\/srpski\/posetite-srbiju\/putovanje\/korisne-informacije\/zdravlje\/","title":{"rendered":"Zdravlje"},"content":{"rendered":"<p>If you happen to have health problems or need some medical services while staying in Serbia, most hospitals are open 24 hours a day.<\/p>\n<p>Hitnu pomo\u0107 mo\u017eete dobiti u bilo koje doba dana, bilo gde u Srbiji, pozivom na broj 94.<\/p>\n<p>&nbsp;<\/p>\n<p>Hitni slu\u010dajevi \u2013 Beograd \u2013 00.00 \u2013 24-00h<\/p>\n<p>&nbsp;<\/p>\n<p>Urgentni centar, Pasterova 2, tel. 011-3618-444<\/p>\n<p>&nbsp;<\/p>\n<p>Hitna pomo\u0107, Bulevar Fran\u0161a D\u2019Eperea 5, tel. 94<\/p>\n<p>&nbsp;<\/p>\n<p>Stomatolo\u0161ka slu\u017eba \u2013 00.00 \u2013 24.00h<\/p>\n<p>&nbsp;<\/p>\n<p>Dom zdravlja Vra\u010dar, Knjeginje Zorke 15, tel. 011 \u2013 2441-413<\/p>\n<p>&nbsp;<\/p>\n<p>Dom zdravlja Stari grad, Obili\u0107ev venac 30, tel. 011 \u2013 2635 \u2013 236<\/p>\n<p>&nbsp;<\/p>\n<p>Sve informacije o radu i bolnicama u okviru Klini\u010dkog centra Srbije, mo\u0107ete na\u0107i na adresi:<\/p>\n<p>&nbsp;<\/p>\n<p>Klini\u010dki centar Srbije<\/p>\n<p>&nbsp;<\/p>\n<p>Pasterova 2, tel. 011-3618-444, 011-3617-777<\/p>\n<p>&nbsp;<\/p>\n<p>www.kcs.ac.rs<\/p>\n<p>&nbsp;<\/p>\n<p>De\u017eurne apoteke \u2013 00.00-24-00h<\/p>\n<p>&nbsp;<\/p>\n<p>\u201cPrvi maj\u201d, Kralja Milana 9, tel. 3241-349<\/p>\n<p>&nbsp;<\/p>\n<p>\u201cSveti Sava\u201d, Nemanjina 2, tel. 2643-170<\/p>\n<p>&nbsp;<\/p>\n<p>\u201cZemun\u201d, Zemun, Glavna 34, tel. 2618-582<\/p>\n<p>&nbsp;<\/p>\n<p>\u201cBogdan Vujo\u0161evi\u0107\u201d, Goce Del\u010deva 30, tel. 2601-887<\/p>\n<p>&nbsp;<\/p>\n<p>\u201cGornji grad\u201d, Lazarevac, Dr \u0110or\u0111a Kova\u010devi\u0107a 27, tel. 8129-611<\/p>\n<p>&nbsp;<\/p>\n<p>Sve informacije o radu apoteka i dostupnim lekovima mo\u017eete prona\u0107i na adresi:<\/p>\n<p>&nbsp;<\/p>\n<p>Apoteka \u201cBeograd\u201d,<\/p>\n<p>&nbsp;<\/p>\n<p>www.apotekabeograd.co.rs<\/p>\n<p>Informacije o lekovima: 011-2435-008<\/p>\n<p>i<\/p>\n<p>Savez privatnih apoteka Srbije,<\/p>\n<p>Palmira Toljatija 5, 011-2671-996<\/p>\n","protected":false},"excerpt":{"rendered":"<p>If you happen to have health problems or need some medical services while staying in Serbia, most hospitals are open 24 hours a day. Hitnu pomo\u0107 mo\u017eete dobiti u bilo [&hellip;]<\/p>\n","protected":false},"author":9,"featured_media":53159,"parent":20401,"menu_order":0,"comment_status":"closed","ping_status":"open","template":"","meta":{"_acf_changed":false,"inline_featured_image":false,"_monsterinsights_skip_tracking":false,"_monsterinsights_sitenote_active":false,"_monsterinsights_sitenote_note":"","_monsterinsights_sitenote_category":0,"footnotes":""},"categories":[1250],"tags":[],"class_list":["post-20508","page","type-page","status-publish","has-post-thumbnail","hentry","category-putovanje-srbija"],"acf":[],"yoast_head":"<!-- This site is optimized with the Yoast SEO plugin v23.8 - https:\/\/yoast.com\/wordpress\/plugins\/seo\/ -->\n<title>Zdravlje - Serbia.com<\/title>\n<meta name=\"robots\" content=\"index, follow, max-snippet:-1, max-image-preview:large, max-video-preview:-1\" \/>\n<link rel=\"canonical\" href=\"https:\/\/serbia.com\/srpski\/posetite-srbiju\/putovanje\/korisne-informacije\/zdravlje\/\" \/>\n<meta property=\"og:locale\" content=\"en_US\" \/>\n<meta property=\"og:type\" content=\"article\" \/>\n<meta property=\"og:title\" content=\"Zdravlje - Serbia.com\" \/>\n<meta property=\"og:description\" content=\"If you happen to have health problems or need some medical services while staying in Serbia, most hospitals are open 24 hours a day. Hitnu pomo\u0107 mo\u017eete dobiti u bilo [&hellip;]\" \/>\n<meta property=\"og:url\" content=\"https:\/\/serbia.com\/srpski\/posetite-srbiju\/putovanje\/korisne-informacije\/zdravlje\/\" \/>\n<meta property=\"og:site_name\" content=\"Serbia.com\" \/>\n<meta property=\"og:image\" content=\"https:\/\/serbia.com\/wp-content\/uploads\/2024\/05\/medical-563427_1920.jpg\" \/>\n\t<meta property=\"og:image:width\" content=\"1920\" \/>\n\t<meta property=\"og:image:height\" content=\"1280\" \/>\n\t<meta property=\"og:image:type\" content=\"image\/jpeg\" \/>\n<meta name=\"twitter:label1\" content=\"Est. reading time\" \/>\n\t<meta name=\"twitter:data1\" content=\"1 minute\" \/>\n<script type=\"application\/ld+json\" class=\"yoast-schema-graph\">{\"@context\":\"https:\/\/schema.org\",\"@graph\":[{\"@type\":\"WebPage\",\"@id\":\"https:\/\/serbia.com\/srpski\/posetite-srbiju\/putovanje\/korisne-informacije\/zdravlje\/\",\"url\":\"https:\/\/serbia.com\/srpski\/posetite-srbiju\/putovanje\/korisne-informacije\/zdravlje\/\",\"name\":\"Zdravlje - Serbia.com\",\"isPartOf\":{\"@id\":\"https:\/\/serbia.com\/#website\"},\"primaryImageOfPage\":{\"@id\":\"https:\/\/serbia.com\/srpski\/posetite-srbiju\/putovanje\/korisne-informacije\/zdravlje\/#primaryimage\"},\"image\":{\"@id\":\"https:\/\/serbia.com\/srpski\/posetite-srbiju\/putovanje\/korisne-informacije\/zdravlje\/#primaryimage\"},\"thumbnailUrl\":\"https:\/\/serbia.com\/wp-content\/uploads\/2024\/05\/medical-563427_1920.jpg\",\"datePublished\":\"2014-02-26T22:24:00+00:00\",\"dateModified\":\"2014-02-26T22:24:00+00:00\",\"breadcrumb\":{\"@id\":\"https:\/\/serbia.com\/srpski\/posetite-srbiju\/putovanje\/korisne-informacije\/zdravlje\/#breadcrumb\"},\"inLanguage\":\"srpski\",\"potentialAction\":[{\"@type\":\"ReadAction\",\"target\":[\"https:\/\/serbia.com\/srpski\/posetite-srbiju\/putovanje\/korisne-informacije\/zdravlje\/\"]}]},{\"@type\":\"ImageObject\",\"inLanguage\":\"srpski\",\"@id\":\"https:\/\/serbia.com\/srpski\/posetite-srbiju\/putovanje\/korisne-informacije\/zdravlje\/#primaryimage\",\"url\":\"https:\/\/serbia.com\/wp-content\/uploads\/2024\/05\/medical-563427_1920.jpg\",\"contentUrl\":\"https:\/\/serbia.com\/wp-content\/uploads\/2024\/05\/medical-563427_1920.jpg\",\"width\":1920,\"height\":1280},{\"@type\":\"BreadcrumbList\",\"@id\":\"https:\/\/serbia.com\/srpski\/posetite-srbiju\/putovanje\/korisne-informacije\/zdravlje\/#breadcrumb\",\"itemListElement\":[{\"@type\":\"ListItem\",\"position\":1,\"name\":\"Home\",\"item\":\"https:\/\/serbia.com\/srpski\/\"},{\"@type\":\"ListItem\",\"position\":2,\"name\":\"Poseti Srbiju\",\"item\":\"https:\/\/serbia.com\/srpski\/posetite-srbiju\/\"},{\"@type\":\"ListItem\",\"position\":3,\"name\":\"Putovanje\",\"item\":\"https:\/\/serbia.com\/srpski\/posetite-srbiju\/putovanje\/\"},{\"@type\":\"ListItem\",\"position\":4,\"name\":\"Korisne informacije\",\"item\":\"https:\/\/serbia.com\/srpski\/posetite-srbiju\/putovanje\/korisne-informacije\/\"},{\"@type\":\"ListItem\",\"position\":5,\"name\":\"Zdravlje\"}]},{\"@type\":\"WebSite\",\"@id\":\"https:\/\/serbia.com\/#website\",\"url\":\"https:\/\/serbia.com\/\",\"name\":\"Serbia.com\",\"description\":\"Your Gateway to Serbia\",\"potentialAction\":[{\"@type\":\"SearchAction\",\"target\":{\"@type\":\"EntryPoint\",\"urlTemplate\":\"https:\/\/serbia.com\/?s={search_term_string}\"},\"query-input\":{\"@type\":\"PropertyValueSpecification\",\"valueRequired\":true,\"valueName\":\"search_term_string\"}}],\"inLanguage\":\"srpski\"}]}<\/script>\n<!-- \/ Yoast SEO plugin. -->","yoast_head_json":{"title":"Zdravlje - Serbia.com","robots":{"index":"index","follow":"follow","max-snippet":"max-snippet:-1","max-image-preview":"max-image-preview:large","max-video-preview":"max-video-preview:-1"},"canonical":"https:\/\/serbia.com\/srpski\/posetite-srbiju\/putovanje\/korisne-informacije\/zdravlje\/","og_locale":"en_US","og_type":"article","og_title":"Zdravlje - Serbia.com","og_description":"If you happen to have health problems or need some medical services while staying in Serbia, most hospitals are open 24 hours a day. Hitnu pomo\u0107 mo\u017eete dobiti u bilo [&hellip;]","og_url":"https:\/\/serbia.com\/srpski\/posetite-srbiju\/putovanje\/korisne-informacije\/zdravlje\/","og_site_name":"Serbia.com","og_image":[{"width":1920,"height":1280,"url":"https:\/\/serbia.com\/wp-content\/uploads\/2024\/05\/medical-563427_1920.jpg","type":"image\/jpeg"}],"twitter_misc":{"Est. reading time":"1 minute"},"schema":{"@context":"https:\/\/schema.org","@graph":[{"@type":"WebPage","@id":"https:\/\/serbia.com\/srpski\/posetite-srbiju\/putovanje\/korisne-informacije\/zdravlje\/","url":"https:\/\/serbia.com\/srpski\/posetite-srbiju\/putovanje\/korisne-informacije\/zdravlje\/","name":"Zdravlje - Serbia.com","isPartOf":{"@id":"https:\/\/serbia.com\/#website"},"primaryImageOfPage":{"@id":"https:\/\/serbia.com\/srpski\/posetite-srbiju\/putovanje\/korisne-informacije\/zdravlje\/#primaryimage"},"image":{"@id":"https:\/\/serbia.com\/srpski\/posetite-srbiju\/putovanje\/korisne-informacije\/zdravlje\/#primaryimage"},"thumbnailUrl":"https:\/\/serbia.com\/wp-content\/uploads\/2024\/05\/medical-563427_1920.jpg","datePublished":"2014-02-26T22:24:00+00:00","dateModified":"2014-02-26T22:24:00+00:00","breadcrumb":{"@id":"https:\/\/serbia.com\/srpski\/posetite-srbiju\/putovanje\/korisne-informacije\/zdravlje\/#breadcrumb"},"inLanguage":"srpski","potentialAction":[{"@type":"ReadAction","target":["https:\/\/serbia.com\/srpski\/posetite-srbiju\/putovanje\/korisne-informacije\/zdravlje\/"]}]},{"@type":"ImageObject","inLanguage":"srpski","@id":"https:\/\/serbia.com\/srpski\/posetite-srbiju\/putovanje\/korisne-informacije\/zdravlje\/#primaryimage","url":"https:\/\/serbia.com\/wp-content\/uploads\/2024\/05\/medical-563427_1920.jpg","contentUrl":"https:\/\/serbia.com\/wp-content\/uploads\/2024\/05\/medical-563427_1920.jpg","width":1920,"height":1280},{"@type":"BreadcrumbList","@id":"https:\/\/serbia.com\/srpski\/posetite-srbiju\/putovanje\/korisne-informacije\/zdravlje\/#breadcrumb","itemListElement":[{"@type":"ListItem","position":1,"name":"Home","item":"https:\/\/serbia.com\/srpski\/"},{"@type":"ListItem","position":2,"name":"Poseti Srbiju","item":"https:\/\/serbia.com\/srpski\/posetite-srbiju\/"},{"@type":"ListItem","position":3,"name":"Putovanje","item":"https:\/\/serbia.com\/srpski\/posetite-srbiju\/putovanje\/"},{"@type":"ListItem","position":4,"name":"Korisne informacije","item":"https:\/\/serbia.com\/srpski\/posetite-srbiju\/putovanje\/korisne-informacije\/"},{"@type":"ListItem","position":5,"name":"Zdravlje"}]},{"@type":"WebSite","@id":"https:\/\/serbia.com\/#website","url":"https:\/\/serbia.com\/","name":"Serbia.com","description":"Your Gateway to Serbia","potentialAction":[{"@type":"SearchAction","target":{"@type":"EntryPoint","urlTemplate":"https:\/\/serbia.com\/?s={search_term_string}"},"query-input":{"@type":"PropertyValueSpecification","valueRequired":true,"valueName":"search_term_string"}}],"inLanguage":"srpski"}]}},"_links":{"self":[{"href":"https:\/\/serbia.com\/srpski\/wp-json\/wp\/v2\/pages\/20508"}],"collection":[{"href":"https:\/\/serbia.com\/srpski\/wp-json\/wp\/v2\/pages"}],"about":[{"href":"https:\/\/serbia.com\/srpski\/wp-json\/wp\/v2\/types\/page"}],"author":[{"embeddable":true,"href":"https:\/\/serbia.com\/srpski\/wp-json\/wp\/v2\/users\/9"}],"replies":[{"embeddable":true,"href":"https:\/\/serbia.com\/srpski\/wp-json\/wp\/v2\/comments?post=20508"}],"version-history":[{"count":0,"href":"https:\/\/serbia.com\/srpski\/wp-json\/wp\/v2\/pages\/20508\/revisions"}],"up":[{"embeddable":true,"href":"https:\/\/serbia.com\/srpski\/wp-json\/wp\/v2\/pages\/20401"}],"wp:featuredmedia":[{"embeddable":true,"href":"https:\/\/serbia.com\/srpski\/wp-json\/wp\/v2\/media\/53159"}],"wp:attachment":[{"href":"https:\/\/serbia.com\/srpski\/wp-json\/wp\/v2\/media?parent=20508"}],"wp:term":[{"taxonomy":"category","embeddable":true,"href":"https:\/\/serbia.com\/srpski\/wp-json\/wp\/v2\/categories?post=20508"},{"taxonomy":"post_tag","embeddable":true,"href":"https:\/\/serbia.com\/srpski\/wp-json\/wp\/v2\/tags?post=20508"}],"curies":[{"name":"wp","href":"https:\/\/api.w.org\/{rel}","templated":true}]}}