{"id":20477,"date":"2014-02-26T22:45:34","date_gmt":"2014-02-26T21:45:34","guid":{"rendered":"http:\/\/www.serbia.com\/?page_id=20477"},"modified":"2014-02-26T22:45:45","modified_gmt":"2014-02-26T21:45:45","slug":"komunikacije","status":"publish","type":"page","link":"https:\/\/serbia.com\/srpski\/posetite-srbiju\/putovanje\/korisne-informacije\/komunikacije\/","title":{"rendered":"Komunikacije"},"content":{"rendered":"<p>Kako poslati razglednicu ili kontaktirati nekoga telefonom, gde prona\u0107i wireless Internet koncekciju? Komunikacija je dostupna na sve na\u010dine<\/p>\n<p><strong>Po\u0161ta<\/strong><\/p>\n<p>Svoje razglednice i pisma iz Srbije mo\u017eete poslati koriste\u0107i usluge Po\u0161te Srbije. Pored osnovnih usluga, ovde mo\u017eete i primati i slati novac preko Western Union-a. Po\u0161ta Srbije nudi i uslugu Express Mail Service preko koje mo\u017eete slati i primati po\u0161iljke iz vi\u0161e od 50 zemlje sveta.<\/p>\n<p>&nbsp;<\/p>\n<p><strong>Direkcija za po\u0161tanske usluge<\/strong><\/p>\n<p>Palmoti\u0107eva 2, 11000 Beograd, tel. +381 (0)11 3644-757<\/p>\n<p>Kontakt centar: +381 (0)11 360-7788<\/p>\n<p>&nbsp;<\/p>\n<p><strong>Javno preduze\u0107e PTT saobra\u0107aja \u201cSrbija\u201d<\/strong><\/p>\n<p>Takovska 2, Beograd<\/p>\n<p>Kontakt centar (pon-sub. 8-20, ned. 8-15): 0700-100-300 i 011\/360-77-88<\/p>\n<p>www.posta.rs,<\/p>\n<p>e-mail: contact@ptt.rs<\/p>\n<p>&nbsp;<\/p>\n<p><strong>STALNO DE\u017dURNA PO\u0160TA:<\/strong><\/p>\n<p>Po\u0161ta Beograd broj 6, Savska 2, tel. 3643-100<\/p>\n<p>radni dan i subota 08.00-19.00<\/p>\n<p>nedelja i praznik 08.00-15.00<\/p>\n<p>&nbsp;<\/p>\n<p><strong>EKSPRESNA PO\u0160TA:<\/strong><\/p>\n<p>Post express, Takovska 2, Beograd, tel. 3607-607<\/p>\n<p>&nbsp;<\/p>\n<p><strong>Mobilna telefonija<\/strong><\/p>\n<p>U Srbiji postoje tri mobilna operatera. Pripejd brojeve za mobilni telefon je mogu\u0107e kupiti u poslovnicama ovih operatera, ali i u ve\u0107ini trafika. Cena kartice se kre\u0107e oko 200din (oko 2 evra) a na trafikama je mogu\u0107e i upla\u0107ivati kredit za razgovor.<\/p>\n<p>&nbsp;<\/p>\n<p><strong>Javne telefonske govornice<\/strong><\/p>\n<p>Dok boravite u Srbiji mo\u017eete koristiti i veoma razvijen sistem javnih telefonskih govornica \u2013 Halo govornica.<\/p>\n<p>Halo kartice koje se koriste za telefoniranje je mogu\u0107e kupiti u po\u0161ti i na ve\u0107ini trafika, a na njima je ispisana cena koja ujedno predstavlja i vrednost kredita za obavljanje razgovora. Kartice su za jednokratnu upotrebu i kada se iskoristi sav kredit potrebno je kupiti novu.<\/p>\n<p>&nbsp;<\/p>\n<p><strong>Pozivni brojevi<\/strong><\/p>\n<p>Gradovi u Srbiji imaju trocifrene pozivne brojeve koji po\u010dinju sa 0 (na primer, pozivni broj Beograda je 011) U me\u0111unarodnom saobra\u0107aju, pozivni broj za Srbiju je +381<\/p>\n<p>Informacije o svim nacionalnim i me\u0111unarodnim pozivnim brojevima mo\u017eete dobiti pozivanjem broja 9812<\/p>\n<p>&nbsp;<\/p>\n<p><strong>Da biste pozvali nekoga u Srbiji iz inostranstva format poziva mora da bude:<\/strong><\/p>\n<p>\u2022 me\u0111unarodni kod + pozivni broj za Srbiju (381) + pozivni broj grada u Srbiji bez po\u010detne 0 + broj osobe koju zovete<\/p>\n<p>Ako \u017eelite da iz Srbije pozovete nekoga ko je u inostranstvu, format poziva treba da bude:<\/p>\n<p>\u2022 00 (me\u0111unarodni kod) + pozivni broj zemlje koju zovete + broj grada bez 0 + broj korisnika<\/p>\n<p>&nbsp;<\/p>\n<p><strong>Internet<\/strong><\/p>\n<p>www.freedigitalphotos.net &#8211; internet communications komunikacija<\/p>\n<p><strong>Komunikacija sa \u010ditavim svetom<\/strong><\/p>\n<p>U svakom gradu u Srbiji danas postoji mno\u0161tvo Internet kafea, a ako imate laptop, be\u017ei\u010dni Internet osim u kafi\u0107ima mo\u017eete besplatno koristiti i u parkovima koji su pokriveni ovom vrstom usluge.<\/p>\n<p>U Srbiji postoji i nekoliko javnih brojeva za pristup Internetu koji se napla\u0107uju preko telefonskog ra\u010duna.<\/p>\n<p>Srbija ima dva Internet domena \u2013 .rs i \u0441\u0440\u0431. (\u0107irili\u010dni domen) Registar nacionalnih Internet domena mo\u017eete pogledati na: www.rnids.rs<\/p>\n<p>&nbsp;<\/p>\n<p><strong>Javni brojevi za pristup Internetu<\/strong><\/p>\n<p>&nbsp;<\/p>\n<p>042-310-250<\/p>\n<p>username: eunet<\/p>\n<p>password: eunet<\/p>\n<p>&nbsp;<\/p>\n<p>042-210-007<\/p>\n<p>username: info<\/p>\n<p>password: sky<\/p>\n<p>&nbsp;<\/p>\n<p>042-210-110<\/p>\n<p>username: bilo koji<\/p>\n<p>password: bilo koji<\/p>\n<p>&nbsp;<\/p>\n<p>042-310-440<\/p>\n<p>username: teleport<\/p>\n<p>password: net<\/p>\n<p>&nbsp;<\/p>\n<p>042-210-330<\/p>\n<p>username: 042<\/p>\n<p>password: bilo koji<\/p>\n","protected":false},"excerpt":{"rendered":"<p>Kako poslati razglednicu ili kontaktirati nekoga telefonom, gde prona\u0107i wireless Internet koncekciju? Komunikacija je dostupna na sve na\u010dine Po\u0161ta Svoje razglednice i pisma iz Srbije mo\u017eete poslati koriste\u0107i usluge Po\u0161te [&hellip;]<\/p>\n","protected":false},"author":9,"featured_media":53131,"parent":20401,"menu_order":0,"comment_status":"closed","ping_status":"open","template":"","meta":{"_acf_changed":false,"inline_featured_image":false,"_monsterinsights_skip_tracking":false,"_monsterinsights_sitenote_active":false,"_monsterinsights_sitenote_note":"","_monsterinsights_sitenote_category":0,"footnotes":""},"categories":[1250],"tags":[],"class_list":["post-20477","page","type-page","status-publish","has-post-thumbnail","hentry","category-putovanje-srbija"],"acf":[],"yoast_head":"<!-- This site is optimized with the Yoast SEO plugin v27.4 - https:\/\/yoast.com\/product\/yoast-seo-wordpress\/ -->\n<title>Komunikacije - Serbia.com<\/title>\n<meta name=\"robots\" content=\"index, follow, max-snippet:-1, max-image-preview:large, max-video-preview:-1\" \/>\n<link rel=\"canonical\" href=\"https:\/\/serbia.com\/srpski\/posetite-srbiju\/putovanje\/korisne-informacije\/komunikacije\/\" \/>\n<meta property=\"og:locale\" content=\"en_US\" \/>\n<meta property=\"og:type\" content=\"article\" \/>\n<meta property=\"og:title\" content=\"Komunikacije - Serbia.com\" \/>\n<meta property=\"og:description\" content=\"Kako poslati razglednicu ili kontaktirati nekoga telefonom, gde prona\u0107i wireless Internet koncekciju? Komunikacija je dostupna na sve na\u010dine Po\u0161ta Svoje razglednice i pisma iz Srbije mo\u017eete poslati koriste\u0107i usluge Po\u0161te [&hellip;]\" \/>\n<meta property=\"og:url\" content=\"https:\/\/serbia.com\/srpski\/posetite-srbiju\/putovanje\/korisne-informacije\/komunikacije\/\" \/>\n<meta property=\"og:site_name\" content=\"Serbia.com\" \/>\n<meta property=\"article:modified_time\" content=\"2014-02-26T21:45:45+00:00\" \/>\n<meta property=\"og:image\" content=\"https:\/\/serbia.com\/wp-content\/uploads\/2024\/05\/burst-kUqqaRjJuw0-unsplash-scaled-e1717156100533.jpg\" \/>\n\t<meta property=\"og:image:width\" content=\"2560\" \/>\n\t<meta property=\"og:image:height\" content=\"1706\" \/>\n\t<meta property=\"og:image:type\" content=\"image\/jpeg\" \/>\n<meta name=\"twitter:label1\" content=\"Est. reading time\" \/>\n\t<meta name=\"twitter:data1\" content=\"3 minutes\" \/>\n<script type=\"application\/ld+json\" class=\"yoast-schema-graph\">{\"@context\":\"https:\\\/\\\/schema.org\",\"@graph\":[{\"@type\":\"WebPage\",\"@id\":\"https:\\\/\\\/serbia.com\\\/srpski\\\/posetite-srbiju\\\/putovanje\\\/korisne-informacije\\\/komunikacije\\\/\",\"url\":\"https:\\\/\\\/serbia.com\\\/srpski\\\/posetite-srbiju\\\/putovanje\\\/korisne-informacije\\\/komunikacije\\\/\",\"name\":\"Komunikacije - Serbia.com\",\"isPartOf\":{\"@id\":\"https:\\\/\\\/serbia.com\\\/#website\"},\"primaryImageOfPage\":{\"@id\":\"https:\\\/\\\/serbia.com\\\/srpski\\\/posetite-srbiju\\\/putovanje\\\/korisne-informacije\\\/komunikacije\\\/#primaryimage\"},\"image\":{\"@id\":\"https:\\\/\\\/serbia.com\\\/srpski\\\/posetite-srbiju\\\/putovanje\\\/korisne-informacije\\\/komunikacije\\\/#primaryimage\"},\"thumbnailUrl\":\"https:\\\/\\\/serbia.com\\\/wp-content\\\/uploads\\\/2024\\\/05\\\/burst-kUqqaRjJuw0-unsplash-scaled-e1717156100533.jpg\",\"datePublished\":\"2014-02-26T21:45:34+00:00\",\"dateModified\":\"2014-02-26T21:45:45+00:00\",\"breadcrumb\":{\"@id\":\"https:\\\/\\\/serbia.com\\\/srpski\\\/posetite-srbiju\\\/putovanje\\\/korisne-informacije\\\/komunikacije\\\/#breadcrumb\"},\"inLanguage\":\"srpski\",\"potentialAction\":[{\"@type\":\"ReadAction\",\"target\":[\"https:\\\/\\\/serbia.com\\\/srpski\\\/posetite-srbiju\\\/putovanje\\\/korisne-informacije\\\/komunikacije\\\/\"]}]},{\"@type\":\"ImageObject\",\"inLanguage\":\"srpski\",\"@id\":\"https:\\\/\\\/serbia.com\\\/srpski\\\/posetite-srbiju\\\/putovanje\\\/korisne-informacije\\\/komunikacije\\\/#primaryimage\",\"url\":\"https:\\\/\\\/serbia.com\\\/wp-content\\\/uploads\\\/2024\\\/05\\\/burst-kUqqaRjJuw0-unsplash-scaled-e1717156100533.jpg\",\"contentUrl\":\"https:\\\/\\\/serbia.com\\\/wp-content\\\/uploads\\\/2024\\\/05\\\/burst-kUqqaRjJuw0-unsplash-scaled-e1717156100533.jpg\",\"width\":2560,\"height\":1706},{\"@type\":\"BreadcrumbList\",\"@id\":\"https:\\\/\\\/serbia.com\\\/srpski\\\/posetite-srbiju\\\/putovanje\\\/korisne-informacije\\\/komunikacije\\\/#breadcrumb\",\"itemListElement\":[{\"@type\":\"ListItem\",\"position\":1,\"name\":\"Home\",\"item\":\"https:\\\/\\\/serbia.com\\\/srpski\\\/\"},{\"@type\":\"ListItem\",\"position\":2,\"name\":\"Poseti Srbiju\",\"item\":\"https:\\\/\\\/serbia.com\\\/srpski\\\/posetite-srbiju\\\/\"},{\"@type\":\"ListItem\",\"position\":3,\"name\":\"Putovanje\",\"item\":\"https:\\\/\\\/serbia.com\\\/srpski\\\/posetite-srbiju\\\/putovanje\\\/\"},{\"@type\":\"ListItem\",\"position\":4,\"name\":\"Korisne informacije\",\"item\":\"https:\\\/\\\/serbia.com\\\/srpski\\\/posetite-srbiju\\\/putovanje\\\/korisne-informacije\\\/\"},{\"@type\":\"ListItem\",\"position\":5,\"name\":\"Komunikacije\"}]},{\"@type\":\"WebSite\",\"@id\":\"https:\\\/\\\/serbia.com\\\/#website\",\"url\":\"https:\\\/\\\/serbia.com\\\/\",\"name\":\"Serbia.com\",\"description\":\"Your Gateway to Serbia\",\"potentialAction\":[{\"@type\":\"SearchAction\",\"target\":{\"@type\":\"EntryPoint\",\"urlTemplate\":\"https:\\\/\\\/serbia.com\\\/?s={search_term_string}\"},\"query-input\":{\"@type\":\"PropertyValueSpecification\",\"valueRequired\":true,\"valueName\":\"search_term_string\"}}],\"inLanguage\":\"srpski\"}]}<\/script>\n<!-- \/ Yoast SEO plugin. -->","yoast_head_json":{"title":"Komunikacije - Serbia.com","robots":{"index":"index","follow":"follow","max-snippet":"max-snippet:-1","max-image-preview":"max-image-preview:large","max-video-preview":"max-video-preview:-1"},"canonical":"https:\/\/serbia.com\/srpski\/posetite-srbiju\/putovanje\/korisne-informacije\/komunikacije\/","og_locale":"en_US","og_type":"article","og_title":"Komunikacije - Serbia.com","og_description":"Kako poslati razglednicu ili kontaktirati nekoga telefonom, gde prona\u0107i wireless Internet koncekciju? Komunikacija je dostupna na sve na\u010dine Po\u0161ta Svoje razglednice i pisma iz Srbije mo\u017eete poslati koriste\u0107i usluge Po\u0161te [&hellip;]","og_url":"https:\/\/serbia.com\/srpski\/posetite-srbiju\/putovanje\/korisne-informacije\/komunikacije\/","og_site_name":"Serbia.com","article_modified_time":"2014-02-26T21:45:45+00:00","og_image":[{"width":2560,"height":1706,"url":"https:\/\/serbia.com\/wp-content\/uploads\/2024\/05\/burst-kUqqaRjJuw0-unsplash-scaled-e1717156100533.jpg","type":"image\/jpeg"}],"twitter_misc":{"Est. reading time":"3 minutes"},"schema":{"@context":"https:\/\/schema.org","@graph":[{"@type":"WebPage","@id":"https:\/\/serbia.com\/srpski\/posetite-srbiju\/putovanje\/korisne-informacije\/komunikacije\/","url":"https:\/\/serbia.com\/srpski\/posetite-srbiju\/putovanje\/korisne-informacije\/komunikacije\/","name":"Komunikacije - Serbia.com","isPartOf":{"@id":"https:\/\/serbia.com\/#website"},"primaryImageOfPage":{"@id":"https:\/\/serbia.com\/srpski\/posetite-srbiju\/putovanje\/korisne-informacije\/komunikacije\/#primaryimage"},"image":{"@id":"https:\/\/serbia.com\/srpski\/posetite-srbiju\/putovanje\/korisne-informacije\/komunikacije\/#primaryimage"},"thumbnailUrl":"https:\/\/serbia.com\/wp-content\/uploads\/2024\/05\/burst-kUqqaRjJuw0-unsplash-scaled-e1717156100533.jpg","datePublished":"2014-02-26T21:45:34+00:00","dateModified":"2014-02-26T21:45:45+00:00","breadcrumb":{"@id":"https:\/\/serbia.com\/srpski\/posetite-srbiju\/putovanje\/korisne-informacije\/komunikacije\/#breadcrumb"},"inLanguage":"srpski","potentialAction":[{"@type":"ReadAction","target":["https:\/\/serbia.com\/srpski\/posetite-srbiju\/putovanje\/korisne-informacije\/komunikacije\/"]}]},{"@type":"ImageObject","inLanguage":"srpski","@id":"https:\/\/serbia.com\/srpski\/posetite-srbiju\/putovanje\/korisne-informacije\/komunikacije\/#primaryimage","url":"https:\/\/serbia.com\/wp-content\/uploads\/2024\/05\/burst-kUqqaRjJuw0-unsplash-scaled-e1717156100533.jpg","contentUrl":"https:\/\/serbia.com\/wp-content\/uploads\/2024\/05\/burst-kUqqaRjJuw0-unsplash-scaled-e1717156100533.jpg","width":2560,"height":1706},{"@type":"BreadcrumbList","@id":"https:\/\/serbia.com\/srpski\/posetite-srbiju\/putovanje\/korisne-informacije\/komunikacije\/#breadcrumb","itemListElement":[{"@type":"ListItem","position":1,"name":"Home","item":"https:\/\/serbia.com\/srpski\/"},{"@type":"ListItem","position":2,"name":"Poseti Srbiju","item":"https:\/\/serbia.com\/srpski\/posetite-srbiju\/"},{"@type":"ListItem","position":3,"name":"Putovanje","item":"https:\/\/serbia.com\/srpski\/posetite-srbiju\/putovanje\/"},{"@type":"ListItem","position":4,"name":"Korisne informacije","item":"https:\/\/serbia.com\/srpski\/posetite-srbiju\/putovanje\/korisne-informacije\/"},{"@type":"ListItem","position":5,"name":"Komunikacije"}]},{"@type":"WebSite","@id":"https:\/\/serbia.com\/#website","url":"https:\/\/serbia.com\/","name":"Serbia.com","description":"Your Gateway to Serbia","potentialAction":[{"@type":"SearchAction","target":{"@type":"EntryPoint","urlTemplate":"https:\/\/serbia.com\/?s={search_term_string}"},"query-input":{"@type":"PropertyValueSpecification","valueRequired":true,"valueName":"search_term_string"}}],"inLanguage":"srpski"}]}},"brizy_media":[],"_links":{"self":[{"href":"https:\/\/serbia.com\/srpski\/wp-json\/wp\/v2\/pages\/20477","targetHints":{"allow":["GET"]}}],"collection":[{"href":"https:\/\/serbia.com\/srpski\/wp-json\/wp\/v2\/pages"}],"about":[{"href":"https:\/\/serbia.com\/srpski\/wp-json\/wp\/v2\/types\/page"}],"author":[{"embeddable":true,"href":"https:\/\/serbia.com\/srpski\/wp-json\/wp\/v2\/users\/9"}],"replies":[{"embeddable":true,"href":"https:\/\/serbia.com\/srpski\/wp-json\/wp\/v2\/comments?post=20477"}],"version-history":[{"count":0,"href":"https:\/\/serbia.com\/srpski\/wp-json\/wp\/v2\/pages\/20477\/revisions"}],"up":[{"embeddable":true,"href":"https:\/\/serbia.com\/srpski\/wp-json\/wp\/v2\/pages\/20401"}],"wp:featuredmedia":[{"embeddable":true,"href":"https:\/\/serbia.com\/srpski\/wp-json\/wp\/v2\/media\/53131"}],"wp:attachment":[{"href":"https:\/\/serbia.com\/srpski\/wp-json\/wp\/v2\/media?parent=20477"}],"wp:term":[{"taxonomy":"category","embeddable":true,"href":"https:\/\/serbia.com\/srpski\/wp-json\/wp\/v2\/categories?post=20477"},{"taxonomy":"post_tag","embeddable":true,"href":"https:\/\/serbia.com\/srpski\/wp-json\/wp\/v2\/tags?post=20477"}],"curies":[{"name":"wp","href":"https:\/\/api.w.org\/{rel}","templated":true}]}}