{"id":20468,"date":"2014-02-26T22:32:52","date_gmt":"2014-02-26T21:32:52","guid":{"rendered":"http:\/\/www.serbia.com\/?page_id=20468"},"modified":"2024-10-20T12:44:59","modified_gmt":"2024-10-20T10:44:59","slug":"banje","status":"publish","type":"page","link":"https:\/\/serbia.com\/srpski\/posetite-srbiju\/prirodne-lepote\/banje\/","title":{"rendered":"Banje"},"content":{"rendered":"<p>Banje Srbije sa brojnim geotermalnim izvorima, kao i mnogobrojne vazdu\u0161nie banje, koje povoljno uti\u010du na op\u0161te zdravlje, veliko su prirodno bogatstvo Srbije. U najpose\u0107enijoj srpskoj banji, <a title=\"Vrnja\u010dka Banja\" href=\"http:\/\/www.serbia.com\/srpski\/posetite-srbiju\/prirodne-lepote\/banje\/vrnjacka-banja\/\" target=\"_blank\" rel=\"noopener\">Vrnja\u010dkoj<\/a>, za\u010det je i srpski turizam uop\u0161te.<\/p>\n<p>Srbiji je priroda darovala mno\u0161tvo izvora geotermalne ili mineralne vode kojih ima vi\u0161e od 1.000 u 40 srpskih banja.<\/p>\n<p>Vekovna tradicija kori\u0161\u0107enja termalnih izvora, koje su na ovim prostorima jo\u0161 pre 2.000 godina koristili Rimljani za opu\u0161tanje i kao le\u010dili\u0161ta za svoje legionare, o\u010duvana je do danas.<\/p>\n<p>Veruje se da su koristili termomineralne vode Gamzigradske banje, jer su nedaleko od njih sagradili carski kompleks <a title=\"Felix Romuliana, dom poslednjeg rimskog boga\" href=\"http:\/\/www.serbia.com\/srpski\/posetite-srbiju\/kulturne-atrakcije\/arheoloska-nalazista\/felix-romuliana-dom-poslednjeg-rimskog-boga\/\" target=\"_blank\" rel=\"noopener\">Felix Romulianu<\/a>. Ovu praksu imali su u \u010ditavoj Evropi, ali se Srbija po broju ovakvih lokaliteta ubraja me\u0111u najbogatije zemlje.<\/p>\n<p>Banje Srbije se posebno vezuju za period vladavine Turaka koji su gradili \u010duvena parna \u201cturska kupatila\u201c. Najpoznatija se ona u Ribarskoj Banji, ali su \u010duveni i \u201camami\u201d u <a title=\"Sokobanja\" href=\"http:\/\/www.serbia.com\/srpski\/posetite-srbiju\/prirodne-lepote\/banje\/sokobanja\/\" target=\"_blank\" rel=\"noopener\">Sokobanji<\/a> i Novopazarskoj banji, koji se i danas upotrebljavaju.<\/p>\n<p>U srpskim banjama uglavnom vlada blaga klima. One predstavljaju ekolo\u0161ki \u010diste sredine, koje se uglavnom nalaze u podno\u017eju planina ili u pitomim dolinama, okru\u017eene \u0161umom, pa\u0161njacima i vo\u0107njacima i za\u0161ti\u0107ene od jakih vetrova.<\/p>\n<p>Banje predstavljaju veliki turisti\u010dki potencijal Srbije koji se neprestano razvija i bele\u017ei stalni rast broja gostiju. O tome svedo\u010di i \u010dinjenica da se najpoznatija srpska banja, Vrnja\u010dka, godinama nalazi u samom vrhu najpose\u0107enijih turisti\u010dkih destinacija Srbije.<\/p>\n<p>I ostale srpske banje poput Sokobanje, <a title=\"Prolom Banja\" href=\"http:\/\/www.serbia.com\/srpski\/posetite-srbiju\/prirodne-lepote\/banje\/prolom-banja\/\" target=\"_blank\" rel=\"noopener\">Prolom banje<\/a>, Lukovske, <a title=\"Ni\u0161ka banja\" href=\"http:\/\/www.serbia.com\/srpski\/posetite-srbiju\/prirodne-lepote\/banje\/niska-banja\/\" target=\"_blank\" rel=\"noopener\">Ni\u0161ke<\/a>, <a title=\"Selters Banja\" href=\"http:\/\/www.serbia.com\/srpski\/posetite-srbiju\/prirodne-lepote\/banje\/selters-banja\/\" target=\"_blank\" rel=\"noopener\">Selters<\/a> i drugih bele\u017ee sve ve\u0107i broj gostiju, a novootvoreni hoteli i wellness centri \u010dine njihovu turisti\u010dku ponudu potpunijom.<\/p>\n","protected":false},"excerpt":{"rendered":"<p>Banje Srbije sa brojnim geotermalnim izvorima, kao i mnogobrojne vazdu\u0161nie banje, koje povoljno uti\u010du na op\u0161te zdravlje, veliko su prirodno bogatstvo Srbije. U najpose\u0107enijoj srpskoj banji, Vrnja\u010dkoj, za\u010det je i [&hellip;]<\/p>\n","protected":false},"author":9,"featured_media":32895,"parent":20459,"menu_order":0,"comment_status":"closed","ping_status":"open","template":"","meta":{"_acf_changed":false,"inline_featured_image":false,"_monsterinsights_skip_tracking":false,"_monsterinsights_sitenote_active":false,"_monsterinsights_sitenote_note":"","_monsterinsights_sitenote_category":0,"footnotes":""},"categories":[1657],"tags":[],"class_list":["post-20468","page","type-page","status-publish","has-post-thumbnail","hentry","category-banje"],"acf":[],"yoast_head":"<!-- This site is optimized with the Yoast SEO plugin v27.4 - https:\/\/yoast.com\/product\/yoast-seo-wordpress\/ -->\n<title>Banje - Serbia.com<\/title>\n<meta name=\"robots\" content=\"index, follow, max-snippet:-1, max-image-preview:large, max-video-preview:-1\" \/>\n<link rel=\"canonical\" href=\"https:\/\/serbia.com\/srpski\/posetite-srbiju\/prirodne-lepote\/banje\/\" \/>\n<meta property=\"og:locale\" content=\"en_US\" \/>\n<meta property=\"og:type\" content=\"article\" \/>\n<meta property=\"og:title\" content=\"Banje - Serbia.com\" \/>\n<meta property=\"og:description\" content=\"Banje Srbije sa brojnim geotermalnim izvorima, kao i mnogobrojne vazdu\u0161nie banje, koje povoljno uti\u010du na op\u0161te zdravlje, veliko su prirodno bogatstvo Srbije. U najpose\u0107enijoj srpskoj banji, Vrnja\u010dkoj, za\u010det je i [&hellip;]\" \/>\n<meta property=\"og:url\" content=\"https:\/\/serbia.com\/srpski\/posetite-srbiju\/prirodne-lepote\/banje\/\" \/>\n<meta property=\"og:site_name\" content=\"Serbia.com\" \/>\n<meta property=\"article:modified_time\" content=\"2024-10-20T10:44:59+00:00\" \/>\n<meta property=\"og:image\" content=\"https:\/\/serbia.com\/wp-content\/uploads\/2015\/05\/Banja-koviljaca.jpg\" \/>\n\t<meta property=\"og:image:width\" content=\"1600\" \/>\n\t<meta property=\"og:image:height\" content=\"616\" \/>\n\t<meta property=\"og:image:type\" content=\"image\/jpeg\" \/>\n<meta name=\"twitter:label1\" content=\"Est. reading time\" \/>\n\t<meta name=\"twitter:data1\" content=\"2 minutes\" \/>\n<script type=\"application\/ld+json\" class=\"yoast-schema-graph\">{\"@context\":\"https:\\\/\\\/schema.org\",\"@graph\":[{\"@type\":\"WebPage\",\"@id\":\"https:\\\/\\\/serbia.com\\\/srpski\\\/posetite-srbiju\\\/prirodne-lepote\\\/banje\\\/\",\"url\":\"https:\\\/\\\/serbia.com\\\/srpski\\\/posetite-srbiju\\\/prirodne-lepote\\\/banje\\\/\",\"name\":\"Banje - Serbia.com\",\"isPartOf\":{\"@id\":\"https:\\\/\\\/serbia.com\\\/#website\"},\"primaryImageOfPage\":{\"@id\":\"https:\\\/\\\/serbia.com\\\/srpski\\\/posetite-srbiju\\\/prirodne-lepote\\\/banje\\\/#primaryimage\"},\"image\":{\"@id\":\"https:\\\/\\\/serbia.com\\\/srpski\\\/posetite-srbiju\\\/prirodne-lepote\\\/banje\\\/#primaryimage\"},\"thumbnailUrl\":\"https:\\\/\\\/serbia.com\\\/wp-content\\\/uploads\\\/2015\\\/05\\\/Banja-koviljaca.jpg\",\"datePublished\":\"2014-02-26T21:32:52+00:00\",\"dateModified\":\"2024-10-20T10:44:59+00:00\",\"breadcrumb\":{\"@id\":\"https:\\\/\\\/serbia.com\\\/srpski\\\/posetite-srbiju\\\/prirodne-lepote\\\/banje\\\/#breadcrumb\"},\"inLanguage\":\"srpski\",\"potentialAction\":[{\"@type\":\"ReadAction\",\"target\":[\"https:\\\/\\\/serbia.com\\\/srpski\\\/posetite-srbiju\\\/prirodne-lepote\\\/banje\\\/\"]}]},{\"@type\":\"ImageObject\",\"inLanguage\":\"srpski\",\"@id\":\"https:\\\/\\\/serbia.com\\\/srpski\\\/posetite-srbiju\\\/prirodne-lepote\\\/banje\\\/#primaryimage\",\"url\":\"https:\\\/\\\/serbia.com\\\/wp-content\\\/uploads\\\/2015\\\/05\\\/Banja-koviljaca.jpg\",\"contentUrl\":\"https:\\\/\\\/serbia.com\\\/wp-content\\\/uploads\\\/2015\\\/05\\\/Banja-koviljaca.jpg\",\"width\":1600,\"height\":616},{\"@type\":\"BreadcrumbList\",\"@id\":\"https:\\\/\\\/serbia.com\\\/srpski\\\/posetite-srbiju\\\/prirodne-lepote\\\/banje\\\/#breadcrumb\",\"itemListElement\":[{\"@type\":\"ListItem\",\"position\":1,\"name\":\"Home\",\"item\":\"https:\\\/\\\/serbia.com\\\/srpski\\\/srbija\\\/\"},{\"@type\":\"ListItem\",\"position\":2,\"name\":\"Poseti Srbiju\",\"item\":\"https:\\\/\\\/serbia.com\\\/srpski\\\/posetite-srbiju\\\/\"},{\"@type\":\"ListItem\",\"position\":3,\"name\":\"Prirodne lepote\",\"item\":\"https:\\\/\\\/serbia.com\\\/srpski\\\/posetite-srbiju\\\/prirodne-lepote\\\/\"},{\"@type\":\"ListItem\",\"position\":4,\"name\":\"Banje\"}]},{\"@type\":\"WebSite\",\"@id\":\"https:\\\/\\\/serbia.com\\\/#website\",\"url\":\"https:\\\/\\\/serbia.com\\\/\",\"name\":\"Serbia.com\",\"description\":\"Your Gateway to Serbia\",\"potentialAction\":[{\"@type\":\"SearchAction\",\"target\":{\"@type\":\"EntryPoint\",\"urlTemplate\":\"https:\\\/\\\/serbia.com\\\/?s={search_term_string}\"},\"query-input\":{\"@type\":\"PropertyValueSpecification\",\"valueRequired\":true,\"valueName\":\"search_term_string\"}}],\"inLanguage\":\"srpski\"}]}<\/script>\n<!-- \/ Yoast SEO plugin. -->","yoast_head_json":{"title":"Banje - Serbia.com","robots":{"index":"index","follow":"follow","max-snippet":"max-snippet:-1","max-image-preview":"max-image-preview:large","max-video-preview":"max-video-preview:-1"},"canonical":"https:\/\/serbia.com\/srpski\/posetite-srbiju\/prirodne-lepote\/banje\/","og_locale":"en_US","og_type":"article","og_title":"Banje - Serbia.com","og_description":"Banje Srbije sa brojnim geotermalnim izvorima, kao i mnogobrojne vazdu\u0161nie banje, koje povoljno uti\u010du na op\u0161te zdravlje, veliko su prirodno bogatstvo Srbije. U najpose\u0107enijoj srpskoj banji, Vrnja\u010dkoj, za\u010det je i [&hellip;]","og_url":"https:\/\/serbia.com\/srpski\/posetite-srbiju\/prirodne-lepote\/banje\/","og_site_name":"Serbia.com","article_modified_time":"2024-10-20T10:44:59+00:00","og_image":[{"width":1600,"height":616,"url":"https:\/\/serbia.com\/wp-content\/uploads\/2015\/05\/Banja-koviljaca.jpg","type":"image\/jpeg"}],"twitter_misc":{"Est. reading time":"2 minutes"},"schema":{"@context":"https:\/\/schema.org","@graph":[{"@type":"WebPage","@id":"https:\/\/serbia.com\/srpski\/posetite-srbiju\/prirodne-lepote\/banje\/","url":"https:\/\/serbia.com\/srpski\/posetite-srbiju\/prirodne-lepote\/banje\/","name":"Banje - Serbia.com","isPartOf":{"@id":"https:\/\/serbia.com\/#website"},"primaryImageOfPage":{"@id":"https:\/\/serbia.com\/srpski\/posetite-srbiju\/prirodne-lepote\/banje\/#primaryimage"},"image":{"@id":"https:\/\/serbia.com\/srpski\/posetite-srbiju\/prirodne-lepote\/banje\/#primaryimage"},"thumbnailUrl":"https:\/\/serbia.com\/wp-content\/uploads\/2015\/05\/Banja-koviljaca.jpg","datePublished":"2014-02-26T21:32:52+00:00","dateModified":"2024-10-20T10:44:59+00:00","breadcrumb":{"@id":"https:\/\/serbia.com\/srpski\/posetite-srbiju\/prirodne-lepote\/banje\/#breadcrumb"},"inLanguage":"srpski","potentialAction":[{"@type":"ReadAction","target":["https:\/\/serbia.com\/srpski\/posetite-srbiju\/prirodne-lepote\/banje\/"]}]},{"@type":"ImageObject","inLanguage":"srpski","@id":"https:\/\/serbia.com\/srpski\/posetite-srbiju\/prirodne-lepote\/banje\/#primaryimage","url":"https:\/\/serbia.com\/wp-content\/uploads\/2015\/05\/Banja-koviljaca.jpg","contentUrl":"https:\/\/serbia.com\/wp-content\/uploads\/2015\/05\/Banja-koviljaca.jpg","width":1600,"height":616},{"@type":"BreadcrumbList","@id":"https:\/\/serbia.com\/srpski\/posetite-srbiju\/prirodne-lepote\/banje\/#breadcrumb","itemListElement":[{"@type":"ListItem","position":1,"name":"Home","item":"https:\/\/serbia.com\/srpski\/srbija\/"},{"@type":"ListItem","position":2,"name":"Poseti Srbiju","item":"https:\/\/serbia.com\/srpski\/posetite-srbiju\/"},{"@type":"ListItem","position":3,"name":"Prirodne lepote","item":"https:\/\/serbia.com\/srpski\/posetite-srbiju\/prirodne-lepote\/"},{"@type":"ListItem","position":4,"name":"Banje"}]},{"@type":"WebSite","@id":"https:\/\/serbia.com\/#website","url":"https:\/\/serbia.com\/","name":"Serbia.com","description":"Your Gateway to Serbia","potentialAction":[{"@type":"SearchAction","target":{"@type":"EntryPoint","urlTemplate":"https:\/\/serbia.com\/?s={search_term_string}"},"query-input":{"@type":"PropertyValueSpecification","valueRequired":true,"valueName":"search_term_string"}}],"inLanguage":"srpski"}]}},"brizy_media":[],"_links":{"self":[{"href":"https:\/\/serbia.com\/srpski\/wp-json\/wp\/v2\/pages\/20468","targetHints":{"allow":["GET"]}}],"collection":[{"href":"https:\/\/serbia.com\/srpski\/wp-json\/wp\/v2\/pages"}],"about":[{"href":"https:\/\/serbia.com\/srpski\/wp-json\/wp\/v2\/types\/page"}],"author":[{"embeddable":true,"href":"https:\/\/serbia.com\/srpski\/wp-json\/wp\/v2\/users\/9"}],"replies":[{"embeddable":true,"href":"https:\/\/serbia.com\/srpski\/wp-json\/wp\/v2\/comments?post=20468"}],"version-history":[{"count":1,"href":"https:\/\/serbia.com\/srpski\/wp-json\/wp\/v2\/pages\/20468\/revisions"}],"predecessor-version":[{"id":55654,"href":"https:\/\/serbia.com\/srpski\/wp-json\/wp\/v2\/pages\/20468\/revisions\/55654"}],"up":[{"embeddable":true,"href":"https:\/\/serbia.com\/srpski\/wp-json\/wp\/v2\/pages\/20459"}],"wp:featuredmedia":[{"embeddable":true,"href":"https:\/\/serbia.com\/srpski\/wp-json\/wp\/v2\/media\/32895"}],"wp:attachment":[{"href":"https:\/\/serbia.com\/srpski\/wp-json\/wp\/v2\/media?parent=20468"}],"wp:term":[{"taxonomy":"category","embeddable":true,"href":"https:\/\/serbia.com\/srpski\/wp-json\/wp\/v2\/categories?post=20468"},{"taxonomy":"post_tag","embeddable":true,"href":"https:\/\/serbia.com\/srpski\/wp-json\/wp\/v2\/tags?post=20468"}],"curies":[{"name":"wp","href":"https:\/\/api.w.org\/{rel}","templated":true}]}}