{"id":20465,"date":"2014-02-26T22:30:21","date_gmt":"2014-02-26T21:30:21","guid":{"rendered":"http:\/\/www.serbia.com\/?page_id=20465"},"modified":"2024-10-20T12:44:05","modified_gmt":"2024-10-20T10:44:05","slug":"reke-i-jezera","status":"publish","type":"page","link":"https:\/\/serbia.com\/srpski\/posetite-srbiju\/prirodne-lepote\/reke-i-jezera\/","title":{"rendered":"Reke i jezera"},"content":{"rendered":"<p style=\"text-align: justify;\">Reke i jezera Srbije predstavljaju pravo mesto za u\u017eivanje u kupanju, ribolovu i prelepim krajolicima.<\/p>\n<p style=\"text-align: justify;\">Bogatstvo voda Srbije koje pripadaju slivovima Crnog, Jadranskog i Egejskog mora, pru\u017ea vam mogu\u0107nost izbora izme\u0111u u\u017eivanja u mirnim ravni\u010darskim rekama ili ekstremnu avanturu na ledeno hladnim planinskim brzacima.<\/p>\n<p style=\"text-align: justify;\">Reke i jezera u Srbiji pru\u017eaju mogu\u0107nosti za u\u017eivanje u svim sportovima na vodi, kakvi su na primer jedrenje, veslanje, <a title=\"Otkrijte Srbiju u kajak i kanu avanturi\" href=\"http:\/\/www.serbia.com\/srpski\/posetite-srbiju\/provedi-se\/rekreacija\/otkrijte-srbiju-u-kajak-i-kanu-avanturi\/\" target=\"_blank\" rel=\"noopener\">vo\u017enja kajaka<\/a> i skijanje na vodi. Na <a title=\"Drina, divlja smaragdna lepotica\" href=\"http:\/\/www.serbia.com\/srpski\/posetite-srbiju\/prirodne-lepote\/reke-i-jezera\/drina-divlja-smaragdna-lepotica\/\" target=\"_blank\" rel=\"noopener\">Drini<\/a>, Limu i Ibru mo\u017eete iskusiti <a title=\"Rafting: Spust niz divlje reke\" href=\"http:\/\/www.serbia.com\/srpski\/posetite-srbiju\/provedi-se\/ekstremni-sport\/rafting-spust-niz-divlje-reke\/\" target=\"_blank\" rel=\"noopener\">rafting<\/a> ili <a title=\"Sve drinske regate\" href=\"http:\/\/www.serbia.com\/srpski\/sve-drinske-regate\/\">regate<\/a>.<\/p>\n<p style=\"text-align: justify;\">Krstarenje Dunavom na me\u0111unarodnim putni\u010dkim brodovima nezamislivo je bez stajanja u Srbiji, naj\u010de\u0161\u0107e u lukama <a title=\"Beograd\" href=\"http:\/\/www.serbia.com\/srpski\/posetite-srbiju\/gradovi\/beograd\/\" target=\"_blank\" rel=\"noopener\">Beograd<\/a> i <a title=\"Novi Sad\" href=\"http:\/\/www.serbia.com\/srpski\/posetite-srbiju\/gradovi\/novi-sad\/\" target=\"_blank\" rel=\"noopener\">Novi Sad<\/a>. A ako tra\u017eite neobi\u010dnu avanturu mo\u017eete u\u017eivati u posmatranju retkih beloglavih supova na <a title=\"Uvac, remek-delo prirode\" href=\"http:\/\/www.serbia.com\/srpski\/posetite-srbiju\/prirodne-lepote\/jedinstvena-priroda\/uvac-remek-delo-prirode\/\" target=\"_blank\" rel=\"noopener\">Uvcu<\/a>, ispiranju zlata na Peku ili nezaga\u0111enosti Gradca, naj\u010distije reke jugoisto\u010dne Evrope.<\/p>\n<p style=\"text-align: justify;\">Zbog svoje uglavnom tople klime, Srbija nema mnogo jezera, a ve\u0107ina velikih su ve\u0161ta\u010dki napravljena. Najve\u0107e me\u0111u njima je <a title=\"\u0110erdap: magi\u010dni spoj prirode i kulture\" href=\"http:\/\/www.serbia.com\/srpski\/posetite-srbiju\/prirodne-lepote\/reke-i-jezera\/derdap-magicni-spoj-prirode-i-kulture\/\" target=\"_blank\" rel=\"noopener\">\u0110erdapsko jezero<\/a>, nastalo pregra\u0111ivanjem <a title=\"Dunav, mesto spajanja i razdvajanja\" href=\"http:\/\/www.serbia.com\/srpski\/posetite-srbiju\/prirodne-lepote\/reke-i-jezera\/dunav-mesto-spajanja-i-razdvajanja\/\" target=\"_blank\" rel=\"noopener\">Dunava<\/a>, a zatim slede <a title=\"Vlasinsko jezero, otkrijte plutaju\u0107a ostrva\" href=\"http:\/\/www.serbia.com\/srpski\/posetite-srbiju\/prirodne-lepote\/reke-i-jezera\/vlasinsko-jezero-otkrijte-plutajuca-ostrva\/\" target=\"_blank\" rel=\"noopener\">Vlasinsko<\/a> i jezero <a title=\"Peru\u0107ac, raj za pecaro\u0161e\" href=\"http:\/\/www.serbia.com\/srpski\/posetite-srbiju\/prirodne-lepote\/reke-i-jezera\/perucac-raj-za-pecarose\/\" target=\"_blank\" rel=\"noopener\">Peru\u0107ac<\/a>. Najvi\u0161e prirodnih jezera se nalazi u Vojvodini, a <a title=\"Pali\u0107, jezero napravljeno od suza\" href=\"http:\/\/www.serbia.com\/srpski\/posetite-srbiju\/prirodne-lepote\/reke-i-jezera\/palic-jezero-napravljeno-od-suza\/\" target=\"_blank\" rel=\"noopener\">Pali\u0107<\/a> je me\u0111u njima najve\u0107e i najure\u0111enije. Za turiste su atraktivna i Srebrno i <a title=\"Luda\u0161ko jezero, specijalni rezervat prirode star milion godina\" href=\"http:\/\/www.serbia.com\/srpski\/posetite-srbiju\/prirodne-lepote\/reke-i-jezera\/ludasko-jezero-specijalni-rezervat-prirode-star-milion-godina\/\" target=\"_blank\" rel=\"noopener\">Luda\u0161ko jezero<\/a>.<\/p>\n<p style=\"text-align: justify;\">Ova rubrika \u0107e vam pomo\u0107i da saznate koja od tih prirodnih oaza najvi\u0161e odgovara va\u0161em ukusu, kako do njih da do\u0111ete i \u0161ta nikako ne bi trebalo da propustite prilikom avantura na rekama i jezerima Srbije.<\/p>\n","protected":false},"excerpt":{"rendered":"<p>Reke i jezera Srbije predstavljaju pravo mesto za u\u017eivanje u kupanju, ribolovu i prelepim krajolicima. Bogatstvo voda Srbije koje pripadaju slivovima Crnog, Jadranskog i Egejskog mora, pru\u017ea vam mogu\u0107nost izbora [&hellip;]<\/p>\n","protected":false},"author":9,"featured_media":32783,"parent":20459,"menu_order":0,"comment_status":"closed","ping_status":"open","template":"","meta":{"_acf_changed":false,"inline_featured_image":false,"_monsterinsights_skip_tracking":false,"_monsterinsights_sitenote_active":false,"_monsterinsights_sitenote_note":"","_monsterinsights_sitenote_category":0,"footnotes":""},"categories":[1656],"tags":[],"class_list":["post-20465","page","type-page","status-publish","has-post-thumbnail","hentry","category-reke-jezera"],"acf":[],"yoast_head":"<!-- This site is optimized with the Yoast SEO plugin v27.4 - https:\/\/yoast.com\/product\/yoast-seo-wordpress\/ -->\n<title>Reke i jezera - Serbia.com<\/title>\n<meta name=\"robots\" content=\"index, follow, max-snippet:-1, max-image-preview:large, max-video-preview:-1\" \/>\n<link rel=\"canonical\" href=\"https:\/\/serbia.com\/srpski\/posetite-srbiju\/prirodne-lepote\/reke-i-jezera\/\" \/>\n<meta property=\"og:locale\" content=\"en_US\" \/>\n<meta property=\"og:type\" content=\"article\" \/>\n<meta property=\"og:title\" content=\"Reke i jezera - Serbia.com\" \/>\n<meta property=\"og:description\" content=\"Reke i jezera Srbije predstavljaju pravo mesto za u\u017eivanje u kupanju, ribolovu i prelepim krajolicima. Bogatstvo voda Srbije koje pripadaju slivovima Crnog, Jadranskog i Egejskog mora, pru\u017ea vam mogu\u0107nost izbora [&hellip;]\" \/>\n<meta property=\"og:url\" content=\"https:\/\/serbia.com\/srpski\/posetite-srbiju\/prirodne-lepote\/reke-i-jezera\/\" \/>\n<meta property=\"og:site_name\" content=\"Serbia.com\" \/>\n<meta property=\"article:modified_time\" content=\"2024-10-20T10:44:05+00:00\" \/>\n<meta property=\"og:image\" content=\"https:\/\/serbia.com\/wp-content\/uploads\/2015\/05\/drina3.jpg\" \/>\n\t<meta property=\"og:image:width\" content=\"1600\" \/>\n\t<meta property=\"og:image:height\" content=\"813\" \/>\n\t<meta property=\"og:image:type\" content=\"image\/jpeg\" \/>\n<meta name=\"twitter:label1\" content=\"Est. reading time\" \/>\n\t<meta name=\"twitter:data1\" content=\"2 minutes\" \/>\n<script type=\"application\/ld+json\" class=\"yoast-schema-graph\">{\"@context\":\"https:\\\/\\\/schema.org\",\"@graph\":[{\"@type\":\"WebPage\",\"@id\":\"https:\\\/\\\/serbia.com\\\/srpski\\\/posetite-srbiju\\\/prirodne-lepote\\\/reke-i-jezera\\\/\",\"url\":\"https:\\\/\\\/serbia.com\\\/srpski\\\/posetite-srbiju\\\/prirodne-lepote\\\/reke-i-jezera\\\/\",\"name\":\"Reke i jezera - Serbia.com\",\"isPartOf\":{\"@id\":\"https:\\\/\\\/serbia.com\\\/#website\"},\"primaryImageOfPage\":{\"@id\":\"https:\\\/\\\/serbia.com\\\/srpski\\\/posetite-srbiju\\\/prirodne-lepote\\\/reke-i-jezera\\\/#primaryimage\"},\"image\":{\"@id\":\"https:\\\/\\\/serbia.com\\\/srpski\\\/posetite-srbiju\\\/prirodne-lepote\\\/reke-i-jezera\\\/#primaryimage\"},\"thumbnailUrl\":\"https:\\\/\\\/serbia.com\\\/wp-content\\\/uploads\\\/2015\\\/05\\\/drina3.jpg\",\"datePublished\":\"2014-02-26T21:30:21+00:00\",\"dateModified\":\"2024-10-20T10:44:05+00:00\",\"breadcrumb\":{\"@id\":\"https:\\\/\\\/serbia.com\\\/srpski\\\/posetite-srbiju\\\/prirodne-lepote\\\/reke-i-jezera\\\/#breadcrumb\"},\"inLanguage\":\"srpski\",\"potentialAction\":[{\"@type\":\"ReadAction\",\"target\":[\"https:\\\/\\\/serbia.com\\\/srpski\\\/posetite-srbiju\\\/prirodne-lepote\\\/reke-i-jezera\\\/\"]}]},{\"@type\":\"ImageObject\",\"inLanguage\":\"srpski\",\"@id\":\"https:\\\/\\\/serbia.com\\\/srpski\\\/posetite-srbiju\\\/prirodne-lepote\\\/reke-i-jezera\\\/#primaryimage\",\"url\":\"https:\\\/\\\/serbia.com\\\/wp-content\\\/uploads\\\/2015\\\/05\\\/drina3.jpg\",\"contentUrl\":\"https:\\\/\\\/serbia.com\\\/wp-content\\\/uploads\\\/2015\\\/05\\\/drina3.jpg\",\"width\":1600,\"height\":813},{\"@type\":\"BreadcrumbList\",\"@id\":\"https:\\\/\\\/serbia.com\\\/srpski\\\/posetite-srbiju\\\/prirodne-lepote\\\/reke-i-jezera\\\/#breadcrumb\",\"itemListElement\":[{\"@type\":\"ListItem\",\"position\":1,\"name\":\"Home\",\"item\":\"https:\\\/\\\/serbia.com\\\/srpski\\\/srbija\\\/\"},{\"@type\":\"ListItem\",\"position\":2,\"name\":\"Poseti Srbiju\",\"item\":\"https:\\\/\\\/serbia.com\\\/srpski\\\/posetite-srbiju\\\/\"},{\"@type\":\"ListItem\",\"position\":3,\"name\":\"Prirodne lepote\",\"item\":\"https:\\\/\\\/serbia.com\\\/srpski\\\/posetite-srbiju\\\/prirodne-lepote\\\/\"},{\"@type\":\"ListItem\",\"position\":4,\"name\":\"Reke i jezera\"}]},{\"@type\":\"WebSite\",\"@id\":\"https:\\\/\\\/serbia.com\\\/#website\",\"url\":\"https:\\\/\\\/serbia.com\\\/\",\"name\":\"Serbia.com\",\"description\":\"Your Gateway to Serbia\",\"potentialAction\":[{\"@type\":\"SearchAction\",\"target\":{\"@type\":\"EntryPoint\",\"urlTemplate\":\"https:\\\/\\\/serbia.com\\\/?s={search_term_string}\"},\"query-input\":{\"@type\":\"PropertyValueSpecification\",\"valueRequired\":true,\"valueName\":\"search_term_string\"}}],\"inLanguage\":\"srpski\"}]}<\/script>\n<!-- \/ Yoast SEO plugin. -->","yoast_head_json":{"title":"Reke i jezera - Serbia.com","robots":{"index":"index","follow":"follow","max-snippet":"max-snippet:-1","max-image-preview":"max-image-preview:large","max-video-preview":"max-video-preview:-1"},"canonical":"https:\/\/serbia.com\/srpski\/posetite-srbiju\/prirodne-lepote\/reke-i-jezera\/","og_locale":"en_US","og_type":"article","og_title":"Reke i jezera - Serbia.com","og_description":"Reke i jezera Srbije predstavljaju pravo mesto za u\u017eivanje u kupanju, ribolovu i prelepim krajolicima. Bogatstvo voda Srbije koje pripadaju slivovima Crnog, Jadranskog i Egejskog mora, pru\u017ea vam mogu\u0107nost izbora [&hellip;]","og_url":"https:\/\/serbia.com\/srpski\/posetite-srbiju\/prirodne-lepote\/reke-i-jezera\/","og_site_name":"Serbia.com","article_modified_time":"2024-10-20T10:44:05+00:00","og_image":[{"width":1600,"height":813,"url":"https:\/\/serbia.com\/wp-content\/uploads\/2015\/05\/drina3.jpg","type":"image\/jpeg"}],"twitter_misc":{"Est. reading time":"2 minutes"},"schema":{"@context":"https:\/\/schema.org","@graph":[{"@type":"WebPage","@id":"https:\/\/serbia.com\/srpski\/posetite-srbiju\/prirodne-lepote\/reke-i-jezera\/","url":"https:\/\/serbia.com\/srpski\/posetite-srbiju\/prirodne-lepote\/reke-i-jezera\/","name":"Reke i jezera - Serbia.com","isPartOf":{"@id":"https:\/\/serbia.com\/#website"},"primaryImageOfPage":{"@id":"https:\/\/serbia.com\/srpski\/posetite-srbiju\/prirodne-lepote\/reke-i-jezera\/#primaryimage"},"image":{"@id":"https:\/\/serbia.com\/srpski\/posetite-srbiju\/prirodne-lepote\/reke-i-jezera\/#primaryimage"},"thumbnailUrl":"https:\/\/serbia.com\/wp-content\/uploads\/2015\/05\/drina3.jpg","datePublished":"2014-02-26T21:30:21+00:00","dateModified":"2024-10-20T10:44:05+00:00","breadcrumb":{"@id":"https:\/\/serbia.com\/srpski\/posetite-srbiju\/prirodne-lepote\/reke-i-jezera\/#breadcrumb"},"inLanguage":"srpski","potentialAction":[{"@type":"ReadAction","target":["https:\/\/serbia.com\/srpski\/posetite-srbiju\/prirodne-lepote\/reke-i-jezera\/"]}]},{"@type":"ImageObject","inLanguage":"srpski","@id":"https:\/\/serbia.com\/srpski\/posetite-srbiju\/prirodne-lepote\/reke-i-jezera\/#primaryimage","url":"https:\/\/serbia.com\/wp-content\/uploads\/2015\/05\/drina3.jpg","contentUrl":"https:\/\/serbia.com\/wp-content\/uploads\/2015\/05\/drina3.jpg","width":1600,"height":813},{"@type":"BreadcrumbList","@id":"https:\/\/serbia.com\/srpski\/posetite-srbiju\/prirodne-lepote\/reke-i-jezera\/#breadcrumb","itemListElement":[{"@type":"ListItem","position":1,"name":"Home","item":"https:\/\/serbia.com\/srpski\/srbija\/"},{"@type":"ListItem","position":2,"name":"Poseti Srbiju","item":"https:\/\/serbia.com\/srpski\/posetite-srbiju\/"},{"@type":"ListItem","position":3,"name":"Prirodne lepote","item":"https:\/\/serbia.com\/srpski\/posetite-srbiju\/prirodne-lepote\/"},{"@type":"ListItem","position":4,"name":"Reke i jezera"}]},{"@type":"WebSite","@id":"https:\/\/serbia.com\/#website","url":"https:\/\/serbia.com\/","name":"Serbia.com","description":"Your Gateway to Serbia","potentialAction":[{"@type":"SearchAction","target":{"@type":"EntryPoint","urlTemplate":"https:\/\/serbia.com\/?s={search_term_string}"},"query-input":{"@type":"PropertyValueSpecification","valueRequired":true,"valueName":"search_term_string"}}],"inLanguage":"srpski"}]}},"brizy_media":[],"_links":{"self":[{"href":"https:\/\/serbia.com\/srpski\/wp-json\/wp\/v2\/pages\/20465","targetHints":{"allow":["GET"]}}],"collection":[{"href":"https:\/\/serbia.com\/srpski\/wp-json\/wp\/v2\/pages"}],"about":[{"href":"https:\/\/serbia.com\/srpski\/wp-json\/wp\/v2\/types\/page"}],"author":[{"embeddable":true,"href":"https:\/\/serbia.com\/srpski\/wp-json\/wp\/v2\/users\/9"}],"replies":[{"embeddable":true,"href":"https:\/\/serbia.com\/srpski\/wp-json\/wp\/v2\/comments?post=20465"}],"version-history":[{"count":1,"href":"https:\/\/serbia.com\/srpski\/wp-json\/wp\/v2\/pages\/20465\/revisions"}],"predecessor-version":[{"id":55653,"href":"https:\/\/serbia.com\/srpski\/wp-json\/wp\/v2\/pages\/20465\/revisions\/55653"}],"up":[{"embeddable":true,"href":"https:\/\/serbia.com\/srpski\/wp-json\/wp\/v2\/pages\/20459"}],"wp:featuredmedia":[{"embeddable":true,"href":"https:\/\/serbia.com\/srpski\/wp-json\/wp\/v2\/media\/32783"}],"wp:attachment":[{"href":"https:\/\/serbia.com\/srpski\/wp-json\/wp\/v2\/media?parent=20465"}],"wp:term":[{"taxonomy":"category","embeddable":true,"href":"https:\/\/serbia.com\/srpski\/wp-json\/wp\/v2\/categories?post=20465"},{"taxonomy":"post_tag","embeddable":true,"href":"https:\/\/serbia.com\/srpski\/wp-json\/wp\/v2\/tags?post=20465"}],"curies":[{"name":"wp","href":"https:\/\/api.w.org\/{rel}","templated":true}]}}