{"id":20463,"date":"2014-02-26T22:29:32","date_gmt":"2014-02-26T21:29:32","guid":{"rendered":"http:\/\/www.serbia.com\/?page_id=20463"},"modified":"2024-10-20T12:40:56","modified_gmt":"2024-10-20T10:40:56","slug":"planine","status":"publish","type":"page","link":"https:\/\/serbia.com\/srpski\/posetite-srbiju\/prirodne-lepote\/planine\/","title":{"rendered":"Planine"},"content":{"rendered":"<p style=\"text-align: justify;\">Planine, jedinstveno prirodno bogatstvo Srbije kristalno bistrih <a title=\"Reke i jezera\" href=\"http:\/\/www.serbia.com\/srpski\/posetite-srbiju\/prirodne-lepote\/reke-i-jezera\/morava-kolevka-srpske-drzave\/\" target=\"_blank\" rel=\"noopener\">jezera<\/a> i slapova, gustih \u0161uma, pa\u0161njaka i <a href=\"http:\/\/www.serbia.com\/srpski\/ski-centri-u-srbiji-skijanje-za-pamcenje\/\" target=\"_blank\" rel=\"noopener\">ski centara<\/a>, uklju\u010duje i 15 vrhova koji prelaze visinu od 2.000 metara.<\/p>\n<p style=\"text-align: justify;\">Planine su ve\u0107 godinama ponos Srbije i najatraktivnija mesta za razonodu i u\u017eivanje, a na njima se nalaze svetski poznati turisti\u010dki centri \u2013 <a title=\"Kopaonik, sun\u010dana planina puna srebra\" href=\"http:\/\/www.serbia.com\/srpski\/posetite-srbiju\/prirodne-lepote\/planine\/kopaonik-suncana-planina-puna-srebra\/\" target=\"_blank\" rel=\"noopener\">Kopaonik<\/a>, <a title=\"Tara, planinski dom staroslovenskih bogova\" href=\"http:\/\/www.serbia.com\/srpski\/posetite-srbiju\/prirodne-lepote\/planine\/tara-planinski-dom-staroslovenskih-bogova\/\" target=\"_blank\" rel=\"noopener\">Tara<\/a>, <a title=\"Zlatibor, ukras na 1.000 metara visine\" href=\"http:\/\/www.serbia.com\/srpski\/posetite-srbiju\/prirodne-lepote\/planine\/zlatibor-ukras-na-1-000-metara-visine\/\" target=\"_blank\" rel=\"noopener\">Zlatibor<\/a> i <a title=\"Stara planina, prirodni rezervat u dve dr\u017eave\" href=\"http:\/\/www.serbia.com\/srpski\/posetite-srbiju\/prirodne-lepote\/planine\/stara-planina-prirodni-rezervat-u-dve-drzave\/\" target=\"_blank\" rel=\"noopener\">Stara planina<\/a>. Podjednako jedinstvena, jo\u0161 neotkrivena i netaknuta priroda krasi Besnu Kobilu, Suvu planinu, <a title=\"Rtanj, misteriozna lepotica piramidalnog oblika\" href=\"http:\/\/www.serbia.com\/srpski\/posetite-srbiju\/prirodne-lepote\/planine\/rtanj-misteriozna-lepotica-piramidalnog-oblika\/\" target=\"_blank\" rel=\"noopener\">Rtanj<\/a>, Ruj\u2026<\/p>\n<p style=\"text-align: justify;\">Jedinstveni ekosistemi, dobro ure\u0111ene staze za <a href=\"http:\/\/www.serbia.com\/srpski\/posetite-srbiju\/provedi-se\/rekreacija\/skijanje-u-srbiji\/\" target=\"_blank\" rel=\"noopener\">skijanje<\/a> i \u0161etnju, mogu\u0107nosti za avanture <a title=\"Planinarenje i pe\u0161a\u010denje\" href=\"http:\/\/www.serbia.com\/srpski\/posetite-srbiju\/provedi-se\/rekreacija\/planinarenje-i-pesacenje\/\" target=\"_blank\" rel=\"noopener\">planinarenja<\/a> kao i veliki broj sun\u010danih sati godi\u0161nje, na planine u Srbiji ve\u0107 godinama privla\u010de veliki broj posetilaca iz zemlje i sveta.<\/p>\n<p style=\"text-align: justify;\">Obronci srpskih planina bogati su termomineralnim izvorima, pa se najve\u0107e <a title=\"Banje\" href=\"http:\/\/www.serbia.com\/srpski\/posetite-srbiju\/prirodne-lepote\/banje\/\" target=\"_blank\" rel=\"noopener\">banje<\/a> Srbije nalaze upravo u podno\u017eju ovih masiva.<\/p>\n<p style=\"text-align: justify;\">Planine Srbije i turisti\u010dki centri na njima imaju veliki potencijal ne samo za razvoj zimskog turizma, ve\u0107 i seoskog, lovnog, biciklisti\u010dkog i kongresnog turizma. Najve\u0107e srpske planine imaju dobro opremljene <a href=\"http:\/\/www.serbia.com\/srpski\/ski-centri-u-srbiji-skijanje-za-pamcenje\/\" target=\"_blank\" rel=\"noopener\">ski centre<\/a> koji zimi rade punom parom, a planine bele\u017ee sve ve\u0107i broj poseta.<\/p>\n<p style=\"text-align: justify;\">Uz to, njihova posebnost je ljubaznost ovda\u0161njih doma\u0107ina, bogata <a title=\"Tradicionalna kuhinja\" href=\"http:\/\/www.serbia.com\/srpski\/o-srbiji\/tradicionalna-kuhinja\/\" target=\"_blank\" rel=\"noopener\">tradicionalna kuhinja<\/a> sa mno\u0161tvom ukusnih jela i miran san, kakav jo\u0161 retko gde postoji.<\/p>\n<p style=\"text-align: justify;\">Potra\u017eite odmor za svoju du\u0161u u \u017euboru \u010distih planinskih potoka, u mirisu planinskog cve\u0107a, skijanju na odli\u010dnim stazama, predahu uz kuvano vino kraj kamina\u2026 Dobrodo\u0161li na planine Srbije!<\/p>\n","protected":false},"excerpt":{"rendered":"<p>Planine, jedinstveno prirodno bogatstvo Srbije kristalno bistrih jezera i slapova, gustih \u0161uma, pa\u0161njaka i ski centara, uklju\u010duje i 15 vrhova koji prelaze visinu od 2.000 metara. Planine su ve\u0107 godinama [&hellip;]<\/p>\n","protected":false},"author":9,"featured_media":37790,"parent":20459,"menu_order":0,"comment_status":"closed","ping_status":"open","template":"","meta":{"_acf_changed":false,"inline_featured_image":false,"_monsterinsights_skip_tracking":false,"_monsterinsights_sitenote_active":false,"_monsterinsights_sitenote_note":"","_monsterinsights_sitenote_category":0,"footnotes":""},"categories":[1655],"tags":[],"class_list":["post-20463","page","type-page","status-publish","has-post-thumbnail","hentry","category-planine"],"acf":[],"yoast_head":"<!-- This site is optimized with the Yoast SEO plugin v27.5 - https:\/\/yoast.com\/product\/yoast-seo-wordpress\/ -->\n<title>Planine - Serbia.com<\/title>\n<meta name=\"robots\" content=\"index, follow, max-snippet:-1, max-image-preview:large, max-video-preview:-1\" \/>\n<link rel=\"canonical\" href=\"https:\/\/serbia.com\/srpski\/posetite-srbiju\/prirodne-lepote\/planine\/\" \/>\n<meta property=\"og:locale\" content=\"en_US\" \/>\n<meta property=\"og:type\" content=\"article\" \/>\n<meta property=\"og:title\" content=\"Planine - Serbia.com\" \/>\n<meta property=\"og:description\" content=\"Planine, jedinstveno prirodno bogatstvo Srbije kristalno bistrih jezera i slapova, gustih \u0161uma, pa\u0161njaka i ski centara, uklju\u010duje i 15 vrhova koji prelaze visinu od 2.000 metara. Planine su ve\u0107 godinama [&hellip;]\" \/>\n<meta property=\"og:url\" content=\"https:\/\/serbia.com\/srpski\/posetite-srbiju\/prirodne-lepote\/planine\/\" \/>\n<meta property=\"og:site_name\" content=\"Serbia.com\" \/>\n<meta property=\"article:modified_time\" content=\"2024-10-20T10:40:56+00:00\" \/>\n<meta property=\"og:image\" content=\"https:\/\/serbia.com\/wp-content\/uploads\/2015\/11\/Goc1-e1448458850681.jpg\" \/>\n\t<meta property=\"og:image:width\" content=\"800\" \/>\n\t<meta property=\"og:image:height\" content=\"443\" \/>\n\t<meta property=\"og:image:type\" content=\"image\/jpeg\" \/>\n<meta name=\"twitter:label1\" content=\"Est. reading time\" \/>\n\t<meta name=\"twitter:data1\" content=\"2 minutes\" \/>\n<script type=\"application\/ld+json\" class=\"yoast-schema-graph\">{\"@context\":\"https:\\\/\\\/schema.org\",\"@graph\":[{\"@type\":\"WebPage\",\"@id\":\"https:\\\/\\\/serbia.com\\\/srpski\\\/posetite-srbiju\\\/prirodne-lepote\\\/planine\\\/\",\"url\":\"https:\\\/\\\/serbia.com\\\/srpski\\\/posetite-srbiju\\\/prirodne-lepote\\\/planine\\\/\",\"name\":\"Planine - Serbia.com\",\"isPartOf\":{\"@id\":\"https:\\\/\\\/serbia.com\\\/#website\"},\"primaryImageOfPage\":{\"@id\":\"https:\\\/\\\/serbia.com\\\/srpski\\\/posetite-srbiju\\\/prirodne-lepote\\\/planine\\\/#primaryimage\"},\"image\":{\"@id\":\"https:\\\/\\\/serbia.com\\\/srpski\\\/posetite-srbiju\\\/prirodne-lepote\\\/planine\\\/#primaryimage\"},\"thumbnailUrl\":\"https:\\\/\\\/serbia.com\\\/wp-content\\\/uploads\\\/2015\\\/11\\\/Goc1-e1448458850681.jpg\",\"datePublished\":\"2014-02-26T21:29:32+00:00\",\"dateModified\":\"2024-10-20T10:40:56+00:00\",\"breadcrumb\":{\"@id\":\"https:\\\/\\\/serbia.com\\\/srpski\\\/posetite-srbiju\\\/prirodne-lepote\\\/planine\\\/#breadcrumb\"},\"inLanguage\":\"srpski\",\"potentialAction\":[{\"@type\":\"ReadAction\",\"target\":[\"https:\\\/\\\/serbia.com\\\/srpski\\\/posetite-srbiju\\\/prirodne-lepote\\\/planine\\\/\"]}]},{\"@type\":\"ImageObject\",\"inLanguage\":\"srpski\",\"@id\":\"https:\\\/\\\/serbia.com\\\/srpski\\\/posetite-srbiju\\\/prirodne-lepote\\\/planine\\\/#primaryimage\",\"url\":\"https:\\\/\\\/serbia.com\\\/wp-content\\\/uploads\\\/2015\\\/11\\\/Goc1-e1448458850681.jpg\",\"contentUrl\":\"https:\\\/\\\/serbia.com\\\/wp-content\\\/uploads\\\/2015\\\/11\\\/Goc1-e1448458850681.jpg\",\"width\":800,\"height\":443},{\"@type\":\"BreadcrumbList\",\"@id\":\"https:\\\/\\\/serbia.com\\\/srpski\\\/posetite-srbiju\\\/prirodne-lepote\\\/planine\\\/#breadcrumb\",\"itemListElement\":[{\"@type\":\"ListItem\",\"position\":1,\"name\":\"Home\",\"item\":\"https:\\\/\\\/serbia.com\\\/srpski\\\/\"},{\"@type\":\"ListItem\",\"position\":2,\"name\":\"Poseti Srbiju\",\"item\":\"https:\\\/\\\/serbia.com\\\/srpski\\\/posetite-srbiju\\\/\"},{\"@type\":\"ListItem\",\"position\":3,\"name\":\"Prirodne lepote\",\"item\":\"https:\\\/\\\/serbia.com\\\/srpski\\\/posetite-srbiju\\\/prirodne-lepote\\\/\"},{\"@type\":\"ListItem\",\"position\":4,\"name\":\"Planine\"}]},{\"@type\":\"WebSite\",\"@id\":\"https:\\\/\\\/serbia.com\\\/#website\",\"url\":\"https:\\\/\\\/serbia.com\\\/\",\"name\":\"Serbia.com\",\"description\":\"Your Gateway to Serbia\",\"potentialAction\":[{\"@type\":\"SearchAction\",\"target\":{\"@type\":\"EntryPoint\",\"urlTemplate\":\"https:\\\/\\\/serbia.com\\\/?s={search_term_string}\"},\"query-input\":{\"@type\":\"PropertyValueSpecification\",\"valueRequired\":true,\"valueName\":\"search_term_string\"}}],\"inLanguage\":\"srpski\"}]}<\/script>\n<!-- \/ Yoast SEO plugin. -->","yoast_head_json":{"title":"Planine - Serbia.com","robots":{"index":"index","follow":"follow","max-snippet":"max-snippet:-1","max-image-preview":"max-image-preview:large","max-video-preview":"max-video-preview:-1"},"canonical":"https:\/\/serbia.com\/srpski\/posetite-srbiju\/prirodne-lepote\/planine\/","og_locale":"en_US","og_type":"article","og_title":"Planine - Serbia.com","og_description":"Planine, jedinstveno prirodno bogatstvo Srbije kristalno bistrih jezera i slapova, gustih \u0161uma, pa\u0161njaka i ski centara, uklju\u010duje i 15 vrhova koji prelaze visinu od 2.000 metara. Planine su ve\u0107 godinama [&hellip;]","og_url":"https:\/\/serbia.com\/srpski\/posetite-srbiju\/prirodne-lepote\/planine\/","og_site_name":"Serbia.com","article_modified_time":"2024-10-20T10:40:56+00:00","og_image":[{"width":800,"height":443,"url":"https:\/\/serbia.com\/wp-content\/uploads\/2015\/11\/Goc1-e1448458850681.jpg","type":"image\/jpeg"}],"twitter_misc":{"Est. reading time":"2 minutes"},"schema":{"@context":"https:\/\/schema.org","@graph":[{"@type":"WebPage","@id":"https:\/\/serbia.com\/srpski\/posetite-srbiju\/prirodne-lepote\/planine\/","url":"https:\/\/serbia.com\/srpski\/posetite-srbiju\/prirodne-lepote\/planine\/","name":"Planine - Serbia.com","isPartOf":{"@id":"https:\/\/serbia.com\/#website"},"primaryImageOfPage":{"@id":"https:\/\/serbia.com\/srpski\/posetite-srbiju\/prirodne-lepote\/planine\/#primaryimage"},"image":{"@id":"https:\/\/serbia.com\/srpski\/posetite-srbiju\/prirodne-lepote\/planine\/#primaryimage"},"thumbnailUrl":"https:\/\/serbia.com\/wp-content\/uploads\/2015\/11\/Goc1-e1448458850681.jpg","datePublished":"2014-02-26T21:29:32+00:00","dateModified":"2024-10-20T10:40:56+00:00","breadcrumb":{"@id":"https:\/\/serbia.com\/srpski\/posetite-srbiju\/prirodne-lepote\/planine\/#breadcrumb"},"inLanguage":"srpski","potentialAction":[{"@type":"ReadAction","target":["https:\/\/serbia.com\/srpski\/posetite-srbiju\/prirodne-lepote\/planine\/"]}]},{"@type":"ImageObject","inLanguage":"srpski","@id":"https:\/\/serbia.com\/srpski\/posetite-srbiju\/prirodne-lepote\/planine\/#primaryimage","url":"https:\/\/serbia.com\/wp-content\/uploads\/2015\/11\/Goc1-e1448458850681.jpg","contentUrl":"https:\/\/serbia.com\/wp-content\/uploads\/2015\/11\/Goc1-e1448458850681.jpg","width":800,"height":443},{"@type":"BreadcrumbList","@id":"https:\/\/serbia.com\/srpski\/posetite-srbiju\/prirodne-lepote\/planine\/#breadcrumb","itemListElement":[{"@type":"ListItem","position":1,"name":"Home","item":"https:\/\/serbia.com\/srpski\/"},{"@type":"ListItem","position":2,"name":"Poseti Srbiju","item":"https:\/\/serbia.com\/srpski\/posetite-srbiju\/"},{"@type":"ListItem","position":3,"name":"Prirodne lepote","item":"https:\/\/serbia.com\/srpski\/posetite-srbiju\/prirodne-lepote\/"},{"@type":"ListItem","position":4,"name":"Planine"}]},{"@type":"WebSite","@id":"https:\/\/serbia.com\/#website","url":"https:\/\/serbia.com\/","name":"Serbia.com","description":"Your Gateway to Serbia","potentialAction":[{"@type":"SearchAction","target":{"@type":"EntryPoint","urlTemplate":"https:\/\/serbia.com\/?s={search_term_string}"},"query-input":{"@type":"PropertyValueSpecification","valueRequired":true,"valueName":"search_term_string"}}],"inLanguage":"srpski"}]}},"brizy_media":[],"_links":{"self":[{"href":"https:\/\/serbia.com\/srpski\/wp-json\/wp\/v2\/pages\/20463","targetHints":{"allow":["GET"]}}],"collection":[{"href":"https:\/\/serbia.com\/srpski\/wp-json\/wp\/v2\/pages"}],"about":[{"href":"https:\/\/serbia.com\/srpski\/wp-json\/wp\/v2\/types\/page"}],"author":[{"embeddable":true,"href":"https:\/\/serbia.com\/srpski\/wp-json\/wp\/v2\/users\/9"}],"replies":[{"embeddable":true,"href":"https:\/\/serbia.com\/srpski\/wp-json\/wp\/v2\/comments?post=20463"}],"version-history":[{"count":1,"href":"https:\/\/serbia.com\/srpski\/wp-json\/wp\/v2\/pages\/20463\/revisions"}],"predecessor-version":[{"id":55650,"href":"https:\/\/serbia.com\/srpski\/wp-json\/wp\/v2\/pages\/20463\/revisions\/55650"}],"up":[{"embeddable":true,"href":"https:\/\/serbia.com\/srpski\/wp-json\/wp\/v2\/pages\/20459"}],"wp:featuredmedia":[{"embeddable":true,"href":"https:\/\/serbia.com\/srpski\/wp-json\/wp\/v2\/media\/37790"}],"wp:attachment":[{"href":"https:\/\/serbia.com\/srpski\/wp-json\/wp\/v2\/media?parent=20463"}],"wp:term":[{"taxonomy":"category","embeddable":true,"href":"https:\/\/serbia.com\/srpski\/wp-json\/wp\/v2\/categories?post=20463"},{"taxonomy":"post_tag","embeddable":true,"href":"https:\/\/serbia.com\/srpski\/wp-json\/wp\/v2\/tags?post=20463"}],"curies":[{"name":"wp","href":"https:\/\/api.w.org\/{rel}","templated":true}]}}