{"id":20461,"date":"2014-02-26T22:28:13","date_gmt":"2014-02-26T21:28:13","guid":{"rendered":"http:\/\/www.serbia.com\/?page_id=20461"},"modified":"2024-10-20T12:42:14","modified_gmt":"2024-10-20T10:42:14","slug":"pecine","status":"publish","type":"page","link":"https:\/\/serbia.com\/srpski\/posetite-srbiju\/prirodne-lepote\/pecine\/","title":{"rendered":"Pe\u0107ine"},"content":{"rendered":"<p>Pe\u0107ine Srbije svojim oblicima pokazuju beskrajnu ma\u0161tovitost i bajkovitost prirode, a najvi\u0161e njih nalazi se u isto\u010dnom delu zemlje.<\/p>\n<p>Neolitskim ljudima pe\u0107ine su slu\u017eile kao stani\u0161te ali i kao skloni\u0161te od vremenskih uslova, divljih \u017eivotinja i neprijatelja, a danas su ostavljene turistima za razgledanje i u\u017eivanje. Mnoge od njih postojale su jo\u0161 u ledeno doba, a u njima su prona\u0111eni fosilni ostaci praistorijskih \u017eivotinja kao i oru\u0111a koja je izra\u0111ivao tada\u0161nji \u010dovek.<\/p>\n<p>Najve\u0107i broj pe\u0107ina nalazi se u Isto\u010dnoj Srbiji. Za turiste i organizovane ture ure\u0111eno je njih sedam, a za one sklone ekstremnim avanturama ima nekoliko pe\u0107ina koje se mogu razgledati samo uz pratnju stru\u010dnog vodi\u010da i posebnu opremu.<\/p>\n<p>Najdu\u017ee pe\u0107ine Srbije su Lazareva kod Bora, duga vi\u0161e od 9.000 metara, U\u0161a\u010dki pe\u0107inski sistem du\u017eine 6.185 metara i Cerjanska pe\u0107ina kod <a title=\"Ni\u0161\" href=\"http:\/\/www.serbia.com\/srpski\/posetite-srbiju\/gradovi\/nis\/\" target=\"_blank\" rel=\"noopener\">Ni\u0161a<\/a> du\u017eine 6.025 metara.<\/p>\n<p>O va\u017enosti pe\u0107ina za opstanak naroda ovih krajeva u te\u0161kim vremenima kroz istoriju svedo\u010de prona\u0111ene ogaravljene kosti u mnogima od njih. Jedna od takvih je Ka\u0111enica u <a href=\"http:\/\/www.serbia.com\/srpski\/ovcarsko-kablarska-klisura-srpska-sveta-gora\/\" target=\"_blank\" rel=\"noopener\">Ov\u010dar-Kablarskoj klisuri<\/a>, gde su se stanovnici tog kraja skrivali i u njoj stradali kada su Turci zapalili vatru na ulazu.<\/p>\n<p>Ako spadate u one koji vole neobi\u010dne i skoro bajkovite oblike koji dokazuju beskrajnu ma\u0161tovitost i neponovljivost prirode, pe\u0107ine Srbije su pravo mesto za vas.<\/p>\n","protected":false},"excerpt":{"rendered":"<p>Pe\u0107ine Srbije svojim oblicima pokazuju beskrajnu ma\u0161tovitost i bajkovitost prirode, a najvi\u0161e njih nalazi se u isto\u010dnom delu zemlje. Neolitskim ljudima pe\u0107ine su slu\u017eile kao stani\u0161te ali i kao skloni\u0161te [&hellip;]<\/p>\n","protected":false},"author":9,"featured_media":27391,"parent":20459,"menu_order":0,"comment_status":"closed","ping_status":"open","template":"","meta":{"_acf_changed":false,"inline_featured_image":false,"_monsterinsights_skip_tracking":false,"_monsterinsights_sitenote_active":false,"_monsterinsights_sitenote_note":"","_monsterinsights_sitenote_category":0,"footnotes":""},"categories":[1658],"tags":[],"class_list":["post-20461","page","type-page","status-publish","has-post-thumbnail","hentry","category-pecine"],"acf":[],"yoast_head":"<!-- This site is optimized with the Yoast SEO plugin v27.4 - https:\/\/yoast.com\/product\/yoast-seo-wordpress\/ -->\n<title>Pe\u0107ine - Serbia.com<\/title>\n<meta name=\"robots\" content=\"index, follow, max-snippet:-1, max-image-preview:large, max-video-preview:-1\" \/>\n<link rel=\"canonical\" href=\"https:\/\/serbia.com\/srpski\/posetite-srbiju\/prirodne-lepote\/pecine\/\" \/>\n<meta property=\"og:locale\" content=\"en_US\" \/>\n<meta property=\"og:type\" content=\"article\" \/>\n<meta property=\"og:title\" content=\"Pe\u0107ine - Serbia.com\" \/>\n<meta property=\"og:description\" content=\"Pe\u0107ine Srbije svojim oblicima pokazuju beskrajnu ma\u0161tovitost i bajkovitost prirode, a najvi\u0161e njih nalazi se u isto\u010dnom delu zemlje. Neolitskim ljudima pe\u0107ine su slu\u017eile kao stani\u0161te ali i kao skloni\u0161te [&hellip;]\" \/>\n<meta property=\"og:url\" content=\"https:\/\/serbia.com\/srpski\/posetite-srbiju\/prirodne-lepote\/pecine\/\" \/>\n<meta property=\"og:site_name\" content=\"Serbia.com\" \/>\n<meta property=\"article:modified_time\" content=\"2024-10-20T10:42:14+00:00\" \/>\n<meta property=\"og:image\" content=\"https:\/\/serbia.com\/wp-content\/uploads\/2014\/05\/Stopica-pecina.jpg\" \/>\n\t<meta property=\"og:image:width\" content=\"1920\" \/>\n\t<meta property=\"og:image:height\" content=\"960\" \/>\n\t<meta property=\"og:image:type\" content=\"image\/jpeg\" \/>\n<meta name=\"twitter:label1\" content=\"Est. reading time\" \/>\n\t<meta name=\"twitter:data1\" content=\"2 minutes\" \/>\n<script type=\"application\/ld+json\" class=\"yoast-schema-graph\">{\"@context\":\"https:\\\/\\\/schema.org\",\"@graph\":[{\"@type\":\"WebPage\",\"@id\":\"https:\\\/\\\/serbia.com\\\/srpski\\\/posetite-srbiju\\\/prirodne-lepote\\\/pecine\\\/\",\"url\":\"https:\\\/\\\/serbia.com\\\/srpski\\\/posetite-srbiju\\\/prirodne-lepote\\\/pecine\\\/\",\"name\":\"Pe\u0107ine - Serbia.com\",\"isPartOf\":{\"@id\":\"https:\\\/\\\/serbia.com\\\/#website\"},\"primaryImageOfPage\":{\"@id\":\"https:\\\/\\\/serbia.com\\\/srpski\\\/posetite-srbiju\\\/prirodne-lepote\\\/pecine\\\/#primaryimage\"},\"image\":{\"@id\":\"https:\\\/\\\/serbia.com\\\/srpski\\\/posetite-srbiju\\\/prirodne-lepote\\\/pecine\\\/#primaryimage\"},\"thumbnailUrl\":\"https:\\\/\\\/serbia.com\\\/wp-content\\\/uploads\\\/2014\\\/05\\\/Stopica-pecina.jpg\",\"datePublished\":\"2014-02-26T21:28:13+00:00\",\"dateModified\":\"2024-10-20T10:42:14+00:00\",\"breadcrumb\":{\"@id\":\"https:\\\/\\\/serbia.com\\\/srpski\\\/posetite-srbiju\\\/prirodne-lepote\\\/pecine\\\/#breadcrumb\"},\"inLanguage\":\"srpski\",\"potentialAction\":[{\"@type\":\"ReadAction\",\"target\":[\"https:\\\/\\\/serbia.com\\\/srpski\\\/posetite-srbiju\\\/prirodne-lepote\\\/pecine\\\/\"]}]},{\"@type\":\"ImageObject\",\"inLanguage\":\"srpski\",\"@id\":\"https:\\\/\\\/serbia.com\\\/srpski\\\/posetite-srbiju\\\/prirodne-lepote\\\/pecine\\\/#primaryimage\",\"url\":\"https:\\\/\\\/serbia.com\\\/wp-content\\\/uploads\\\/2014\\\/05\\\/Stopica-pecina.jpg\",\"contentUrl\":\"https:\\\/\\\/serbia.com\\\/wp-content\\\/uploads\\\/2014\\\/05\\\/Stopica-pecina.jpg\",\"width\":1920,\"height\":960},{\"@type\":\"BreadcrumbList\",\"@id\":\"https:\\\/\\\/serbia.com\\\/srpski\\\/posetite-srbiju\\\/prirodne-lepote\\\/pecine\\\/#breadcrumb\",\"itemListElement\":[{\"@type\":\"ListItem\",\"position\":1,\"name\":\"Home\",\"item\":\"https:\\\/\\\/serbia.com\\\/srpski\\\/srbija\\\/\"},{\"@type\":\"ListItem\",\"position\":2,\"name\":\"Poseti Srbiju\",\"item\":\"https:\\\/\\\/serbia.com\\\/srpski\\\/posetite-srbiju\\\/\"},{\"@type\":\"ListItem\",\"position\":3,\"name\":\"Prirodne lepote\",\"item\":\"https:\\\/\\\/serbia.com\\\/srpski\\\/posetite-srbiju\\\/prirodne-lepote\\\/\"},{\"@type\":\"ListItem\",\"position\":4,\"name\":\"Pe\u0107ine\"}]},{\"@type\":\"WebSite\",\"@id\":\"https:\\\/\\\/serbia.com\\\/#website\",\"url\":\"https:\\\/\\\/serbia.com\\\/\",\"name\":\"Serbia.com\",\"description\":\"Your Gateway to Serbia\",\"potentialAction\":[{\"@type\":\"SearchAction\",\"target\":{\"@type\":\"EntryPoint\",\"urlTemplate\":\"https:\\\/\\\/serbia.com\\\/?s={search_term_string}\"},\"query-input\":{\"@type\":\"PropertyValueSpecification\",\"valueRequired\":true,\"valueName\":\"search_term_string\"}}],\"inLanguage\":\"srpski\"}]}<\/script>\n<!-- \/ Yoast SEO plugin. -->","yoast_head_json":{"title":"Pe\u0107ine - Serbia.com","robots":{"index":"index","follow":"follow","max-snippet":"max-snippet:-1","max-image-preview":"max-image-preview:large","max-video-preview":"max-video-preview:-1"},"canonical":"https:\/\/serbia.com\/srpski\/posetite-srbiju\/prirodne-lepote\/pecine\/","og_locale":"en_US","og_type":"article","og_title":"Pe\u0107ine - Serbia.com","og_description":"Pe\u0107ine Srbije svojim oblicima pokazuju beskrajnu ma\u0161tovitost i bajkovitost prirode, a najvi\u0161e njih nalazi se u isto\u010dnom delu zemlje. Neolitskim ljudima pe\u0107ine su slu\u017eile kao stani\u0161te ali i kao skloni\u0161te [&hellip;]","og_url":"https:\/\/serbia.com\/srpski\/posetite-srbiju\/prirodne-lepote\/pecine\/","og_site_name":"Serbia.com","article_modified_time":"2024-10-20T10:42:14+00:00","og_image":[{"width":1920,"height":960,"url":"https:\/\/serbia.com\/wp-content\/uploads\/2014\/05\/Stopica-pecina.jpg","type":"image\/jpeg"}],"twitter_misc":{"Est. reading time":"2 minutes"},"schema":{"@context":"https:\/\/schema.org","@graph":[{"@type":"WebPage","@id":"https:\/\/serbia.com\/srpski\/posetite-srbiju\/prirodne-lepote\/pecine\/","url":"https:\/\/serbia.com\/srpski\/posetite-srbiju\/prirodne-lepote\/pecine\/","name":"Pe\u0107ine - Serbia.com","isPartOf":{"@id":"https:\/\/serbia.com\/#website"},"primaryImageOfPage":{"@id":"https:\/\/serbia.com\/srpski\/posetite-srbiju\/prirodne-lepote\/pecine\/#primaryimage"},"image":{"@id":"https:\/\/serbia.com\/srpski\/posetite-srbiju\/prirodne-lepote\/pecine\/#primaryimage"},"thumbnailUrl":"https:\/\/serbia.com\/wp-content\/uploads\/2014\/05\/Stopica-pecina.jpg","datePublished":"2014-02-26T21:28:13+00:00","dateModified":"2024-10-20T10:42:14+00:00","breadcrumb":{"@id":"https:\/\/serbia.com\/srpski\/posetite-srbiju\/prirodne-lepote\/pecine\/#breadcrumb"},"inLanguage":"srpski","potentialAction":[{"@type":"ReadAction","target":["https:\/\/serbia.com\/srpski\/posetite-srbiju\/prirodne-lepote\/pecine\/"]}]},{"@type":"ImageObject","inLanguage":"srpski","@id":"https:\/\/serbia.com\/srpski\/posetite-srbiju\/prirodne-lepote\/pecine\/#primaryimage","url":"https:\/\/serbia.com\/wp-content\/uploads\/2014\/05\/Stopica-pecina.jpg","contentUrl":"https:\/\/serbia.com\/wp-content\/uploads\/2014\/05\/Stopica-pecina.jpg","width":1920,"height":960},{"@type":"BreadcrumbList","@id":"https:\/\/serbia.com\/srpski\/posetite-srbiju\/prirodne-lepote\/pecine\/#breadcrumb","itemListElement":[{"@type":"ListItem","position":1,"name":"Home","item":"https:\/\/serbia.com\/srpski\/srbija\/"},{"@type":"ListItem","position":2,"name":"Poseti Srbiju","item":"https:\/\/serbia.com\/srpski\/posetite-srbiju\/"},{"@type":"ListItem","position":3,"name":"Prirodne lepote","item":"https:\/\/serbia.com\/srpski\/posetite-srbiju\/prirodne-lepote\/"},{"@type":"ListItem","position":4,"name":"Pe\u0107ine"}]},{"@type":"WebSite","@id":"https:\/\/serbia.com\/#website","url":"https:\/\/serbia.com\/","name":"Serbia.com","description":"Your Gateway to Serbia","potentialAction":[{"@type":"SearchAction","target":{"@type":"EntryPoint","urlTemplate":"https:\/\/serbia.com\/?s={search_term_string}"},"query-input":{"@type":"PropertyValueSpecification","valueRequired":true,"valueName":"search_term_string"}}],"inLanguage":"srpski"}]}},"brizy_media":[],"_links":{"self":[{"href":"https:\/\/serbia.com\/srpski\/wp-json\/wp\/v2\/pages\/20461","targetHints":{"allow":["GET"]}}],"collection":[{"href":"https:\/\/serbia.com\/srpski\/wp-json\/wp\/v2\/pages"}],"about":[{"href":"https:\/\/serbia.com\/srpski\/wp-json\/wp\/v2\/types\/page"}],"author":[{"embeddable":true,"href":"https:\/\/serbia.com\/srpski\/wp-json\/wp\/v2\/users\/9"}],"replies":[{"embeddable":true,"href":"https:\/\/serbia.com\/srpski\/wp-json\/wp\/v2\/comments?post=20461"}],"version-history":[{"count":1,"href":"https:\/\/serbia.com\/srpski\/wp-json\/wp\/v2\/pages\/20461\/revisions"}],"predecessor-version":[{"id":55651,"href":"https:\/\/serbia.com\/srpski\/wp-json\/wp\/v2\/pages\/20461\/revisions\/55651"}],"up":[{"embeddable":true,"href":"https:\/\/serbia.com\/srpski\/wp-json\/wp\/v2\/pages\/20459"}],"wp:featuredmedia":[{"embeddable":true,"href":"https:\/\/serbia.com\/srpski\/wp-json\/wp\/v2\/media\/27391"}],"wp:attachment":[{"href":"https:\/\/serbia.com\/srpski\/wp-json\/wp\/v2\/media?parent=20461"}],"wp:term":[{"taxonomy":"category","embeddable":true,"href":"https:\/\/serbia.com\/srpski\/wp-json\/wp\/v2\/categories?post=20461"},{"taxonomy":"post_tag","embeddable":true,"href":"https:\/\/serbia.com\/srpski\/wp-json\/wp\/v2\/tags?post=20461"}],"curies":[{"name":"wp","href":"https:\/\/api.w.org\/{rel}","templated":true}]}}