{"id":20459,"date":"2014-02-26T22:27:24","date_gmt":"2014-02-26T21:27:24","guid":{"rendered":"http:\/\/www.serbia.com\/?page_id=20459"},"modified":"2016-02-25T15:58:45","modified_gmt":"2016-02-25T14:58:45","slug":"prirodne-lepote","status":"publish","type":"page","link":"https:\/\/serbia.com\/srpski\/posetite-srbiju\/prirodne-lepote\/","title":{"rendered":"Prirodne lepote"},"content":{"rendered":"<p>Podru\u010dja Srbije su pro\u0161arana raznovrsnim prirodnim odlikama, pa su na relativno maloj geografskoj povr\u0161ini sme\u0161tene gorostasne <a title=\"Planine\" href=\"http:\/\/www.serbia.com\/srpski\/posetite-srbiju\/prirodne-lepote\/planine\/\" target=\"_blank\">planine<\/a>, ravnica, pustinja, pitomi \u0161umoviti predeli pro\u0161arani poto\u010di\u0107ima, mirnim <a title=\"Reke i jezera\" href=\"http:\/\/www.serbia.com\/srpski\/posetite-srbiju\/prirodne-lepote\/reke-i-jezera\/\" target=\"_blank\">rekama<\/a>, ali i strmi kanjoni i klisure, zatim <a title=\"Pe\u0107ine\" href=\"http:\/\/www.serbia.com\/srpski\/posetite-srbiju\/prirodne-lepote\/pecine\/\" target=\"_blank\">pe\u0107ine<\/a> koje plene lepotom, termalni izvori koji se za le\u010denje koriste jo\u0161 iz doba Rimljana.<\/p>\n<p>Oko 6% teritorije Srbije je za\u0161ti\u0107eno zbog dobro o\u010duvanih prirodnih vrednosti sa prete\u017eno o\u010duvanim prirodnim ekosistemima i \u017eivopisnim pejsa\u017eima.<\/p>\n<p>Ukupan broj za\u0161ti\u0107enih prirodnih dobara u Srbiji je 463. \u010cine ih: 5 nacionalnih parkova, 16 parkova prirode, 16 predela izuzetnih odlika, 67 rezervata prirode, 42 za\u0161ti\u0107ena prostora kulturno-istorijskih vrednosti i 317 spomenika prirode.<\/p>\n<p>Od Vojvodine na krajnjem severu zemlje pa do Metohije na jugu, mo\u017eete videti o\u010daravaju\u0107e predele, retke \u017eivotinje poput beloglavog supa u kanjonu <a title=\"Uvac, remek-delo prirode\" href=\"http:\/\/www.serbia.com\/srpski\/posetite-srbiju\/prirodne-lepote\/jedinstvena-priroda\/uvac-remek-delo-prirode\/\" target=\"_blank\">Uvca<\/a>, okamenjene svatove misti\u010dne <a title=\"\u0110avolja varo\u0161\" href=\"http:\/\/www.serbia.com\/srpski\/posetite-srbiju\/prirodne-lepote\/jedinstvena-priroda\/davolja-varos\/\" target=\"_blank\">\u0110avolje varo\u0161i<\/a>, popiti vodu sa izvora plninskog potoka, zaviriti u ledeno doba <a title=\"Resavska pe\u0107ina, pogled u ledeno doba\" href=\"http:\/\/www.serbia.com\/srpski\/posetite-srbiju\/prirodne-lepote\/pecine\/resavska-pecina-pogled-u-ledeno-doba\/\" target=\"_blank\">Resavske pe\u0107ine<\/a>\u2026<\/p>\n<p>Priroda Srbije mami da je do\u017eivite svim \u010dulima![ultimate_spacer height=&#8221;30&#8243;][dt_fancy_title title=&#8221;Povezani \u010dlanci&#8221; title_align=&#8221;left&#8221; title_size=&#8221;normal&#8221; title_color=&#8221;accent&#8221; el_width=&#8221;100&#8243; title_bg=&#8221;disabled&#8221; separator_color=&#8221;default&#8221;][ultimate_spacer height=&#8221;30&#8243;]<\/p>\n","protected":false},"excerpt":{"rendered":"<p>Podru\u010dja Srbije su pro\u0161arana raznovrsnim prirodnim odlikama, pa su na relativno maloj geografskoj povr\u0161ini sme\u0161tene gorostasne planine, ravnica, pustinja, pitomi \u0161umoviti predeli pro\u0161arani poto\u010di\u0107ima, mirnim rekama, ali i strmi kanjoni [&hellip;]<\/p>\n","protected":false},"author":9,"featured_media":33149,"parent":20391,"menu_order":0,"comment_status":"closed","ping_status":"open","template":"","meta":{"_acf_changed":false,"inline_featured_image":false,"_monsterinsights_skip_tracking":false,"_monsterinsights_sitenote_active":false,"_monsterinsights_sitenote_note":"","_monsterinsights_sitenote_category":0,"footnotes":""},"categories":[1653],"tags":[],"class_list":["post-20459","page","type-page","status-publish","has-post-thumbnail","hentry","category-prirodne-lepote-sta-posetiti"],"acf":[],"yoast_head":"<!-- This site is optimized with the Yoast SEO plugin v23.8 - https:\/\/yoast.com\/wordpress\/plugins\/seo\/ -->\n<title>Prirodne lepote - Serbia.com<\/title>\n<meta name=\"robots\" content=\"index, follow, max-snippet:-1, max-image-preview:large, max-video-preview:-1\" \/>\n<link rel=\"canonical\" href=\"https:\/\/serbia.com\/srpski\/posetite-srbiju\/prirodne-lepote\/\" \/>\n<meta property=\"og:locale\" content=\"en_US\" \/>\n<meta property=\"og:type\" content=\"article\" \/>\n<meta property=\"og:title\" content=\"Prirodne lepote - Serbia.com\" \/>\n<meta property=\"og:description\" content=\"Podru\u010dja Srbije su pro\u0161arana raznovrsnim prirodnim odlikama, pa su na relativno maloj geografskoj povr\u0161ini sme\u0161tene gorostasne planine, ravnica, pustinja, pitomi \u0161umoviti predeli pro\u0161arani poto\u010di\u0107ima, mirnim rekama, ali i strmi kanjoni [&hellip;]\" \/>\n<meta property=\"og:url\" content=\"https:\/\/serbia.com\/srpski\/posetite-srbiju\/prirodne-lepote\/\" \/>\n<meta property=\"og:site_name\" content=\"Serbia.com\" \/>\n<meta property=\"article:modified_time\" content=\"2016-02-25T14:58:45+00:00\" \/>\n<meta property=\"og:image\" content=\"https:\/\/serbia.com\/wp-content\/uploads\/2015\/06\/uvac4444.jpg\" \/>\n\t<meta property=\"og:image:width\" content=\"1600\" \/>\n\t<meta property=\"og:image:height\" content=\"430\" \/>\n\t<meta property=\"og:image:type\" content=\"image\/jpeg\" \/>\n<meta name=\"twitter:label1\" content=\"Est. reading time\" \/>\n\t<meta name=\"twitter:data1\" content=\"1 minute\" \/>\n<script type=\"application\/ld+json\" class=\"yoast-schema-graph\">{\"@context\":\"https:\/\/schema.org\",\"@graph\":[{\"@type\":\"WebPage\",\"@id\":\"https:\/\/serbia.com\/srpski\/posetite-srbiju\/prirodne-lepote\/\",\"url\":\"https:\/\/serbia.com\/srpski\/posetite-srbiju\/prirodne-lepote\/\",\"name\":\"Prirodne lepote - Serbia.com\",\"isPartOf\":{\"@id\":\"https:\/\/serbia.com\/#website\"},\"primaryImageOfPage\":{\"@id\":\"https:\/\/serbia.com\/srpski\/posetite-srbiju\/prirodne-lepote\/#primaryimage\"},\"image\":{\"@id\":\"https:\/\/serbia.com\/srpski\/posetite-srbiju\/prirodne-lepote\/#primaryimage\"},\"thumbnailUrl\":\"https:\/\/serbia.com\/wp-content\/uploads\/2015\/06\/uvac4444.jpg\",\"datePublished\":\"2014-02-26T21:27:24+00:00\",\"dateModified\":\"2016-02-25T14:58:45+00:00\",\"breadcrumb\":{\"@id\":\"https:\/\/serbia.com\/srpski\/posetite-srbiju\/prirodne-lepote\/#breadcrumb\"},\"inLanguage\":\"srpski\",\"potentialAction\":[{\"@type\":\"ReadAction\",\"target\":[\"https:\/\/serbia.com\/srpski\/posetite-srbiju\/prirodne-lepote\/\"]}]},{\"@type\":\"ImageObject\",\"inLanguage\":\"srpski\",\"@id\":\"https:\/\/serbia.com\/srpski\/posetite-srbiju\/prirodne-lepote\/#primaryimage\",\"url\":\"https:\/\/serbia.com\/wp-content\/uploads\/2015\/06\/uvac4444.jpg\",\"contentUrl\":\"https:\/\/serbia.com\/wp-content\/uploads\/2015\/06\/uvac4444.jpg\",\"width\":1600,\"height\":430},{\"@type\":\"BreadcrumbList\",\"@id\":\"https:\/\/serbia.com\/srpski\/posetite-srbiju\/prirodne-lepote\/#breadcrumb\",\"itemListElement\":[{\"@type\":\"ListItem\",\"position\":1,\"name\":\"Home\",\"item\":\"https:\/\/serbia.com\/srpski\/\"},{\"@type\":\"ListItem\",\"position\":2,\"name\":\"Poseti Srbiju\",\"item\":\"https:\/\/serbia.com\/srpski\/posetite-srbiju\/\"},{\"@type\":\"ListItem\",\"position\":3,\"name\":\"Prirodne lepote\"}]},{\"@type\":\"WebSite\",\"@id\":\"https:\/\/serbia.com\/#website\",\"url\":\"https:\/\/serbia.com\/\",\"name\":\"Serbia.com\",\"description\":\"Your Gateway to Serbia\",\"potentialAction\":[{\"@type\":\"SearchAction\",\"target\":{\"@type\":\"EntryPoint\",\"urlTemplate\":\"https:\/\/serbia.com\/?s={search_term_string}\"},\"query-input\":{\"@type\":\"PropertyValueSpecification\",\"valueRequired\":true,\"valueName\":\"search_term_string\"}}],\"inLanguage\":\"srpski\"}]}<\/script>\n<!-- \/ Yoast SEO plugin. -->","yoast_head_json":{"title":"Prirodne lepote - Serbia.com","robots":{"index":"index","follow":"follow","max-snippet":"max-snippet:-1","max-image-preview":"max-image-preview:large","max-video-preview":"max-video-preview:-1"},"canonical":"https:\/\/serbia.com\/srpski\/posetite-srbiju\/prirodne-lepote\/","og_locale":"en_US","og_type":"article","og_title":"Prirodne lepote - Serbia.com","og_description":"Podru\u010dja Srbije su pro\u0161arana raznovrsnim prirodnim odlikama, pa su na relativno maloj geografskoj povr\u0161ini sme\u0161tene gorostasne planine, ravnica, pustinja, pitomi \u0161umoviti predeli pro\u0161arani poto\u010di\u0107ima, mirnim rekama, ali i strmi kanjoni [&hellip;]","og_url":"https:\/\/serbia.com\/srpski\/posetite-srbiju\/prirodne-lepote\/","og_site_name":"Serbia.com","article_modified_time":"2016-02-25T14:58:45+00:00","og_image":[{"width":1600,"height":430,"url":"https:\/\/serbia.com\/wp-content\/uploads\/2015\/06\/uvac4444.jpg","type":"image\/jpeg"}],"twitter_misc":{"Est. reading time":"1 minute"},"schema":{"@context":"https:\/\/schema.org","@graph":[{"@type":"WebPage","@id":"https:\/\/serbia.com\/srpski\/posetite-srbiju\/prirodne-lepote\/","url":"https:\/\/serbia.com\/srpski\/posetite-srbiju\/prirodne-lepote\/","name":"Prirodne lepote - Serbia.com","isPartOf":{"@id":"https:\/\/serbia.com\/#website"},"primaryImageOfPage":{"@id":"https:\/\/serbia.com\/srpski\/posetite-srbiju\/prirodne-lepote\/#primaryimage"},"image":{"@id":"https:\/\/serbia.com\/srpski\/posetite-srbiju\/prirodne-lepote\/#primaryimage"},"thumbnailUrl":"https:\/\/serbia.com\/wp-content\/uploads\/2015\/06\/uvac4444.jpg","datePublished":"2014-02-26T21:27:24+00:00","dateModified":"2016-02-25T14:58:45+00:00","breadcrumb":{"@id":"https:\/\/serbia.com\/srpski\/posetite-srbiju\/prirodne-lepote\/#breadcrumb"},"inLanguage":"srpski","potentialAction":[{"@type":"ReadAction","target":["https:\/\/serbia.com\/srpski\/posetite-srbiju\/prirodne-lepote\/"]}]},{"@type":"ImageObject","inLanguage":"srpski","@id":"https:\/\/serbia.com\/srpski\/posetite-srbiju\/prirodne-lepote\/#primaryimage","url":"https:\/\/serbia.com\/wp-content\/uploads\/2015\/06\/uvac4444.jpg","contentUrl":"https:\/\/serbia.com\/wp-content\/uploads\/2015\/06\/uvac4444.jpg","width":1600,"height":430},{"@type":"BreadcrumbList","@id":"https:\/\/serbia.com\/srpski\/posetite-srbiju\/prirodne-lepote\/#breadcrumb","itemListElement":[{"@type":"ListItem","position":1,"name":"Home","item":"https:\/\/serbia.com\/srpski\/"},{"@type":"ListItem","position":2,"name":"Poseti Srbiju","item":"https:\/\/serbia.com\/srpski\/posetite-srbiju\/"},{"@type":"ListItem","position":3,"name":"Prirodne lepote"}]},{"@type":"WebSite","@id":"https:\/\/serbia.com\/#website","url":"https:\/\/serbia.com\/","name":"Serbia.com","description":"Your Gateway to Serbia","potentialAction":[{"@type":"SearchAction","target":{"@type":"EntryPoint","urlTemplate":"https:\/\/serbia.com\/?s={search_term_string}"},"query-input":{"@type":"PropertyValueSpecification","valueRequired":true,"valueName":"search_term_string"}}],"inLanguage":"srpski"}]}},"_links":{"self":[{"href":"https:\/\/serbia.com\/srpski\/wp-json\/wp\/v2\/pages\/20459"}],"collection":[{"href":"https:\/\/serbia.com\/srpski\/wp-json\/wp\/v2\/pages"}],"about":[{"href":"https:\/\/serbia.com\/srpski\/wp-json\/wp\/v2\/types\/page"}],"author":[{"embeddable":true,"href":"https:\/\/serbia.com\/srpski\/wp-json\/wp\/v2\/users\/9"}],"replies":[{"embeddable":true,"href":"https:\/\/serbia.com\/srpski\/wp-json\/wp\/v2\/comments?post=20459"}],"version-history":[{"count":0,"href":"https:\/\/serbia.com\/srpski\/wp-json\/wp\/v2\/pages\/20459\/revisions"}],"up":[{"embeddable":true,"href":"https:\/\/serbia.com\/srpski\/wp-json\/wp\/v2\/pages\/20391"}],"wp:featuredmedia":[{"embeddable":true,"href":"https:\/\/serbia.com\/srpski\/wp-json\/wp\/v2\/media\/33149"}],"wp:attachment":[{"href":"https:\/\/serbia.com\/srpski\/wp-json\/wp\/v2\/media?parent=20459"}],"wp:term":[{"taxonomy":"category","embeddable":true,"href":"https:\/\/serbia.com\/srpski\/wp-json\/wp\/v2\/categories?post=20459"},{"taxonomy":"post_tag","embeddable":true,"href":"https:\/\/serbia.com\/srpski\/wp-json\/wp\/v2\/tags?post=20459"}],"curies":[{"name":"wp","href":"https:\/\/api.w.org\/{rel}","templated":true}]}}