{"id":20449,"date":"2014-02-26T22:17:43","date_gmt":"2014-02-26T21:17:43","guid":{"rendered":"http:\/\/www.serbia.com\/?page_id=20449"},"modified":"2024-10-20T12:55:34","modified_gmt":"2024-10-20T10:55:34","slug":"kulturne-atrakcije","status":"publish","type":"page","link":"https:\/\/serbia.com\/srpski\/posetite-srbiju\/kulturne-atrakcije\/","title":{"rendered":"Kulturne atrakcije"},"content":{"rendered":"<p>Srbija je dr\u017eava \u010dije je kulturno nasle\u0111e izuzetno bogato i obuhvata ostatke civilizacija starih desetinama vekova i veliki broj duhovnih tvorevina. U njihovu jedinstvenost i lepotu lako je zaljubiti se, pa garantujemo da ni vas ne\u0107e ostaviti ravnodu\u0161ne.<\/p>\n<p><a title=\"Kultura\" href=\"http:\/\/www.serbia.com\/srpski\/o-srbiji\/kultura\/\">Kultura<\/a> je oduvek bila va\u017ean deo identiteta Srbije. Narod \u010diji sa\u010duvani spomenici vode poreklo iz davne pro\u0161losti i koji je pismo imao jo\u0161 u 9. veku, ostavio je iza sebe brojne duhovne tvorevine i bogato kulturno nasle\u0111e. U ovo se mo\u017eete uveriti gde god da se u Srbiji nalazite, jer istorija pro\u017eima svaki kutak ove zemlje \u2013 od najve\u0107eg grada do najmanjeg sela.<\/p>\n<p>Autenti\u010dne srednjevekovne <a title=\"Manastiri i crkve\" href=\"http:\/\/www.serbia.com\/srpski\/posetite-srbiju\/kulturne-atrakcije\/manastiri-i-crkve\/\" target=\"_blank\" rel=\"noopener\">crkve<\/a> i <a title=\"Manastiri i crkve\" href=\"http:\/\/www.serbia.com\/srpski\/posetite-srbiju\/kulturne-atrakcije\/manastiri-i-crkve\/\" target=\"_blank\" rel=\"noopener\">manastiri<\/a> teritoriji Srbije, od kojih su mnogi pod <a href=\"http:\/\/www.serbia.com\/srpski\/srpski-spomenici-pod-zastitom-unesco\/\" target=\"_blank\" rel=\"noopener\">za\u0161titom organizacije UNESCO<\/a>, ostavi\u0107e na vas sna\u017ean utisak. U njihovim zdanjima se nalaze neki od najstarijih i najlep\u0161ih tragova srpskog slikarstva i arhitekture \u2013 <a title=\"Freske \u2013 slikarstvo bez premca\" href=\"http:\/\/www.serbia.com\/srpski\/freske-slikarstvo-bez-premca-2\/\">freske<\/a> koje, osim \u017eivota svetaca, ispisuju i svojevrsna <a title=\"Istorija\" href=\"http:\/\/www.serbia.com\/srpski\/o-srbiji\/istorija\/\">istoriju<\/a> ovih prostora.<\/p>\n<p>Od tragova naroda koji su \u017eiveli na ovim prostorima pre 40.000 godina, preko bogatog rimskog nasle\u0111a, srednjovekovnih <a title=\"Dvorci i tvr\u0111ave\" href=\"http:\/\/www.serbia.com\/srpski\/posetite-srbiju\/kulturne-atrakcije\/dvorci-i-tvrdave\/\" target=\"_blank\" rel=\"noopener\">tvr\u0111ava<\/a> i <a title=\"Dvorci i tvr\u0111ave\" href=\"http:\/\/www.serbia.com\/srpski\/posetite-srbiju\/kulturne-atrakcije\/dvorci-i-tvrdave\/\" target=\"_blank\" rel=\"noopener\">zamkova<\/a>, do kulturnih atrakcija novijeg doba, u Srbiji \u0107e vam mnogo toga oduzeti dah i podsta\u0107i na dalje istra\u017eivanje.<\/p>\n<p>Na\u0161e preporuke o kulturnim atrakcijama koje bi trebalo da posetite u Srbiji mo\u017eete prona\u0107i u pri\u010dama koje smo pisali samo za vas. Pozivamo vas da do\u0111ete i otkrijete zbog \u010dega su spomenici kulture Srbije ne\u0161to \u0161to se pamti \u010ditavog \u017eivota.<\/p>\n","protected":false},"excerpt":{"rendered":"<p>Srbija je dr\u017eava \u010dije je kulturno nasle\u0111e izuzetno bogato i obuhvata ostatke civilizacija starih desetinama vekova i veliki broj duhovnih tvorevina. U njihovu jedinstvenost i lepotu lako je zaljubiti se, [&hellip;]<\/p>\n","protected":false},"author":9,"featured_media":52497,"parent":20391,"menu_order":0,"comment_status":"closed","ping_status":"open","template":"","meta":{"_acf_changed":false,"inline_featured_image":false,"_monsterinsights_skip_tracking":false,"_monsterinsights_sitenote_active":false,"_monsterinsights_sitenote_note":"","_monsterinsights_sitenote_category":0,"footnotes":""},"categories":[975,1662],"tags":[],"class_list":["post-20449","page","type-page","status-publish","has-post-thumbnail","hentry","category-kultura-otkrijte-srbiju","category-kulturne-atrakcije-sta-posetiti"],"acf":[],"yoast_head":"<!-- This site is optimized with the Yoast SEO plugin v27.4 - https:\/\/yoast.com\/product\/yoast-seo-wordpress\/ -->\n<title>Kulturne atrakcije - Serbia.com<\/title>\n<meta name=\"robots\" content=\"index, follow, max-snippet:-1, max-image-preview:large, max-video-preview:-1\" \/>\n<link rel=\"canonical\" href=\"https:\/\/serbia.com\/srpski\/posetite-srbiju\/kulturne-atrakcije\/\" \/>\n<meta property=\"og:locale\" content=\"en_US\" \/>\n<meta property=\"og:type\" content=\"article\" \/>\n<meta property=\"og:title\" content=\"Kulturne atrakcije - Serbia.com\" \/>\n<meta property=\"og:description\" content=\"Srbija je dr\u017eava \u010dije je kulturno nasle\u0111e izuzetno bogato i obuhvata ostatke civilizacija starih desetinama vekova i veliki broj duhovnih tvorevina. U njihovu jedinstvenost i lepotu lako je zaljubiti se, [&hellip;]\" \/>\n<meta property=\"og:url\" content=\"https:\/\/serbia.com\/srpski\/posetite-srbiju\/kulturne-atrakcije\/\" \/>\n<meta property=\"og:site_name\" content=\"Serbia.com\" \/>\n<meta property=\"article:modified_time\" content=\"2024-10-20T10:55:34+00:00\" \/>\n<meta property=\"og:image\" content=\"https:\/\/serbia.com\/wp-content\/uploads\/2024\/05\/pexels-lazarkrstic-9833566-1-scaled.jpg\" \/>\n\t<meta property=\"og:image:width\" content=\"2560\" \/>\n\t<meta property=\"og:image:height\" content=\"1440\" \/>\n\t<meta property=\"og:image:type\" content=\"image\/jpeg\" \/>\n<meta name=\"twitter:label1\" content=\"Est. reading time\" \/>\n\t<meta name=\"twitter:data1\" content=\"2 minutes\" \/>\n<script type=\"application\/ld+json\" class=\"yoast-schema-graph\">{\"@context\":\"https:\\\/\\\/schema.org\",\"@graph\":[{\"@type\":\"WebPage\",\"@id\":\"https:\\\/\\\/serbia.com\\\/srpski\\\/posetite-srbiju\\\/kulturne-atrakcije\\\/\",\"url\":\"https:\\\/\\\/serbia.com\\\/srpski\\\/posetite-srbiju\\\/kulturne-atrakcije\\\/\",\"name\":\"Kulturne atrakcije - Serbia.com\",\"isPartOf\":{\"@id\":\"https:\\\/\\\/serbia.com\\\/#website\"},\"primaryImageOfPage\":{\"@id\":\"https:\\\/\\\/serbia.com\\\/srpski\\\/posetite-srbiju\\\/kulturne-atrakcije\\\/#primaryimage\"},\"image\":{\"@id\":\"https:\\\/\\\/serbia.com\\\/srpski\\\/posetite-srbiju\\\/kulturne-atrakcije\\\/#primaryimage\"},\"thumbnailUrl\":\"https:\\\/\\\/serbia.com\\\/wp-content\\\/uploads\\\/2024\\\/05\\\/pexels-lazarkrstic-9833566-1-scaled.jpg\",\"datePublished\":\"2014-02-26T21:17:43+00:00\",\"dateModified\":\"2024-10-20T10:55:34+00:00\",\"breadcrumb\":{\"@id\":\"https:\\\/\\\/serbia.com\\\/srpski\\\/posetite-srbiju\\\/kulturne-atrakcije\\\/#breadcrumb\"},\"inLanguage\":\"srpski\",\"potentialAction\":[{\"@type\":\"ReadAction\",\"target\":[\"https:\\\/\\\/serbia.com\\\/srpski\\\/posetite-srbiju\\\/kulturne-atrakcije\\\/\"]}]},{\"@type\":\"ImageObject\",\"inLanguage\":\"srpski\",\"@id\":\"https:\\\/\\\/serbia.com\\\/srpski\\\/posetite-srbiju\\\/kulturne-atrakcije\\\/#primaryimage\",\"url\":\"https:\\\/\\\/serbia.com\\\/wp-content\\\/uploads\\\/2024\\\/05\\\/pexels-lazarkrstic-9833566-1-scaled.jpg\",\"contentUrl\":\"https:\\\/\\\/serbia.com\\\/wp-content\\\/uploads\\\/2024\\\/05\\\/pexels-lazarkrstic-9833566-1-scaled.jpg\",\"width\":2560,\"height\":1440},{\"@type\":\"BreadcrumbList\",\"@id\":\"https:\\\/\\\/serbia.com\\\/srpski\\\/posetite-srbiju\\\/kulturne-atrakcije\\\/#breadcrumb\",\"itemListElement\":[{\"@type\":\"ListItem\",\"position\":1,\"name\":\"Home\",\"item\":\"https:\\\/\\\/serbia.com\\\/srpski\\\/srbija\\\/\"},{\"@type\":\"ListItem\",\"position\":2,\"name\":\"Poseti Srbiju\",\"item\":\"https:\\\/\\\/serbia.com\\\/srpski\\\/posetite-srbiju\\\/\"},{\"@type\":\"ListItem\",\"position\":3,\"name\":\"Kulturne atrakcije\"}]},{\"@type\":\"WebSite\",\"@id\":\"https:\\\/\\\/serbia.com\\\/#website\",\"url\":\"https:\\\/\\\/serbia.com\\\/\",\"name\":\"Serbia.com\",\"description\":\"Your Gateway to Serbia\",\"potentialAction\":[{\"@type\":\"SearchAction\",\"target\":{\"@type\":\"EntryPoint\",\"urlTemplate\":\"https:\\\/\\\/serbia.com\\\/?s={search_term_string}\"},\"query-input\":{\"@type\":\"PropertyValueSpecification\",\"valueRequired\":true,\"valueName\":\"search_term_string\"}}],\"inLanguage\":\"srpski\"}]}<\/script>\n<!-- \/ Yoast SEO plugin. -->","yoast_head_json":{"title":"Kulturne atrakcije - Serbia.com","robots":{"index":"index","follow":"follow","max-snippet":"max-snippet:-1","max-image-preview":"max-image-preview:large","max-video-preview":"max-video-preview:-1"},"canonical":"https:\/\/serbia.com\/srpski\/posetite-srbiju\/kulturne-atrakcije\/","og_locale":"en_US","og_type":"article","og_title":"Kulturne atrakcije - Serbia.com","og_description":"Srbija je dr\u017eava \u010dije je kulturno nasle\u0111e izuzetno bogato i obuhvata ostatke civilizacija starih desetinama vekova i veliki broj duhovnih tvorevina. U njihovu jedinstvenost i lepotu lako je zaljubiti se, [&hellip;]","og_url":"https:\/\/serbia.com\/srpski\/posetite-srbiju\/kulturne-atrakcije\/","og_site_name":"Serbia.com","article_modified_time":"2024-10-20T10:55:34+00:00","og_image":[{"width":2560,"height":1440,"url":"https:\/\/serbia.com\/wp-content\/uploads\/2024\/05\/pexels-lazarkrstic-9833566-1-scaled.jpg","type":"image\/jpeg"}],"twitter_misc":{"Est. reading time":"2 minutes"},"schema":{"@context":"https:\/\/schema.org","@graph":[{"@type":"WebPage","@id":"https:\/\/serbia.com\/srpski\/posetite-srbiju\/kulturne-atrakcije\/","url":"https:\/\/serbia.com\/srpski\/posetite-srbiju\/kulturne-atrakcije\/","name":"Kulturne atrakcije - Serbia.com","isPartOf":{"@id":"https:\/\/serbia.com\/#website"},"primaryImageOfPage":{"@id":"https:\/\/serbia.com\/srpski\/posetite-srbiju\/kulturne-atrakcije\/#primaryimage"},"image":{"@id":"https:\/\/serbia.com\/srpski\/posetite-srbiju\/kulturne-atrakcije\/#primaryimage"},"thumbnailUrl":"https:\/\/serbia.com\/wp-content\/uploads\/2024\/05\/pexels-lazarkrstic-9833566-1-scaled.jpg","datePublished":"2014-02-26T21:17:43+00:00","dateModified":"2024-10-20T10:55:34+00:00","breadcrumb":{"@id":"https:\/\/serbia.com\/srpski\/posetite-srbiju\/kulturne-atrakcije\/#breadcrumb"},"inLanguage":"srpski","potentialAction":[{"@type":"ReadAction","target":["https:\/\/serbia.com\/srpski\/posetite-srbiju\/kulturne-atrakcije\/"]}]},{"@type":"ImageObject","inLanguage":"srpski","@id":"https:\/\/serbia.com\/srpski\/posetite-srbiju\/kulturne-atrakcije\/#primaryimage","url":"https:\/\/serbia.com\/wp-content\/uploads\/2024\/05\/pexels-lazarkrstic-9833566-1-scaled.jpg","contentUrl":"https:\/\/serbia.com\/wp-content\/uploads\/2024\/05\/pexels-lazarkrstic-9833566-1-scaled.jpg","width":2560,"height":1440},{"@type":"BreadcrumbList","@id":"https:\/\/serbia.com\/srpski\/posetite-srbiju\/kulturne-atrakcije\/#breadcrumb","itemListElement":[{"@type":"ListItem","position":1,"name":"Home","item":"https:\/\/serbia.com\/srpski\/srbija\/"},{"@type":"ListItem","position":2,"name":"Poseti Srbiju","item":"https:\/\/serbia.com\/srpski\/posetite-srbiju\/"},{"@type":"ListItem","position":3,"name":"Kulturne atrakcije"}]},{"@type":"WebSite","@id":"https:\/\/serbia.com\/#website","url":"https:\/\/serbia.com\/","name":"Serbia.com","description":"Your Gateway to Serbia","potentialAction":[{"@type":"SearchAction","target":{"@type":"EntryPoint","urlTemplate":"https:\/\/serbia.com\/?s={search_term_string}"},"query-input":{"@type":"PropertyValueSpecification","valueRequired":true,"valueName":"search_term_string"}}],"inLanguage":"srpski"}]}},"brizy_media":[],"_links":{"self":[{"href":"https:\/\/serbia.com\/srpski\/wp-json\/wp\/v2\/pages\/20449","targetHints":{"allow":["GET"]}}],"collection":[{"href":"https:\/\/serbia.com\/srpski\/wp-json\/wp\/v2\/pages"}],"about":[{"href":"https:\/\/serbia.com\/srpski\/wp-json\/wp\/v2\/types\/page"}],"author":[{"embeddable":true,"href":"https:\/\/serbia.com\/srpski\/wp-json\/wp\/v2\/users\/9"}],"replies":[{"embeddable":true,"href":"https:\/\/serbia.com\/srpski\/wp-json\/wp\/v2\/comments?post=20449"}],"version-history":[{"count":1,"href":"https:\/\/serbia.com\/srpski\/wp-json\/wp\/v2\/pages\/20449\/revisions"}],"predecessor-version":[{"id":55662,"href":"https:\/\/serbia.com\/srpski\/wp-json\/wp\/v2\/pages\/20449\/revisions\/55662"}],"up":[{"embeddable":true,"href":"https:\/\/serbia.com\/srpski\/wp-json\/wp\/v2\/pages\/20391"}],"wp:featuredmedia":[{"embeddable":true,"href":"https:\/\/serbia.com\/srpski\/wp-json\/wp\/v2\/media\/52497"}],"wp:attachment":[{"href":"https:\/\/serbia.com\/srpski\/wp-json\/wp\/v2\/media?parent=20449"}],"wp:term":[{"taxonomy":"category","embeddable":true,"href":"https:\/\/serbia.com\/srpski\/wp-json\/wp\/v2\/categories?post=20449"},{"taxonomy":"post_tag","embeddable":true,"href":"https:\/\/serbia.com\/srpski\/wp-json\/wp\/v2\/tags?post=20449"}],"curies":[{"name":"wp","href":"https:\/\/api.w.org\/{rel}","templated":true}]}}