{"id":20447,"date":"2014-02-26T22:15:15","date_gmt":"2014-02-26T21:15:15","guid":{"rendered":"http:\/\/www.serbia.com\/?page_id=20447"},"modified":"2024-10-20T13:52:55","modified_gmt":"2024-10-20T11:52:55","slug":"subotica","status":"publish","type":"page","link":"https:\/\/serbia.com\/srpski\/posetite-srbiju\/gradovi\/subotica\/","title":{"rendered":"Subotica"},"content":{"rendered":"<p>Kulturni centar Vojvodine i jedan od najlep\u0161ih gradova u Srbiji, Subotica je u 16. veku bila i prestonica jednog gotovo bajkovitog carstva.<\/p>\n<p>Kroz svoju dugu <a title=\"Istorija\" href=\"http:\/\/www.serbia.com\/srpski\/o-srbiji\/istorija\/\">istoriju<\/a>, Subotica je \u010desto menjala vladare, dr\u017eave i nazive. Promenila je preko 200 imena \u2013 zvala se i Zabadka, i Szent Maria, i Maria Tereziopolis\u2026 Njom su vladali i Ugari i Turci i Srbi, bila je i u Hazbur\u0161koj i Otomanskoj imperiji, zatim u Jugoslaviji, a postala je i prestonica jednog skoro bajkovitog carstva.<\/p>\n<p>Sav taj put vodio je do dana\u0161nje Srbije u kome je Subotica najseverniji grad. Ipak, ono \u0161to je svih prethodnih vekova ostajalo isto jeste da je Subotica uvek bila grad koji vredi videti, dobro mesto za kra\u0107i ili du\u017ei odmor, dom srda\u010dnih i gostoljubivih ljudi raznih nacionalnosti koji Suboticu \u010dine tako \u0161armantnom i originalnom.<\/p>\n<p>Ljudi su na prostoru dana\u0161nje Subotice \u017eiveli od najdavnijih vremena, a u neposrednoj blizini grada otkriveni su tragovi naseobina starih vi\u0161e od 3.000 godina. Mnogo vekova kasnije, u spisima koje pamti istorija, Subotica se prvi put pominje 1391. pod ma\u0111arskim imenom Zabadka, a pretpostavlja se da od ovoga poti\u010de i dana\u0161nji ma\u0111arski naziv Subotice \u2013 \u201dSzabadka\u201d \u0161to zna\u010di \u201cdrago, slobodno mesto\u201d.<\/p>\n<p>I dok je na ovom jeziku Subotica \u201ddraga\u201d, na srpskom je re\u010d o \u201dmaloj suboti\u201d. Po jednoj druga\u010dijoj legendi, srpsko ime grad duguje Suboti Vrli\u0107u \u2013 jo\u0161 jednom poznatom Srbinu, vojskovo\u0111i i rizni\u010daru cara Jovana Nenada Crnog.<\/p>\n<p>Cara?!<\/p>\n<p>Da, dobro ste pro\u010ditali! Subotica nije samo veliki centar kulture Vojvodine. Ona nije samo prelep grad sa <a title=\"Pali\u0107, jezero napravljeno od suza\" href=\"http:\/\/www.serbia.com\/srpski\/posetite-srbiju\/prirodne-lepote\/reke-i-jezera\/palic-jezero-napravljeno-od-suza\/\" target=\"_blank\" rel=\"noopener\">Pali\u0107em<\/a>, jednim od najlep\u0161ih jezera u Srbiji, niti je samo dom Festivala evropskog filma, InterEtno festivala ni Berbanskih dana \u2026<\/p>\n<p>Kao da pri\u010da o Subotici nije bila dovoljno zanimljiva, njenu istoriju stigao je da pi\u0161e i jedan car, i jedno skoro bajkovito carstvo u kome je ona bila prestonica. Car se zvao Jovan Nenad, a nadimak Crni dobio je po crnoj liniji koja mu se pru\u017eala od slepoo\u010dnice do pete.<\/p>\n<p>Ovaj potpuno misteriozni lik pojavio se posle poraza Ugara na Moha\u010du po\u010detkom 16. veka, kada je uspeo da od Turaka otme delove Ba\u010dke, Srema i <a title=\"Uzbudljiva vo\u017enja kroz prelepi Banat\" href=\"http:\/\/www.serbia.com\/srpski\/uzbudljiva-voznja-kroz-prelepi-banat\/\">Banata<\/a> i tu osnuje svoju dr\u017eavu koju je ubrzo proglasio carstvom, sebe carem, a Suboticu prestonicom tog carstva.<\/p>\n<p>Ipak, ovo carstvo nije bilo dugog veka \u2026 pregazile su ga ve\u0107e sile i, i ono i Nenad Crni, su uskoro nestali. Ali Subotica je ostala \u2026 i na njenom glavnom trgu spomenik njenom caru, za sve koji ne veruju u ovu pri\u010du.<\/p>\n<p>Jedan od najlep\u0161ih gradova Vojvodine nalazi se na samo 10 kilometara od granice Srbije sa Ma\u0111arskom. Polo\u017eaj Subotice, na putu izme\u0111u Evrope i Azije, i na granici dve velike imperije \u2013 Austro-ugarske i Otomanske, kroz istoriju je mnogome obele\u017eilo ovaj grad.<\/p>\n<p>Od davnina u njemu su se nastanjivali ljudi najrazli\u010ditijih nacionalnosti i veroispovesti, pa ovde i danas \u017eivi vi\u0161e od 20 nacionalnih manjina.<\/p>\n<p>Ovo je dom za oko 150.000 stanovnika, a sva ta raznolikost Suboticu je pretvorila u pravi muzej kultura i veroispovesti \u2013 ovde se nalazi jedna od tri aktivne sinagoge u Srbiji, protestantska crkva, mnogobrojni rimokatoli\u010dki i pravoslavni verski objekti, kao i novoizgra\u0111ena d\u017eamija.<\/p>\n<p>Svi ovi hramovi ujedno su i tragovi bogate kulture na ovim prostorima, a blizina prelepog Pali\u0107kog jezera omogu\u0107ava da posetioci Subotice u\u017eivaju u odmoru koji spaja kulturne i prirodne lepote kraja.<\/p>\n<h4>Gde se nalazi Subotica i kako do nje sti\u0107i?<\/h4>\n<p>Subotica je udaljena od <a title=\"Beograd\" href=\"http:\/\/www.serbia.com\/srpski\/posetite-srbiju\/gradovi\/beograd\/\" target=\"_blank\" rel=\"noopener\">Beograda<\/a> 180 km, od Budimpe\u0161te oko 200 km, a od Temi\u0161vara oko 240 km.<\/p>\n<p>Ona se nalazi na oko 2.5 sata vo\u017enje autoputem od beogradskog me\u0111unarodnog aerodroma, i na pribli\u017eno istom rastojanju je od budimpe\u0161tanskog i temi\u0161varskog aerodroma.<\/p>\n<p>Do Subotice se mo\u017ee lako do\u0107i automobilom ili autobusom iz Beograda ili Budimpe\u0161te jer me\u0111unarodni put E-75 obezbe\u0111uje odli\u010dan pristup gradu. Redovne autobuske linije pru\u017eaju veze sa celom Srbijom i ve\u0107inom evropskih zemalja.<\/p>\n<p>Subotica je povezana sa ostatkom Evrope \u017eeleznicom, svakodnevnim me\u0111unarodnim polascima i dolascima.<\/p>\n<h4>Kada ste ve\u0107 ovde, ne propustite\u2026<\/h4>\n<p>Da sede\u0107i u nekom kafi\u0107u, u\u017eivate u pogledu na bajkovitu arhitekturu Subotice.<\/p>\n<p>Poku\u0161ate da prepoznate elemente kulture svih nacionalnosti koje \u017eive u Subotici i osetite harmoniju njihovog jedinstva.<\/p>\n<p>Ako se u maju na\u0111ete u ovde, po\u010detkom meseca ne bi trebalo da propustite Trenchtown \u2013 festival alternativne muzike i kulture na pali\u0107kom Etno kampu, a u drugoj polovini meseca \u2013 Pali\u0107ke vinske sve\u010danosti.<\/p>\n<p>Pored Pali\u0107kog, obi\u0111ite i jezero Luda\u0161, za\u0161ti\u0107eno prirodno podru\u010dje.<\/p>\n<p>U\u017eivajte u dobrim vinima, jer se nalazite na jednom od devet vinskih puteva Srbije \u2013 <a title=\"Vinski put Pali\u0107\" href=\"http:\/\/www.serbia.com\/srpski\/posetite-srbiju\/provedi-se\/vinski-putevi\/vinski-put-palic\/\" target=\"_blank\" rel=\"noopener\">Vinskom putu Pali\u0107<\/a>.<\/p>\n<p><strong>Ukoliko \u017eelite da obi\u0111ete Suboticu i vinariju Zvonko Bogdan, to mo\u017eete u\u010diniti <a href=\"https:\/\/serbia.com\/tour\/subotica-zvonko-bogdan-winery\/\">OVDE<\/a>.<\/strong><\/p>\n","protected":false},"excerpt":{"rendered":"<p>Kulturni centar Vojvodine i jedan od najlep\u0161ih gradova u Srbiji, Subotica je u 16. veku bila i prestonica jednog gotovo bajkovitog carstva. Kroz svoju dugu istoriju, Subotica je \u010desto menjala [&hellip;]<\/p>\n","protected":false},"author":9,"featured_media":51950,"parent":20433,"menu_order":0,"comment_status":"closed","ping_status":"open","template":"","meta":{"_acf_changed":false,"inline_featured_image":false,"_monsterinsights_skip_tracking":false,"_monsterinsights_sitenote_active":false,"_monsterinsights_sitenote_note":"","_monsterinsights_sitenote_category":0,"footnotes":""},"categories":[1672],"tags":[],"class_list":["post-20447","page","type-page","status-publish","has-post-thumbnail","hentry","category-gradovi"],"acf":[],"yoast_head":"<!-- This site is optimized with the Yoast SEO plugin v23.8 - https:\/\/yoast.com\/wordpress\/plugins\/seo\/ -->\n<title>Subotica - Serbia.com<\/title>\n<meta name=\"robots\" content=\"index, follow, max-snippet:-1, max-image-preview:large, max-video-preview:-1\" \/>\n<link rel=\"canonical\" href=\"https:\/\/serbia.com\/srpski\/posetite-srbiju\/gradovi\/subotica\/\" \/>\n<meta property=\"og:locale\" content=\"en_US\" \/>\n<meta property=\"og:type\" content=\"article\" \/>\n<meta property=\"og:title\" content=\"Subotica - Serbia.com\" \/>\n<meta property=\"og:description\" content=\"Kulturni centar Vojvodine i jedan od najlep\u0161ih gradova u Srbiji, Subotica je u 16. veku bila i prestonica jednog gotovo bajkovitog carstva. Kroz svoju dugu istoriju, Subotica je \u010desto menjala [&hellip;]\" \/>\n<meta property=\"og:url\" content=\"https:\/\/serbia.com\/srpski\/posetite-srbiju\/gradovi\/subotica\/\" \/>\n<meta property=\"og:site_name\" content=\"Serbia.com\" \/>\n<meta property=\"article:modified_time\" content=\"2024-10-20T11:52:55+00:00\" \/>\n<meta property=\"og:image\" content=\"https:\/\/serbia.com\/wp-content\/uploads\/2016\/09\/Raichle-Palace-Subotica-Serbia_CS-20ae61299194.jpg\" \/>\n\t<meta property=\"og:image:width\" content=\"1470\" \/>\n\t<meta property=\"og:image:height\" content=\"1103\" \/>\n\t<meta property=\"og:image:type\" content=\"image\/jpeg\" \/>\n<meta name=\"twitter:label1\" content=\"Est. reading time\" \/>\n\t<meta name=\"twitter:data1\" content=\"4 minutes\" \/>\n<script type=\"application\/ld+json\" class=\"yoast-schema-graph\">{\"@context\":\"https:\/\/schema.org\",\"@graph\":[{\"@type\":\"WebPage\",\"@id\":\"https:\/\/serbia.com\/srpski\/posetite-srbiju\/gradovi\/subotica\/\",\"url\":\"https:\/\/serbia.com\/srpski\/posetite-srbiju\/gradovi\/subotica\/\",\"name\":\"Subotica - Serbia.com\",\"isPartOf\":{\"@id\":\"https:\/\/serbia.com\/#website\"},\"primaryImageOfPage\":{\"@id\":\"https:\/\/serbia.com\/srpski\/posetite-srbiju\/gradovi\/subotica\/#primaryimage\"},\"image\":{\"@id\":\"https:\/\/serbia.com\/srpski\/posetite-srbiju\/gradovi\/subotica\/#primaryimage\"},\"thumbnailUrl\":\"https:\/\/serbia.com\/wp-content\/uploads\/2016\/09\/Raichle-Palace-Subotica-Serbia_CS-20ae61299194.jpg\",\"datePublished\":\"2014-02-26T21:15:15+00:00\",\"dateModified\":\"2024-10-20T11:52:55+00:00\",\"breadcrumb\":{\"@id\":\"https:\/\/serbia.com\/srpski\/posetite-srbiju\/gradovi\/subotica\/#breadcrumb\"},\"inLanguage\":\"srpski\",\"potentialAction\":[{\"@type\":\"ReadAction\",\"target\":[\"https:\/\/serbia.com\/srpski\/posetite-srbiju\/gradovi\/subotica\/\"]}]},{\"@type\":\"ImageObject\",\"inLanguage\":\"srpski\",\"@id\":\"https:\/\/serbia.com\/srpski\/posetite-srbiju\/gradovi\/subotica\/#primaryimage\",\"url\":\"https:\/\/serbia.com\/wp-content\/uploads\/2016\/09\/Raichle-Palace-Subotica-Serbia_CS-20ae61299194.jpg\",\"contentUrl\":\"https:\/\/serbia.com\/wp-content\/uploads\/2016\/09\/Raichle-Palace-Subotica-Serbia_CS-20ae61299194.jpg\",\"width\":1470,\"height\":1103,\"caption\":\"Subotica\"},{\"@type\":\"BreadcrumbList\",\"@id\":\"https:\/\/serbia.com\/srpski\/posetite-srbiju\/gradovi\/subotica\/#breadcrumb\",\"itemListElement\":[{\"@type\":\"ListItem\",\"position\":1,\"name\":\"Home\",\"item\":\"https:\/\/serbia.com\/srpski\/\"},{\"@type\":\"ListItem\",\"position\":2,\"name\":\"Poseti Srbiju\",\"item\":\"https:\/\/serbia.com\/srpski\/posetite-srbiju\/\"},{\"@type\":\"ListItem\",\"position\":3,\"name\":\"Gradovi\",\"item\":\"https:\/\/serbia.com\/srpski\/posetite-srbiju\/gradovi\/\"},{\"@type\":\"ListItem\",\"position\":4,\"name\":\"Subotica\"}]},{\"@type\":\"WebSite\",\"@id\":\"https:\/\/serbia.com\/#website\",\"url\":\"https:\/\/serbia.com\/\",\"name\":\"Serbia.com\",\"description\":\"Your Gateway to Serbia\",\"potentialAction\":[{\"@type\":\"SearchAction\",\"target\":{\"@type\":\"EntryPoint\",\"urlTemplate\":\"https:\/\/serbia.com\/?s={search_term_string}\"},\"query-input\":{\"@type\":\"PropertyValueSpecification\",\"valueRequired\":true,\"valueName\":\"search_term_string\"}}],\"inLanguage\":\"srpski\"}]}<\/script>\n<!-- \/ Yoast SEO plugin. -->","yoast_head_json":{"title":"Subotica - Serbia.com","robots":{"index":"index","follow":"follow","max-snippet":"max-snippet:-1","max-image-preview":"max-image-preview:large","max-video-preview":"max-video-preview:-1"},"canonical":"https:\/\/serbia.com\/srpski\/posetite-srbiju\/gradovi\/subotica\/","og_locale":"en_US","og_type":"article","og_title":"Subotica - Serbia.com","og_description":"Kulturni centar Vojvodine i jedan od najlep\u0161ih gradova u Srbiji, Subotica je u 16. veku bila i prestonica jednog gotovo bajkovitog carstva. Kroz svoju dugu istoriju, Subotica je \u010desto menjala [&hellip;]","og_url":"https:\/\/serbia.com\/srpski\/posetite-srbiju\/gradovi\/subotica\/","og_site_name":"Serbia.com","article_modified_time":"2024-10-20T11:52:55+00:00","og_image":[{"width":1470,"height":1103,"url":"https:\/\/serbia.com\/wp-content\/uploads\/2016\/09\/Raichle-Palace-Subotica-Serbia_CS-20ae61299194.jpg","type":"image\/jpeg"}],"twitter_misc":{"Est. reading time":"4 minutes"},"schema":{"@context":"https:\/\/schema.org","@graph":[{"@type":"WebPage","@id":"https:\/\/serbia.com\/srpski\/posetite-srbiju\/gradovi\/subotica\/","url":"https:\/\/serbia.com\/srpski\/posetite-srbiju\/gradovi\/subotica\/","name":"Subotica - Serbia.com","isPartOf":{"@id":"https:\/\/serbia.com\/#website"},"primaryImageOfPage":{"@id":"https:\/\/serbia.com\/srpski\/posetite-srbiju\/gradovi\/subotica\/#primaryimage"},"image":{"@id":"https:\/\/serbia.com\/srpski\/posetite-srbiju\/gradovi\/subotica\/#primaryimage"},"thumbnailUrl":"https:\/\/serbia.com\/wp-content\/uploads\/2016\/09\/Raichle-Palace-Subotica-Serbia_CS-20ae61299194.jpg","datePublished":"2014-02-26T21:15:15+00:00","dateModified":"2024-10-20T11:52:55+00:00","breadcrumb":{"@id":"https:\/\/serbia.com\/srpski\/posetite-srbiju\/gradovi\/subotica\/#breadcrumb"},"inLanguage":"srpski","potentialAction":[{"@type":"ReadAction","target":["https:\/\/serbia.com\/srpski\/posetite-srbiju\/gradovi\/subotica\/"]}]},{"@type":"ImageObject","inLanguage":"srpski","@id":"https:\/\/serbia.com\/srpski\/posetite-srbiju\/gradovi\/subotica\/#primaryimage","url":"https:\/\/serbia.com\/wp-content\/uploads\/2016\/09\/Raichle-Palace-Subotica-Serbia_CS-20ae61299194.jpg","contentUrl":"https:\/\/serbia.com\/wp-content\/uploads\/2016\/09\/Raichle-Palace-Subotica-Serbia_CS-20ae61299194.jpg","width":1470,"height":1103,"caption":"Subotica"},{"@type":"BreadcrumbList","@id":"https:\/\/serbia.com\/srpski\/posetite-srbiju\/gradovi\/subotica\/#breadcrumb","itemListElement":[{"@type":"ListItem","position":1,"name":"Home","item":"https:\/\/serbia.com\/srpski\/"},{"@type":"ListItem","position":2,"name":"Poseti Srbiju","item":"https:\/\/serbia.com\/srpski\/posetite-srbiju\/"},{"@type":"ListItem","position":3,"name":"Gradovi","item":"https:\/\/serbia.com\/srpski\/posetite-srbiju\/gradovi\/"},{"@type":"ListItem","position":4,"name":"Subotica"}]},{"@type":"WebSite","@id":"https:\/\/serbia.com\/#website","url":"https:\/\/serbia.com\/","name":"Serbia.com","description":"Your Gateway to Serbia","potentialAction":[{"@type":"SearchAction","target":{"@type":"EntryPoint","urlTemplate":"https:\/\/serbia.com\/?s={search_term_string}"},"query-input":{"@type":"PropertyValueSpecification","valueRequired":true,"valueName":"search_term_string"}}],"inLanguage":"srpski"}]}},"_links":{"self":[{"href":"https:\/\/serbia.com\/srpski\/wp-json\/wp\/v2\/pages\/20447"}],"collection":[{"href":"https:\/\/serbia.com\/srpski\/wp-json\/wp\/v2\/pages"}],"about":[{"href":"https:\/\/serbia.com\/srpski\/wp-json\/wp\/v2\/types\/page"}],"author":[{"embeddable":true,"href":"https:\/\/serbia.com\/srpski\/wp-json\/wp\/v2\/users\/9"}],"replies":[{"embeddable":true,"href":"https:\/\/serbia.com\/srpski\/wp-json\/wp\/v2\/comments?post=20447"}],"version-history":[{"count":1,"href":"https:\/\/serbia.com\/srpski\/wp-json\/wp\/v2\/pages\/20447\/revisions"}],"predecessor-version":[{"id":55692,"href":"https:\/\/serbia.com\/srpski\/wp-json\/wp\/v2\/pages\/20447\/revisions\/55692"}],"up":[{"embeddable":true,"href":"https:\/\/serbia.com\/srpski\/wp-json\/wp\/v2\/pages\/20433"}],"wp:featuredmedia":[{"embeddable":true,"href":"https:\/\/serbia.com\/srpski\/wp-json\/wp\/v2\/media\/51950"}],"wp:attachment":[{"href":"https:\/\/serbia.com\/srpski\/wp-json\/wp\/v2\/media?parent=20447"}],"wp:term":[{"taxonomy":"category","embeddable":true,"href":"https:\/\/serbia.com\/srpski\/wp-json\/wp\/v2\/categories?post=20447"},{"taxonomy":"post_tag","embeddable":true,"href":"https:\/\/serbia.com\/srpski\/wp-json\/wp\/v2\/tags?post=20447"}],"curies":[{"name":"wp","href":"https:\/\/api.w.org\/{rel}","templated":true}]}}