{"id":20444,"date":"2014-02-26T22:12:17","date_gmt":"2014-02-26T21:12:17","guid":{"rendered":"http:\/\/www.serbia.com\/?page_id=20444"},"modified":"2025-10-09T09:42:28","modified_gmt":"2025-10-09T07:42:28","slug":"novi-sad","status":"publish","type":"page","link":"https:\/\/serbia.com\/srpski\/posetite-srbiju\/gradovi\/novi-sad\/","title":{"rendered":"Novi Sad"},"content":{"rendered":"<p>Novi Sad je dom <a title=\"EXIT festival progla\u0161en za najbolji evropski festival\" href=\"http:\/\/www.serbia.com\/srpski\/posetite-srbiju\/kulturne-atrakcije\/festivali-i-manifestacije\/exit-festival-najbolji-u-regionu\/\" target=\"_blank\" rel=\"noopener\">EXIT<\/a>-a, jednog od najboljih muzi\u010dkih festivala u Evropi koji se odr\u017eava ve\u0107 vi\u0161e od decenije i okuplja najbolje muzi\u010dare iz celog sveta.<\/p>\n<p>Novi Sad je grad mladih, grad muzike, dobrog provoda i no\u0107nog \u017eivota. Ovo je dom EXIT-a, jednog od najboljih muzi\u010dkih festivala u Evropi koji se ovde odr\u017eava ve\u0107 vi\u0161e od decenije i okuplja najbolje muzi\u010dare iz celog sveta. Ipak, Novi Sad ima da ponudi vi\u0161e \u2026 ovo je grad otvorenih vrata, srda\u010dnih ljudi, tolerancije i beskrajne kulturne \u0161arolikosti.<\/p>\n<p>O osnivanju ovog grada postoje mnoge legende. Na ovom podru\u010dju od praistorije su \u017eiveli razni narodi. <a title=\"Petrovaradinska tvr\u0111ava, Gibraltar na Dunavu\" href=\"http:\/\/www.serbia.com\/srpski\/posetite-srbiju\/kulturne-atrakcije\/dvorci-i-tvrdave\/petrovaradinska-tvrdava-gibraltar-na-dunavu\/\" target=\"_blank\" rel=\"noopener\">Petrovaradinska tvr\u0111ava<\/a> koja je simbol grada, datira iz srednjeg veka, ali su je u obliku koji danas postoji sagradili Austrougari koji su dugo vladali ovim prostorima.<\/p>\n<p>Jedna od legendi ka\u017ee da su upravo zanatlije i trgovci koji su slu\u017ebovali u tvr\u0111avi, a kojima je bilo zabranjeno da se u njoj nastanjuju, podigli naselje koje \u0107e u vekovima koji slede postati jedan od najlep\u0161ih gradova u ovom delu Evrope \u2013 Novi Sad ili \u201csrpska Atina\u201d kako ga zbog njegove izuzetne kulture i istorije jo\u0161 zovu. Po ovoj pri\u010di, grad je osnovalo ta\u010dno dvanaest vojnika, dvadeset pekara, mesara i drugih zanatlija.<\/p>\n<p>Dana\u0161nji Novi Sad je centar Autonome Pokrajine Vojvodine i dom je za oko 300 hiljada stanovnika razli\u010ditih nacionalnosti.<\/p>\n<p>Upravo ta kulturna, enti\u010dka, verska i svaka druga razli\u010ditost doprineli su da tolerancija i otvorenost za novo postanu glavne odlike ovog grada. Ovde ste uvek dobro do\u0161li, a srda\u010dni i gostoljubivi Novosa\u0111ani \u0107e se potruditi da vam svaki dan koji ovde provedete ostane u nezaboravnom se\u0107anju.<\/p>\n<p>Svakog leta, Petrovaradinska tvr\u0111ava je doma\u0107in EXIT-a, \u010duvenog muzi\u010dkog festivala. Tih dana \u010ditav grad igra u ritmu muzike najpoznatijih bendova koji sviraju na nekoliko bina postavljenim \u0161irom tvr\u0111ave. Svake godine, ovde do\u0111e da se zabavi i pre svega dobro provede, vi\u0161e od 150 000 mladih iz celog sveta. Samo je va\u0161 izbor, da li \u0107ete ve\u0107 slede\u0107e godine i vi biti jedan od njih!<\/p>\n<p>Grad le\u017ei na obali <a title=\"Dunav, mesto spajanja i razdvajanja\" href=\"http:\/\/www.serbia.com\/srpski\/posetite-srbiju\/prirodne-lepote\/reke-i-jezera\/dunav-mesto-spajanja-i-razdvajanja\/\" target=\"_blank\" rel=\"noopener\">Dunava<\/a>, pa pored njega prolaze i me\u0111unarodni turisti\u010dki brodovi. Naravno, pristajanje u novosadsku luku je obavezno, a onda morate posetiti i staro jezgro grada i u\u017eivati u obilasku velelepnih zdanja sa kraja XIX veka kada je Novi Sad bio centar kulturnog razvoja na ovim prostorima. Tu su i mnogobrojna, ni\u0161ta manje lepa i otmena, zdanja crkava razli\u010ditih veroispovesti.<\/p>\n<p>A kada sve ovo vidite, uputite se u neku od \u010duvenih novosadskih kafana i uz tradicionalno dobru vojvo\u0111ansku kuhinju i tambura\u0161e koji su ovde nezaobilazni, odmorite i u\u017eivajte do duboko u no\u0107!<\/p>\n<p>U neposrednoj blizini ovog lepog grada nalazi se i \u201csrpska Sveta Gora\u201d \u2013 planina <a title=\"Fru\u0161ka gora \u2013 nekada ostrvo, danas planina\" href=\"http:\/\/www.serbia.com\/srpski\/posetite-srbiju\/prirodne-lepote\/planine\/fruska-gora-nekada-ostrvo-danas-planina\/\" target=\"_blank\" rel=\"noopener\">Fru\u0161ka Gora<\/a> sa <a href=\"https:\/\/serbia.com\/srpski\/16-srednjovekovnih-dragulja-vodic-kroz-manastire-fruske-gore\/\">16 pravoslavnih manastira<\/a> od kojih najstariji poti\u010du iz XV veka. Osim u obilasku, ovde mo\u017eete u\u017eivati i u divnoj prirodi jer je planina ujedno i nacionalni park.<\/p>\n<p>A ako re\u0161ite da ovde provedete du\u017ee vreme, mo\u017eete se smestiti na neki od sala\u0161a na teritoriji Novog Sada \u2013 \u010ceneju, Veterniku, Bege\u010du i Ka\u0107kom ataru. Na ovim imanjima, ponosu panonskog kraja, mo\u0107i \u0107ete da se odmorite i opustite, u\u017eivaju\u0107i u obi\u010dajima ovih prostora i starom, tradicionalnom na\u010dinu \u017eivota.<\/p>\n<h4>Gde se nalazi Novi Sad i kako do njega sti\u0107i?<\/h4>\n<p>Novi Sad je u nepostrednoj blizini najzna\u010dajnijih putnih pravaca koji vode na sve \u010detiri strane Evrope. To su putni pravci E-75 iz severne i srednje, i E-70 iz zapadne Evrope, koji vode prema jugu i jugoistoku kontinetnta.<\/p>\n<p>Novom Sadu je najbli\u017ei aerodrom Nikola Tesla u <a title=\"Beograd\" href=\"http:\/\/www.serbia.com\/srpski\/posetite-srbiju\/gradovi\/beograd\/\" target=\"_blank\" rel=\"noopener\">Beogradu<\/a>, udaljen 80 km. Od aerodroma do Novog Sada mo\u017eete uzeti kombi prevoz.<\/p>\n<p>Autobuska stanica u Novom Sadu je me\u0111unarodna i me\u0111ugradska. Postoje polasci ka mnogim gradovima Evrope i svim delovima Srbije.<\/p>\n<p>Do Novog Sada se mo\u017ee do\u0107i i \u017eeleznicom. Me\u0111unarodne linije povezuju Novi Sad sa Budimpe\u0161tom, Be\u010dom i dalje prema severu i zapadu, odnosno jugu i jugoistoku Evrope i Bliskom istoku.<\/p>\n<p>Novi Sad se nalazi na Dunavu, pa postoji mogu\u0107nost dolaska brodom. Me\u0111utim, za sada je razvijen samo dolazak turista Dunavom na kruzerima.<\/p>\n<h4>Kada ste ovde, ne propustite\u2026<\/h4>\n<p>Da pro\u0161etate starim jezgrom grada, popijete kafu u nekoj od divnih ulica. Nezaobilazni su na ovom putu Trg slobode iz 18 veka, katoli\u010dka crkva Ime Marijino sagra\u0111ena u neogotskom stilu, dok \u0107e vas Zmaj Jovina ulica odvesti do Vladi\u010danskog dvora.<\/p>\n<p>Ne propustite \u0161etnju verovatno najstarijom ulicom u Novom Sadu \u2013 <a href=\"http:\/\/www.serbia.com\/srpski\/dunavska-ulica-sarmantna-novosadska-promenada\/\" target=\"_blank\" rel=\"noopener\">Dunavskom<\/a>, kao ni odmaranje u <strong>Dunavskom parku<\/strong>, najlep\u0161em novosadskom parku.<\/p>\n<p>Ako se na\u0111ete u Novom Sadu u letnjem periodu, osve\u017eite se na <a href=\"https:\/\/serbia.com\/srpski\/strand-u-novom-sadu-srce-letnjeg-provoda-na-dunavu\/\"><strong>\u0160trandu<\/strong><\/a> \u2013 jednoj od najlep\u0161ih pla\u017ea na Dunavu.<\/p>\n<p>Posetite Petrovaradinsku tvr\u0111avu na desnoj obali Dunava, koja je nastala u vreme austrijskih vladara Leopolda I, Josifa I, Karla VI, Marije Terezije i Josifa II.<\/p>\n<p>Ako se na\u0111ete krajem septembra u ovom delu zemlje, krenite u centar <a title=\"Vinski put Fru\u0161ka gora\" href=\"http:\/\/www.serbia.com\/srpski\/posetite-srbiju\/provedi-se\/vinski-putevi\/vinski-put-fruska-gora\/\" target=\"_blank\" rel=\"noopener\">Vinskog puta Fru\u0161ke Gore<\/a> \u2013 <a title=\"Sremski Karlovci, grad vina, duhovnosti i kulture\" href=\"http:\/\/www.serbia.com\/srpski\/posetite-srbiju\/gradovi\/sremski-karlovci-grad-vina-duhovnosti-i-kulture\/\" target=\"_blank\" rel=\"noopener\">Sremske Karlovace<\/a> na tradicionale \u201cDane berbe gro\u0111a\u201d. Na ovom vinskom putu, ne propustite da probate <a title=\"Bermet, omiljeno vino evropskih dvorova\" href=\"http:\/\/www.serbia.com\/srpski\/bermet-omiljeno-vino-evropskih-dvorova-4\/\">bermet<\/a>, desertno vino ovog kraja, koje je bilo omiljeno na be\u010dkom dvoru.<\/p>\n<p><strong>Ukoliko \u017eelite da zaka\u017eete turu i obi\u0111ete Novi Sad, kliknite <a href=\"https:\/\/serbia.com\/tour\/novi-sad-fruska-gora-national-park\/\">OVDE<\/a>.<\/strong><\/p>\n","protected":false},"excerpt":{"rendered":"<p>Novi Sad je dom EXIT-a, jednog od najboljih muzi\u010dkih festivala u Evropi koji se odr\u017eava ve\u0107 vi\u0161e od decenije i okuplja najbolje muzi\u010dare iz celog sveta. Novi Sad je grad [&hellip;]<\/p>\n","protected":false},"author":9,"featured_media":29996,"parent":20433,"menu_order":0,"comment_status":"closed","ping_status":"open","template":"","meta":{"_acf_changed":false,"inline_featured_image":false,"_monsterinsights_skip_tracking":false,"_monsterinsights_sitenote_active":false,"_monsterinsights_sitenote_note":"","_monsterinsights_sitenote_category":0,"footnotes":""},"categories":[1672],"tags":[],"class_list":["post-20444","page","type-page","status-publish","has-post-thumbnail","hentry","category-gradovi"],"acf":[],"yoast_head":"<!-- This site is optimized with the Yoast SEO plugin v27.4 - https:\/\/yoast.com\/product\/yoast-seo-wordpress\/ -->\n<title>Novi Sad - Serbia.com<\/title>\n<meta name=\"robots\" content=\"index, follow, max-snippet:-1, max-image-preview:large, max-video-preview:-1\" \/>\n<link rel=\"canonical\" href=\"https:\/\/serbia.com\/srpski\/posetite-srbiju\/gradovi\/novi-sad\/\" \/>\n<meta property=\"og:locale\" content=\"en_US\" \/>\n<meta property=\"og:type\" content=\"article\" \/>\n<meta property=\"og:title\" content=\"Novi Sad - Serbia.com\" \/>\n<meta property=\"og:description\" content=\"Novi Sad je dom EXIT-a, jednog od najboljih muzi\u010dkih festivala u Evropi koji se odr\u017eava ve\u0107 vi\u0161e od decenije i okuplja najbolje muzi\u010dare iz celog sveta. Novi Sad je grad [&hellip;]\" \/>\n<meta property=\"og:url\" content=\"https:\/\/serbia.com\/srpski\/posetite-srbiju\/gradovi\/novi-sad\/\" \/>\n<meta property=\"og:site_name\" content=\"Serbia.com\" \/>\n<meta property=\"article:modified_time\" content=\"2025-10-09T07:42:28+00:00\" \/>\n<meta property=\"og:image\" content=\"https:\/\/serbia.com\/wp-content\/uploads\/2015\/03\/Novi_Sad_square.jpg\" \/>\n\t<meta property=\"og:image:width\" content=\"1200\" \/>\n\t<meta property=\"og:image:height\" content=\"803\" \/>\n\t<meta property=\"og:image:type\" content=\"image\/jpeg\" \/>\n<meta name=\"twitter:label1\" content=\"Est. reading time\" \/>\n\t<meta name=\"twitter:data1\" content=\"4 minutes\" \/>\n<script type=\"application\/ld+json\" class=\"yoast-schema-graph\">{\"@context\":\"https:\\\/\\\/schema.org\",\"@graph\":[{\"@type\":\"WebPage\",\"@id\":\"https:\\\/\\\/serbia.com\\\/srpski\\\/posetite-srbiju\\\/gradovi\\\/novi-sad\\\/\",\"url\":\"https:\\\/\\\/serbia.com\\\/srpski\\\/posetite-srbiju\\\/gradovi\\\/novi-sad\\\/\",\"name\":\"Novi Sad - Serbia.com\",\"isPartOf\":{\"@id\":\"https:\\\/\\\/serbia.com\\\/#website\"},\"primaryImageOfPage\":{\"@id\":\"https:\\\/\\\/serbia.com\\\/srpski\\\/posetite-srbiju\\\/gradovi\\\/novi-sad\\\/#primaryimage\"},\"image\":{\"@id\":\"https:\\\/\\\/serbia.com\\\/srpski\\\/posetite-srbiju\\\/gradovi\\\/novi-sad\\\/#primaryimage\"},\"thumbnailUrl\":\"https:\\\/\\\/serbia.com\\\/wp-content\\\/uploads\\\/2015\\\/03\\\/Novi_Sad_square.jpg\",\"datePublished\":\"2014-02-26T21:12:17+00:00\",\"dateModified\":\"2025-10-09T07:42:28+00:00\",\"breadcrumb\":{\"@id\":\"https:\\\/\\\/serbia.com\\\/srpski\\\/posetite-srbiju\\\/gradovi\\\/novi-sad\\\/#breadcrumb\"},\"inLanguage\":\"srpski\",\"potentialAction\":[{\"@type\":\"ReadAction\",\"target\":[\"https:\\\/\\\/serbia.com\\\/srpski\\\/posetite-srbiju\\\/gradovi\\\/novi-sad\\\/\"]}]},{\"@type\":\"ImageObject\",\"inLanguage\":\"srpski\",\"@id\":\"https:\\\/\\\/serbia.com\\\/srpski\\\/posetite-srbiju\\\/gradovi\\\/novi-sad\\\/#primaryimage\",\"url\":\"https:\\\/\\\/serbia.com\\\/wp-content\\\/uploads\\\/2015\\\/03\\\/Novi_Sad_square.jpg\",\"contentUrl\":\"https:\\\/\\\/serbia.com\\\/wp-content\\\/uploads\\\/2015\\\/03\\\/Novi_Sad_square.jpg\",\"width\":1200,\"height\":803},{\"@type\":\"BreadcrumbList\",\"@id\":\"https:\\\/\\\/serbia.com\\\/srpski\\\/posetite-srbiju\\\/gradovi\\\/novi-sad\\\/#breadcrumb\",\"itemListElement\":[{\"@type\":\"ListItem\",\"position\":1,\"name\":\"Home\",\"item\":\"https:\\\/\\\/serbia.com\\\/srpski\\\/srbija\\\/\"},{\"@type\":\"ListItem\",\"position\":2,\"name\":\"Poseti Srbiju\",\"item\":\"https:\\\/\\\/serbia.com\\\/srpski\\\/posetite-srbiju\\\/\"},{\"@type\":\"ListItem\",\"position\":3,\"name\":\"Gradovi\",\"item\":\"https:\\\/\\\/serbia.com\\\/srpski\\\/posetite-srbiju\\\/gradovi\\\/\"},{\"@type\":\"ListItem\",\"position\":4,\"name\":\"Novi Sad\"}]},{\"@type\":\"WebSite\",\"@id\":\"https:\\\/\\\/serbia.com\\\/#website\",\"url\":\"https:\\\/\\\/serbia.com\\\/\",\"name\":\"Serbia.com\",\"description\":\"Your Gateway to Serbia\",\"potentialAction\":[{\"@type\":\"SearchAction\",\"target\":{\"@type\":\"EntryPoint\",\"urlTemplate\":\"https:\\\/\\\/serbia.com\\\/?s={search_term_string}\"},\"query-input\":{\"@type\":\"PropertyValueSpecification\",\"valueRequired\":true,\"valueName\":\"search_term_string\"}}],\"inLanguage\":\"srpski\"}]}<\/script>\n<!-- \/ Yoast SEO plugin. -->","yoast_head_json":{"title":"Novi Sad - Serbia.com","robots":{"index":"index","follow":"follow","max-snippet":"max-snippet:-1","max-image-preview":"max-image-preview:large","max-video-preview":"max-video-preview:-1"},"canonical":"https:\/\/serbia.com\/srpski\/posetite-srbiju\/gradovi\/novi-sad\/","og_locale":"en_US","og_type":"article","og_title":"Novi Sad - Serbia.com","og_description":"Novi Sad je dom EXIT-a, jednog od najboljih muzi\u010dkih festivala u Evropi koji se odr\u017eava ve\u0107 vi\u0161e od decenije i okuplja najbolje muzi\u010dare iz celog sveta. Novi Sad je grad [&hellip;]","og_url":"https:\/\/serbia.com\/srpski\/posetite-srbiju\/gradovi\/novi-sad\/","og_site_name":"Serbia.com","article_modified_time":"2025-10-09T07:42:28+00:00","og_image":[{"width":1200,"height":803,"url":"https:\/\/serbia.com\/wp-content\/uploads\/2015\/03\/Novi_Sad_square.jpg","type":"image\/jpeg"}],"twitter_misc":{"Est. reading time":"4 minutes"},"schema":{"@context":"https:\/\/schema.org","@graph":[{"@type":"WebPage","@id":"https:\/\/serbia.com\/srpski\/posetite-srbiju\/gradovi\/novi-sad\/","url":"https:\/\/serbia.com\/srpski\/posetite-srbiju\/gradovi\/novi-sad\/","name":"Novi Sad - Serbia.com","isPartOf":{"@id":"https:\/\/serbia.com\/#website"},"primaryImageOfPage":{"@id":"https:\/\/serbia.com\/srpski\/posetite-srbiju\/gradovi\/novi-sad\/#primaryimage"},"image":{"@id":"https:\/\/serbia.com\/srpski\/posetite-srbiju\/gradovi\/novi-sad\/#primaryimage"},"thumbnailUrl":"https:\/\/serbia.com\/wp-content\/uploads\/2015\/03\/Novi_Sad_square.jpg","datePublished":"2014-02-26T21:12:17+00:00","dateModified":"2025-10-09T07:42:28+00:00","breadcrumb":{"@id":"https:\/\/serbia.com\/srpski\/posetite-srbiju\/gradovi\/novi-sad\/#breadcrumb"},"inLanguage":"srpski","potentialAction":[{"@type":"ReadAction","target":["https:\/\/serbia.com\/srpski\/posetite-srbiju\/gradovi\/novi-sad\/"]}]},{"@type":"ImageObject","inLanguage":"srpski","@id":"https:\/\/serbia.com\/srpski\/posetite-srbiju\/gradovi\/novi-sad\/#primaryimage","url":"https:\/\/serbia.com\/wp-content\/uploads\/2015\/03\/Novi_Sad_square.jpg","contentUrl":"https:\/\/serbia.com\/wp-content\/uploads\/2015\/03\/Novi_Sad_square.jpg","width":1200,"height":803},{"@type":"BreadcrumbList","@id":"https:\/\/serbia.com\/srpski\/posetite-srbiju\/gradovi\/novi-sad\/#breadcrumb","itemListElement":[{"@type":"ListItem","position":1,"name":"Home","item":"https:\/\/serbia.com\/srpski\/srbija\/"},{"@type":"ListItem","position":2,"name":"Poseti Srbiju","item":"https:\/\/serbia.com\/srpski\/posetite-srbiju\/"},{"@type":"ListItem","position":3,"name":"Gradovi","item":"https:\/\/serbia.com\/srpski\/posetite-srbiju\/gradovi\/"},{"@type":"ListItem","position":4,"name":"Novi Sad"}]},{"@type":"WebSite","@id":"https:\/\/serbia.com\/#website","url":"https:\/\/serbia.com\/","name":"Serbia.com","description":"Your Gateway to Serbia","potentialAction":[{"@type":"SearchAction","target":{"@type":"EntryPoint","urlTemplate":"https:\/\/serbia.com\/?s={search_term_string}"},"query-input":{"@type":"PropertyValueSpecification","valueRequired":true,"valueName":"search_term_string"}}],"inLanguage":"srpski"}]}},"brizy_media":[],"_links":{"self":[{"href":"https:\/\/serbia.com\/srpski\/wp-json\/wp\/v2\/pages\/20444","targetHints":{"allow":["GET"]}}],"collection":[{"href":"https:\/\/serbia.com\/srpski\/wp-json\/wp\/v2\/pages"}],"about":[{"href":"https:\/\/serbia.com\/srpski\/wp-json\/wp\/v2\/types\/page"}],"author":[{"embeddable":true,"href":"https:\/\/serbia.com\/srpski\/wp-json\/wp\/v2\/users\/9"}],"replies":[{"embeddable":true,"href":"https:\/\/serbia.com\/srpski\/wp-json\/wp\/v2\/comments?post=20444"}],"version-history":[{"count":2,"href":"https:\/\/serbia.com\/srpski\/wp-json\/wp\/v2\/pages\/20444\/revisions"}],"predecessor-version":[{"id":62927,"href":"https:\/\/serbia.com\/srpski\/wp-json\/wp\/v2\/pages\/20444\/revisions\/62927"}],"up":[{"embeddable":true,"href":"https:\/\/serbia.com\/srpski\/wp-json\/wp\/v2\/pages\/20433"}],"wp:featuredmedia":[{"embeddable":true,"href":"https:\/\/serbia.com\/srpski\/wp-json\/wp\/v2\/media\/29996"}],"wp:attachment":[{"href":"https:\/\/serbia.com\/srpski\/wp-json\/wp\/v2\/media?parent=20444"}],"wp:term":[{"taxonomy":"category","embeddable":true,"href":"https:\/\/serbia.com\/srpski\/wp-json\/wp\/v2\/categories?post=20444"},{"taxonomy":"post_tag","embeddable":true,"href":"https:\/\/serbia.com\/srpski\/wp-json\/wp\/v2\/tags?post=20444"}],"curies":[{"name":"wp","href":"https:\/\/api.w.org\/{rel}","templated":true}]}}