{"id":20441,"date":"2014-02-26T22:09:18","date_gmt":"2014-02-26T21:09:18","guid":{"rendered":"http:\/\/www.serbia.com\/?page_id=20441"},"modified":"2025-10-09T09:38:26","modified_gmt":"2025-10-09T07:38:26","slug":"nis","status":"publish","type":"page","link":"https:\/\/serbia.com\/srpski\/posetite-srbiju\/gradovi\/nis\/","title":{"rendered":"Ni\u0161"},"content":{"rendered":"<p>Poznat kao mesto ro\u0111enja rimskog cara Konstantina, u Ni\u0161u se i danas ose\u0107a me\u0161avina egzoti\u010dnosti Istoka i elegancije Zapada.<\/p>\n<p>Danas moderni turisti\u010dki centar, sa <a title=\"Muzeji\" href=\"http:\/\/www.serbia.com\/srpski\/posetite-srbiju\/kulturne-atrakcije\/muzeji\/\" target=\"_blank\" rel=\"noopener\">muzejima<\/a> i istorijskim lokalitetima koji se nalaze na mapi evropskih lokacija koje morate videti, Ni\u0161 je od svog osnivanja bio kapija koja je povezivala Istok i Zapad. I danas, putevi koji vode kroz Ni\u0161, najkra\u0107a su veza Evrope sa Bliskim Istokom i gradova kao \u0161to su Be\u010d, Budimpe\u0161ta, Prag sa Istambulom, Sofijom\u2026<\/p>\n<p>Ovaj put od davnina je nazvan Carigradski drum, a Ni\u0161 je u svojoj bogatoj pro\u0161losti stigao da bude i mesto ro\u0111enja jednog velikog cara.<\/p>\n<p>U Ni\u0161u je oduvek postojalo ne\u0161to magi\u010dno. Egzoti\u010dnost i misti\u010dnost Istoka i elegancija i uzdr\u017eanost Zapada nigde nisu tako dobro pomirene kao u ovom gradu.<\/p>\n<p>Ovde mo\u017eete u istom danu slu\u0161ati d\u017eez na <a title=\"Ni\u0161ville, autenti\u010dan spoj d\u017eeza i Balkana\" href=\"http:\/\/www.serbia.com\/srpski\/posetite-srbiju\/kulturne-atrakcije\/festivali-i-manifestacije\/nisville-autentican-spoj-dzeza-i-balkana\/\" target=\"_blank\" rel=\"noopener\">Ni\u0161ville festivalu<\/a> ili gledati film na \u201cFilmskim susretima\u201c, i obi\u0107i mnogobrojne muzeje i istorijske lokalitete od izuzetnog zna\u010daja, kakvi su: Mediana \u2013 luksuzno naselje drevnog Rima, <strong><a href=\"http:\/\/www.serbia.com\/srpski\/niska-tvrdava-postaje-svetski-poznata-atrakcija\/\" target=\"_blank\" rel=\"noopener\">Ni\u0161ka tvr\u0111ava<\/a><\/strong> \u2013 najo\u010duvaniju tursku tvr\u0111avu u ovom delu Balkana, \u0106ele kula \u2013 jedinstvenu gra\u0111evinu napravljenu po nare\u0111enju otomanskog Hur\u0161id-pa\u0161e od lobanja boraca izginulih u <a title=\"Bitka na \u010cegru: Jedan metak i cena pobede\" href=\"http:\/\/www.serbia.com\/srpski\/bitka-na-cegru-jedan-metak-i-cena-pobede-2\/\">bitci na \u010cegru<\/a> tokom Prvog srpskog ustanka. Taj spoj je magi\u010dan!<\/p>\n<p>Kelti, koji su dali ime ovom starom gradu, krstili su ga po Ni\u0161avi, reci na kojoj se i danas nalazi. Na njihovom jeziku, ka\u017ee se \u201cNavissos\u201d, a zna\u010di \u201cVilina reka\u201d.<\/p>\n<p>Prema jednoj od legendi o osnivanju Ni\u0161a, u vreme \u201cpre istorije\u201d sagradio ga je kraljevi\u0107 Ni\u0161a, dovla\u010de\u0107i kamen sa obli\u017enje Humske \u010duke.<\/p>\n<p>Iako ne verujete u ovo, posetite Ni\u0161 da vidite ostatke <a title=\"Istorija\" href=\"http:\/\/www.serbia.com\/srpski\/o-srbiji\/istorija\/\">istorije<\/a> iz njegovog najsjajnijeg doba \u2013 rimskog perioda. Ovaj grad je tada bio veliki vojni, kulturni i ekonomski centar, ali i mesto u kome se rodio rimski car Konstantin Veliki, vladara koji je proglasio religioznu toleranciju u \u010ditavom Rimskom carstvu i bio prvi vladar koji se preobratio u hri\u0161\u0107anstvo.<\/p>\n<p>Ostatke njegove palate i rimskog lokaliteta \u201cMediana\u201d trebalo bi da posete svi ljubitelji istorije i starog Rima \u2013 bilo da su o tome \u010ditali knjige ili gledali najnovije serije i filmove o ovom periodu. Obilazak \u201ccarevog grada\u201d pomo\u0107i \u0107e vam da ove dane ponovo o\u017eivite!<\/p>\n<p>I dana\u0161nji Ni\u0161 je veliki centar Srbije. Re\u010d je o tre\u0107em gradu po veli\u010dini u ovoj zemlji u kome \u017eivi vi\u0161e od 250.000 stanovnika.<\/p>\n<p>Osim brojnih istorijskih lokacija, ne bi trebalo da vam promakne ni \u0161etnja glavnom gradskom ulicom, kao ni <a title=\"Tradicionalna kuhinja\" href=\"http:\/\/www.serbia.com\/srpski\/dt_slideshow\/tradicionalna-kuhinja-2\/\">tradicionalna kuhinja<\/a> uz ru\u010dak u nekoj od <a title=\"Kafana, centar \u017eivota u Srbiji\" href=\"http:\/\/www.serbia.com\/srpski\/posetite-srbiju\/provedi-se\/nocni-zivot\/kafana-centar-zivota-u-srbiji\/\" target=\"_blank\" rel=\"noopener\">kafana<\/a> po kojima je ovaj kraj poznat.<\/p>\n<p>Pripremite se za me\u0161avinu najrazli\u010ditijih ukusa, odli\u010dan <a title=\"Leskovac, dom najboljeg ro\u0161tilja na svetu\" href=\"http:\/\/www.serbia.com\/srpski\/posetite-srbiju\/gradovi\/leskovac-dom-najboljeg-rostilja-na-svetu\/\" target=\"_blank\" rel=\"noopener\">ro\u0161tilj<\/a> i obilne porcije sa mnogo mesa i raznih za\u010dina, a morate da probate i ovda\u0161nji <a title=\"Burek, najpopularniji doru\u010dak u Srbiji\" href=\"http:\/\/www.serbia.com\/srpski\/burek-najpopularniji-dorucak-u-srbiji\/\">burek<\/a>. U \u010dast ovog specijaliteta u Ni\u0161u se tokom septembra svake godine odr\u017eavaju i jedinstveni \u201cDani bureka\u201d.<\/p>\n<p>Na samo 10 kilometara od Ni\u0161a nalazi se <a title=\"Ni\u0161ka banja\" href=\"http:\/\/www.serbia.com\/srpski\/posetite-srbiju\/sta-videti\/prirodne-lepote\/banje\/niska-banja\/\">Ni\u0161ka banja<\/a>, a blizu je i Si\u0107eva\u010dka klisura.<\/p>\n<p>To zna\u010di da, ako ste u Ni\u0161u, lako sebi mo\u017eete organizovati odlazak u prirodu, opustiti se sa prijateljima i u\u017eivati u lepoti ovog kraja. Izlete za vas mo\u017ee pripremiti i neka od mnogobrojnih turisti\u010dkih agencija u gradu.<\/p>\n<h4>Kako do\u0107i do grada cara Konstantina Velikog?<\/h4>\n<p>Ni\u0161 je sme\u0161ten na raskr\u0161\u0107u puteva. On se nalazi na evropskom putnom pravacu E-75 koji dolazi iz Ma\u0111arske i ra\u010dva se u 2 pravca: ka jugu, prema Makedoniji i Gr\u010dkoj (E-80) i ka zapadu, dolinom Ni\u0161ave, prema Bugarskoj, Turskoj i dalje ka Bliskom istoku. U Ni\u0161u se odvajaju i putevi ka severozapadu i ka jugozapadu zemlje.<\/p>\n<p>Avionom, preko Podgori\u010dkog aerodroma avio kompanijom \u201eMontenegro airlines\u201d do svih ve\u0107ih evropskih destinacija: Frankfurta, Moskve, Dizeldorfa, Rima, Be\u010da, Ciriha, Londona i Pariza.<\/p>\n<p>Ni\u0161 je dobro povezan \u017eelezni\u010dkom mre\u017eom sa srpskim i evropskim destinacijama.<\/p>\n<p>Svi regionalni i me\u0111unarodni autobusi dolaze i odlaze sa glavne autobuske stanice koja se nalazi u blizini Ni\u0161ke tvr\u0111ave.<\/p>\n<h4>Kada ste ve\u0107 ovde, ne propustite\u2026<\/h4>\n<p>\u0160etnju kejom pored Ni\u0161ave, kafu u debelom hladu Tvr\u0111ave.<\/p>\n<p>Glavna ulica \u0107e vas odvesti do spomenika Stevanu Srmcu i Kal\u010di, gde bi obavezno trebalo da skrenete u staru ni\u0161ku kaldrmisanu ulicu \u201cKazand\u017eijsko soka\u010de\u201d, i osetite duh starog Ni\u0161a.<\/p>\n<p>Ne propustite da porazgovarate sa Ni\u0161lijama i osetite toplinu ju\u017enjaka i njihovu gostoljubivost.<\/p>\n\n\n<p><\/p>\n","protected":false},"excerpt":{"rendered":"<p>Poznat kao mesto ro\u0111enja rimskog cara Konstantina, u Ni\u0161u se i danas ose\u0107a me\u0161avina egzoti\u010dnosti Istoka i elegancije Zapada. Danas moderni turisti\u010dki centar, sa muzejima i istorijskim lokalitetima koji se [&hellip;]<\/p>\n","protected":false},"author":9,"featured_media":62921,"parent":20433,"menu_order":0,"comment_status":"closed","ping_status":"open","template":"","meta":{"_acf_changed":false,"inline_featured_image":false,"_monsterinsights_skip_tracking":false,"_monsterinsights_sitenote_active":false,"_monsterinsights_sitenote_note":"","_monsterinsights_sitenote_category":0,"footnotes":""},"categories":[1672],"tags":[],"region":[],"class_list":["post-20441","page","type-page","status-publish","has-post-thumbnail","hentry","category-gradovi"],"acf":[],"yoast_head":"<!-- This site is optimized with the Yoast SEO plugin v27.5 - https:\/\/yoast.com\/product\/yoast-seo-wordpress\/ -->\n<title>Ni\u0161 - Serbia.com<\/title>\n<meta name=\"robots\" content=\"index, follow, max-snippet:-1, max-image-preview:large, max-video-preview:-1\" \/>\n<link rel=\"canonical\" href=\"https:\/\/serbia.com\/srpski\/posetite-srbiju\/gradovi\/nis\/\" \/>\n<meta property=\"og:locale\" content=\"en_US\" \/>\n<meta property=\"og:type\" content=\"article\" \/>\n<meta property=\"og:title\" content=\"Ni\u0161 - Serbia.com\" \/>\n<meta property=\"og:description\" content=\"Poznat kao mesto ro\u0111enja rimskog cara Konstantina, u Ni\u0161u se i danas ose\u0107a me\u0161avina egzoti\u010dnosti Istoka i elegancije Zapada. Danas moderni turisti\u010dki centar, sa muzejima i istorijskim lokalitetima koji se [&hellip;]\" \/>\n<meta property=\"og:url\" content=\"https:\/\/serbia.com\/srpski\/posetite-srbiju\/gradovi\/nis\/\" \/>\n<meta property=\"og:site_name\" content=\"Serbia.com\" \/>\n<meta property=\"article:modified_time\" content=\"2025-10-09T07:38:26+00:00\" \/>\n<meta property=\"og:image\" content=\"https:\/\/serbia.com\/wp-content\/uploads\/2025\/10\/eastern-serbia-6.jpg\" \/>\n\t<meta property=\"og:image:width\" content=\"1366\" \/>\n\t<meta property=\"og:image:height\" content=\"768\" \/>\n\t<meta property=\"og:image:type\" content=\"image\/jpeg\" \/>\n<meta name=\"twitter:label1\" content=\"Est. reading time\" \/>\n\t<meta name=\"twitter:data1\" content=\"4 minutes\" \/>\n<script type=\"application\/ld+json\" class=\"yoast-schema-graph\">{\"@context\":\"https:\\\/\\\/schema.org\",\"@graph\":[{\"@type\":\"WebPage\",\"@id\":\"https:\\\/\\\/serbia.com\\\/srpski\\\/posetite-srbiju\\\/gradovi\\\/nis\\\/\",\"url\":\"https:\\\/\\\/serbia.com\\\/srpski\\\/posetite-srbiju\\\/gradovi\\\/nis\\\/\",\"name\":\"Ni\u0161 - Serbia.com\",\"isPartOf\":{\"@id\":\"https:\\\/\\\/serbia.com\\\/#website\"},\"primaryImageOfPage\":{\"@id\":\"https:\\\/\\\/serbia.com\\\/srpski\\\/posetite-srbiju\\\/gradovi\\\/nis\\\/#primaryimage\"},\"image\":{\"@id\":\"https:\\\/\\\/serbia.com\\\/srpski\\\/posetite-srbiju\\\/gradovi\\\/nis\\\/#primaryimage\"},\"thumbnailUrl\":\"https:\\\/\\\/serbia.com\\\/wp-content\\\/uploads\\\/2025\\\/10\\\/eastern-serbia-6.jpg\",\"datePublished\":\"2014-02-26T21:09:18+00:00\",\"dateModified\":\"2025-10-09T07:38:26+00:00\",\"breadcrumb\":{\"@id\":\"https:\\\/\\\/serbia.com\\\/srpski\\\/posetite-srbiju\\\/gradovi\\\/nis\\\/#breadcrumb\"},\"inLanguage\":\"srpski\",\"potentialAction\":[{\"@type\":\"ReadAction\",\"target\":[\"https:\\\/\\\/serbia.com\\\/srpski\\\/posetite-srbiju\\\/gradovi\\\/nis\\\/\"]}]},{\"@type\":\"ImageObject\",\"inLanguage\":\"srpski\",\"@id\":\"https:\\\/\\\/serbia.com\\\/srpski\\\/posetite-srbiju\\\/gradovi\\\/nis\\\/#primaryimage\",\"url\":\"https:\\\/\\\/serbia.com\\\/wp-content\\\/uploads\\\/2025\\\/10\\\/eastern-serbia-6.jpg\",\"contentUrl\":\"https:\\\/\\\/serbia.com\\\/wp-content\\\/uploads\\\/2025\\\/10\\\/eastern-serbia-6.jpg\",\"width\":1366,\"height\":768},{\"@type\":\"BreadcrumbList\",\"@id\":\"https:\\\/\\\/serbia.com\\\/srpski\\\/posetite-srbiju\\\/gradovi\\\/nis\\\/#breadcrumb\",\"itemListElement\":[{\"@type\":\"ListItem\",\"position\":1,\"name\":\"Home\",\"item\":\"https:\\\/\\\/serbia.com\\\/srpski\\\/\"},{\"@type\":\"ListItem\",\"position\":2,\"name\":\"Poseti Srbiju\",\"item\":\"https:\\\/\\\/serbia.com\\\/srpski\\\/posetite-srbiju\\\/\"},{\"@type\":\"ListItem\",\"position\":3,\"name\":\"Gradovi\",\"item\":\"https:\\\/\\\/serbia.com\\\/srpski\\\/posetite-srbiju\\\/gradovi\\\/\"},{\"@type\":\"ListItem\",\"position\":4,\"name\":\"Ni\u0161\"}]},{\"@type\":\"WebSite\",\"@id\":\"https:\\\/\\\/serbia.com\\\/#website\",\"url\":\"https:\\\/\\\/serbia.com\\\/\",\"name\":\"Serbia.com\",\"description\":\"Your Gateway to Serbia\",\"potentialAction\":[{\"@type\":\"SearchAction\",\"target\":{\"@type\":\"EntryPoint\",\"urlTemplate\":\"https:\\\/\\\/serbia.com\\\/?s={search_term_string}\"},\"query-input\":{\"@type\":\"PropertyValueSpecification\",\"valueRequired\":true,\"valueName\":\"search_term_string\"}}],\"inLanguage\":\"srpski\"}]}<\/script>\n<!-- \/ Yoast SEO plugin. -->","yoast_head_json":{"title":"Ni\u0161 - Serbia.com","robots":{"index":"index","follow":"follow","max-snippet":"max-snippet:-1","max-image-preview":"max-image-preview:large","max-video-preview":"max-video-preview:-1"},"canonical":"https:\/\/serbia.com\/srpski\/posetite-srbiju\/gradovi\/nis\/","og_locale":"en_US","og_type":"article","og_title":"Ni\u0161 - Serbia.com","og_description":"Poznat kao mesto ro\u0111enja rimskog cara Konstantina, u Ni\u0161u se i danas ose\u0107a me\u0161avina egzoti\u010dnosti Istoka i elegancije Zapada. Danas moderni turisti\u010dki centar, sa muzejima i istorijskim lokalitetima koji se [&hellip;]","og_url":"https:\/\/serbia.com\/srpski\/posetite-srbiju\/gradovi\/nis\/","og_site_name":"Serbia.com","article_modified_time":"2025-10-09T07:38:26+00:00","og_image":[{"width":1366,"height":768,"url":"https:\/\/serbia.com\/wp-content\/uploads\/2025\/10\/eastern-serbia-6.jpg","type":"image\/jpeg"}],"twitter_misc":{"Est. reading time":"4 minutes"},"schema":{"@context":"https:\/\/schema.org","@graph":[{"@type":"WebPage","@id":"https:\/\/serbia.com\/srpski\/posetite-srbiju\/gradovi\/nis\/","url":"https:\/\/serbia.com\/srpski\/posetite-srbiju\/gradovi\/nis\/","name":"Ni\u0161 - Serbia.com","isPartOf":{"@id":"https:\/\/serbia.com\/#website"},"primaryImageOfPage":{"@id":"https:\/\/serbia.com\/srpski\/posetite-srbiju\/gradovi\/nis\/#primaryimage"},"image":{"@id":"https:\/\/serbia.com\/srpski\/posetite-srbiju\/gradovi\/nis\/#primaryimage"},"thumbnailUrl":"https:\/\/serbia.com\/wp-content\/uploads\/2025\/10\/eastern-serbia-6.jpg","datePublished":"2014-02-26T21:09:18+00:00","dateModified":"2025-10-09T07:38:26+00:00","breadcrumb":{"@id":"https:\/\/serbia.com\/srpski\/posetite-srbiju\/gradovi\/nis\/#breadcrumb"},"inLanguage":"srpski","potentialAction":[{"@type":"ReadAction","target":["https:\/\/serbia.com\/srpski\/posetite-srbiju\/gradovi\/nis\/"]}]},{"@type":"ImageObject","inLanguage":"srpski","@id":"https:\/\/serbia.com\/srpski\/posetite-srbiju\/gradovi\/nis\/#primaryimage","url":"https:\/\/serbia.com\/wp-content\/uploads\/2025\/10\/eastern-serbia-6.jpg","contentUrl":"https:\/\/serbia.com\/wp-content\/uploads\/2025\/10\/eastern-serbia-6.jpg","width":1366,"height":768},{"@type":"BreadcrumbList","@id":"https:\/\/serbia.com\/srpski\/posetite-srbiju\/gradovi\/nis\/#breadcrumb","itemListElement":[{"@type":"ListItem","position":1,"name":"Home","item":"https:\/\/serbia.com\/srpski\/"},{"@type":"ListItem","position":2,"name":"Poseti Srbiju","item":"https:\/\/serbia.com\/srpski\/posetite-srbiju\/"},{"@type":"ListItem","position":3,"name":"Gradovi","item":"https:\/\/serbia.com\/srpski\/posetite-srbiju\/gradovi\/"},{"@type":"ListItem","position":4,"name":"Ni\u0161"}]},{"@type":"WebSite","@id":"https:\/\/serbia.com\/#website","url":"https:\/\/serbia.com\/","name":"Serbia.com","description":"Your Gateway to Serbia","potentialAction":[{"@type":"SearchAction","target":{"@type":"EntryPoint","urlTemplate":"https:\/\/serbia.com\/?s={search_term_string}"},"query-input":{"@type":"PropertyValueSpecification","valueRequired":true,"valueName":"search_term_string"}}],"inLanguage":"srpski"}]}},"brizy_media":[],"_links":{"self":[{"href":"https:\/\/serbia.com\/srpski\/wp-json\/wp\/v2\/pages\/20441","targetHints":{"allow":["GET"]}}],"collection":[{"href":"https:\/\/serbia.com\/srpski\/wp-json\/wp\/v2\/pages"}],"about":[{"href":"https:\/\/serbia.com\/srpski\/wp-json\/wp\/v2\/types\/page"}],"author":[{"embeddable":true,"href":"https:\/\/serbia.com\/srpski\/wp-json\/wp\/v2\/users\/9"}],"replies":[{"embeddable":true,"href":"https:\/\/serbia.com\/srpski\/wp-json\/wp\/v2\/comments?post=20441"}],"version-history":[{"count":1,"href":"https:\/\/serbia.com\/srpski\/wp-json\/wp\/v2\/pages\/20441\/revisions"}],"predecessor-version":[{"id":62923,"href":"https:\/\/serbia.com\/srpski\/wp-json\/wp\/v2\/pages\/20441\/revisions\/62923"}],"up":[{"embeddable":true,"href":"https:\/\/serbia.com\/srpski\/wp-json\/wp\/v2\/pages\/20433"}],"wp:featuredmedia":[{"embeddable":true,"href":"https:\/\/serbia.com\/srpski\/wp-json\/wp\/v2\/media\/62921"}],"wp:attachment":[{"href":"https:\/\/serbia.com\/srpski\/wp-json\/wp\/v2\/media?parent=20441"}],"wp:term":[{"taxonomy":"category","embeddable":true,"href":"https:\/\/serbia.com\/srpski\/wp-json\/wp\/v2\/categories?post=20441"},{"taxonomy":"post_tag","embeddable":true,"href":"https:\/\/serbia.com\/srpski\/wp-json\/wp\/v2\/tags?post=20441"},{"taxonomy":"region","embeddable":true,"href":"https:\/\/serbia.com\/srpski\/wp-json\/wp\/v2\/region?post=20441"}],"curies":[{"name":"wp","href":"https:\/\/api.w.org\/{rel}","templated":true}]}}