{"id":20433,"date":"2014-02-26T21:58:51","date_gmt":"2014-02-26T20:58:51","guid":{"rendered":"http:\/\/www.serbia.com\/?page_id=20433"},"modified":"2024-10-20T12:53:28","modified_gmt":"2024-10-20T10:53:28","slug":"gradovi","status":"publish","type":"page","link":"https:\/\/serbia.com\/srpski\/posetite-srbiju\/gradovi\/","title":{"rendered":"Gradovi"},"content":{"rendered":"<p>U Srbiji ima 24 grada od kojih svaki ima jedinstvenu <a title=\"Istorija\" href=\"http:\/\/www.serbia.com\/srpski\/o-srbiji\/istorija\/\">istoriju<\/a>, pri\u010de i legende, a ve\u0107ina njih su poznati kao mesta dobrog provoda i zabave koja traje do jutra. U njima \u0107e vas do\u010dekati srda\u010dni ljudi, poznati po svom toplom gostoprimstvu.<\/p>\n<p>Od <a title=\"Subotica\" href=\"http:\/\/www.serbia.com\/srpski\/posetite-srbiju\/gradovi\/subotica\/\" target=\"_blank\" rel=\"noopener\">Subotice<\/a> na severu, do Pri\u0161tine na jugu \u2013 svaki grad Srbije ima vi\u0161e istorije, vi\u0161e pri\u010da i legendi nego \u0161to u bilo koju knjigu mo\u017ee da stane. A kada se umorite od obilazaka istorijskih spomenika i \u0161etnji, odmor uvek mo\u017eete prona\u0107i u <a href=\"http:\/\/www.serbia.com\/srpski\/posetite-srbiju\/provedi-se\/nocni-zivot\/kafana-centar-zivota-u-srbiji\/\" target=\"_blank\" rel=\"noopener\">kafanama<\/a>, <a href=\"http:\/\/www.serbia.com\/srpski\/posetite-srbiju\/provedi-se\/restorani-i-barovi\/\" target=\"_blank\" rel=\"noopener\">kafi\u0107ima i restoranima<\/a> po kojima je svako mesto u Srbiji ve\u0107 nadaleko poznato.<\/p>\n<p>Najve\u0107i gradovi Srbije su: <a title=\"Beograd\" href=\"http:\/\/www.serbia.com\/srpski\/posetite-srbiju\/gradovi\/beograd\/\" target=\"_blank\" rel=\"noopener\">Beograd<\/a>, <a title=\"Novi Sad\" href=\"http:\/\/www.serbia.com\/srpski\/posetite-srbiju\/gradovi\/novi-sad\/\" target=\"_blank\" rel=\"noopener\">Novi Sad<\/a> i <a title=\"Ni\u0161\" href=\"http:\/\/www.serbia.com\/srpski\/posetite-srbiju\/gradovi\/nis\/\" target=\"_blank\" rel=\"noopener\">Ni\u0161<\/a>. To su gradovi koji \u0107e vam u svako doba godine ponuditi najzanimljivije sadr\u017eaje. U ova tri grada se u letnjem periodu odvijaju najpoznatiji srpski muzi\u010dki festivali: \u201c<a title=\"Beer Fest u Beogradu\" href=\"http:\/\/www.serbia.com\/srpski\/posetite-srbiju\/kulturne-atrakcije\/festivali-i-manifestacije\/beer-fest-u-beogradu\/\" target=\"_blank\" rel=\"noopener\">Belgrade Beer Fest<\/a>\u201d u Beogradu, zatim najbolji evropski muzi\u010dki festival \u201c<a title=\"EXIT festival, najbolji u regionu\" href=\"http:\/\/www.serbia.com\/srpski\/posetite-srbiju\/kulturne-atrakcije\/festivali-i-manifestacije\/exit-festival-najbolji-u-regionu\/\" target=\"_blank\" rel=\"noopener\">Exit<\/a>\u201d u Novom Sadu, i jedan od najve\u0107ih evropskih d\u017eez festivala, \u201c<a title=\"Ni\u0161ville, autenti\u010dan spoj d\u017eeza i Balkana\" href=\"http:\/\/www.serbia.com\/srpski\/posetite-srbiju\/kulturne-atrakcije\/festivali-i-manifestacije\/nisville-autentican-spoj-dzeza-i-balkana\/\" target=\"_blank\" rel=\"noopener\">Ni\u0161ville<\/a>\u201d \u010diji je doma\u0107in Grad Ni\u0161.<\/p>\n<p>Osim zabave i odli\u010dnog provoda, svaki grad Srbije \u0107e vas kupiti ne\u010dim specifi\u010dnim samo za taj kraj, nekom posebnom tradicijom, jedinstvenim spomenikom <a title=\"Kultura\" href=\"http:\/\/www.serbia.com\/srpski\/o-srbiji\/kultura\/\">kulture<\/a>, specifi\u010dnom <a title=\"Tradicionalna kuhinja\" href=\"http:\/\/www.serbia.com\/srpski\/o-srbiji\/tradicionalna-kuhinja\/\">kuhinjom<\/a>\u2026<\/p>\n<p>O\u010dara\u0107e vas otmenost i ure\u0111enost gradova Vojvodine, zaljubi\u0107ete se u boemski \u0161arm i razigranost juga, a gradove \u0160umadije osta\u0107e vam u se\u0107anju po najboljim gurmanskim specijalitetima.<\/p>\n<p>Ova rubrika portala vas \u201cvodi u obilazak\u201d srpskih gradova i otkriva vam \u0161ta u njima, ali i njihovoj okolini nikako ne bi trebalo da propustite.<\/p>\n","protected":false},"excerpt":{"rendered":"<p>U Srbiji ima 24 grada od kojih svaki ima jedinstvenu istoriju, pri\u010de i legende, a ve\u0107ina njih su poznati kao mesta dobrog provoda i zabave koja traje do jutra. U [&hellip;]<\/p>\n","protected":false},"author":9,"featured_media":54832,"parent":20391,"menu_order":0,"comment_status":"closed","ping_status":"closed","template":"","meta":{"_acf_changed":false,"inline_featured_image":false,"_monsterinsights_skip_tracking":false,"_monsterinsights_sitenote_active":false,"_monsterinsights_sitenote_note":"","_monsterinsights_sitenote_category":0,"footnotes":""},"categories":[1672],"tags":[],"class_list":["post-20433","page","type-page","status-publish","has-post-thumbnail","hentry","category-gradovi"],"acf":[],"yoast_head":"<!-- This site is optimized with the Yoast SEO plugin v27.5 - https:\/\/yoast.com\/product\/yoast-seo-wordpress\/ -->\n<title>Gradovi - Serbia.com<\/title>\n<meta name=\"robots\" content=\"index, follow, max-snippet:-1, max-image-preview:large, max-video-preview:-1\" \/>\n<link rel=\"canonical\" href=\"https:\/\/serbia.com\/srpski\/posetite-srbiju\/gradovi\/\" \/>\n<meta property=\"og:locale\" content=\"en_US\" \/>\n<meta property=\"og:type\" content=\"article\" \/>\n<meta property=\"og:title\" content=\"Gradovi - Serbia.com\" \/>\n<meta property=\"og:description\" content=\"U Srbiji ima 24 grada od kojih svaki ima jedinstvenu istoriju, pri\u010de i legende, a ve\u0107ina njih su poznati kao mesta dobrog provoda i zabave koja traje do jutra. U [&hellip;]\" \/>\n<meta property=\"og:url\" content=\"https:\/\/serbia.com\/srpski\/posetite-srbiju\/gradovi\/\" \/>\n<meta property=\"og:site_name\" content=\"Serbia.com\" \/>\n<meta property=\"article:modified_time\" content=\"2024-10-20T10:53:28+00:00\" \/>\n<meta property=\"og:image\" content=\"https:\/\/serbia.com\/wp-content\/uploads\/2024\/09\/iStock-1281303672-1280x608.jpg\" \/>\n\t<meta property=\"og:image:width\" content=\"1280\" \/>\n\t<meta property=\"og:image:height\" content=\"608\" \/>\n\t<meta property=\"og:image:type\" content=\"image\/jpeg\" \/>\n<meta name=\"twitter:label1\" content=\"Est. reading time\" \/>\n\t<meta name=\"twitter:data1\" content=\"2 minutes\" \/>\n<script type=\"application\/ld+json\" class=\"yoast-schema-graph\">{\"@context\":\"https:\\\/\\\/schema.org\",\"@graph\":[{\"@type\":\"WebPage\",\"@id\":\"https:\\\/\\\/serbia.com\\\/srpski\\\/posetite-srbiju\\\/gradovi\\\/\",\"url\":\"https:\\\/\\\/serbia.com\\\/srpski\\\/posetite-srbiju\\\/gradovi\\\/\",\"name\":\"Gradovi - Serbia.com\",\"isPartOf\":{\"@id\":\"https:\\\/\\\/serbia.com\\\/#website\"},\"primaryImageOfPage\":{\"@id\":\"https:\\\/\\\/serbia.com\\\/srpski\\\/posetite-srbiju\\\/gradovi\\\/#primaryimage\"},\"image\":{\"@id\":\"https:\\\/\\\/serbia.com\\\/srpski\\\/posetite-srbiju\\\/gradovi\\\/#primaryimage\"},\"thumbnailUrl\":\"https:\\\/\\\/serbia.com\\\/wp-content\\\/uploads\\\/2024\\\/09\\\/iStock-1281303672.jpg\",\"datePublished\":\"2014-02-26T20:58:51+00:00\",\"dateModified\":\"2024-10-20T10:53:28+00:00\",\"breadcrumb\":{\"@id\":\"https:\\\/\\\/serbia.com\\\/srpski\\\/posetite-srbiju\\\/gradovi\\\/#breadcrumb\"},\"inLanguage\":\"srpski\",\"potentialAction\":[{\"@type\":\"ReadAction\",\"target\":[\"https:\\\/\\\/serbia.com\\\/srpski\\\/posetite-srbiju\\\/gradovi\\\/\"]}]},{\"@type\":\"ImageObject\",\"inLanguage\":\"srpski\",\"@id\":\"https:\\\/\\\/serbia.com\\\/srpski\\\/posetite-srbiju\\\/gradovi\\\/#primaryimage\",\"url\":\"https:\\\/\\\/serbia.com\\\/wp-content\\\/uploads\\\/2024\\\/09\\\/iStock-1281303672.jpg\",\"contentUrl\":\"https:\\\/\\\/serbia.com\\\/wp-content\\\/uploads\\\/2024\\\/09\\\/iStock-1281303672.jpg\",\"width\":2513,\"height\":1193,\"caption\":\"Aerial view of Kalemegdan fort and old town of Belgrade, the capital city of Serbia by the Sava river at sunset. Landmark city view and Europe travel abstract\"},{\"@type\":\"BreadcrumbList\",\"@id\":\"https:\\\/\\\/serbia.com\\\/srpski\\\/posetite-srbiju\\\/gradovi\\\/#breadcrumb\",\"itemListElement\":[{\"@type\":\"ListItem\",\"position\":1,\"name\":\"Home\",\"item\":\"https:\\\/\\\/serbia.com\\\/srpski\\\/\"},{\"@type\":\"ListItem\",\"position\":2,\"name\":\"Poseti Srbiju\",\"item\":\"https:\\\/\\\/serbia.com\\\/srpski\\\/posetite-srbiju\\\/\"},{\"@type\":\"ListItem\",\"position\":3,\"name\":\"Gradovi\"}]},{\"@type\":\"WebSite\",\"@id\":\"https:\\\/\\\/serbia.com\\\/#website\",\"url\":\"https:\\\/\\\/serbia.com\\\/\",\"name\":\"Serbia.com\",\"description\":\"Your Gateway to Serbia\",\"potentialAction\":[{\"@type\":\"SearchAction\",\"target\":{\"@type\":\"EntryPoint\",\"urlTemplate\":\"https:\\\/\\\/serbia.com\\\/?s={search_term_string}\"},\"query-input\":{\"@type\":\"PropertyValueSpecification\",\"valueRequired\":true,\"valueName\":\"search_term_string\"}}],\"inLanguage\":\"srpski\"}]}<\/script>\n<!-- \/ Yoast SEO plugin. -->","yoast_head_json":{"title":"Gradovi - Serbia.com","robots":{"index":"index","follow":"follow","max-snippet":"max-snippet:-1","max-image-preview":"max-image-preview:large","max-video-preview":"max-video-preview:-1"},"canonical":"https:\/\/serbia.com\/srpski\/posetite-srbiju\/gradovi\/","og_locale":"en_US","og_type":"article","og_title":"Gradovi - Serbia.com","og_description":"U Srbiji ima 24 grada od kojih svaki ima jedinstvenu istoriju, pri\u010de i legende, a ve\u0107ina njih su poznati kao mesta dobrog provoda i zabave koja traje do jutra. U [&hellip;]","og_url":"https:\/\/serbia.com\/srpski\/posetite-srbiju\/gradovi\/","og_site_name":"Serbia.com","article_modified_time":"2024-10-20T10:53:28+00:00","og_image":[{"width":1280,"height":608,"url":"https:\/\/serbia.com\/wp-content\/uploads\/2024\/09\/iStock-1281303672-1280x608.jpg","type":"image\/jpeg"}],"twitter_misc":{"Est. reading time":"2 minutes"},"schema":{"@context":"https:\/\/schema.org","@graph":[{"@type":"WebPage","@id":"https:\/\/serbia.com\/srpski\/posetite-srbiju\/gradovi\/","url":"https:\/\/serbia.com\/srpski\/posetite-srbiju\/gradovi\/","name":"Gradovi - Serbia.com","isPartOf":{"@id":"https:\/\/serbia.com\/#website"},"primaryImageOfPage":{"@id":"https:\/\/serbia.com\/srpski\/posetite-srbiju\/gradovi\/#primaryimage"},"image":{"@id":"https:\/\/serbia.com\/srpski\/posetite-srbiju\/gradovi\/#primaryimage"},"thumbnailUrl":"https:\/\/serbia.com\/wp-content\/uploads\/2024\/09\/iStock-1281303672.jpg","datePublished":"2014-02-26T20:58:51+00:00","dateModified":"2024-10-20T10:53:28+00:00","breadcrumb":{"@id":"https:\/\/serbia.com\/srpski\/posetite-srbiju\/gradovi\/#breadcrumb"},"inLanguage":"srpski","potentialAction":[{"@type":"ReadAction","target":["https:\/\/serbia.com\/srpski\/posetite-srbiju\/gradovi\/"]}]},{"@type":"ImageObject","inLanguage":"srpski","@id":"https:\/\/serbia.com\/srpski\/posetite-srbiju\/gradovi\/#primaryimage","url":"https:\/\/serbia.com\/wp-content\/uploads\/2024\/09\/iStock-1281303672.jpg","contentUrl":"https:\/\/serbia.com\/wp-content\/uploads\/2024\/09\/iStock-1281303672.jpg","width":2513,"height":1193,"caption":"Aerial view of Kalemegdan fort and old town of Belgrade, the capital city of Serbia by the Sava river at sunset. Landmark city view and Europe travel abstract"},{"@type":"BreadcrumbList","@id":"https:\/\/serbia.com\/srpski\/posetite-srbiju\/gradovi\/#breadcrumb","itemListElement":[{"@type":"ListItem","position":1,"name":"Home","item":"https:\/\/serbia.com\/srpski\/"},{"@type":"ListItem","position":2,"name":"Poseti Srbiju","item":"https:\/\/serbia.com\/srpski\/posetite-srbiju\/"},{"@type":"ListItem","position":3,"name":"Gradovi"}]},{"@type":"WebSite","@id":"https:\/\/serbia.com\/#website","url":"https:\/\/serbia.com\/","name":"Serbia.com","description":"Your Gateway to Serbia","potentialAction":[{"@type":"SearchAction","target":{"@type":"EntryPoint","urlTemplate":"https:\/\/serbia.com\/?s={search_term_string}"},"query-input":{"@type":"PropertyValueSpecification","valueRequired":true,"valueName":"search_term_string"}}],"inLanguage":"srpski"}]}},"brizy_media":[],"_links":{"self":[{"href":"https:\/\/serbia.com\/srpski\/wp-json\/wp\/v2\/pages\/20433","targetHints":{"allow":["GET"]}}],"collection":[{"href":"https:\/\/serbia.com\/srpski\/wp-json\/wp\/v2\/pages"}],"about":[{"href":"https:\/\/serbia.com\/srpski\/wp-json\/wp\/v2\/types\/page"}],"author":[{"embeddable":true,"href":"https:\/\/serbia.com\/srpski\/wp-json\/wp\/v2\/users\/9"}],"replies":[{"embeddable":true,"href":"https:\/\/serbia.com\/srpski\/wp-json\/wp\/v2\/comments?post=20433"}],"version-history":[{"count":1,"href":"https:\/\/serbia.com\/srpski\/wp-json\/wp\/v2\/pages\/20433\/revisions"}],"predecessor-version":[{"id":55660,"href":"https:\/\/serbia.com\/srpski\/wp-json\/wp\/v2\/pages\/20433\/revisions\/55660"}],"up":[{"embeddable":true,"href":"https:\/\/serbia.com\/srpski\/wp-json\/wp\/v2\/pages\/20391"}],"wp:featuredmedia":[{"embeddable":true,"href":"https:\/\/serbia.com\/srpski\/wp-json\/wp\/v2\/media\/54832"}],"wp:attachment":[{"href":"https:\/\/serbia.com\/srpski\/wp-json\/wp\/v2\/media?parent=20433"}],"wp:term":[{"taxonomy":"category","embeddable":true,"href":"https:\/\/serbia.com\/srpski\/wp-json\/wp\/v2\/categories?post=20433"},{"taxonomy":"post_tag","embeddable":true,"href":"https:\/\/serbia.com\/srpski\/wp-json\/wp\/v2\/tags?post=20433"}],"curies":[{"name":"wp","href":"https:\/\/api.w.org\/{rel}","templated":true}]}}