{"id":20430,"date":"2014-02-26T21:56:08","date_gmt":"2014-02-26T20:56:08","guid":{"rendered":"http:\/\/www.serbia.com\/?page_id=20430"},"modified":"2015-03-09T12:44:44","modified_gmt":"2015-03-09T11:44:44","slug":"sta-videti","status":"publish","type":"page","link":"https:\/\/serbia.com\/srpski\/posetite-srbiju\/sta-videti\/","title":{"rendered":"\u0160ta videti?"},"content":{"rendered":"<p>Dobrodo\u0161li u zemlju velikog kulturnog bogatstva, divlje i pitome prirode i lepih gradova u kojima se prepli\u0107u Istok i Zapad, koji su se vekovima upravo ovde spajali.<\/p>\n<p>Ova rubrika portala Serbia.com posve\u0107ena je svim mestima koja bi trebalo da posetite u Srbiji.<\/p>\n<p>Nadamo se da ste u mogu\u0107nosti da obi\u0111ete sve delove zemlje, no ako i niste, svaki kutak Srbije ponudi\u0107e vam ne\u0161to interesntno.<\/p>\n<p>Po\u0111imo od toga da \u0107ete najverovatnije prvo upoznati glavni grad Srbije, <a title=\"Beograd\" href=\"http:\/\/www.serbia.com\/srpski\/posetite-srbiju\/sta-videti\/gradovi\/beograd\/\">Beograd<\/a>, grad koji le\u017ei na dve velike reke i koji \u201cnikada ne spava\u201d. Neprocenjiv je pogled sa <a title=\"Beogradski Pobednik: Od Terazija do Kalemegdana\" href=\"http:\/\/www.serbia.com\/srpski\/beogradski-pobednik-od-terazija-do-kalemegdana\/\">Kalemegdana<\/a> na u\u0161\u0107e <a title=\"Reka Sava, ispomo\u0107 Zevsu\" href=\"http:\/\/www.serbia.com\/srpski\/reka-sava-ispomoc-zevsu-2\/\">Save<\/a> u <a title=\"Dunav, mesto spajanja i razdvajanja\" href=\"http:\/\/www.serbia.com\/srpski\/dunav-mesto-spajanja-i-razdvajanja-2\/\">Dunav<\/a> dok zalazi sunce, riblja \u010dorba na <a title=\"Zemun\" href=\"http:\/\/www.serbia.com\/srpski\/zemun-2\/\">Zemunskom keju<\/a>, \u0161etnja Knez Mihailovom ulicom, odmor na klupici ispred Hrama svetog Save, ve\u010de u boemskoj \u010detvrti &#8211; Skadarlija uz tambura\u0161e i vino, a onda zabava na nekom splavu sa koga \u0107ete mo\u0107i da posmatrate svetlucanje beogradskih reka\u2026 U\u010dini\u0107e Beograd mnogo toga da ga osetite da mu zauvek pripadate.<\/p>\n<p>Na severu Srbije u Panonskoj ravnici pru\u017ea se autonomna pokrajina Vojvodina. U umiruju\u0107im ravni\u010darskim predelima koje su naborale jedino <a title=\"Fru\u0161ka gora \u2013 nekada ostrvo, danas planina\" href=\"http:\/\/www.serbia.com\/srpski\/fruska-gora-nekada-ostrvo-danas-planina\/\">Fru\u0161ka gora<\/a> i Vr\u0161a\u010dke planine, sme\u0161teni su multikulturalni gradovi gostoljubivih i otvorenih ljudi. Na samom severu, blizu granice sa Ma\u0111arskom nalazi se <a title=\"Subotica\" href=\"http:\/\/www.serbia.com\/srpski\/posetite-srbiju\/sta-videti\/gradovi\/subotica\/\">Subotica<\/a>, grad sa vi\u0161e od 20 nacionalnih manjina, bajkovitim gra\u0111evinama jarkih boja i fantasti\u010dnim jezerom <a title=\"Pali\u0107, jezero napravljeno od suza\" href=\"http:\/\/www.serbia.com\/srpski\/palic-jezero-napravljeno-od-suza-2\/\">Pali\u0107<\/a> do kog se iz Subotice mo\u017ee do\u0161etati.<\/p>\n<p>Najve\u0107i grad Vojvodine i drugi grad po veli\u010dini u Srbiji, <a title=\"Novi Sad\" href=\"http:\/\/www.serbia.com\/srpski\/posetite-srbiju\/sta-videti\/gradovi\/novi-sad\/\">Novi Sad<\/a> sa divnom <a title=\"Petrovaradinska tvr\u0111ava, Gibraltar na Dunavu\" href=\"http:\/\/www.serbia.com\/srpski\/petrovaradinska-tvrdava-gibraltar-na-dunavu\/\">Petrovaradinskom tvr\u0111avom<\/a> \u010deka vas \u0161irom otvorenih ruku u podno\u017eju Fru\u0161ke gore. U Novom Sadu ne bi trebalo da propustite obilazak Tvr\u0111ave, <a title=\"EXIT festival, najbolji u regionu\" href=\"http:\/\/www.serbia.com\/srpski\/exit-najbolji-festival-u-regionu\/\">festival EXIT<\/a> u julu, kafu u centru grada ali ni vojvo\u0111anske tambura\u0161e u nekoj lokalnoj kafanici. U blizini Novog Sada nalaze se <a title=\"Sremski Karlovci, grad vina, duhovnosti i kulture\" href=\"http:\/\/www.serbia.com\/srpski\/sremski-karlovci-grad-vina-duhovnosti-i-kulture\/\">Sremski Karlovci<\/a> koje bi obavezno trebalo da uvrstite u svoju rutu. Svaki kutak ovog divnog grada odi\u0161e istorijom i kulturom, a u njemu \u0107ete mo\u0107i da probate najbolja vojvo\u0111anska vina u vinarijama kojih ima na svakom koraku.<\/p>\n<p>A korci uzbrdo odve\u0161\u0107e vas iz ovog malog grada na Fru\u0161ku goru stopama srpskih velikana koji su je obo\u017eavali. Ovde mo\u017eete u\u017eivati u najstarijem nacionalnom parku Srbije i posetiti \u010dak 16 manastira sagra\u0111enih izme\u0111u 16. i 18. veka u stilu baroka i moravske arhitekture srednjovekovne Srbije.<\/p>\n<p>U Vojvodini ne propustite <a title=\"Vr\u0161ac, lepa varo\u0161\" href=\"http:\/\/www.serbia.com\/srpski\/vrsac-lepa-varos\/\">Vr\u0161ac<\/a>, <a title=\"Zrenjanin, multikulturalni grad budu\u0107nosti\" href=\"http:\/\/www.serbia.com\/srpski\/zrenjanin-multikulturalni-grad-buducnosti\/\">Zrenjanin<\/a>, zatim jedinstveni prirodni fenomen &#8211; <a title=\"Tiski cvet\" href=\"http:\/\/www.serbia.com\/srpski\/tiski-cvet\/\">cvetanje reke Tise<\/a> u rano leto, sala\u0161e, mada \u0107e vas svako vojvo\u0111ansko selo i gradi\u0107 sa bajkovitim crkvicama kupiti svojim ravni\u010darskim \u0161armom, ali i odli\u010dnom trpezom.<\/p>\n<p>Zapadna Srbija ponudi\u0107e vam <a title=\"Planine\" href=\"http:\/\/www.serbia.com\/srpski\/posetite-srbiju\/sta-videti\/prirodne-lepote\/planine\/\">planine<\/a>, <a title=\"Reke i jezera\" href=\"http:\/\/www.serbia.com\/srpski\/posetite-srbiju\/sta-videti\/prirodne-lepote\/reke-i-jezera\/\">reke<\/a> i kanjone koji svojom lepotom privla\u010de najve\u0107i broj turista koji posete Srbiju. Kroz Ov\u010darsko \u2013 Kablarsku klisuru i gradove <a title=\"\u010ca\u010dak, grad u pokretu\" href=\"http:\/\/www.serbia.com\/srpski\/cacak-grad-u-pokretu\/\">\u010ca\u010dak<\/a> i U\u017eice sti\u017eete na <a title=\"Zlatibor, ukras na 1.000 metara visine\" href=\"http:\/\/www.serbia.com\/srpski\/zlatibor-ukras-na-1-000-metara-visine-2\/\">Zlatibor<\/a>, jedan od najve\u0107ih centara srpskog turizma sa najbogatijom turisti\u010dkom ponudom u Srbiji. Osim divne prirode i doma\u0107e planinske hrane, mo\u0107i \u0107ete da u\u017eivate u izletima u etno sela kojima je Zlatibor okru\u017een. Ne propustite da vidite neobi\u010dno etno selo <a title=\"\u010carobno selo Drvengrad\" href=\"http:\/\/www.serbia.com\/srpski\/carobno-selo-drvengrad\/\">Drvengrad<\/a> i staro selo Sirogojno, da se provozate starim vozom \u0106irom.<\/p>\n<p>Na oko 58 km udaljenosti od Zlatibora, ka zapadu, kroz bo\u017eanstvenu prirodu sti\u0107i \u0107ete do planine <a title=\"Tara, planinski dom staroslovenskih bogova\" href=\"http:\/\/www.serbia.com\/srpski\/tara-dom-staroslovenskih-bogova-2\/\">Tare<\/a> i istoimenog nacionalnog parka. Taru sa severozapdne strane okru\u017euje smaragdna reka <a title=\"Drina, divlja smaragdna lepotica\" href=\"http:\/\/www.serbia.com\/srpski\/drina-divlja-smaragdna-lepotica-2\/\">Drina<\/a> i kao njen najve\u0107i ukras &#8211; ve\u0161ta\u010dko <a title=\"Peru\u0107ac, raj za pecaro\u0161e\" href=\"http:\/\/www.serbia.com\/srpski\/spokoj-jezera-perucac\/\">jezero Peru\u0107ac<\/a>. Ukoliko ste avanturista, ne propustite <a title=\"Rafting: Spust niz divlje reke\" href=\"http:\/\/www.serbia.com\/srpski\/rafting-spust-niz-divlje-reke\/\">splavarenje Drinom<\/a>.<\/p>\n<p>Put ju\u017eno od Zlatibora preko planine Zlatar dove\u0161\u0107e vas do jednog od najlep\u0161ih kanjona u ovom delu Evrope, <a title=\"Uvac, remek-delo prirode\" href=\"http:\/\/www.serbia.com\/srpski\/uvac-remek-delo-prirode\/\">kanjona reke Uvac<\/a> koji pripada Specijalnom rezervatu prirode &#8211; Uvac. Osim nestvarno lepog kanjona, ovde se mo\u017ee videti i retka vrsta orla, Beloglavi Sup. Najzanimljiviji grad u ovom regionu je svakako Novi Pazar sa kulturnim \u0161arenilom, mno\u0161tvom starih d\u017eamija i srednjovekovnih manastira koji se nalaze pod za\u0161titom organizacije UNESCO.<\/p>\n<p>U Srbiji \u0107ete \u010desto \u010duti da je \u201c\u0160umadija srce Srbije\u201d, a i nalazi se u njenom centralnom delu. Ovaj deo zemlje karakteri\u0161e pitomija priroda, dok su najve\u0107i gradovi <a title=\"Kragujevac, zavi\u010daj moderne Srbije\" href=\"http:\/\/www.serbia.com\/srpski\/kragujevac-zavicaj-moderne-srbije\/\">Kragujevac<\/a>, <a title=\"Kru\u0161evac, grad kneza Lazara okru\u017een drevnim manastirima\" href=\"http:\/\/www.serbia.com\/srpski\/krusevac-grad-kneza-lazara-okruzen-drevnim-manastirima\/\">Kru\u0161evac<\/a> i <a title=\"Kraljevo, grad sedam kraljeva\" href=\"http:\/\/www.serbia.com\/srpski\/kraljevo-grad-sedam-kraljeva\/\">Kraljevo<\/a>. Centar turizma ovog dela zemlje je <a title=\"Vrnja\u010dka Banja\" href=\"http:\/\/www.serbia.com\/srpski\/posetite-srbiju\/sta-videti\/prirodne-lepote\/banje\/vrnjacka-banja\/\">Vrnja\u010dka Banja<\/a> u \u010dijoj blizini se nalazi <a title=\"Kopaonik, sun\u010dana planina puna srebra\" href=\"http:\/\/www.serbia.com\/srpski\/kopaonik-suncana-planina-puna-srebra-2\/\">Kopaonik<\/a>, jedna od najlep\u0161ih planina Srbije i veliki zimski turisti\u010dki centar.<\/p>\n<p>Isto\u010dni deo Srbije zaseni\u0107e vas velikim kulturnim bogatstvom, ostacima Rimske civilizacije. Na severo-zapadu ne propustite da vidite najve\u0107u klisuru Evrope \u2013 <a title=\"\u0110erdap: magi\u010dni spoj prirode i kulture\" href=\"http:\/\/www.serbia.com\/srpski\/derdap-magicni-spoj-prirode-i-kulture\/\">\u0110erdapsku klisuru<\/a>, a u njenoj blizini <a title=\"Lepenski vir, najstarije urbano naselje u Evropi\" href=\"http:\/\/www.serbia.com\/srpski\/lepenski-vir-najstarije-urbano-naselje-u-evropi-2\/\">Lepenski vir<\/a>, paleolitsko nalazi\u0161te na obali Dunava \u2013 prvo urbano naselje Evrope. Obavezno obi\u0111ite srednjovekovne tvr\u0111ave na Dunavu: Fetislam (kod Kladova), <a title=\"Tvr\u0111ava Golubac: \u010cuvar Dunava\" href=\"http:\/\/www.serbia.com\/srpski\/golubac-cuvar-dunava-2\/\">Golubac<\/a> i <a title=\"Smederevo, grad sa du\u0161om u tvr\u0111avi\" href=\"http:\/\/www.serbia.com\/srpski\/smederevo-grad-sa-dusom-u-tvrdavi\/\">Smederevsku tvr\u0111avu<\/a>, ali i ostatke Rimskog carstva: Trajanovu tablu i ostatke Trajanovog mosta, utvr\u0111enje Diana iz 1. veka, a zatim u blizini Zaje\u010dara \u2013 kasnoanti\u010dki dvorac rimskog imperatora Gaja Galerija Valerija Maksimilijana \u2013 <a title=\"Felix Romuliana, dom poslednjeg rimskog boga\" href=\"http:\/\/www.serbia.com\/srpski\/felix-romuliana-dom-poslednjeg-rimskog-boga-2\/\">arheolo\u0161ki lokalitet Felix Romuliana<\/a>.<\/p>\n<p>Na jugu Srbije o\u010dekuje Vas grad temperamentnih, dobro\u0107udnih i ljubaznih Ni\u0161lija, rodni grad rimskog cara Konstantina, u kome se i danas ose\u0107a me\u0161avina egzoti\u010dnosti Istoka i elegancije Zapada. Neobi\u010dna srednjovekovna tvr\u0111ava i ukusna ju\u017enja\u010dka hrana osta\u0107e va\u0161e najlep\u0161e se\u0107nje na ovaj grad. Ukoliko se na\u0111ete u <a title=\"Ni\u0161\" href=\"http:\/\/www.serbia.com\/srpski\/posetite-srbiju\/sta-videti\/gradovi\/nis\/\">Ni\u0161u<\/a> u avgustu, a ljubitelj ste d\u017eeza, ne propustite jedan od najboljih festival te muzike u ovom delu Evrope, <a title=\"Ni\u0161ville, autenti\u010dan spoj d\u017eeza i Balkana\" href=\"http:\/\/www.serbia.com\/srpski\/nisville-autentican-spoj-dzeza-i-balkana\/\">Ni\u0161ville<\/a>.<\/p>\n<p>Na krajnjem jugu Srbije nalazi se autonomna pokrajina Kosovo i Metohija. Od 1999. godine, nakon sukoba Albanaca i Srba i <a title=\"15 godina od NATO bombardovanja\" href=\"http:\/\/www.serbia.com\/srpski\/15-godina-od-nato-bombardovanja\/\">NATO bombardovanja SRJ<\/a>, ova pokrajna je pod me\u0111unarodnim protektoratom, a veliki broj Srba je raseljen sa ovih prostora. Danas na Kosovu i Metohiji \u017eivi oko 100 000 Srba. Ako se uputite ka ju\u017enoj srpskoj pokrajini, na\u0161a preporuka je da obi\u0111ete srednjovekovne manastire Gra\u010danicu, Visoke De\u010dane, Pe\u0107ku Patrijar\u0161iju, Crkvu Bogorodice Ljevi\u0161ke u Prizrenu, udahnite sve\u017e vazduh sa \u0160ar planine, popijte \u010da\u0161u metohijskog vina\u2026<\/p>\n<p>Ovo je bio kratak vodi\u010d kroz Srbiju, a ova rubrika portala Serbia.com nudi vam detaljne opise svega \u0161to bi trebalo da posetite tokom boravka u Srbiji.<\/p>\n<p>&nbsp;<\/p>\n","protected":false},"excerpt":{"rendered":"<p>Dobrodo\u0161li u zemlju velikog kulturnog bogatstva, divlje i pitome prirode i lepih gradova u kojima se prepli\u0107u Istok i Zapad, koji su se vekovima upravo ovde spajali. Ova rubrika portala [&hellip;]<\/p>\n","protected":false},"author":9,"featured_media":52494,"parent":20391,"menu_order":0,"comment_status":"closed","ping_status":"open","template":"","meta":{"_acf_changed":false,"inline_featured_image":false,"_monsterinsights_skip_tracking":false,"_monsterinsights_sitenote_active":false,"_monsterinsights_sitenote_note":"","_monsterinsights_sitenote_category":0,"footnotes":""},"categories":[959,2818],"tags":[],"class_list":["post-20430","page","type-page","status-publish","has-post-thumbnail","hentry","category-o-srbiji","category-poseti-srbiju"],"acf":[],"yoast_head":"<!-- This site is optimized with the Yoast SEO plugin v23.8 - https:\/\/yoast.com\/wordpress\/plugins\/seo\/ -->\n<title>\u0160ta videti? - Serbia.com<\/title>\n<meta name=\"robots\" content=\"index, follow, max-snippet:-1, max-image-preview:large, max-video-preview:-1\" \/>\n<link rel=\"canonical\" href=\"https:\/\/serbia.com\/srpski\/posetite-srbiju\/sta-videti\/\" \/>\n<meta property=\"og:locale\" content=\"en_US\" \/>\n<meta property=\"og:type\" content=\"article\" \/>\n<meta property=\"og:title\" content=\"\u0160ta videti? - Serbia.com\" \/>\n<meta property=\"og:description\" content=\"Dobrodo\u0161li u zemlju velikog kulturnog bogatstva, divlje i pitome prirode i lepih gradova u kojima se prepli\u0107u Istok i Zapad, koji su se vekovima upravo ovde spajali. Ova rubrika portala [&hellip;]\" \/>\n<meta property=\"og:url\" content=\"https:\/\/serbia.com\/srpski\/posetite-srbiju\/sta-videti\/\" \/>\n<meta property=\"og:site_name\" content=\"Serbia.com\" \/>\n<meta property=\"article:modified_time\" content=\"2015-03-09T11:44:44+00:00\" \/>\n<meta property=\"og:image\" content=\"https:\/\/serbia.com\/wp-content\/uploads\/2024\/05\/aleksandar-pavlovic-k_n5LPOFLMw-unsplash-scaled.jpg\" \/>\n\t<meta property=\"og:image:width\" content=\"2560\" \/>\n\t<meta property=\"og:image:height\" content=\"1920\" \/>\n\t<meta property=\"og:image:type\" content=\"image\/jpeg\" \/>\n<meta name=\"twitter:label1\" content=\"Est. reading time\" \/>\n\t<meta name=\"twitter:data1\" content=\"5 minutes\" \/>\n<script type=\"application\/ld+json\" class=\"yoast-schema-graph\">{\"@context\":\"https:\/\/schema.org\",\"@graph\":[{\"@type\":\"WebPage\",\"@id\":\"https:\/\/serbia.com\/srpski\/posetite-srbiju\/sta-videti\/\",\"url\":\"https:\/\/serbia.com\/srpski\/posetite-srbiju\/sta-videti\/\",\"name\":\"\u0160ta videti? - Serbia.com\",\"isPartOf\":{\"@id\":\"https:\/\/serbia.com\/#website\"},\"primaryImageOfPage\":{\"@id\":\"https:\/\/serbia.com\/srpski\/posetite-srbiju\/sta-videti\/#primaryimage\"},\"image\":{\"@id\":\"https:\/\/serbia.com\/srpski\/posetite-srbiju\/sta-videti\/#primaryimage\"},\"thumbnailUrl\":\"https:\/\/serbia.com\/wp-content\/uploads\/2024\/05\/aleksandar-pavlovic-k_n5LPOFLMw-unsplash-scaled.jpg\",\"datePublished\":\"2014-02-26T20:56:08+00:00\",\"dateModified\":\"2015-03-09T11:44:44+00:00\",\"breadcrumb\":{\"@id\":\"https:\/\/serbia.com\/srpski\/posetite-srbiju\/sta-videti\/#breadcrumb\"},\"inLanguage\":\"srpski\",\"potentialAction\":[{\"@type\":\"ReadAction\",\"target\":[\"https:\/\/serbia.com\/srpski\/posetite-srbiju\/sta-videti\/\"]}]},{\"@type\":\"ImageObject\",\"inLanguage\":\"srpski\",\"@id\":\"https:\/\/serbia.com\/srpski\/posetite-srbiju\/sta-videti\/#primaryimage\",\"url\":\"https:\/\/serbia.com\/wp-content\/uploads\/2024\/05\/aleksandar-pavlovic-k_n5LPOFLMw-unsplash-scaled.jpg\",\"contentUrl\":\"https:\/\/serbia.com\/wp-content\/uploads\/2024\/05\/aleksandar-pavlovic-k_n5LPOFLMw-unsplash-scaled.jpg\",\"width\":2560,\"height\":1920},{\"@type\":\"BreadcrumbList\",\"@id\":\"https:\/\/serbia.com\/srpski\/posetite-srbiju\/sta-videti\/#breadcrumb\",\"itemListElement\":[{\"@type\":\"ListItem\",\"position\":1,\"name\":\"Home\",\"item\":\"https:\/\/serbia.com\/srpski\/\"},{\"@type\":\"ListItem\",\"position\":2,\"name\":\"Poseti Srbiju\",\"item\":\"https:\/\/serbia.com\/srpski\/posetite-srbiju\/\"},{\"@type\":\"ListItem\",\"position\":3,\"name\":\"\u0160ta videti?\"}]},{\"@type\":\"WebSite\",\"@id\":\"https:\/\/serbia.com\/#website\",\"url\":\"https:\/\/serbia.com\/\",\"name\":\"Serbia.com\",\"description\":\"Your Gateway to Serbia\",\"potentialAction\":[{\"@type\":\"SearchAction\",\"target\":{\"@type\":\"EntryPoint\",\"urlTemplate\":\"https:\/\/serbia.com\/?s={search_term_string}\"},\"query-input\":{\"@type\":\"PropertyValueSpecification\",\"valueRequired\":true,\"valueName\":\"search_term_string\"}}],\"inLanguage\":\"srpski\"}]}<\/script>\n<!-- \/ Yoast SEO plugin. -->","yoast_head_json":{"title":"\u0160ta videti? - Serbia.com","robots":{"index":"index","follow":"follow","max-snippet":"max-snippet:-1","max-image-preview":"max-image-preview:large","max-video-preview":"max-video-preview:-1"},"canonical":"https:\/\/serbia.com\/srpski\/posetite-srbiju\/sta-videti\/","og_locale":"en_US","og_type":"article","og_title":"\u0160ta videti? - Serbia.com","og_description":"Dobrodo\u0161li u zemlju velikog kulturnog bogatstva, divlje i pitome prirode i lepih gradova u kojima se prepli\u0107u Istok i Zapad, koji su se vekovima upravo ovde spajali. Ova rubrika portala [&hellip;]","og_url":"https:\/\/serbia.com\/srpski\/posetite-srbiju\/sta-videti\/","og_site_name":"Serbia.com","article_modified_time":"2015-03-09T11:44:44+00:00","og_image":[{"width":2560,"height":1920,"url":"https:\/\/serbia.com\/wp-content\/uploads\/2024\/05\/aleksandar-pavlovic-k_n5LPOFLMw-unsplash-scaled.jpg","type":"image\/jpeg"}],"twitter_misc":{"Est. reading time":"5 minutes"},"schema":{"@context":"https:\/\/schema.org","@graph":[{"@type":"WebPage","@id":"https:\/\/serbia.com\/srpski\/posetite-srbiju\/sta-videti\/","url":"https:\/\/serbia.com\/srpski\/posetite-srbiju\/sta-videti\/","name":"\u0160ta videti? - Serbia.com","isPartOf":{"@id":"https:\/\/serbia.com\/#website"},"primaryImageOfPage":{"@id":"https:\/\/serbia.com\/srpski\/posetite-srbiju\/sta-videti\/#primaryimage"},"image":{"@id":"https:\/\/serbia.com\/srpski\/posetite-srbiju\/sta-videti\/#primaryimage"},"thumbnailUrl":"https:\/\/serbia.com\/wp-content\/uploads\/2024\/05\/aleksandar-pavlovic-k_n5LPOFLMw-unsplash-scaled.jpg","datePublished":"2014-02-26T20:56:08+00:00","dateModified":"2015-03-09T11:44:44+00:00","breadcrumb":{"@id":"https:\/\/serbia.com\/srpski\/posetite-srbiju\/sta-videti\/#breadcrumb"},"inLanguage":"srpski","potentialAction":[{"@type":"ReadAction","target":["https:\/\/serbia.com\/srpski\/posetite-srbiju\/sta-videti\/"]}]},{"@type":"ImageObject","inLanguage":"srpski","@id":"https:\/\/serbia.com\/srpski\/posetite-srbiju\/sta-videti\/#primaryimage","url":"https:\/\/serbia.com\/wp-content\/uploads\/2024\/05\/aleksandar-pavlovic-k_n5LPOFLMw-unsplash-scaled.jpg","contentUrl":"https:\/\/serbia.com\/wp-content\/uploads\/2024\/05\/aleksandar-pavlovic-k_n5LPOFLMw-unsplash-scaled.jpg","width":2560,"height":1920},{"@type":"BreadcrumbList","@id":"https:\/\/serbia.com\/srpski\/posetite-srbiju\/sta-videti\/#breadcrumb","itemListElement":[{"@type":"ListItem","position":1,"name":"Home","item":"https:\/\/serbia.com\/srpski\/"},{"@type":"ListItem","position":2,"name":"Poseti Srbiju","item":"https:\/\/serbia.com\/srpski\/posetite-srbiju\/"},{"@type":"ListItem","position":3,"name":"\u0160ta videti?"}]},{"@type":"WebSite","@id":"https:\/\/serbia.com\/#website","url":"https:\/\/serbia.com\/","name":"Serbia.com","description":"Your Gateway to Serbia","potentialAction":[{"@type":"SearchAction","target":{"@type":"EntryPoint","urlTemplate":"https:\/\/serbia.com\/?s={search_term_string}"},"query-input":{"@type":"PropertyValueSpecification","valueRequired":true,"valueName":"search_term_string"}}],"inLanguage":"srpski"}]}},"_links":{"self":[{"href":"https:\/\/serbia.com\/srpski\/wp-json\/wp\/v2\/pages\/20430"}],"collection":[{"href":"https:\/\/serbia.com\/srpski\/wp-json\/wp\/v2\/pages"}],"about":[{"href":"https:\/\/serbia.com\/srpski\/wp-json\/wp\/v2\/types\/page"}],"author":[{"embeddable":true,"href":"https:\/\/serbia.com\/srpski\/wp-json\/wp\/v2\/users\/9"}],"replies":[{"embeddable":true,"href":"https:\/\/serbia.com\/srpski\/wp-json\/wp\/v2\/comments?post=20430"}],"version-history":[{"count":0,"href":"https:\/\/serbia.com\/srpski\/wp-json\/wp\/v2\/pages\/20430\/revisions"}],"up":[{"embeddable":true,"href":"https:\/\/serbia.com\/srpski\/wp-json\/wp\/v2\/pages\/20391"}],"wp:featuredmedia":[{"embeddable":true,"href":"https:\/\/serbia.com\/srpski\/wp-json\/wp\/v2\/media\/52494"}],"wp:attachment":[{"href":"https:\/\/serbia.com\/srpski\/wp-json\/wp\/v2\/media?parent=20430"}],"wp:term":[{"taxonomy":"category","embeddable":true,"href":"https:\/\/serbia.com\/srpski\/wp-json\/wp\/v2\/categories?post=20430"},{"taxonomy":"post_tag","embeddable":true,"href":"https:\/\/serbia.com\/srpski\/wp-json\/wp\/v2\/tags?post=20430"}],"curies":[{"name":"wp","href":"https:\/\/api.w.org\/{rel}","templated":true}]}}