{"id":20428,"date":"2014-02-26T21:52:48","date_gmt":"2014-02-26T20:52:48","guid":{"rendered":"http:\/\/www.serbia.com\/?page_id=20428"},"modified":"2024-10-20T20:25:27","modified_gmt":"2024-10-20T18:25:27","slug":"soping","status":"publish","type":"page","link":"https:\/\/serbia.com\/srpski\/posetite-srbiju\/provedi-se\/soping\/","title":{"rendered":"\u0160oping"},"content":{"rendered":"<p>Kao va\u017ean deo Evrope, sme\u0161tena na raskrsnici trgova\u010dkih puteva, Srbija u stopu prati evropske trendove u trgova\u010dkoj ponudi i potra\u017enji.<\/p>\n<p>Pored ode\u0107e poznatih svetskih brendova, u Srbiji mo\u017eete prona\u0107i i mnogo originalnih, ru\u010dno ra\u0111enih odevnih i ku\u0107nih predmeta, kao i aksesoara. <a title=\"Suveniri iz Srbije, poklon od srca\" href=\"http:\/\/www.serbia.com\/srpski\/suveniri-iz-srbije-poklon-od-srca\/\">Suvenire<\/a> mo\u017eete kupiti na ulicama, kao i u knji\u017earama i specijalizovanim radnjama.<\/p>\n<p>Kao i u svakoj evropskoj prestonici, i u <a title=\"Beograd\" href=\"http:\/\/www.serbia.com\/srpski\/posetite-srbiju\/sta-videti\/gradovi\/beograd\/\">Beogradu<\/a> su svoje mesto prona\u0161le radnje najve\u0107ih svetskih brendova. U glavnom gradu Srbije vas o\u010dekuje najbogatiji izbor kada je \u0161oping u pitanju. Ipak, poslednjih godina i u manjim gradovima zemlje se otvaraju se veliki trgovinski lanci i radnje poznatih brendova.<\/p>\n<p>Najve\u0107i shopping centri nalaze se u Beogradu:<\/p>\n<p>1. U\u0161\u0107e Shopping Center (Bulevar Mihajla Pupina 4, radno vreme svakog dana od 10 do 22)<\/p>\n<p>2. Delta City (Jurija Gagarina 16, Novi Beograd, radno vreme svakog dana od 10h do 22h)<\/p>\n<p>3. Stadion Shopping Center (Zaplanjska 32, Vo\u017edovac, radno vreme svakog dana od 10h do 22h)<\/p>\n<p>4. Mercator (Bulevar umetnosti 4, Novi Beograd, radno vreme svakog dana od 9h do 22h).<\/p>\n<p>Osim u shopping centrima, brendiranu garderobu u Beogradu mo\u017eete prona\u0107i i u centru grada, na Terazijama i u Knez Mihailovoj ulici. Veliki broj prodavnica sa prete\u017eno turskom i kineskom garderobom o\u010dekuje vas i na Bulevaru kralja Aleksandra.<\/p>\n<p>U <a title=\"Novi Sad\" href=\"http:\/\/www.serbia.com\/srpski\/posetite-srbiju\/sta-videti\/gradovi\/novi-sad\/\">Novom Sadu<\/a> potra\u017eita najve\u0107i broj brendova u Big Shopping Centru (Sentandrejski put 11, radno vreme svakog dana od 10h do 22h), dok \u0107ete u centru grada prona\u0107i veliki broj radnji garderobe, tehnike i nakita.<\/p>\n<p><a title=\"Ni\u0161\" href=\"http:\/\/www.serbia.com\/srpski\/posetite-srbiju\/sta-videti\/gradovi\/nis\/\">Ni\u0161<\/a> ima dva velika tr\u017ena centra:<\/p>\n<p>1. Forum Shopping Center (Obrenovi\u0107eva 48, radno vreme svakog dana od 10h do 22h)<\/p>\n<p>2. Mercator (Vizantijski bulevar 1, radno vreme svakog dana od 9h do 22h).<\/p>\n<p>Dok \u0161etate zaba\u010denim ulicama gradova Srbije, prona\u0107i \u0107ete skrivene radnjie svega i sva\u010dega: od ru\u010dno pravljenog nakita, antikviteta, slikarskih ateljea, suvenira, radnji doma\u0107ih kreatora\u2026<\/p>\n<p>Za sve zaljubljenike u visoku modu, u Beogradu se svake godine u aprilu i oktobru organizuje \u201cNedelja mode\u201d (Belgrade Fashion Week) &#8211; manifestacija po uzoru na one koje se odr\u017eavaju u svetskim modnim centrima, na kojoj najnovije kreacije predstavljaju doma\u0107i autori, svetske modne ku\u0107e, ali i jo\u0161 neafirmisani dizajneri i studenti fakulteta primenjene umetnosti.<\/p>\n<p>Nedelja mode u Srbiji ima dugu tradiciju \u2013 organizuje se od 1996. godine i odli\u010dna je prilika da se pogledaju i uporede svetski i srpski modni tokovi.<\/p>\n<p>Na kraju, ne zaboravite da iz iz Srbije ponesete dragoj osobi licidarsko srce \u2013 tradicionalni kola\u010d ukra\u0161en tradicionalnim srpskim bojama i \u0161arama, koji su nekada mladi\u0107i poklanjali devojkama kako bi mi pokazali svoju naklonost.<\/p>\n","protected":false},"excerpt":{"rendered":"<p>Kao va\u017ean deo Evrope, sme\u0161tena na raskrsnici trgova\u010dkih puteva, Srbija u stopu prati evropske trendove u trgova\u010dkoj ponudi i potra\u017enji. Pored ode\u0107e poznatih svetskih brendova, u Srbiji mo\u017eete prona\u0107i i [&hellip;]<\/p>\n","protected":false},"author":9,"featured_media":53091,"parent":22545,"menu_order":0,"comment_status":"closed","ping_status":"open","template":"","meta":{"_acf_changed":false,"inline_featured_image":false,"_monsterinsights_skip_tracking":false,"_monsterinsights_sitenote_active":false,"_monsterinsights_sitenote_note":"","_monsterinsights_sitenote_category":0,"footnotes":""},"categories":[1697],"tags":[],"class_list":["post-20428","page","type-page","status-publish","has-post-thumbnail","hentry","category-soping-provedi-se"],"acf":[],"yoast_head":"<!-- This site is optimized with the Yoast SEO plugin v23.8 - https:\/\/yoast.com\/wordpress\/plugins\/seo\/ -->\n<title>\u0160oping - Serbia.com<\/title>\n<meta name=\"robots\" content=\"index, follow, max-snippet:-1, max-image-preview:large, max-video-preview:-1\" \/>\n<link rel=\"canonical\" href=\"https:\/\/serbia.com\/srpski\/posetite-srbiju\/provedi-se\/soping\/\" \/>\n<meta property=\"og:locale\" content=\"en_US\" \/>\n<meta property=\"og:type\" content=\"article\" \/>\n<meta property=\"og:title\" content=\"\u0160oping - Serbia.com\" \/>\n<meta property=\"og:description\" content=\"Kao va\u017ean deo Evrope, sme\u0161tena na raskrsnici trgova\u010dkih puteva, Srbija u stopu prati evropske trendove u trgova\u010dkoj ponudi i potra\u017enji. Pored ode\u0107e poznatih svetskih brendova, u Srbiji mo\u017eete prona\u0107i i [&hellip;]\" \/>\n<meta property=\"og:url\" content=\"https:\/\/serbia.com\/srpski\/posetite-srbiju\/provedi-se\/soping\/\" \/>\n<meta property=\"og:site_name\" content=\"Serbia.com\" \/>\n<meta property=\"article:modified_time\" content=\"2024-10-20T18:25:27+00:00\" \/>\n<meta property=\"og:image\" content=\"https:\/\/serbia.com\/wp-content\/uploads\/2024\/05\/freestocks-_3Q3tsJ01nc-unsplash-scaled.jpg\" \/>\n\t<meta property=\"og:image:width\" content=\"2560\" \/>\n\t<meta property=\"og:image:height\" content=\"1707\" \/>\n\t<meta property=\"og:image:type\" content=\"image\/jpeg\" \/>\n<meta name=\"twitter:label1\" content=\"Est. reading time\" \/>\n\t<meta name=\"twitter:data1\" content=\"3 minutes\" \/>\n<script type=\"application\/ld+json\" class=\"yoast-schema-graph\">{\"@context\":\"https:\/\/schema.org\",\"@graph\":[{\"@type\":\"WebPage\",\"@id\":\"https:\/\/serbia.com\/srpski\/posetite-srbiju\/provedi-se\/soping\/\",\"url\":\"https:\/\/serbia.com\/srpski\/posetite-srbiju\/provedi-se\/soping\/\",\"name\":\"\u0160oping - Serbia.com\",\"isPartOf\":{\"@id\":\"https:\/\/serbia.com\/#website\"},\"primaryImageOfPage\":{\"@id\":\"https:\/\/serbia.com\/srpski\/posetite-srbiju\/provedi-se\/soping\/#primaryimage\"},\"image\":{\"@id\":\"https:\/\/serbia.com\/srpski\/posetite-srbiju\/provedi-se\/soping\/#primaryimage\"},\"thumbnailUrl\":\"https:\/\/serbia.com\/wp-content\/uploads\/2024\/05\/freestocks-_3Q3tsJ01nc-unsplash-scaled.jpg\",\"datePublished\":\"2014-02-26T20:52:48+00:00\",\"dateModified\":\"2024-10-20T18:25:27+00:00\",\"breadcrumb\":{\"@id\":\"https:\/\/serbia.com\/srpski\/posetite-srbiju\/provedi-se\/soping\/#breadcrumb\"},\"inLanguage\":\"srpski\",\"potentialAction\":[{\"@type\":\"ReadAction\",\"target\":[\"https:\/\/serbia.com\/srpski\/posetite-srbiju\/provedi-se\/soping\/\"]}]},{\"@type\":\"ImageObject\",\"inLanguage\":\"srpski\",\"@id\":\"https:\/\/serbia.com\/srpski\/posetite-srbiju\/provedi-se\/soping\/#primaryimage\",\"url\":\"https:\/\/serbia.com\/wp-content\/uploads\/2024\/05\/freestocks-_3Q3tsJ01nc-unsplash-scaled.jpg\",\"contentUrl\":\"https:\/\/serbia.com\/wp-content\/uploads\/2024\/05\/freestocks-_3Q3tsJ01nc-unsplash-scaled.jpg\",\"width\":2560,\"height\":1707},{\"@type\":\"BreadcrumbList\",\"@id\":\"https:\/\/serbia.com\/srpski\/posetite-srbiju\/provedi-se\/soping\/#breadcrumb\",\"itemListElement\":[{\"@type\":\"ListItem\",\"position\":1,\"name\":\"Home\",\"item\":\"https:\/\/serbia.com\/srpski\/\"},{\"@type\":\"ListItem\",\"position\":2,\"name\":\"Poseti Srbiju\",\"item\":\"https:\/\/serbia.com\/srpski\/posetite-srbiju\/\"},{\"@type\":\"ListItem\",\"position\":3,\"name\":\"Provedi se\",\"item\":\"https:\/\/serbia.com\/srpski\/posetite-srbiju\/provedi-se\/\"},{\"@type\":\"ListItem\",\"position\":4,\"name\":\"\u0160oping\"}]},{\"@type\":\"WebSite\",\"@id\":\"https:\/\/serbia.com\/#website\",\"url\":\"https:\/\/serbia.com\/\",\"name\":\"Serbia.com\",\"description\":\"Your Gateway to Serbia\",\"potentialAction\":[{\"@type\":\"SearchAction\",\"target\":{\"@type\":\"EntryPoint\",\"urlTemplate\":\"https:\/\/serbia.com\/?s={search_term_string}\"},\"query-input\":{\"@type\":\"PropertyValueSpecification\",\"valueRequired\":true,\"valueName\":\"search_term_string\"}}],\"inLanguage\":\"srpski\"}]}<\/script>\n<!-- \/ Yoast SEO plugin. -->","yoast_head_json":{"title":"\u0160oping - Serbia.com","robots":{"index":"index","follow":"follow","max-snippet":"max-snippet:-1","max-image-preview":"max-image-preview:large","max-video-preview":"max-video-preview:-1"},"canonical":"https:\/\/serbia.com\/srpski\/posetite-srbiju\/provedi-se\/soping\/","og_locale":"en_US","og_type":"article","og_title":"\u0160oping - Serbia.com","og_description":"Kao va\u017ean deo Evrope, sme\u0161tena na raskrsnici trgova\u010dkih puteva, Srbija u stopu prati evropske trendove u trgova\u010dkoj ponudi i potra\u017enji. Pored ode\u0107e poznatih svetskih brendova, u Srbiji mo\u017eete prona\u0107i i [&hellip;]","og_url":"https:\/\/serbia.com\/srpski\/posetite-srbiju\/provedi-se\/soping\/","og_site_name":"Serbia.com","article_modified_time":"2024-10-20T18:25:27+00:00","og_image":[{"width":2560,"height":1707,"url":"https:\/\/serbia.com\/wp-content\/uploads\/2024\/05\/freestocks-_3Q3tsJ01nc-unsplash-scaled.jpg","type":"image\/jpeg"}],"twitter_misc":{"Est. reading time":"3 minutes"},"schema":{"@context":"https:\/\/schema.org","@graph":[{"@type":"WebPage","@id":"https:\/\/serbia.com\/srpski\/posetite-srbiju\/provedi-se\/soping\/","url":"https:\/\/serbia.com\/srpski\/posetite-srbiju\/provedi-se\/soping\/","name":"\u0160oping - Serbia.com","isPartOf":{"@id":"https:\/\/serbia.com\/#website"},"primaryImageOfPage":{"@id":"https:\/\/serbia.com\/srpski\/posetite-srbiju\/provedi-se\/soping\/#primaryimage"},"image":{"@id":"https:\/\/serbia.com\/srpski\/posetite-srbiju\/provedi-se\/soping\/#primaryimage"},"thumbnailUrl":"https:\/\/serbia.com\/wp-content\/uploads\/2024\/05\/freestocks-_3Q3tsJ01nc-unsplash-scaled.jpg","datePublished":"2014-02-26T20:52:48+00:00","dateModified":"2024-10-20T18:25:27+00:00","breadcrumb":{"@id":"https:\/\/serbia.com\/srpski\/posetite-srbiju\/provedi-se\/soping\/#breadcrumb"},"inLanguage":"srpski","potentialAction":[{"@type":"ReadAction","target":["https:\/\/serbia.com\/srpski\/posetite-srbiju\/provedi-se\/soping\/"]}]},{"@type":"ImageObject","inLanguage":"srpski","@id":"https:\/\/serbia.com\/srpski\/posetite-srbiju\/provedi-se\/soping\/#primaryimage","url":"https:\/\/serbia.com\/wp-content\/uploads\/2024\/05\/freestocks-_3Q3tsJ01nc-unsplash-scaled.jpg","contentUrl":"https:\/\/serbia.com\/wp-content\/uploads\/2024\/05\/freestocks-_3Q3tsJ01nc-unsplash-scaled.jpg","width":2560,"height":1707},{"@type":"BreadcrumbList","@id":"https:\/\/serbia.com\/srpski\/posetite-srbiju\/provedi-se\/soping\/#breadcrumb","itemListElement":[{"@type":"ListItem","position":1,"name":"Home","item":"https:\/\/serbia.com\/srpski\/"},{"@type":"ListItem","position":2,"name":"Poseti Srbiju","item":"https:\/\/serbia.com\/srpski\/posetite-srbiju\/"},{"@type":"ListItem","position":3,"name":"Provedi se","item":"https:\/\/serbia.com\/srpski\/posetite-srbiju\/provedi-se\/"},{"@type":"ListItem","position":4,"name":"\u0160oping"}]},{"@type":"WebSite","@id":"https:\/\/serbia.com\/#website","url":"https:\/\/serbia.com\/","name":"Serbia.com","description":"Your Gateway to Serbia","potentialAction":[{"@type":"SearchAction","target":{"@type":"EntryPoint","urlTemplate":"https:\/\/serbia.com\/?s={search_term_string}"},"query-input":{"@type":"PropertyValueSpecification","valueRequired":true,"valueName":"search_term_string"}}],"inLanguage":"srpski"}]}},"_links":{"self":[{"href":"https:\/\/serbia.com\/srpski\/wp-json\/wp\/v2\/pages\/20428"}],"collection":[{"href":"https:\/\/serbia.com\/srpski\/wp-json\/wp\/v2\/pages"}],"about":[{"href":"https:\/\/serbia.com\/srpski\/wp-json\/wp\/v2\/types\/page"}],"author":[{"embeddable":true,"href":"https:\/\/serbia.com\/srpski\/wp-json\/wp\/v2\/users\/9"}],"replies":[{"embeddable":true,"href":"https:\/\/serbia.com\/srpski\/wp-json\/wp\/v2\/comments?post=20428"}],"version-history":[{"count":1,"href":"https:\/\/serbia.com\/srpski\/wp-json\/wp\/v2\/pages\/20428\/revisions"}],"predecessor-version":[{"id":55770,"href":"https:\/\/serbia.com\/srpski\/wp-json\/wp\/v2\/pages\/20428\/revisions\/55770"}],"up":[{"embeddable":true,"href":"https:\/\/serbia.com\/srpski\/wp-json\/wp\/v2\/pages\/22545"}],"wp:featuredmedia":[{"embeddable":true,"href":"https:\/\/serbia.com\/srpski\/wp-json\/wp\/v2\/media\/53091"}],"wp:attachment":[{"href":"https:\/\/serbia.com\/srpski\/wp-json\/wp\/v2\/media?parent=20428"}],"wp:term":[{"taxonomy":"category","embeddable":true,"href":"https:\/\/serbia.com\/srpski\/wp-json\/wp\/v2\/categories?post=20428"},{"taxonomy":"post_tag","embeddable":true,"href":"https:\/\/serbia.com\/srpski\/wp-json\/wp\/v2\/tags?post=20428"}],"curies":[{"name":"wp","href":"https:\/\/api.w.org\/{rel}","templated":true}]}}