{"id":20424,"date":"2014-02-26T21:33:33","date_gmt":"2014-02-26T20:33:33","guid":{"rendered":"http:\/\/www.serbia.com\/?page_id=20424"},"modified":"2024-10-20T20:24:34","modified_gmt":"2024-10-20T18:24:34","slug":"nocni-zivot","status":"publish","type":"page","link":"https:\/\/serbia.com\/srpski\/posetite-srbiju\/provedi-se\/nocni-zivot\/","title":{"rendered":"No\u0107ni \u017eivot"},"content":{"rendered":"<p>Izlasci i lumpovanje do jutra, kakvi se ne mogu na\u0107i u drugim evropskim prestonicama, proslavili su no\u0107ni \u017eivot Srbije, a posebno <a title=\"Beograd\" href=\"http:\/\/www.serbia.com\/srpski\/posetite-srbiju\/gradovi\/beograd\/\" target=\"_blank\" rel=\"noopener noreferrer\">Beograda<\/a>, pa mnogi relevantni subjekti iz sveta turizma opisuju no\u0107ni \u017eivot srpske prestonice kao jedan od najboljih u Evropi.<\/p>\n<p>Upravo zbog toga, ovu pri\u010du po\u010dinjemo <a href=\"https:\/\/www.gdeizaci.com\" target=\"_blank\" rel=\"noopener noreferrer\">no\u0107nim \u017eivotom Beograda<\/a>.<\/p>\n<p>Beograd je najbolji grad za no\u0107ni \u017eivot, tvrdi najpoznatiji izdava\u010d turisti\u010dkih vodi\u010da \u201eLonely planet\u201c. Ono \u0161to ne mo\u017eete na\u0107i u drugim evropskim prestonicama u Beogradu sigurno ho\u0107ete, jer je to grad koji, poput Njujorka, nikada ne spava.<\/p>\n<p>Svake ve\u010deri mnogobrojni klubovi bude uspavani duh Beograda kojem je te\u0161ko odoleti. Ovde nema posebnog dana za izlaske ve\u0107 se u dobru zabavu kre\u0107e uvek \u2013 va\u0161a je svaka no\u0107 bilo da je ponedeljak, sreda ili petak, dok vikendom ceo grad pulsira u ritmu dobrog provoda.<\/p>\n<p>Beogradski no\u0107ni \u017eivot je na tronu prestoni\u010dkih provoda bio jo\u0161 pre vi\u0161e od 40 godina kada je prva diskoteka na potezu od Trsta do Vladivostoka otvorena u beogradskoj ulici Lole Ribara. Te daleke 1967. godine, u Evropi su diskoteke postojale samo u Parizu, Londonu, Milanu i, naravno, u Beogradu.<\/p>\n<p>Tako\u0111e, kulturolo\u0161ki fenomen poznat samo na ovim prostorima su popularni <a title=\"Splavovi, epicentri dobrog provoda\" href=\"http:\/\/www.serbia.com\/srpski\/posetite-srbiju\/provedi-se\/nocni-zivot\/splavovi-epicentri-dobrog-provoda\/\" target=\"_blank\" rel=\"noopener noreferrer\">splavovi<\/a>, koji su od prostora za opu\u0161tanje i odmor prerasli u atrakciju poznatu \u0161irom sveta i postali jedna od obaveznih destinacija svima koji pose\u0107uju Srbiju. Ove \u201ediskoteke na vodi\u201c postale su toliko poznate da je i sama re\u010d \u201esplav\u201c dobila me\u0111unarodni karater i vi\u0161e se ne prevodi u mnogim jezicima sveta.<\/p>\n<p>U zavisnosti od va\u0161ih li\u010dnih afiniteta, na splavovima i u <a title=\"No\u0107ni klubovi\" href=\"http:\/\/www.serbia.com\/srpski\/posetite-srbiju\/provedi-se\/nocni-zivot\/nocni-klubovi\/\" target=\"_blank\" rel=\"noopener noreferrer\">klubovima<\/a> mo\u017eete u\u017eivati kako u doma\u0107oj, tako i u disco house i RnB muzici. Rok I d\u017eez muzika se svira uglavnom po manjim barovima, a starogradska muzika koja je nastajala na teritoriji biv\u0161e Jugoslavije svira se u <a title=\"Kafana, centar \u017eivota u Srbiji\" href=\"http:\/\/www.serbia.com\/srpski\/posetite-srbiju\/provedi-se\/nocni-zivot\/kafana-centar-zivota-u-srbiji\/\" target=\"_blank\" rel=\"noopener noreferrer\">kafanama<\/a>.<\/p>\n<p>Kafane su u Srbiji oduvek bile centar dru\u0161tvenog \u017eivota, a poslednjih godina su sve popularnije i me\u0111u mla\u0111om populacijom, kao varijanta za ve\u010dernji izlazak. Jedinstvena kafanska atmosfera nikoga ne ostavlja ravnodu\u0161nim. Zvuci starogradske muzike, tradicija penjanja na stolove i stolice kao odraz radosti ili tuge kada neka nostalgi\u010dna pesma dotakne du\u0161e gostiju I njihovo zajeni\u010dko veselje, slike su koje se ne zaboravljaju. Kafane mo\u017eete prona\u0107i \u0161irom cele Srbije: od najve\u0107ih gradova do najmanjih varo\u0161i, pa i sela, a njihovu specifi\u010dnu atmosferu zaista ne bi trebalo propustiti.<\/p>\n<p>Stoga, ako ste ljubitelj dobre no\u0107ne zabave, Srbija vas ne\u0107e razo\u010darati.<\/p>\n","protected":false},"excerpt":{"rendered":"<p>Izlasci i lumpovanje do jutra, kakvi se ne mogu na\u0107i u drugim evropskim prestonicama, proslavili su no\u0107ni \u017eivot Srbije, a posebno Beograda, pa mnogi relevantni subjekti iz sveta turizma opisuju [&hellip;]<\/p>\n","protected":false},"author":9,"featured_media":18156,"parent":22545,"menu_order":0,"comment_status":"closed","ping_status":"open","template":"","meta":{"_acf_changed":false,"inline_featured_image":false,"_monsterinsights_skip_tracking":false,"_monsterinsights_sitenote_active":false,"_monsterinsights_sitenote_note":"","_monsterinsights_sitenote_category":0,"footnotes":""},"categories":[1691],"tags":[],"class_list":["post-20424","page","type-page","status-publish","has-post-thumbnail","hentry","category-nocni-zivot"],"acf":[],"yoast_head":"<!-- This site is optimized with the Yoast SEO plugin v23.8 - https:\/\/yoast.com\/wordpress\/plugins\/seo\/ -->\n<title>No\u0107ni \u017eivot - Serbia.com<\/title>\n<meta name=\"robots\" content=\"index, follow, max-snippet:-1, max-image-preview:large, max-video-preview:-1\" \/>\n<link rel=\"canonical\" href=\"https:\/\/serbia.com\/srpski\/posetite-srbiju\/provedi-se\/nocni-zivot\/\" \/>\n<meta property=\"og:locale\" content=\"en_US\" \/>\n<meta property=\"og:type\" content=\"article\" \/>\n<meta property=\"og:title\" content=\"No\u0107ni \u017eivot - Serbia.com\" \/>\n<meta property=\"og:description\" content=\"Izlasci i lumpovanje do jutra, kakvi se ne mogu na\u0107i u drugim evropskim prestonicama, proslavili su no\u0107ni \u017eivot Srbije, a posebno Beograda, pa mnogi relevantni subjekti iz sveta turizma opisuju [&hellip;]\" \/>\n<meta property=\"og:url\" content=\"https:\/\/serbia.com\/srpski\/posetite-srbiju\/provedi-se\/nocni-zivot\/\" \/>\n<meta property=\"og:site_name\" content=\"Serbia.com\" \/>\n<meta property=\"article:modified_time\" content=\"2024-10-20T18:24:34+00:00\" \/>\n<meta property=\"og:image\" content=\"https:\/\/serbia.com\/wp-content\/uploads\/2013\/04\/Festival-1.jpg\" \/>\n\t<meta property=\"og:image:width\" content=\"1920\" \/>\n\t<meta property=\"og:image:height\" content=\"1278\" \/>\n\t<meta property=\"og:image:type\" content=\"image\/jpeg\" \/>\n<meta name=\"twitter:label1\" content=\"Est. reading time\" \/>\n\t<meta name=\"twitter:data1\" content=\"2 minutes\" \/>\n<script type=\"application\/ld+json\" class=\"yoast-schema-graph\">{\"@context\":\"https:\/\/schema.org\",\"@graph\":[{\"@type\":\"WebPage\",\"@id\":\"https:\/\/serbia.com\/srpski\/posetite-srbiju\/provedi-se\/nocni-zivot\/\",\"url\":\"https:\/\/serbia.com\/srpski\/posetite-srbiju\/provedi-se\/nocni-zivot\/\",\"name\":\"No\u0107ni \u017eivot - Serbia.com\",\"isPartOf\":{\"@id\":\"https:\/\/serbia.com\/#website\"},\"primaryImageOfPage\":{\"@id\":\"https:\/\/serbia.com\/srpski\/posetite-srbiju\/provedi-se\/nocni-zivot\/#primaryimage\"},\"image\":{\"@id\":\"https:\/\/serbia.com\/srpski\/posetite-srbiju\/provedi-se\/nocni-zivot\/#primaryimage\"},\"thumbnailUrl\":\"https:\/\/serbia.com\/wp-content\/uploads\/2013\/04\/Festival-1.jpg\",\"datePublished\":\"2014-02-26T20:33:33+00:00\",\"dateModified\":\"2024-10-20T18:24:34+00:00\",\"breadcrumb\":{\"@id\":\"https:\/\/serbia.com\/srpski\/posetite-srbiju\/provedi-se\/nocni-zivot\/#breadcrumb\"},\"inLanguage\":\"srpski\",\"potentialAction\":[{\"@type\":\"ReadAction\",\"target\":[\"https:\/\/serbia.com\/srpski\/posetite-srbiju\/provedi-se\/nocni-zivot\/\"]}]},{\"@type\":\"ImageObject\",\"inLanguage\":\"srpski\",\"@id\":\"https:\/\/serbia.com\/srpski\/posetite-srbiju\/provedi-se\/nocni-zivot\/#primaryimage\",\"url\":\"https:\/\/serbia.com\/wp-content\/uploads\/2013\/04\/Festival-1.jpg\",\"contentUrl\":\"https:\/\/serbia.com\/wp-content\/uploads\/2013\/04\/Festival-1.jpg\",\"width\":1920,\"height\":1278},{\"@type\":\"BreadcrumbList\",\"@id\":\"https:\/\/serbia.com\/srpski\/posetite-srbiju\/provedi-se\/nocni-zivot\/#breadcrumb\",\"itemListElement\":[{\"@type\":\"ListItem\",\"position\":1,\"name\":\"Home\",\"item\":\"https:\/\/serbia.com\/srpski\/\"},{\"@type\":\"ListItem\",\"position\":2,\"name\":\"Poseti Srbiju\",\"item\":\"https:\/\/serbia.com\/srpski\/posetite-srbiju\/\"},{\"@type\":\"ListItem\",\"position\":3,\"name\":\"Provedi se\",\"item\":\"https:\/\/serbia.com\/srpski\/posetite-srbiju\/provedi-se\/\"},{\"@type\":\"ListItem\",\"position\":4,\"name\":\"No\u0107ni \u017eivot\"}]},{\"@type\":\"WebSite\",\"@id\":\"https:\/\/serbia.com\/#website\",\"url\":\"https:\/\/serbia.com\/\",\"name\":\"Serbia.com\",\"description\":\"Your Gateway to Serbia\",\"potentialAction\":[{\"@type\":\"SearchAction\",\"target\":{\"@type\":\"EntryPoint\",\"urlTemplate\":\"https:\/\/serbia.com\/?s={search_term_string}\"},\"query-input\":{\"@type\":\"PropertyValueSpecification\",\"valueRequired\":true,\"valueName\":\"search_term_string\"}}],\"inLanguage\":\"srpski\"}]}<\/script>\n<!-- \/ Yoast SEO plugin. -->","yoast_head_json":{"title":"No\u0107ni \u017eivot - Serbia.com","robots":{"index":"index","follow":"follow","max-snippet":"max-snippet:-1","max-image-preview":"max-image-preview:large","max-video-preview":"max-video-preview:-1"},"canonical":"https:\/\/serbia.com\/srpski\/posetite-srbiju\/provedi-se\/nocni-zivot\/","og_locale":"en_US","og_type":"article","og_title":"No\u0107ni \u017eivot - Serbia.com","og_description":"Izlasci i lumpovanje do jutra, kakvi se ne mogu na\u0107i u drugim evropskim prestonicama, proslavili su no\u0107ni \u017eivot Srbije, a posebno Beograda, pa mnogi relevantni subjekti iz sveta turizma opisuju [&hellip;]","og_url":"https:\/\/serbia.com\/srpski\/posetite-srbiju\/provedi-se\/nocni-zivot\/","og_site_name":"Serbia.com","article_modified_time":"2024-10-20T18:24:34+00:00","og_image":[{"width":1920,"height":1278,"url":"https:\/\/serbia.com\/wp-content\/uploads\/2013\/04\/Festival-1.jpg","type":"image\/jpeg"}],"twitter_misc":{"Est. reading time":"2 minutes"},"schema":{"@context":"https:\/\/schema.org","@graph":[{"@type":"WebPage","@id":"https:\/\/serbia.com\/srpski\/posetite-srbiju\/provedi-se\/nocni-zivot\/","url":"https:\/\/serbia.com\/srpski\/posetite-srbiju\/provedi-se\/nocni-zivot\/","name":"No\u0107ni \u017eivot - Serbia.com","isPartOf":{"@id":"https:\/\/serbia.com\/#website"},"primaryImageOfPage":{"@id":"https:\/\/serbia.com\/srpski\/posetite-srbiju\/provedi-se\/nocni-zivot\/#primaryimage"},"image":{"@id":"https:\/\/serbia.com\/srpski\/posetite-srbiju\/provedi-se\/nocni-zivot\/#primaryimage"},"thumbnailUrl":"https:\/\/serbia.com\/wp-content\/uploads\/2013\/04\/Festival-1.jpg","datePublished":"2014-02-26T20:33:33+00:00","dateModified":"2024-10-20T18:24:34+00:00","breadcrumb":{"@id":"https:\/\/serbia.com\/srpski\/posetite-srbiju\/provedi-se\/nocni-zivot\/#breadcrumb"},"inLanguage":"srpski","potentialAction":[{"@type":"ReadAction","target":["https:\/\/serbia.com\/srpski\/posetite-srbiju\/provedi-se\/nocni-zivot\/"]}]},{"@type":"ImageObject","inLanguage":"srpski","@id":"https:\/\/serbia.com\/srpski\/posetite-srbiju\/provedi-se\/nocni-zivot\/#primaryimage","url":"https:\/\/serbia.com\/wp-content\/uploads\/2013\/04\/Festival-1.jpg","contentUrl":"https:\/\/serbia.com\/wp-content\/uploads\/2013\/04\/Festival-1.jpg","width":1920,"height":1278},{"@type":"BreadcrumbList","@id":"https:\/\/serbia.com\/srpski\/posetite-srbiju\/provedi-se\/nocni-zivot\/#breadcrumb","itemListElement":[{"@type":"ListItem","position":1,"name":"Home","item":"https:\/\/serbia.com\/srpski\/"},{"@type":"ListItem","position":2,"name":"Poseti Srbiju","item":"https:\/\/serbia.com\/srpski\/posetite-srbiju\/"},{"@type":"ListItem","position":3,"name":"Provedi se","item":"https:\/\/serbia.com\/srpski\/posetite-srbiju\/provedi-se\/"},{"@type":"ListItem","position":4,"name":"No\u0107ni \u017eivot"}]},{"@type":"WebSite","@id":"https:\/\/serbia.com\/#website","url":"https:\/\/serbia.com\/","name":"Serbia.com","description":"Your Gateway to Serbia","potentialAction":[{"@type":"SearchAction","target":{"@type":"EntryPoint","urlTemplate":"https:\/\/serbia.com\/?s={search_term_string}"},"query-input":{"@type":"PropertyValueSpecification","valueRequired":true,"valueName":"search_term_string"}}],"inLanguage":"srpski"}]}},"_links":{"self":[{"href":"https:\/\/serbia.com\/srpski\/wp-json\/wp\/v2\/pages\/20424"}],"collection":[{"href":"https:\/\/serbia.com\/srpski\/wp-json\/wp\/v2\/pages"}],"about":[{"href":"https:\/\/serbia.com\/srpski\/wp-json\/wp\/v2\/types\/page"}],"author":[{"embeddable":true,"href":"https:\/\/serbia.com\/srpski\/wp-json\/wp\/v2\/users\/9"}],"replies":[{"embeddable":true,"href":"https:\/\/serbia.com\/srpski\/wp-json\/wp\/v2\/comments?post=20424"}],"version-history":[{"count":1,"href":"https:\/\/serbia.com\/srpski\/wp-json\/wp\/v2\/pages\/20424\/revisions"}],"predecessor-version":[{"id":55769,"href":"https:\/\/serbia.com\/srpski\/wp-json\/wp\/v2\/pages\/20424\/revisions\/55769"}],"up":[{"embeddable":true,"href":"https:\/\/serbia.com\/srpski\/wp-json\/wp\/v2\/pages\/22545"}],"wp:featuredmedia":[{"embeddable":true,"href":"https:\/\/serbia.com\/srpski\/wp-json\/wp\/v2\/media\/18156"}],"wp:attachment":[{"href":"https:\/\/serbia.com\/srpski\/wp-json\/wp\/v2\/media?parent=20424"}],"wp:term":[{"taxonomy":"category","embeddable":true,"href":"https:\/\/serbia.com\/srpski\/wp-json\/wp\/v2\/categories?post=20424"},{"taxonomy":"post_tag","embeddable":true,"href":"https:\/\/serbia.com\/srpski\/wp-json\/wp\/v2\/tags?post=20424"}],"curies":[{"name":"wp","href":"https:\/\/api.w.org\/{rel}","templated":true}]}}