{"id":20421,"date":"2014-02-26T20:26:30","date_gmt":"2014-02-26T19:26:30","guid":{"rendered":"http:\/\/www.serbia.com\/?page_id=20421"},"modified":"2024-10-20T12:57:25","modified_gmt":"2024-10-20T10:57:25","slug":"muzeji","status":"publish","type":"page","link":"https:\/\/serbia.com\/srpski\/posetite-srbiju\/kulturne-atrakcije\/muzeji\/","title":{"rendered":"Muzeji"},"content":{"rendered":"<p>Unutar svojih zidova muzeji Srbije \u010duvaju neprocenjivo <a title=\"Istorija\" href=\"http:\/\/www.serbia.com\/srpski\/o-srbiji\/istorija\/\">istorijsko<\/a> i kulturno blago.<\/p>\n<p>Prvi muzeji u Srbiji osnovani su u drugoj polovini 19. veka i spadaju me\u0111u prve institucije <a title=\"Kultura\" href=\"http:\/\/www.serbia.com\/srpski\/o-srbiji\/kultura\/\">kulture<\/a> formirane u okviru nacionalnog programa savremene srpske dr\u017eave.<\/p>\n<p>Prvi srpski muzej pod imenom Muzeum srbski osnovan je 1844. godine ukazom na\u010delnika Ministarstva prosvete, Jovana Sterije Popovi\u0107a. To je dana\u0161nji Narodni muzej u Beogradu. Ovaj trenutak ozna\u010dio je po\u010detak sistematskog prikupljanja i za\u0161tite kulturnog nasle\u0111a u Srbiji.<\/p>\n<p>Ubrzo nakon osnivanja Narodnog muzeja, formirani su i prvi specijalizovani muzeji u Beogradu, Vojvodini, kao i unutra\u0161njosti Srbije. Do 1945. godine u Srbiji je radilo 20 muzeja, a nakon II Svetskog rata njihov broj se zna\u010dajno uve\u0107ao.<\/p>\n<p>U Srbiji danas ima oko 100 muzeja i ve\u0107ina njih se nalazi u zgradama koje su i same kulturna dobra pod za\u0161titom dr\u017eave.<\/p>\n<p>U ve\u0107ini muzeja postoji izlo\u017ebeni prostor za povremene izlo\u017ebe, dok identitet svakog muzeja \u010dini njegova stalna postavka, odnosno reprezentativni izbor kulturnih dobara koji proizilazi iz koncepcije samog muzeja.<\/p>\n<p>Pored izlo\u017ebenih programa, u muzejima se odr\u017eavaju i promocije, predavanja, seminari, filmske ve\u010deri, kamerni koncerti, scenski nastupi i raznovrsne edukativne radionice. Muzeji naj\u010de\u0161\u0107e rade svakog dana, osim ponedeljka.<\/p>\n<p>U ovoj rubrici mo\u017eete da pro\u010ditate zanimljive pri\u010de o nekim muzejima Srbije, dok prate\u0107i ovaj LINK mo\u017eete izlistati sve muzeje Srbije na osnovu njihove lokacije.<\/p>\n","protected":false},"excerpt":{"rendered":"<p>Unutar svojih zidova muzeji Srbije \u010duvaju neprocenjivo istorijsko i kulturno blago. Prvi muzeji u Srbiji osnovani su u drugoj polovini 19. veka i spadaju me\u0111u prve institucije kulture formirane u [&hellip;]<\/p>\n","protected":false},"author":9,"featured_media":31998,"parent":20449,"menu_order":0,"comment_status":"closed","ping_status":"open","template":"","meta":{"_acf_changed":false,"inline_featured_image":false,"_monsterinsights_skip_tracking":false,"_monsterinsights_sitenote_active":false,"_monsterinsights_sitenote_note":"","_monsterinsights_sitenote_category":0,"footnotes":""},"categories":[2833],"tags":[],"class_list":["post-20421","page","type-page","status-publish","has-post-thumbnail","hentry","category-muzeji"],"acf":[],"yoast_head":"<!-- This site is optimized with the Yoast SEO plugin v27.4 - https:\/\/yoast.com\/product\/yoast-seo-wordpress\/ -->\n<title>Muzeji - Serbia.com<\/title>\n<meta name=\"robots\" content=\"index, follow, max-snippet:-1, max-image-preview:large, max-video-preview:-1\" \/>\n<link rel=\"canonical\" href=\"https:\/\/serbia.com\/srpski\/posetite-srbiju\/kulturne-atrakcije\/muzeji\/\" \/>\n<meta property=\"og:locale\" content=\"en_US\" \/>\n<meta property=\"og:type\" content=\"article\" \/>\n<meta property=\"og:title\" content=\"Muzeji - Serbia.com\" \/>\n<meta property=\"og:description\" content=\"Unutar svojih zidova muzeji Srbije \u010duvaju neprocenjivo istorijsko i kulturno blago. Prvi muzeji u Srbiji osnovani su u drugoj polovini 19. veka i spadaju me\u0111u prve institucije kulture formirane u [&hellip;]\" \/>\n<meta property=\"og:url\" content=\"https:\/\/serbia.com\/srpski\/posetite-srbiju\/kulturne-atrakcije\/muzeji\/\" \/>\n<meta property=\"og:site_name\" content=\"Serbia.com\" \/>\n<meta property=\"article:modified_time\" content=\"2024-10-20T10:57:25+00:00\" \/>\n<meta property=\"og:image\" content=\"https:\/\/serbia.com\/wp-content\/uploads\/2015\/05\/muzej-\u017eeleznice333.jpg\" \/>\n\t<meta property=\"og:image:width\" content=\"1600\" \/>\n\t<meta property=\"og:image:height\" content=\"731\" \/>\n\t<meta property=\"og:image:type\" content=\"image\/jpeg\" \/>\n<meta name=\"twitter:label1\" content=\"Est. reading time\" \/>\n\t<meta name=\"twitter:data1\" content=\"2 minutes\" \/>\n<script type=\"application\/ld+json\" class=\"yoast-schema-graph\">{\"@context\":\"https:\\\/\\\/schema.org\",\"@graph\":[{\"@type\":\"WebPage\",\"@id\":\"https:\\\/\\\/serbia.com\\\/srpski\\\/posetite-srbiju\\\/kulturne-atrakcije\\\/muzeji\\\/\",\"url\":\"https:\\\/\\\/serbia.com\\\/srpski\\\/posetite-srbiju\\\/kulturne-atrakcije\\\/muzeji\\\/\",\"name\":\"Muzeji - Serbia.com\",\"isPartOf\":{\"@id\":\"https:\\\/\\\/serbia.com\\\/#website\"},\"primaryImageOfPage\":{\"@id\":\"https:\\\/\\\/serbia.com\\\/srpski\\\/posetite-srbiju\\\/kulturne-atrakcije\\\/muzeji\\\/#primaryimage\"},\"image\":{\"@id\":\"https:\\\/\\\/serbia.com\\\/srpski\\\/posetite-srbiju\\\/kulturne-atrakcije\\\/muzeji\\\/#primaryimage\"},\"thumbnailUrl\":\"https:\\\/\\\/serbia.com\\\/wp-content\\\/uploads\\\/2015\\\/05\\\/muzej-\u017eeleznice333.jpg\",\"datePublished\":\"2014-02-26T19:26:30+00:00\",\"dateModified\":\"2024-10-20T10:57:25+00:00\",\"breadcrumb\":{\"@id\":\"https:\\\/\\\/serbia.com\\\/srpski\\\/posetite-srbiju\\\/kulturne-atrakcije\\\/muzeji\\\/#breadcrumb\"},\"inLanguage\":\"srpski\",\"potentialAction\":[{\"@type\":\"ReadAction\",\"target\":[\"https:\\\/\\\/serbia.com\\\/srpski\\\/posetite-srbiju\\\/kulturne-atrakcije\\\/muzeji\\\/\"]}]},{\"@type\":\"ImageObject\",\"inLanguage\":\"srpski\",\"@id\":\"https:\\\/\\\/serbia.com\\\/srpski\\\/posetite-srbiju\\\/kulturne-atrakcije\\\/muzeji\\\/#primaryimage\",\"url\":\"https:\\\/\\\/serbia.com\\\/wp-content\\\/uploads\\\/2015\\\/05\\\/muzej-\u017eeleznice333.jpg\",\"contentUrl\":\"https:\\\/\\\/serbia.com\\\/wp-content\\\/uploads\\\/2015\\\/05\\\/muzej-\u017eeleznice333.jpg\",\"width\":1600,\"height\":731},{\"@type\":\"BreadcrumbList\",\"@id\":\"https:\\\/\\\/serbia.com\\\/srpski\\\/posetite-srbiju\\\/kulturne-atrakcije\\\/muzeji\\\/#breadcrumb\",\"itemListElement\":[{\"@type\":\"ListItem\",\"position\":1,\"name\":\"Home\",\"item\":\"https:\\\/\\\/serbia.com\\\/srpski\\\/srbija\\\/\"},{\"@type\":\"ListItem\",\"position\":2,\"name\":\"Poseti Srbiju\",\"item\":\"https:\\\/\\\/serbia.com\\\/srpski\\\/posetite-srbiju\\\/\"},{\"@type\":\"ListItem\",\"position\":3,\"name\":\"Kulturne atrakcije\",\"item\":\"https:\\\/\\\/serbia.com\\\/srpski\\\/posetite-srbiju\\\/kulturne-atrakcije\\\/\"},{\"@type\":\"ListItem\",\"position\":4,\"name\":\"Muzeji\"}]},{\"@type\":\"WebSite\",\"@id\":\"https:\\\/\\\/serbia.com\\\/#website\",\"url\":\"https:\\\/\\\/serbia.com\\\/\",\"name\":\"Serbia.com\",\"description\":\"Your Gateway to Serbia\",\"potentialAction\":[{\"@type\":\"SearchAction\",\"target\":{\"@type\":\"EntryPoint\",\"urlTemplate\":\"https:\\\/\\\/serbia.com\\\/?s={search_term_string}\"},\"query-input\":{\"@type\":\"PropertyValueSpecification\",\"valueRequired\":true,\"valueName\":\"search_term_string\"}}],\"inLanguage\":\"srpski\"}]}<\/script>\n<!-- \/ Yoast SEO plugin. -->","yoast_head_json":{"title":"Muzeji - Serbia.com","robots":{"index":"index","follow":"follow","max-snippet":"max-snippet:-1","max-image-preview":"max-image-preview:large","max-video-preview":"max-video-preview:-1"},"canonical":"https:\/\/serbia.com\/srpski\/posetite-srbiju\/kulturne-atrakcije\/muzeji\/","og_locale":"en_US","og_type":"article","og_title":"Muzeji - Serbia.com","og_description":"Unutar svojih zidova muzeji Srbije \u010duvaju neprocenjivo istorijsko i kulturno blago. Prvi muzeji u Srbiji osnovani su u drugoj polovini 19. veka i spadaju me\u0111u prve institucije kulture formirane u [&hellip;]","og_url":"https:\/\/serbia.com\/srpski\/posetite-srbiju\/kulturne-atrakcije\/muzeji\/","og_site_name":"Serbia.com","article_modified_time":"2024-10-20T10:57:25+00:00","og_image":[{"width":1600,"height":731,"url":"https:\/\/serbia.com\/wp-content\/uploads\/2015\/05\/muzej-\u017eeleznice333.jpg","type":"image\/jpeg"}],"twitter_misc":{"Est. reading time":"2 minutes"},"schema":{"@context":"https:\/\/schema.org","@graph":[{"@type":"WebPage","@id":"https:\/\/serbia.com\/srpski\/posetite-srbiju\/kulturne-atrakcije\/muzeji\/","url":"https:\/\/serbia.com\/srpski\/posetite-srbiju\/kulturne-atrakcije\/muzeji\/","name":"Muzeji - Serbia.com","isPartOf":{"@id":"https:\/\/serbia.com\/#website"},"primaryImageOfPage":{"@id":"https:\/\/serbia.com\/srpski\/posetite-srbiju\/kulturne-atrakcije\/muzeji\/#primaryimage"},"image":{"@id":"https:\/\/serbia.com\/srpski\/posetite-srbiju\/kulturne-atrakcije\/muzeji\/#primaryimage"},"thumbnailUrl":"https:\/\/serbia.com\/wp-content\/uploads\/2015\/05\/muzej-\u017eeleznice333.jpg","datePublished":"2014-02-26T19:26:30+00:00","dateModified":"2024-10-20T10:57:25+00:00","breadcrumb":{"@id":"https:\/\/serbia.com\/srpski\/posetite-srbiju\/kulturne-atrakcije\/muzeji\/#breadcrumb"},"inLanguage":"srpski","potentialAction":[{"@type":"ReadAction","target":["https:\/\/serbia.com\/srpski\/posetite-srbiju\/kulturne-atrakcije\/muzeji\/"]}]},{"@type":"ImageObject","inLanguage":"srpski","@id":"https:\/\/serbia.com\/srpski\/posetite-srbiju\/kulturne-atrakcije\/muzeji\/#primaryimage","url":"https:\/\/serbia.com\/wp-content\/uploads\/2015\/05\/muzej-\u017eeleznice333.jpg","contentUrl":"https:\/\/serbia.com\/wp-content\/uploads\/2015\/05\/muzej-\u017eeleznice333.jpg","width":1600,"height":731},{"@type":"BreadcrumbList","@id":"https:\/\/serbia.com\/srpski\/posetite-srbiju\/kulturne-atrakcije\/muzeji\/#breadcrumb","itemListElement":[{"@type":"ListItem","position":1,"name":"Home","item":"https:\/\/serbia.com\/srpski\/srbija\/"},{"@type":"ListItem","position":2,"name":"Poseti Srbiju","item":"https:\/\/serbia.com\/srpski\/posetite-srbiju\/"},{"@type":"ListItem","position":3,"name":"Kulturne atrakcije","item":"https:\/\/serbia.com\/srpski\/posetite-srbiju\/kulturne-atrakcije\/"},{"@type":"ListItem","position":4,"name":"Muzeji"}]},{"@type":"WebSite","@id":"https:\/\/serbia.com\/#website","url":"https:\/\/serbia.com\/","name":"Serbia.com","description":"Your Gateway to Serbia","potentialAction":[{"@type":"SearchAction","target":{"@type":"EntryPoint","urlTemplate":"https:\/\/serbia.com\/?s={search_term_string}"},"query-input":{"@type":"PropertyValueSpecification","valueRequired":true,"valueName":"search_term_string"}}],"inLanguage":"srpski"}]}},"brizy_media":[],"_links":{"self":[{"href":"https:\/\/serbia.com\/srpski\/wp-json\/wp\/v2\/pages\/20421","targetHints":{"allow":["GET"]}}],"collection":[{"href":"https:\/\/serbia.com\/srpski\/wp-json\/wp\/v2\/pages"}],"about":[{"href":"https:\/\/serbia.com\/srpski\/wp-json\/wp\/v2\/types\/page"}],"author":[{"embeddable":true,"href":"https:\/\/serbia.com\/srpski\/wp-json\/wp\/v2\/users\/9"}],"replies":[{"embeddable":true,"href":"https:\/\/serbia.com\/srpski\/wp-json\/wp\/v2\/comments?post=20421"}],"version-history":[{"count":1,"href":"https:\/\/serbia.com\/srpski\/wp-json\/wp\/v2\/pages\/20421\/revisions"}],"predecessor-version":[{"id":55664,"href":"https:\/\/serbia.com\/srpski\/wp-json\/wp\/v2\/pages\/20421\/revisions\/55664"}],"up":[{"embeddable":true,"href":"https:\/\/serbia.com\/srpski\/wp-json\/wp\/v2\/pages\/20449"}],"wp:featuredmedia":[{"embeddable":true,"href":"https:\/\/serbia.com\/srpski\/wp-json\/wp\/v2\/media\/31998"}],"wp:attachment":[{"href":"https:\/\/serbia.com\/srpski\/wp-json\/wp\/v2\/media?parent=20421"}],"wp:term":[{"taxonomy":"category","embeddable":true,"href":"https:\/\/serbia.com\/srpski\/wp-json\/wp\/v2\/categories?post=20421"},{"taxonomy":"post_tag","embeddable":true,"href":"https:\/\/serbia.com\/srpski\/wp-json\/wp\/v2\/tags?post=20421"}],"curies":[{"name":"wp","href":"https:\/\/api.w.org\/{rel}","templated":true}]}}