{"id":20416,"date":"2014-02-26T20:23:48","date_gmt":"2014-02-26T19:23:48","guid":{"rendered":"http:\/\/www.serbia.com\/?page_id=20416"},"modified":"2024-10-20T20:23:35","modified_gmt":"2024-10-20T18:23:35","slug":"restorani-i-barovi","status":"publish","type":"page","link":"https:\/\/serbia.com\/srpski\/posetite-srbiju\/provedi-se\/restorani-i-barovi\/","title":{"rendered":"Restorani i barovi"},"content":{"rendered":"<p>Neki na vodi, neki na obali, u centru grada, debeloj hladovini prostrane livade ili duboko pod zemljom, restorani i barovi \u0161irom Srbije nude posebne gastronomske u\u017eitke. Koji god ambijent da odaberete, u\u017eiva\u0107ete u ukusnim specijalitetima doma\u0107e i svetske kuhinje, dok se pi\u0107a vrhunskog kvaliteta mogu na\u0107i u skoro svakom baru.<\/p>\n<p>Za\u010dinjena jela i jaka doma\u0107a pi\u0107a deo su <a title=\"Tradicionalna kuhinja\" href=\"http:\/\/www.serbia.com\/srpski\/o-srbiji\/tradicionalna-kuhinja\/\">tradicionalne kuhinje<\/a>. <a href=\"https:\/\/serbia.com\/srpski\/zasto-su-srpski-cevapi-dusa-rostilja-istorija-recept-i-zabavne-cinjenice\/\">\u0106evapi<\/a>, mu\u0107kalica, gula\u0161, <a title=\"Kajmak, nezamenljivo dobar\" href=\"http:\/\/www.serbia.com\/srpski\/kajmak-nezamenljivo-dobar-3\/\">kajmak<\/a> i <a title=\"Ajvar, gospodar zimnice\" href=\"http:\/\/www.serbia.com\/srpski\/ajvar-gospodar-zimnice\/\">ajvar<\/a> uz vru\u0107u lepinju, kao aperitiv <a title=\"\u0160ljivovica, kraljica srpskih rakija\" href=\"http:\/\/www.serbia.com\/srpski\/sljivovica-kraljica-srpskih-rakija\/\">\u0161ljivovica<\/a>, a za posle jela doma\u0107e vino, samo su neki od ovda\u0161njih kulinarskih specijaliteta. Na ovim mestima, mogu\u0107e je u\u017eivati i u \u010darima internacionalne kuhinje.<\/p>\n<p>Kuriozitet predstavljaju i specijalizovani restorani sa ponudom raznih azijskih, latinoameri\u010dkih ili afri\u010dkih jela \u2013 kineski, meksi\u010dki, libanski, marokanski, indijski\u2026<\/p>\n<p>Uz to, \u0161irom Srbije na \u0161irokim obalama <a title=\"Reke i jezera\" href=\"http:\/\/www.serbia.com\/srpski\/posetite-srbiju\/sta-videti\/prirodne-lepote\/reke-i-jezera\/\">reka<\/a> ili u skrivenim senovitim uvalama pore\u0111ane su <a title=\"Sala\u0161i i \u010darde: merak u ravnici\" href=\"http:\/\/www.serbia.com\/srpski\/salasi-i-carde-merak-u-ravnici\/\">\u010darde<\/a> i riblji restorani koji pored pomenutih specijaliteta nude i pravu ribolova\u010dku avanturu \u2013 spremaju ono \u0161to gosti sami ulove.<\/p>\n<p>Srbija je zemlja sa veoma dugom tradicijom u\u017eivanja u kafi i \u0161irokoj lepezi pi\u0107a \u2013 rakija i vina. Jaka, crna kafa, poreklom sa Orijenta, nezaobilazni je jutarnji, ali i ve\u010dernji do\u017eivljaj u barovima i glavni razlog za dru\u017eenje koje se \u010desto zavr\u0161i degustacijom vo\u0107nih rakija \u2013 kajsije, \u0161ljivovice, dunjeva\u010de ili doma\u0107eg vina iz plodnih vinskih regija.<\/p>\n<p>Za Srbiju se \u010desto ka\u017ee da je \u201craj za gurmane\u201d. Ostaje jo\u0161 jedino da izdvojite deo svog vremena za boravak u tom \u201craju\u201d.<\/p>\n","protected":false},"excerpt":{"rendered":"<p>Neki na vodi, neki na obali, u centru grada, debeloj hladovini prostrane livade ili duboko pod zemljom, restorani i barovi \u0161irom Srbije nude posebne gastronomske u\u017eitke. Koji god ambijent da [&hellip;]<\/p>\n","protected":false},"author":9,"featured_media":53046,"parent":22545,"menu_order":0,"comment_status":"closed","ping_status":"open","template":"","meta":{"_acf_changed":false,"inline_featured_image":false,"_monsterinsights_skip_tracking":false,"_monsterinsights_sitenote_active":false,"_monsterinsights_sitenote_note":"","_monsterinsights_sitenote_category":0,"footnotes":""},"categories":[],"tags":[],"class_list":["post-20416","page","type-page","status-publish","has-post-thumbnail","hentry"],"acf":[],"yoast_head":"<!-- This site is optimized with the Yoast SEO plugin v27.4 - https:\/\/yoast.com\/product\/yoast-seo-wordpress\/ -->\n<title>Restorani i barovi - Serbia.com<\/title>\n<meta name=\"robots\" content=\"index, follow, max-snippet:-1, max-image-preview:large, max-video-preview:-1\" \/>\n<link rel=\"canonical\" href=\"https:\/\/serbia.com\/srpski\/posetite-srbiju\/provedi-se\/restorani-i-barovi\/\" \/>\n<meta property=\"og:locale\" content=\"en_US\" \/>\n<meta property=\"og:type\" content=\"article\" \/>\n<meta property=\"og:title\" content=\"Restorani i barovi - Serbia.com\" \/>\n<meta property=\"og:description\" content=\"Neki na vodi, neki na obali, u centru grada, debeloj hladovini prostrane livade ili duboko pod zemljom, restorani i barovi \u0161irom Srbije nude posebne gastronomske u\u017eitke. Koji god ambijent da [&hellip;]\" \/>\n<meta property=\"og:url\" content=\"https:\/\/serbia.com\/srpski\/posetite-srbiju\/provedi-se\/restorani-i-barovi\/\" \/>\n<meta property=\"og:site_name\" content=\"Serbia.com\" \/>\n<meta property=\"article:modified_time\" content=\"2024-10-20T18:23:35+00:00\" \/>\n<meta property=\"og:image\" content=\"https:\/\/serbia.com\/wp-content\/uploads\/2024\/05\/jay-wennington-N_Y88TWmGwA-unsplash-scaled.jpg\" \/>\n\t<meta property=\"og:image:width\" content=\"2560\" \/>\n\t<meta property=\"og:image:height\" content=\"1707\" \/>\n\t<meta property=\"og:image:type\" content=\"image\/jpeg\" \/>\n<meta name=\"twitter:label1\" content=\"Est. reading time\" \/>\n\t<meta name=\"twitter:data1\" content=\"2 minutes\" \/>\n<script type=\"application\/ld+json\" class=\"yoast-schema-graph\">{\"@context\":\"https:\\\/\\\/schema.org\",\"@graph\":[{\"@type\":\"WebPage\",\"@id\":\"https:\\\/\\\/serbia.com\\\/srpski\\\/posetite-srbiju\\\/provedi-se\\\/restorani-i-barovi\\\/\",\"url\":\"https:\\\/\\\/serbia.com\\\/srpski\\\/posetite-srbiju\\\/provedi-se\\\/restorani-i-barovi\\\/\",\"name\":\"Restorani i barovi - Serbia.com\",\"isPartOf\":{\"@id\":\"https:\\\/\\\/serbia.com\\\/#website\"},\"primaryImageOfPage\":{\"@id\":\"https:\\\/\\\/serbia.com\\\/srpski\\\/posetite-srbiju\\\/provedi-se\\\/restorani-i-barovi\\\/#primaryimage\"},\"image\":{\"@id\":\"https:\\\/\\\/serbia.com\\\/srpski\\\/posetite-srbiju\\\/provedi-se\\\/restorani-i-barovi\\\/#primaryimage\"},\"thumbnailUrl\":\"https:\\\/\\\/serbia.com\\\/wp-content\\\/uploads\\\/2024\\\/05\\\/jay-wennington-N_Y88TWmGwA-unsplash-scaled.jpg\",\"datePublished\":\"2014-02-26T19:23:48+00:00\",\"dateModified\":\"2024-10-20T18:23:35+00:00\",\"breadcrumb\":{\"@id\":\"https:\\\/\\\/serbia.com\\\/srpski\\\/posetite-srbiju\\\/provedi-se\\\/restorani-i-barovi\\\/#breadcrumb\"},\"inLanguage\":\"srpski\",\"potentialAction\":[{\"@type\":\"ReadAction\",\"target\":[\"https:\\\/\\\/serbia.com\\\/srpski\\\/posetite-srbiju\\\/provedi-se\\\/restorani-i-barovi\\\/\"]}]},{\"@type\":\"ImageObject\",\"inLanguage\":\"srpski\",\"@id\":\"https:\\\/\\\/serbia.com\\\/srpski\\\/posetite-srbiju\\\/provedi-se\\\/restorani-i-barovi\\\/#primaryimage\",\"url\":\"https:\\\/\\\/serbia.com\\\/wp-content\\\/uploads\\\/2024\\\/05\\\/jay-wennington-N_Y88TWmGwA-unsplash-scaled.jpg\",\"contentUrl\":\"https:\\\/\\\/serbia.com\\\/wp-content\\\/uploads\\\/2024\\\/05\\\/jay-wennington-N_Y88TWmGwA-unsplash-scaled.jpg\",\"width\":2560,\"height\":1707},{\"@type\":\"BreadcrumbList\",\"@id\":\"https:\\\/\\\/serbia.com\\\/srpski\\\/posetite-srbiju\\\/provedi-se\\\/restorani-i-barovi\\\/#breadcrumb\",\"itemListElement\":[{\"@type\":\"ListItem\",\"position\":1,\"name\":\"Home\",\"item\":\"https:\\\/\\\/serbia.com\\\/srpski\\\/\"},{\"@type\":\"ListItem\",\"position\":2,\"name\":\"Poseti Srbiju\",\"item\":\"https:\\\/\\\/serbia.com\\\/srpski\\\/posetite-srbiju\\\/\"},{\"@type\":\"ListItem\",\"position\":3,\"name\":\"Provedi se\",\"item\":\"https:\\\/\\\/serbia.com\\\/srpski\\\/posetite-srbiju\\\/provedi-se\\\/\"},{\"@type\":\"ListItem\",\"position\":4,\"name\":\"Restorani i barovi\"}]},{\"@type\":\"WebSite\",\"@id\":\"https:\\\/\\\/serbia.com\\\/#website\",\"url\":\"https:\\\/\\\/serbia.com\\\/\",\"name\":\"Serbia.com\",\"description\":\"Your Gateway to Serbia\",\"potentialAction\":[{\"@type\":\"SearchAction\",\"target\":{\"@type\":\"EntryPoint\",\"urlTemplate\":\"https:\\\/\\\/serbia.com\\\/?s={search_term_string}\"},\"query-input\":{\"@type\":\"PropertyValueSpecification\",\"valueRequired\":true,\"valueName\":\"search_term_string\"}}],\"inLanguage\":\"srpski\"}]}<\/script>\n<!-- \/ Yoast SEO plugin. -->","yoast_head_json":{"title":"Restorani i barovi - Serbia.com","robots":{"index":"index","follow":"follow","max-snippet":"max-snippet:-1","max-image-preview":"max-image-preview:large","max-video-preview":"max-video-preview:-1"},"canonical":"https:\/\/serbia.com\/srpski\/posetite-srbiju\/provedi-se\/restorani-i-barovi\/","og_locale":"en_US","og_type":"article","og_title":"Restorani i barovi - Serbia.com","og_description":"Neki na vodi, neki na obali, u centru grada, debeloj hladovini prostrane livade ili duboko pod zemljom, restorani i barovi \u0161irom Srbije nude posebne gastronomske u\u017eitke. Koji god ambijent da [&hellip;]","og_url":"https:\/\/serbia.com\/srpski\/posetite-srbiju\/provedi-se\/restorani-i-barovi\/","og_site_name":"Serbia.com","article_modified_time":"2024-10-20T18:23:35+00:00","og_image":[{"width":2560,"height":1707,"url":"https:\/\/serbia.com\/wp-content\/uploads\/2024\/05\/jay-wennington-N_Y88TWmGwA-unsplash-scaled.jpg","type":"image\/jpeg"}],"twitter_misc":{"Est. reading time":"2 minutes"},"schema":{"@context":"https:\/\/schema.org","@graph":[{"@type":"WebPage","@id":"https:\/\/serbia.com\/srpski\/posetite-srbiju\/provedi-se\/restorani-i-barovi\/","url":"https:\/\/serbia.com\/srpski\/posetite-srbiju\/provedi-se\/restorani-i-barovi\/","name":"Restorani i barovi - Serbia.com","isPartOf":{"@id":"https:\/\/serbia.com\/#website"},"primaryImageOfPage":{"@id":"https:\/\/serbia.com\/srpski\/posetite-srbiju\/provedi-se\/restorani-i-barovi\/#primaryimage"},"image":{"@id":"https:\/\/serbia.com\/srpski\/posetite-srbiju\/provedi-se\/restorani-i-barovi\/#primaryimage"},"thumbnailUrl":"https:\/\/serbia.com\/wp-content\/uploads\/2024\/05\/jay-wennington-N_Y88TWmGwA-unsplash-scaled.jpg","datePublished":"2014-02-26T19:23:48+00:00","dateModified":"2024-10-20T18:23:35+00:00","breadcrumb":{"@id":"https:\/\/serbia.com\/srpski\/posetite-srbiju\/provedi-se\/restorani-i-barovi\/#breadcrumb"},"inLanguage":"srpski","potentialAction":[{"@type":"ReadAction","target":["https:\/\/serbia.com\/srpski\/posetite-srbiju\/provedi-se\/restorani-i-barovi\/"]}]},{"@type":"ImageObject","inLanguage":"srpski","@id":"https:\/\/serbia.com\/srpski\/posetite-srbiju\/provedi-se\/restorani-i-barovi\/#primaryimage","url":"https:\/\/serbia.com\/wp-content\/uploads\/2024\/05\/jay-wennington-N_Y88TWmGwA-unsplash-scaled.jpg","contentUrl":"https:\/\/serbia.com\/wp-content\/uploads\/2024\/05\/jay-wennington-N_Y88TWmGwA-unsplash-scaled.jpg","width":2560,"height":1707},{"@type":"BreadcrumbList","@id":"https:\/\/serbia.com\/srpski\/posetite-srbiju\/provedi-se\/restorani-i-barovi\/#breadcrumb","itemListElement":[{"@type":"ListItem","position":1,"name":"Home","item":"https:\/\/serbia.com\/srpski\/"},{"@type":"ListItem","position":2,"name":"Poseti Srbiju","item":"https:\/\/serbia.com\/srpski\/posetite-srbiju\/"},{"@type":"ListItem","position":3,"name":"Provedi se","item":"https:\/\/serbia.com\/srpski\/posetite-srbiju\/provedi-se\/"},{"@type":"ListItem","position":4,"name":"Restorani i barovi"}]},{"@type":"WebSite","@id":"https:\/\/serbia.com\/#website","url":"https:\/\/serbia.com\/","name":"Serbia.com","description":"Your Gateway to Serbia","potentialAction":[{"@type":"SearchAction","target":{"@type":"EntryPoint","urlTemplate":"https:\/\/serbia.com\/?s={search_term_string}"},"query-input":{"@type":"PropertyValueSpecification","valueRequired":true,"valueName":"search_term_string"}}],"inLanguage":"srpski"}]}},"brizy_media":[],"_links":{"self":[{"href":"https:\/\/serbia.com\/srpski\/wp-json\/wp\/v2\/pages\/20416","targetHints":{"allow":["GET"]}}],"collection":[{"href":"https:\/\/serbia.com\/srpski\/wp-json\/wp\/v2\/pages"}],"about":[{"href":"https:\/\/serbia.com\/srpski\/wp-json\/wp\/v2\/types\/page"}],"author":[{"embeddable":true,"href":"https:\/\/serbia.com\/srpski\/wp-json\/wp\/v2\/users\/9"}],"replies":[{"embeddable":true,"href":"https:\/\/serbia.com\/srpski\/wp-json\/wp\/v2\/comments?post=20416"}],"version-history":[{"count":1,"href":"https:\/\/serbia.com\/srpski\/wp-json\/wp\/v2\/pages\/20416\/revisions"}],"predecessor-version":[{"id":55768,"href":"https:\/\/serbia.com\/srpski\/wp-json\/wp\/v2\/pages\/20416\/revisions\/55768"}],"up":[{"embeddable":true,"href":"https:\/\/serbia.com\/srpski\/wp-json\/wp\/v2\/pages\/22545"}],"wp:featuredmedia":[{"embeddable":true,"href":"https:\/\/serbia.com\/srpski\/wp-json\/wp\/v2\/media\/53046"}],"wp:attachment":[{"href":"https:\/\/serbia.com\/srpski\/wp-json\/wp\/v2\/media?parent=20416"}],"wp:term":[{"taxonomy":"category","embeddable":true,"href":"https:\/\/serbia.com\/srpski\/wp-json\/wp\/v2\/categories?post=20416"},{"taxonomy":"post_tag","embeddable":true,"href":"https:\/\/serbia.com\/srpski\/wp-json\/wp\/v2\/tags?post=20416"}],"curies":[{"name":"wp","href":"https:\/\/api.w.org\/{rel}","templated":true}]}}