{"id":20413,"date":"2014-02-26T20:22:15","date_gmt":"2014-02-26T19:22:15","guid":{"rendered":"http:\/\/www.serbia.com\/?page_id=20413"},"modified":"2024-10-20T20:22:31","modified_gmt":"2024-10-20T18:22:31","slug":"rekreacija","status":"publish","type":"page","link":"https:\/\/serbia.com\/srpski\/posetite-srbiju\/provedi-se\/rekreacija\/","title":{"rendered":"Rekreacija"},"content":{"rendered":"<p>Srbija je prava destinacija za aktivan odmor bez previ\u0161e umaranja. U svakom delu zemlje mo\u017eete prona\u0107i na\u010din da ispunite svoju dnevnu dozu rekreacije.<\/p>\n<p>Kada do\u0111ete na odmor u Srbiju, proba\u0107ete mnogo ukusne hrane, pi\u0107a, iskusiti <a title=\"No\u0107ni \u017eivot\" href=\"http:\/\/www.serbia.com\/srpski\/posetite-srbiju\/provedi-se\/nocni-zivot\/\" target=\"_blank\" rel=\"noopener\">no\u0107ni provod<\/a>, umoriti u <a title=\"\u0160oping\" href=\"http:\/\/www.serbia.com\/srpski\/posetite-srbiju\/provedi-se\/soping\/\" target=\"_blank\" rel=\"noopener\">\u0161opingu<\/a> i obilasku turisti\u010dkih atrakcija, mo\u017eda ludovati na nekom muzi\u010dkom <a title=\"Festivali i manifestacije\" href=\"http:\/\/www.serbia.com\/srpski\/posetite-srbiju\/kulturne-atrakcije\/festivali-i-manifestacije\/\" target=\"_blank\" rel=\"noopener\">festivalu<\/a> ili koncertu\u2026U svemu tome \u0107ete u\u017eivati duplo vi\u0161e ukoliko sve te aktivnosti spojite sa rekreacijom. O\u010dekuje vas savr\u0161en aktivan odmor u kome \u0107ete jednako odmoriti i telo i duh.<\/p>\n<p>Do\u017eivite Srbiju na <a title=\"Biciklizam: mali napor za veliki u\u017eitak\" href=\"http:\/\/www.serbia.com\/srpski\/posetite-srbiju\/provedi-se\/rekreacija\/biciklizam-mali-napor-za-veliki-uzitak\/\" target=\"_blank\" rel=\"noopener\">biciklu<\/a>, <a title=\"Planinarenje i pe\u0161a\u010denje\" href=\"http:\/\/www.serbia.com\/srpski\/posetite-srbiju\/provedi-se\/rekreacija\/planinarenje-i-pesacenje\/\" target=\"_blank\" rel=\"noopener\">planinarite<\/a> <a href=\"http:\/\/www.serbia.com\/srpski\/posetite-srbiju\/prirodne-lepote\/planine\/\" target=\"_blank\" rel=\"noopener\">planinama Srbije<\/a>, unajmite opremu i krenite na ronjenje, rekreirajte se na basketu, fudbalu, golfu, tenisu, odbojci na pesku, plesu\u2026<\/p>\n<p>Ova strana \u0107e vam predstaviti najbolje na\u010dine za rekreaciju u Srbiji kako biste svoj odmor pretvorili \u201caktivan\u201d i nezaboravan.<\/p>\n","protected":false},"excerpt":{"rendered":"<p>Srbija je prava destinacija za aktivan odmor bez previ\u0161e umaranja. U svakom delu zemlje mo\u017eete prona\u0107i na\u010din da ispunite svoju dnevnu dozu rekreacije. Kada do\u0111ete na odmor u Srbiju, proba\u0107ete [&hellip;]<\/p>\n","protected":false},"author":9,"featured_media":30313,"parent":22545,"menu_order":0,"comment_status":"closed","ping_status":"open","template":"","meta":{"_acf_changed":false,"inline_featured_image":false,"_monsterinsights_skip_tracking":false,"_monsterinsights_sitenote_active":false,"_monsterinsights_sitenote_note":"","_monsterinsights_sitenote_category":0,"footnotes":""},"categories":[2118],"tags":[],"class_list":["post-20413","page","type-page","status-publish","has-post-thumbnail","hentry","category-rekreacija-provedi-se"],"acf":[],"yoast_head":"<!-- This site is optimized with the Yoast SEO plugin v27.4 - https:\/\/yoast.com\/product\/yoast-seo-wordpress\/ -->\n<title>Rekreacija - Serbia.com<\/title>\n<meta name=\"robots\" content=\"index, follow, max-snippet:-1, max-image-preview:large, max-video-preview:-1\" \/>\n<link rel=\"canonical\" href=\"https:\/\/serbia.com\/srpski\/posetite-srbiju\/provedi-se\/rekreacija\/\" \/>\n<meta property=\"og:locale\" content=\"en_US\" \/>\n<meta property=\"og:type\" content=\"article\" \/>\n<meta property=\"og:title\" content=\"Rekreacija - Serbia.com\" \/>\n<meta property=\"og:description\" content=\"Srbija je prava destinacija za aktivan odmor bez previ\u0161e umaranja. U svakom delu zemlje mo\u017eete prona\u0107i na\u010din da ispunite svoju dnevnu dozu rekreacije. Kada do\u0111ete na odmor u Srbiju, proba\u0107ete [&hellip;]\" \/>\n<meta property=\"og:url\" content=\"https:\/\/serbia.com\/srpski\/posetite-srbiju\/provedi-se\/rekreacija\/\" \/>\n<meta property=\"og:site_name\" content=\"Serbia.com\" \/>\n<meta property=\"article:modified_time\" content=\"2024-10-20T18:22:31+00:00\" \/>\n<meta property=\"og:image\" content=\"https:\/\/serbia.com\/wp-content\/uploads\/2015\/03\/Planinarenje111.jpg\" \/>\n\t<meta property=\"og:image:width\" content=\"1600\" \/>\n\t<meta property=\"og:image:height\" content=\"697\" \/>\n\t<meta property=\"og:image:type\" content=\"image\/jpeg\" \/>\n<meta name=\"twitter:label1\" content=\"Est. reading time\" \/>\n\t<meta name=\"twitter:data1\" content=\"1 minute\" \/>\n<script type=\"application\/ld+json\" class=\"yoast-schema-graph\">{\"@context\":\"https:\\\/\\\/schema.org\",\"@graph\":[{\"@type\":\"WebPage\",\"@id\":\"https:\\\/\\\/serbia.com\\\/srpski\\\/posetite-srbiju\\\/provedi-se\\\/rekreacija\\\/\",\"url\":\"https:\\\/\\\/serbia.com\\\/srpski\\\/posetite-srbiju\\\/provedi-se\\\/rekreacija\\\/\",\"name\":\"Rekreacija - Serbia.com\",\"isPartOf\":{\"@id\":\"https:\\\/\\\/serbia.com\\\/#website\"},\"primaryImageOfPage\":{\"@id\":\"https:\\\/\\\/serbia.com\\\/srpski\\\/posetite-srbiju\\\/provedi-se\\\/rekreacija\\\/#primaryimage\"},\"image\":{\"@id\":\"https:\\\/\\\/serbia.com\\\/srpski\\\/posetite-srbiju\\\/provedi-se\\\/rekreacija\\\/#primaryimage\"},\"thumbnailUrl\":\"https:\\\/\\\/serbia.com\\\/wp-content\\\/uploads\\\/2015\\\/03\\\/Planinarenje111.jpg\",\"datePublished\":\"2014-02-26T19:22:15+00:00\",\"dateModified\":\"2024-10-20T18:22:31+00:00\",\"breadcrumb\":{\"@id\":\"https:\\\/\\\/serbia.com\\\/srpski\\\/posetite-srbiju\\\/provedi-se\\\/rekreacija\\\/#breadcrumb\"},\"inLanguage\":\"srpski\",\"potentialAction\":[{\"@type\":\"ReadAction\",\"target\":[\"https:\\\/\\\/serbia.com\\\/srpski\\\/posetite-srbiju\\\/provedi-se\\\/rekreacija\\\/\"]}]},{\"@type\":\"ImageObject\",\"inLanguage\":\"srpski\",\"@id\":\"https:\\\/\\\/serbia.com\\\/srpski\\\/posetite-srbiju\\\/provedi-se\\\/rekreacija\\\/#primaryimage\",\"url\":\"https:\\\/\\\/serbia.com\\\/wp-content\\\/uploads\\\/2015\\\/03\\\/Planinarenje111.jpg\",\"contentUrl\":\"https:\\\/\\\/serbia.com\\\/wp-content\\\/uploads\\\/2015\\\/03\\\/Planinarenje111.jpg\",\"width\":1600,\"height\":697},{\"@type\":\"BreadcrumbList\",\"@id\":\"https:\\\/\\\/serbia.com\\\/srpski\\\/posetite-srbiju\\\/provedi-se\\\/rekreacija\\\/#breadcrumb\",\"itemListElement\":[{\"@type\":\"ListItem\",\"position\":1,\"name\":\"Home\",\"item\":\"https:\\\/\\\/serbia.com\\\/srpski\\\/\"},{\"@type\":\"ListItem\",\"position\":2,\"name\":\"Poseti Srbiju\",\"item\":\"https:\\\/\\\/serbia.com\\\/srpski\\\/posetite-srbiju\\\/\"},{\"@type\":\"ListItem\",\"position\":3,\"name\":\"Provedi se\",\"item\":\"https:\\\/\\\/serbia.com\\\/srpski\\\/posetite-srbiju\\\/provedi-se\\\/\"},{\"@type\":\"ListItem\",\"position\":4,\"name\":\"Rekreacija\"}]},{\"@type\":\"WebSite\",\"@id\":\"https:\\\/\\\/serbia.com\\\/#website\",\"url\":\"https:\\\/\\\/serbia.com\\\/\",\"name\":\"Serbia.com\",\"description\":\"Your Gateway to Serbia\",\"potentialAction\":[{\"@type\":\"SearchAction\",\"target\":{\"@type\":\"EntryPoint\",\"urlTemplate\":\"https:\\\/\\\/serbia.com\\\/?s={search_term_string}\"},\"query-input\":{\"@type\":\"PropertyValueSpecification\",\"valueRequired\":true,\"valueName\":\"search_term_string\"}}],\"inLanguage\":\"srpski\"}]}<\/script>\n<!-- \/ Yoast SEO plugin. -->","yoast_head_json":{"title":"Rekreacija - Serbia.com","robots":{"index":"index","follow":"follow","max-snippet":"max-snippet:-1","max-image-preview":"max-image-preview:large","max-video-preview":"max-video-preview:-1"},"canonical":"https:\/\/serbia.com\/srpski\/posetite-srbiju\/provedi-se\/rekreacija\/","og_locale":"en_US","og_type":"article","og_title":"Rekreacija - Serbia.com","og_description":"Srbija je prava destinacija za aktivan odmor bez previ\u0161e umaranja. U svakom delu zemlje mo\u017eete prona\u0107i na\u010din da ispunite svoju dnevnu dozu rekreacije. Kada do\u0111ete na odmor u Srbiju, proba\u0107ete [&hellip;]","og_url":"https:\/\/serbia.com\/srpski\/posetite-srbiju\/provedi-se\/rekreacija\/","og_site_name":"Serbia.com","article_modified_time":"2024-10-20T18:22:31+00:00","og_image":[{"width":1600,"height":697,"url":"https:\/\/serbia.com\/wp-content\/uploads\/2015\/03\/Planinarenje111.jpg","type":"image\/jpeg"}],"twitter_misc":{"Est. reading time":"1 minute"},"schema":{"@context":"https:\/\/schema.org","@graph":[{"@type":"WebPage","@id":"https:\/\/serbia.com\/srpski\/posetite-srbiju\/provedi-se\/rekreacija\/","url":"https:\/\/serbia.com\/srpski\/posetite-srbiju\/provedi-se\/rekreacija\/","name":"Rekreacija - Serbia.com","isPartOf":{"@id":"https:\/\/serbia.com\/#website"},"primaryImageOfPage":{"@id":"https:\/\/serbia.com\/srpski\/posetite-srbiju\/provedi-se\/rekreacija\/#primaryimage"},"image":{"@id":"https:\/\/serbia.com\/srpski\/posetite-srbiju\/provedi-se\/rekreacija\/#primaryimage"},"thumbnailUrl":"https:\/\/serbia.com\/wp-content\/uploads\/2015\/03\/Planinarenje111.jpg","datePublished":"2014-02-26T19:22:15+00:00","dateModified":"2024-10-20T18:22:31+00:00","breadcrumb":{"@id":"https:\/\/serbia.com\/srpski\/posetite-srbiju\/provedi-se\/rekreacija\/#breadcrumb"},"inLanguage":"srpski","potentialAction":[{"@type":"ReadAction","target":["https:\/\/serbia.com\/srpski\/posetite-srbiju\/provedi-se\/rekreacija\/"]}]},{"@type":"ImageObject","inLanguage":"srpski","@id":"https:\/\/serbia.com\/srpski\/posetite-srbiju\/provedi-se\/rekreacija\/#primaryimage","url":"https:\/\/serbia.com\/wp-content\/uploads\/2015\/03\/Planinarenje111.jpg","contentUrl":"https:\/\/serbia.com\/wp-content\/uploads\/2015\/03\/Planinarenje111.jpg","width":1600,"height":697},{"@type":"BreadcrumbList","@id":"https:\/\/serbia.com\/srpski\/posetite-srbiju\/provedi-se\/rekreacija\/#breadcrumb","itemListElement":[{"@type":"ListItem","position":1,"name":"Home","item":"https:\/\/serbia.com\/srpski\/"},{"@type":"ListItem","position":2,"name":"Poseti Srbiju","item":"https:\/\/serbia.com\/srpski\/posetite-srbiju\/"},{"@type":"ListItem","position":3,"name":"Provedi se","item":"https:\/\/serbia.com\/srpski\/posetite-srbiju\/provedi-se\/"},{"@type":"ListItem","position":4,"name":"Rekreacija"}]},{"@type":"WebSite","@id":"https:\/\/serbia.com\/#website","url":"https:\/\/serbia.com\/","name":"Serbia.com","description":"Your Gateway to Serbia","potentialAction":[{"@type":"SearchAction","target":{"@type":"EntryPoint","urlTemplate":"https:\/\/serbia.com\/?s={search_term_string}"},"query-input":{"@type":"PropertyValueSpecification","valueRequired":true,"valueName":"search_term_string"}}],"inLanguage":"srpski"}]}},"brizy_media":[],"_links":{"self":[{"href":"https:\/\/serbia.com\/srpski\/wp-json\/wp\/v2\/pages\/20413","targetHints":{"allow":["GET"]}}],"collection":[{"href":"https:\/\/serbia.com\/srpski\/wp-json\/wp\/v2\/pages"}],"about":[{"href":"https:\/\/serbia.com\/srpski\/wp-json\/wp\/v2\/types\/page"}],"author":[{"embeddable":true,"href":"https:\/\/serbia.com\/srpski\/wp-json\/wp\/v2\/users\/9"}],"replies":[{"embeddable":true,"href":"https:\/\/serbia.com\/srpski\/wp-json\/wp\/v2\/comments?post=20413"}],"version-history":[{"count":1,"href":"https:\/\/serbia.com\/srpski\/wp-json\/wp\/v2\/pages\/20413\/revisions"}],"predecessor-version":[{"id":55767,"href":"https:\/\/serbia.com\/srpski\/wp-json\/wp\/v2\/pages\/20413\/revisions\/55767"}],"up":[{"embeddable":true,"href":"https:\/\/serbia.com\/srpski\/wp-json\/wp\/v2\/pages\/22545"}],"wp:featuredmedia":[{"embeddable":true,"href":"https:\/\/serbia.com\/srpski\/wp-json\/wp\/v2\/media\/30313"}],"wp:attachment":[{"href":"https:\/\/serbia.com\/srpski\/wp-json\/wp\/v2\/media?parent=20413"}],"wp:term":[{"taxonomy":"category","embeddable":true,"href":"https:\/\/serbia.com\/srpski\/wp-json\/wp\/v2\/categories?post=20413"},{"taxonomy":"post_tag","embeddable":true,"href":"https:\/\/serbia.com\/srpski\/wp-json\/wp\/v2\/tags?post=20413"}],"curies":[{"name":"wp","href":"https:\/\/api.w.org\/{rel}","templated":true}]}}