{"id":20407,"date":"2014-02-26T20:18:03","date_gmt":"2014-02-26T19:18:03","guid":{"rendered":"http:\/\/www.serbia.com\/?page_id=20407"},"modified":"2014-02-26T20:18:03","modified_gmt":"2014-02-26T19:18:03","slug":"aktivnosti","status":"publish","type":"page","link":"https:\/\/serbia.com\/srpski\/posetite-srbiju\/sta-raditi\/aktivnosti\/","title":{"rendered":"Aktivnosti"},"content":{"rendered":"<p>Priroda je na tlu Srbije napravila fantasti\u010dne predele za blagu rekreaciju i stvorila dobre uslove za adrenalinske sportove, tako da vam u Srbiji ne mo\u017ee biti dosadno ukoliko ste spremni da deo svog vremena posvetite nekoj fizi\u010dkoj aktivnosti.<\/p>\n<p>Obogatite svoj boravak u Srbiji nekom aktivno\u0161\u0107u koja odgovara va\u0161em temperamentu i potrebama. Mogu\u0107nosti su brojne: od laganih \u0161etnji lepim predelima i brzog hoda do planinarenja, kampovanja, lova sve do raftinga, paraglajdinga i padobranstva. Ponesite samo osmeh, a pozitivna energija je zagarantovana!<\/p>\n<p><strong>U\u017eivajte!<\/strong><\/p>\n<p>&nbsp;<\/p>\n","protected":false},"excerpt":{"rendered":"<p>Priroda je na tlu Srbije napravila fantasti\u010dne predele za blagu rekreaciju i stvorila dobre uslove za adrenalinske sportove, tako da vam u Srbiji ne mo\u017ee biti dosadno ukoliko ste spremni [&hellip;]<\/p>\n","protected":false},"author":9,"featured_media":33486,"parent":20404,"menu_order":0,"comment_status":"closed","ping_status":"open","template":"","meta":{"_acf_changed":false,"inline_featured_image":false,"_monsterinsights_skip_tracking":false,"_monsterinsights_sitenote_active":false,"_monsterinsights_sitenote_note":"","_monsterinsights_sitenote_category":0,"footnotes":""},"categories":[2818],"tags":[],"class_list":["post-20407","page","type-page","status-publish","has-post-thumbnail","hentry","category-poseti-srbiju"],"acf":[],"yoast_head":"<!-- This site is optimized with the Yoast SEO plugin v27.4 - https:\/\/yoast.com\/product\/yoast-seo-wordpress\/ -->\n<title>Aktivnosti - Serbia.com<\/title>\n<meta name=\"robots\" content=\"index, follow, max-snippet:-1, max-image-preview:large, max-video-preview:-1\" \/>\n<link rel=\"canonical\" href=\"https:\/\/serbia.com\/srpski\/posetite-srbiju\/sta-raditi\/aktivnosti\/\" \/>\n<meta property=\"og:locale\" content=\"en_US\" \/>\n<meta property=\"og:type\" content=\"article\" \/>\n<meta property=\"og:title\" content=\"Aktivnosti - Serbia.com\" \/>\n<meta property=\"og:description\" content=\"Priroda je na tlu Srbije napravila fantasti\u010dne predele za blagu rekreaciju i stvorila dobre uslove za adrenalinske sportove, tako da vam u Srbiji ne mo\u017ee biti dosadno ukoliko ste spremni [&hellip;]\" \/>\n<meta property=\"og:url\" content=\"https:\/\/serbia.com\/srpski\/posetite-srbiju\/sta-raditi\/aktivnosti\/\" \/>\n<meta property=\"og:site_name\" content=\"Serbia.com\" \/>\n<meta property=\"og:image\" content=\"https:\/\/serbia.com\/wp-content\/uploads\/2015\/06\/rafting444.jpg\" \/>\n\t<meta property=\"og:image:width\" content=\"1601\" \/>\n\t<meta property=\"og:image:height\" content=\"709\" \/>\n\t<meta property=\"og:image:type\" content=\"image\/jpeg\" \/>\n<script type=\"application\/ld+json\" class=\"yoast-schema-graph\">{\"@context\":\"https:\\\/\\\/schema.org\",\"@graph\":[{\"@type\":\"WebPage\",\"@id\":\"https:\\\/\\\/serbia.com\\\/srpski\\\/posetite-srbiju\\\/sta-raditi\\\/aktivnosti\\\/\",\"url\":\"https:\\\/\\\/serbia.com\\\/srpski\\\/posetite-srbiju\\\/sta-raditi\\\/aktivnosti\\\/\",\"name\":\"Aktivnosti - Serbia.com\",\"isPartOf\":{\"@id\":\"https:\\\/\\\/serbia.com\\\/#website\"},\"primaryImageOfPage\":{\"@id\":\"https:\\\/\\\/serbia.com\\\/srpski\\\/posetite-srbiju\\\/sta-raditi\\\/aktivnosti\\\/#primaryimage\"},\"image\":{\"@id\":\"https:\\\/\\\/serbia.com\\\/srpski\\\/posetite-srbiju\\\/sta-raditi\\\/aktivnosti\\\/#primaryimage\"},\"thumbnailUrl\":\"https:\\\/\\\/serbia.com\\\/wp-content\\\/uploads\\\/2015\\\/06\\\/rafting444.jpg\",\"datePublished\":\"2014-02-26T19:18:03+00:00\",\"breadcrumb\":{\"@id\":\"https:\\\/\\\/serbia.com\\\/srpski\\\/posetite-srbiju\\\/sta-raditi\\\/aktivnosti\\\/#breadcrumb\"},\"inLanguage\":\"srpski\",\"potentialAction\":[{\"@type\":\"ReadAction\",\"target\":[\"https:\\\/\\\/serbia.com\\\/srpski\\\/posetite-srbiju\\\/sta-raditi\\\/aktivnosti\\\/\"]}]},{\"@type\":\"ImageObject\",\"inLanguage\":\"srpski\",\"@id\":\"https:\\\/\\\/serbia.com\\\/srpski\\\/posetite-srbiju\\\/sta-raditi\\\/aktivnosti\\\/#primaryimage\",\"url\":\"https:\\\/\\\/serbia.com\\\/wp-content\\\/uploads\\\/2015\\\/06\\\/rafting444.jpg\",\"contentUrl\":\"https:\\\/\\\/serbia.com\\\/wp-content\\\/uploads\\\/2015\\\/06\\\/rafting444.jpg\",\"width\":1601,\"height\":709},{\"@type\":\"BreadcrumbList\",\"@id\":\"https:\\\/\\\/serbia.com\\\/srpski\\\/posetite-srbiju\\\/sta-raditi\\\/aktivnosti\\\/#breadcrumb\",\"itemListElement\":[{\"@type\":\"ListItem\",\"position\":1,\"name\":\"Home\",\"item\":\"https:\\\/\\\/serbia.com\\\/srpski\\\/srbija\\\/\"},{\"@type\":\"ListItem\",\"position\":2,\"name\":\"Poseti Srbiju\",\"item\":\"https:\\\/\\\/serbia.com\\\/srpski\\\/posetite-srbiju\\\/\"},{\"@type\":\"ListItem\",\"position\":3,\"name\":\"\u0160ta raditi?\",\"item\":\"https:\\\/\\\/serbia.com\\\/srpski\\\/posetite-srbiju\\\/sta-raditi\\\/\"},{\"@type\":\"ListItem\",\"position\":4,\"name\":\"Aktivnosti\"}]},{\"@type\":\"WebSite\",\"@id\":\"https:\\\/\\\/serbia.com\\\/#website\",\"url\":\"https:\\\/\\\/serbia.com\\\/\",\"name\":\"Serbia.com\",\"description\":\"Your Gateway to Serbia\",\"potentialAction\":[{\"@type\":\"SearchAction\",\"target\":{\"@type\":\"EntryPoint\",\"urlTemplate\":\"https:\\\/\\\/serbia.com\\\/?s={search_term_string}\"},\"query-input\":{\"@type\":\"PropertyValueSpecification\",\"valueRequired\":true,\"valueName\":\"search_term_string\"}}],\"inLanguage\":\"srpski\"}]}<\/script>\n<!-- \/ Yoast SEO plugin. -->","yoast_head_json":{"title":"Aktivnosti - Serbia.com","robots":{"index":"index","follow":"follow","max-snippet":"max-snippet:-1","max-image-preview":"max-image-preview:large","max-video-preview":"max-video-preview:-1"},"canonical":"https:\/\/serbia.com\/srpski\/posetite-srbiju\/sta-raditi\/aktivnosti\/","og_locale":"en_US","og_type":"article","og_title":"Aktivnosti - Serbia.com","og_description":"Priroda je na tlu Srbije napravila fantasti\u010dne predele za blagu rekreaciju i stvorila dobre uslove za adrenalinske sportove, tako da vam u Srbiji ne mo\u017ee biti dosadno ukoliko ste spremni [&hellip;]","og_url":"https:\/\/serbia.com\/srpski\/posetite-srbiju\/sta-raditi\/aktivnosti\/","og_site_name":"Serbia.com","og_image":[{"width":1601,"height":709,"url":"https:\/\/serbia.com\/wp-content\/uploads\/2015\/06\/rafting444.jpg","type":"image\/jpeg"}],"schema":{"@context":"https:\/\/schema.org","@graph":[{"@type":"WebPage","@id":"https:\/\/serbia.com\/srpski\/posetite-srbiju\/sta-raditi\/aktivnosti\/","url":"https:\/\/serbia.com\/srpski\/posetite-srbiju\/sta-raditi\/aktivnosti\/","name":"Aktivnosti - Serbia.com","isPartOf":{"@id":"https:\/\/serbia.com\/#website"},"primaryImageOfPage":{"@id":"https:\/\/serbia.com\/srpski\/posetite-srbiju\/sta-raditi\/aktivnosti\/#primaryimage"},"image":{"@id":"https:\/\/serbia.com\/srpski\/posetite-srbiju\/sta-raditi\/aktivnosti\/#primaryimage"},"thumbnailUrl":"https:\/\/serbia.com\/wp-content\/uploads\/2015\/06\/rafting444.jpg","datePublished":"2014-02-26T19:18:03+00:00","breadcrumb":{"@id":"https:\/\/serbia.com\/srpski\/posetite-srbiju\/sta-raditi\/aktivnosti\/#breadcrumb"},"inLanguage":"srpski","potentialAction":[{"@type":"ReadAction","target":["https:\/\/serbia.com\/srpski\/posetite-srbiju\/sta-raditi\/aktivnosti\/"]}]},{"@type":"ImageObject","inLanguage":"srpski","@id":"https:\/\/serbia.com\/srpski\/posetite-srbiju\/sta-raditi\/aktivnosti\/#primaryimage","url":"https:\/\/serbia.com\/wp-content\/uploads\/2015\/06\/rafting444.jpg","contentUrl":"https:\/\/serbia.com\/wp-content\/uploads\/2015\/06\/rafting444.jpg","width":1601,"height":709},{"@type":"BreadcrumbList","@id":"https:\/\/serbia.com\/srpski\/posetite-srbiju\/sta-raditi\/aktivnosti\/#breadcrumb","itemListElement":[{"@type":"ListItem","position":1,"name":"Home","item":"https:\/\/serbia.com\/srpski\/srbija\/"},{"@type":"ListItem","position":2,"name":"Poseti Srbiju","item":"https:\/\/serbia.com\/srpski\/posetite-srbiju\/"},{"@type":"ListItem","position":3,"name":"\u0160ta raditi?","item":"https:\/\/serbia.com\/srpski\/posetite-srbiju\/sta-raditi\/"},{"@type":"ListItem","position":4,"name":"Aktivnosti"}]},{"@type":"WebSite","@id":"https:\/\/serbia.com\/#website","url":"https:\/\/serbia.com\/","name":"Serbia.com","description":"Your Gateway to Serbia","potentialAction":[{"@type":"SearchAction","target":{"@type":"EntryPoint","urlTemplate":"https:\/\/serbia.com\/?s={search_term_string}"},"query-input":{"@type":"PropertyValueSpecification","valueRequired":true,"valueName":"search_term_string"}}],"inLanguage":"srpski"}]}},"brizy_media":[],"_links":{"self":[{"href":"https:\/\/serbia.com\/srpski\/wp-json\/wp\/v2\/pages\/20407","targetHints":{"allow":["GET"]}}],"collection":[{"href":"https:\/\/serbia.com\/srpski\/wp-json\/wp\/v2\/pages"}],"about":[{"href":"https:\/\/serbia.com\/srpski\/wp-json\/wp\/v2\/types\/page"}],"author":[{"embeddable":true,"href":"https:\/\/serbia.com\/srpski\/wp-json\/wp\/v2\/users\/9"}],"replies":[{"embeddable":true,"href":"https:\/\/serbia.com\/srpski\/wp-json\/wp\/v2\/comments?post=20407"}],"version-history":[{"count":0,"href":"https:\/\/serbia.com\/srpski\/wp-json\/wp\/v2\/pages\/20407\/revisions"}],"up":[{"embeddable":true,"href":"https:\/\/serbia.com\/srpski\/wp-json\/wp\/v2\/pages\/20404"}],"wp:featuredmedia":[{"embeddable":true,"href":"https:\/\/serbia.com\/srpski\/wp-json\/wp\/v2\/media\/33486"}],"wp:attachment":[{"href":"https:\/\/serbia.com\/srpski\/wp-json\/wp\/v2\/media?parent=20407"}],"wp:term":[{"taxonomy":"category","embeddable":true,"href":"https:\/\/serbia.com\/srpski\/wp-json\/wp\/v2\/categories?post=20407"},{"taxonomy":"post_tag","embeddable":true,"href":"https:\/\/serbia.com\/srpski\/wp-json\/wp\/v2\/tags?post=20407"}],"curies":[{"name":"wp","href":"https:\/\/api.w.org\/{rel}","templated":true}]}}