{"id":20398,"date":"2014-02-26T20:11:01","date_gmt":"2014-02-26T19:11:01","guid":{"rendered":"http:\/\/www.serbia.com\/?page_id=20398"},"modified":"2024-10-20T21:02:33","modified_gmt":"2024-10-20T19:02:33","slug":"putovanje","status":"publish","type":"page","link":"https:\/\/serbia.com\/srpski\/posetite-srbiju\/putovanje\/","title":{"rendered":"Putovanje"},"content":{"rendered":"<p>Ako se nalazite na ovoj strani, onda ste verovatno ve\u0107 odlu\u010dili da posetite Srbiju. Pored toga \u0161to \u0107e vam pru\u017eiti informaciju vi\u0161e o svemu \u0161to bi trebalo da obi\u0111ete, o ukusnoj <a title=\"Hrana i pi\u0107e\" href=\"http:\/\/www.serbia.com\/srpski\/posetite-srbiju\/sta-videti\/gradovi\/beograd\/hrana-i-pice\/\">hrani<\/a> koju bi trebalo da probate i <a title=\"No\u0107ni \u017eivot\" href=\"http:\/\/www.serbia.com\/srpski\/posetite-srbiju\/sta-videti\/gradovi\/beograd\/nocni-zivot\/\">zabavi<\/a> koju ne bi trebalo da propustite kako biste Srbiju do\u017eiveli na najbolji na\u010din, portal Serbia.com \u0107e vam dati i mno\u0161tvo korisnih informacija kako biste svoj dolazak i boravak u Srbiji isplanirali na najbolji mogu\u0107i na\u010din.<\/p>\n<p>Osim u pronala\u017eenju sme\u0161taja, portal Serbia.com \u0107e vam pomo\u0107i i u kupovini avionske karte i iznajmljivanju auta, kako biste rastere\u0107eno u\u017eivali u svakom trenutku svog putovanja. Na ovoj strani mo\u017eete prona\u0107i informacije o dokumentima koji su vam potrebni za dolazak u Srbiju, o adresama info pultova u svim ve\u0107im <a title=\"Gradovi\" href=\"http:\/\/www.serbia.com\/srpski\/posetite-srbiju\/sta-videti\/gradovi\/\">gradovima<\/a>, o cenama, dr\u017eavnim praznicima, va\u017enim telefonima, kulturnim centrima i ambasadama, javnom prevozu\u2026<\/p>\n<p>Kada re\u0161ite sva ova pitanja, ostaje jo\u0161 jedino da se prepustite \u010darima Srbije i da ne propustite neke divne predele, spomenike kulture, tradiconalna mesta za zabavu i jo\u0161 mnogo toga. Nadamo se da ste u mogu\u0107nosti da obi\u0111ete sve delove zemlje, no i ako niste, svaki kutak Srbije ponudi\u0107e Vam ne\u0161to interesntno. U skladu sa tim, portal Serbia.com \u0107e vam u ovoj rubrici predlo\u017eiti najpoznatije turisti\u010dke <a title=\"Ture\" href=\"http:\/\/www.serbia.com\/srpski\/posetite-srbiju\/sta-videti\/gradovi\/beograd\/ture\/\">ture<\/a> po Srbiji.<\/p>\n<p style=\"text-align: center;\"><strong>\u017delimo vam prijatan boravak u Srbiji!<\/strong><\/p>\n","protected":false},"excerpt":{"rendered":"<p>Ako se nalazite na ovoj strani, onda ste verovatno ve\u0107 odlu\u010dili da posetite Srbiju. Pored toga \u0161to \u0107e vam pru\u017eiti informaciju vi\u0161e o svemu \u0161to bi trebalo da obi\u0111ete, o [&hellip;]<\/p>\n","protected":false},"author":9,"featured_media":53099,"parent":20391,"menu_order":0,"comment_status":"closed","ping_status":"open","template":"","meta":{"_acf_changed":false,"inline_featured_image":false,"_monsterinsights_skip_tracking":false,"_monsterinsights_sitenote_active":false,"_monsterinsights_sitenote_note":"","_monsterinsights_sitenote_category":0,"footnotes":""},"categories":[2818,1250],"tags":[],"class_list":["post-20398","page","type-page","status-publish","has-post-thumbnail","hentry","category-poseti-srbiju","category-putovanje-srbija"],"acf":[],"yoast_head":"<!-- This site is optimized with the Yoast SEO plugin v27.4 - https:\/\/yoast.com\/product\/yoast-seo-wordpress\/ -->\n<title>Putovanje - Serbia.com<\/title>\n<meta name=\"robots\" content=\"index, follow, max-snippet:-1, max-image-preview:large, max-video-preview:-1\" \/>\n<link rel=\"canonical\" href=\"https:\/\/serbia.com\/srpski\/posetite-srbiju\/putovanje\/\" \/>\n<meta property=\"og:locale\" content=\"en_US\" \/>\n<meta property=\"og:type\" content=\"article\" \/>\n<meta property=\"og:title\" content=\"Putovanje - Serbia.com\" \/>\n<meta property=\"og:description\" content=\"Ako se nalazite na ovoj strani, onda ste verovatno ve\u0107 odlu\u010dili da posetite Srbiju. Pored toga \u0161to \u0107e vam pru\u017eiti informaciju vi\u0161e o svemu \u0161to bi trebalo da obi\u0111ete, o [&hellip;]\" \/>\n<meta property=\"og:url\" content=\"https:\/\/serbia.com\/srpski\/posetite-srbiju\/putovanje\/\" \/>\n<meta property=\"og:site_name\" content=\"Serbia.com\" \/>\n<meta property=\"article:modified_time\" content=\"2024-10-20T19:02:33+00:00\" \/>\n<meta property=\"og:image\" content=\"https:\/\/serbia.com\/wp-content\/uploads\/2024\/05\/anton-lukin-3eXyeUKX8G8-unsplash-scaled-e1717151258617.jpg\" \/>\n\t<meta property=\"og:image:width\" content=\"2560\" \/>\n\t<meta property=\"og:image:height\" content=\"1920\" \/>\n\t<meta property=\"og:image:type\" content=\"image\/jpeg\" \/>\n<meta name=\"twitter:label1\" content=\"Est. reading time\" \/>\n\t<meta name=\"twitter:data1\" content=\"2 minutes\" \/>\n<script type=\"application\/ld+json\" class=\"yoast-schema-graph\">{\"@context\":\"https:\\\/\\\/schema.org\",\"@graph\":[{\"@type\":\"WebPage\",\"@id\":\"https:\\\/\\\/serbia.com\\\/srpski\\\/posetite-srbiju\\\/putovanje\\\/\",\"url\":\"https:\\\/\\\/serbia.com\\\/srpski\\\/posetite-srbiju\\\/putovanje\\\/\",\"name\":\"Putovanje - Serbia.com\",\"isPartOf\":{\"@id\":\"https:\\\/\\\/serbia.com\\\/#website\"},\"primaryImageOfPage\":{\"@id\":\"https:\\\/\\\/serbia.com\\\/srpski\\\/posetite-srbiju\\\/putovanje\\\/#primaryimage\"},\"image\":{\"@id\":\"https:\\\/\\\/serbia.com\\\/srpski\\\/posetite-srbiju\\\/putovanje\\\/#primaryimage\"},\"thumbnailUrl\":\"https:\\\/\\\/serbia.com\\\/wp-content\\\/uploads\\\/2024\\\/05\\\/anton-lukin-3eXyeUKX8G8-unsplash-scaled-e1717151258617.jpg\",\"datePublished\":\"2014-02-26T19:11:01+00:00\",\"dateModified\":\"2024-10-20T19:02:33+00:00\",\"breadcrumb\":{\"@id\":\"https:\\\/\\\/serbia.com\\\/srpski\\\/posetite-srbiju\\\/putovanje\\\/#breadcrumb\"},\"inLanguage\":\"srpski\",\"potentialAction\":[{\"@type\":\"ReadAction\",\"target\":[\"https:\\\/\\\/serbia.com\\\/srpski\\\/posetite-srbiju\\\/putovanje\\\/\"]}]},{\"@type\":\"ImageObject\",\"inLanguage\":\"srpski\",\"@id\":\"https:\\\/\\\/serbia.com\\\/srpski\\\/posetite-srbiju\\\/putovanje\\\/#primaryimage\",\"url\":\"https:\\\/\\\/serbia.com\\\/wp-content\\\/uploads\\\/2024\\\/05\\\/anton-lukin-3eXyeUKX8G8-unsplash-scaled-e1717151258617.jpg\",\"contentUrl\":\"https:\\\/\\\/serbia.com\\\/wp-content\\\/uploads\\\/2024\\\/05\\\/anton-lukin-3eXyeUKX8G8-unsplash-scaled-e1717151258617.jpg\",\"width\":2560,\"height\":1920},{\"@type\":\"BreadcrumbList\",\"@id\":\"https:\\\/\\\/serbia.com\\\/srpski\\\/posetite-srbiju\\\/putovanje\\\/#breadcrumb\",\"itemListElement\":[{\"@type\":\"ListItem\",\"position\":1,\"name\":\"Home\",\"item\":\"https:\\\/\\\/serbia.com\\\/srpski\\\/srbija\\\/\"},{\"@type\":\"ListItem\",\"position\":2,\"name\":\"Poseti Srbiju\",\"item\":\"https:\\\/\\\/serbia.com\\\/srpski\\\/posetite-srbiju\\\/\"},{\"@type\":\"ListItem\",\"position\":3,\"name\":\"Putovanje\"}]},{\"@type\":\"WebSite\",\"@id\":\"https:\\\/\\\/serbia.com\\\/#website\",\"url\":\"https:\\\/\\\/serbia.com\\\/\",\"name\":\"Serbia.com\",\"description\":\"Your Gateway to Serbia\",\"potentialAction\":[{\"@type\":\"SearchAction\",\"target\":{\"@type\":\"EntryPoint\",\"urlTemplate\":\"https:\\\/\\\/serbia.com\\\/?s={search_term_string}\"},\"query-input\":{\"@type\":\"PropertyValueSpecification\",\"valueRequired\":true,\"valueName\":\"search_term_string\"}}],\"inLanguage\":\"srpski\"}]}<\/script>\n<!-- \/ Yoast SEO plugin. -->","yoast_head_json":{"title":"Putovanje - Serbia.com","robots":{"index":"index","follow":"follow","max-snippet":"max-snippet:-1","max-image-preview":"max-image-preview:large","max-video-preview":"max-video-preview:-1"},"canonical":"https:\/\/serbia.com\/srpski\/posetite-srbiju\/putovanje\/","og_locale":"en_US","og_type":"article","og_title":"Putovanje - Serbia.com","og_description":"Ako se nalazite na ovoj strani, onda ste verovatno ve\u0107 odlu\u010dili da posetite Srbiju. Pored toga \u0161to \u0107e vam pru\u017eiti informaciju vi\u0161e o svemu \u0161to bi trebalo da obi\u0111ete, o [&hellip;]","og_url":"https:\/\/serbia.com\/srpski\/posetite-srbiju\/putovanje\/","og_site_name":"Serbia.com","article_modified_time":"2024-10-20T19:02:33+00:00","og_image":[{"width":2560,"height":1920,"url":"https:\/\/serbia.com\/wp-content\/uploads\/2024\/05\/anton-lukin-3eXyeUKX8G8-unsplash-scaled-e1717151258617.jpg","type":"image\/jpeg"}],"twitter_misc":{"Est. reading time":"2 minutes"},"schema":{"@context":"https:\/\/schema.org","@graph":[{"@type":"WebPage","@id":"https:\/\/serbia.com\/srpski\/posetite-srbiju\/putovanje\/","url":"https:\/\/serbia.com\/srpski\/posetite-srbiju\/putovanje\/","name":"Putovanje - Serbia.com","isPartOf":{"@id":"https:\/\/serbia.com\/#website"},"primaryImageOfPage":{"@id":"https:\/\/serbia.com\/srpski\/posetite-srbiju\/putovanje\/#primaryimage"},"image":{"@id":"https:\/\/serbia.com\/srpski\/posetite-srbiju\/putovanje\/#primaryimage"},"thumbnailUrl":"https:\/\/serbia.com\/wp-content\/uploads\/2024\/05\/anton-lukin-3eXyeUKX8G8-unsplash-scaled-e1717151258617.jpg","datePublished":"2014-02-26T19:11:01+00:00","dateModified":"2024-10-20T19:02:33+00:00","breadcrumb":{"@id":"https:\/\/serbia.com\/srpski\/posetite-srbiju\/putovanje\/#breadcrumb"},"inLanguage":"srpski","potentialAction":[{"@type":"ReadAction","target":["https:\/\/serbia.com\/srpski\/posetite-srbiju\/putovanje\/"]}]},{"@type":"ImageObject","inLanguage":"srpski","@id":"https:\/\/serbia.com\/srpski\/posetite-srbiju\/putovanje\/#primaryimage","url":"https:\/\/serbia.com\/wp-content\/uploads\/2024\/05\/anton-lukin-3eXyeUKX8G8-unsplash-scaled-e1717151258617.jpg","contentUrl":"https:\/\/serbia.com\/wp-content\/uploads\/2024\/05\/anton-lukin-3eXyeUKX8G8-unsplash-scaled-e1717151258617.jpg","width":2560,"height":1920},{"@type":"BreadcrumbList","@id":"https:\/\/serbia.com\/srpski\/posetite-srbiju\/putovanje\/#breadcrumb","itemListElement":[{"@type":"ListItem","position":1,"name":"Home","item":"https:\/\/serbia.com\/srpski\/srbija\/"},{"@type":"ListItem","position":2,"name":"Poseti Srbiju","item":"https:\/\/serbia.com\/srpski\/posetite-srbiju\/"},{"@type":"ListItem","position":3,"name":"Putovanje"}]},{"@type":"WebSite","@id":"https:\/\/serbia.com\/#website","url":"https:\/\/serbia.com\/","name":"Serbia.com","description":"Your Gateway to Serbia","potentialAction":[{"@type":"SearchAction","target":{"@type":"EntryPoint","urlTemplate":"https:\/\/serbia.com\/?s={search_term_string}"},"query-input":{"@type":"PropertyValueSpecification","valueRequired":true,"valueName":"search_term_string"}}],"inLanguage":"srpski"}]}},"brizy_media":[],"_links":{"self":[{"href":"https:\/\/serbia.com\/srpski\/wp-json\/wp\/v2\/pages\/20398","targetHints":{"allow":["GET"]}}],"collection":[{"href":"https:\/\/serbia.com\/srpski\/wp-json\/wp\/v2\/pages"}],"about":[{"href":"https:\/\/serbia.com\/srpski\/wp-json\/wp\/v2\/types\/page"}],"author":[{"embeddable":true,"href":"https:\/\/serbia.com\/srpski\/wp-json\/wp\/v2\/users\/9"}],"replies":[{"embeddable":true,"href":"https:\/\/serbia.com\/srpski\/wp-json\/wp\/v2\/comments?post=20398"}],"version-history":[{"count":1,"href":"https:\/\/serbia.com\/srpski\/wp-json\/wp\/v2\/pages\/20398\/revisions"}],"predecessor-version":[{"id":55792,"href":"https:\/\/serbia.com\/srpski\/wp-json\/wp\/v2\/pages\/20398\/revisions\/55792"}],"up":[{"embeddable":true,"href":"https:\/\/serbia.com\/srpski\/wp-json\/wp\/v2\/pages\/20391"}],"wp:featuredmedia":[{"embeddable":true,"href":"https:\/\/serbia.com\/srpski\/wp-json\/wp\/v2\/media\/53099"}],"wp:attachment":[{"href":"https:\/\/serbia.com\/srpski\/wp-json\/wp\/v2\/media?parent=20398"}],"wp:term":[{"taxonomy":"category","embeddable":true,"href":"https:\/\/serbia.com\/srpski\/wp-json\/wp\/v2\/categories?post=20398"},{"taxonomy":"post_tag","embeddable":true,"href":"https:\/\/serbia.com\/srpski\/wp-json\/wp\/v2\/tags?post=20398"}],"curies":[{"name":"wp","href":"https:\/\/api.w.org\/{rel}","templated":true}]}}