{"id":20395,"date":"2014-02-26T20:08:57","date_gmt":"2014-02-26T19:08:57","guid":{"rendered":"http:\/\/www.serbia.com\/?page_id=20395"},"modified":"2024-10-20T21:04:43","modified_gmt":"2024-10-20T19:04:43","slug":"smestaj","status":"publish","type":"page","link":"https:\/\/serbia.com\/srpski\/posetite-srbiju\/smestaj\/","title":{"rendered":"Sme\u0161taj"},"content":{"rendered":"<p>Srbija ima velike sme\u0161tajne kapacitete svih vrsta: od jeftinih hostela i motela, autenti\u010dnog etno sme\u0161taja, do luksuznih apartmana i hotela sa pet zvezdica.<\/p>\n<p>Bez obzira na to da li kroz Srbiju samo prolazite, turisti\u010dki je obilazite, ili ostajete u njoj du\u017ei vremenski period, portal Serbia.com \u0107e vam pomo\u0107i da prona\u0111ete sme\u0161taj koji odgovara va\u0161im mogu\u0107nostima, \u017eeljama i potrebama.<\/p>\n<p>Bilo da tra\u017eite ekskluzivni gradski hotel, ili \u017eelite da odsednete u mirnom etno selu, klikom na Serbia.com direktorijum dobi\u0107ete kompletnu ponudu sme\u0161taja u Srbiji.<\/p>\n<p>Hoteli u Beogradu \u010dine najve\u0107i deo sme\u0161tajnih kapaciteta u Srbiji. Slede\u0107i ovaj LINK prona\u0107i \u0107ete veliki izbor sme\u0161taja u Beogradu.<\/p>\n<p style=\"text-align: center;\"><strong>U\u017eivajte u boravku u Srbiji!<\/strong><\/p>\n","protected":false},"excerpt":{"rendered":"<p>Srbija ima velike sme\u0161tajne kapacitete svih vrsta: od jeftinih hostela i motela, autenti\u010dnog etno sme\u0161taja, do luksuznih apartmana i hotela sa pet zvezdica. Bez obzira na to da li kroz [&hellip;]<\/p>\n","protected":false},"author":9,"featured_media":30979,"parent":20391,"menu_order":0,"comment_status":"closed","ping_status":"open","template":"","meta":{"_acf_changed":false,"inline_featured_image":false,"_monsterinsights_skip_tracking":false,"_monsterinsights_sitenote_active":false,"_monsterinsights_sitenote_note":"","_monsterinsights_sitenote_category":0,"footnotes":""},"categories":[1250],"tags":[],"class_list":["post-20395","page","type-page","status-publish","has-post-thumbnail","hentry","category-putovanje-srbija"],"acf":[],"yoast_head":"<!-- This site is optimized with the Yoast SEO plugin v27.4 - https:\/\/yoast.com\/product\/yoast-seo-wordpress\/ -->\n<title>Sme\u0161taj - Serbia.com<\/title>\n<meta name=\"robots\" content=\"index, follow, max-snippet:-1, max-image-preview:large, max-video-preview:-1\" \/>\n<link rel=\"canonical\" href=\"https:\/\/serbia.com\/srpski\/posetite-srbiju\/smestaj\/\" \/>\n<meta property=\"og:locale\" content=\"en_US\" \/>\n<meta property=\"og:type\" content=\"article\" \/>\n<meta property=\"og:title\" content=\"Sme\u0161taj - Serbia.com\" \/>\n<meta property=\"og:description\" content=\"Srbija ima velike sme\u0161tajne kapacitete svih vrsta: od jeftinih hostela i motela, autenti\u010dnog etno sme\u0161taja, do luksuznih apartmana i hotela sa pet zvezdica. Bez obzira na to da li kroz [&hellip;]\" \/>\n<meta property=\"og:url\" content=\"https:\/\/serbia.com\/srpski\/posetite-srbiju\/smestaj\/\" \/>\n<meta property=\"og:site_name\" content=\"Serbia.com\" \/>\n<meta property=\"article:modified_time\" content=\"2024-10-20T19:04:43+00:00\" \/>\n<meta property=\"og:image\" content=\"https:\/\/serbia.com\/wp-content\/uploads\/2015\/04\/moskva.jpg\" \/>\n\t<meta property=\"og:image:width\" content=\"1200\" \/>\n\t<meta property=\"og:image:height\" content=\"674\" \/>\n\t<meta property=\"og:image:type\" content=\"image\/jpeg\" \/>\n<meta name=\"twitter:label1\" content=\"Est. reading time\" \/>\n\t<meta name=\"twitter:data1\" content=\"1 minute\" \/>\n<script type=\"application\/ld+json\" class=\"yoast-schema-graph\">{\"@context\":\"https:\\\/\\\/schema.org\",\"@graph\":[{\"@type\":\"WebPage\",\"@id\":\"https:\\\/\\\/serbia.com\\\/srpski\\\/posetite-srbiju\\\/smestaj\\\/\",\"url\":\"https:\\\/\\\/serbia.com\\\/srpski\\\/posetite-srbiju\\\/smestaj\\\/\",\"name\":\"Sme\u0161taj - Serbia.com\",\"isPartOf\":{\"@id\":\"https:\\\/\\\/serbia.com\\\/#website\"},\"primaryImageOfPage\":{\"@id\":\"https:\\\/\\\/serbia.com\\\/srpski\\\/posetite-srbiju\\\/smestaj\\\/#primaryimage\"},\"image\":{\"@id\":\"https:\\\/\\\/serbia.com\\\/srpski\\\/posetite-srbiju\\\/smestaj\\\/#primaryimage\"},\"thumbnailUrl\":\"https:\\\/\\\/serbia.com\\\/wp-content\\\/uploads\\\/2015\\\/04\\\/moskva.jpg\",\"datePublished\":\"2014-02-26T19:08:57+00:00\",\"dateModified\":\"2024-10-20T19:04:43+00:00\",\"breadcrumb\":{\"@id\":\"https:\\\/\\\/serbia.com\\\/srpski\\\/posetite-srbiju\\\/smestaj\\\/#breadcrumb\"},\"inLanguage\":\"srpski\",\"potentialAction\":[{\"@type\":\"ReadAction\",\"target\":[\"https:\\\/\\\/serbia.com\\\/srpski\\\/posetite-srbiju\\\/smestaj\\\/\"]}]},{\"@type\":\"ImageObject\",\"inLanguage\":\"srpski\",\"@id\":\"https:\\\/\\\/serbia.com\\\/srpski\\\/posetite-srbiju\\\/smestaj\\\/#primaryimage\",\"url\":\"https:\\\/\\\/serbia.com\\\/wp-content\\\/uploads\\\/2015\\\/04\\\/moskva.jpg\",\"contentUrl\":\"https:\\\/\\\/serbia.com\\\/wp-content\\\/uploads\\\/2015\\\/04\\\/moskva.jpg\",\"width\":1200,\"height\":674},{\"@type\":\"BreadcrumbList\",\"@id\":\"https:\\\/\\\/serbia.com\\\/srpski\\\/posetite-srbiju\\\/smestaj\\\/#breadcrumb\",\"itemListElement\":[{\"@type\":\"ListItem\",\"position\":1,\"name\":\"Home\",\"item\":\"https:\\\/\\\/serbia.com\\\/srpski\\\/srbija\\\/\"},{\"@type\":\"ListItem\",\"position\":2,\"name\":\"Poseti Srbiju\",\"item\":\"https:\\\/\\\/serbia.com\\\/srpski\\\/posetite-srbiju\\\/\"},{\"@type\":\"ListItem\",\"position\":3,\"name\":\"Sme\u0161taj\"}]},{\"@type\":\"WebSite\",\"@id\":\"https:\\\/\\\/serbia.com\\\/#website\",\"url\":\"https:\\\/\\\/serbia.com\\\/\",\"name\":\"Serbia.com\",\"description\":\"Your Gateway to Serbia\",\"potentialAction\":[{\"@type\":\"SearchAction\",\"target\":{\"@type\":\"EntryPoint\",\"urlTemplate\":\"https:\\\/\\\/serbia.com\\\/?s={search_term_string}\"},\"query-input\":{\"@type\":\"PropertyValueSpecification\",\"valueRequired\":true,\"valueName\":\"search_term_string\"}}],\"inLanguage\":\"srpski\"}]}<\/script>\n<!-- \/ Yoast SEO plugin. -->","yoast_head_json":{"title":"Sme\u0161taj - Serbia.com","robots":{"index":"index","follow":"follow","max-snippet":"max-snippet:-1","max-image-preview":"max-image-preview:large","max-video-preview":"max-video-preview:-1"},"canonical":"https:\/\/serbia.com\/srpski\/posetite-srbiju\/smestaj\/","og_locale":"en_US","og_type":"article","og_title":"Sme\u0161taj - Serbia.com","og_description":"Srbija ima velike sme\u0161tajne kapacitete svih vrsta: od jeftinih hostela i motela, autenti\u010dnog etno sme\u0161taja, do luksuznih apartmana i hotela sa pet zvezdica. Bez obzira na to da li kroz [&hellip;]","og_url":"https:\/\/serbia.com\/srpski\/posetite-srbiju\/smestaj\/","og_site_name":"Serbia.com","article_modified_time":"2024-10-20T19:04:43+00:00","og_image":[{"width":1200,"height":674,"url":"https:\/\/serbia.com\/wp-content\/uploads\/2015\/04\/moskva.jpg","type":"image\/jpeg"}],"twitter_misc":{"Est. reading time":"1 minute"},"schema":{"@context":"https:\/\/schema.org","@graph":[{"@type":"WebPage","@id":"https:\/\/serbia.com\/srpski\/posetite-srbiju\/smestaj\/","url":"https:\/\/serbia.com\/srpski\/posetite-srbiju\/smestaj\/","name":"Sme\u0161taj - Serbia.com","isPartOf":{"@id":"https:\/\/serbia.com\/#website"},"primaryImageOfPage":{"@id":"https:\/\/serbia.com\/srpski\/posetite-srbiju\/smestaj\/#primaryimage"},"image":{"@id":"https:\/\/serbia.com\/srpski\/posetite-srbiju\/smestaj\/#primaryimage"},"thumbnailUrl":"https:\/\/serbia.com\/wp-content\/uploads\/2015\/04\/moskva.jpg","datePublished":"2014-02-26T19:08:57+00:00","dateModified":"2024-10-20T19:04:43+00:00","breadcrumb":{"@id":"https:\/\/serbia.com\/srpski\/posetite-srbiju\/smestaj\/#breadcrumb"},"inLanguage":"srpski","potentialAction":[{"@type":"ReadAction","target":["https:\/\/serbia.com\/srpski\/posetite-srbiju\/smestaj\/"]}]},{"@type":"ImageObject","inLanguage":"srpski","@id":"https:\/\/serbia.com\/srpski\/posetite-srbiju\/smestaj\/#primaryimage","url":"https:\/\/serbia.com\/wp-content\/uploads\/2015\/04\/moskva.jpg","contentUrl":"https:\/\/serbia.com\/wp-content\/uploads\/2015\/04\/moskva.jpg","width":1200,"height":674},{"@type":"BreadcrumbList","@id":"https:\/\/serbia.com\/srpski\/posetite-srbiju\/smestaj\/#breadcrumb","itemListElement":[{"@type":"ListItem","position":1,"name":"Home","item":"https:\/\/serbia.com\/srpski\/srbija\/"},{"@type":"ListItem","position":2,"name":"Poseti Srbiju","item":"https:\/\/serbia.com\/srpski\/posetite-srbiju\/"},{"@type":"ListItem","position":3,"name":"Sme\u0161taj"}]},{"@type":"WebSite","@id":"https:\/\/serbia.com\/#website","url":"https:\/\/serbia.com\/","name":"Serbia.com","description":"Your Gateway to Serbia","potentialAction":[{"@type":"SearchAction","target":{"@type":"EntryPoint","urlTemplate":"https:\/\/serbia.com\/?s={search_term_string}"},"query-input":{"@type":"PropertyValueSpecification","valueRequired":true,"valueName":"search_term_string"}}],"inLanguage":"srpski"}]}},"brizy_media":[],"_links":{"self":[{"href":"https:\/\/serbia.com\/srpski\/wp-json\/wp\/v2\/pages\/20395","targetHints":{"allow":["GET"]}}],"collection":[{"href":"https:\/\/serbia.com\/srpski\/wp-json\/wp\/v2\/pages"}],"about":[{"href":"https:\/\/serbia.com\/srpski\/wp-json\/wp\/v2\/types\/page"}],"author":[{"embeddable":true,"href":"https:\/\/serbia.com\/srpski\/wp-json\/wp\/v2\/users\/9"}],"replies":[{"embeddable":true,"href":"https:\/\/serbia.com\/srpski\/wp-json\/wp\/v2\/comments?post=20395"}],"version-history":[{"count":1,"href":"https:\/\/serbia.com\/srpski\/wp-json\/wp\/v2\/pages\/20395\/revisions"}],"predecessor-version":[{"id":55794,"href":"https:\/\/serbia.com\/srpski\/wp-json\/wp\/v2\/pages\/20395\/revisions\/55794"}],"up":[{"embeddable":true,"href":"https:\/\/serbia.com\/srpski\/wp-json\/wp\/v2\/pages\/20391"}],"wp:featuredmedia":[{"embeddable":true,"href":"https:\/\/serbia.com\/srpski\/wp-json\/wp\/v2\/media\/30979"}],"wp:attachment":[{"href":"https:\/\/serbia.com\/srpski\/wp-json\/wp\/v2\/media?parent=20395"}],"wp:term":[{"taxonomy":"category","embeddable":true,"href":"https:\/\/serbia.com\/srpski\/wp-json\/wp\/v2\/categories?post=20395"},{"taxonomy":"post_tag","embeddable":true,"href":"https:\/\/serbia.com\/srpski\/wp-json\/wp\/v2\/tags?post=20395"}],"curies":[{"name":"wp","href":"https:\/\/api.w.org\/{rel}","templated":true}]}}