{"id":20391,"date":"2014-02-26T20:02:04","date_gmt":"2014-02-26T19:02:04","guid":{"rendered":"http:\/\/www.serbia.com\/?page_id=20391"},"modified":"2024-10-20T12:51:35","modified_gmt":"2024-10-20T10:51:35","slug":"posetite-srbiju","status":"publish","type":"page","link":"https:\/\/serbia.com\/srpski\/posetite-srbiju\/","title":{"rendered":"Poseti Srbiju"},"content":{"rendered":"<p>Dobrodo\u0161li u zemlju velikog kulturnog bogatstva, divlje i pitome prirode i lepih gradova u kojima se prepli\u0107u Istok i Zapad, koji su se vekovima upravo ovde spajali.<\/p>\n<p>Nalazite se na pravom online mestu na kome mo\u017eete otkriti glavne turisti\u010dke atrakcije Srbije i dobiti ideju kako da najkvalitetnije provedete svoje vreme, kao i da rezervi\u0161ete odgovaraju\u0107i <a title=\"Sme\u0161taj\" href=\"http:\/\/www.serbia.com\/srpski\/posetite-srbiju\/smestaj\/\" target=\"_blank\" rel=\"noopener\">sme\u0161taj<\/a>.<\/p>\n<p>Istra\u017eite Srbiju, njene <a href=\"https:\/\/serbia.com\/srpski\/posetite-srbiju\/gradovi\/\">gradove<\/a>, <a title=\"Jedinstvena priroda\" href=\"http:\/\/www.serbia.com\/srpski\/posetite-srbiju\/prirodne-lepote\/jedinstvena-priroda\/\" target=\"_blank\" rel=\"noopener\">jedinstvene prirodne lepote<\/a>, stare <a title=\"Manastiri i crkve\" href=\"http:\/\/www.serbia.com\/srpski\/posetite-srbiju\/kulturne-atrakcije\/manastiri-i-crkve\/\" target=\"_blank\" rel=\"noopener\">manastire<\/a>, <a title=\"Arheolo\u0161ka nalazi\u0161ta\" href=\"http:\/\/www.serbia.com\/srpski\/posetite-srbiju\/kulturne-atrakcije\/arheoloska-nalazista\/\" target=\"_blank\" rel=\"noopener\">arheolo\u0161ka nalaz\u0161ta<\/a>, ostatke Rimskog carstva, <a title=\"Dvorci i tvr\u0111ave\" href=\"http:\/\/www.serbia.com\/srpski\/posetite-srbiju\/kulturne-atrakcije\/dvorci-i-tvrdave\/\" target=\"_blank\" rel=\"noopener\">dvorce<\/a>, <a title=\"Banje\" href=\"http:\/\/www.serbia.com\/srpski\/posetite-srbiju\/prirodne-lepote\/banje\/\" target=\"_blank\" rel=\"noopener\">banje<\/a>, <a title=\"Etno sela\" href=\"http:\/\/www.serbia.com\/srpski\/posetite-srbiju\/prirodne-lepote\/etno-sela\/\" target=\"_blank\" rel=\"noopener\">etno sela<\/a> i jo\u0161 mnogo toga. Probajte savr\u0161ene ukuse srpske <a title=\"Tradicionalna kuhinja\" href=\"http:\/\/www.serbia.com\/srpski\/o-srbiji\/tradicionalna-kuhinja\/\">nacionalne kuhinje<\/a>. Zabavite se na nekom od najboljih muzi\u010dkizh <a title=\"Festivali i manifestacije\" href=\"http:\/\/www.serbia.com\/srpski\/posetite-srbiju\/kulturne-atrakcije\/festivali-i-manifestacije\/\" target=\"_blank\" rel=\"noopener\">festivala<\/a> u Evropi, u\u017eivajte u dobrom <a title=\"No\u0107ni \u017eivot\" href=\"http:\/\/www.serbia.com\/srpski\/posetite-srbiju\/provedi-se\/nocni-zivot\/\" target=\"_blank\" rel=\"noopener\">no\u0107nom provodu<\/a> do ranih jutarnjih sati.<\/p>\n<p>Pre nego \u0161to krenete u detaljnu pretragu, vodimo vas u kratku \u0161etnju po Srbiji.<\/p>\n<p>Nadamo se da \u0107ete biti u mogu\u0107nosti da obi\u0111ete sve delove zemlje, no ako i niste, svaki kutak Srbije ponudi\u0107e Vam ne\u0161to interesntno.<\/p>\n<p>Po\u0111imo od toga da \u0107ete najverovatnije prvo upoznati glavni grad Srbije, <a title=\"Beograd\" href=\"http:\/\/www.serbia.com\/srpski\/posetite-srbiju\/gradovi\/beograd\/\" target=\"_blank\" rel=\"noopener\">Beograd<\/a>, grad koji le\u017ei na dve velike reke i koji \u201cnikada ne spava\u201d. Neprocenjiv je pogled sa <a href=\"http:\/\/www.serbia.com\/srpski\/posetite-srbiju\/kulturne-atrakcije\/dvorci-i-tvrdave\/beogradska-tvrdava-put-stopama-istorije\/\" target=\"_blank\" rel=\"noopener\">Kalemegdana<\/a> na u\u0161\u0107e <a title=\"Reka Sava, ispomo\u0107 Zevsu\" href=\"http:\/\/www.serbia.com\/srpski\/posetite-srbiju\/prirodne-lepote\/reke-i-jezera\/reka-sava-ispomoc-zevsu\/\" target=\"_blank\" rel=\"noopener\">Save<\/a> u <a title=\"Dunav, mesto spajanja i razdvajanja\" href=\"http:\/\/www.serbia.com\/srpski\/posetite-srbiju\/prirodne-lepote\/reke-i-jezera\/dunav-mesto-spajanja-i-razdvajanja\/\" target=\"_blank\" rel=\"noopener\">Dunav<\/a> dok zalazi sunce, riblja \u010dorba na <a title=\"Zemun\" href=\"http:\/\/www.serbia.com\/srpski\/zemun-2\/\">Zemunskom keju<\/a>, \u0161etnja Knez Mihailovom ulicom, odmor na klupici ispred Hrama <a title=\"Sveti Sava \u2013 princ, arhiepiskop, svetitelj\" href=\"http:\/\/www.serbia.com\/srpski\/sveti-sava-princ-arhiepiskop-svetitelj\/\">svetog Save<\/a>, ve\u010de u boemskoj \u010detvrti &#8211; <a href=\"https:\/\/serbia.com\/srpski\/skadarlija-vodic-kroz-boemsko-srce-beograda\/\">Skadarlija<\/a> uz tambura\u0161e i vino, a onda zabava na nekom <a title=\"Splavovi, epicentri dobrog provoda\" href=\"http:\/\/www.serbia.com\/srpski\/posetite-srbiju\/provedi-se\/nocni-zivot\/splavovi-epicentri-dobrog-provoda\/\" target=\"_blank\" rel=\"noopener\">splavu<\/a> sa koga \u0107ete mo\u0107i da posmatrate svetlucanje beogradskih <a title=\"Reke i jezera\" href=\"http:\/\/www.serbia.com\/srpski\/posetite-srbiju\/prirodne-lepote\/reke-i-jezera\/\" target=\"_blank\" rel=\"noopener\">reka<\/a>\u2026 U\u010dini\u0107e Beograd mnogo toga da ga osetite da mu zauvek pripadate.<\/p>\n<p>Na severu Srbije u Panonskoj ravnici pru\u017ea se autonomna pokrajina Vojvodina. U umiruju\u0107im ravni\u010darskim predelima koje su naborale jedino <a title=\"Fru\u0161ka gora \u2013 nekada ostrvo, danas planina\" href=\"http:\/\/www.serbia.com\/srpski\/posetite-srbiju\/prirodne-lepote\/planine\/fruska-gora-nekada-ostrvo-danas-planina\/\" target=\"_blank\" rel=\"noopener\">Fru\u0161ka gora<\/a> i Vr\u0161a\u010dke planine, sme\u0161teni su multikulturalni gradovi gostoljubivih i otvorenih ljudi. Na samom severu, blizu granice sa Ma\u0111arskom nalazi se <a title=\"Subotica\" href=\"http:\/\/www.serbia.com\/srpski\/posetite-srbiju\/gradovi\/subotica\/\" target=\"_blank\" rel=\"noopener\">Subotica<\/a>, grad sa vi\u0161e od 20 nacionalnih manjina, bajkovitim gra\u0111evinama jarkih boja i fantasti\u010dnim <a title=\"Pali\u0107, jezero napravljeno od suza\" href=\"http:\/\/www.serbia.com\/srpski\/posetite-srbiju\/prirodne-lepote\/reke-i-jezera\/palic-jezero-napravljeno-od-suza\/\" target=\"_blank\" rel=\"noopener\">jezerom Pali\u0107<\/a> do kog se iz Subotice mo\u017ee do\u0161etati.<\/p>\n<p>Najve\u0107i grad Vojvodine i drugi grad po veli\u010dini u Srbiji, <a title=\"Novi Sad\" href=\"http:\/\/www.serbia.com\/srpski\/posetite-srbiju\/gradovi\/novi-sad\/\" target=\"_blank\" rel=\"noopener\">Novi Sad<\/a> sa divnom <a title=\"Petrovaradinska tvr\u0111ava, Gibraltar na Dunavu\" href=\"http:\/\/www.serbia.com\/srpski\/posetite-srbiju\/kulturne-atrakcije\/dvorci-i-tvrdave\/petrovaradinska-tvrdava-gibraltar-na-dunavu\/\" target=\"_blank\" rel=\"noopener\">Petrovaradinskom tvr\u0111avom<\/a> \u010deka Vas \u0161irom otvorenih ruku u podno\u017eju Fru\u0161ke gore. U Novom Sadu ne bi trebalo da propustite obilazak Tvr\u0111ave, festival <a title=\"EXIT festival, najbolji u regionu\" href=\"http:\/\/www.serbia.com\/srpski\/posetite-srbiju\/kulturne-atrakcije\/festivali-i-manifestacije\/exit-festival-najbolji-u-regionu\/\" target=\"_blank\" rel=\"noopener\">EXIT<\/a> u julu, kafu u centru grada ali ni vojvo\u0111anske tambura\u0161e u nekoj lokalnoj kafanici. U blizini Novog Sada nalaze se <a title=\"Sremski Karlovci, grad vina, duhovnosti i kulture\" href=\"http:\/\/www.serbia.com\/srpski\/posetite-srbiju\/gradovi\/sremski-karlovci-grad-vina-duhovnosti-i-kulture\/\" target=\"_blank\" rel=\"noopener\">Sremski Karlovci<\/a> koje bi obavezno trebalo da uvrstite u svoju rutu. Svaki kutak ovog divnog grada odi\u0161e istorijom i kulturom, a u njemu \u0107ete mo\u0107i da probate najbolja vojvo\u0111anska vina u vinarijama kojih ima na svakom koraku.<\/p>\n<p>A korci uzbrdo odve\u0161\u0107e Vas iz ovog malog grada na Fru\u0161ku goru stopama srpskih velikana koji su je obo\u017eavali. Ovde mo\u017eete u\u017eivati u najstarijem nacionalnom parku Srbije i posetiti \u010dak 16 <a title=\"Manastiri i crkve\" href=\"http:\/\/www.serbia.com\/srpski\/posetite-srbiju\/kulturne-atrakcije\/manastiri-i-crkve\/\" target=\"_blank\" rel=\"noopener\">manastira<\/a> sagra\u0111enih izme\u0111u 16. i 18. veka u stilu baroka i moravske arhitekture srednjovekovne Srbije.<\/p>\n<p>U Vojvodini ne propustite <a title=\"Vr\u0161ac, lepa varo\u0161\" href=\"http:\/\/www.serbia.com\/srpski\/posetite-srbiju\/gradovi\/vrsac-lepa-varos\/\" target=\"_blank\" rel=\"noopener\">Vr\u0161ac<\/a>, <a title=\"Zrenjanin, multikulturalni grad budu\u0107nosti\" href=\"http:\/\/www.serbia.com\/srpski\/posetite-srbiju\/gradovi\/zrenjanin-multikulturalni-grad-buducnosti\/\" target=\"_blank\" rel=\"noopener\">Zrenjanin<\/a>, zatim jedinstveni prirodni fenomen &#8211; <a title=\"Tiski cvet\" href=\"http:\/\/www.serbia.com\/srpski\/posetite-srbiju\/prirodne-lepote\/jedinstvena-priroda\/tiski-cvet\/\" target=\"_blank\" rel=\"noopener\">cvetanje reke Tise<\/a> u rano leto, <a title=\"Sala\u0161i i \u010darde: merak u ravnici\" href=\"http:\/\/www.serbia.com\/srpski\/salasi-i-carde-merak-u-ravnici\/\">sala\u0161e<\/a>, mada \u0107e vas svako vojvo\u0111ansko selo i gradi\u0107 sa bajkovitim crkvicama kupiti svojim ravni\u010darskim \u0161armom, ali i odli\u010dnom trpezom.<\/p>\n<p>Zapadna Srbija ponudi\u0107e vam <a title=\"Planine\" href=\"http:\/\/www.serbia.com\/srpski\/posetite-srbiju\/prirodne-lepote\/planine\/\" target=\"_blank\" rel=\"noopener\">planine<\/a>, <a title=\"Reke i jezera\" href=\"http:\/\/www.serbia.com\/srpski\/posetite-srbiju\/prirodne-lepote\/reke-i-jezera\/\" target=\"_blank\" rel=\"noopener\">reke<\/a> i kanjone koji svojom lepotom privla\u010de najve\u0107i broj turista koji posete Srbiju. Kroz <a href=\"http:\/\/www.serbia.com\/srpski\/ovcarsko-kablarska-klisura-srpska-sveta-gora\/\">Ov\u010darsko \u2013 Kablarsku klisuru<\/a> i gradove <a title=\"\u010ca\u010dak, grad u pokretu\" href=\"http:\/\/www.serbia.com\/srpski\/posetite-srbiju\/gradovi\/cacak-grad-u-pokretu\/\" target=\"_blank\" rel=\"noopener\">\u010ca\u010dak<\/a> i U\u017eice sti\u017eete na <a title=\"Zlatibor, ukras na 1.000 metara visine\" href=\"http:\/\/www.serbia.com\/srpski\/posetite-srbiju\/prirodne-lepote\/planine\/zlatibor-ukras-na-1-000-metara-visine\/\" target=\"_blank\" rel=\"noopener\">Zlatibor<\/a>, jedan od najve\u0107ih centara srpskog turizma sa najbogatijom turisti\u010dkom ponudom u Srbiji. Osim divne prirode i doma\u0107e planinske hrane, mo\u0107i \u0107ete da u\u017eivate u izletima u etno sela kojima je Zlatibor okru\u017een. Ne propustite da vidite neobi\u010dno etno selo <a title=\"\u010carobno selo Drvengrad\" href=\"http:\/\/www.serbia.com\/srpski\/posetite-srbiju\/prirodne-lepote\/etno-sela\/carobno-selo-drvengrad\/\" target=\"_blank\" rel=\"noopener\">Drvengrad<\/a> i staro selo <a href=\"http:\/\/www.serbia.com\/srpski\/etno-selo-u-sirogojnu-jedinstveni-muzej-na-otvorenom\/\">Sirogojno<\/a>, da se provozate <a href=\"http:\/\/www.serbia.com\/srpski\/sarganska-osmica-romanticna-voznja-kroz-proslost\/\" target=\"_blank\" rel=\"noopener\">starim vozom \u0106irom<\/a>.<\/p>\n<p>Na oko 58 km udaljenosti od Zlatibora, ka zapadu, kroz bo\u017eanstvenu prirodu sti\u0107i \u0107ete do <a title=\"Tara, planinski dom staroslovenskih bogova\" href=\"http:\/\/www.serbia.com\/srpski\/posetite-srbiju\/prirodne-lepote\/planine\/tara-planinski-dom-staroslovenskih-bogova\/\" target=\"_blank\" rel=\"noopener\">planine Tare<\/a> i istoimenog nacionalnog parka. Taru sa severozapdne strane okru\u017euje smaragdna reka <a title=\"Drina, divlja smaragdna lepotica\" href=\"http:\/\/www.serbia.com\/srpski\/posetite-srbiju\/prirodne-lepote\/reke-i-jezera\/drina-divlja-smaragdna-lepotica\/\" target=\"_blank\" rel=\"noopener\">Drina<\/a> i kao njen najve\u0107i ukras- ve\u0161ta\u010dko <a title=\"Peru\u0107ac, raj za pecaro\u0161e\" href=\"http:\/\/www.serbia.com\/srpski\/posetite-srbiju\/prirodne-lepote\/reke-i-jezera\/perucac-raj-za-pecarose\/\" target=\"_blank\" rel=\"noopener\">jezero Peru\u0107ac<\/a>. Ukoliko ste avanturista, ne propustite <a title=\"Rafting: Spust niz divlje reke\" href=\"http:\/\/www.serbia.com\/srpski\/posetite-srbiju\/provedi-se\/ekstremni-sport\/rafting-spust-niz-divlje-reke\/\" target=\"_blank\" rel=\"noopener\">splavarenje<\/a> Drinom.<\/p>\n<p>Put ju\u017eno od Zlatibora preko planine <a href=\"http:\/\/www.serbia.com\/srpski\/zlatar-carobni-spoj-mirisnih-livada-i-bistrih-jezera\/\" target=\"_blank\" rel=\"noopener\">Zlatar<\/a> dove\u0161\u0107e vas do jednog od najlep\u0161ih kanjona u ovom delu Evrope, kanjona reke Uvac koji pripada <a title=\"Uvac, remek-delo prirode\" href=\"http:\/\/www.serbia.com\/srpski\/posetite-srbiju\/prirodne-lepote\/jedinstvena-priroda\/uvac-remek-delo-prirode\/\" target=\"_blank\" rel=\"noopener\">Specijalnom rezervatu prirode &#8211; Uvac<\/a>. Osim nestvarno lepog kanjona, ovde se mo\u017ee videti i retka vrsta orla, Beloglavi Sup. Najzanimljiviji grad u ovom regionu je svakako <a href=\"http:\/\/www.serbia.com\/srpski\/posetite-srbiju\/gradovi\/novi-pazar-neobican-spoj-istoka-i-zapada\/\" target=\"_blank\" rel=\"noopener\">Novi Pazar<\/a> sa kulturnim \u0161arenilom, mno\u0161tvom starih d\u017eamija i srednjovekovnih manastira koji se nalaze pod za\u0161titom organizacije UNESCO.<\/p>\n<p>U Srbiji \u0107ete \u010desto \u010duti da je \u201c\u0160umadija srce Srbije\u201d, a i nalazi se u njenom centralnom delu. Ovaj deo zemlje karakteri\u0161e pitomija priroda, dok su najve\u0107i gradovi <a title=\"Kragujevac, zavi\u010daj moderne Srbije\" href=\"http:\/\/www.serbia.com\/srpski\/posetite-srbiju\/gradovi\/kragujevac-zavicaj-moderne-srbije\/\" target=\"_blank\" rel=\"noopener\">Kragujevac<\/a>, <a title=\"Kru\u0161evac, grad kneza Lazara okru\u017een drevnim manastirima\" href=\"http:\/\/www.serbia.com\/srpski\/posetite-srbiju\/gradovi\/krusevac-grad-kneza-lazara-okruzen-drevnim-manastirima\/\" target=\"_blank\" rel=\"noopener\">Kru\u0161evac<\/a> i <a title=\"Kraljevo, grad sedam kraljeva\" href=\"http:\/\/www.serbia.com\/srpski\/posetite-srbiju\/gradovi\/kraljevo-grad-sedam-kraljeva\/\" target=\"_blank\" rel=\"noopener\">Kraljevo<\/a>. Centar turizma ovog dela zemlje je <a title=\"Vrnja\u010dka Banja\" href=\"http:\/\/www.serbia.com\/srpski\/posetite-srbiju\/prirodne-lepote\/banje\/vrnjacka-banja\/\" target=\"_blank\" rel=\"noopener\">Vrnja\u010dka Banja<\/a> u \u010dijoj blizini se nalazi <a title=\"Kopaonik, sun\u010dana planina puna srebra\" href=\"http:\/\/www.serbia.com\/srpski\/posetite-srbiju\/prirodne-lepote\/planine\/kopaonik-suncana-planina-puna-srebra\/\" target=\"_blank\" rel=\"noopener\">Kopaonik<\/a>, jedna od najlep\u0161ih planina Srbije i veliki zimski turisti\u010dki centar.<\/p>\n<p>Isto\u010dni deo Srbije zaseni\u0107e vas velikim kulturnim bogatstvom, ostacima Rimske civilizacije. Na severo-zapadu ne propustite da vidite najve\u0107u klisuru Evrope \u2013 <a title=\"\u0110erdap: magi\u010dni spoj prirode i kulture\" href=\"http:\/\/www.serbia.com\/srpski\/posetite-srbiju\/prirodne-lepote\/reke-i-jezera\/derdap-magicni-spoj-prirode-i-kulture\/\" target=\"_blank\" rel=\"noopener\">\u0110erdapsku klisuru<\/a>, a u njenoj blizini <a title=\"Lepenski vir, najstarije urbano naselje u Evropi\" href=\"http:\/\/www.serbia.com\/srpski\/posetite-srbiju\/kulturne-atrakcije\/arheoloska-nalazista\/lepenski-vir-najstarije-urbano-naselje-u-evropi\/\" target=\"_blank\" rel=\"noopener\">Lepenski vir<\/a>, paleolitsko nalazi\u0161te na obali Dunava \u2013 prvo urbano naselje Evrope. Obavezno obi\u0111ite srednjovekovne tvr\u0111ave na Dunavu: Fetislam (kod Kladova), <a title=\"Tvr\u0111ava Golubac: \u010cuvar Dunava\" href=\"http:\/\/www.serbia.com\/srpski\/posetite-srbiju\/kulturne-atrakcije\/dvorci-i-tvrdave\/golubac\/\" target=\"_blank\" rel=\"noopener\">Golubac<\/a> i <a title=\"Smederevska tvr\u0111ava, grad proklete Jerine\" href=\"http:\/\/www.serbia.com\/srpski\/posetite-srbiju\/kulturne-atrakcije\/dvorci-i-tvrdave\/smederevska-tvrdava-grad-proklete-jerine\/\" target=\"_blank\" rel=\"noopener\">Smederevsku tvr\u0111avu<\/a>, ali i ostatke Rimskog carstva: Trajanovu tablu i ostatke Trajanovog mosta, utvr\u0111enje Diana iz 1. veka, a zatim u blizini <a href=\"http:\/\/www.serbia.com\/srpski\/posetite-srbiju\/gradovi\/zajecar-domacin-najstarijeg-rok-festivala-u-srbiji-2\/\" target=\"_blank\" rel=\"noopener\">Zaje\u010dara<\/a> \u2013 kasnoanti\u010dki dvorac rimskog imperatora Gaja Galerija Valerija Maksimilijana \u2013 arheolo\u0161ki lokalitet <a title=\"Felix Romuliana, dom poslednjeg rimskog boga\" href=\"http:\/\/www.serbia.com\/srpski\/posetite-srbiju\/kulturne-atrakcije\/arheoloska-nalazista\/felix-romuliana-dom-poslednjeg-rimskog-boga\/\" target=\"_blank\" rel=\"noopener\">Felix Romuliana<\/a>.<\/p>\n<p>Na jugu Srbije o\u010dekuje Vas grad temperamentnih, dobro\u0107udnih i ljubaznih Ni\u0161lija, rodni grad rimskog cara Konstantina, u kome se i danas ose\u0107a me\u0161avina egzoti\u010dnosti Istoka i elegancije Zapada. Neobi\u010dna <a href=\"http:\/\/www.serbia.com\/srpski\/niska-tvrdava-postaje-svetski-poznata-atrakcija\/\" target=\"_blank\" rel=\"noopener\">srednjovekovna tvr\u0111ava<\/a> i ukusna ju\u017enja\u010dka hrana osta\u0107e va\u0161e najlep\u0161e se\u0107nje na ovaj grad. Ukoliko se na\u0111ete u <a title=\"Ni\u0161\" href=\"http:\/\/www.serbia.com\/srpski\/posetite-srbiju\/gradovi\/nis\/\" target=\"_blank\" rel=\"noopener\">Ni\u0161u<\/a> u avgustu, a ljubitelj ste d\u017eeza, ne propustite jedan od najboljih festival te muzike u ovom delu Evrope, <a title=\"Ni\u0161ville, autenti\u010dan spoj d\u017eeza i Balkana\" href=\"http:\/\/www.serbia.com\/srpski\/posetite-srbiju\/kulturne-atrakcije\/festivali-i-manifestacije\/nisville-autentican-spoj-dzeza-i-balkana\/\" target=\"_blank\" rel=\"noopener\">Ni\u0161ville<\/a>.<\/p>\n<p>Na krajnjem jugu Srbije nalazi se autonomna pokrajina Kosovo i Metohija. Od 1999. godine, nakon sukoba Albanaca i Srba i <a title=\"15 godina od NATO bombardovanja\" href=\"http:\/\/www.serbia.com\/srpski\/15-godina-od-nato-bombardovanja\/\">NATO bombardovanja<\/a> SRJ, ova pokrajna je pod me\u0111unarodnim protektoratom, a veliki broj Srba je raseljen sa ovih prostora. Danas na Kosovu i Metohiji \u017eivi oko 100 000 Srba. Ako se uputite ka ju\u017enoj srpskoj pokrajini, na\u0161a preporuka je da obi\u0111ete srednjovekovne manastire Gra\u010danicu, <a href=\"http:\/\/www.serbia.com\/srpski\/freska-iz-visokih-decana-koja-je-zbunila-svetske-naucnike\/\" target=\"_blank\" rel=\"noopener\">Visoke De\u010dane<\/a>, Pe\u0107ku Patrijar\u0161iju, Crkvu Bogorodice Ljevi\u0161ke u <a href=\"http:\/\/www.serbia.com\/srpski\/posetite-srbiju\/gradovi\/prizren-srpski-carigrad\/\" target=\"_blank\" rel=\"noopener\">Prizrenu<\/a>, udahnite sve\u017e vazduh sa \u0160ar planine, popijte \u010da\u0161u metohijskog vina\u2026<\/p>\n<p><strong>Dobrodo\u0161li u Srbiju!<\/strong><\/p>\n","protected":false},"excerpt":{"rendered":"<p>Dobrodo\u0161li u zemlju velikog kulturnog bogatstva, divlje i pitome prirode i lepih gradova u kojima se prepli\u0107u Istok i Zapad, koji su se vekovima upravo ovde spajali. Nalazite se na [&hellip;]<\/p>\n","protected":false},"author":9,"featured_media":52282,"parent":0,"menu_order":0,"comment_status":"closed","ping_status":"open","template":"","meta":{"_acf_changed":false,"inline_featured_image":false,"_monsterinsights_skip_tracking":false,"_monsterinsights_sitenote_active":false,"_monsterinsights_sitenote_note":"","_monsterinsights_sitenote_category":0,"footnotes":""},"categories":[2818],"tags":[],"class_list":["post-20391","page","type-page","status-publish","has-post-thumbnail","hentry","category-poseti-srbiju"],"acf":[],"yoast_head":"<!-- This site is optimized with the Yoast SEO plugin v27.4 - https:\/\/yoast.com\/product\/yoast-seo-wordpress\/ -->\n<title>Poseti Srbiju - Serbia.com<\/title>\n<meta name=\"robots\" content=\"index, follow, max-snippet:-1, max-image-preview:large, max-video-preview:-1\" \/>\n<link rel=\"canonical\" href=\"https:\/\/serbia.com\/srpski\/posetite-srbiju\/\" \/>\n<meta property=\"og:locale\" content=\"en_US\" \/>\n<meta property=\"og:type\" content=\"article\" \/>\n<meta property=\"og:title\" content=\"Poseti Srbiju - Serbia.com\" \/>\n<meta property=\"og:description\" content=\"Dobrodo\u0161li u zemlju velikog kulturnog bogatstva, divlje i pitome prirode i lepih gradova u kojima se prepli\u0107u Istok i Zapad, koji su se vekovima upravo ovde spajali. Nalazite se na [&hellip;]\" \/>\n<meta property=\"og:url\" content=\"https:\/\/serbia.com\/srpski\/posetite-srbiju\/\" \/>\n<meta property=\"og:site_name\" content=\"Serbia.com\" \/>\n<meta property=\"article:modified_time\" content=\"2024-10-20T10:51:35+00:00\" \/>\n<meta property=\"og:image\" content=\"https:\/\/serbia.com\/wp-content\/uploads\/2024\/05\/slide-1-min.jpg\" \/>\n\t<meta property=\"og:image:width\" content=\"2560\" \/>\n\t<meta property=\"og:image:height\" content=\"1440\" \/>\n\t<meta property=\"og:image:type\" content=\"image\/jpeg\" \/>\n<meta name=\"twitter:label1\" content=\"Est. reading time\" \/>\n\t<meta name=\"twitter:data1\" content=\"5 minutes\" \/>\n<script type=\"application\/ld+json\" class=\"yoast-schema-graph\">{\"@context\":\"https:\\\/\\\/schema.org\",\"@graph\":[{\"@type\":\"WebPage\",\"@id\":\"https:\\\/\\\/serbia.com\\\/srpski\\\/posetite-srbiju\\\/\",\"url\":\"https:\\\/\\\/serbia.com\\\/srpski\\\/posetite-srbiju\\\/\",\"name\":\"Poseti Srbiju - Serbia.com\",\"isPartOf\":{\"@id\":\"https:\\\/\\\/serbia.com\\\/#website\"},\"primaryImageOfPage\":{\"@id\":\"https:\\\/\\\/serbia.com\\\/srpski\\\/posetite-srbiju\\\/#primaryimage\"},\"image\":{\"@id\":\"https:\\\/\\\/serbia.com\\\/srpski\\\/posetite-srbiju\\\/#primaryimage\"},\"thumbnailUrl\":\"https:\\\/\\\/serbia.com\\\/wp-content\\\/uploads\\\/2024\\\/05\\\/slide-1-min.jpg\",\"datePublished\":\"2014-02-26T19:02:04+00:00\",\"dateModified\":\"2024-10-20T10:51:35+00:00\",\"breadcrumb\":{\"@id\":\"https:\\\/\\\/serbia.com\\\/srpski\\\/posetite-srbiju\\\/#breadcrumb\"},\"inLanguage\":\"srpski\",\"potentialAction\":[{\"@type\":\"ReadAction\",\"target\":[\"https:\\\/\\\/serbia.com\\\/srpski\\\/posetite-srbiju\\\/\"]}]},{\"@type\":\"ImageObject\",\"inLanguage\":\"srpski\",\"@id\":\"https:\\\/\\\/serbia.com\\\/srpski\\\/posetite-srbiju\\\/#primaryimage\",\"url\":\"https:\\\/\\\/serbia.com\\\/wp-content\\\/uploads\\\/2024\\\/05\\\/slide-1-min.jpg\",\"contentUrl\":\"https:\\\/\\\/serbia.com\\\/wp-content\\\/uploads\\\/2024\\\/05\\\/slide-1-min.jpg\",\"width\":2560,\"height\":1440},{\"@type\":\"BreadcrumbList\",\"@id\":\"https:\\\/\\\/serbia.com\\\/srpski\\\/posetite-srbiju\\\/#breadcrumb\",\"itemListElement\":[{\"@type\":\"ListItem\",\"position\":1,\"name\":\"Home\",\"item\":\"https:\\\/\\\/serbia.com\\\/srpski\\\/srbija\\\/\"},{\"@type\":\"ListItem\",\"position\":2,\"name\":\"Poseti Srbiju\"}]},{\"@type\":\"WebSite\",\"@id\":\"https:\\\/\\\/serbia.com\\\/#website\",\"url\":\"https:\\\/\\\/serbia.com\\\/\",\"name\":\"Serbia.com\",\"description\":\"Your Gateway to Serbia\",\"potentialAction\":[{\"@type\":\"SearchAction\",\"target\":{\"@type\":\"EntryPoint\",\"urlTemplate\":\"https:\\\/\\\/serbia.com\\\/?s={search_term_string}\"},\"query-input\":{\"@type\":\"PropertyValueSpecification\",\"valueRequired\":true,\"valueName\":\"search_term_string\"}}],\"inLanguage\":\"srpski\"}]}<\/script>\n<!-- \/ Yoast SEO plugin. -->","yoast_head_json":{"title":"Poseti Srbiju - Serbia.com","robots":{"index":"index","follow":"follow","max-snippet":"max-snippet:-1","max-image-preview":"max-image-preview:large","max-video-preview":"max-video-preview:-1"},"canonical":"https:\/\/serbia.com\/srpski\/posetite-srbiju\/","og_locale":"en_US","og_type":"article","og_title":"Poseti Srbiju - Serbia.com","og_description":"Dobrodo\u0161li u zemlju velikog kulturnog bogatstva, divlje i pitome prirode i lepih gradova u kojima se prepli\u0107u Istok i Zapad, koji su se vekovima upravo ovde spajali. Nalazite se na [&hellip;]","og_url":"https:\/\/serbia.com\/srpski\/posetite-srbiju\/","og_site_name":"Serbia.com","article_modified_time":"2024-10-20T10:51:35+00:00","og_image":[{"width":2560,"height":1440,"url":"https:\/\/serbia.com\/wp-content\/uploads\/2024\/05\/slide-1-min.jpg","type":"image\/jpeg"}],"twitter_misc":{"Est. reading time":"5 minutes"},"schema":{"@context":"https:\/\/schema.org","@graph":[{"@type":"WebPage","@id":"https:\/\/serbia.com\/srpski\/posetite-srbiju\/","url":"https:\/\/serbia.com\/srpski\/posetite-srbiju\/","name":"Poseti Srbiju - Serbia.com","isPartOf":{"@id":"https:\/\/serbia.com\/#website"},"primaryImageOfPage":{"@id":"https:\/\/serbia.com\/srpski\/posetite-srbiju\/#primaryimage"},"image":{"@id":"https:\/\/serbia.com\/srpski\/posetite-srbiju\/#primaryimage"},"thumbnailUrl":"https:\/\/serbia.com\/wp-content\/uploads\/2024\/05\/slide-1-min.jpg","datePublished":"2014-02-26T19:02:04+00:00","dateModified":"2024-10-20T10:51:35+00:00","breadcrumb":{"@id":"https:\/\/serbia.com\/srpski\/posetite-srbiju\/#breadcrumb"},"inLanguage":"srpski","potentialAction":[{"@type":"ReadAction","target":["https:\/\/serbia.com\/srpski\/posetite-srbiju\/"]}]},{"@type":"ImageObject","inLanguage":"srpski","@id":"https:\/\/serbia.com\/srpski\/posetite-srbiju\/#primaryimage","url":"https:\/\/serbia.com\/wp-content\/uploads\/2024\/05\/slide-1-min.jpg","contentUrl":"https:\/\/serbia.com\/wp-content\/uploads\/2024\/05\/slide-1-min.jpg","width":2560,"height":1440},{"@type":"BreadcrumbList","@id":"https:\/\/serbia.com\/srpski\/posetite-srbiju\/#breadcrumb","itemListElement":[{"@type":"ListItem","position":1,"name":"Home","item":"https:\/\/serbia.com\/srpski\/srbija\/"},{"@type":"ListItem","position":2,"name":"Poseti Srbiju"}]},{"@type":"WebSite","@id":"https:\/\/serbia.com\/#website","url":"https:\/\/serbia.com\/","name":"Serbia.com","description":"Your Gateway to Serbia","potentialAction":[{"@type":"SearchAction","target":{"@type":"EntryPoint","urlTemplate":"https:\/\/serbia.com\/?s={search_term_string}"},"query-input":{"@type":"PropertyValueSpecification","valueRequired":true,"valueName":"search_term_string"}}],"inLanguage":"srpski"}]}},"brizy_media":[],"_links":{"self":[{"href":"https:\/\/serbia.com\/srpski\/wp-json\/wp\/v2\/pages\/20391","targetHints":{"allow":["GET"]}}],"collection":[{"href":"https:\/\/serbia.com\/srpski\/wp-json\/wp\/v2\/pages"}],"about":[{"href":"https:\/\/serbia.com\/srpski\/wp-json\/wp\/v2\/types\/page"}],"author":[{"embeddable":true,"href":"https:\/\/serbia.com\/srpski\/wp-json\/wp\/v2\/users\/9"}],"replies":[{"embeddable":true,"href":"https:\/\/serbia.com\/srpski\/wp-json\/wp\/v2\/comments?post=20391"}],"version-history":[{"count":1,"href":"https:\/\/serbia.com\/srpski\/wp-json\/wp\/v2\/pages\/20391\/revisions"}],"predecessor-version":[{"id":55658,"href":"https:\/\/serbia.com\/srpski\/wp-json\/wp\/v2\/pages\/20391\/revisions\/55658"}],"wp:featuredmedia":[{"embeddable":true,"href":"https:\/\/serbia.com\/srpski\/wp-json\/wp\/v2\/media\/52282"}],"wp:attachment":[{"href":"https:\/\/serbia.com\/srpski\/wp-json\/wp\/v2\/media?parent=20391"}],"wp:term":[{"taxonomy":"category","embeddable":true,"href":"https:\/\/serbia.com\/srpski\/wp-json\/wp\/v2\/categories?post=20391"},{"taxonomy":"post_tag","embeddable":true,"href":"https:\/\/serbia.com\/srpski\/wp-json\/wp\/v2\/tags?post=20391"}],"curies":[{"name":"wp","href":"https:\/\/api.w.org\/{rel}","templated":true}]}}