{"id":20386,"date":"2014-02-26T19:56:07","date_gmt":"2014-02-26T18:56:07","guid":{"rendered":"http:\/\/www.serbia.com\/?page_id=20386"},"modified":"2024-06-04T15:48:53","modified_gmt":"2024-06-04T13:48:53","slug":"gde-je-srbija","status":"publish","type":"page","link":"https:\/\/serbia.com\/srpski\/o-srbiji\/gde-je-srbija\/","title":{"rendered":"Gde je Srbija?"},"content":{"rendered":"<p>Srbija je dr\u017eava koja se prostire delom u jugoisto\u010dnoj Evropi &#8211; na Balkanskom poluostrvu (75% teritorije) a delom u srednjoj Evropi &#8211; u Panonskoj niziji, (25% teritorije) zauzimaju\u0107i ukupnu povr\u0161inu od 88.407 km2.<\/p>\n<p>Srbija se na severu grani\u010di sa Ma\u0111arskom, na istoku sa Rumunijom i Bugarskom, na jugu s Makedonijom i Albanijom, a na zapadu s Crnom Gorom, Bosnom i Hercegovinom i Hrvatskom.<\/p>\n<p>U sastavu Republike Srbije se nalaze dve autonomne pokrajine: Vojvodina i Kosovo i Metohija. Od <a title=\"15 godina od NATO bombardovanja\" href=\"http:\/\/www.serbia.com\/srpski\/15-godina-od-nato-bombardovanja\/\">NATO bombardovanja SRJ (1999)<\/a>, pokrajina Kosovo i Metohija se nalazi pod protektoratom Ujedinjenih nacija. Institucije privremene samouprave na Kosovu i Metohiji, na kojem Albanci \u010dine etni\u010dku ve\u0107inu, 17. februara 2008. godine jednostrano su proglasile nezavisnost, koju Srbija i Ujedinjene nacije ne priznaju.<\/p>\n<p>Glavni grad Srbije je <a title=\"Beograd\" href=\"http:\/\/www.serbia.com\/srpski\/posetite-srbiju\/sta-videti\/gradovi\/beograd\/\">Beograd<\/a>.<\/p>\n<p><em><strong>Geografija<\/strong><\/em><\/p>\n<p>Srbija se nalazi na kopnenoj masi Balkanskog poluostrva koja je okru\u017eena toplim morima (Jadranskim, Egejskim i Crnim) dok se na severu naslanja na evropski kontinent. Severni deo Republike zauzima ravnica, a u ju\u017enim predelima su bre\u017euljci i planine.<\/p>\n<p>Postoji preko 30 planinskih vrhova iznad 2.000 metara nadmorske visine, a najvi\u0161i vrh je \u0110eravica na Prokletijama sa visinom od 2.656 metara. Planinski reljef Srbije obja\u0161njava pojavu mnogih kanjona, klisura i pe\u0107ina. Najni\u017ea ta\u010dka se nalazi na trome\u0111i sa Rumunijom i Bugarskom, na u\u0161\u0107u Timoka u <a title=\"Dunav, mesto spajanja i razdvajanja\" href=\"http:\/\/www.serbia.com\/srpski\/dunav-mesto-spajanja-i-razdvajanja-2\/\">Dunav<\/a>, na 28 metara nadmorske visine.<\/p>\n<p>Najdu\u017ea reka Srbije je Dunav \u010diji tok kroz Srbiju iznosi 588 km (od 2.783 km ukupne du\u017eine).<\/p>\n<p>Klima u Srbiji je umereno kontinentalna. Zime su kratke, hladne i sne\u017ene, dok su leta topla. Najhladniji mesec je januar, a najtopliji jul.<\/p>\n<p>Telefonski pozivni broj: +381<\/p>\n<p>Nacionalna valuta: Dinar (RSD)<\/p>\n<p>Nacionalni internet domen: .rs i .\u0441\u0440\u0431 (\u0107irili\u010dni domen)<\/p>\n<p>Nacionalna auto oznaka: SRB<\/p>\n<p>Vremenska zona: Srednjeevropska, CET (GMT+1 sat)<\/p>\n<p>Zvani\u010dni jezik: Srpski<\/p>\n<p>Zvani\u010dno pismo: \u0106irilica<\/p>\n","protected":false},"excerpt":{"rendered":"<p>Srbija je dr\u017eava koja se prostire delom u jugoisto\u010dnoj Evropi &#8211; na Balkanskom poluostrvu (75% teritorije) a delom u srednjoj Evropi &#8211; u Panonskoj niziji, (25% teritorije) zauzimaju\u0107i ukupnu povr\u0161inu [&hellip;]<\/p>\n","protected":false},"author":9,"featured_media":52422,"parent":20144,"menu_order":0,"comment_status":"closed","ping_status":"open","template":"","meta":{"_acf_changed":false,"inline_featured_image":false,"_monsterinsights_skip_tracking":false,"_monsterinsights_sitenote_active":false,"_monsterinsights_sitenote_note":"","_monsterinsights_sitenote_category":0,"footnotes":""},"categories":[2846],"tags":[],"class_list":["post-20386","page","type-page","status-publish","has-post-thumbnail","hentry","category-istaknuto"],"acf":[],"yoast_head":"<!-- This site is optimized with the Yoast SEO plugin v27.4 - https:\/\/yoast.com\/product\/yoast-seo-wordpress\/ -->\n<title>Gde je Srbija? - Serbia.com<\/title>\n<meta name=\"robots\" content=\"index, follow, max-snippet:-1, max-image-preview:large, max-video-preview:-1\" \/>\n<link rel=\"canonical\" href=\"https:\/\/serbia.com\/srpski\/o-srbiji\/gde-je-srbija\/\" \/>\n<meta property=\"og:locale\" content=\"en_US\" \/>\n<meta property=\"og:type\" content=\"article\" \/>\n<meta property=\"og:title\" content=\"Gde je Srbija? - Serbia.com\" \/>\n<meta property=\"og:description\" content=\"Srbija je dr\u017eava koja se prostire delom u jugoisto\u010dnoj Evropi &#8211; na Balkanskom poluostrvu (75% teritorije) a delom u srednjoj Evropi &#8211; u Panonskoj niziji, (25% teritorije) zauzimaju\u0107i ukupnu povr\u0161inu [&hellip;]\" \/>\n<meta property=\"og:url\" content=\"https:\/\/serbia.com\/srpski\/o-srbiji\/gde-je-srbija\/\" \/>\n<meta property=\"og:site_name\" content=\"Serbia.com\" \/>\n<meta property=\"article:modified_time\" content=\"2024-06-04T13:48:53+00:00\" \/>\n<meta property=\"og:image\" content=\"https:\/\/serbia.com\/wp-content\/uploads\/2024\/05\/ivana-djudic-oS-V7en990M-unsplash-1-scaled.jpg\" \/>\n\t<meta property=\"og:image:width\" content=\"2560\" \/>\n\t<meta property=\"og:image:height\" content=\"1700\" \/>\n\t<meta property=\"og:image:type\" content=\"image\/jpeg\" \/>\n<meta name=\"twitter:label1\" content=\"Est. reading time\" \/>\n\t<meta name=\"twitter:data1\" content=\"2 minutes\" \/>\n<script type=\"application\/ld+json\" class=\"yoast-schema-graph\">{\"@context\":\"https:\\\/\\\/schema.org\",\"@graph\":[{\"@type\":\"WebPage\",\"@id\":\"https:\\\/\\\/serbia.com\\\/srpski\\\/o-srbiji\\\/gde-je-srbija\\\/\",\"url\":\"https:\\\/\\\/serbia.com\\\/srpski\\\/o-srbiji\\\/gde-je-srbija\\\/\",\"name\":\"Gde je Srbija? - Serbia.com\",\"isPartOf\":{\"@id\":\"https:\\\/\\\/serbia.com\\\/#website\"},\"primaryImageOfPage\":{\"@id\":\"https:\\\/\\\/serbia.com\\\/srpski\\\/o-srbiji\\\/gde-je-srbija\\\/#primaryimage\"},\"image\":{\"@id\":\"https:\\\/\\\/serbia.com\\\/srpski\\\/o-srbiji\\\/gde-je-srbija\\\/#primaryimage\"},\"thumbnailUrl\":\"https:\\\/\\\/serbia.com\\\/wp-content\\\/uploads\\\/2024\\\/05\\\/ivana-djudic-oS-V7en990M-unsplash-1-scaled.jpg\",\"datePublished\":\"2014-02-26T18:56:07+00:00\",\"dateModified\":\"2024-06-04T13:48:53+00:00\",\"breadcrumb\":{\"@id\":\"https:\\\/\\\/serbia.com\\\/srpski\\\/o-srbiji\\\/gde-je-srbija\\\/#breadcrumb\"},\"inLanguage\":\"srpski\",\"potentialAction\":[{\"@type\":\"ReadAction\",\"target\":[\"https:\\\/\\\/serbia.com\\\/srpski\\\/o-srbiji\\\/gde-je-srbija\\\/\"]}]},{\"@type\":\"ImageObject\",\"inLanguage\":\"srpski\",\"@id\":\"https:\\\/\\\/serbia.com\\\/srpski\\\/o-srbiji\\\/gde-je-srbija\\\/#primaryimage\",\"url\":\"https:\\\/\\\/serbia.com\\\/wp-content\\\/uploads\\\/2024\\\/05\\\/ivana-djudic-oS-V7en990M-unsplash-1-scaled.jpg\",\"contentUrl\":\"https:\\\/\\\/serbia.com\\\/wp-content\\\/uploads\\\/2024\\\/05\\\/ivana-djudic-oS-V7en990M-unsplash-1-scaled.jpg\",\"width\":2560,\"height\":1700},{\"@type\":\"BreadcrumbList\",\"@id\":\"https:\\\/\\\/serbia.com\\\/srpski\\\/o-srbiji\\\/gde-je-srbija\\\/#breadcrumb\",\"itemListElement\":[{\"@type\":\"ListItem\",\"position\":1,\"name\":\"Home\",\"item\":\"https:\\\/\\\/serbia.com\\\/srpski\\\/srbija\\\/\"},{\"@type\":\"ListItem\",\"position\":2,\"name\":\"O Srbiji\",\"item\":\"https:\\\/\\\/serbia.com\\\/srpski\\\/o-srbiji\\\/\"},{\"@type\":\"ListItem\",\"position\":3,\"name\":\"Gde je Srbija?\"}]},{\"@type\":\"WebSite\",\"@id\":\"https:\\\/\\\/serbia.com\\\/#website\",\"url\":\"https:\\\/\\\/serbia.com\\\/\",\"name\":\"Serbia.com\",\"description\":\"Your Gateway to Serbia\",\"potentialAction\":[{\"@type\":\"SearchAction\",\"target\":{\"@type\":\"EntryPoint\",\"urlTemplate\":\"https:\\\/\\\/serbia.com\\\/?s={search_term_string}\"},\"query-input\":{\"@type\":\"PropertyValueSpecification\",\"valueRequired\":true,\"valueName\":\"search_term_string\"}}],\"inLanguage\":\"srpski\"}]}<\/script>\n<!-- \/ Yoast SEO plugin. -->","yoast_head_json":{"title":"Gde je Srbija? - Serbia.com","robots":{"index":"index","follow":"follow","max-snippet":"max-snippet:-1","max-image-preview":"max-image-preview:large","max-video-preview":"max-video-preview:-1"},"canonical":"https:\/\/serbia.com\/srpski\/o-srbiji\/gde-je-srbija\/","og_locale":"en_US","og_type":"article","og_title":"Gde je Srbija? - Serbia.com","og_description":"Srbija je dr\u017eava koja se prostire delom u jugoisto\u010dnoj Evropi &#8211; na Balkanskom poluostrvu (75% teritorije) a delom u srednjoj Evropi &#8211; u Panonskoj niziji, (25% teritorije) zauzimaju\u0107i ukupnu povr\u0161inu [&hellip;]","og_url":"https:\/\/serbia.com\/srpski\/o-srbiji\/gde-je-srbija\/","og_site_name":"Serbia.com","article_modified_time":"2024-06-04T13:48:53+00:00","og_image":[{"width":2560,"height":1700,"url":"https:\/\/serbia.com\/wp-content\/uploads\/2024\/05\/ivana-djudic-oS-V7en990M-unsplash-1-scaled.jpg","type":"image\/jpeg"}],"twitter_misc":{"Est. reading time":"2 minutes"},"schema":{"@context":"https:\/\/schema.org","@graph":[{"@type":"WebPage","@id":"https:\/\/serbia.com\/srpski\/o-srbiji\/gde-je-srbija\/","url":"https:\/\/serbia.com\/srpski\/o-srbiji\/gde-je-srbija\/","name":"Gde je Srbija? - Serbia.com","isPartOf":{"@id":"https:\/\/serbia.com\/#website"},"primaryImageOfPage":{"@id":"https:\/\/serbia.com\/srpski\/o-srbiji\/gde-je-srbija\/#primaryimage"},"image":{"@id":"https:\/\/serbia.com\/srpski\/o-srbiji\/gde-je-srbija\/#primaryimage"},"thumbnailUrl":"https:\/\/serbia.com\/wp-content\/uploads\/2024\/05\/ivana-djudic-oS-V7en990M-unsplash-1-scaled.jpg","datePublished":"2014-02-26T18:56:07+00:00","dateModified":"2024-06-04T13:48:53+00:00","breadcrumb":{"@id":"https:\/\/serbia.com\/srpski\/o-srbiji\/gde-je-srbija\/#breadcrumb"},"inLanguage":"srpski","potentialAction":[{"@type":"ReadAction","target":["https:\/\/serbia.com\/srpski\/o-srbiji\/gde-je-srbija\/"]}]},{"@type":"ImageObject","inLanguage":"srpski","@id":"https:\/\/serbia.com\/srpski\/o-srbiji\/gde-je-srbija\/#primaryimage","url":"https:\/\/serbia.com\/wp-content\/uploads\/2024\/05\/ivana-djudic-oS-V7en990M-unsplash-1-scaled.jpg","contentUrl":"https:\/\/serbia.com\/wp-content\/uploads\/2024\/05\/ivana-djudic-oS-V7en990M-unsplash-1-scaled.jpg","width":2560,"height":1700},{"@type":"BreadcrumbList","@id":"https:\/\/serbia.com\/srpski\/o-srbiji\/gde-je-srbija\/#breadcrumb","itemListElement":[{"@type":"ListItem","position":1,"name":"Home","item":"https:\/\/serbia.com\/srpski\/srbija\/"},{"@type":"ListItem","position":2,"name":"O Srbiji","item":"https:\/\/serbia.com\/srpski\/o-srbiji\/"},{"@type":"ListItem","position":3,"name":"Gde je Srbija?"}]},{"@type":"WebSite","@id":"https:\/\/serbia.com\/#website","url":"https:\/\/serbia.com\/","name":"Serbia.com","description":"Your Gateway to Serbia","potentialAction":[{"@type":"SearchAction","target":{"@type":"EntryPoint","urlTemplate":"https:\/\/serbia.com\/?s={search_term_string}"},"query-input":{"@type":"PropertyValueSpecification","valueRequired":true,"valueName":"search_term_string"}}],"inLanguage":"srpski"}]}},"brizy_media":[],"_links":{"self":[{"href":"https:\/\/serbia.com\/srpski\/wp-json\/wp\/v2\/pages\/20386","targetHints":{"allow":["GET"]}}],"collection":[{"href":"https:\/\/serbia.com\/srpski\/wp-json\/wp\/v2\/pages"}],"about":[{"href":"https:\/\/serbia.com\/srpski\/wp-json\/wp\/v2\/types\/page"}],"author":[{"embeddable":true,"href":"https:\/\/serbia.com\/srpski\/wp-json\/wp\/v2\/users\/9"}],"replies":[{"embeddable":true,"href":"https:\/\/serbia.com\/srpski\/wp-json\/wp\/v2\/comments?post=20386"}],"version-history":[{"count":1,"href":"https:\/\/serbia.com\/srpski\/wp-json\/wp\/v2\/pages\/20386\/revisions"}],"predecessor-version":[{"id":53221,"href":"https:\/\/serbia.com\/srpski\/wp-json\/wp\/v2\/pages\/20386\/revisions\/53221"}],"up":[{"embeddable":true,"href":"https:\/\/serbia.com\/srpski\/wp-json\/wp\/v2\/pages\/20144"}],"wp:featuredmedia":[{"embeddable":true,"href":"https:\/\/serbia.com\/srpski\/wp-json\/wp\/v2\/media\/52422"}],"wp:attachment":[{"href":"https:\/\/serbia.com\/srpski\/wp-json\/wp\/v2\/media?parent=20386"}],"wp:term":[{"taxonomy":"category","embeddable":true,"href":"https:\/\/serbia.com\/srpski\/wp-json\/wp\/v2\/categories?post=20386"},{"taxonomy":"post_tag","embeddable":true,"href":"https:\/\/serbia.com\/srpski\/wp-json\/wp\/v2\/tags?post=20386"}],"curies":[{"name":"wp","href":"https:\/\/api.w.org\/{rel}","templated":true}]}}