{"id":20352,"date":"2014-02-26T19:53:17","date_gmt":"2014-02-26T18:53:17","guid":{"rendered":"http:\/\/www.serbia.com\/?page_id=20352"},"modified":"2015-04-15T16:29:10","modified_gmt":"2015-04-15T14:29:10","slug":"najveci-srpski-umovi","status":"publish","type":"page","link":"https:\/\/serbia.com\/srpski\/o-srbiji\/poznati-srbi\/najveci-srpski-umovi\/","title":{"rendered":"Najve\u0107i srpski umovi"},"content":{"rendered":"<p>Srbija je zemlja u kojoj su stasali neki od najve\u0107ih svetskih umova \u010diji je rad zna\u010dajno promenio svet i doprineo njegovom dana\u0161njem izgledu.<\/p>\n<p>Veliki srpski umovi, nau\u010dnici i pronalaza\u010di, zadu\u017eili su ne samo Srbiju ve\u0107 i \u010ditav svet. Verovatno nema gra\u0111anina sveta koji ne bi znao da je srpski nau\u010dnik <a title=\"Nikola Tesla, gospodar munja\" href=\"http:\/\/www.serbia.com\/srpski\/nikola-tesla-gospodar-munja-2\/\">Nikola Tesla<\/a> \u010dovek koji je svetu podario elektri\u010dnu energiju. Srpski \u201cgospodar munja\u201d , osta\u0107e upam\u0107en kao najve\u0107i um 20. veka, \u010dovek \u010dija nau\u010dna zaostav\u0161tina i danas intrigira svet i predstavlja izazov za nove generacije nau\u010dnika.<\/p>\n<p>Najprecizniji kalendar na svetu delo je jo\u0161 jednog srpskog velikana, poznatog nau\u010dnika, <a title=\"Milutin Milankovi\u0107, tvorac najpreciznijeg kalendara\" href=\"http:\/\/www.serbia.com\/srpski\/milutin-milankovic-tvorac-najpreciznijeg-kalendara\/\">Milutina Milankovi\u0107a<\/a> zahvaljuju\u0107i kome danas znamo da na klimu na Zemlji dominantno uti\u010du faktori iz svemira, pre svega Sunce, a to nam omogu\u0107ava da sa velikom sigurno\u0161\u0107u predvidimo promene i dolazak slede\u0107eg ledenog doba. Po njemu su nazvani jedan krater na Marsu i jedan na Mesecu, a NASA ga je svrstala me\u0111u 15 nau\u010dnika najzaslu\u017enijih za razvoj nauke o Zemlji.<\/p>\n<p>A u samom osnivanju NASE-e u\u010destvovao je i srpski nau\u010dnik <a title=\"Mihajlo Pupin, jedan od osniva\u010da agencije NASA\" href=\"http:\/\/www.serbia.com\/srpski\/mihajlo-pupin-jedan-od-osnivaca-agencije-nasa-2\/\">Mihajlo Pupin<\/a>. Ovaj srpski velikan dobio je Pulicerovu nagradu i tako postao prvi Srbin kome je dodeljeno ovo priznanje. Svetsku slavu Mihajlu Pupinu doneo je pronalazak \u201cPupinovi kalemovi\u201d \u2013 20 godina posle Aleksandra Bela on je patentirao izum koji je usavr\u0161io telefon i omogu\u0107io da danas njime razgovaramo na velike daljine, da se jasno \u010dujemo i da u vezama nema \u0161umova.<\/p>\n<p>Ova rubrika je namenjena ljudima za \u010dije delo i izuzetnost bi trebalo da znate.[ultimate_spacer height=&#8221;30&#8243;][dt_fancy_title title=&#8221;Povezani \u010dlanci&#8221; title_align=&#8221;left&#8221; title_size=&#8221;normal&#8221; title_color=&#8221;accent&#8221; el_width=&#8221;100&#8243; title_bg=&#8221;disabled&#8221; separator_color=&#8221;default&#8221;][ultimate_spacer height=&#8221;30&#8243;]<\/p>\n","protected":false},"excerpt":{"rendered":"<p>Srbija je zemlja u kojoj su stasali neki od najve\u0107ih svetskih umova \u010diji je rad zna\u010dajno promenio svet i doprineo njegovom dana\u0161njem izgledu. Veliki srpski umovi, nau\u010dnici i pronalaza\u010di, zadu\u017eili [&hellip;]<\/p>\n","protected":false},"author":9,"featured_media":34337,"parent":20282,"menu_order":0,"comment_status":"closed","ping_status":"open","template":"","meta":{"_acf_changed":false,"inline_featured_image":false,"_monsterinsights_skip_tracking":false,"_monsterinsights_sitenote_active":false,"_monsterinsights_sitenote_note":"","_monsterinsights_sitenote_category":0,"footnotes":""},"categories":[2814],"tags":[],"class_list":["post-20352","page","type-page","status-publish","has-post-thumbnail","hentry","category-najveci-srpski-umovi"],"acf":[],"yoast_head":"<!-- This site is optimized with the Yoast SEO plugin v27.4 - https:\/\/yoast.com\/product\/yoast-seo-wordpress\/ -->\n<title>Najve\u0107i srpski umovi - Serbia.com<\/title>\n<meta name=\"robots\" content=\"index, follow, max-snippet:-1, max-image-preview:large, max-video-preview:-1\" \/>\n<link rel=\"canonical\" href=\"https:\/\/serbia.com\/srpski\/o-srbiji\/poznati-srbi\/najveci-srpski-umovi\/\" \/>\n<meta property=\"og:locale\" content=\"en_US\" \/>\n<meta property=\"og:type\" content=\"article\" \/>\n<meta property=\"og:title\" content=\"Najve\u0107i srpski umovi - Serbia.com\" \/>\n<meta property=\"og:description\" content=\"Srbija je zemlja u kojoj su stasali neki od najve\u0107ih svetskih umova \u010diji je rad zna\u010dajno promenio svet i doprineo njegovom dana\u0161njem izgledu. Veliki srpski umovi, nau\u010dnici i pronalaza\u010di, zadu\u017eili [&hellip;]\" \/>\n<meta property=\"og:url\" content=\"https:\/\/serbia.com\/srpski\/o-srbiji\/poznati-srbi\/najveci-srpski-umovi\/\" \/>\n<meta property=\"og:site_name\" content=\"Serbia.com\" \/>\n<meta property=\"article:modified_time\" content=\"2015-04-15T14:29:10+00:00\" \/>\n<meta property=\"og:image\" content=\"https:\/\/serbia.com\/wp-content\/uploads\/2015\/06\/milankovic.jpg\" \/>\n\t<meta property=\"og:image:width\" content=\"1281\" \/>\n\t<meta property=\"og:image:height\" content=\"759\" \/>\n\t<meta property=\"og:image:type\" content=\"image\/jpeg\" \/>\n<meta name=\"twitter:label1\" content=\"Est. reading time\" \/>\n\t<meta name=\"twitter:data1\" content=\"1 minute\" \/>\n<script type=\"application\/ld+json\" class=\"yoast-schema-graph\">{\"@context\":\"https:\\\/\\\/schema.org\",\"@graph\":[{\"@type\":\"WebPage\",\"@id\":\"https:\\\/\\\/serbia.com\\\/srpski\\\/o-srbiji\\\/poznati-srbi\\\/najveci-srpski-umovi\\\/\",\"url\":\"https:\\\/\\\/serbia.com\\\/srpski\\\/o-srbiji\\\/poznati-srbi\\\/najveci-srpski-umovi\\\/\",\"name\":\"Najve\u0107i srpski umovi - Serbia.com\",\"isPartOf\":{\"@id\":\"https:\\\/\\\/serbia.com\\\/#website\"},\"primaryImageOfPage\":{\"@id\":\"https:\\\/\\\/serbia.com\\\/srpski\\\/o-srbiji\\\/poznati-srbi\\\/najveci-srpski-umovi\\\/#primaryimage\"},\"image\":{\"@id\":\"https:\\\/\\\/serbia.com\\\/srpski\\\/o-srbiji\\\/poznati-srbi\\\/najveci-srpski-umovi\\\/#primaryimage\"},\"thumbnailUrl\":\"https:\\\/\\\/serbia.com\\\/wp-content\\\/uploads\\\/2015\\\/06\\\/milankovic.jpg\",\"datePublished\":\"2014-02-26T18:53:17+00:00\",\"dateModified\":\"2015-04-15T14:29:10+00:00\",\"breadcrumb\":{\"@id\":\"https:\\\/\\\/serbia.com\\\/srpski\\\/o-srbiji\\\/poznati-srbi\\\/najveci-srpski-umovi\\\/#breadcrumb\"},\"inLanguage\":\"srpski\",\"potentialAction\":[{\"@type\":\"ReadAction\",\"target\":[\"https:\\\/\\\/serbia.com\\\/srpski\\\/o-srbiji\\\/poznati-srbi\\\/najveci-srpski-umovi\\\/\"]}]},{\"@type\":\"ImageObject\",\"inLanguage\":\"srpski\",\"@id\":\"https:\\\/\\\/serbia.com\\\/srpski\\\/o-srbiji\\\/poznati-srbi\\\/najveci-srpski-umovi\\\/#primaryimage\",\"url\":\"https:\\\/\\\/serbia.com\\\/wp-content\\\/uploads\\\/2015\\\/06\\\/milankovic.jpg\",\"contentUrl\":\"https:\\\/\\\/serbia.com\\\/wp-content\\\/uploads\\\/2015\\\/06\\\/milankovic.jpg\",\"width\":1281,\"height\":759},{\"@type\":\"BreadcrumbList\",\"@id\":\"https:\\\/\\\/serbia.com\\\/srpski\\\/o-srbiji\\\/poznati-srbi\\\/najveci-srpski-umovi\\\/#breadcrumb\",\"itemListElement\":[{\"@type\":\"ListItem\",\"position\":1,\"name\":\"Home\",\"item\":\"https:\\\/\\\/serbia.com\\\/srpski\\\/\"},{\"@type\":\"ListItem\",\"position\":2,\"name\":\"O Srbiji\",\"item\":\"https:\\\/\\\/serbia.com\\\/srpski\\\/o-srbiji\\\/\"},{\"@type\":\"ListItem\",\"position\":3,\"name\":\"Poznati Srbi\",\"item\":\"https:\\\/\\\/serbia.com\\\/srpski\\\/o-srbiji\\\/poznati-srbi\\\/\"},{\"@type\":\"ListItem\",\"position\":4,\"name\":\"Najve\u0107i srpski umovi\"}]},{\"@type\":\"WebSite\",\"@id\":\"https:\\\/\\\/serbia.com\\\/#website\",\"url\":\"https:\\\/\\\/serbia.com\\\/\",\"name\":\"Serbia.com\",\"description\":\"Your Gateway to Serbia\",\"potentialAction\":[{\"@type\":\"SearchAction\",\"target\":{\"@type\":\"EntryPoint\",\"urlTemplate\":\"https:\\\/\\\/serbia.com\\\/?s={search_term_string}\"},\"query-input\":{\"@type\":\"PropertyValueSpecification\",\"valueRequired\":true,\"valueName\":\"search_term_string\"}}],\"inLanguage\":\"srpski\"}]}<\/script>\n<!-- \/ Yoast SEO plugin. -->","yoast_head_json":{"title":"Najve\u0107i srpski umovi - Serbia.com","robots":{"index":"index","follow":"follow","max-snippet":"max-snippet:-1","max-image-preview":"max-image-preview:large","max-video-preview":"max-video-preview:-1"},"canonical":"https:\/\/serbia.com\/srpski\/o-srbiji\/poznati-srbi\/najveci-srpski-umovi\/","og_locale":"en_US","og_type":"article","og_title":"Najve\u0107i srpski umovi - Serbia.com","og_description":"Srbija je zemlja u kojoj su stasali neki od najve\u0107ih svetskih umova \u010diji je rad zna\u010dajno promenio svet i doprineo njegovom dana\u0161njem izgledu. Veliki srpski umovi, nau\u010dnici i pronalaza\u010di, zadu\u017eili [&hellip;]","og_url":"https:\/\/serbia.com\/srpski\/o-srbiji\/poznati-srbi\/najveci-srpski-umovi\/","og_site_name":"Serbia.com","article_modified_time":"2015-04-15T14:29:10+00:00","og_image":[{"width":1281,"height":759,"url":"https:\/\/serbia.com\/wp-content\/uploads\/2015\/06\/milankovic.jpg","type":"image\/jpeg"}],"twitter_misc":{"Est. reading time":"1 minute"},"schema":{"@context":"https:\/\/schema.org","@graph":[{"@type":"WebPage","@id":"https:\/\/serbia.com\/srpski\/o-srbiji\/poznati-srbi\/najveci-srpski-umovi\/","url":"https:\/\/serbia.com\/srpski\/o-srbiji\/poznati-srbi\/najveci-srpski-umovi\/","name":"Najve\u0107i srpski umovi - Serbia.com","isPartOf":{"@id":"https:\/\/serbia.com\/#website"},"primaryImageOfPage":{"@id":"https:\/\/serbia.com\/srpski\/o-srbiji\/poznati-srbi\/najveci-srpski-umovi\/#primaryimage"},"image":{"@id":"https:\/\/serbia.com\/srpski\/o-srbiji\/poznati-srbi\/najveci-srpski-umovi\/#primaryimage"},"thumbnailUrl":"https:\/\/serbia.com\/wp-content\/uploads\/2015\/06\/milankovic.jpg","datePublished":"2014-02-26T18:53:17+00:00","dateModified":"2015-04-15T14:29:10+00:00","breadcrumb":{"@id":"https:\/\/serbia.com\/srpski\/o-srbiji\/poznati-srbi\/najveci-srpski-umovi\/#breadcrumb"},"inLanguage":"srpski","potentialAction":[{"@type":"ReadAction","target":["https:\/\/serbia.com\/srpski\/o-srbiji\/poznati-srbi\/najveci-srpski-umovi\/"]}]},{"@type":"ImageObject","inLanguage":"srpski","@id":"https:\/\/serbia.com\/srpski\/o-srbiji\/poznati-srbi\/najveci-srpski-umovi\/#primaryimage","url":"https:\/\/serbia.com\/wp-content\/uploads\/2015\/06\/milankovic.jpg","contentUrl":"https:\/\/serbia.com\/wp-content\/uploads\/2015\/06\/milankovic.jpg","width":1281,"height":759},{"@type":"BreadcrumbList","@id":"https:\/\/serbia.com\/srpski\/o-srbiji\/poznati-srbi\/najveci-srpski-umovi\/#breadcrumb","itemListElement":[{"@type":"ListItem","position":1,"name":"Home","item":"https:\/\/serbia.com\/srpski\/"},{"@type":"ListItem","position":2,"name":"O Srbiji","item":"https:\/\/serbia.com\/srpski\/o-srbiji\/"},{"@type":"ListItem","position":3,"name":"Poznati Srbi","item":"https:\/\/serbia.com\/srpski\/o-srbiji\/poznati-srbi\/"},{"@type":"ListItem","position":4,"name":"Najve\u0107i srpski umovi"}]},{"@type":"WebSite","@id":"https:\/\/serbia.com\/#website","url":"https:\/\/serbia.com\/","name":"Serbia.com","description":"Your Gateway to Serbia","potentialAction":[{"@type":"SearchAction","target":{"@type":"EntryPoint","urlTemplate":"https:\/\/serbia.com\/?s={search_term_string}"},"query-input":{"@type":"PropertyValueSpecification","valueRequired":true,"valueName":"search_term_string"}}],"inLanguage":"srpski"}]}},"brizy_media":[],"_links":{"self":[{"href":"https:\/\/serbia.com\/srpski\/wp-json\/wp\/v2\/pages\/20352","targetHints":{"allow":["GET"]}}],"collection":[{"href":"https:\/\/serbia.com\/srpski\/wp-json\/wp\/v2\/pages"}],"about":[{"href":"https:\/\/serbia.com\/srpski\/wp-json\/wp\/v2\/types\/page"}],"author":[{"embeddable":true,"href":"https:\/\/serbia.com\/srpski\/wp-json\/wp\/v2\/users\/9"}],"replies":[{"embeddable":true,"href":"https:\/\/serbia.com\/srpski\/wp-json\/wp\/v2\/comments?post=20352"}],"version-history":[{"count":0,"href":"https:\/\/serbia.com\/srpski\/wp-json\/wp\/v2\/pages\/20352\/revisions"}],"up":[{"embeddable":true,"href":"https:\/\/serbia.com\/srpski\/wp-json\/wp\/v2\/pages\/20282"}],"wp:featuredmedia":[{"embeddable":true,"href":"https:\/\/serbia.com\/srpski\/wp-json\/wp\/v2\/media\/34337"}],"wp:attachment":[{"href":"https:\/\/serbia.com\/srpski\/wp-json\/wp\/v2\/media?parent=20352"}],"wp:term":[{"taxonomy":"category","embeddable":true,"href":"https:\/\/serbia.com\/srpski\/wp-json\/wp\/v2\/categories?post=20352"},{"taxonomy":"post_tag","embeddable":true,"href":"https:\/\/serbia.com\/srpski\/wp-json\/wp\/v2\/tags?post=20352"}],"curies":[{"name":"wp","href":"https:\/\/api.w.org\/{rel}","templated":true}]}}