{"id":20282,"date":"2014-02-26T19:51:16","date_gmt":"2014-02-26T18:51:16","guid":{"rendered":"http:\/\/www.serbia.com\/?page_id=20282"},"modified":"2024-06-04T16:06:56","modified_gmt":"2024-06-04T14:06:56","slug":"poznati-srbi","status":"publish","type":"page","link":"https:\/\/serbia.com\/srpski\/o-srbiji\/poznati-srbi\/","title":{"rendered":"Poznati Srbi"},"content":{"rendered":"<h2>Na ovoj strani Vas o\u010dekuju pri\u010de o znamenitim Srbima.<\/h2>\n<p>Po\u010dev od velikih nau\u010dnika koji su iza sebe ostavili planetarna otkri\u0107a, poput <a title=\"Nikola Tesla, gospodar munja\" href=\"http:\/\/www.serbia.com\/srpski\/nikola-tesla-gospodar-munja-2\/\">Tesle<\/a> i <a title=\"Milutin Milankovi\u0107, tvorac najpreciznijeg kalendara\" href=\"http:\/\/www.serbia.com\/srpski\/milutin-milankovic-tvorac-najpreciznijeg-kalendara\/\">Milankovi\u0107a<\/a>, preko knji\u017eevnika, koji su svojim perom obogatili svetsku knji\u017eevnost, poput dobitnika Nobelove nagrade, <a title=\"Ivo Andri\u0107, jedini srpski nobelovac\" href=\"http:\/\/www.serbia.com\/srpski\/ivo-andric-nobelovac-2\/\">Iva Andri\u0107a<\/a>, umetnika \u010dije je ime zna\u010dajno u svetskoj umetnosti poput <a title=\"Emir Kusturica, umetnik, graditelj i antiglobalista\" href=\"http:\/\/www.serbia.com\/srpski\/emir-kusturica-umetnik-graditelj-i-antiglobalista-2\/\">Kusturi\u010dinog<\/a> i kona\u010dno, sportista, koji su najbolji ambasodori Srbije u svetu poput <a title=\"Novak \u0110okovi\u0107 po tre\u0107i put najbolji sportista Balkana\" href=\"http:\/\/www.serbia.com\/srpski\/novak-dokovic-po-treci-put-najbolji-sportista-balkana\/\">\u0110okovi\u0107a<\/a> i <a title=\"Vlade Divac, div velikog srca\" href=\"http:\/\/www.serbia.com\/srpski\/vlade-divac-div-velikog-srca-2\/\">Divca<\/a>.<\/p>\n<p>Upoznajte ljude koji su Srbiju u\u010dinili prepoznatljivom u svetu, kroz \u010dije delo i izuzetnost biste mogli da upoznate i duh naroda.<\/p>\n","protected":false},"excerpt":{"rendered":"<p>Na ovoj strani Vas o\u010dekuju pri\u010de o znamenitim Srbima. Po\u010dev od velikih nau\u010dnika koji su iza sebe ostavili planetarna otkri\u0107a, poput Tesle i Milankovi\u0107a, preko knji\u017eevnika, koji su svojim perom [&hellip;]<\/p>\n","protected":false},"author":9,"featured_media":52405,"parent":20144,"menu_order":0,"comment_status":"closed","ping_status":"closed","template":"","meta":{"_acf_changed":false,"inline_featured_image":false,"_monsterinsights_skip_tracking":false,"_monsterinsights_sitenote_active":false,"_monsterinsights_sitenote_note":"","_monsterinsights_sitenote_category":0,"footnotes":""},"categories":[1642,2813],"tags":[4423],"class_list":["post-20282","page","type-page","status-publish","has-post-thumbnail","hentry","category-poznati-srbi","category-poznati-umetnici","tag-poznati-srbi"],"acf":[],"yoast_head":"<!-- This site is optimized with the Yoast SEO plugin v27.4 - https:\/\/yoast.com\/product\/yoast-seo-wordpress\/ -->\n<title>Poznati Srbi - Serbia.com<\/title>\n<meta name=\"robots\" content=\"index, follow, max-snippet:-1, max-image-preview:large, max-video-preview:-1\" \/>\n<link rel=\"canonical\" href=\"https:\/\/serbia.com\/srpski\/o-srbiji\/poznati-srbi\/\" \/>\n<meta property=\"og:locale\" content=\"en_US\" \/>\n<meta property=\"og:type\" content=\"article\" \/>\n<meta property=\"og:title\" content=\"Poznati Srbi - Serbia.com\" \/>\n<meta property=\"og:description\" content=\"Na ovoj strani Vas o\u010dekuju pri\u010de o znamenitim Srbima. Po\u010dev od velikih nau\u010dnika koji su iza sebe ostavili planetarna otkri\u0107a, poput Tesle i Milankovi\u0107a, preko knji\u017eevnika, koji su svojim perom [&hellip;]\" \/>\n<meta property=\"og:url\" content=\"https:\/\/serbia.com\/srpski\/o-srbiji\/poznati-srbi\/\" \/>\n<meta property=\"og:site_name\" content=\"Serbia.com\" \/>\n<meta property=\"article:modified_time\" content=\"2024-06-04T14:06:56+00:00\" \/>\n<meta property=\"og:image\" content=\"https:\/\/serbia.com\/wp-content\/uploads\/2024\/05\/ai-generated-8364613_1280.png\" \/>\n\t<meta property=\"og:image:width\" content=\"1280\" \/>\n\t<meta property=\"og:image:height\" content=\"732\" \/>\n\t<meta property=\"og:image:type\" content=\"image\/png\" \/>\n<meta name=\"twitter:label1\" content=\"Est. reading time\" \/>\n\t<meta name=\"twitter:data1\" content=\"1 minute\" \/>\n<script type=\"application\/ld+json\" class=\"yoast-schema-graph\">{\"@context\":\"https:\\\/\\\/schema.org\",\"@graph\":[{\"@type\":\"WebPage\",\"@id\":\"https:\\\/\\\/serbia.com\\\/srpski\\\/o-srbiji\\\/poznati-srbi\\\/\",\"url\":\"https:\\\/\\\/serbia.com\\\/srpski\\\/o-srbiji\\\/poznati-srbi\\\/\",\"name\":\"Poznati Srbi - Serbia.com\",\"isPartOf\":{\"@id\":\"https:\\\/\\\/serbia.com\\\/#website\"},\"primaryImageOfPage\":{\"@id\":\"https:\\\/\\\/serbia.com\\\/srpski\\\/o-srbiji\\\/poznati-srbi\\\/#primaryimage\"},\"image\":{\"@id\":\"https:\\\/\\\/serbia.com\\\/srpski\\\/o-srbiji\\\/poznati-srbi\\\/#primaryimage\"},\"thumbnailUrl\":\"https:\\\/\\\/serbia.com\\\/wp-content\\\/uploads\\\/2024\\\/05\\\/ai-generated-8364613_1280.png\",\"datePublished\":\"2014-02-26T18:51:16+00:00\",\"dateModified\":\"2024-06-04T14:06:56+00:00\",\"breadcrumb\":{\"@id\":\"https:\\\/\\\/serbia.com\\\/srpski\\\/o-srbiji\\\/poznati-srbi\\\/#breadcrumb\"},\"inLanguage\":\"srpski\",\"potentialAction\":[{\"@type\":\"ReadAction\",\"target\":[\"https:\\\/\\\/serbia.com\\\/srpski\\\/o-srbiji\\\/poznati-srbi\\\/\"]}]},{\"@type\":\"ImageObject\",\"inLanguage\":\"srpski\",\"@id\":\"https:\\\/\\\/serbia.com\\\/srpski\\\/o-srbiji\\\/poznati-srbi\\\/#primaryimage\",\"url\":\"https:\\\/\\\/serbia.com\\\/wp-content\\\/uploads\\\/2024\\\/05\\\/ai-generated-8364613_1280.png\",\"contentUrl\":\"https:\\\/\\\/serbia.com\\\/wp-content\\\/uploads\\\/2024\\\/05\\\/ai-generated-8364613_1280.png\",\"width\":1280,\"height\":732},{\"@type\":\"BreadcrumbList\",\"@id\":\"https:\\\/\\\/serbia.com\\\/srpski\\\/o-srbiji\\\/poznati-srbi\\\/#breadcrumb\",\"itemListElement\":[{\"@type\":\"ListItem\",\"position\":1,\"name\":\"Home\",\"item\":\"https:\\\/\\\/serbia.com\\\/srpski\\\/\"},{\"@type\":\"ListItem\",\"position\":2,\"name\":\"O Srbiji\",\"item\":\"https:\\\/\\\/serbia.com\\\/srpski\\\/o-srbiji\\\/\"},{\"@type\":\"ListItem\",\"position\":3,\"name\":\"Poznati Srbi\"}]},{\"@type\":\"WebSite\",\"@id\":\"https:\\\/\\\/serbia.com\\\/#website\",\"url\":\"https:\\\/\\\/serbia.com\\\/\",\"name\":\"Serbia.com\",\"description\":\"Your Gateway to Serbia\",\"potentialAction\":[{\"@type\":\"SearchAction\",\"target\":{\"@type\":\"EntryPoint\",\"urlTemplate\":\"https:\\\/\\\/serbia.com\\\/?s={search_term_string}\"},\"query-input\":{\"@type\":\"PropertyValueSpecification\",\"valueRequired\":true,\"valueName\":\"search_term_string\"}}],\"inLanguage\":\"srpski\"}]}<\/script>\n<!-- \/ Yoast SEO plugin. -->","yoast_head_json":{"title":"Poznati Srbi - Serbia.com","robots":{"index":"index","follow":"follow","max-snippet":"max-snippet:-1","max-image-preview":"max-image-preview:large","max-video-preview":"max-video-preview:-1"},"canonical":"https:\/\/serbia.com\/srpski\/o-srbiji\/poznati-srbi\/","og_locale":"en_US","og_type":"article","og_title":"Poznati Srbi - Serbia.com","og_description":"Na ovoj strani Vas o\u010dekuju pri\u010de o znamenitim Srbima. Po\u010dev od velikih nau\u010dnika koji su iza sebe ostavili planetarna otkri\u0107a, poput Tesle i Milankovi\u0107a, preko knji\u017eevnika, koji su svojim perom [&hellip;]","og_url":"https:\/\/serbia.com\/srpski\/o-srbiji\/poznati-srbi\/","og_site_name":"Serbia.com","article_modified_time":"2024-06-04T14:06:56+00:00","og_image":[{"width":1280,"height":732,"url":"https:\/\/serbia.com\/wp-content\/uploads\/2024\/05\/ai-generated-8364613_1280.png","type":"image\/png"}],"twitter_misc":{"Est. reading time":"1 minute"},"schema":{"@context":"https:\/\/schema.org","@graph":[{"@type":"WebPage","@id":"https:\/\/serbia.com\/srpski\/o-srbiji\/poznati-srbi\/","url":"https:\/\/serbia.com\/srpski\/o-srbiji\/poznati-srbi\/","name":"Poznati Srbi - Serbia.com","isPartOf":{"@id":"https:\/\/serbia.com\/#website"},"primaryImageOfPage":{"@id":"https:\/\/serbia.com\/srpski\/o-srbiji\/poznati-srbi\/#primaryimage"},"image":{"@id":"https:\/\/serbia.com\/srpski\/o-srbiji\/poznati-srbi\/#primaryimage"},"thumbnailUrl":"https:\/\/serbia.com\/wp-content\/uploads\/2024\/05\/ai-generated-8364613_1280.png","datePublished":"2014-02-26T18:51:16+00:00","dateModified":"2024-06-04T14:06:56+00:00","breadcrumb":{"@id":"https:\/\/serbia.com\/srpski\/o-srbiji\/poznati-srbi\/#breadcrumb"},"inLanguage":"srpski","potentialAction":[{"@type":"ReadAction","target":["https:\/\/serbia.com\/srpski\/o-srbiji\/poznati-srbi\/"]}]},{"@type":"ImageObject","inLanguage":"srpski","@id":"https:\/\/serbia.com\/srpski\/o-srbiji\/poznati-srbi\/#primaryimage","url":"https:\/\/serbia.com\/wp-content\/uploads\/2024\/05\/ai-generated-8364613_1280.png","contentUrl":"https:\/\/serbia.com\/wp-content\/uploads\/2024\/05\/ai-generated-8364613_1280.png","width":1280,"height":732},{"@type":"BreadcrumbList","@id":"https:\/\/serbia.com\/srpski\/o-srbiji\/poznati-srbi\/#breadcrumb","itemListElement":[{"@type":"ListItem","position":1,"name":"Home","item":"https:\/\/serbia.com\/srpski\/"},{"@type":"ListItem","position":2,"name":"O Srbiji","item":"https:\/\/serbia.com\/srpski\/o-srbiji\/"},{"@type":"ListItem","position":3,"name":"Poznati Srbi"}]},{"@type":"WebSite","@id":"https:\/\/serbia.com\/#website","url":"https:\/\/serbia.com\/","name":"Serbia.com","description":"Your Gateway to Serbia","potentialAction":[{"@type":"SearchAction","target":{"@type":"EntryPoint","urlTemplate":"https:\/\/serbia.com\/?s={search_term_string}"},"query-input":{"@type":"PropertyValueSpecification","valueRequired":true,"valueName":"search_term_string"}}],"inLanguage":"srpski"}]}},"brizy_media":[],"_links":{"self":[{"href":"https:\/\/serbia.com\/srpski\/wp-json\/wp\/v2\/pages\/20282","targetHints":{"allow":["GET"]}}],"collection":[{"href":"https:\/\/serbia.com\/srpski\/wp-json\/wp\/v2\/pages"}],"about":[{"href":"https:\/\/serbia.com\/srpski\/wp-json\/wp\/v2\/types\/page"}],"author":[{"embeddable":true,"href":"https:\/\/serbia.com\/srpski\/wp-json\/wp\/v2\/users\/9"}],"replies":[{"embeddable":true,"href":"https:\/\/serbia.com\/srpski\/wp-json\/wp\/v2\/comments?post=20282"}],"version-history":[{"count":2,"href":"https:\/\/serbia.com\/srpski\/wp-json\/wp\/v2\/pages\/20282\/revisions"}],"predecessor-version":[{"id":53240,"href":"https:\/\/serbia.com\/srpski\/wp-json\/wp\/v2\/pages\/20282\/revisions\/53240"}],"up":[{"embeddable":true,"href":"https:\/\/serbia.com\/srpski\/wp-json\/wp\/v2\/pages\/20144"}],"wp:featuredmedia":[{"embeddable":true,"href":"https:\/\/serbia.com\/srpski\/wp-json\/wp\/v2\/media\/52405"}],"wp:attachment":[{"href":"https:\/\/serbia.com\/srpski\/wp-json\/wp\/v2\/media?parent=20282"}],"wp:term":[{"taxonomy":"category","embeddable":true,"href":"https:\/\/serbia.com\/srpski\/wp-json\/wp\/v2\/categories?post=20282"},{"taxonomy":"post_tag","embeddable":true,"href":"https:\/\/serbia.com\/srpski\/wp-json\/wp\/v2\/tags?post=20282"}],"curies":[{"name":"wp","href":"https:\/\/api.w.org\/{rel}","templated":true}]}}