{"id":20255,"date":"2014-02-26T19:29:27","date_gmt":"2014-02-26T18:29:27","guid":{"rendered":"http:\/\/www.serbia.com\/?page_id=20255"},"modified":"2015-04-15T16:28:19","modified_gmt":"2015-04-15T14:28:19","slug":"sportisti","status":"publish","type":"page","link":"https:\/\/serbia.com\/srpski\/o-srbiji\/poznati-srbi\/sportisti\/","title":{"rendered":"Sportisti"},"content":{"rendered":"<p>Srbija je mala zemlja koja je iznedrila velike \u0161ampione. Srpske sportiste karakteri\u0161e nesalomiv duh, izdr\u017eljivost i upornost, ljubav prema zemlji kojoj su sa velikih takmi\u010denja donosili sjajne medalje.<\/p>\n<p>Srpski sportisti su trenirali \u010desto u lo\u0161im uslovima i sa nedovoljno finansijskih sredstava ali su uprkos svemu postajali planetarni \u0161ampioni. <a title=\"Narod Srbije\" href=\"http:\/\/www.serbia.com\/srpski\/o-srbiji\/narod-srbije\/\">Narod Srbije<\/a> ih je uvek bodrio dok su negde u svetu branili boje nekada jugoslovenske, danas, srpske zastave. Tako bi oni postajali nacionalni heroji, uzori generacijama koje su ih do\u010dekivale ispred beogradskih skup\u0161tina skandiraju\u0107i njihova imena.<\/p>\n<p>Prema istra\u017eivanju italijanskog lista \u201eGazete delo sport\u201c iz 2007. godine, Srbi su najuspe\u0161nija nacija u kolektivnim sportovima u Evropi u poslednjih 17 godina na osnovu broja olimpijada, svetskih i evropskih prvenstava. Najpopularniji grupni sportovi u Srbiji su ko\u0161arka, vaterpolo, odbojka, rukomet i fudbal.<\/p>\n<p>Zahvaljuju\u0107i uspe\u0161nim teniserima, a pre svih najboljem teniseru sveta, <a title=\"Za\u0161to je Novak \u0110okovi\u0107 najpopularniji Srbin?\" href=\"http:\/\/www.serbia.com\/srpski\/zasto-je-novak-dokovic-najpopularniji-srbin-2\/\">Novaku \u0110okovi\u0107u<\/a>, tenis je postao omiljen u Srbiji. Tako\u0111e, srpski sportisti su veoma uspe\u0161ni u atletici, strelja\u0161tvu, rvanju i tekvondu.<\/p>\n<p>Sportski duh je uvek gospodario Srbijom, pa \u010dak i u vreme kada se dr\u017eava raspadala, sport se uvek cenio i pratio, sportisti su ostavljali srce na terenu, postajali heroji nacije kojoj su doneli epitet \u201csportske nacije\u201d, pa stoga zaslu\u017euju posebno mesto na na\u0161em portalu.<\/p>\n<p>U ovoj rubrici predstavljamo vam sportske heroje nacije.[ultimate_spacer height=&#8221;30&#8243;][dt_fancy_title title=&#8221;Povezani \u010dlanci&#8221; title_align=&#8221;left&#8221; title_size=&#8221;normal&#8221; title_color=&#8221;accent&#8221; el_width=&#8221;100&#8243; title_bg=&#8221;disabled&#8221; separator_color=&#8221;default&#8221;][ultimate_spacer height=&#8221;30&#8243;]<\/p>\n","protected":false},"excerpt":{"rendered":"<p>Srbija je mala zemlja koja je iznedrila velike \u0161ampione. Srpske sportiste karakteri\u0161e nesalomiv duh, izdr\u017eljivost i upornost, ljubav prema zemlji kojoj su sa velikih takmi\u010denja donosili sjajne medalje. Srpski sportisti [&hellip;]<\/p>\n","protected":false},"author":9,"featured_media":18151,"parent":20282,"menu_order":0,"comment_status":"closed","ping_status":"open","template":"","meta":{"_acf_changed":false,"inline_featured_image":false,"_monsterinsights_skip_tracking":false,"_monsterinsights_sitenote_active":false,"_monsterinsights_sitenote_note":"","_monsterinsights_sitenote_category":0,"footnotes":""},"categories":[2816],"tags":[],"class_list":["post-20255","page","type-page","status-publish","has-post-thumbnail","hentry","category-sportisti"],"acf":[],"yoast_head":"<!-- This site is optimized with the Yoast SEO plugin v23.8 - https:\/\/yoast.com\/wordpress\/plugins\/seo\/ -->\n<title>Sportisti - Serbia.com<\/title>\n<meta name=\"robots\" content=\"index, follow, max-snippet:-1, max-image-preview:large, max-video-preview:-1\" \/>\n<link rel=\"canonical\" href=\"https:\/\/serbia.com\/srpski\/o-srbiji\/poznati-srbi\/sportisti\/\" \/>\n<meta property=\"og:locale\" content=\"en_US\" \/>\n<meta property=\"og:type\" content=\"article\" \/>\n<meta property=\"og:title\" content=\"Sportisti - Serbia.com\" \/>\n<meta property=\"og:description\" content=\"Srbija je mala zemlja koja je iznedrila velike \u0161ampione. Srpske sportiste karakteri\u0161e nesalomiv duh, izdr\u017eljivost i upornost, ljubav prema zemlji kojoj su sa velikih takmi\u010denja donosili sjajne medalje. Srpski sportisti [&hellip;]\" \/>\n<meta property=\"og:url\" content=\"https:\/\/serbia.com\/srpski\/o-srbiji\/poznati-srbi\/sportisti\/\" \/>\n<meta property=\"og:site_name\" content=\"Serbia.com\" \/>\n<meta property=\"article:modified_time\" content=\"2015-04-15T14:28:19+00:00\" \/>\n<meta property=\"og:image\" content=\"https:\/\/serbia.com\/wp-content\/uploads\/2013\/04\/Sportska-nacija.jpg\" \/>\n\t<meta property=\"og:image:width\" content=\"1920\" \/>\n\t<meta property=\"og:image:height\" content=\"1208\" \/>\n\t<meta property=\"og:image:type\" content=\"image\/jpeg\" \/>\n<meta name=\"twitter:label1\" content=\"Est. reading time\" \/>\n\t<meta name=\"twitter:data1\" content=\"1 minute\" \/>\n<script type=\"application\/ld+json\" class=\"yoast-schema-graph\">{\"@context\":\"https:\/\/schema.org\",\"@graph\":[{\"@type\":\"WebPage\",\"@id\":\"https:\/\/serbia.com\/srpski\/o-srbiji\/poznati-srbi\/sportisti\/\",\"url\":\"https:\/\/serbia.com\/srpski\/o-srbiji\/poznati-srbi\/sportisti\/\",\"name\":\"Sportisti - Serbia.com\",\"isPartOf\":{\"@id\":\"https:\/\/serbia.com\/#website\"},\"primaryImageOfPage\":{\"@id\":\"https:\/\/serbia.com\/srpski\/o-srbiji\/poznati-srbi\/sportisti\/#primaryimage\"},\"image\":{\"@id\":\"https:\/\/serbia.com\/srpski\/o-srbiji\/poznati-srbi\/sportisti\/#primaryimage\"},\"thumbnailUrl\":\"https:\/\/serbia.com\/wp-content\/uploads\/2013\/04\/Sportska-nacija.jpg\",\"datePublished\":\"2014-02-26T18:29:27+00:00\",\"dateModified\":\"2015-04-15T14:28:19+00:00\",\"breadcrumb\":{\"@id\":\"https:\/\/serbia.com\/srpski\/o-srbiji\/poznati-srbi\/sportisti\/#breadcrumb\"},\"inLanguage\":\"srpski\",\"potentialAction\":[{\"@type\":\"ReadAction\",\"target\":[\"https:\/\/serbia.com\/srpski\/o-srbiji\/poznati-srbi\/sportisti\/\"]}]},{\"@type\":\"ImageObject\",\"inLanguage\":\"srpski\",\"@id\":\"https:\/\/serbia.com\/srpski\/o-srbiji\/poznati-srbi\/sportisti\/#primaryimage\",\"url\":\"https:\/\/serbia.com\/wp-content\/uploads\/2013\/04\/Sportska-nacija.jpg\",\"contentUrl\":\"https:\/\/serbia.com\/wp-content\/uploads\/2013\/04\/Sportska-nacija.jpg\",\"width\":1920,\"height\":1208},{\"@type\":\"BreadcrumbList\",\"@id\":\"https:\/\/serbia.com\/srpski\/o-srbiji\/poznati-srbi\/sportisti\/#breadcrumb\",\"itemListElement\":[{\"@type\":\"ListItem\",\"position\":1,\"name\":\"Home\",\"item\":\"https:\/\/serbia.com\/srpski\/\"},{\"@type\":\"ListItem\",\"position\":2,\"name\":\"O Srbiji\",\"item\":\"https:\/\/serbia.com\/srpski\/o-srbiji\/\"},{\"@type\":\"ListItem\",\"position\":3,\"name\":\"Poznati Srbi\",\"item\":\"https:\/\/serbia.com\/srpski\/o-srbiji\/poznati-srbi\/\"},{\"@type\":\"ListItem\",\"position\":4,\"name\":\"Sportisti\"}]},{\"@type\":\"WebSite\",\"@id\":\"https:\/\/serbia.com\/#website\",\"url\":\"https:\/\/serbia.com\/\",\"name\":\"Serbia.com\",\"description\":\"Your Gateway to Serbia\",\"potentialAction\":[{\"@type\":\"SearchAction\",\"target\":{\"@type\":\"EntryPoint\",\"urlTemplate\":\"https:\/\/serbia.com\/?s={search_term_string}\"},\"query-input\":{\"@type\":\"PropertyValueSpecification\",\"valueRequired\":true,\"valueName\":\"search_term_string\"}}],\"inLanguage\":\"srpski\"}]}<\/script>\n<!-- \/ Yoast SEO plugin. -->","yoast_head_json":{"title":"Sportisti - Serbia.com","robots":{"index":"index","follow":"follow","max-snippet":"max-snippet:-1","max-image-preview":"max-image-preview:large","max-video-preview":"max-video-preview:-1"},"canonical":"https:\/\/serbia.com\/srpski\/o-srbiji\/poznati-srbi\/sportisti\/","og_locale":"en_US","og_type":"article","og_title":"Sportisti - Serbia.com","og_description":"Srbija je mala zemlja koja je iznedrila velike \u0161ampione. Srpske sportiste karakteri\u0161e nesalomiv duh, izdr\u017eljivost i upornost, ljubav prema zemlji kojoj su sa velikih takmi\u010denja donosili sjajne medalje. Srpski sportisti [&hellip;]","og_url":"https:\/\/serbia.com\/srpski\/o-srbiji\/poznati-srbi\/sportisti\/","og_site_name":"Serbia.com","article_modified_time":"2015-04-15T14:28:19+00:00","og_image":[{"width":1920,"height":1208,"url":"https:\/\/serbia.com\/wp-content\/uploads\/2013\/04\/Sportska-nacija.jpg","type":"image\/jpeg"}],"twitter_misc":{"Est. reading time":"1 minute"},"schema":{"@context":"https:\/\/schema.org","@graph":[{"@type":"WebPage","@id":"https:\/\/serbia.com\/srpski\/o-srbiji\/poznati-srbi\/sportisti\/","url":"https:\/\/serbia.com\/srpski\/o-srbiji\/poznati-srbi\/sportisti\/","name":"Sportisti - Serbia.com","isPartOf":{"@id":"https:\/\/serbia.com\/#website"},"primaryImageOfPage":{"@id":"https:\/\/serbia.com\/srpski\/o-srbiji\/poznati-srbi\/sportisti\/#primaryimage"},"image":{"@id":"https:\/\/serbia.com\/srpski\/o-srbiji\/poznati-srbi\/sportisti\/#primaryimage"},"thumbnailUrl":"https:\/\/serbia.com\/wp-content\/uploads\/2013\/04\/Sportska-nacija.jpg","datePublished":"2014-02-26T18:29:27+00:00","dateModified":"2015-04-15T14:28:19+00:00","breadcrumb":{"@id":"https:\/\/serbia.com\/srpski\/o-srbiji\/poznati-srbi\/sportisti\/#breadcrumb"},"inLanguage":"srpski","potentialAction":[{"@type":"ReadAction","target":["https:\/\/serbia.com\/srpski\/o-srbiji\/poznati-srbi\/sportisti\/"]}]},{"@type":"ImageObject","inLanguage":"srpski","@id":"https:\/\/serbia.com\/srpski\/o-srbiji\/poznati-srbi\/sportisti\/#primaryimage","url":"https:\/\/serbia.com\/wp-content\/uploads\/2013\/04\/Sportska-nacija.jpg","contentUrl":"https:\/\/serbia.com\/wp-content\/uploads\/2013\/04\/Sportska-nacija.jpg","width":1920,"height":1208},{"@type":"BreadcrumbList","@id":"https:\/\/serbia.com\/srpski\/o-srbiji\/poznati-srbi\/sportisti\/#breadcrumb","itemListElement":[{"@type":"ListItem","position":1,"name":"Home","item":"https:\/\/serbia.com\/srpski\/"},{"@type":"ListItem","position":2,"name":"O Srbiji","item":"https:\/\/serbia.com\/srpski\/o-srbiji\/"},{"@type":"ListItem","position":3,"name":"Poznati Srbi","item":"https:\/\/serbia.com\/srpski\/o-srbiji\/poznati-srbi\/"},{"@type":"ListItem","position":4,"name":"Sportisti"}]},{"@type":"WebSite","@id":"https:\/\/serbia.com\/#website","url":"https:\/\/serbia.com\/","name":"Serbia.com","description":"Your Gateway to Serbia","potentialAction":[{"@type":"SearchAction","target":{"@type":"EntryPoint","urlTemplate":"https:\/\/serbia.com\/?s={search_term_string}"},"query-input":{"@type":"PropertyValueSpecification","valueRequired":true,"valueName":"search_term_string"}}],"inLanguage":"srpski"}]}},"_links":{"self":[{"href":"https:\/\/serbia.com\/srpski\/wp-json\/wp\/v2\/pages\/20255"}],"collection":[{"href":"https:\/\/serbia.com\/srpski\/wp-json\/wp\/v2\/pages"}],"about":[{"href":"https:\/\/serbia.com\/srpski\/wp-json\/wp\/v2\/types\/page"}],"author":[{"embeddable":true,"href":"https:\/\/serbia.com\/srpski\/wp-json\/wp\/v2\/users\/9"}],"replies":[{"embeddable":true,"href":"https:\/\/serbia.com\/srpski\/wp-json\/wp\/v2\/comments?post=20255"}],"version-history":[{"count":0,"href":"https:\/\/serbia.com\/srpski\/wp-json\/wp\/v2\/pages\/20255\/revisions"}],"up":[{"embeddable":true,"href":"https:\/\/serbia.com\/srpski\/wp-json\/wp\/v2\/pages\/20282"}],"wp:featuredmedia":[{"embeddable":true,"href":"https:\/\/serbia.com\/srpski\/wp-json\/wp\/v2\/media\/18151"}],"wp:attachment":[{"href":"https:\/\/serbia.com\/srpski\/wp-json\/wp\/v2\/media?parent=20255"}],"wp:term":[{"taxonomy":"category","embeddable":true,"href":"https:\/\/serbia.com\/srpski\/wp-json\/wp\/v2\/categories?post=20255"},{"taxonomy":"post_tag","embeddable":true,"href":"https:\/\/serbia.com\/srpski\/wp-json\/wp\/v2\/tags?post=20255"}],"curies":[{"name":"wp","href":"https:\/\/api.w.org\/{rel}","templated":true}]}}