{"id":20252,"date":"2014-02-26T19:18:44","date_gmt":"2014-02-26T18:18:44","guid":{"rendered":"http:\/\/www.serbia.com\/?page_id=20252"},"modified":"2024-06-04T16:07:45","modified_gmt":"2024-06-04T14:07:45","slug":"poznati-umetnici","status":"publish","type":"page","link":"https:\/\/serbia.com\/srpski\/o-srbiji\/poznati-srbi\/poznati-umetnici\/","title":{"rendered":"Poznati umetnici"},"content":{"rendered":"<h2>Knji\u017eevna, likovna, muzi\u010dka, filmska kao i druge vrste umetnosti koje su se razvijale na tlu Srbije, imaju dugu i bogatu istoriju.<\/h2>\n<p>Srbija je iznedrila mnogo slavnih dela i umetnika, od kojih su neki stekli svetsku slavu i po kojima je Srbija danas prepoznatljiva u svetu.<\/p>\n<p>Po\u010dev od najranijeg umetni\u010dkog izra\u017eavanja kroz oslikavanje manastira neobi\u010dno lepim freskama od kojih je jedna, \u201c<a title=\"\u201eBeli an\u0111eo\u201c kao simbol Evrope\" href=\"http:\/\/www.serbia.com\/srpski\/beli-andeo-kao-simbol-evrope\/\">Beli an\u0111eo<\/a>\u201d, predstavljala Evropu u prvoj satelitskoj vezi sa Amerikom, zatim \u201c<a title=\"Miroslavljevo jevan\u0111elje, knjiga pisana zlatom\" href=\"http:\/\/www.serbia.com\/srpski\/miroslavljevo-jevandelje-knjiga-pisana-zlatom-2\/\">Miroslavljevog jevan\u0111elja<\/a>&#8220;, najstarije knjige pisne \u0107irili\u010dnim pismom koju je UNESCO uvrstio me\u0111u najzna\u010dajnija dela svetske dokumentacione ba\u0161tine, romana \u201cNa Drini \u0107uprija\u201d za koji je njegov autor, pisac <a title=\"Ivo Andri\u0107, jedini srpski nobelovac\" href=\"http:\/\/www.serbia.com\/srpski\/ivo-andric-nobelovac-2\/\">Ivo Andri\u0107<\/a>, dobio Nobelovu nagradu, pa sve do umetnosti modernijeg doba i nagra\u0111ivanih <a title=\"Emir Kusturica, umetnik, graditelj i antiglobalista\" href=\"http:\/\/www.serbia.com\/srpski\/emir-kusturica-umetnik-graditelj-i-antiglobalista-2\/\">Kusturi\u010dinih<\/a> filmova, tek srpska umetnost ima \u010dime da se pohvali. Ali i kime.<\/p>\n<p>Umetnici iz ove male balkanske zemlje predstavljaju njene ambasadore u svetu, a imena onih koji vi\u0161e nisu me\u0111u nama, jo\u0161 uvek otvaraju vrata va\u017enih svetskih kulturnih institucija.<\/p>\n<p>Ova rubrika \u0107e vas upoznati sa najve\u0107im srpskim umetnicima koji su doprineli i jo\u0161 uvek doprinose tome da srpska umetnost dobije va\u017eno mesto u bujnoj ba\u0161ti umetnosti sveta.<\/p>\n","protected":false},"excerpt":{"rendered":"<p>Knji\u017eevna, likovna, muzi\u010dka, filmska kao i druge vrste umetnosti koje su se razvijale na tlu Srbije, imaju dugu i bogatu istoriju. Srbija je iznedrila mnogo slavnih dela i umetnika, od [&hellip;]<\/p>\n","protected":false},"author":9,"featured_media":34669,"parent":20282,"menu_order":0,"comment_status":"closed","ping_status":"open","template":"","meta":{"_acf_changed":false,"inline_featured_image":false,"_monsterinsights_skip_tracking":false,"_monsterinsights_sitenote_active":false,"_monsterinsights_sitenote_note":"","_monsterinsights_sitenote_category":0,"footnotes":""},"categories":[2813],"tags":[],"class_list":["post-20252","page","type-page","status-publish","has-post-thumbnail","hentry","category-poznati-umetnici"],"acf":[],"yoast_head":"<!-- This site is optimized with the Yoast SEO plugin v27.4 - https:\/\/yoast.com\/product\/yoast-seo-wordpress\/ -->\n<title>Poznati umetnici - Serbia.com<\/title>\n<meta name=\"description\" content=\"Knji\u017eevna, likovna, muzi\u010dka, filmska kao i druge vrste umetnosti koje su se razvijale na tlu Srbije, imaju dugu i bogatu istoriju.Srbija je iznedrila mnogo slavnih dela i umetnika, od kojih su neki stekli svetsku slavu i po kojima je Srbija danas prepoznatljiva u svetu.\" \/>\n<meta name=\"robots\" content=\"index, follow, max-snippet:-1, max-image-preview:large, max-video-preview:-1\" \/>\n<link rel=\"canonical\" href=\"https:\/\/serbia.com\/srpski\/o-srbiji\/poznati-srbi\/poznati-umetnici\/\" \/>\n<meta property=\"og:locale\" content=\"en_US\" \/>\n<meta property=\"og:type\" content=\"article\" \/>\n<meta property=\"og:title\" content=\"Poznati umetnici - Serbia.com\" \/>\n<meta property=\"og:description\" content=\"Knji\u017eevna, likovna, muzi\u010dka, filmska kao i druge vrste umetnosti koje su se razvijale na tlu Srbije, imaju dugu i bogatu istoriju.Srbija je iznedrila mnogo slavnih dela i umetnika, od kojih su neki stekli svetsku slavu i po kojima je Srbija danas prepoznatljiva u svetu.\" \/>\n<meta property=\"og:url\" content=\"https:\/\/serbia.com\/srpski\/o-srbiji\/poznati-srbi\/poznati-umetnici\/\" \/>\n<meta property=\"og:site_name\" content=\"Serbia.com\" \/>\n<meta property=\"article:modified_time\" content=\"2024-06-04T14:07:45+00:00\" \/>\n<meta property=\"og:image\" content=\"https:\/\/serbia.com\/wp-content\/uploads\/2015\/07\/ivo_andric111.jpg\" \/>\n\t<meta property=\"og:image:width\" content=\"1600\" \/>\n\t<meta property=\"og:image:height\" content=\"687\" \/>\n\t<meta property=\"og:image:type\" content=\"image\/jpeg\" \/>\n<meta name=\"twitter:label1\" content=\"Est. reading time\" \/>\n\t<meta name=\"twitter:data1\" content=\"1 minute\" \/>\n<script type=\"application\/ld+json\" class=\"yoast-schema-graph\">{\"@context\":\"https:\\\/\\\/schema.org\",\"@graph\":[{\"@type\":\"WebPage\",\"@id\":\"https:\\\/\\\/serbia.com\\\/srpski\\\/o-srbiji\\\/poznati-srbi\\\/poznati-umetnici\\\/\",\"url\":\"https:\\\/\\\/serbia.com\\\/srpski\\\/o-srbiji\\\/poznati-srbi\\\/poznati-umetnici\\\/\",\"name\":\"Poznati umetnici - Serbia.com\",\"isPartOf\":{\"@id\":\"https:\\\/\\\/serbia.com\\\/#website\"},\"primaryImageOfPage\":{\"@id\":\"https:\\\/\\\/serbia.com\\\/srpski\\\/o-srbiji\\\/poznati-srbi\\\/poznati-umetnici\\\/#primaryimage\"},\"image\":{\"@id\":\"https:\\\/\\\/serbia.com\\\/srpski\\\/o-srbiji\\\/poznati-srbi\\\/poznati-umetnici\\\/#primaryimage\"},\"thumbnailUrl\":\"https:\\\/\\\/serbia.com\\\/wp-content\\\/uploads\\\/2015\\\/07\\\/ivo_andric111.jpg\",\"datePublished\":\"2014-02-26T18:18:44+00:00\",\"dateModified\":\"2024-06-04T14:07:45+00:00\",\"description\":\"Knji\u017eevna, likovna, muzi\u010dka, filmska kao i druge vrste umetnosti koje su se razvijale na tlu Srbije, imaju dugu i bogatu istoriju.Srbija je iznedrila mnogo slavnih dela i umetnika, od kojih su neki stekli svetsku slavu i po kojima je Srbija danas prepoznatljiva u svetu.\",\"breadcrumb\":{\"@id\":\"https:\\\/\\\/serbia.com\\\/srpski\\\/o-srbiji\\\/poznati-srbi\\\/poznati-umetnici\\\/#breadcrumb\"},\"inLanguage\":\"srpski\",\"potentialAction\":[{\"@type\":\"ReadAction\",\"target\":[\"https:\\\/\\\/serbia.com\\\/srpski\\\/o-srbiji\\\/poznati-srbi\\\/poznati-umetnici\\\/\"]}]},{\"@type\":\"ImageObject\",\"inLanguage\":\"srpski\",\"@id\":\"https:\\\/\\\/serbia.com\\\/srpski\\\/o-srbiji\\\/poznati-srbi\\\/poznati-umetnici\\\/#primaryimage\",\"url\":\"https:\\\/\\\/serbia.com\\\/wp-content\\\/uploads\\\/2015\\\/07\\\/ivo_andric111.jpg\",\"contentUrl\":\"https:\\\/\\\/serbia.com\\\/wp-content\\\/uploads\\\/2015\\\/07\\\/ivo_andric111.jpg\",\"width\":1600,\"height\":687},{\"@type\":\"BreadcrumbList\",\"@id\":\"https:\\\/\\\/serbia.com\\\/srpski\\\/o-srbiji\\\/poznati-srbi\\\/poznati-umetnici\\\/#breadcrumb\",\"itemListElement\":[{\"@type\":\"ListItem\",\"position\":1,\"name\":\"Home\",\"item\":\"https:\\\/\\\/serbia.com\\\/srpski\\\/srbija\\\/\"},{\"@type\":\"ListItem\",\"position\":2,\"name\":\"O Srbiji\",\"item\":\"https:\\\/\\\/serbia.com\\\/srpski\\\/o-srbiji\\\/\"},{\"@type\":\"ListItem\",\"position\":3,\"name\":\"Poznati Srbi\",\"item\":\"https:\\\/\\\/serbia.com\\\/srpski\\\/o-srbiji\\\/poznati-srbi\\\/\"},{\"@type\":\"ListItem\",\"position\":4,\"name\":\"Poznati umetnici\"}]},{\"@type\":\"WebSite\",\"@id\":\"https:\\\/\\\/serbia.com\\\/#website\",\"url\":\"https:\\\/\\\/serbia.com\\\/\",\"name\":\"Serbia.com\",\"description\":\"Your Gateway to Serbia\",\"potentialAction\":[{\"@type\":\"SearchAction\",\"target\":{\"@type\":\"EntryPoint\",\"urlTemplate\":\"https:\\\/\\\/serbia.com\\\/?s={search_term_string}\"},\"query-input\":{\"@type\":\"PropertyValueSpecification\",\"valueRequired\":true,\"valueName\":\"search_term_string\"}}],\"inLanguage\":\"srpski\"}]}<\/script>\n<!-- \/ Yoast SEO plugin. -->","yoast_head_json":{"title":"Poznati umetnici - Serbia.com","description":"Knji\u017eevna, likovna, muzi\u010dka, filmska kao i druge vrste umetnosti koje su se razvijale na tlu Srbije, imaju dugu i bogatu istoriju.Srbija je iznedrila mnogo slavnih dela i umetnika, od kojih su neki stekli svetsku slavu i po kojima je Srbija danas prepoznatljiva u svetu.","robots":{"index":"index","follow":"follow","max-snippet":"max-snippet:-1","max-image-preview":"max-image-preview:large","max-video-preview":"max-video-preview:-1"},"canonical":"https:\/\/serbia.com\/srpski\/o-srbiji\/poznati-srbi\/poznati-umetnici\/","og_locale":"en_US","og_type":"article","og_title":"Poznati umetnici - Serbia.com","og_description":"Knji\u017eevna, likovna, muzi\u010dka, filmska kao i druge vrste umetnosti koje su se razvijale na tlu Srbije, imaju dugu i bogatu istoriju.Srbija je iznedrila mnogo slavnih dela i umetnika, od kojih su neki stekli svetsku slavu i po kojima je Srbija danas prepoznatljiva u svetu.","og_url":"https:\/\/serbia.com\/srpski\/o-srbiji\/poznati-srbi\/poznati-umetnici\/","og_site_name":"Serbia.com","article_modified_time":"2024-06-04T14:07:45+00:00","og_image":[{"width":1600,"height":687,"url":"https:\/\/serbia.com\/wp-content\/uploads\/2015\/07\/ivo_andric111.jpg","type":"image\/jpeg"}],"twitter_misc":{"Est. reading time":"1 minute"},"schema":{"@context":"https:\/\/schema.org","@graph":[{"@type":"WebPage","@id":"https:\/\/serbia.com\/srpski\/o-srbiji\/poznati-srbi\/poznati-umetnici\/","url":"https:\/\/serbia.com\/srpski\/o-srbiji\/poznati-srbi\/poznati-umetnici\/","name":"Poznati umetnici - Serbia.com","isPartOf":{"@id":"https:\/\/serbia.com\/#website"},"primaryImageOfPage":{"@id":"https:\/\/serbia.com\/srpski\/o-srbiji\/poznati-srbi\/poznati-umetnici\/#primaryimage"},"image":{"@id":"https:\/\/serbia.com\/srpski\/o-srbiji\/poznati-srbi\/poznati-umetnici\/#primaryimage"},"thumbnailUrl":"https:\/\/serbia.com\/wp-content\/uploads\/2015\/07\/ivo_andric111.jpg","datePublished":"2014-02-26T18:18:44+00:00","dateModified":"2024-06-04T14:07:45+00:00","description":"Knji\u017eevna, likovna, muzi\u010dka, filmska kao i druge vrste umetnosti koje su se razvijale na tlu Srbije, imaju dugu i bogatu istoriju.Srbija je iznedrila mnogo slavnih dela i umetnika, od kojih su neki stekli svetsku slavu i po kojima je Srbija danas prepoznatljiva u svetu.","breadcrumb":{"@id":"https:\/\/serbia.com\/srpski\/o-srbiji\/poznati-srbi\/poznati-umetnici\/#breadcrumb"},"inLanguage":"srpski","potentialAction":[{"@type":"ReadAction","target":["https:\/\/serbia.com\/srpski\/o-srbiji\/poznati-srbi\/poznati-umetnici\/"]}]},{"@type":"ImageObject","inLanguage":"srpski","@id":"https:\/\/serbia.com\/srpski\/o-srbiji\/poznati-srbi\/poznati-umetnici\/#primaryimage","url":"https:\/\/serbia.com\/wp-content\/uploads\/2015\/07\/ivo_andric111.jpg","contentUrl":"https:\/\/serbia.com\/wp-content\/uploads\/2015\/07\/ivo_andric111.jpg","width":1600,"height":687},{"@type":"BreadcrumbList","@id":"https:\/\/serbia.com\/srpski\/o-srbiji\/poznati-srbi\/poznati-umetnici\/#breadcrumb","itemListElement":[{"@type":"ListItem","position":1,"name":"Home","item":"https:\/\/serbia.com\/srpski\/srbija\/"},{"@type":"ListItem","position":2,"name":"O Srbiji","item":"https:\/\/serbia.com\/srpski\/o-srbiji\/"},{"@type":"ListItem","position":3,"name":"Poznati Srbi","item":"https:\/\/serbia.com\/srpski\/o-srbiji\/poznati-srbi\/"},{"@type":"ListItem","position":4,"name":"Poznati umetnici"}]},{"@type":"WebSite","@id":"https:\/\/serbia.com\/#website","url":"https:\/\/serbia.com\/","name":"Serbia.com","description":"Your Gateway to Serbia","potentialAction":[{"@type":"SearchAction","target":{"@type":"EntryPoint","urlTemplate":"https:\/\/serbia.com\/?s={search_term_string}"},"query-input":{"@type":"PropertyValueSpecification","valueRequired":true,"valueName":"search_term_string"}}],"inLanguage":"srpski"}]}},"brizy_media":[],"_links":{"self":[{"href":"https:\/\/serbia.com\/srpski\/wp-json\/wp\/v2\/pages\/20252","targetHints":{"allow":["GET"]}}],"collection":[{"href":"https:\/\/serbia.com\/srpski\/wp-json\/wp\/v2\/pages"}],"about":[{"href":"https:\/\/serbia.com\/srpski\/wp-json\/wp\/v2\/types\/page"}],"author":[{"embeddable":true,"href":"https:\/\/serbia.com\/srpski\/wp-json\/wp\/v2\/users\/9"}],"replies":[{"embeddable":true,"href":"https:\/\/serbia.com\/srpski\/wp-json\/wp\/v2\/comments?post=20252"}],"version-history":[{"count":1,"href":"https:\/\/serbia.com\/srpski\/wp-json\/wp\/v2\/pages\/20252\/revisions"}],"predecessor-version":[{"id":53241,"href":"https:\/\/serbia.com\/srpski\/wp-json\/wp\/v2\/pages\/20252\/revisions\/53241"}],"up":[{"embeddable":true,"href":"https:\/\/serbia.com\/srpski\/wp-json\/wp\/v2\/pages\/20282"}],"wp:featuredmedia":[{"embeddable":true,"href":"https:\/\/serbia.com\/srpski\/wp-json\/wp\/v2\/media\/34669"}],"wp:attachment":[{"href":"https:\/\/serbia.com\/srpski\/wp-json\/wp\/v2\/media?parent=20252"}],"wp:term":[{"taxonomy":"category","embeddable":true,"href":"https:\/\/serbia.com\/srpski\/wp-json\/wp\/v2\/categories?post=20252"},{"taxonomy":"post_tag","embeddable":true,"href":"https:\/\/serbia.com\/srpski\/wp-json\/wp\/v2\/tags?post=20252"}],"curies":[{"name":"wp","href":"https:\/\/api.w.org\/{rel}","templated":true}]}}