{"id":20248,"date":"2014-02-26T19:15:40","date_gmt":"2014-02-26T18:15:40","guid":{"rendered":"http:\/\/www.serbia.com\/?page_id=20248"},"modified":"2024-06-04T16:00:41","modified_gmt":"2024-06-04T14:00:41","slug":"politicko-uredenje","status":"publish","type":"page","link":"https:\/\/serbia.com\/srpski\/o-srbiji\/politicko-uredenje\/","title":{"rendered":"Politi\u010dko ure\u0111enje"},"content":{"rendered":"<h2>Ustavom Republike Srbije je definisano da je Srbija \u201cdr\u017eava srpskog naroda i svih njenih gra\u0111ana, zasnovana na vladavini prava i socijalnoj pravdi, na\u010delima gra\u0111anske demokratije, ljudskim i manjinskim pravima i slobodama i pripadnosti evropskim principima i vrednostima\u201d.<\/h2>\n<p>Politi\u010dki sistem Srbije zasnovan je na na\u010delu podele vlasti na izvr\u0161nu, zakonodavnu i sudsku. Nosilac zakonodavne vlasti je Narodna skup\u0161tina \u2013 predstavni\u010dko telo koje \u010dini 250 poslanika koji se biraju na neposrednim izborima primenom proporcionalnog izbornog sistema, glasanjem za izborne liste i raspodelom poslani\u010dkih mandata srazmerno broju glasova koje su dobile izborne liste.<\/p>\n<p>Nosilac izvr\u0161ne vlasti je Vlada Republike Srbije koja je stavljena iz 18 ministarstava, dva potpredsednika i premijera. Aktuelna vlada ima i tri ministra bez portfelja, a aktuelni predsednik Vlade Republike Srbije je Milo\u0161 Vu\u010devi\u0107.<\/p>\n<p>Predsednik Republike Srbije je simbol dr\u017eavnog jedinstva i predstavnik dr\u017eave u zemlji i svetu. Predsednik ne odgovara skupstini ve\u0107 svim gra\u0111anima u republici koji ga biraju na 5 godina. Aktuelni predsednik Republike Srbije je Aleksandar Vu\u010di\u0107.<\/p>\n<p>Sudsku vlast \u010dine Ustavni sud koji broji 15 sudija a bira ih Narodna skup\u0161tina, zatim redovni sudovi i tu\u017eila\u0161tvo.<\/p>\n<p>Narodna banka Srbije zadu\u017eena je za monetarnu politiku u dr\u017eavi.<\/p>\n<p><em><strong>Dr\u017eavni simboli Srbije<\/strong><\/em><\/p>\n<p>Himna Srbije je sve\u010dana pesma \u201cBo\u017ee pravde\u201d Jovana \u0110or\u0111evi\u0107a napisana na muziku Davorina Jenka. U pitanju je stara himna Kraljevine Jugoslavije uz neznatno izmenjen tekst.<\/p>\n<p>Dr\u017eavni grb isti je kao grb Kraljevine Srbije koji se upotrebljava od 1882. godine. Na njemu je predstavljen dvoglavi beli orao sa \u0161titom na grudima na kome se nalaze krst i \u010detiri ocila (ili \u010detiri simboli\u010dka slova) dok se iznad glave orla nalazi kruna dinastije Nemanji\u0107.<\/p>\n<p>Narodna zastava Srbije je trobojka sa vodoravno polo\u017eenim bojama \u2013 crvenom na vrhu, plavom u sredini i belom na dnu.<\/p>\n","protected":false},"excerpt":{"rendered":"<p>Ustavom Republike Srbije je definisano da je Srbija \u201cdr\u017eava srpskog naroda i svih njenih gra\u0111ana, zasnovana na vladavini prava i socijalnoj pravdi, na\u010delima gra\u0111anske demokratije, ljudskim i manjinskim pravima i [&hellip;]<\/p>\n","protected":false},"author":9,"featured_media":30461,"parent":20144,"menu_order":0,"comment_status":"closed","ping_status":"open","template":"","meta":{"_acf_changed":false,"inline_featured_image":false,"_monsterinsights_skip_tracking":false,"_monsterinsights_sitenote_active":false,"_monsterinsights_sitenote_note":"","_monsterinsights_sitenote_category":0,"footnotes":""},"categories":[959],"tags":[],"class_list":["post-20248","page","type-page","status-publish","has-post-thumbnail","hentry","category-o-srbiji"],"acf":[],"yoast_head":"<!-- This site is optimized with the Yoast SEO plugin v23.8 - https:\/\/yoast.com\/wordpress\/plugins\/seo\/ -->\n<title>Politi\u010dko ure\u0111enje - Serbia.com<\/title>\n<meta name=\"description\" content=\"Ustavom Republike Srbije je definisano da je Srbija \u201cdr\u017eava srpskog naroda i svih njenih gra\u0111ana, zasnovana na vladavini prava i socijalnoj pravdi, na\u010delima gra\u0111anske demokratije, ljudskim i manjinskim pravima i slobodama i pripadnosti evropskim principima i vrednostima\u201d.\" \/>\n<meta name=\"robots\" content=\"index, follow, max-snippet:-1, max-image-preview:large, max-video-preview:-1\" \/>\n<link rel=\"canonical\" href=\"https:\/\/serbia.com\/srpski\/o-srbiji\/politicko-uredenje\/\" \/>\n<meta property=\"og:locale\" content=\"en_US\" \/>\n<meta property=\"og:type\" content=\"article\" \/>\n<meta property=\"og:title\" content=\"Politi\u010dko ure\u0111enje - Serbia.com\" \/>\n<meta property=\"og:description\" content=\"Ustavom Republike Srbije je definisano da je Srbija \u201cdr\u017eava srpskog naroda i svih njenih gra\u0111ana, zasnovana na vladavini prava i socijalnoj pravdi, na\u010delima gra\u0111anske demokratije, ljudskim i manjinskim pravima i slobodama i pripadnosti evropskim principima i vrednostima\u201d.\" \/>\n<meta property=\"og:url\" content=\"https:\/\/serbia.com\/srpski\/o-srbiji\/politicko-uredenje\/\" \/>\n<meta property=\"og:site_name\" content=\"Serbia.com\" \/>\n<meta property=\"article:modified_time\" content=\"2024-06-04T14:00:41+00:00\" \/>\n<meta property=\"og:image\" content=\"https:\/\/serbia.com\/wp-content\/uploads\/2015\/03\/skupstina-srbijeSERBIA.jpg\" \/>\n\t<meta property=\"og:image:width\" content=\"1600\" \/>\n\t<meta property=\"og:image:height\" content=\"787\" \/>\n\t<meta property=\"og:image:type\" content=\"image\/jpeg\" \/>\n<meta name=\"twitter:label1\" content=\"Est. reading time\" \/>\n\t<meta name=\"twitter:data1\" content=\"2 minutes\" \/>\n<script type=\"application\/ld+json\" class=\"yoast-schema-graph\">{\"@context\":\"https:\/\/schema.org\",\"@graph\":[{\"@type\":\"WebPage\",\"@id\":\"https:\/\/serbia.com\/srpski\/o-srbiji\/politicko-uredenje\/\",\"url\":\"https:\/\/serbia.com\/srpski\/o-srbiji\/politicko-uredenje\/\",\"name\":\"Politi\u010dko ure\u0111enje - Serbia.com\",\"isPartOf\":{\"@id\":\"https:\/\/serbia.com\/#website\"},\"primaryImageOfPage\":{\"@id\":\"https:\/\/serbia.com\/srpski\/o-srbiji\/politicko-uredenje\/#primaryimage\"},\"image\":{\"@id\":\"https:\/\/serbia.com\/srpski\/o-srbiji\/politicko-uredenje\/#primaryimage\"},\"thumbnailUrl\":\"https:\/\/serbia.com\/wp-content\/uploads\/2015\/03\/skupstina-srbijeSERBIA.jpg\",\"datePublished\":\"2014-02-26T18:15:40+00:00\",\"dateModified\":\"2024-06-04T14:00:41+00:00\",\"description\":\"Ustavom Republike Srbije je definisano da je Srbija \u201cdr\u017eava srpskog naroda i svih njenih gra\u0111ana, zasnovana na vladavini prava i socijalnoj pravdi, na\u010delima gra\u0111anske demokratije, ljudskim i manjinskim pravima i slobodama i pripadnosti evropskim principima i vrednostima\u201d.\",\"breadcrumb\":{\"@id\":\"https:\/\/serbia.com\/srpski\/o-srbiji\/politicko-uredenje\/#breadcrumb\"},\"inLanguage\":\"srpski\",\"potentialAction\":[{\"@type\":\"ReadAction\",\"target\":[\"https:\/\/serbia.com\/srpski\/o-srbiji\/politicko-uredenje\/\"]}]},{\"@type\":\"ImageObject\",\"inLanguage\":\"srpski\",\"@id\":\"https:\/\/serbia.com\/srpski\/o-srbiji\/politicko-uredenje\/#primaryimage\",\"url\":\"https:\/\/serbia.com\/wp-content\/uploads\/2015\/03\/skupstina-srbijeSERBIA.jpg\",\"contentUrl\":\"https:\/\/serbia.com\/wp-content\/uploads\/2015\/03\/skupstina-srbijeSERBIA.jpg\",\"width\":1600,\"height\":787},{\"@type\":\"BreadcrumbList\",\"@id\":\"https:\/\/serbia.com\/srpski\/o-srbiji\/politicko-uredenje\/#breadcrumb\",\"itemListElement\":[{\"@type\":\"ListItem\",\"position\":1,\"name\":\"Home\",\"item\":\"https:\/\/serbia.com\/srpski\/\"},{\"@type\":\"ListItem\",\"position\":2,\"name\":\"O Srbiji\",\"item\":\"https:\/\/serbia.com\/srpski\/o-srbiji\/\"},{\"@type\":\"ListItem\",\"position\":3,\"name\":\"Politi\u010dko ure\u0111enje\"}]},{\"@type\":\"WebSite\",\"@id\":\"https:\/\/serbia.com\/#website\",\"url\":\"https:\/\/serbia.com\/\",\"name\":\"Serbia.com\",\"description\":\"Your Gateway to Serbia\",\"potentialAction\":[{\"@type\":\"SearchAction\",\"target\":{\"@type\":\"EntryPoint\",\"urlTemplate\":\"https:\/\/serbia.com\/?s={search_term_string}\"},\"query-input\":{\"@type\":\"PropertyValueSpecification\",\"valueRequired\":true,\"valueName\":\"search_term_string\"}}],\"inLanguage\":\"srpski\"}]}<\/script>\n<!-- \/ Yoast SEO plugin. -->","yoast_head_json":{"title":"Politi\u010dko ure\u0111enje - Serbia.com","description":"Ustavom Republike Srbije je definisano da je Srbija \u201cdr\u017eava srpskog naroda i svih njenih gra\u0111ana, zasnovana na vladavini prava i socijalnoj pravdi, na\u010delima gra\u0111anske demokratije, ljudskim i manjinskim pravima i slobodama i pripadnosti evropskim principima i vrednostima\u201d.","robots":{"index":"index","follow":"follow","max-snippet":"max-snippet:-1","max-image-preview":"max-image-preview:large","max-video-preview":"max-video-preview:-1"},"canonical":"https:\/\/serbia.com\/srpski\/o-srbiji\/politicko-uredenje\/","og_locale":"en_US","og_type":"article","og_title":"Politi\u010dko ure\u0111enje - Serbia.com","og_description":"Ustavom Republike Srbije je definisano da je Srbija \u201cdr\u017eava srpskog naroda i svih njenih gra\u0111ana, zasnovana na vladavini prava i socijalnoj pravdi, na\u010delima gra\u0111anske demokratije, ljudskim i manjinskim pravima i slobodama i pripadnosti evropskim principima i vrednostima\u201d.","og_url":"https:\/\/serbia.com\/srpski\/o-srbiji\/politicko-uredenje\/","og_site_name":"Serbia.com","article_modified_time":"2024-06-04T14:00:41+00:00","og_image":[{"width":1600,"height":787,"url":"https:\/\/serbia.com\/wp-content\/uploads\/2015\/03\/skupstina-srbijeSERBIA.jpg","type":"image\/jpeg"}],"twitter_misc":{"Est. reading time":"2 minutes"},"schema":{"@context":"https:\/\/schema.org","@graph":[{"@type":"WebPage","@id":"https:\/\/serbia.com\/srpski\/o-srbiji\/politicko-uredenje\/","url":"https:\/\/serbia.com\/srpski\/o-srbiji\/politicko-uredenje\/","name":"Politi\u010dko ure\u0111enje - Serbia.com","isPartOf":{"@id":"https:\/\/serbia.com\/#website"},"primaryImageOfPage":{"@id":"https:\/\/serbia.com\/srpski\/o-srbiji\/politicko-uredenje\/#primaryimage"},"image":{"@id":"https:\/\/serbia.com\/srpski\/o-srbiji\/politicko-uredenje\/#primaryimage"},"thumbnailUrl":"https:\/\/serbia.com\/wp-content\/uploads\/2015\/03\/skupstina-srbijeSERBIA.jpg","datePublished":"2014-02-26T18:15:40+00:00","dateModified":"2024-06-04T14:00:41+00:00","description":"Ustavom Republike Srbije je definisano da je Srbija \u201cdr\u017eava srpskog naroda i svih njenih gra\u0111ana, zasnovana na vladavini prava i socijalnoj pravdi, na\u010delima gra\u0111anske demokratije, ljudskim i manjinskim pravima i slobodama i pripadnosti evropskim principima i vrednostima\u201d.","breadcrumb":{"@id":"https:\/\/serbia.com\/srpski\/o-srbiji\/politicko-uredenje\/#breadcrumb"},"inLanguage":"srpski","potentialAction":[{"@type":"ReadAction","target":["https:\/\/serbia.com\/srpski\/o-srbiji\/politicko-uredenje\/"]}]},{"@type":"ImageObject","inLanguage":"srpski","@id":"https:\/\/serbia.com\/srpski\/o-srbiji\/politicko-uredenje\/#primaryimage","url":"https:\/\/serbia.com\/wp-content\/uploads\/2015\/03\/skupstina-srbijeSERBIA.jpg","contentUrl":"https:\/\/serbia.com\/wp-content\/uploads\/2015\/03\/skupstina-srbijeSERBIA.jpg","width":1600,"height":787},{"@type":"BreadcrumbList","@id":"https:\/\/serbia.com\/srpski\/o-srbiji\/politicko-uredenje\/#breadcrumb","itemListElement":[{"@type":"ListItem","position":1,"name":"Home","item":"https:\/\/serbia.com\/srpski\/"},{"@type":"ListItem","position":2,"name":"O Srbiji","item":"https:\/\/serbia.com\/srpski\/o-srbiji\/"},{"@type":"ListItem","position":3,"name":"Politi\u010dko ure\u0111enje"}]},{"@type":"WebSite","@id":"https:\/\/serbia.com\/#website","url":"https:\/\/serbia.com\/","name":"Serbia.com","description":"Your Gateway to Serbia","potentialAction":[{"@type":"SearchAction","target":{"@type":"EntryPoint","urlTemplate":"https:\/\/serbia.com\/?s={search_term_string}"},"query-input":{"@type":"PropertyValueSpecification","valueRequired":true,"valueName":"search_term_string"}}],"inLanguage":"srpski"}]}},"_links":{"self":[{"href":"https:\/\/serbia.com\/srpski\/wp-json\/wp\/v2\/pages\/20248"}],"collection":[{"href":"https:\/\/serbia.com\/srpski\/wp-json\/wp\/v2\/pages"}],"about":[{"href":"https:\/\/serbia.com\/srpski\/wp-json\/wp\/v2\/types\/page"}],"author":[{"embeddable":true,"href":"https:\/\/serbia.com\/srpski\/wp-json\/wp\/v2\/users\/9"}],"replies":[{"embeddable":true,"href":"https:\/\/serbia.com\/srpski\/wp-json\/wp\/v2\/comments?post=20248"}],"version-history":[{"count":1,"href":"https:\/\/serbia.com\/srpski\/wp-json\/wp\/v2\/pages\/20248\/revisions"}],"predecessor-version":[{"id":53233,"href":"https:\/\/serbia.com\/srpski\/wp-json\/wp\/v2\/pages\/20248\/revisions\/53233"}],"up":[{"embeddable":true,"href":"https:\/\/serbia.com\/srpski\/wp-json\/wp\/v2\/pages\/20144"}],"wp:featuredmedia":[{"embeddable":true,"href":"https:\/\/serbia.com\/srpski\/wp-json\/wp\/v2\/media\/30461"}],"wp:attachment":[{"href":"https:\/\/serbia.com\/srpski\/wp-json\/wp\/v2\/media?parent=20248"}],"wp:term":[{"taxonomy":"category","embeddable":true,"href":"https:\/\/serbia.com\/srpski\/wp-json\/wp\/v2\/categories?post=20248"},{"taxonomy":"post_tag","embeddable":true,"href":"https:\/\/serbia.com\/srpski\/wp-json\/wp\/v2\/tags?post=20248"}],"curies":[{"name":"wp","href":"https:\/\/api.w.org\/{rel}","templated":true}]}}