{"id":20204,"date":"2014-02-26T19:10:31","date_gmt":"2014-02-26T18:10:31","guid":{"rendered":"http:\/\/www.serbia.com\/?page_id=20204"},"modified":"2024-06-04T15:51:15","modified_gmt":"2024-06-04T13:51:15","slug":"istorija","status":"publish","type":"page","link":"https:\/\/serbia.com\/srpski\/o-srbiji\/istorija\/","title":{"rendered":"Istorija"},"content":{"rendered":"<h2>Srbi su, kao i druga ju\u017enoslovenska plemena, do\u0161li na Balkan u velikoj seobi naroda tokom 6. i 7. veka, a prvi put ih spominje vizantijski car Konstantin Porfirogenit u 10. veku.<\/h2>\n<p>Tada su naseljavali teritoriju sada\u0161nje zapadne Srbije, isto\u010dne i centralne Bosne, Hercegovinu sa jadranskom obalom izme\u0111u reke Cetine i Skadarskog jezera, a na jugu prostor do reke Lima i planinskog lanca Prokletije.<\/p>\n<p>Na tom prostoru \u017eive i danas, primaju\u0107i razne uticaje i predstavljaju\u0107i imaginarnu granicu izme\u0111u Istoka i Zapada a istovremeno uzimaju\u0107i najbolje od oba ta sveta.<\/p>\n<p>Od napu\u0161tanja stare slovenske vere i primanja hri\u0161\u0107anstva u 9. veku do formiranja prve srpske dr\u017eave pod dinastijom <strong>Nemanji\u0107a<\/strong> u 12. veku, Srbi su imali neku vrstu organa vlasti koji je li\u010dio na skup\u0161tinu i neke istaknute pojedince, ali je sve to bilo nedovoljno da odr\u017ei homogenost naroda.<\/p>\n<p>Dolaskom Nemanji\u0107a Srbija je do\u017eivela veliki ekonomski, politi\u010dki i vojni procvat, razvila svoj pravni sistem, izborila autokefalnost crkve i postala carstvo u 14. veku. Krajem 14. veka umire poslednji vladar iz dinastije Nemanji\u0107, a srpsko carstvo po\u010dinje da se raspada usled unutra\u0161njih neslaganja i spoljnih napada. Jedan od srpskih oblasnih gospodara, <strong>Lazar Hrebeljanovi\u0107<\/strong>, preuzeo je vlast u poku\u0161aju da ujedini srpske zemlje i oja\u010da u borbi protiv Turaka. Usledila je jedna od najve\u0107ih bitaka u istoriji Srbije, <a title=\"Boj na Kosovu\" href=\"http:\/\/www.serbia.com\/srpski\/boj-na-kosovu-2\/\"><strong>boj na Kosovu 1389. godine<\/strong><\/a>, u kojoj su knez Lazar i veliki deo njegove vojske poginuli, a Srbija je postala turski vazal.<\/p>\n<p>Sve do kraja 17. veka celokupna teritorija dana\u0161nje Srbije bila je pod vla\u0161\u0107u Osmanskog carstva. Srbija u ovo vreme nije postojala kao dr\u017eava, a teritorije naseljene Srbima bile su izdeljene na osmanske pa\u0161aluke. Za to vreme, mnogi hri\u0161\u0107ani su bili primorani da pre\u0111u u islam.<\/p>\n<p>Krajem 17. veka, severni deo dana\u0161nje Srbije (Ba\u010dku i deo Srema) osvaja Habzbur\u0161ka Monarhija, da bi se 1718. godine habzbur\u0161ka vlast pro\u0161irila na veliki deo teritorije dana\u0161nje Srbije &#8211; ostatak Srema, <a title=\"Uzbudljiva vo\u017enja kroz prelepi Banat\" href=\"http:\/\/www.serbia.com\/srpski\/uzbudljiva-voznja-kroz-prelepi-banat\/\">Banat<\/a>, Ma\u010dvu, \u0160umadiju, isto\u010dnu Srbiju. Time je podru\u010dje naseljeno Srbima, nekada\u0161nja Srbija, podeljeno izme\u0111u dva carstva, Osmanskog i Habzbur\u0161kog, a granica je bila na <a title=\"Reka Sava, ispomo\u0107 Zevsu\" href=\"http:\/\/www.serbia.com\/srpski\/posetite-srbiju\/prirodne-lepote\/reke-i-jezera\/reka-sava-ispomoc-zevsu\/\" target=\"_blank\" rel=\"noopener\">Savi<\/a> i <a title=\"Dunav, mesto spajanja i razdvajanja\" href=\"http:\/\/www.serbia.com\/srpski\/posetite-srbiju\/prirodne-lepote\/reke-i-jezera\/dunav-mesto-spajanja-i-razdvajanja\/\" target=\"_blank\" rel=\"noopener\">Dunavu<\/a>.<\/p>\n<p>Srbi ju\u017eno od Save i Dunava, dakle, u osmanskom delu, predvo\u0111eni <a title=\"Napoleonova pohvala Kara\u0111or\u0111a\" href=\"http:\/\/www.serbia.com\/srpski\/napoleonova-pohvala-karadorda\/\">Kara\u0111or\u0111em<\/a>, 1804. godine podigli su Prvi srpski ustanak protiv Turaka. Ustanici su uspeli da uspostave svoju vlast na ovim teritorijama i osvoje <a title=\"Beogradska tvr\u0111ava: Put stopama istorije\" href=\"http:\/\/www.serbia.com\/srpski\/posetite-srbiju\/kulturne-atrakcije\/dvorci-i-tvrdave\/beogradska-tvrdava-put-stopama-istorije\/\" target=\"_blank\" rel=\"noopener\">Beogradsku tvr\u0111avu<\/a>. Sve do 1812. godine ovaj deo Srbije bio je opet pod srpskom vla\u0161\u0107u (vla\u0161\u0107u Praviteljstvuju\u0161\u0107eg sovjeta). Turci su u me\u0111uvremenu opet osvojili ove srpske teritorije, pa je 1915. godine izbio Drugi srpski ustanak, a nakon njega Srbija je postala autonomna kne\u017eevina u okviru Otomanskog carstva na \u010delu sa <strong>Milo\u0161em Obrenovi\u0107em<\/strong>.<\/p>\n<p>Kne\u017eevinu Srbiju u potpunosti osloba\u0111a od osmanskog vojnog prisustva knez Mihailo Obrenovi\u0107, sin kneza Milo\u0161a Obrenovi\u0107a, 1867. godine, kada je izdejstvovao povla\u010denje osmanske vojske iz garnizona na teritoriji <strong>Kne\u017eevine Srbije<\/strong>. Ovaj doga\u0111aj je zapam\u0107en kao dobijanje gradova. Kne\u017eevina Srbija postaje me\u0111unarodno priznata nezavisna dr\u017eava odlukama Berlinskog kongresa 1878. godine.<\/p>\n<p>Posle ropstva i oslobo\u0111enja od Turaka Osmanlija u 19. veku, postala je moderna dr\u017eava koja je u politi\u010dkom i kulturnom smislu bila cenjena u Evropi. Srbija postaje kraljevina za vreme vladavine Milana Obrenovi\u0107a 1882. godine.<\/p>\n<p>Nakon<strong> Balkanskih ratova<\/strong> (1912-1913), Srbija je znatno oja\u010dala, \u0161to je izazvalo zategnutost odnosa sa Austrougarskom, pa sukobom ove dve zemlje po\u010dinje <a href=\"http:\/\/www.serbia.com\/srpski\/tag\/prvi-svetski-rat-srpski\/\" target=\"_blank\" rel=\"noopener\">Prvi svetski rat <\/a>(1914-1918) u kome je Srbija bila saveznik Trojne Atante. Krajem rata Srbiji se priklju\u010duju Srem, Banat, Ba\u010dka i Baranja kao i Crna Gora i tako pro\u0161irena Srbija potom ulazi u sastav nove dr\u017eave &#8211; <strong>Kraljevine Srba, Hrvata i Slovenaca<\/strong> (1.decembar 1918) koja je kasnije preimenovana u <strong>Kraljevinu Jugoslaviju<\/strong>.<\/p>\n<p>U previranjima tokom Drugog svetskog rata u Kraljevini SHS vlast su preuzeli komunisti na \u010delu sa <strong>Josipom Brozom Titom<\/strong>, pa po zavr\u0161etku rata ona menja naziv u Socijalisti\u010dka Federativna Republika Jugoslavija (1943).<\/p>\n<p>Kraj osamdesetih godina doneo je sukobe me\u0111u jugoslovenskim narodima usled porasta nacionalizma i te\u017enjama za nezavisnosti. Vo\u0111en je gra\u0111anski rat na teritoriji Hrvatske i Bosne i Hercegovine. Sukobi su okon\u010dani 1995. godine, a rezultirali su raspadom SFRJ. U dr\u017eavnoj zajednici od \u0161est republika (Slovenija, Hrvatska, Bosna i Hercegovina, Makedonija, Srbija i Crna Gora) ostale su jo\u0161 samo Crna Gora i Srbija pod nazivom Savezna Republika Jugoslavija.<\/p>\n<p>Na referendumu u maju 2006. godine, narod Crne Gore odlu\u010dio je da se Crna Gora osamostali, pa je time okon\u010dan raspad Jugoslavije i od tog datuma Srbija postoji kao samostalna dr\u017eava pod imenom Republika Srbija.<\/p>\n<p>Ju\u017ena srpska pokrajina Kosovo i Metohija, nalazi se pod me\u0111unarodnim protektoratom, nakon sukoba Srba i Albanaca i <a title=\"15 godina od NATO bombardovanja\" href=\"http:\/\/www.serbia.com\/srpski\/15-godina-od-nato-bombardovanja\/\">NATO bombardovanja Srbije 1999. godine<\/a>. Izme\u0111u 200 i 280 hiljada Srba je raseljeno iz pokrajine. Danas na Kosovu i Metohiji \u017eivi oko 100 000 Srba od \u010dega najve\u0107i broj na severu Kosova, dok u ostalim delovima Kosova i Metohije Srbi \u017eive u enklavama.<\/p>\n","protected":false},"excerpt":{"rendered":"<p>Srbi su, kao i druga ju\u017enoslovenska plemena, do\u0161li na Balkan u velikoj seobi naroda tokom 6. i 7. veka, a prvi put ih spominje vizantijski car Konstantin Porfirogenit u 10. [&hellip;]<\/p>\n","protected":false},"author":9,"featured_media":51827,"parent":20144,"menu_order":0,"comment_status":"closed","ping_status":"open","template":"","meta":{"_acf_changed":false,"inline_featured_image":false,"_monsterinsights_skip_tracking":false,"_monsterinsights_sitenote_active":false,"_monsterinsights_sitenote_note":"","_monsterinsights_sitenote_category":0,"footnotes":""},"categories":[1639,2815],"tags":[],"class_list":["post-20204","page","type-page","status-publish","has-post-thumbnail","hentry","category-istorija-kultura-otkrijte-srbiju","category-istorijske-licnosti"],"acf":[],"yoast_head":"<!-- This site is optimized with the Yoast SEO plugin v27.4 - https:\/\/yoast.com\/product\/yoast-seo-wordpress\/ -->\n<title>Istorija - Serbia.com<\/title>\n<meta name=\"robots\" content=\"index, follow, max-snippet:-1, max-image-preview:large, max-video-preview:-1\" \/>\n<link rel=\"canonical\" href=\"https:\/\/serbia.com\/srpski\/o-srbiji\/istorija\/\" \/>\n<meta property=\"og:locale\" content=\"en_US\" \/>\n<meta property=\"og:type\" content=\"article\" \/>\n<meta property=\"og:title\" content=\"Istorija - Serbia.com\" \/>\n<meta property=\"og:description\" content=\"Srbi su, kao i druga ju\u017enoslovenska plemena, do\u0161li na Balkan u velikoj seobi naroda tokom 6. i 7. veka, a prvi put ih spominje vizantijski car Konstantin Porfirogenit u 10. [&hellip;]\" \/>\n<meta property=\"og:url\" content=\"https:\/\/serbia.com\/srpski\/o-srbiji\/istorija\/\" \/>\n<meta property=\"og:site_name\" content=\"Serbia.com\" \/>\n<meta property=\"article:modified_time\" content=\"2024-06-04T13:51:15+00:00\" \/>\n<meta property=\"og:image\" content=\"https:\/\/serbia.com\/wp-content\/uploads\/2016\/07\/Kalemegdan-1-e1717509070907.jpg\" \/>\n\t<meta property=\"og:image:width\" content=\"1697\" \/>\n\t<meta property=\"og:image:height\" content=\"767\" \/>\n\t<meta property=\"og:image:type\" content=\"image\/jpeg\" \/>\n<meta name=\"twitter:label1\" content=\"Est. reading time\" \/>\n\t<meta name=\"twitter:data1\" content=\"4 minutes\" \/>\n<script type=\"application\/ld+json\" class=\"yoast-schema-graph\">{\"@context\":\"https:\\\/\\\/schema.org\",\"@graph\":[{\"@type\":\"WebPage\",\"@id\":\"https:\\\/\\\/serbia.com\\\/srpski\\\/o-srbiji\\\/istorija\\\/\",\"url\":\"https:\\\/\\\/serbia.com\\\/srpski\\\/o-srbiji\\\/istorija\\\/\",\"name\":\"Istorija - Serbia.com\",\"isPartOf\":{\"@id\":\"https:\\\/\\\/serbia.com\\\/#website\"},\"primaryImageOfPage\":{\"@id\":\"https:\\\/\\\/serbia.com\\\/srpski\\\/o-srbiji\\\/istorija\\\/#primaryimage\"},\"image\":{\"@id\":\"https:\\\/\\\/serbia.com\\\/srpski\\\/o-srbiji\\\/istorija\\\/#primaryimage\"},\"thumbnailUrl\":\"https:\\\/\\\/serbia.com\\\/wp-content\\\/uploads\\\/2016\\\/07\\\/Kalemegdan-1-e1717509070907.jpg\",\"datePublished\":\"2014-02-26T18:10:31+00:00\",\"dateModified\":\"2024-06-04T13:51:15+00:00\",\"breadcrumb\":{\"@id\":\"https:\\\/\\\/serbia.com\\\/srpski\\\/o-srbiji\\\/istorija\\\/#breadcrumb\"},\"inLanguage\":\"srpski\",\"potentialAction\":[{\"@type\":\"ReadAction\",\"target\":[\"https:\\\/\\\/serbia.com\\\/srpski\\\/o-srbiji\\\/istorija\\\/\"]}]},{\"@type\":\"ImageObject\",\"inLanguage\":\"srpski\",\"@id\":\"https:\\\/\\\/serbia.com\\\/srpski\\\/o-srbiji\\\/istorija\\\/#primaryimage\",\"url\":\"https:\\\/\\\/serbia.com\\\/wp-content\\\/uploads\\\/2016\\\/07\\\/Kalemegdan-1-e1717509070907.jpg\",\"contentUrl\":\"https:\\\/\\\/serbia.com\\\/wp-content\\\/uploads\\\/2016\\\/07\\\/Kalemegdan-1-e1717509070907.jpg\",\"width\":1697,\"height\":767},{\"@type\":\"BreadcrumbList\",\"@id\":\"https:\\\/\\\/serbia.com\\\/srpski\\\/o-srbiji\\\/istorija\\\/#breadcrumb\",\"itemListElement\":[{\"@type\":\"ListItem\",\"position\":1,\"name\":\"Home\",\"item\":\"https:\\\/\\\/serbia.com\\\/srpski\\\/srbija\\\/\"},{\"@type\":\"ListItem\",\"position\":2,\"name\":\"O Srbiji\",\"item\":\"https:\\\/\\\/serbia.com\\\/srpski\\\/o-srbiji\\\/\"},{\"@type\":\"ListItem\",\"position\":3,\"name\":\"Istorija\"}]},{\"@type\":\"WebSite\",\"@id\":\"https:\\\/\\\/serbia.com\\\/#website\",\"url\":\"https:\\\/\\\/serbia.com\\\/\",\"name\":\"Serbia.com\",\"description\":\"Your Gateway to Serbia\",\"potentialAction\":[{\"@type\":\"SearchAction\",\"target\":{\"@type\":\"EntryPoint\",\"urlTemplate\":\"https:\\\/\\\/serbia.com\\\/?s={search_term_string}\"},\"query-input\":{\"@type\":\"PropertyValueSpecification\",\"valueRequired\":true,\"valueName\":\"search_term_string\"}}],\"inLanguage\":\"srpski\"}]}<\/script>\n<!-- \/ Yoast SEO plugin. -->","yoast_head_json":{"title":"Istorija - Serbia.com","robots":{"index":"index","follow":"follow","max-snippet":"max-snippet:-1","max-image-preview":"max-image-preview:large","max-video-preview":"max-video-preview:-1"},"canonical":"https:\/\/serbia.com\/srpski\/o-srbiji\/istorija\/","og_locale":"en_US","og_type":"article","og_title":"Istorija - Serbia.com","og_description":"Srbi su, kao i druga ju\u017enoslovenska plemena, do\u0161li na Balkan u velikoj seobi naroda tokom 6. i 7. veka, a prvi put ih spominje vizantijski car Konstantin Porfirogenit u 10. [&hellip;]","og_url":"https:\/\/serbia.com\/srpski\/o-srbiji\/istorija\/","og_site_name":"Serbia.com","article_modified_time":"2024-06-04T13:51:15+00:00","og_image":[{"width":1697,"height":767,"url":"https:\/\/serbia.com\/wp-content\/uploads\/2016\/07\/Kalemegdan-1-e1717509070907.jpg","type":"image\/jpeg"}],"twitter_misc":{"Est. reading time":"4 minutes"},"schema":{"@context":"https:\/\/schema.org","@graph":[{"@type":"WebPage","@id":"https:\/\/serbia.com\/srpski\/o-srbiji\/istorija\/","url":"https:\/\/serbia.com\/srpski\/o-srbiji\/istorija\/","name":"Istorija - Serbia.com","isPartOf":{"@id":"https:\/\/serbia.com\/#website"},"primaryImageOfPage":{"@id":"https:\/\/serbia.com\/srpski\/o-srbiji\/istorija\/#primaryimage"},"image":{"@id":"https:\/\/serbia.com\/srpski\/o-srbiji\/istorija\/#primaryimage"},"thumbnailUrl":"https:\/\/serbia.com\/wp-content\/uploads\/2016\/07\/Kalemegdan-1-e1717509070907.jpg","datePublished":"2014-02-26T18:10:31+00:00","dateModified":"2024-06-04T13:51:15+00:00","breadcrumb":{"@id":"https:\/\/serbia.com\/srpski\/o-srbiji\/istorija\/#breadcrumb"},"inLanguage":"srpski","potentialAction":[{"@type":"ReadAction","target":["https:\/\/serbia.com\/srpski\/o-srbiji\/istorija\/"]}]},{"@type":"ImageObject","inLanguage":"srpski","@id":"https:\/\/serbia.com\/srpski\/o-srbiji\/istorija\/#primaryimage","url":"https:\/\/serbia.com\/wp-content\/uploads\/2016\/07\/Kalemegdan-1-e1717509070907.jpg","contentUrl":"https:\/\/serbia.com\/wp-content\/uploads\/2016\/07\/Kalemegdan-1-e1717509070907.jpg","width":1697,"height":767},{"@type":"BreadcrumbList","@id":"https:\/\/serbia.com\/srpski\/o-srbiji\/istorija\/#breadcrumb","itemListElement":[{"@type":"ListItem","position":1,"name":"Home","item":"https:\/\/serbia.com\/srpski\/srbija\/"},{"@type":"ListItem","position":2,"name":"O Srbiji","item":"https:\/\/serbia.com\/srpski\/o-srbiji\/"},{"@type":"ListItem","position":3,"name":"Istorija"}]},{"@type":"WebSite","@id":"https:\/\/serbia.com\/#website","url":"https:\/\/serbia.com\/","name":"Serbia.com","description":"Your Gateway to Serbia","potentialAction":[{"@type":"SearchAction","target":{"@type":"EntryPoint","urlTemplate":"https:\/\/serbia.com\/?s={search_term_string}"},"query-input":{"@type":"PropertyValueSpecification","valueRequired":true,"valueName":"search_term_string"}}],"inLanguage":"srpski"}]}},"brizy_media":[],"_links":{"self":[{"href":"https:\/\/serbia.com\/srpski\/wp-json\/wp\/v2\/pages\/20204","targetHints":{"allow":["GET"]}}],"collection":[{"href":"https:\/\/serbia.com\/srpski\/wp-json\/wp\/v2\/pages"}],"about":[{"href":"https:\/\/serbia.com\/srpski\/wp-json\/wp\/v2\/types\/page"}],"author":[{"embeddable":true,"href":"https:\/\/serbia.com\/srpski\/wp-json\/wp\/v2\/users\/9"}],"replies":[{"embeddable":true,"href":"https:\/\/serbia.com\/srpski\/wp-json\/wp\/v2\/comments?post=20204"}],"version-history":[{"count":1,"href":"https:\/\/serbia.com\/srpski\/wp-json\/wp\/v2\/pages\/20204\/revisions"}],"predecessor-version":[{"id":53223,"href":"https:\/\/serbia.com\/srpski\/wp-json\/wp\/v2\/pages\/20204\/revisions\/53223"}],"up":[{"embeddable":true,"href":"https:\/\/serbia.com\/srpski\/wp-json\/wp\/v2\/pages\/20144"}],"wp:featuredmedia":[{"embeddable":true,"href":"https:\/\/serbia.com\/srpski\/wp-json\/wp\/v2\/media\/51827"}],"wp:attachment":[{"href":"https:\/\/serbia.com\/srpski\/wp-json\/wp\/v2\/media?parent=20204"}],"wp:term":[{"taxonomy":"category","embeddable":true,"href":"https:\/\/serbia.com\/srpski\/wp-json\/wp\/v2\/categories?post=20204"},{"taxonomy":"post_tag","embeddable":true,"href":"https:\/\/serbia.com\/srpski\/wp-json\/wp\/v2\/tags?post=20204"}],"curies":[{"name":"wp","href":"https:\/\/api.w.org\/{rel}","templated":true}]}}