{"id":20198,"date":"2014-02-26T19:08:25","date_gmt":"2014-02-26T18:08:25","guid":{"rendered":"http:\/\/www.serbia.com\/?page_id=20198"},"modified":"2024-06-04T16:04:05","modified_gmt":"2024-06-04T14:04:05","slug":"ekonomija","status":"publish","type":"page","link":"https:\/\/serbia.com\/srpski\/o-srbiji\/ekonomija\/","title":{"rendered":"Ekonomija"},"content":{"rendered":"<h2>Republika Srbija ima modernu privredu koja prati model slobodnog tr\u017ei\u0161ta.<\/h2>\n<p>Najve\u0107i sektor srpske privrede je sektor usluga, koji obuhvata oko 60% BDP. Potom sledi industrijski sektor sa oko 20% BDP) i poljoprivredni sektor sa oko 20 % u\u010de\u0161\u0107a u BDP.<\/p>\n<p>Krajem 80-ih godina, na po\u010detku ekonomske tranzicije iz jedinstvenog u svetu samupravnog modela tr\u017ei\u0161no-planske privrede u tr\u017ei\u0161nu privredu, Srbija je imala povoljnu poziciju u odnosu na region. Ta pozicija je izgubljena zbog ekonomskih sankcija od 1992. do 1995. godiine (koje su, izme\u0111u ostalog, rezultirale i u obaranju rekorda hiperinflacije), kao i zbog <a title=\"15 godina od NATO bombardovanja\" href=\"http:\/\/www.serbia.com\/srpski\/15-godina-od-nato-bombardovanja\/\">NATO bombardovanja 1999. godine<\/a>.<\/p>\n<p>Nakon demokratskih reformi 2000. godine, srpska privreda je liberalizovana i od tada sledi eksponencijalni ekonomski rast. U 2010. godini, Srbija je imala gotovo najve\u0107i ekonomski rast od svih zemalja u regionu, koji je iznosio 1,9% (realni rast).<\/p>\n<p>Veliki ekonomski problemi Srbije su visoka stopa nezaposlenosti (20,1%, podaci iz oktobra 2013.) kao i visoki spoljnotrgovinski deficit, ($ 5,25 milijardi). Pokrivenost uvoza izvozom je u 2013. godini pove\u0107ana na 71,9% u odnosu na 2012. godinu u kojoj je bila 58,5%.<\/p>\n<p>Poslednjih godina, Srbija je bila svedok investicija velikih stranih firmi. Prose\u010dan realni rast u poslednjih 10 godina je 4,45%.<\/p>\n<p>Srbija nudi povoljne poreske stope, uklju\u010duju\u0107i podsticaje za nove investitore. Niska poreska stopa, kao \u0161to su porez na dobit korporacija od 10%, koja spada me\u0111u najni\u017ee u Evropi.<\/p>\n<p>Glavni spoljnotrgovinski partneri u izvozu u 2013. godini bile su Italija, Nema\u010dka, Bosna i Hercegovina, Ruska Federacija i Crna Gora, dok su glavni spoljnotrgovinski partneri u uvozu, bile Italija, Nema\u010dka, Ruska Federacija, Kina i Ma\u0111arska.<\/p>\n<p>Prema podacima Republi\u010dkog zavoda za statistiku, prva tri mesta na izvoznoj listi Srbije u novembru 2013. godine zauzimale su razli\u010dite vrste automobila, za kojima sledi izvoz setova provodnika za avione, vozila i brodove, izvoz kukuruza i \u0161e\u0107era ,dok je sirova nafta bila prvi uvozni proizvod.<\/p>\n<p>Zvani\u010dna valuta Srbije je dinar (RSD).<\/p>\n","protected":false},"excerpt":{"rendered":"<p>Republika Srbija ima modernu privredu koja prati model slobodnog tr\u017ei\u0161ta. Najve\u0107i sektor srpske privrede je sektor usluga, koji obuhvata oko 60% BDP. Potom sledi industrijski sektor sa oko 20% BDP) [&hellip;]<\/p>\n","protected":false},"author":9,"featured_media":37960,"parent":20144,"menu_order":0,"comment_status":"closed","ping_status":"open","template":"","meta":{"_acf_changed":false,"inline_featured_image":false,"_monsterinsights_skip_tracking":false,"_monsterinsights_sitenote_active":false,"_monsterinsights_sitenote_note":"","_monsterinsights_sitenote_category":0,"footnotes":""},"categories":[959],"tags":[],"class_list":["post-20198","page","type-page","status-publish","has-post-thumbnail","hentry","category-o-srbiji"],"acf":[],"yoast_head":"<!-- This site is optimized with the Yoast SEO plugin v27.5 - https:\/\/yoast.com\/product\/yoast-seo-wordpress\/ -->\n<title>Ekonomija - Serbia.com<\/title>\n<meta name=\"robots\" content=\"index, follow, max-snippet:-1, max-image-preview:large, max-video-preview:-1\" \/>\n<link rel=\"canonical\" href=\"https:\/\/serbia.com\/srpski\/o-srbiji\/ekonomija\/\" \/>\n<meta property=\"og:locale\" content=\"en_US\" \/>\n<meta property=\"og:type\" content=\"article\" \/>\n<meta property=\"og:title\" content=\"Ekonomija - Serbia.com\" \/>\n<meta property=\"og:description\" content=\"Republika Srbija ima modernu privredu koja prati model slobodnog tr\u017ei\u0161ta. Najve\u0107i sektor srpske privrede je sektor usluga, koji obuhvata oko 60% BDP. Potom sledi industrijski sektor sa oko 20% BDP) [&hellip;]\" \/>\n<meta property=\"og:url\" content=\"https:\/\/serbia.com\/srpski\/o-srbiji\/ekonomija\/\" \/>\n<meta property=\"og:site_name\" content=\"Serbia.com\" \/>\n<meta property=\"article:modified_time\" content=\"2024-06-04T14:04:05+00:00\" \/>\n<meta property=\"og:image\" content=\"https:\/\/serbia.com\/wp-content\/uploads\/2015\/11\/RSD-Dinar-Money111.jpg\" \/>\n\t<meta property=\"og:image:width\" content=\"800\" \/>\n\t<meta property=\"og:image:height\" content=\"474\" \/>\n\t<meta property=\"og:image:type\" content=\"image\/jpeg\" \/>\n<meta name=\"twitter:label1\" content=\"Est. reading time\" \/>\n\t<meta name=\"twitter:data1\" content=\"2 minutes\" \/>\n<script type=\"application\/ld+json\" class=\"yoast-schema-graph\">{\"@context\":\"https:\\\/\\\/schema.org\",\"@graph\":[{\"@type\":\"WebPage\",\"@id\":\"https:\\\/\\\/serbia.com\\\/srpski\\\/o-srbiji\\\/ekonomija\\\/\",\"url\":\"https:\\\/\\\/serbia.com\\\/srpski\\\/o-srbiji\\\/ekonomija\\\/\",\"name\":\"Ekonomija - Serbia.com\",\"isPartOf\":{\"@id\":\"https:\\\/\\\/serbia.com\\\/#website\"},\"primaryImageOfPage\":{\"@id\":\"https:\\\/\\\/serbia.com\\\/srpski\\\/o-srbiji\\\/ekonomija\\\/#primaryimage\"},\"image\":{\"@id\":\"https:\\\/\\\/serbia.com\\\/srpski\\\/o-srbiji\\\/ekonomija\\\/#primaryimage\"},\"thumbnailUrl\":\"https:\\\/\\\/serbia.com\\\/wp-content\\\/uploads\\\/2015\\\/11\\\/RSD-Dinar-Money111.jpg\",\"datePublished\":\"2014-02-26T18:08:25+00:00\",\"dateModified\":\"2024-06-04T14:04:05+00:00\",\"breadcrumb\":{\"@id\":\"https:\\\/\\\/serbia.com\\\/srpski\\\/o-srbiji\\\/ekonomija\\\/#breadcrumb\"},\"inLanguage\":\"srpski\",\"potentialAction\":[{\"@type\":\"ReadAction\",\"target\":[\"https:\\\/\\\/serbia.com\\\/srpski\\\/o-srbiji\\\/ekonomija\\\/\"]}]},{\"@type\":\"ImageObject\",\"inLanguage\":\"srpski\",\"@id\":\"https:\\\/\\\/serbia.com\\\/srpski\\\/o-srbiji\\\/ekonomija\\\/#primaryimage\",\"url\":\"https:\\\/\\\/serbia.com\\\/wp-content\\\/uploads\\\/2015\\\/11\\\/RSD-Dinar-Money111.jpg\",\"contentUrl\":\"https:\\\/\\\/serbia.com\\\/wp-content\\\/uploads\\\/2015\\\/11\\\/RSD-Dinar-Money111.jpg\",\"width\":800,\"height\":474},{\"@type\":\"BreadcrumbList\",\"@id\":\"https:\\\/\\\/serbia.com\\\/srpski\\\/o-srbiji\\\/ekonomija\\\/#breadcrumb\",\"itemListElement\":[{\"@type\":\"ListItem\",\"position\":1,\"name\":\"Home\",\"item\":\"https:\\\/\\\/serbia.com\\\/srpski\\\/\"},{\"@type\":\"ListItem\",\"position\":2,\"name\":\"O Srbiji\",\"item\":\"https:\\\/\\\/serbia.com\\\/srpski\\\/o-srbiji\\\/\"},{\"@type\":\"ListItem\",\"position\":3,\"name\":\"Ekonomija\"}]},{\"@type\":\"WebSite\",\"@id\":\"https:\\\/\\\/serbia.com\\\/#website\",\"url\":\"https:\\\/\\\/serbia.com\\\/\",\"name\":\"Serbia.com\",\"description\":\"Your Gateway to Serbia\",\"potentialAction\":[{\"@type\":\"SearchAction\",\"target\":{\"@type\":\"EntryPoint\",\"urlTemplate\":\"https:\\\/\\\/serbia.com\\\/?s={search_term_string}\"},\"query-input\":{\"@type\":\"PropertyValueSpecification\",\"valueRequired\":true,\"valueName\":\"search_term_string\"}}],\"inLanguage\":\"srpski\"}]}<\/script>\n<!-- \/ Yoast SEO plugin. -->","yoast_head_json":{"title":"Ekonomija - Serbia.com","robots":{"index":"index","follow":"follow","max-snippet":"max-snippet:-1","max-image-preview":"max-image-preview:large","max-video-preview":"max-video-preview:-1"},"canonical":"https:\/\/serbia.com\/srpski\/o-srbiji\/ekonomija\/","og_locale":"en_US","og_type":"article","og_title":"Ekonomija - Serbia.com","og_description":"Republika Srbija ima modernu privredu koja prati model slobodnog tr\u017ei\u0161ta. Najve\u0107i sektor srpske privrede je sektor usluga, koji obuhvata oko 60% BDP. Potom sledi industrijski sektor sa oko 20% BDP) [&hellip;]","og_url":"https:\/\/serbia.com\/srpski\/o-srbiji\/ekonomija\/","og_site_name":"Serbia.com","article_modified_time":"2024-06-04T14:04:05+00:00","og_image":[{"width":800,"height":474,"url":"https:\/\/serbia.com\/wp-content\/uploads\/2015\/11\/RSD-Dinar-Money111.jpg","type":"image\/jpeg"}],"twitter_misc":{"Est. reading time":"2 minutes"},"schema":{"@context":"https:\/\/schema.org","@graph":[{"@type":"WebPage","@id":"https:\/\/serbia.com\/srpski\/o-srbiji\/ekonomija\/","url":"https:\/\/serbia.com\/srpski\/o-srbiji\/ekonomija\/","name":"Ekonomija - Serbia.com","isPartOf":{"@id":"https:\/\/serbia.com\/#website"},"primaryImageOfPage":{"@id":"https:\/\/serbia.com\/srpski\/o-srbiji\/ekonomija\/#primaryimage"},"image":{"@id":"https:\/\/serbia.com\/srpski\/o-srbiji\/ekonomija\/#primaryimage"},"thumbnailUrl":"https:\/\/serbia.com\/wp-content\/uploads\/2015\/11\/RSD-Dinar-Money111.jpg","datePublished":"2014-02-26T18:08:25+00:00","dateModified":"2024-06-04T14:04:05+00:00","breadcrumb":{"@id":"https:\/\/serbia.com\/srpski\/o-srbiji\/ekonomija\/#breadcrumb"},"inLanguage":"srpski","potentialAction":[{"@type":"ReadAction","target":["https:\/\/serbia.com\/srpski\/o-srbiji\/ekonomija\/"]}]},{"@type":"ImageObject","inLanguage":"srpski","@id":"https:\/\/serbia.com\/srpski\/o-srbiji\/ekonomija\/#primaryimage","url":"https:\/\/serbia.com\/wp-content\/uploads\/2015\/11\/RSD-Dinar-Money111.jpg","contentUrl":"https:\/\/serbia.com\/wp-content\/uploads\/2015\/11\/RSD-Dinar-Money111.jpg","width":800,"height":474},{"@type":"BreadcrumbList","@id":"https:\/\/serbia.com\/srpski\/o-srbiji\/ekonomija\/#breadcrumb","itemListElement":[{"@type":"ListItem","position":1,"name":"Home","item":"https:\/\/serbia.com\/srpski\/"},{"@type":"ListItem","position":2,"name":"O Srbiji","item":"https:\/\/serbia.com\/srpski\/o-srbiji\/"},{"@type":"ListItem","position":3,"name":"Ekonomija"}]},{"@type":"WebSite","@id":"https:\/\/serbia.com\/#website","url":"https:\/\/serbia.com\/","name":"Serbia.com","description":"Your Gateway to Serbia","potentialAction":[{"@type":"SearchAction","target":{"@type":"EntryPoint","urlTemplate":"https:\/\/serbia.com\/?s={search_term_string}"},"query-input":{"@type":"PropertyValueSpecification","valueRequired":true,"valueName":"search_term_string"}}],"inLanguage":"srpski"}]}},"brizy_media":[],"_links":{"self":[{"href":"https:\/\/serbia.com\/srpski\/wp-json\/wp\/v2\/pages\/20198","targetHints":{"allow":["GET"]}}],"collection":[{"href":"https:\/\/serbia.com\/srpski\/wp-json\/wp\/v2\/pages"}],"about":[{"href":"https:\/\/serbia.com\/srpski\/wp-json\/wp\/v2\/types\/page"}],"author":[{"embeddable":true,"href":"https:\/\/serbia.com\/srpski\/wp-json\/wp\/v2\/users\/9"}],"replies":[{"embeddable":true,"href":"https:\/\/serbia.com\/srpski\/wp-json\/wp\/v2\/comments?post=20198"}],"version-history":[{"count":1,"href":"https:\/\/serbia.com\/srpski\/wp-json\/wp\/v2\/pages\/20198\/revisions"}],"predecessor-version":[{"id":53237,"href":"https:\/\/serbia.com\/srpski\/wp-json\/wp\/v2\/pages\/20198\/revisions\/53237"}],"up":[{"embeddable":true,"href":"https:\/\/serbia.com\/srpski\/wp-json\/wp\/v2\/pages\/20144"}],"wp:featuredmedia":[{"embeddable":true,"href":"https:\/\/serbia.com\/srpski\/wp-json\/wp\/v2\/media\/37960"}],"wp:attachment":[{"href":"https:\/\/serbia.com\/srpski\/wp-json\/wp\/v2\/media?parent=20198"}],"wp:term":[{"taxonomy":"category","embeddable":true,"href":"https:\/\/serbia.com\/srpski\/wp-json\/wp\/v2\/categories?post=20198"},{"taxonomy":"post_tag","embeddable":true,"href":"https:\/\/serbia.com\/srpski\/wp-json\/wp\/v2\/tags?post=20198"}],"curies":[{"name":"wp","href":"https:\/\/api.w.org\/{rel}","templated":true}]}}