{"id":20193,"date":"2014-02-26T19:01:28","date_gmt":"2014-02-26T18:01:28","guid":{"rendered":"http:\/\/www.serbia.com\/?page_id=20193"},"modified":"2024-06-05T10:59:30","modified_gmt":"2024-06-05T08:59:30","slug":"muzika","status":"publish","type":"page","link":"https:\/\/serbia.com\/srpski\/o-srbiji\/kultura\/muzika\/","title":{"rendered":"Muzika"},"content":{"rendered":"<h2>Srbi sebe smatraju muzikalnim narodom, a pokri\u0107e za to nalaze u tome \u0161to muzika u Srbiji ima vekovno nasle\u0111e, nastalo me\u0161avinom uticaja zapada i istoka.<\/h2>\n<p>U Srbiji se od davnina ka\u017ee da \u201cko peva zlo ne misli\u201d, a sli\u010dno se gleda i na igranje. Ovda\u0161nja narodna muzika ima korene koji se mogu pratiti vi\u0161e od hiljadu godina unazad, dok je istorija klasi\u010dne muzike u Srbiji veoma kratka i po\u010dinje polovinom XIX veka.<\/p>\n<p>Istorijski gledano, na tradicionalnu ili \u201cizvornu\u201d muziku sa ovih prostora, uticala je naro\u010dito turska, ali i muzika Zapadne Evrope u poslednja dva veka. Pevalo se uvek i u svim prilikama, a pesme nastale u dalekoj pro\u0161losti, u polju pri radu ili na svetkovinama, prenosile su se od grla do grla uz zvuke svirala, truba, dobo\u0161a i gajdi i neke su se sa\u010duvale i do dana\u0161njih dana.<\/p>\n<p>Karakteristi\u010dni <a href=\"http:\/\/www.serbia.com\/srpski\/narodni-instrumenti-2\/\" target=\"_blank\" rel=\"noopener\">narodni instrumenti<\/a> u Srbiji su od davnina bile <a href=\"http:\/\/www.serbia.com\/srpski\/o-srbiji\/kultura\/nematerijalno-kulturno-nasledje-srbije\/nematerijalno-kulturno-naslede-kao-cuvar-srpskog-identiteta\/pevanje-uz-gusle\/\" target=\"_blank\" rel=\"noopener\">gusle<\/a> i <a href=\"http:\/\/www.serbia.com\/srpski\/o-srbiji\/kultura\/nematerijalno-kulturno-nasledje-srbije\/nematerijalno-kulturno-naslede-kao-cuvar-srpskog-identiteta\/frulaska-praksa\/\" target=\"_blank\" rel=\"noopener\">frula<\/a>, u Vojvodini tamburica. <a href=\"http:\/\/www.serbia.com\/srpski\/harmonika-mocna-kao-citav-orkestar\/\" target=\"_blank\" rel=\"noopener\">Harmonika<\/a> i violina, danas nezaobilazne na narodnim veseljima, do\u0161le su mnogo kasnije. Tako\u0111e, u Srbiji je veoma popularna i truba, a naro\u010dito takmi\u010denje truba\u010dkih orkestara. Najmasovnije se odigrava na <a href=\"http:\/\/www.serbia.com\/srpski\/posetite-srbiju\/kulturne-atrakcije\/festivali-i-manifestacije\/guca-festival-trube-i-dobrog-provoda\/\" target=\"_blank\" rel=\"noopener\">Saboru truba\u010da u Gu\u010di<\/a> i ne\u0161to je \u0161to ne bi trebalo propustiti ako u avgustu dolazite u Srbiju.<\/p>\n<p>Kao narodna igra Srbije poznato je <a href=\"http:\/\/www.serbia.com\/srpski\/o-srbiji\/kultura\/etno-naslede\/narodna-igra\/\" target=\"_blank\" rel=\"noopener\">kolo<\/a>, \u010dija se izvedba razlikuje od regiona do regiona, a najpoznatija su U\u017ei\u010dko kolo i Moravac.<\/p>\n<p>Mesto ra\u0111anja svetovne, popularne muzike u Srbiji oduvek je bila <a title=\"Kafana, centar \u017eivota u Srbiji\" href=\"http:\/\/www.serbia.com\/srpski\/posetite-srbiju\/provedi-se\/nocni-zivot\/kafana-centar-zivota-u-srbiji\/\" target=\"_blank\" rel=\"noopener\">kafana<\/a>. Ovde se okupljala umetni\u010dka i kulturna elita, ali ni generali ni ministri nisu bili retki gosti. Uz pi\u0107e i dobre specijalitete <a href=\"http:\/\/www.serbia.com\/srpski\/o-srbiji\/tradicionalna-kuhinja\/\" target=\"_blank\" rel=\"noopener\">tradicionalne kuhinje<\/a> nastajale su legendarne starogradske pesme, balade i \u0161ansone koje se i danas mogu \u010duti ako posetite neki od ovih objekata.<\/p>\n<p>Zabavna, pop i rok muzika u Srbiji nastaje pedesetih godina 20. veka, a veliku popularnost i orginalnost sti\u010de 30 godina kasnije.<\/p>\n<p>Radio, a onda i televizija ove prve \u201chitove\u201d preneli su na veliku scenu, a Srbija je u godinama koje su sledile pratila sve svetske muzi\u010dke tokove, pa tako danas ovde postoje svi muzi\u010dki \u017eanrovi \u2013 od narodne, starogradske, preko popa, roka, jedinstvenog turbo folka do repa, hip hopa, elektro i haus muzike.<\/p>\n<p>Godine 2008. videli smo <a title=\"Evrovizija u Beogradu\" href=\"http:\/\/www.serbia.com\/srpski\/eurosong-u-beogradu\/\">Evroviziju u Beogradu<\/a>, a <a title=\"Novi Sad\" href=\"http:\/\/www.serbia.com\/srpski\/posetite-srbiju\/gradovi\/novi-sad\/\" target=\"_blank\" rel=\"noopener\">Novi Sad<\/a> je ve\u0107 vi\u0161e od decenije grad <a title=\"EXIT festival, najbolji u regionu\" href=\"http:\/\/www.serbia.com\/srpski\/posetite-srbiju\/kulturne-atrakcije\/festivali-i-manifestacije\/exit-festival-najbolji-u-regionu\/\" target=\"_blank\" rel=\"noopener\">Exit<\/a> festivala koji je godinama progla\u0161avan za mesto najboljeg provoda u Evropi, a 2013. na European Festival Awards za <a href=\"http:\/\/www.serbia.com\/srpski\/exit-proglasen-za-najbolji-evropski-festival-za-2016\/\" target=\"_blank\" rel=\"noopener\">najbolji evropski muzi\u010dki festival<\/a>. Do\u0111ite i proverite za\u0161to!<\/p>\n<p>U Srbiji \u0107e svako na\u0107i muziku koja odgovara njegovima u\u0161ima. Potrebno je samo se opustiti i pa\u017eljivo slu\u0161ati. U muzi\u010dkoj raznolikosti koja ovde postoji, ba\u0161 va\u0161a pesma se mo\u017eda upravo sada svira na nekom beogradskom <a title=\"Splavovi, epicentri dobrog provoda\" href=\"http:\/\/www.serbia.com\/srpski\/posetite-srbiju\/provedi-se\/nocni-zivot\/splavovi-epicentri-dobrog-provoda\/\" target=\"_blank\" rel=\"noopener\">splavu<\/a>, poznatom novosadskom klubu ili dobroj staroj ni\u0161koj kafani. I \u010deka na vas!<\/p>\n","protected":false},"excerpt":{"rendered":"<p>Srbi sebe smatraju muzikalnim narodom, a pokri\u0107e za to nalaze u tome \u0161to muzika u Srbiji ima vekovno nasle\u0111e, nastalo me\u0161avinom uticaja zapada i istoka. U Srbiji se od davnina [&hellip;]<\/p>\n","protected":false},"author":9,"featured_media":17565,"parent":20159,"menu_order":0,"comment_status":"closed","ping_status":"open","template":"","meta":{"_acf_changed":false,"inline_featured_image":false,"_monsterinsights_skip_tracking":false,"_monsterinsights_sitenote_active":false,"_monsterinsights_sitenote_note":"","_monsterinsights_sitenote_category":0,"footnotes":""},"categories":[977],"tags":[],"class_list":["post-20193","page","type-page","status-publish","has-post-thumbnail","hentry","category-muzika-kultura-otkrijte-srbiju"],"acf":[],"yoast_head":"<!-- This site is optimized with the Yoast SEO plugin v23.8 - https:\/\/yoast.com\/wordpress\/plugins\/seo\/ -->\n<title>Muzika - Serbia.com<\/title>\n<meta name=\"robots\" content=\"index, follow, max-snippet:-1, max-image-preview:large, max-video-preview:-1\" \/>\n<link rel=\"canonical\" href=\"https:\/\/serbia.com\/srpski\/o-srbiji\/kultura\/muzika\/\" \/>\n<meta property=\"og:locale\" content=\"en_US\" \/>\n<meta property=\"og:type\" content=\"article\" \/>\n<meta property=\"og:title\" content=\"Muzika - Serbia.com\" \/>\n<meta property=\"og:description\" content=\"Srbi sebe smatraju muzikalnim narodom, a pokri\u0107e za to nalaze u tome \u0161to muzika u Srbiji ima vekovno nasle\u0111e, nastalo me\u0161avinom uticaja zapada i istoka. U Srbiji se od davnina [&hellip;]\" \/>\n<meta property=\"og:url\" content=\"https:\/\/serbia.com\/srpski\/o-srbiji\/kultura\/muzika\/\" \/>\n<meta property=\"og:site_name\" content=\"Serbia.com\" \/>\n<meta property=\"article:modified_time\" content=\"2024-06-05T08:59:30+00:00\" \/>\n<meta property=\"og:image\" content=\"https:\/\/serbia.com\/wp-content\/uploads\/2012\/12\/Instrument-busin-Homolje1-1024x8021-e1716295284951.jpg\" \/>\n\t<meta property=\"og:image:width\" content=\"1024\" \/>\n\t<meta property=\"og:image:height\" content=\"518\" \/>\n\t<meta property=\"og:image:type\" content=\"image\/jpeg\" \/>\n<meta name=\"twitter:label1\" content=\"Est. reading time\" \/>\n\t<meta name=\"twitter:data1\" content=\"3 minutes\" \/>\n<script type=\"application\/ld+json\" class=\"yoast-schema-graph\">{\"@context\":\"https:\/\/schema.org\",\"@graph\":[{\"@type\":\"WebPage\",\"@id\":\"https:\/\/serbia.com\/srpski\/o-srbiji\/kultura\/muzika\/\",\"url\":\"https:\/\/serbia.com\/srpski\/o-srbiji\/kultura\/muzika\/\",\"name\":\"Muzika - Serbia.com\",\"isPartOf\":{\"@id\":\"https:\/\/serbia.com\/#website\"},\"primaryImageOfPage\":{\"@id\":\"https:\/\/serbia.com\/srpski\/o-srbiji\/kultura\/muzika\/#primaryimage\"},\"image\":{\"@id\":\"https:\/\/serbia.com\/srpski\/o-srbiji\/kultura\/muzika\/#primaryimage\"},\"thumbnailUrl\":\"https:\/\/serbia.com\/wp-content\/uploads\/2012\/12\/Instrument-busin-Homolje1-1024x8021-e1716295284951.jpg\",\"datePublished\":\"2014-02-26T18:01:28+00:00\",\"dateModified\":\"2024-06-05T08:59:30+00:00\",\"breadcrumb\":{\"@id\":\"https:\/\/serbia.com\/srpski\/o-srbiji\/kultura\/muzika\/#breadcrumb\"},\"inLanguage\":\"srpski\",\"potentialAction\":[{\"@type\":\"ReadAction\",\"target\":[\"https:\/\/serbia.com\/srpski\/o-srbiji\/kultura\/muzika\/\"]}]},{\"@type\":\"ImageObject\",\"inLanguage\":\"srpski\",\"@id\":\"https:\/\/serbia.com\/srpski\/o-srbiji\/kultura\/muzika\/#primaryimage\",\"url\":\"https:\/\/serbia.com\/wp-content\/uploads\/2012\/12\/Instrument-busin-Homolje1-1024x8021-e1716295284951.jpg\",\"contentUrl\":\"https:\/\/serbia.com\/wp-content\/uploads\/2012\/12\/Instrument-busin-Homolje1-1024x8021-e1716295284951.jpg\",\"width\":1024,\"height\":518,\"caption\":\"Secrets of Homolje - the \\\"bu\u0161in\\\" music instrument\"},{\"@type\":\"BreadcrumbList\",\"@id\":\"https:\/\/serbia.com\/srpski\/o-srbiji\/kultura\/muzika\/#breadcrumb\",\"itemListElement\":[{\"@type\":\"ListItem\",\"position\":1,\"name\":\"Home\",\"item\":\"https:\/\/serbia.com\/srpski\/\"},{\"@type\":\"ListItem\",\"position\":2,\"name\":\"O Srbiji\",\"item\":\"https:\/\/serbia.com\/srpski\/o-srbiji\/\"},{\"@type\":\"ListItem\",\"position\":3,\"name\":\"Kultura\",\"item\":\"https:\/\/serbia.com\/srpski\/o-srbiji\/kultura\/\"},{\"@type\":\"ListItem\",\"position\":4,\"name\":\"Muzika\"}]},{\"@type\":\"WebSite\",\"@id\":\"https:\/\/serbia.com\/#website\",\"url\":\"https:\/\/serbia.com\/\",\"name\":\"Serbia.com\",\"description\":\"Your Gateway to Serbia\",\"potentialAction\":[{\"@type\":\"SearchAction\",\"target\":{\"@type\":\"EntryPoint\",\"urlTemplate\":\"https:\/\/serbia.com\/?s={search_term_string}\"},\"query-input\":{\"@type\":\"PropertyValueSpecification\",\"valueRequired\":true,\"valueName\":\"search_term_string\"}}],\"inLanguage\":\"srpski\"}]}<\/script>\n<!-- \/ Yoast SEO plugin. -->","yoast_head_json":{"title":"Muzika - Serbia.com","robots":{"index":"index","follow":"follow","max-snippet":"max-snippet:-1","max-image-preview":"max-image-preview:large","max-video-preview":"max-video-preview:-1"},"canonical":"https:\/\/serbia.com\/srpski\/o-srbiji\/kultura\/muzika\/","og_locale":"en_US","og_type":"article","og_title":"Muzika - Serbia.com","og_description":"Srbi sebe smatraju muzikalnim narodom, a pokri\u0107e za to nalaze u tome \u0161to muzika u Srbiji ima vekovno nasle\u0111e, nastalo me\u0161avinom uticaja zapada i istoka. U Srbiji se od davnina [&hellip;]","og_url":"https:\/\/serbia.com\/srpski\/o-srbiji\/kultura\/muzika\/","og_site_name":"Serbia.com","article_modified_time":"2024-06-05T08:59:30+00:00","og_image":[{"width":1024,"height":518,"url":"https:\/\/serbia.com\/wp-content\/uploads\/2012\/12\/Instrument-busin-Homolje1-1024x8021-e1716295284951.jpg","type":"image\/jpeg"}],"twitter_misc":{"Est. reading time":"3 minutes"},"schema":{"@context":"https:\/\/schema.org","@graph":[{"@type":"WebPage","@id":"https:\/\/serbia.com\/srpski\/o-srbiji\/kultura\/muzika\/","url":"https:\/\/serbia.com\/srpski\/o-srbiji\/kultura\/muzika\/","name":"Muzika - Serbia.com","isPartOf":{"@id":"https:\/\/serbia.com\/#website"},"primaryImageOfPage":{"@id":"https:\/\/serbia.com\/srpski\/o-srbiji\/kultura\/muzika\/#primaryimage"},"image":{"@id":"https:\/\/serbia.com\/srpski\/o-srbiji\/kultura\/muzika\/#primaryimage"},"thumbnailUrl":"https:\/\/serbia.com\/wp-content\/uploads\/2012\/12\/Instrument-busin-Homolje1-1024x8021-e1716295284951.jpg","datePublished":"2014-02-26T18:01:28+00:00","dateModified":"2024-06-05T08:59:30+00:00","breadcrumb":{"@id":"https:\/\/serbia.com\/srpski\/o-srbiji\/kultura\/muzika\/#breadcrumb"},"inLanguage":"srpski","potentialAction":[{"@type":"ReadAction","target":["https:\/\/serbia.com\/srpski\/o-srbiji\/kultura\/muzika\/"]}]},{"@type":"ImageObject","inLanguage":"srpski","@id":"https:\/\/serbia.com\/srpski\/o-srbiji\/kultura\/muzika\/#primaryimage","url":"https:\/\/serbia.com\/wp-content\/uploads\/2012\/12\/Instrument-busin-Homolje1-1024x8021-e1716295284951.jpg","contentUrl":"https:\/\/serbia.com\/wp-content\/uploads\/2012\/12\/Instrument-busin-Homolje1-1024x8021-e1716295284951.jpg","width":1024,"height":518,"caption":"Secrets of Homolje - the \"bu\u0161in\" music instrument"},{"@type":"BreadcrumbList","@id":"https:\/\/serbia.com\/srpski\/o-srbiji\/kultura\/muzika\/#breadcrumb","itemListElement":[{"@type":"ListItem","position":1,"name":"Home","item":"https:\/\/serbia.com\/srpski\/"},{"@type":"ListItem","position":2,"name":"O Srbiji","item":"https:\/\/serbia.com\/srpski\/o-srbiji\/"},{"@type":"ListItem","position":3,"name":"Kultura","item":"https:\/\/serbia.com\/srpski\/o-srbiji\/kultura\/"},{"@type":"ListItem","position":4,"name":"Muzika"}]},{"@type":"WebSite","@id":"https:\/\/serbia.com\/#website","url":"https:\/\/serbia.com\/","name":"Serbia.com","description":"Your Gateway to Serbia","potentialAction":[{"@type":"SearchAction","target":{"@type":"EntryPoint","urlTemplate":"https:\/\/serbia.com\/?s={search_term_string}"},"query-input":{"@type":"PropertyValueSpecification","valueRequired":true,"valueName":"search_term_string"}}],"inLanguage":"srpski"}]}},"_links":{"self":[{"href":"https:\/\/serbia.com\/srpski\/wp-json\/wp\/v2\/pages\/20193"}],"collection":[{"href":"https:\/\/serbia.com\/srpski\/wp-json\/wp\/v2\/pages"}],"about":[{"href":"https:\/\/serbia.com\/srpski\/wp-json\/wp\/v2\/types\/page"}],"author":[{"embeddable":true,"href":"https:\/\/serbia.com\/srpski\/wp-json\/wp\/v2\/users\/9"}],"replies":[{"embeddable":true,"href":"https:\/\/serbia.com\/srpski\/wp-json\/wp\/v2\/comments?post=20193"}],"version-history":[{"count":1,"href":"https:\/\/serbia.com\/srpski\/wp-json\/wp\/v2\/pages\/20193\/revisions"}],"predecessor-version":[{"id":53255,"href":"https:\/\/serbia.com\/srpski\/wp-json\/wp\/v2\/pages\/20193\/revisions\/53255"}],"up":[{"embeddable":true,"href":"https:\/\/serbia.com\/srpski\/wp-json\/wp\/v2\/pages\/20159"}],"wp:featuredmedia":[{"embeddable":true,"href":"https:\/\/serbia.com\/srpski\/wp-json\/wp\/v2\/media\/17565"}],"wp:attachment":[{"href":"https:\/\/serbia.com\/srpski\/wp-json\/wp\/v2\/media?parent=20193"}],"wp:term":[{"taxonomy":"category","embeddable":true,"href":"https:\/\/serbia.com\/srpski\/wp-json\/wp\/v2\/categories?post=20193"},{"taxonomy":"post_tag","embeddable":true,"href":"https:\/\/serbia.com\/srpski\/wp-json\/wp\/v2\/tags?post=20193"}],"curies":[{"name":"wp","href":"https:\/\/api.w.org\/{rel}","templated":true}]}}