{"id":20183,"date":"2014-02-26T18:56:09","date_gmt":"2014-02-26T17:56:09","guid":{"rendered":"http:\/\/www.serbia.com\/?page_id=20183"},"modified":"2024-06-04T15:55:01","modified_gmt":"2024-06-04T13:55:01","slug":"knjizevnost","status":"publish","type":"page","link":"https:\/\/serbia.com\/srpski\/o-srbiji\/kultura\/knjizevnost\/","title":{"rendered":"Knji\u017eevnost"},"content":{"rendered":"<h2>Srpska knji\u017eevnost, iznikla iz srednjovekovne narodne umetnosti, svojim bogatstvom stekla je vanvremenski zna\u010daj i priznanja, a specifi\u010dna je i po \u0107irili\u010dnom pismu gde jedan znak ozna\u010dava jedan glas.<\/h2>\n<p>Posebnost kojom je pro\u017eeta srpska knji\u017eevnost od samih za\u010detaka pa do danas obogatila je rasko\u0161nu ba\u0161tu svetske knji\u017eevnosti. Zbog toga je u UNESCO biblioteci \u201cPam\u0107enje sveta\u201d, me\u0111u najzna\u010dajnijim delima svetske knji\u017eevnosti na\u0161lo mesto i <a title=\"Miroslavljevo jevan\u0111elje, knjiga pisana zlatom\" href=\"http:\/\/www.serbia.com\/srpski\/miroslavljevo-jevandelje-knjiga-pisana-zlatom-2\/\">Miroslavljevo jevan\u0111elje<\/a> \u2013 prvi sa\u010duvani spomenik srpske pismenosti iz 12. veka. Tako\u0111e, srpska knji\u017eevnost se okitila i jednom Nobelovom nagradom za knji\u017eevnost, koju je za roman \u201cNa Drini \u0107uprija\u201d 1961. godine, dobio srpski pisac <a title=\"Ivo Andri\u0107, jedini srpski nobelovac\" href=\"http:\/\/www.serbia.com\/srpski\/ivo-andric-nobelovac-2\/\">Ivo Andri\u0107<\/a>.<\/p>\n<p>Srpska srednjovekovna knji\u017eevnost zapo\u010dela je prevodima dela sa gr\u010dkog, latinskog i drugih jezika. Njen razvoj vezuje se za nastank i sudbinu dr\u017eave. Najve\u0107i uticaj na razvoj srpske srednjovekovne knji\u017eevnosti imao je manastir <a title=\"Hilandar, manastir u dr\u017eavi pravoslavnih monaha\" href=\"http:\/\/www.serbia.com\/srpski\/hilandar-manastir-u-drzavi-pravoslavnih-monaha-2\/\">Hilandar<\/a> u Svetoj Gori, duhovnom sredi\u0161tu pravoslavnog sveta. U srpskoj srednjovekovnoj knji\u017eevnosti preovla\u0111uje retorska proza, dok su stihovi bili retki.<\/p>\n<p>Za vreme turske vladavine ovim prostorima, razvila se velika usmena epska i lirska knji\u017eevnost izuzetne lepote. Ona se prenosila sa \u201ckolena na koleno\u201d, usmenim putem, a najlep\u0161e su je pevali i pripovedali narodni peva\u010di uz gusle. Proizvod ma\u0161te narodnog umetnika ili zasnovane na stvarnim doga\u0111ajima kojima je onda svako pone\u0161to dodavao, pri\u010de i pesme srpskog naroda su jedinstvene lepote i plene svojom originalno\u0161\u0107u.<\/p>\n<p>Vi\u0161e legende nego <a href=\"http:\/\/www.serbia.com\/srpski\/o-srbiji\/istorija\/\" target=\"_blank\" rel=\"noopener\">istorija<\/a>, srpske epske pesme ovekove\u010dile su knji\u017eevnost sa ovih prostora kao zna\u010dajna obele\u017eja davno prohujalih vremena i opevale heroje dostojne ve\u010dnosti koje kroz pesme mogu da upoznaju i sada\u0161nje generacije.<\/p>\n<p>Narodne pesme, pri\u010de i verovanja, prikupio je i objavio <a title=\"Vuk Stefanovi\u0107 Karad\u017ei\u0107, otac savremenog srpskog jezika\" href=\"http:\/\/www.serbia.com\/srpski\/vuk-stefanovic-karadzic-otac-savremenog-srpskog-jezika\/\">Vuk Karad\u017ei\u0107<\/a>, slavni reformator srpskog pisma koji je uveo pravilo- jedno slovo ozna\u010dava jedan glas. Osim u Srbiji, danas se ovo pismo upotrebljava u jezicima nekolicine ju\u017enoslovenskih naroda.<\/p>\n<p>Zahvaljuju\u0107i Vuku Stefanovi\u0107u Karad\u017ei\u0107u, knji\u017eevna ba\u0161tina srpskog naroda poznata je i dana\u0161njim generacijama, a ve\u0107ina stanovni\u0161tva sa ovih prostora odrasla je slu\u0161aju\u0107i upravo ove pesme i pri\u010de.<\/p>\n<p>Tako je, prema predanju, jednom davno i Vuk Karad\u017ei\u0107 slavnom nema\u010dkom piscu Johanu Volfgangu Geteu ispri\u010dao pesmu \u201cHasanaginica\u201d, a Geteu se ona toliko svidela da je godine posvetio u\u010denju srpskog jezika ne bi li ovo remek-delo srpske narodne knji\u017eevnosti mogao da \u010dita u originalu.<\/p>\n<p>Jedan drugi knji\u017eevnik i nobelovac, Karl \u0160piteler za epske pesme sa ovih prostora je napisao: \u201cTako veli\u010danstvene epske pesme kao \u0161to su srpske, od Homerovog doba nije stvorio ni jedan drugi narod\u201d.<\/p>\n<p>Nova arheolo\u0161ka otkri\u0107a na lokalitetu <a title=\"Vin\u010da, kolevka evropske civilizacije\" href=\"http:\/\/www.serbia.com\/srpski\/posetite-srbiju\/kulturne-atrakcije\/arheoloska-nalazista\/vinca-kolevka-evropske-civilizacije\/\" target=\"_blank\" rel=\"noopener\">Vin\u010da<\/a> kod <a title=\"Beograd\" href=\"http:\/\/www.serbia.com\/srpski\/posetite-srbiju\/gradovi\/beograd\/\" target=\"_blank\" rel=\"noopener\">Beograda<\/a> navela su nau\u010dnike na diskusiju o pomeranju granice nastanka ljudskog pisma upravo na ove prostore. Naime, na ovom lokalitetu je otkriveno pismo koje poti\u010de iz 5.500 godine p.n.e. Utvr\u0111ena je sli\u010dnost 22 slova vin\u010danskog pisma sa \u0107irili\u010dnom azbukom, tako da se zaklju\u010duje da po\u010deci pismenosti u Srbiji datiraju iz ovog perioda.<\/p>\n<p>Ova rubrika \u0107e vas op\u0161irnije upoznati sa srpskom knji\u017eevno\u0161\u0107u i njenim biserima za koje smo sigurni da \u0107e, ukoliko ste ljubitelj pisane re\u010di, ostaviti na vas sna\u017ean utisak!<\/p>\n","protected":false},"excerpt":{"rendered":"<p>Srpska knji\u017eevnost, iznikla iz srednjovekovne narodne umetnosti, svojim bogatstvom stekla je vanvremenski zna\u010daj i priznanja, a specifi\u010dna je i po \u0107irili\u010dnom pismu gde jedan znak ozna\u010dava jedan glas. Posebnost kojom [&hellip;]<\/p>\n","protected":false},"author":9,"featured_media":30565,"parent":20159,"menu_order":0,"comment_status":"closed","ping_status":"open","template":"","meta":{"_acf_changed":false,"inline_featured_image":false,"_monsterinsights_skip_tracking":false,"_monsterinsights_sitenote_active":false,"_monsterinsights_sitenote_note":"","_monsterinsights_sitenote_category":0,"footnotes":""},"categories":[979],"tags":[2462,4874],"class_list":["post-20183","page","type-page","status-publish","has-post-thumbnail","hentry","category-knjizevnost-kultura-otkrijte-srbiju","tag-knjizevnost-srpski-en","tag-srpska-knjizevnost"],"acf":[],"yoast_head":"<!-- This site is optimized with the Yoast SEO plugin v27.4 - https:\/\/yoast.com\/product\/yoast-seo-wordpress\/ -->\n<title>Knji\u017eevnost - Serbia.com<\/title>\n<meta name=\"robots\" content=\"index, follow, max-snippet:-1, max-image-preview:large, max-video-preview:-1\" \/>\n<link rel=\"canonical\" href=\"https:\/\/serbia.com\/srpski\/o-srbiji\/kultura\/knjizevnost\/\" \/>\n<meta property=\"og:locale\" content=\"en_US\" \/>\n<meta property=\"og:type\" content=\"article\" \/>\n<meta property=\"og:title\" content=\"Knji\u017eevnost - Serbia.com\" \/>\n<meta property=\"og:description\" content=\"Srpska knji\u017eevnost, iznikla iz srednjovekovne narodne umetnosti, svojim bogatstvom stekla je vanvremenski zna\u010daj i priznanja, a specifi\u010dna je i po \u0107irili\u010dnom pismu gde jedan znak ozna\u010dava jedan glas. Posebnost kojom [&hellip;]\" \/>\n<meta property=\"og:url\" content=\"https:\/\/serbia.com\/srpski\/o-srbiji\/kultura\/knjizevnost\/\" \/>\n<meta property=\"og:site_name\" content=\"Serbia.com\" \/>\n<meta property=\"article:modified_time\" content=\"2024-06-04T13:55:01+00:00\" \/>\n<meta property=\"og:image\" content=\"https:\/\/serbia.com\/wp-content\/uploads\/2015\/04\/Miroslavs_Gospel_serbia.jpg\" \/>\n\t<meta property=\"og:image:width\" content=\"1600\" \/>\n\t<meta property=\"og:image:height\" content=\"751\" \/>\n\t<meta property=\"og:image:type\" content=\"image\/jpeg\" \/>\n<meta name=\"twitter:label1\" content=\"Est. reading time\" \/>\n\t<meta name=\"twitter:data1\" content=\"3 minutes\" \/>\n<script type=\"application\/ld+json\" class=\"yoast-schema-graph\">{\"@context\":\"https:\\\/\\\/schema.org\",\"@graph\":[{\"@type\":\"WebPage\",\"@id\":\"https:\\\/\\\/serbia.com\\\/srpski\\\/o-srbiji\\\/kultura\\\/knjizevnost\\\/\",\"url\":\"https:\\\/\\\/serbia.com\\\/srpski\\\/o-srbiji\\\/kultura\\\/knjizevnost\\\/\",\"name\":\"Knji\u017eevnost - Serbia.com\",\"isPartOf\":{\"@id\":\"https:\\\/\\\/serbia.com\\\/#website\"},\"primaryImageOfPage\":{\"@id\":\"https:\\\/\\\/serbia.com\\\/srpski\\\/o-srbiji\\\/kultura\\\/knjizevnost\\\/#primaryimage\"},\"image\":{\"@id\":\"https:\\\/\\\/serbia.com\\\/srpski\\\/o-srbiji\\\/kultura\\\/knjizevnost\\\/#primaryimage\"},\"thumbnailUrl\":\"https:\\\/\\\/serbia.com\\\/wp-content\\\/uploads\\\/2015\\\/04\\\/Miroslavs_Gospel_serbia.jpg\",\"datePublished\":\"2014-02-26T17:56:09+00:00\",\"dateModified\":\"2024-06-04T13:55:01+00:00\",\"breadcrumb\":{\"@id\":\"https:\\\/\\\/serbia.com\\\/srpski\\\/o-srbiji\\\/kultura\\\/knjizevnost\\\/#breadcrumb\"},\"inLanguage\":\"srpski\",\"potentialAction\":[{\"@type\":\"ReadAction\",\"target\":[\"https:\\\/\\\/serbia.com\\\/srpski\\\/o-srbiji\\\/kultura\\\/knjizevnost\\\/\"]}]},{\"@type\":\"ImageObject\",\"inLanguage\":\"srpski\",\"@id\":\"https:\\\/\\\/serbia.com\\\/srpski\\\/o-srbiji\\\/kultura\\\/knjizevnost\\\/#primaryimage\",\"url\":\"https:\\\/\\\/serbia.com\\\/wp-content\\\/uploads\\\/2015\\\/04\\\/Miroslavs_Gospel_serbia.jpg\",\"contentUrl\":\"https:\\\/\\\/serbia.com\\\/wp-content\\\/uploads\\\/2015\\\/04\\\/Miroslavs_Gospel_serbia.jpg\",\"width\":1600,\"height\":751},{\"@type\":\"BreadcrumbList\",\"@id\":\"https:\\\/\\\/serbia.com\\\/srpski\\\/o-srbiji\\\/kultura\\\/knjizevnost\\\/#breadcrumb\",\"itemListElement\":[{\"@type\":\"ListItem\",\"position\":1,\"name\":\"Home\",\"item\":\"https:\\\/\\\/serbia.com\\\/srpski\\\/\"},{\"@type\":\"ListItem\",\"position\":2,\"name\":\"O Srbiji\",\"item\":\"https:\\\/\\\/serbia.com\\\/srpski\\\/o-srbiji\\\/\"},{\"@type\":\"ListItem\",\"position\":3,\"name\":\"Kultura\",\"item\":\"https:\\\/\\\/serbia.com\\\/srpski\\\/o-srbiji\\\/kultura\\\/\"},{\"@type\":\"ListItem\",\"position\":4,\"name\":\"Knji\u017eevnost\"}]},{\"@type\":\"WebSite\",\"@id\":\"https:\\\/\\\/serbia.com\\\/#website\",\"url\":\"https:\\\/\\\/serbia.com\\\/\",\"name\":\"Serbia.com\",\"description\":\"Your Gateway to Serbia\",\"potentialAction\":[{\"@type\":\"SearchAction\",\"target\":{\"@type\":\"EntryPoint\",\"urlTemplate\":\"https:\\\/\\\/serbia.com\\\/?s={search_term_string}\"},\"query-input\":{\"@type\":\"PropertyValueSpecification\",\"valueRequired\":true,\"valueName\":\"search_term_string\"}}],\"inLanguage\":\"srpski\"}]}<\/script>\n<!-- \/ Yoast SEO plugin. -->","yoast_head_json":{"title":"Knji\u017eevnost - Serbia.com","robots":{"index":"index","follow":"follow","max-snippet":"max-snippet:-1","max-image-preview":"max-image-preview:large","max-video-preview":"max-video-preview:-1"},"canonical":"https:\/\/serbia.com\/srpski\/o-srbiji\/kultura\/knjizevnost\/","og_locale":"en_US","og_type":"article","og_title":"Knji\u017eevnost - Serbia.com","og_description":"Srpska knji\u017eevnost, iznikla iz srednjovekovne narodne umetnosti, svojim bogatstvom stekla je vanvremenski zna\u010daj i priznanja, a specifi\u010dna je i po \u0107irili\u010dnom pismu gde jedan znak ozna\u010dava jedan glas. Posebnost kojom [&hellip;]","og_url":"https:\/\/serbia.com\/srpski\/o-srbiji\/kultura\/knjizevnost\/","og_site_name":"Serbia.com","article_modified_time":"2024-06-04T13:55:01+00:00","og_image":[{"width":1600,"height":751,"url":"https:\/\/serbia.com\/wp-content\/uploads\/2015\/04\/Miroslavs_Gospel_serbia.jpg","type":"image\/jpeg"}],"twitter_misc":{"Est. reading time":"3 minutes"},"schema":{"@context":"https:\/\/schema.org","@graph":[{"@type":"WebPage","@id":"https:\/\/serbia.com\/srpski\/o-srbiji\/kultura\/knjizevnost\/","url":"https:\/\/serbia.com\/srpski\/o-srbiji\/kultura\/knjizevnost\/","name":"Knji\u017eevnost - Serbia.com","isPartOf":{"@id":"https:\/\/serbia.com\/#website"},"primaryImageOfPage":{"@id":"https:\/\/serbia.com\/srpski\/o-srbiji\/kultura\/knjizevnost\/#primaryimage"},"image":{"@id":"https:\/\/serbia.com\/srpski\/o-srbiji\/kultura\/knjizevnost\/#primaryimage"},"thumbnailUrl":"https:\/\/serbia.com\/wp-content\/uploads\/2015\/04\/Miroslavs_Gospel_serbia.jpg","datePublished":"2014-02-26T17:56:09+00:00","dateModified":"2024-06-04T13:55:01+00:00","breadcrumb":{"@id":"https:\/\/serbia.com\/srpski\/o-srbiji\/kultura\/knjizevnost\/#breadcrumb"},"inLanguage":"srpski","potentialAction":[{"@type":"ReadAction","target":["https:\/\/serbia.com\/srpski\/o-srbiji\/kultura\/knjizevnost\/"]}]},{"@type":"ImageObject","inLanguage":"srpski","@id":"https:\/\/serbia.com\/srpski\/o-srbiji\/kultura\/knjizevnost\/#primaryimage","url":"https:\/\/serbia.com\/wp-content\/uploads\/2015\/04\/Miroslavs_Gospel_serbia.jpg","contentUrl":"https:\/\/serbia.com\/wp-content\/uploads\/2015\/04\/Miroslavs_Gospel_serbia.jpg","width":1600,"height":751},{"@type":"BreadcrumbList","@id":"https:\/\/serbia.com\/srpski\/o-srbiji\/kultura\/knjizevnost\/#breadcrumb","itemListElement":[{"@type":"ListItem","position":1,"name":"Home","item":"https:\/\/serbia.com\/srpski\/"},{"@type":"ListItem","position":2,"name":"O Srbiji","item":"https:\/\/serbia.com\/srpski\/o-srbiji\/"},{"@type":"ListItem","position":3,"name":"Kultura","item":"https:\/\/serbia.com\/srpski\/o-srbiji\/kultura\/"},{"@type":"ListItem","position":4,"name":"Knji\u017eevnost"}]},{"@type":"WebSite","@id":"https:\/\/serbia.com\/#website","url":"https:\/\/serbia.com\/","name":"Serbia.com","description":"Your Gateway to Serbia","potentialAction":[{"@type":"SearchAction","target":{"@type":"EntryPoint","urlTemplate":"https:\/\/serbia.com\/?s={search_term_string}"},"query-input":{"@type":"PropertyValueSpecification","valueRequired":true,"valueName":"search_term_string"}}],"inLanguage":"srpski"}]}},"brizy_media":[],"_links":{"self":[{"href":"https:\/\/serbia.com\/srpski\/wp-json\/wp\/v2\/pages\/20183","targetHints":{"allow":["GET"]}}],"collection":[{"href":"https:\/\/serbia.com\/srpski\/wp-json\/wp\/v2\/pages"}],"about":[{"href":"https:\/\/serbia.com\/srpski\/wp-json\/wp\/v2\/types\/page"}],"author":[{"embeddable":true,"href":"https:\/\/serbia.com\/srpski\/wp-json\/wp\/v2\/users\/9"}],"replies":[{"embeddable":true,"href":"https:\/\/serbia.com\/srpski\/wp-json\/wp\/v2\/comments?post=20183"}],"version-history":[{"count":1,"href":"https:\/\/serbia.com\/srpski\/wp-json\/wp\/v2\/pages\/20183\/revisions"}],"predecessor-version":[{"id":53228,"href":"https:\/\/serbia.com\/srpski\/wp-json\/wp\/v2\/pages\/20183\/revisions\/53228"}],"up":[{"embeddable":true,"href":"https:\/\/serbia.com\/srpski\/wp-json\/wp\/v2\/pages\/20159"}],"wp:featuredmedia":[{"embeddable":true,"href":"https:\/\/serbia.com\/srpski\/wp-json\/wp\/v2\/media\/30565"}],"wp:attachment":[{"href":"https:\/\/serbia.com\/srpski\/wp-json\/wp\/v2\/media?parent=20183"}],"wp:term":[{"taxonomy":"category","embeddable":true,"href":"https:\/\/serbia.com\/srpski\/wp-json\/wp\/v2\/categories?post=20183"},{"taxonomy":"post_tag","embeddable":true,"href":"https:\/\/serbia.com\/srpski\/wp-json\/wp\/v2\/tags?post=20183"}],"curies":[{"name":"wp","href":"https:\/\/api.w.org\/{rel}","templated":true}]}}