{"id":20162,"date":"2014-02-26T18:49:49","date_gmt":"2014-02-26T17:49:49","guid":{"rendered":"http:\/\/www.serbia.com\/?page_id=20162"},"modified":"2024-06-04T16:15:02","modified_gmt":"2024-06-04T14:15:02","slug":"etno-naslede","status":"publish","type":"page","link":"https:\/\/serbia.com\/srpski\/o-srbiji\/kultura\/etno-naslede\/","title":{"rendered":"Etno nasle\u0111e"},"content":{"rendered":"<h2>Vredan deo srpske kulture \u010dini ento nasle\u0111e, bogata i jedinstvena tradicija zemlje koja se ogleda u <a title=\"Obi\u010daji u Srbiji: rituali od pre Hrista\" href=\"http:\/\/www.serbia.com\/srpski\/etno-naslede-srbije-rituali-od-pre-hrista\/\">obi\u010dajima<\/a> i vrednostima karaktreristi\u010dnim samo za ovo podneblje.<\/h2>\n<p>Drevni obi\u010daji, rituali i verovanja i danas \u017eive u Srbiji, posebno u manjim i seoskim sredinama. Neke tradicije se nikada nisu ugasile i mnoge predstavljaju srpsku posebnost, poput <a title=\"Krsna slava kao \u010duvar srpskog identiteta\" href=\"http:\/\/www.serbia.com\/srpski\/krsna-slava-kao-cuvar-srpskog-identiteta\/\">slave<\/a>, slavljenja porodi\u010dnog sveca koja \u0107e se uskoro na\u0107i na reprezentativnoj listi <a title=\"Nematerijalno kulturno nasledje Srbije\" href=\"http:\/\/www.serbia.com\/srpski\/o-srbiji\/kultura\/nematerijalno-kulturno-nasledje-srbije\/\">nematerijalnog kulturnog nasledja<\/a> \u010dove\u010danstva koju formira organizacija UNESCO.<\/p>\n<p>Srpski <a title=\"Narodni instrumenti\" href=\"http:\/\/www.serbia.com\/srpski\/narodni-instrumenti-2\/\">narodni instrumenti<\/a>, igre, no\u0161nje, <a title=\"Stari zanati, ve\u0161tine majstora iz davnina\" href=\"http:\/\/www.serbia.com\/srpski\/stari-zanati-vestine-majstora-iz-davnina-2\/\">stari zanati<\/a>, legende, mitovi i obi\u010daji \u010duvaju srpsku tradiciju od zaborava, a ukoliko \u017eelite da upoznate duh srpskog naroda, najbolje je da po\u0111ete upravo od bogatog etno nasle\u0111a.<\/p>\n","protected":false},"excerpt":{"rendered":"<p>Vredan deo srpske kulture \u010dini ento nasle\u0111e, bogata i jedinstvena tradicija zemlje koja se ogleda u obi\u010dajima i vrednostima karaktreristi\u010dnim samo za ovo podneblje. Drevni obi\u010daji, rituali i verovanja i [&hellip;]<\/p>\n","protected":false},"author":17,"featured_media":17581,"parent":20159,"menu_order":0,"comment_status":"closed","ping_status":"open","template":"","meta":{"_acf_changed":false,"inline_featured_image":false,"_monsterinsights_skip_tracking":false,"_monsterinsights_sitenote_active":false,"_monsterinsights_sitenote_note":"","_monsterinsights_sitenote_category":0,"footnotes":""},"categories":[973,3352],"tags":[],"class_list":["post-20162","page","type-page","status-publish","has-post-thumbnail","hentry","category-etno-nasledje","category-nematerijalno-kulturno-naslede"],"acf":[],"yoast_head":"<!-- This site is optimized with the Yoast SEO plugin v23.8 - https:\/\/yoast.com\/wordpress\/plugins\/seo\/ -->\n<title>Etno nasle\u0111e - Serbia.com<\/title>\n<meta name=\"robots\" content=\"index, follow, max-snippet:-1, max-image-preview:large, max-video-preview:-1\" \/>\n<link rel=\"canonical\" href=\"https:\/\/serbia.com\/srpski\/o-srbiji\/kultura\/etno-naslede\/\" \/>\n<meta property=\"og:locale\" content=\"en_US\" \/>\n<meta property=\"og:type\" content=\"article\" \/>\n<meta property=\"og:title\" content=\"Etno nasle\u0111e - Serbia.com\" \/>\n<meta property=\"og:description\" content=\"Vredan deo srpske kulture \u010dini ento nasle\u0111e, bogata i jedinstvena tradicija zemlje koja se ogleda u obi\u010dajima i vrednostima karaktreristi\u010dnim samo za ovo podneblje. Drevni obi\u010daji, rituali i verovanja i [&hellip;]\" \/>\n<meta property=\"og:url\" content=\"https:\/\/serbia.com\/srpski\/o-srbiji\/kultura\/etno-naslede\/\" \/>\n<meta property=\"og:site_name\" content=\"Serbia.com\" \/>\n<meta property=\"article:modified_time\" content=\"2024-06-04T14:15:02+00:00\" \/>\n<meta property=\"og:image\" content=\"https:\/\/serbia.com\/wp-content\/uploads\/2012\/12\/Prigrevica-takmicenje-frulasa1-1024x6461.jpg\" \/>\n\t<meta property=\"og:image:width\" content=\"1024\" \/>\n\t<meta property=\"og:image:height\" content=\"646\" \/>\n\t<meta property=\"og:image:type\" content=\"image\/jpeg\" \/>\n<meta name=\"twitter:label1\" content=\"Est. reading time\" \/>\n\t<meta name=\"twitter:data1\" content=\"1 minute\" \/>\n<script type=\"application\/ld+json\" class=\"yoast-schema-graph\">{\"@context\":\"https:\/\/schema.org\",\"@graph\":[{\"@type\":\"WebPage\",\"@id\":\"https:\/\/serbia.com\/srpski\/o-srbiji\/kultura\/etno-naslede\/\",\"url\":\"https:\/\/serbia.com\/srpski\/o-srbiji\/kultura\/etno-naslede\/\",\"name\":\"Etno nasle\u0111e - Serbia.com\",\"isPartOf\":{\"@id\":\"https:\/\/serbia.com\/#website\"},\"primaryImageOfPage\":{\"@id\":\"https:\/\/serbia.com\/srpski\/o-srbiji\/kultura\/etno-naslede\/#primaryimage\"},\"image\":{\"@id\":\"https:\/\/serbia.com\/srpski\/o-srbiji\/kultura\/etno-naslede\/#primaryimage\"},\"thumbnailUrl\":\"https:\/\/serbia.com\/wp-content\/uploads\/2012\/12\/Prigrevica-takmicenje-frulasa1-1024x6461.jpg\",\"datePublished\":\"2014-02-26T17:49:49+00:00\",\"dateModified\":\"2024-06-04T14:15:02+00:00\",\"breadcrumb\":{\"@id\":\"https:\/\/serbia.com\/srpski\/o-srbiji\/kultura\/etno-naslede\/#breadcrumb\"},\"inLanguage\":\"srpski\",\"potentialAction\":[{\"@type\":\"ReadAction\",\"target\":[\"https:\/\/serbia.com\/srpski\/o-srbiji\/kultura\/etno-naslede\/\"]}]},{\"@type\":\"ImageObject\",\"inLanguage\":\"srpski\",\"@id\":\"https:\/\/serbia.com\/srpski\/o-srbiji\/kultura\/etno-naslede\/#primaryimage\",\"url\":\"https:\/\/serbia.com\/wp-content\/uploads\/2012\/12\/Prigrevica-takmicenje-frulasa1-1024x6461.jpg\",\"contentUrl\":\"https:\/\/serbia.com\/wp-content\/uploads\/2012\/12\/Prigrevica-takmicenje-frulasa1-1024x6461.jpg\",\"width\":1024,\"height\":646,\"caption\":\"Traditional frula competition in the village of Prigrevica near Apatin\"},{\"@type\":\"BreadcrumbList\",\"@id\":\"https:\/\/serbia.com\/srpski\/o-srbiji\/kultura\/etno-naslede\/#breadcrumb\",\"itemListElement\":[{\"@type\":\"ListItem\",\"position\":1,\"name\":\"Home\",\"item\":\"https:\/\/serbia.com\/srpski\/\"},{\"@type\":\"ListItem\",\"position\":2,\"name\":\"O Srbiji\",\"item\":\"https:\/\/serbia.com\/srpski\/o-srbiji\/\"},{\"@type\":\"ListItem\",\"position\":3,\"name\":\"Kultura\",\"item\":\"https:\/\/serbia.com\/srpski\/o-srbiji\/kultura\/\"},{\"@type\":\"ListItem\",\"position\":4,\"name\":\"Etno nasle\u0111e\"}]},{\"@type\":\"WebSite\",\"@id\":\"https:\/\/serbia.com\/#website\",\"url\":\"https:\/\/serbia.com\/\",\"name\":\"Serbia.com\",\"description\":\"Your Gateway to Serbia\",\"potentialAction\":[{\"@type\":\"SearchAction\",\"target\":{\"@type\":\"EntryPoint\",\"urlTemplate\":\"https:\/\/serbia.com\/?s={search_term_string}\"},\"query-input\":{\"@type\":\"PropertyValueSpecification\",\"valueRequired\":true,\"valueName\":\"search_term_string\"}}],\"inLanguage\":\"srpski\"}]}<\/script>\n<!-- \/ Yoast SEO plugin. -->","yoast_head_json":{"title":"Etno nasle\u0111e - Serbia.com","robots":{"index":"index","follow":"follow","max-snippet":"max-snippet:-1","max-image-preview":"max-image-preview:large","max-video-preview":"max-video-preview:-1"},"canonical":"https:\/\/serbia.com\/srpski\/o-srbiji\/kultura\/etno-naslede\/","og_locale":"en_US","og_type":"article","og_title":"Etno nasle\u0111e - Serbia.com","og_description":"Vredan deo srpske kulture \u010dini ento nasle\u0111e, bogata i jedinstvena tradicija zemlje koja se ogleda u obi\u010dajima i vrednostima karaktreristi\u010dnim samo za ovo podneblje. Drevni obi\u010daji, rituali i verovanja i [&hellip;]","og_url":"https:\/\/serbia.com\/srpski\/o-srbiji\/kultura\/etno-naslede\/","og_site_name":"Serbia.com","article_modified_time":"2024-06-04T14:15:02+00:00","og_image":[{"width":1024,"height":646,"url":"https:\/\/serbia.com\/wp-content\/uploads\/2012\/12\/Prigrevica-takmicenje-frulasa1-1024x6461.jpg","type":"image\/jpeg"}],"twitter_misc":{"Est. reading time":"1 minute"},"schema":{"@context":"https:\/\/schema.org","@graph":[{"@type":"WebPage","@id":"https:\/\/serbia.com\/srpski\/o-srbiji\/kultura\/etno-naslede\/","url":"https:\/\/serbia.com\/srpski\/o-srbiji\/kultura\/etno-naslede\/","name":"Etno nasle\u0111e - Serbia.com","isPartOf":{"@id":"https:\/\/serbia.com\/#website"},"primaryImageOfPage":{"@id":"https:\/\/serbia.com\/srpski\/o-srbiji\/kultura\/etno-naslede\/#primaryimage"},"image":{"@id":"https:\/\/serbia.com\/srpski\/o-srbiji\/kultura\/etno-naslede\/#primaryimage"},"thumbnailUrl":"https:\/\/serbia.com\/wp-content\/uploads\/2012\/12\/Prigrevica-takmicenje-frulasa1-1024x6461.jpg","datePublished":"2014-02-26T17:49:49+00:00","dateModified":"2024-06-04T14:15:02+00:00","breadcrumb":{"@id":"https:\/\/serbia.com\/srpski\/o-srbiji\/kultura\/etno-naslede\/#breadcrumb"},"inLanguage":"srpski","potentialAction":[{"@type":"ReadAction","target":["https:\/\/serbia.com\/srpski\/o-srbiji\/kultura\/etno-naslede\/"]}]},{"@type":"ImageObject","inLanguage":"srpski","@id":"https:\/\/serbia.com\/srpski\/o-srbiji\/kultura\/etno-naslede\/#primaryimage","url":"https:\/\/serbia.com\/wp-content\/uploads\/2012\/12\/Prigrevica-takmicenje-frulasa1-1024x6461.jpg","contentUrl":"https:\/\/serbia.com\/wp-content\/uploads\/2012\/12\/Prigrevica-takmicenje-frulasa1-1024x6461.jpg","width":1024,"height":646,"caption":"Traditional frula competition in the village of Prigrevica near Apatin"},{"@type":"BreadcrumbList","@id":"https:\/\/serbia.com\/srpski\/o-srbiji\/kultura\/etno-naslede\/#breadcrumb","itemListElement":[{"@type":"ListItem","position":1,"name":"Home","item":"https:\/\/serbia.com\/srpski\/"},{"@type":"ListItem","position":2,"name":"O Srbiji","item":"https:\/\/serbia.com\/srpski\/o-srbiji\/"},{"@type":"ListItem","position":3,"name":"Kultura","item":"https:\/\/serbia.com\/srpski\/o-srbiji\/kultura\/"},{"@type":"ListItem","position":4,"name":"Etno nasle\u0111e"}]},{"@type":"WebSite","@id":"https:\/\/serbia.com\/#website","url":"https:\/\/serbia.com\/","name":"Serbia.com","description":"Your Gateway to Serbia","potentialAction":[{"@type":"SearchAction","target":{"@type":"EntryPoint","urlTemplate":"https:\/\/serbia.com\/?s={search_term_string}"},"query-input":{"@type":"PropertyValueSpecification","valueRequired":true,"valueName":"search_term_string"}}],"inLanguage":"srpski"}]}},"_links":{"self":[{"href":"https:\/\/serbia.com\/srpski\/wp-json\/wp\/v2\/pages\/20162"}],"collection":[{"href":"https:\/\/serbia.com\/srpski\/wp-json\/wp\/v2\/pages"}],"about":[{"href":"https:\/\/serbia.com\/srpski\/wp-json\/wp\/v2\/types\/page"}],"author":[{"embeddable":true,"href":"https:\/\/serbia.com\/srpski\/wp-json\/wp\/v2\/users\/17"}],"replies":[{"embeddable":true,"href":"https:\/\/serbia.com\/srpski\/wp-json\/wp\/v2\/comments?post=20162"}],"version-history":[{"count":1,"href":"https:\/\/serbia.com\/srpski\/wp-json\/wp\/v2\/pages\/20162\/revisions"}],"predecessor-version":[{"id":53249,"href":"https:\/\/serbia.com\/srpski\/wp-json\/wp\/v2\/pages\/20162\/revisions\/53249"}],"up":[{"embeddable":true,"href":"https:\/\/serbia.com\/srpski\/wp-json\/wp\/v2\/pages\/20159"}],"wp:featuredmedia":[{"embeddable":true,"href":"https:\/\/serbia.com\/srpski\/wp-json\/wp\/v2\/media\/17581"}],"wp:attachment":[{"href":"https:\/\/serbia.com\/srpski\/wp-json\/wp\/v2\/media?parent=20162"}],"wp:term":[{"taxonomy":"category","embeddable":true,"href":"https:\/\/serbia.com\/srpski\/wp-json\/wp\/v2\/categories?post=20162"},{"taxonomy":"post_tag","embeddable":true,"href":"https:\/\/serbia.com\/srpski\/wp-json\/wp\/v2\/tags?post=20162"}],"curies":[{"name":"wp","href":"https:\/\/api.w.org\/{rel}","templated":true}]}}