{"id":20144,"date":"2014-02-26T18:37:38","date_gmt":"2014-02-26T17:37:38","guid":{"rendered":"http:\/\/www.serbia.com\/?page_id=20144"},"modified":"2024-06-04T15:58:12","modified_gmt":"2024-06-04T13:58:12","slug":"o-srbiji","status":"publish","type":"page","link":"https:\/\/serbia.com\/srpski\/o-srbiji\/","title":{"rendered":"O Srbiji"},"content":{"rendered":"<h2>Srbija je zemlja jugoisto\u010dne Evrope, sme\u0161tena u srcu Balkanskog poluostrva u kojoj me\u0111u 7 miliona stanovnika uglavnom \u017eive Srbi ali i pripadnici neke od 40 razli\u010ditih nacionalnih zajednica.<\/h2>\n<p>Kao zemlja gostoljubivih ljudi, temperamentnih veseljaka sportskog duha, bo\u017eanstvene priode, neobi\u010dne tradicije i velikog kulturnog nasle\u0111a koje \u010dini bogatijom celukpnu evropsku kulturnu ba\u0161tinu, Srbija je jedna od onih ta\u010dki na karti sveta koju morate otkriti i do\u017eeviti.<\/p>\n<p>Na ovoj strani mo\u017eete prona\u0107i osnovne, korisne informacije o Srbiji, njenoj <a href=\"http:\/\/www.serbia.com\/srpski\/o-srbiji\/istorija\/\" target=\"_blank\" rel=\"noopener\">istoriji<\/a>, <a href=\"http:\/\/www.serbia.com\/srpski\/o-srbiji\/kultura\/\" target=\"_blank\" rel=\"noopener\">kulturi<\/a>, <a href=\"http:\/\/www.serbia.com\/srpski\/o-srbiji\/kultura\/etno-naslede\/\" target=\"_blank\" rel=\"noopener\">tradiciji<\/a>, <a href=\"http:\/\/www.serbia.com\/srpski\/o-srbiji\/narod-srbije\/\" target=\"_blank\" rel=\"noopener\">slavnim gra\u0111anima<\/a>, <a href=\"_wp_link_placeholder\" data-wplink-edit=\"true\">srpskom sportu<\/a>, <a href=\"http:\/\/www.serbia.com\/srpski\/o-srbiji\/tradicionalna-kuhinja\/\" target=\"_blank\" rel=\"noopener\">srpskoj kuhinji<\/a>, ali i brojne zanimljivosti iz pro\u0161losti i sada\u0161njosti ove interesantne balkanske dr\u017eave.<\/p>\n","protected":false},"excerpt":{"rendered":"<p>Srbija je zemlja jugoisto\u010dne Evrope, sme\u0161tena u srcu Balkanskog poluostrva u kojoj me\u0111u 7 miliona stanovnika uglavnom \u017eive Srbi ali i pripadnici neke od 40 razli\u010ditih nacionalnih zajednica. Kao zemlja [&hellip;]<\/p>\n","protected":false},"author":9,"featured_media":35149,"parent":0,"menu_order":0,"comment_status":"closed","ping_status":"open","template":"","meta":{"_acf_changed":false,"inline_featured_image":false,"_monsterinsights_skip_tracking":false,"_monsterinsights_sitenote_active":false,"_monsterinsights_sitenote_note":"","_monsterinsights_sitenote_category":0,"footnotes":""},"categories":[959],"tags":[],"class_list":["post-20144","page","type-page","status-publish","has-post-thumbnail","hentry","category-o-srbiji"],"acf":[],"yoast_head":"<!-- This site is optimized with the Yoast SEO plugin v27.4 - https:\/\/yoast.com\/product\/yoast-seo-wordpress\/ -->\n<title>O Srbiji - Serbia.com<\/title>\n<meta name=\"description\" content=\"Srbija je zemlja jugoisto\u010dne Evrope, sme\u0161tena u srcu Balkanskog poluostrva u kojoj me\u0111u 7 miliona stanovnika uglavnom \u017eive Srbi ali i pripadnici neke od 40 razli\u010ditih nacionalnih zajednica.\" \/>\n<meta name=\"robots\" content=\"index, follow, max-snippet:-1, max-image-preview:large, max-video-preview:-1\" \/>\n<link rel=\"canonical\" href=\"https:\/\/serbia.com\/srpski\/o-srbiji\/\" \/>\n<meta property=\"og:locale\" content=\"en_US\" \/>\n<meta property=\"og:type\" content=\"article\" \/>\n<meta property=\"og:title\" content=\"O Srbiji - Serbia.com\" \/>\n<meta property=\"og:description\" content=\"Srbija je zemlja jugoisto\u010dne Evrope, sme\u0161tena u srcu Balkanskog poluostrva u kojoj me\u0111u 7 miliona stanovnika uglavnom \u017eive Srbi ali i pripadnici neke od 40 razli\u010ditih nacionalnih zajednica.\" \/>\n<meta property=\"og:url\" content=\"https:\/\/serbia.com\/srpski\/o-srbiji\/\" \/>\n<meta property=\"og:site_name\" content=\"Serbia.com\" \/>\n<meta property=\"article:modified_time\" content=\"2024-06-04T13:58:12+00:00\" \/>\n<meta property=\"og:image\" content=\"https:\/\/serbia.com\/wp-content\/uploads\/2015\/07\/tara111.jpg\" \/>\n\t<meta property=\"og:image:width\" content=\"1920\" \/>\n\t<meta property=\"og:image:height\" content=\"573\" \/>\n\t<meta property=\"og:image:type\" content=\"image\/jpeg\" \/>\n<meta name=\"twitter:label1\" content=\"Est. reading time\" \/>\n\t<meta name=\"twitter:data1\" content=\"1 minute\" \/>\n<script type=\"application\/ld+json\" class=\"yoast-schema-graph\">{\"@context\":\"https:\\\/\\\/schema.org\",\"@graph\":[{\"@type\":\"WebPage\",\"@id\":\"https:\\\/\\\/serbia.com\\\/srpski\\\/o-srbiji\\\/\",\"url\":\"https:\\\/\\\/serbia.com\\\/srpski\\\/o-srbiji\\\/\",\"name\":\"O Srbiji - Serbia.com\",\"isPartOf\":{\"@id\":\"https:\\\/\\\/serbia.com\\\/#website\"},\"primaryImageOfPage\":{\"@id\":\"https:\\\/\\\/serbia.com\\\/srpski\\\/o-srbiji\\\/#primaryimage\"},\"image\":{\"@id\":\"https:\\\/\\\/serbia.com\\\/srpski\\\/o-srbiji\\\/#primaryimage\"},\"thumbnailUrl\":\"https:\\\/\\\/serbia.com\\\/wp-content\\\/uploads\\\/2015\\\/07\\\/tara111.jpg\",\"datePublished\":\"2014-02-26T17:37:38+00:00\",\"dateModified\":\"2024-06-04T13:58:12+00:00\",\"description\":\"Srbija je zemlja jugoisto\u010dne Evrope, sme\u0161tena u srcu Balkanskog poluostrva u kojoj me\u0111u 7 miliona stanovnika uglavnom \u017eive Srbi ali i pripadnici neke od 40 razli\u010ditih nacionalnih zajednica.\",\"breadcrumb\":{\"@id\":\"https:\\\/\\\/serbia.com\\\/srpski\\\/o-srbiji\\\/#breadcrumb\"},\"inLanguage\":\"srpski\",\"potentialAction\":[{\"@type\":\"ReadAction\",\"target\":[\"https:\\\/\\\/serbia.com\\\/srpski\\\/o-srbiji\\\/\"]}]},{\"@type\":\"ImageObject\",\"inLanguage\":\"srpski\",\"@id\":\"https:\\\/\\\/serbia.com\\\/srpski\\\/o-srbiji\\\/#primaryimage\",\"url\":\"https:\\\/\\\/serbia.com\\\/wp-content\\\/uploads\\\/2015\\\/07\\\/tara111.jpg\",\"contentUrl\":\"https:\\\/\\\/serbia.com\\\/wp-content\\\/uploads\\\/2015\\\/07\\\/tara111.jpg\",\"width\":1920,\"height\":573},{\"@type\":\"BreadcrumbList\",\"@id\":\"https:\\\/\\\/serbia.com\\\/srpski\\\/o-srbiji\\\/#breadcrumb\",\"itemListElement\":[{\"@type\":\"ListItem\",\"position\":1,\"name\":\"Home\",\"item\":\"https:\\\/\\\/serbia.com\\\/srpski\\\/\"},{\"@type\":\"ListItem\",\"position\":2,\"name\":\"O Srbiji\"}]},{\"@type\":\"WebSite\",\"@id\":\"https:\\\/\\\/serbia.com\\\/#website\",\"url\":\"https:\\\/\\\/serbia.com\\\/\",\"name\":\"Serbia.com\",\"description\":\"Your Gateway to Serbia\",\"potentialAction\":[{\"@type\":\"SearchAction\",\"target\":{\"@type\":\"EntryPoint\",\"urlTemplate\":\"https:\\\/\\\/serbia.com\\\/?s={search_term_string}\"},\"query-input\":{\"@type\":\"PropertyValueSpecification\",\"valueRequired\":true,\"valueName\":\"search_term_string\"}}],\"inLanguage\":\"srpski\"}]}<\/script>\n<!-- \/ Yoast SEO plugin. -->","yoast_head_json":{"title":"O Srbiji - Serbia.com","description":"Srbija je zemlja jugoisto\u010dne Evrope, sme\u0161tena u srcu Balkanskog poluostrva u kojoj me\u0111u 7 miliona stanovnika uglavnom \u017eive Srbi ali i pripadnici neke od 40 razli\u010ditih nacionalnih zajednica.","robots":{"index":"index","follow":"follow","max-snippet":"max-snippet:-1","max-image-preview":"max-image-preview:large","max-video-preview":"max-video-preview:-1"},"canonical":"https:\/\/serbia.com\/srpski\/o-srbiji\/","og_locale":"en_US","og_type":"article","og_title":"O Srbiji - Serbia.com","og_description":"Srbija je zemlja jugoisto\u010dne Evrope, sme\u0161tena u srcu Balkanskog poluostrva u kojoj me\u0111u 7 miliona stanovnika uglavnom \u017eive Srbi ali i pripadnici neke od 40 razli\u010ditih nacionalnih zajednica.","og_url":"https:\/\/serbia.com\/srpski\/o-srbiji\/","og_site_name":"Serbia.com","article_modified_time":"2024-06-04T13:58:12+00:00","og_image":[{"width":1920,"height":573,"url":"https:\/\/serbia.com\/wp-content\/uploads\/2015\/07\/tara111.jpg","type":"image\/jpeg"}],"twitter_misc":{"Est. reading time":"1 minute"},"schema":{"@context":"https:\/\/schema.org","@graph":[{"@type":"WebPage","@id":"https:\/\/serbia.com\/srpski\/o-srbiji\/","url":"https:\/\/serbia.com\/srpski\/o-srbiji\/","name":"O Srbiji - Serbia.com","isPartOf":{"@id":"https:\/\/serbia.com\/#website"},"primaryImageOfPage":{"@id":"https:\/\/serbia.com\/srpski\/o-srbiji\/#primaryimage"},"image":{"@id":"https:\/\/serbia.com\/srpski\/o-srbiji\/#primaryimage"},"thumbnailUrl":"https:\/\/serbia.com\/wp-content\/uploads\/2015\/07\/tara111.jpg","datePublished":"2014-02-26T17:37:38+00:00","dateModified":"2024-06-04T13:58:12+00:00","description":"Srbija je zemlja jugoisto\u010dne Evrope, sme\u0161tena u srcu Balkanskog poluostrva u kojoj me\u0111u 7 miliona stanovnika uglavnom \u017eive Srbi ali i pripadnici neke od 40 razli\u010ditih nacionalnih zajednica.","breadcrumb":{"@id":"https:\/\/serbia.com\/srpski\/o-srbiji\/#breadcrumb"},"inLanguage":"srpski","potentialAction":[{"@type":"ReadAction","target":["https:\/\/serbia.com\/srpski\/o-srbiji\/"]}]},{"@type":"ImageObject","inLanguage":"srpski","@id":"https:\/\/serbia.com\/srpski\/o-srbiji\/#primaryimage","url":"https:\/\/serbia.com\/wp-content\/uploads\/2015\/07\/tara111.jpg","contentUrl":"https:\/\/serbia.com\/wp-content\/uploads\/2015\/07\/tara111.jpg","width":1920,"height":573},{"@type":"BreadcrumbList","@id":"https:\/\/serbia.com\/srpski\/o-srbiji\/#breadcrumb","itemListElement":[{"@type":"ListItem","position":1,"name":"Home","item":"https:\/\/serbia.com\/srpski\/"},{"@type":"ListItem","position":2,"name":"O Srbiji"}]},{"@type":"WebSite","@id":"https:\/\/serbia.com\/#website","url":"https:\/\/serbia.com\/","name":"Serbia.com","description":"Your Gateway to Serbia","potentialAction":[{"@type":"SearchAction","target":{"@type":"EntryPoint","urlTemplate":"https:\/\/serbia.com\/?s={search_term_string}"},"query-input":{"@type":"PropertyValueSpecification","valueRequired":true,"valueName":"search_term_string"}}],"inLanguage":"srpski"}]}},"brizy_media":[],"_links":{"self":[{"href":"https:\/\/serbia.com\/srpski\/wp-json\/wp\/v2\/pages\/20144","targetHints":{"allow":["GET"]}}],"collection":[{"href":"https:\/\/serbia.com\/srpski\/wp-json\/wp\/v2\/pages"}],"about":[{"href":"https:\/\/serbia.com\/srpski\/wp-json\/wp\/v2\/types\/page"}],"author":[{"embeddable":true,"href":"https:\/\/serbia.com\/srpski\/wp-json\/wp\/v2\/users\/9"}],"replies":[{"embeddable":true,"href":"https:\/\/serbia.com\/srpski\/wp-json\/wp\/v2\/comments?post=20144"}],"version-history":[{"count":2,"href":"https:\/\/serbia.com\/srpski\/wp-json\/wp\/v2\/pages\/20144\/revisions"}],"predecessor-version":[{"id":53231,"href":"https:\/\/serbia.com\/srpski\/wp-json\/wp\/v2\/pages\/20144\/revisions\/53231"}],"wp:featuredmedia":[{"embeddable":true,"href":"https:\/\/serbia.com\/srpski\/wp-json\/wp\/v2\/media\/35149"}],"wp:attachment":[{"href":"https:\/\/serbia.com\/srpski\/wp-json\/wp\/v2\/media?parent=20144"}],"wp:term":[{"taxonomy":"category","embeddable":true,"href":"https:\/\/serbia.com\/srpski\/wp-json\/wp\/v2\/categories?post=20144"},{"taxonomy":"post_tag","embeddable":true,"href":"https:\/\/serbia.com\/srpski\/wp-json\/wp\/v2\/tags?post=20144"}],"curies":[{"name":"wp","href":"https:\/\/api.w.org\/{rel}","templated":true}]}}