{"id":10623,"date":"2013-06-12T03:04:05","date_gmt":"2013-06-12T01:04:05","guid":{"rendered":"http:\/\/www.serbia.com\/?page_id=10623"},"modified":"2025-06-25T17:24:58","modified_gmt":"2025-06-25T15:24:58","slug":"konkurs-za-studentsku-praksu","status":"publish","type":"page","link":"https:\/\/serbia.com\/srpski\/konkurs-za-studentsku-praksu\/","title":{"rendered":"Konkurs za studentsku praksu"},"content":{"rendered":"<p>Serbia.com je informativni portal koji se bavi promovisanjem prirodnih lepota Srbije, istorije, kulturne ba\u0161tine i zanimljivih destinacija i de\u0161avnja u na\u0161oj zemlji. Na\u0161a ideja vodilja je da nas svet prepoznaje po Zlatiboru, Kopaoniku, \u0110avoljoj Varo\u0161i, Dunavu, Uva\u010dkom kanjonu, Exit-u, Gu\u010di, Tesli, Andri\u0107u, \u0110okovi\u0107u, slavi, na\u0161oj tradicionalnoj kuhinji i gostoprimstvu\u2026<\/p>\n<p><strong>Opis prakse:<\/strong><\/p>\n<p>\u2022 Pisanje tekstova magazinskog formata na srpskom i engleskom jeziku u skladu sa tematikom portala;<\/p>\n<p>\u2022 Pisanje reporta\u017ea;<\/p>\n<p>\u2022 Prikupljanje i pisanje vesti i drugih tekstova vezanih za temu portal;<\/p>\n<p>\u2022 Dopisni\u0161tvo i izve\u0161tavanje o lokalnim manifestacijama.<\/p>\n<p><strong>Kriterijumi za prijavu:<\/strong><\/p>\n<p>\u2022 Odli\u010dno poznavanje usmenog i pisanog engleskog jezika,<\/p>\n<p>\u2022 Sposobnost kreativnog pisanog izra\u017eavanja na srpskom i engleskom jeziku;<\/p>\n<p>\u2022 Studenti svih Univerziteta u Beogradu, Novom Sadu, Kragujevcu, Kosovskoj Mitrovici.<\/p>\n<p><strong>Serbia.com Vam nudi:<\/strong><\/p>\n<p>\u2022 Autorsku afirmaciju,<\/p>\n<p>\u2022 Preporuku po zavr\u0161etku prakse,<\/p>\n<p>\u2022 Mogu\u0107nost dugoro\u010dne saradnje.<\/p>\n<p>Rade\u0107i na portalu Serbia.com ste\u0107i \u0107ete radno iskustvo i prakti\u010dna znanja iz novinarstva, usavr\u0161i\u0107ete svoje ve\u0161tine komunikacije i dobi\u0107ete mogu\u0107nost da Va\u0161 rad bude vrednovan i dostupan \u0161iroj javnosti.<\/p>\n<p>Prilikom prijavljivanja potrebno je poslati biografiju na ivona.vracevic@serbia.com<\/p>\n","protected":false},"excerpt":{"rendered":"<p>Serbia.com je informativni portal koji se bavi promovisanjem prirodnih lepota Srbije, istorije, kulturne ba\u0161tine i zanimljivih destinacija i de\u0161avnja u na\u0161oj zemlji. Na\u0161a ideja vodilja je da nas svet prepoznaje [&hellip;]<\/p>\n","protected":false},"author":17,"featured_media":58179,"parent":0,"menu_order":0,"comment_status":"closed","ping_status":"closed","template":"","meta":{"_acf_changed":false,"inline_featured_image":false,"_monsterinsights_skip_tracking":false,"_monsterinsights_sitenote_active":false,"_monsterinsights_sitenote_note":"","_monsterinsights_sitenote_category":0,"footnotes":""},"categories":[],"tags":[],"class_list":["post-10623","page","type-page","status-publish","has-post-thumbnail","hentry"],"acf":[],"yoast_head":"<!-- This site is optimized with the Yoast SEO plugin v23.8 - https:\/\/yoast.com\/wordpress\/plugins\/seo\/ -->\n<title>Konkurs za studentsku praksu - Serbia.com<\/title>\n<meta name=\"description\" content=\"\u201eOpi\u0161imo Srbiju zajedno!\u201c. Pozivamo vas da nam po\u0161aljete va\u0161 opis Srbije, tekst o va\u0161em selu, gradu, varo\u0161i, planini, reci, jezeru... svemu \u0161to smatrate interesantim i zna\u010dajnim iz svoje okoline, bilo da je to neki obi\u010daj, legenda, neka interesantna istorijska pri\u010da ili ruta koju \u0107ete sami osmisliti.\" \/>\n<meta name=\"robots\" content=\"index, follow, max-snippet:-1, max-image-preview:large, max-video-preview:-1\" \/>\n<link rel=\"canonical\" href=\"https:\/\/serbia.com\/srpski\/konkurs-za-studentsku-praksu\/\" \/>\n<meta property=\"og:locale\" content=\"en_US\" \/>\n<meta property=\"og:type\" content=\"article\" \/>\n<meta property=\"og:title\" content=\"Konkurs za studentsku praksu - Serbia.com\" \/>\n<meta property=\"og:description\" content=\"Serbia.com je informativni portal koji se bavi promovisanjem prirodnih lepota Srbije, istorije, kulturne ba\u0161tine i zanimljivih destinacija i de\u0161avnja u na\u0161oj zemlji. Na\u0161a ideja vodilja je da nas svet prepoznaje po Zlatiboru, Kopaoniku, \u0110avoljoj Varo\u0161i, Dunavu, Uva\u010dkom kanjonu, Exit-u, Gu\u010di, Tesli, Andri\u0107u, \u0110okovi\u0107u, slavi, na\u0161oj tradicionalnoj kuhinji i gostoprimstvu\u2026\" \/>\n<meta property=\"og:url\" content=\"https:\/\/serbia.com\/srpski\/konkurs-za-studentsku-praksu\/\" \/>\n<meta property=\"og:site_name\" content=\"Serbia.com\" \/>\n<meta property=\"article:modified_time\" content=\"2025-06-25T15:24:58+00:00\" \/>\n<meta property=\"og:image\" content=\"https:\/\/serbia.com\/wp-content\/uploads\/2025\/02\/iStock-2034929060-1280x853.jpg\" \/>\n\t<meta property=\"og:image:width\" content=\"1280\" \/>\n\t<meta property=\"og:image:height\" content=\"853\" \/>\n\t<meta property=\"og:image:type\" content=\"image\/jpeg\" \/>\n<meta name=\"twitter:label1\" content=\"Est. reading time\" \/>\n\t<meta name=\"twitter:data1\" content=\"1 minute\" \/>\n<script type=\"application\/ld+json\" class=\"yoast-schema-graph\">{\"@context\":\"https:\/\/schema.org\",\"@graph\":[{\"@type\":\"WebPage\",\"@id\":\"https:\/\/serbia.com\/srpski\/konkurs-za-studentsku-praksu\/\",\"url\":\"https:\/\/serbia.com\/srpski\/konkurs-za-studentsku-praksu\/\",\"name\":\"Konkurs za studentsku praksu - Serbia.com\",\"isPartOf\":{\"@id\":\"https:\/\/serbia.com\/#website\"},\"primaryImageOfPage\":{\"@id\":\"https:\/\/serbia.com\/srpski\/konkurs-za-studentsku-praksu\/#primaryimage\"},\"image\":{\"@id\":\"https:\/\/serbia.com\/srpski\/konkurs-za-studentsku-praksu\/#primaryimage\"},\"thumbnailUrl\":\"https:\/\/serbia.com\/wp-content\/uploads\/2025\/02\/iStock-2034929060-e1739444255492.jpg\",\"datePublished\":\"2013-06-12T01:04:05+00:00\",\"dateModified\":\"2025-06-25T15:24:58+00:00\",\"description\":\"\u201eOpi\u0161imo Srbiju zajedno!\u201c. Pozivamo vas da nam po\u0161aljete va\u0161 opis Srbije, tekst o va\u0161em selu, gradu, varo\u0161i, planini, reci, jezeru... svemu \u0161to smatrate interesantim i zna\u010dajnim iz svoje okoline, bilo da je to neki obi\u010daj, legenda, neka interesantna istorijska pri\u010da ili ruta koju \u0107ete sami osmisliti.\",\"breadcrumb\":{\"@id\":\"https:\/\/serbia.com\/srpski\/konkurs-za-studentsku-praksu\/#breadcrumb\"},\"inLanguage\":\"srpski\",\"potentialAction\":[{\"@type\":\"ReadAction\",\"target\":[\"https:\/\/serbia.com\/srpski\/konkurs-za-studentsku-praksu\/\"]}]},{\"@type\":\"ImageObject\",\"inLanguage\":\"srpski\",\"@id\":\"https:\/\/serbia.com\/srpski\/konkurs-za-studentsku-praksu\/#primaryimage\",\"url\":\"https:\/\/serbia.com\/wp-content\/uploads\/2025\/02\/iStock-2034929060-e1739444255492.jpg\",\"contentUrl\":\"https:\/\/serbia.com\/wp-content\/uploads\/2025\/02\/iStock-2034929060-e1739444255492.jpg\",\"width\":2121,\"height\":1414,\"caption\":\"Serene waters of the Sava river frame Belgrade's skyline, blending ancient architecture with modern citylife in a captivating urban scene.\"},{\"@type\":\"BreadcrumbList\",\"@id\":\"https:\/\/serbia.com\/srpski\/konkurs-za-studentsku-praksu\/#breadcrumb\",\"itemListElement\":[{\"@type\":\"ListItem\",\"position\":1,\"name\":\"Home\",\"item\":\"https:\/\/serbia.com\/srpski\/\"},{\"@type\":\"ListItem\",\"position\":2,\"name\":\"Konkurs za studentsku praksu\"}]},{\"@type\":\"WebSite\",\"@id\":\"https:\/\/serbia.com\/#website\",\"url\":\"https:\/\/serbia.com\/\",\"name\":\"Serbia.com\",\"description\":\"Your Gateway to Serbia\",\"potentialAction\":[{\"@type\":\"SearchAction\",\"target\":{\"@type\":\"EntryPoint\",\"urlTemplate\":\"https:\/\/serbia.com\/?s={search_term_string}\"},\"query-input\":{\"@type\":\"PropertyValueSpecification\",\"valueRequired\":true,\"valueName\":\"search_term_string\"}}],\"inLanguage\":\"srpski\"}]}<\/script>\n<!-- \/ Yoast SEO plugin. -->","yoast_head_json":{"title":"Konkurs za studentsku praksu - Serbia.com","description":"\u201eOpi\u0161imo Srbiju zajedno!\u201c. Pozivamo vas da nam po\u0161aljete va\u0161 opis Srbije, tekst o va\u0161em selu, gradu, varo\u0161i, planini, reci, jezeru... svemu \u0161to smatrate interesantim i zna\u010dajnim iz svoje okoline, bilo da je to neki obi\u010daj, legenda, neka interesantna istorijska pri\u010da ili ruta koju \u0107ete sami osmisliti.","robots":{"index":"index","follow":"follow","max-snippet":"max-snippet:-1","max-image-preview":"max-image-preview:large","max-video-preview":"max-video-preview:-1"},"canonical":"https:\/\/serbia.com\/srpski\/konkurs-za-studentsku-praksu\/","og_locale":"en_US","og_type":"article","og_title":"Konkurs za studentsku praksu - Serbia.com","og_description":"Serbia.com je informativni portal koji se bavi promovisanjem prirodnih lepota Srbije, istorije, kulturne ba\u0161tine i zanimljivih destinacija i de\u0161avnja u na\u0161oj zemlji. Na\u0161a ideja vodilja je da nas svet prepoznaje po Zlatiboru, Kopaoniku, \u0110avoljoj Varo\u0161i, Dunavu, Uva\u010dkom kanjonu, Exit-u, Gu\u010di, Tesli, Andri\u0107u, \u0110okovi\u0107u, slavi, na\u0161oj tradicionalnoj kuhinji i gostoprimstvu\u2026","og_url":"https:\/\/serbia.com\/srpski\/konkurs-za-studentsku-praksu\/","og_site_name":"Serbia.com","article_modified_time":"2025-06-25T15:24:58+00:00","og_image":[{"width":1280,"height":853,"url":"https:\/\/serbia.com\/wp-content\/uploads\/2025\/02\/iStock-2034929060-1280x853.jpg","type":"image\/jpeg"}],"twitter_misc":{"Est. reading time":"1 minute"},"schema":{"@context":"https:\/\/schema.org","@graph":[{"@type":"WebPage","@id":"https:\/\/serbia.com\/srpski\/konkurs-za-studentsku-praksu\/","url":"https:\/\/serbia.com\/srpski\/konkurs-za-studentsku-praksu\/","name":"Konkurs za studentsku praksu - Serbia.com","isPartOf":{"@id":"https:\/\/serbia.com\/#website"},"primaryImageOfPage":{"@id":"https:\/\/serbia.com\/srpski\/konkurs-za-studentsku-praksu\/#primaryimage"},"image":{"@id":"https:\/\/serbia.com\/srpski\/konkurs-za-studentsku-praksu\/#primaryimage"},"thumbnailUrl":"https:\/\/serbia.com\/wp-content\/uploads\/2025\/02\/iStock-2034929060-e1739444255492.jpg","datePublished":"2013-06-12T01:04:05+00:00","dateModified":"2025-06-25T15:24:58+00:00","description":"\u201eOpi\u0161imo Srbiju zajedno!\u201c. Pozivamo vas da nam po\u0161aljete va\u0161 opis Srbije, tekst o va\u0161em selu, gradu, varo\u0161i, planini, reci, jezeru... svemu \u0161to smatrate interesantim i zna\u010dajnim iz svoje okoline, bilo da je to neki obi\u010daj, legenda, neka interesantna istorijska pri\u010da ili ruta koju \u0107ete sami osmisliti.","breadcrumb":{"@id":"https:\/\/serbia.com\/srpski\/konkurs-za-studentsku-praksu\/#breadcrumb"},"inLanguage":"srpski","potentialAction":[{"@type":"ReadAction","target":["https:\/\/serbia.com\/srpski\/konkurs-za-studentsku-praksu\/"]}]},{"@type":"ImageObject","inLanguage":"srpski","@id":"https:\/\/serbia.com\/srpski\/konkurs-za-studentsku-praksu\/#primaryimage","url":"https:\/\/serbia.com\/wp-content\/uploads\/2025\/02\/iStock-2034929060-e1739444255492.jpg","contentUrl":"https:\/\/serbia.com\/wp-content\/uploads\/2025\/02\/iStock-2034929060-e1739444255492.jpg","width":2121,"height":1414,"caption":"Serene waters of the Sava river frame Belgrade's skyline, blending ancient architecture with modern citylife in a captivating urban scene."},{"@type":"BreadcrumbList","@id":"https:\/\/serbia.com\/srpski\/konkurs-za-studentsku-praksu\/#breadcrumb","itemListElement":[{"@type":"ListItem","position":1,"name":"Home","item":"https:\/\/serbia.com\/srpski\/"},{"@type":"ListItem","position":2,"name":"Konkurs za studentsku praksu"}]},{"@type":"WebSite","@id":"https:\/\/serbia.com\/#website","url":"https:\/\/serbia.com\/","name":"Serbia.com","description":"Your Gateway to Serbia","potentialAction":[{"@type":"SearchAction","target":{"@type":"EntryPoint","urlTemplate":"https:\/\/serbia.com\/?s={search_term_string}"},"query-input":{"@type":"PropertyValueSpecification","valueRequired":true,"valueName":"search_term_string"}}],"inLanguage":"srpski"}]}},"_links":{"self":[{"href":"https:\/\/serbia.com\/srpski\/wp-json\/wp\/v2\/pages\/10623"}],"collection":[{"href":"https:\/\/serbia.com\/srpski\/wp-json\/wp\/v2\/pages"}],"about":[{"href":"https:\/\/serbia.com\/srpski\/wp-json\/wp\/v2\/types\/page"}],"author":[{"embeddable":true,"href":"https:\/\/serbia.com\/srpski\/wp-json\/wp\/v2\/users\/17"}],"replies":[{"embeddable":true,"href":"https:\/\/serbia.com\/srpski\/wp-json\/wp\/v2\/comments?post=10623"}],"version-history":[{"count":1,"href":"https:\/\/serbia.com\/srpski\/wp-json\/wp\/v2\/pages\/10623\/revisions"}],"predecessor-version":[{"id":60999,"href":"https:\/\/serbia.com\/srpski\/wp-json\/wp\/v2\/pages\/10623\/revisions\/60999"}],"wp:featuredmedia":[{"embeddable":true,"href":"https:\/\/serbia.com\/srpski\/wp-json\/wp\/v2\/media\/58179"}],"wp:attachment":[{"href":"https:\/\/serbia.com\/srpski\/wp-json\/wp\/v2\/media?parent=10623"}],"wp:term":[{"taxonomy":"category","embeddable":true,"href":"https:\/\/serbia.com\/srpski\/wp-json\/wp\/v2\/categories?post=10623"},{"taxonomy":"post_tag","embeddable":true,"href":"https:\/\/serbia.com\/srpski\/wp-json\/wp\/v2\/tags?post=10623"}],"curies":[{"name":"wp","href":"https:\/\/api.w.org\/{rel}","templated":true}]}}